{"id":10045,"date":"2026-02-25T16:56:50","date_gmt":"2026-02-25T16:56:50","guid":{"rendered":"https:\/\/www.pondlehocky.com\/?page_id=10045"},"modified":"2026-02-25T17:15:17","modified_gmt":"2026-02-25T17:15:17","slug":"lesiones-de-tejidos-blandos","status":"publish","type":"page","link":"https:\/\/www.pondlehocky.com\/es\/lesiones\/lesiones-de-tejidos-blandos\/","title":{"rendered":"Abogados especializados en indemnizaciones laborales por lesiones de tejidos blandos"},"content":{"rendered":"    <section class=\"pl-block pl-block-key-takeaways\">\n                <div class=\"pl-module pl-module-key-takeaways bg-blue-dark mb-10\">\n            <div class=\"flex justify-between items-center gap-4 bg-yellow py-6 md:py-9 px-6 md:px-12\">\n                <div class=\"text-5xl md:text-6xl leading-9 font-serif text-blue-dark font-bold\">\n                    <h3><span class=\"ez-toc-section\" id=\"Puntos_Clave\"><\/span>Puntos Clave<span class=\"ez-toc-section-end\"><\/span><\/h3>\n                <\/div>\n\n                            <\/div>\n            <div class=\"py-6 md:py-9 px-6 md:px-12\">\n\n                <div class=\"pl-t pl-t--white\">\n                    <ul>\n<li>Las lesiones de tejidos blandos, incluidos esguinces, distensiones y da\u00f1os en tendones o ligamentos, pueden calificar para beneficios de compensaci\u00f3n laboral cuando son causadas por accidentes en el lugar de trabajo o por tareas repetitivas.<\/li>\n<li>Estas reclamaciones a menudo requieren documentaci\u00f3n m\u00e9dica s\u00f3lida y apoyo legal, ya que las compa\u00f1\u00edas de seguros frecuentemente cuestionan la gravedad o la naturaleza laboral de las lesiones de tejidos blandos.<\/li>\n<li>Los beneficios de compensaci\u00f3n laboral pueden incluir tratamiento m\u00e9dico, reemplazo de ingresos y rehabilitaci\u00f3n, y la representaci\u00f3n legal puede ayudar a asegurar una compensaci\u00f3n completa y a impugnar reclamaciones denegadas o infravaloradas.<\/li>\n<\/ul>\n                <\/div>\n\n                            <\/div>\n        <\/div>\n    <\/section>\n\n\n    <section class=\"pl-block pl-raw-content mb-7 pl-t [&#038;.border-t-2]:pt-8 border-t-2 border-gray\/90 \">\n        <p><a href=\"https:\/\/www.hopkinsmedicine.org\/health\/conditions-and-diseases\/softtissue-injuries\" target=\"_blank\" rel=\"noopener\">Las lesiones de tejidos blandos<\/a> se encuentran entre los tipos de lesiones laborales m\u00e1s comunes, pero a menudo se malinterpretan. Pueden variar desde <a href=\"https:\/\/www.pennmedicine.org\/conditions\/sprains\" target=\"_blank\" rel=\"noopener\">esguinces<\/a> y <a href=\"https:\/\/www.mayoclinic.org\/diseases-conditions\/muscle-strains\/symptoms-causes\/syc-20450507\" target=\"_blank\" rel=\"noopener\">distensiones<\/a> hasta desgarros en m\u00fasculos, ligamentos y tendones. Aunque estas lesiones pueden no ser tan visibles como los huesos rotos o las laceraciones, pueden ser igual de debilitantes y, si no se tratan, pueden provocar <a href=\"https:\/\/www.ncbi.nlm.nih.gov\/books\/NBK553030\/\" target=\"_blank\" rel=\"noopener\">dolor cr\u00f3nico<\/a>, movilidad reducida y complicaciones a largo plazo.<\/p>\n<p>Si ha sufrido una lesi\u00f3n de tejidos blandos en el trabajo, es fundamental que conozca sus derechos y las prestaciones a las que puede tener derecho en virtud de las <a href=\"https:\/\/www.pa.gov\/agencies\/dli\/programs-services\/workers-compensation\" target=\"_blank\" rel=\"noopener\">leyes de indemnizaci\u00f3n laboral de Pensilvania<\/a>. Un <a href=\"https:\/\/www.pondlehocky.com\/es\/lesiones\/esguinces-y-distensiones\/\">abogado especializado en lesiones de tejidos blandos<\/a> puede guiarle a lo largo del proceso y ayudarle a luchar por la indemnizaci\u00f3n que necesita para recuperarse.<\/p>\n    <\/section>\n\n\n\n    <section class=\"pl-block pl-raw-content mb-7 pl-t [&#038;.border-t-2]:pt-8 border-t-2 border-gray\/90 \">\n        <h2><span class=\"ez-toc-section\" id=\"%C2%BFPor_que_necesita_un_abogado_especializado_en_lesiones_de_tejidos_blandos\"><\/span>\u00bfPor qu\u00e9 necesita un abogado especializado en lesiones de tejidos blandos?<span class=\"ez-toc-section-end\"><\/span><\/h2>\n<p>Las reclamaciones de indemnizaci\u00f3n laboral por lesiones de tejidos blandos pueden ser complicadas. A diferencia de las fracturas o las laceraciones, las lesiones de tejidos blandos suelen basarse en historiales m\u00e9dicos, pruebas de diagn\u00f3stico por imagen y testimonios de expertos para demostrar su gravedad y su relaci\u00f3n con las condiciones del lugar de trabajo. Un abogado especializado en lesiones de tejidos blandos puede ayudarle a:<\/p>\n<ul>\n<li>Documentar su lesi\u00f3n con profesionales m\u00e9dicos cualificados.<\/li>\n<li>Comprender el proceso de indemnizaci\u00f3n laboral de Pensilvania.<\/li>\n<li>Impugnar los retrasos o denegaciones de la compa\u00f1\u00eda de seguros.<\/li>\n<li>Maximizar la indemnizaci\u00f3n por gastos m\u00e9dicos, salarios perdidos y rehabilitaci\u00f3n.<\/li>\n<\/ul>\n<p>Las compa\u00f1\u00edas de seguros a veces restan importancia a las lesiones de tejidos blandos porque son menos visibles. Contar con un abogado que comprenda estas t\u00e1cticas puede marcar la diferencia entre una reclamaci\u00f3n denegada y la obtenci\u00f3n de todas las prestaciones.<\/p>\n    <\/section>\n\n\n\n    <section class=\"pl-block pl-raw-content mb-7 pl-t [&#038;.border-t-2]:pt-8 border-t-2 border-gray\/90 \">\n        <h2><span class=\"ez-toc-section\" id=\"%C2%BFComo_se_presenta_una_reclamacion_de_indemnizacion_laboral_por_una_lesion_de_tejidos_blandos\"><\/span>\u00bfC\u00f3mo se presenta una reclamaci\u00f3n de indemnizaci\u00f3n laboral por una lesi\u00f3n de tejidos blandos?<span class=\"ez-toc-section-end\"><\/span><\/h2>\n<p>El proceso para presentar una reclamaci\u00f3n de indemnizaci\u00f3n laboral por lesiones de tejidos blandos suele seguir el siguiente proceso:<\/p>\n<ol>\n<li>Informe inmediatamente de su lesi\u00f3n a su empleador, aunque parezca leve.<\/li>\n<li>Busque atenci\u00f3n m\u00e9dica de un m\u00e9dico autorizado por las directrices de <a href=\"https:\/\/www.pondlehocky.com\/es\/areas-de-practica\/indemnizacion-por-accidente-de-trabajo\/\">indemnizaci\u00f3n laboral<\/a>.<\/li>\n<li>Documente sus s\u00edntomas y limitaciones a medida que aparezcan.<\/li>\n<li>Presente una reclamaci\u00f3n formal ante la Oficina de Indemnizaci\u00f3n Laboral de Pensilvania.<\/li>\n<li>Colabore con su abogado para responder a las consultas, apelaciones o audiencias de la aseguradora.<\/li>\n<\/ol>\n<p>Un abogado se asegura de que todos los pasos se completen correctamente y a tiempo, evitando errores costosos que podr\u00edan retrasar o reducir sus prestaciones.<\/p>\n    <\/section>\n\n\n\n    <section class=\"pl-block pl-raw-content mb-7 pl-t [&#038;.border-t-2]:pt-8 border-t-2 border-gray\/90 \">\n        <h2><span class=\"ez-toc-section\" id=\"%C2%BFQue_es_una_lesion_de_tejidos_blandos\"><\/span>\u00bfQu\u00e9 es una lesi\u00f3n de tejidos blandos?<span class=\"ez-toc-section-end\"><\/span><\/h2>\n<p>Una lesi\u00f3n de tejidos blandos afecta a los m\u00fasculos, ligamentos y tendones que sostienen las articulaciones y los huesos. Los tipos m\u00e1s comunes son:<\/p>\n<ul>\n<li>Distensiones musculares causadas por levantar objetos pesados de forma incorrecta.<\/li>\n<li>Esguinces de ligamentos por resbalones, tropiezos o ca\u00eddas.<\/li>\n<li>Lesiones de tendones por movimientos repetitivos, como escribir a m\u00e1quina o trabajar en una cadena de montaje.<\/li>\n<\/ul>\n<p>Las lesiones de tejidos blandos en el lugar de trabajo suelen desarrollarse gradualmente debido al estr\u00e9s repetitivo o a incidentes repentinos, como <a href=\"https:\/\/www.pondlehocky.com\/es\/areas-de-practica\/asuntos-de-danos-personales\/casos-de-resbalones-y-caidas\/\">ca\u00eddas<\/a> o <a href=\"https:\/\/www.pondlehocky.com\/es\/areas-de-practica\/asuntos-de-danos-personales\/accidentes-automovilisticos-y-de-trafico\/\">colisiones<\/a>. Dado que estas lesiones pueden no mostrar signos evidentes en las radiograf\u00edas o en las pruebas m\u00e9dicas est\u00e1ndar, la documentaci\u00f3n y la evaluaci\u00f3n de un experto son muy valiosas a la hora de presentar una reclamaci\u00f3n de indemnizaci\u00f3n laboral.<\/p>\n    <\/section>\n\n\n\n    <section class=\"pl-block pl-highlighted-header-content-block mb-12 mt-8 pt-6 pb-3 md:pt-9 md:pb-3 px-6 md:px-12 bg-blue-dark\">\n\n                    <div class=\"pl-t pl-t--white pl-header--underline w-full mb-6\" data-inviewport>\n                <h3><span class=\"ez-toc-section\" id=\"Sintomas_de_las_lesiones_de_tejidos_blandos\"><\/span>S\u00edntomas de las lesiones de tejidos blandos<span class=\"ez-toc-section-end\"><\/span><\/h3>\n            <\/div>\n        \n                    <div class=\"pl-t pl-t--white pl-t--nested-list\">\n                <p>Reconocer una lesi\u00f3n de tejidos blandos es el primer paso para el tratamiento y la protecci\u00f3n legal. Los s\u00edntomas pueden incluir:<\/p>\n<ul>\n<li>Dolor, sensibilidad o hinchaz\u00f3n alrededor de los m\u00fasculos o las articulaciones.<\/li>\n<li>Limitaci\u00f3n del rango de movimiento.<\/li>\n<li>Rigidez o dificultad para realizar las tareas laborales normales.<\/li>\n<li>Hematomas o inflamaci\u00f3n visible.<\/li>\n<\/ul>\n<p>Si nota estos s\u00edntomas despu\u00e9s de un accidente laboral, es importante que acuda inmediatamente a una evaluaci\u00f3n m\u00e9dica. La documentaci\u00f3n inmediata refuerza su reclamaci\u00f3n de indemnizaci\u00f3n laboral y garantiza que su lesi\u00f3n sea reconocida oficialmente.<\/p>\n            <\/div>\n        \n        \n    <\/section>\n\n\n    <section class=\"pl-block pl-raw-content mb-7 pl-t [&#038;.border-t-2]:pt-8 border-t-2 border-gray\/90 \">\n        <h2><span class=\"ez-toc-section\" id=\"Efectos_a_largo_plazo_de_las_lesiones_de_tejidos_blandos_no_tratadas\"><\/span>Efectos a largo plazo de las lesiones de tejidos blandos no tratadas<span class=\"ez-toc-section-end\"><\/span><\/h2>\n<p>Las lesiones de tejidos blandos pueden ser enga\u00f1osamente graves. Sin el tratamiento adecuado, puede experimentar:<\/p>\n<ul>\n<li>Dolor cr\u00f3nico que afecta a la vida diaria<\/li>\n<li>Debilidad permanente o movilidad reducida<\/li>\n<li>Lesiones recurrentes debido a la compensaci\u00f3n de la lesi\u00f3n inicial<\/li>\n<li>Estr\u00e9s emocional o ansiedad relacionados con el dolor cr\u00f3nico<\/li>\n<\/ul>\n<p>La indemnizaci\u00f3n por accidente laboral est\u00e1 dise\u00f1ada para proteger a los empleados lesionados, pero necesita un defensor para asegurarse de que su reclamaci\u00f3n refleje el verdadero impacto de su lesi\u00f3n.<\/p>\n    <\/section>\n\n\n\n    <section class=\"pl-block pl-raw-content mb-7 pl-t [&#038;.border-t-2]:pt-8 border-t-2 border-gray\/90 \">\n        <h2><span class=\"ez-toc-section\" id=\"Causas_comunes_de_lesiones_de_tejidos_blandos_en_el_lugar_de_trabajo\"><\/span>Causas comunes de lesiones de tejidos blandos en el lugar de trabajo<span class=\"ez-toc-section-end\"><\/span><\/h2>\n<p>Las lesiones de tejidos blandos pueden ocurrir en casi cualquier entorno laboral, pero algunos trabajos conllevan mayores riesgos. Algunos ejemplos son:<\/p>\n<ul>\n<li><strong>Trabajadores de oficina<\/strong>: lesiones por esfuerzo repetitivo, como el s\u00edndrome del t\u00fanel carpiano, por escribir a m\u00e1quina o por una ergonom\u00eda deficiente<\/li>\n<li><strong>Construcci\u00f3n y fabricaci\u00f3n<\/strong>: levantar, agacharse o girar de forma incorrecta<\/li>\n<li><strong>Trabajadores sanitarios<\/strong>: esguinces por mover pacientes o equipos pesados<\/li>\n<li><strong>Industrias minoristas y de servicios<\/strong>: resbalones, tropiezos y ca\u00eddas en superficies mojadas o irregulares<\/li>\n<\/ul>\n<p>Incluso una lesi\u00f3n aparentemente leve puede convertirse en una afecci\u00f3n a largo plazo si no se trata adecuadamente. Los trabajadores suelen subestimar estas lesiones, lo que retrasa la atenci\u00f3n m\u00e9dica y complica las reclamaciones de indemnizaci\u00f3n.<\/p>\n    <\/section>\n\n\n\n    <section class=\"pl-block pl-raw-content mb-7 pl-t [&#038;.border-t-2]:pt-8 border-t-2 border-gray\/90 \">\n        <h2><span class=\"ez-toc-section\" id=\"Como_ayuda_Pond_Lehocky_a_los_trabajadores_de_Pensilvania\"><\/span>C\u00f3mo ayuda Pond Lehocky a los trabajadores de Pensilvania<span class=\"ez-toc-section-end\"><\/span><\/h2>\n<p>En Pond Lehocky, nuestro equipo tiene una amplia experiencia en la representaci\u00f3n de empleados con lesiones de tejidos blandos en el lugar de trabajo. Sabemos c\u00f3mo construir un caso s\u00f3lido, desde la documentaci\u00f3n m\u00e9dica hasta las audiencias ante el juez de indemnizaci\u00f3n laboral.<\/p>\n<p>Nuestros abogados ofrecen orientaci\u00f3n personalizada para:<\/p>\n<ul>\n<li>Esguinces, distensiones y lesiones por movimientos repetitivos<\/li>\n<li>Lesiones de tejidos blandos en la espalda, los hombros, el cuello y las rodillas<\/li>\n<li>Lesiones que requieren atenci\u00f3n m\u00e9dica continua o fisioterapia<\/li>\n<li>Recursos de apelaci\u00f3n por reclamaciones denegadas o pagadas por debajo de lo debido<\/li>\n<\/ul>\n<p>Nosotros nos encargamos de los aspectos legales para que usted pueda centrarse en su recuperaci\u00f3n, asegur\u00e1ndonos de que reciba las prestaciones a las que tiene derecho por ley, incluidos los gastos m\u00e9dicos, la sustituci\u00f3n del salario y la rehabilitaci\u00f3n profesional cuando sea necesario.<\/p>\n    <\/section>\n\n\n\n    <section class=\"pl-block pl-raw-content mb-7 pl-t [&#038;.border-t-2]:pt-8 border-t-2 border-gray\/90 \">\n        <h2><span class=\"ez-toc-section\" id=\"Obtener_ayuda_despues_de_una_lesion_de_tejidos_blandos_en_el_lugar_de_trabajo\"><\/span>Obtener ayuda despu\u00e9s de una lesi\u00f3n de tejidos blandos en el lugar de trabajo<span class=\"ez-toc-section-end\"><\/span><\/h2>\n<p>Si ha sufrido una lesi\u00f3n de tejidos blandos en el trabajo, es importante actuar con rapidez. <a href=\"https:\/\/www.pondlehocky.com\/es\/contacte-con\/\">P\u00f3ngase en contacto con Pond Lehocky<\/a> para programar una consulta con un abogado especializado en lesiones de tejidos blandos. Nuestro equipo revisar\u00e1 su caso, le explicar\u00e1 sus derechos seg\u00fan la legislaci\u00f3n de Pensilvania y le ayudar\u00e1 a obtener la indemnizaci\u00f3n que se merece.<\/p>\n    <\/section>\n\n","protected":false},"excerpt":{"rendered":"","protected":false},"author":44,"featured_media":10044,"parent":8309,"menu_order":0,"comment_status":"closed","ping_status":"closed","template":"page-sidebar.php","meta":{"_acf_changed":true,"footnotes":"","_elementor_data":""},"class_list":["post-10045","page","type-page","status-publish","has-post-thumbnail","hentry"],"acf":[],"page_builder_type":"gutenberg","gutenberg_data":[],"yoast_head":"<!-- This site is optimized with the Yoast SEO Premium plugin v27.4 (Yoast SEO v27.4) - https:\/\/yoast.com\/product\/yoast-seo-premium-wordpress\/ -->\n<title>Resumen de abogados de compensaci\u00f3n laboral para lesiones de tejidos blandos | Pond Lehocky Giordano, Inc.<\/title>\n<meta name=\"description\" content=\"Encuentre abogados con experiencia en compensaci\u00f3n laboral para lesiones de tejidos blandos que le ayuden a gestionar su caso de manera eficiente.\" \/>\n<meta name=\"robots\" content=\"index, follow, max-snippet:-1, max-image-preview:large, max-video-preview:-1\" \/>\n<link rel=\"canonical\" href=\"https:\/\/www.pondlehocky.com\/es\/lesiones\/lesiones-de-tejidos-blandos\/\" \/>\n<meta property=\"og:locale\" content=\"es_ES\" \/>\n<meta property=\"og:type\" content=\"article\" \/>\n<meta property=\"og:title\" content=\"Abogados especializados en indemnizaciones laborales por lesiones de tejidos blandos\" \/>\n<meta property=\"og:description\" content=\"Encuentre abogados con experiencia en compensaci\u00f3n laboral para lesiones de tejidos blandos que le ayuden a gestionar su caso de manera eficiente.\" \/>\n<meta property=\"og:url\" content=\"https:\/\/www.pondlehocky.com\/es\/lesiones\/lesiones-de-tejidos-blandos\/\" \/>\n<meta property=\"og:site_name\" content=\"Pond Lehocky Giordano, Inc.\" \/>\n<meta property=\"article:publisher\" content=\"https:\/\/www.instagram.com\/pondlehocky\/\" \/>\n<meta property=\"article:modified_time\" content=\"2026-02-25T17:15:17+00:00\" \/>\n<meta property=\"og:image\" content=\"https:\/\/www.pondlehocky.com\/wp-content\/uploads\/2026\/02\/getty-images-I0tgMq10iAE-unsplash-scaled.jpg\" \/>\n\t<meta property=\"og:image:width\" content=\"2560\" \/>\n\t<meta property=\"og:image:height\" content=\"1707\" \/>\n\t<meta property=\"og:image:type\" content=\"image\/jpeg\" \/>\n<meta name=\"twitter:card\" content=\"summary_large_image\" \/>\n<script type=\"application\/ld+json\" class=\"yoast-schema-graph\">{\"@context\":\"https:\\\/\\\/schema.org\",\"@graph\":[{\"@type\":\"WebPage\",\"@id\":\"https:\\\/\\\/www.pondlehocky.com\\\/es\\\/lesiones\\\/lesiones-de-tejidos-blandos\\\/\",\"url\":\"https:\\\/\\\/www.pondlehocky.com\\\/es\\\/lesiones\\\/lesiones-de-tejidos-blandos\\\/\",\"name\":\"Resumen de abogados de compensaci\u00f3n laboral para lesiones de tejidos blandos | Pond Lehocky Giordano, Inc.\",\"isPartOf\":{\"@id\":\"https:\\\/\\\/www.pondlehocky.com\\\/es\\\/#website\"},\"primaryImageOfPage\":{\"@id\":\"https:\\\/\\\/www.pondlehocky.com\\\/es\\\/lesiones\\\/lesiones-de-tejidos-blandos\\\/#primaryimage\"},\"image\":{\"@id\":\"https:\\\/\\\/www.pondlehocky.com\\\/es\\\/lesiones\\\/lesiones-de-tejidos-blandos\\\/#primaryimage\"},\"thumbnailUrl\":\"https:\\\/\\\/www.pondlehocky.com\\\/wp-content\\\/uploads\\\/2026\\\/02\\\/getty-images-I0tgMq10iAE-unsplash-scaled.jpg\",\"datePublished\":\"2026-02-25T16:56:50+00:00\",\"dateModified\":\"2026-02-25T17:15:17+00:00\",\"description\":\"Encuentre abogados con experiencia en compensaci\u00f3n laboral para lesiones de tejidos blandos que le ayuden a gestionar su caso de manera eficiente.\",\"breadcrumb\":{\"@id\":\"https:\\\/\\\/www.pondlehocky.com\\\/es\\\/lesiones\\\/lesiones-de-tejidos-blandos\\\/#breadcrumb\"},\"inLanguage\":\"es\",\"potentialAction\":[{\"@type\":\"ReadAction\",\"target\":[\"https:\\\/\\\/www.pondlehocky.com\\\/es\\\/lesiones\\\/lesiones-de-tejidos-blandos\\\/\"]}]},{\"@type\":\"ImageObject\",\"inLanguage\":\"es\",\"@id\":\"https:\\\/\\\/www.pondlehocky.com\\\/es\\\/lesiones\\\/lesiones-de-tejidos-blandos\\\/#primaryimage\",\"url\":\"https:\\\/\\\/www.pondlehocky.com\\\/wp-content\\\/uploads\\\/2026\\\/02\\\/getty-images-I0tgMq10iAE-unsplash-scaled.jpg\",\"contentUrl\":\"https:\\\/\\\/www.pondlehocky.com\\\/wp-content\\\/uploads\\\/2026\\\/02\\\/getty-images-I0tgMq10iAE-unsplash-scaled.jpg\",\"width\":2560,\"height\":1707,\"caption\":\"Office worker wearing glasses sitting at a desk with a laptop and tall stacks of paperwork, tilting her head and holding her neck in discomfort, with charts on the wall and a desk lamp illuminating the cluttered workspace.\"},{\"@type\":\"BreadcrumbList\",\"@id\":\"https:\\\/\\\/www.pondlehocky.com\\\/es\\\/lesiones\\\/lesiones-de-tejidos-blandos\\\/#breadcrumb\",\"itemListElement\":[{\"@type\":\"ListItem\",\"position\":1,\"name\":\"Home\",\"item\":\"https:\\\/\\\/www.pondlehocky.com\\\/es\\\/homepage\\\/\"},{\"@type\":\"ListItem\",\"position\":2,\"name\":\"Lesiones\",\"item\":\"https:\\\/\\\/www.pondlehocky.com\\\/es\\\/lesiones\\\/\"},{\"@type\":\"ListItem\",\"position\":3,\"name\":\"Abogados especializados en indemnizaciones laborales por lesiones de tejidos blandos\"}]},{\"@type\":\"WebSite\",\"@id\":\"https:\\\/\\\/www.pondlehocky.com\\\/es\\\/#website\",\"url\":\"https:\\\/\\\/www.pondlehocky.com\\\/es\\\/\",\"name\":\"Pond Lehocky Giordano, Inc.\",\"description\":\"Largest workers\u2019 compensation and Social Security disability law firm in Pennsylvania\",\"publisher\":{\"@id\":\"https:\\\/\\\/www.pondlehocky.com\\\/es\\\/#organization\"},\"alternateName\":\"Pond Lehocky Giordano, Inc.\",\"potentialAction\":[{\"@type\":\"SearchAction\",\"target\":{\"@type\":\"EntryPoint\",\"urlTemplate\":\"https:\\\/\\\/www.pondlehocky.com\\\/es\\\/?s={search_term_string}\"},\"query-input\":{\"@type\":\"PropertyValueSpecification\",\"valueRequired\":true,\"valueName\":\"search_term_string\"}}],\"inLanguage\":\"es\"},{\"@type\":\"Organization\",\"@id\":\"https:\\\/\\\/www.pondlehocky.com\\\/es\\\/#organization\",\"name\":\"Pond Lehocky Giordano, Inc\",\"alternateName\":\"Pond Lehocky Giordano, Inc.\",\"url\":\"https:\\\/\\\/www.pondlehocky.com\\\/es\\\/\",\"logo\":{\"@type\":\"ImageObject\",\"inLanguage\":\"es\",\"@id\":\"https:\\\/\\\/www.pondlehocky.com\\\/es\\\/#\\\/schema\\\/logo\\\/image\\\/\",\"url\":\"https:\\\/\\\/www.pondlehocky.com\\\/wp-content\\\/uploads\\\/2024\\\/04\\\/pond-lehocky-logo.png\",\"contentUrl\":\"https:\\\/\\\/www.pondlehocky.com\\\/wp-content\\\/uploads\\\/2024\\\/04\\\/pond-lehocky-logo.png\",\"width\":355,\"height\":28,\"caption\":\"Pond Lehocky Giordano, Inc\"},\"image\":{\"@id\":\"https:\\\/\\\/www.pondlehocky.com\\\/es\\\/#\\\/schema\\\/logo\\\/image\\\/\"},\"sameAs\":[\"https:\\\/\\\/www.instagram.com\\\/pondlehocky\\\/\",\"https:\\\/\\\/www.youtube.com\\\/user\\\/pondlehocky\",\"https:\\\/\\\/www.tiktok.com\\\/@pondlehockygiordano\",\"https:\\\/\\\/www.facebook.com\\\/PondLehocky\",\"https:\\\/\\\/www.linkedin.com\\\/company\\\/pond-lehocky-giordano\\\/\"]}]}<\/script>\n<!-- \/ Yoast SEO Premium plugin. -->","yoast_head_json":{"title":"Resumen de abogados de compensaci\u00f3n laboral para lesiones de tejidos blandos | Pond Lehocky Giordano, Inc.","description":"Encuentre abogados con experiencia en compensaci\u00f3n laboral para lesiones de tejidos blandos que le ayuden a gestionar su caso de manera eficiente.","robots":{"index":"index","follow":"follow","max-snippet":"max-snippet:-1","max-image-preview":"max-image-preview:large","max-video-preview":"max-video-preview:-1"},"canonical":"https:\/\/www.pondlehocky.com\/es\/lesiones\/lesiones-de-tejidos-blandos\/","og_locale":"es_ES","og_type":"article","og_title":"Abogados especializados en indemnizaciones laborales por lesiones de tejidos blandos","og_description":"Encuentre abogados con experiencia en compensaci\u00f3n laboral para lesiones de tejidos blandos que le ayuden a gestionar su caso de manera eficiente.","og_url":"https:\/\/www.pondlehocky.com\/es\/lesiones\/lesiones-de-tejidos-blandos\/","og_site_name":"Pond Lehocky Giordano, Inc.","article_publisher":"https:\/\/www.instagram.com\/pondlehocky\/","article_modified_time":"2026-02-25T17:15:17+00:00","og_image":[{"width":2560,"height":1707,"url":"https:\/\/www.pondlehocky.com\/wp-content\/uploads\/2026\/02\/getty-images-I0tgMq10iAE-unsplash-scaled.jpg","type":"image\/jpeg"}],"twitter_card":"summary_large_image","schema":{"@context":"https:\/\/schema.org","@graph":[{"@type":"WebPage","@id":"https:\/\/www.pondlehocky.com\/es\/lesiones\/lesiones-de-tejidos-blandos\/","url":"https:\/\/www.pondlehocky.com\/es\/lesiones\/lesiones-de-tejidos-blandos\/","name":"Resumen de abogados de compensaci\u00f3n laboral para lesiones de tejidos blandos | Pond Lehocky Giordano, Inc.","isPartOf":{"@id":"https:\/\/www.pondlehocky.com\/es\/#website"},"primaryImageOfPage":{"@id":"https:\/\/www.pondlehocky.com\/es\/lesiones\/lesiones-de-tejidos-blandos\/#primaryimage"},"image":{"@id":"https:\/\/www.pondlehocky.com\/es\/lesiones\/lesiones-de-tejidos-blandos\/#primaryimage"},"thumbnailUrl":"https:\/\/www.pondlehocky.com\/wp-content\/uploads\/2026\/02\/getty-images-I0tgMq10iAE-unsplash-scaled.jpg","datePublished":"2026-02-25T16:56:50+00:00","dateModified":"2026-02-25T17:15:17+00:00","description":"Encuentre abogados con experiencia en compensaci\u00f3n laboral para lesiones de tejidos blandos que le ayuden a gestionar su caso de manera eficiente.","breadcrumb":{"@id":"https:\/\/www.pondlehocky.com\/es\/lesiones\/lesiones-de-tejidos-blandos\/#breadcrumb"},"inLanguage":"es","potentialAction":[{"@type":"ReadAction","target":["https:\/\/www.pondlehocky.com\/es\/lesiones\/lesiones-de-tejidos-blandos\/"]}]},{"@type":"ImageObject","inLanguage":"es","@id":"https:\/\/www.pondlehocky.com\/es\/lesiones\/lesiones-de-tejidos-blandos\/#primaryimage","url":"https:\/\/www.pondlehocky.com\/wp-content\/uploads\/2026\/02\/getty-images-I0tgMq10iAE-unsplash-scaled.jpg","contentUrl":"https:\/\/www.pondlehocky.com\/wp-content\/uploads\/2026\/02\/getty-images-I0tgMq10iAE-unsplash-scaled.jpg","width":2560,"height":1707,"caption":"Office worker wearing glasses sitting at a desk with a laptop and tall stacks of paperwork, tilting her head and holding her neck in discomfort, with charts on the wall and a desk lamp illuminating the cluttered workspace."},{"@type":"BreadcrumbList","@id":"https:\/\/www.pondlehocky.com\/es\/lesiones\/lesiones-de-tejidos-blandos\/#breadcrumb","itemListElement":[{"@type":"ListItem","position":1,"name":"Home","item":"https:\/\/www.pondlehocky.com\/es\/homepage\/"},{"@type":"ListItem","position":2,"name":"Lesiones","item":"https:\/\/www.pondlehocky.com\/es\/lesiones\/"},{"@type":"ListItem","position":3,"name":"Abogados especializados en indemnizaciones laborales por lesiones de tejidos blandos"}]},{"@type":"WebSite","@id":"https:\/\/www.pondlehocky.com\/es\/#website","url":"https:\/\/www.pondlehocky.com\/es\/","name":"Pond Lehocky Giordano, Inc.","description":"Largest workers\u2019 compensation and Social Security disability law firm in Pennsylvania","publisher":{"@id":"https:\/\/www.pondlehocky.com\/es\/#organization"},"alternateName":"Pond Lehocky Giordano, Inc.","potentialAction":[{"@type":"SearchAction","target":{"@type":"EntryPoint","urlTemplate":"https:\/\/www.pondlehocky.com\/es\/?s={search_term_string}"},"query-input":{"@type":"PropertyValueSpecification","valueRequired":true,"valueName":"search_term_string"}}],"inLanguage":"es"},{"@type":"Organization","@id":"https:\/\/www.pondlehocky.com\/es\/#organization","name":"Pond Lehocky Giordano, Inc","alternateName":"Pond Lehocky Giordano, Inc.","url":"https:\/\/www.pondlehocky.com\/es\/","logo":{"@type":"ImageObject","inLanguage":"es","@id":"https:\/\/www.pondlehocky.com\/es\/#\/schema\/logo\/image\/","url":"https:\/\/www.pondlehocky.com\/wp-content\/uploads\/2024\/04\/pond-lehocky-logo.png","contentUrl":"https:\/\/www.pondlehocky.com\/wp-content\/uploads\/2024\/04\/pond-lehocky-logo.png","width":355,"height":28,"caption":"Pond Lehocky Giordano, Inc"},"image":{"@id":"https:\/\/www.pondlehocky.com\/es\/#\/schema\/logo\/image\/"},"sameAs":["https:\/\/www.instagram.com\/pondlehocky\/","https:\/\/www.youtube.com\/user\/pondlehocky","https:\/\/www.tiktok.com\/@pondlehockygiordano","https:\/\/www.facebook.com\/PondLehocky","https:\/\/www.linkedin.com\/company\/pond-lehocky-giordano\/"]}]}},"_links":{"self":[{"href":"https:\/\/www.pondlehocky.com\/es\/wp-json\/wp\/v2\/pages\/10045","targetHints":{"allow":["GET"]}}],"collection":[{"href":"https:\/\/www.pondlehocky.com\/es\/wp-json\/wp\/v2\/pages"}],"about":[{"href":"https:\/\/www.pondlehocky.com\/es\/wp-json\/wp\/v2\/types\/page"}],"author":[{"embeddable":true,"href":"https:\/\/www.pondlehocky.com\/es\/wp-json\/wp\/v2\/users\/44"}],"replies":[{"embeddable":true,"href":"https:\/\/www.pondlehocky.com\/es\/wp-json\/wp\/v2\/comments?post=10045"}],"version-history":[{"count":0,"href":"https:\/\/www.pondlehocky.com\/es\/wp-json\/wp\/v2\/pages\/10045\/revisions"}],"up":[{"embeddable":true,"href":"https:\/\/www.pondlehocky.com\/es\/wp-json\/wp\/v2\/pages\/8309"}],"wp:featuredmedia":[{"embeddable":true,"href":"https:\/\/www.pondlehocky.com\/es\/wp-json\/wp\/v2\/media\/10044"}],"wp:attachment":[{"href":"https:\/\/www.pondlehocky.com\/es\/wp-json\/wp\/v2\/media?parent=10045"}],"curies":[{"name":"wp","href":"https:\/\/api.w.org\/{rel}","templated":true}]}}