{"id":3304,"date":"2022-08-24T14:39:31","date_gmt":"2022-08-24T14:39:31","guid":{"rendered":"https:\/\/www.pondlehocky.com\/becas\/"},"modified":"2025-07-08T15:12:02","modified_gmt":"2025-07-08T15:12:02","slug":"becas","status":"publish","type":"page","link":"https:\/\/www.pondlehocky.com\/es\/acerca-de\/nuestra-comunidad\/becas\/","title":{"rendered":"Becas"},"content":{"rendered":"    <section class=\"pl-block pl-raw-content mb-7 pl-t [&#038;.border-t-2]:pt-8  \">\n        <p class=\"p1\">La educaci\u00f3n es uno de los principales focos de los esfuerzos comunitarios de Pond Lehocky Giordano. Creemos que tenemos la responsabilidad real de apoyar a los hijos de los lesionados en el trabajo, as\u00ed como a los estudiantes de derecho que desean luchar por los lesionados y discapacitados.<\/p>\n    <\/section>\n\n\n\n    <section class=\"pl-block pl-raw-content mb-7 pl-t [&#038;.border-t-2]:pt-8 border-t-2 border-gray\/90 \">\n        <h2 class=\"p1\"><span class=\"ez-toc-section\" id=\"Estanque_Lehocky_Giordano_Beca_anual\"><\/span>Estanque Lehocky Giordano Beca anual<span class=\"ez-toc-section-end\"><\/span><\/h2>\n<p class=\"p1\">La beca anual Pond Lehocky Giordano se cre\u00f3 para ayudar a los amigos, familiares y compa\u00f1eros de los clientes actuales o antiguos del bufete en materia de indemnizaci\u00f3n por accidentes de trabajo a cursar estudios superiores. La beca de 5.000 d\u00f3lares puede destinarse a cualquier instituci\u00f3n que conceda t\u00edtulos acad\u00e9micos o certificaciones profesionales, incluidas universidades, seminarios, institutos tecnol\u00f3gicos, escuelas de formaci\u00f3n profesional, etc.<\/p>\n<p><a class=\"pl-button pl-button--large pl-button--primary mt-2\" href=\"https:\/\/www.pondlehocky.com\/es\/becas\/beca-anual-pond-lehocky-giordano\/\">M\u00c1S INFORMACI\u00d3N<\/a><\/p>\n    <\/section>\n\n\n\n    <section class=\"pl-block pl-raw-content mb-7 pl-t [&#038;.border-t-2]:pt-8 border-t-2 border-gray\/90 \">\n        <h2 class=\"p1\"><span class=\"ez-toc-section\" id=\"Beca_anual_de_la_Facultad_de_Derecho_Financiacion_de_la_defensa_de_los_juicios\"><\/span>Beca anual de la Facultad de Derecho Financiaci\u00f3n de la defensa de los juicios<span class=\"ez-toc-section-end\"><\/span><\/h2>\n<p class=\"p1\">Samuel H. Pond y Jerry M. Lehocky, ambos antiguos alumnos de la Facultad de Derecho de la Universidad de Temple, han estado retribuyendo a los estudiantes de derecho cada a\u00f1o con su beca anual. Desde 2013, Pond Lehocky ha concedido una beca a un estudiante centrado en la defensa de juicios en la Facultad de Derecho Beasley de la Universidad de Temple.<\/p>\n<p><a class=\"pl-button pl-button--large pl-button--primary mt-2\" href=\"https:\/\/www.pondlehocky.com\/es\/becas\/beca-anual-de-la-facultad-de-derechofondo-en-la-defensa-del-juicio\/\">M\u00c1S INFORMACI\u00d3N<\/a><\/p>\n    <\/section>\n\n\n\n    <section class=\"pl-block pl-raw-content mb-7 pl-t [&#038;.border-t-2]:pt-8 border-t-2 border-gray\/90 \">\n        <h2 class=\"p1\"><span class=\"ez-toc-section\" id=\"Beca_Kids_Chance_of_PA\"><\/span>Beca Kids\u2019 Chance of PA<span class=\"ez-toc-section-end\"><\/span><\/h2>\n<p class=\"p1\">Pond Lehocky Giordano se asoci\u00f3 con Kids\u2019 Chance of PA, una organizaci\u00f3n sin \u00e1nimo de lucro que ofrece becas a los hijos de trabajadores gravemente heridos o fallecidos. Pagar la universidad no es f\u00e1cil, especialmente para las familias afectadas por la p\u00e9rdida. El objetivo de la KCPA es \u00abM\u00e1s dinero para m\u00e1s ni\u00f1os\u00bb y ayudar al mayor n\u00famero posible de estudiantes.<\/p>\n<p><a class=\"pl-button pl-button--large pl-button--primary mt-2\" href=\"https:\/\/www.pondlehocky.com\/es\/becas\/beca-kids-chance-of-pa\/\">M\u00c1S INFORMACI\u00d3N<\/a><\/p>\n    <\/section>\n\n","protected":false},"excerpt":{"rendered":"","protected":false},"author":1,"featured_media":4556,"parent":4489,"menu_order":7,"comment_status":"open","ping_status":"open","template":"page-sidebar.php","meta":{"_acf_changed":true,"footnotes":"","_elementor_data":""},"class_list":["post-3304","page","type-page","status-publish","has-post-thumbnail","hentry"],"acf":[],"page_builder_type":"gutenberg","gutenberg_data":[],"yoast_head":"<!-- This site is optimized with the Yoast SEO Premium plugin v27.5 (Yoast SEO v27.5) - https:\/\/yoast.com\/product\/yoast-seo-premium-wordpress\/ -->\n<title>Nuestras becas | Pond Lehocky Giordano<\/title>\n<meta name=\"description\" content=\"Pond Lehocky Giordano cree en el apoyo a los hijos de los lesionados en el trabajo, as\u00ed como a los estudiantes de derecho que desean...\" \/>\n<meta name=\"robots\" content=\"index, follow, max-snippet:-1, max-image-preview:large, max-video-preview:-1\" \/>\n<link rel=\"canonical\" href=\"https:\/\/www.pondlehocky.com\/es\/acerca-de\/nuestra-comunidad\/becas\/\" \/>\n<meta property=\"og:locale\" content=\"es_ES\" \/>\n<meta property=\"og:type\" content=\"article\" \/>\n<meta property=\"og:title\" content=\"Becas\" \/>\n<meta property=\"og:description\" content=\"Pond Lehocky Giordano cree en el apoyo a los hijos de los lesionados en el trabajo, as\u00ed como a los estudiantes de derecho que desean...\" \/>\n<meta property=\"og:url\" content=\"https:\/\/www.pondlehocky.com\/es\/acerca-de\/nuestra-comunidad\/becas\/\" \/>\n<meta property=\"og:site_name\" content=\"Pond Lehocky Giordano, Inc.\" \/>\n<meta property=\"article:publisher\" content=\"https:\/\/www.instagram.com\/pondlehocky\/\" \/>\n<meta property=\"article:modified_time\" content=\"2025-07-08T15:12:02+00:00\" \/>\n<meta property=\"og:image\" content=\"https:\/\/www.pondlehocky.com\/wp-content\/uploads\/2024\/06\/scholarships-bg.jpg\" \/>\n\t<meta property=\"og:image:width\" content=\"1440\" \/>\n\t<meta property=\"og:image:height\" content=\"325\" \/>\n\t<meta property=\"og:image:type\" content=\"image\/jpeg\" \/>\n<meta name=\"twitter:card\" content=\"summary_large_image\" \/>\n<meta name=\"twitter:label1\" content=\"Tiempo de lectura\" \/>\n\t<meta name=\"twitter:data1\" content=\"1 minuto\" \/>\n<script type=\"application\/ld+json\" class=\"yoast-schema-graph\">{\"@context\":\"https:\\\/\\\/schema.org\",\"@graph\":[{\"@type\":\"WebPage\",\"@id\":\"https:\\\/\\\/www.pondlehocky.com\\\/es\\\/acerca-de\\\/nuestra-comunidad\\\/becas\\\/\",\"url\":\"https:\\\/\\\/www.pondlehocky.com\\\/es\\\/acerca-de\\\/nuestra-comunidad\\\/becas\\\/\",\"name\":\"Nuestras becas | Pond Lehocky Giordano\",\"isPartOf\":{\"@id\":\"https:\\\/\\\/www.pondlehocky.com\\\/es\\\/#website\"},\"primaryImageOfPage\":{\"@id\":\"https:\\\/\\\/www.pondlehocky.com\\\/es\\\/acerca-de\\\/nuestra-comunidad\\\/becas\\\/#primaryimage\"},\"image\":{\"@id\":\"https:\\\/\\\/www.pondlehocky.com\\\/es\\\/acerca-de\\\/nuestra-comunidad\\\/becas\\\/#primaryimage\"},\"thumbnailUrl\":\"https:\\\/\\\/www.pondlehocky.com\\\/wp-content\\\/uploads\\\/2024\\\/06\\\/scholarships-bg.jpg\",\"datePublished\":\"2022-08-24T14:39:31+00:00\",\"dateModified\":\"2025-07-08T15:12:02+00:00\",\"description\":\"Pond Lehocky Giordano cree en el apoyo a los hijos de los lesionados en el trabajo, as\u00ed como a los estudiantes de derecho que desean...\",\"breadcrumb\":{\"@id\":\"https:\\\/\\\/www.pondlehocky.com\\\/es\\\/acerca-de\\\/nuestra-comunidad\\\/becas\\\/#breadcrumb\"},\"inLanguage\":\"es\",\"potentialAction\":[{\"@type\":\"ReadAction\",\"target\":[\"https:\\\/\\\/www.pondlehocky.com\\\/es\\\/acerca-de\\\/nuestra-comunidad\\\/becas\\\/\"]}]},{\"@type\":\"ImageObject\",\"inLanguage\":\"es\",\"@id\":\"https:\\\/\\\/www.pondlehocky.com\\\/es\\\/acerca-de\\\/nuestra-comunidad\\\/becas\\\/#primaryimage\",\"url\":\"https:\\\/\\\/www.pondlehocky.com\\\/wp-content\\\/uploads\\\/2024\\\/06\\\/scholarships-bg.jpg\",\"contentUrl\":\"https:\\\/\\\/www.pondlehocky.com\\\/wp-content\\\/uploads\\\/2024\\\/06\\\/scholarships-bg.jpg\",\"width\":1440,\"height\":325,\"caption\":\"row of law books\"},{\"@type\":\"BreadcrumbList\",\"@id\":\"https:\\\/\\\/www.pondlehocky.com\\\/es\\\/acerca-de\\\/nuestra-comunidad\\\/becas\\\/#breadcrumb\",\"itemListElement\":[{\"@type\":\"ListItem\",\"position\":1,\"name\":\"Home\",\"item\":\"https:\\\/\\\/www.pondlehocky.com\\\/es\\\/homepage\\\/\"},{\"@type\":\"ListItem\",\"position\":2,\"name\":\"Acerca de\",\"item\":\"https:\\\/\\\/www.pondlehocky.com\\\/es\\\/acerca-de\\\/\"},{\"@type\":\"ListItem\",\"position\":3,\"name\":\"Nuestra Comunidad\",\"item\":\"https:\\\/\\\/www.pondlehocky.com\\\/es\\\/acerca-de\\\/nuestra-comunidad\\\/\"},{\"@type\":\"ListItem\",\"position\":4,\"name\":\"Becas\"}]},{\"@type\":\"WebSite\",\"@id\":\"https:\\\/\\\/www.pondlehocky.com\\\/es\\\/#website\",\"url\":\"https:\\\/\\\/www.pondlehocky.com\\\/es\\\/\",\"name\":\"Pond Lehocky Giordano, Inc.\",\"description\":\"Largest workers\u2019 compensation and Social Security disability law firm in Pennsylvania\",\"publisher\":{\"@id\":\"https:\\\/\\\/www.pondlehocky.com\\\/es\\\/#organization\"},\"alternateName\":\"Pond Lehocky Giordano, Inc.\",\"potentialAction\":[{\"@type\":\"SearchAction\",\"target\":{\"@type\":\"EntryPoint\",\"urlTemplate\":\"https:\\\/\\\/www.pondlehocky.com\\\/es\\\/?s={search_term_string}\"},\"query-input\":{\"@type\":\"PropertyValueSpecification\",\"valueRequired\":true,\"valueName\":\"search_term_string\"}}],\"inLanguage\":\"es\"},{\"@type\":\"Organization\",\"@id\":\"https:\\\/\\\/www.pondlehocky.com\\\/es\\\/#organization\",\"name\":\"Pond Lehocky Giordano, Inc\",\"alternateName\":\"Pond Lehocky Giordano, Inc.\",\"url\":\"https:\\\/\\\/www.pondlehocky.com\\\/es\\\/\",\"logo\":{\"@type\":\"ImageObject\",\"inLanguage\":\"es\",\"@id\":\"https:\\\/\\\/www.pondlehocky.com\\\/es\\\/#\\\/schema\\\/logo\\\/image\\\/\",\"url\":\"https:\\\/\\\/www.pondlehocky.com\\\/wp-content\\\/uploads\\\/2024\\\/04\\\/pond-lehocky-logo.png\",\"contentUrl\":\"https:\\\/\\\/www.pondlehocky.com\\\/wp-content\\\/uploads\\\/2024\\\/04\\\/pond-lehocky-logo.png\",\"width\":355,\"height\":28,\"caption\":\"Pond Lehocky Giordano, Inc\"},\"image\":{\"@id\":\"https:\\\/\\\/www.pondlehocky.com\\\/es\\\/#\\\/schema\\\/logo\\\/image\\\/\"},\"sameAs\":[\"https:\\\/\\\/www.instagram.com\\\/pondlehocky\\\/\",\"https:\\\/\\\/www.youtube.com\\\/user\\\/pondlehocky\",\"https:\\\/\\\/www.tiktok.com\\\/@pondlehockygiordano\",\"https:\\\/\\\/www.facebook.com\\\/PondLehocky\",\"https:\\\/\\\/www.linkedin.com\\\/company\\\/pond-lehocky-giordano\\\/\"]}]}<\/script>\n<!-- \/ Yoast SEO Premium plugin. -->","yoast_head_json":{"title":"Nuestras becas | Pond Lehocky Giordano","description":"Pond Lehocky Giordano cree en el apoyo a los hijos de los lesionados en el trabajo, as\u00ed como a los estudiantes de derecho que desean...","robots":{"index":"index","follow":"follow","max-snippet":"max-snippet:-1","max-image-preview":"max-image-preview:large","max-video-preview":"max-video-preview:-1"},"canonical":"https:\/\/www.pondlehocky.com\/es\/acerca-de\/nuestra-comunidad\/becas\/","og_locale":"es_ES","og_type":"article","og_title":"Becas","og_description":"Pond Lehocky Giordano cree en el apoyo a los hijos de los lesionados en el trabajo, as\u00ed como a los estudiantes de derecho que desean...","og_url":"https:\/\/www.pondlehocky.com\/es\/acerca-de\/nuestra-comunidad\/becas\/","og_site_name":"Pond Lehocky Giordano, Inc.","article_publisher":"https:\/\/www.instagram.com\/pondlehocky\/","article_modified_time":"2025-07-08T15:12:02+00:00","og_image":[{"width":1440,"height":325,"url":"https:\/\/www.pondlehocky.com\/wp-content\/uploads\/2024\/06\/scholarships-bg.jpg","type":"image\/jpeg"}],"twitter_card":"summary_large_image","twitter_misc":{"Tiempo de lectura":"1 minuto"},"schema":{"@context":"https:\/\/schema.org","@graph":[{"@type":"WebPage","@id":"https:\/\/www.pondlehocky.com\/es\/acerca-de\/nuestra-comunidad\/becas\/","url":"https:\/\/www.pondlehocky.com\/es\/acerca-de\/nuestra-comunidad\/becas\/","name":"Nuestras becas | Pond Lehocky Giordano","isPartOf":{"@id":"https:\/\/www.pondlehocky.com\/es\/#website"},"primaryImageOfPage":{"@id":"https:\/\/www.pondlehocky.com\/es\/acerca-de\/nuestra-comunidad\/becas\/#primaryimage"},"image":{"@id":"https:\/\/www.pondlehocky.com\/es\/acerca-de\/nuestra-comunidad\/becas\/#primaryimage"},"thumbnailUrl":"https:\/\/www.pondlehocky.com\/wp-content\/uploads\/2024\/06\/scholarships-bg.jpg","datePublished":"2022-08-24T14:39:31+00:00","dateModified":"2025-07-08T15:12:02+00:00","description":"Pond Lehocky Giordano cree en el apoyo a los hijos de los lesionados en el trabajo, as\u00ed como a los estudiantes de derecho que desean...","breadcrumb":{"@id":"https:\/\/www.pondlehocky.com\/es\/acerca-de\/nuestra-comunidad\/becas\/#breadcrumb"},"inLanguage":"es","potentialAction":[{"@type":"ReadAction","target":["https:\/\/www.pondlehocky.com\/es\/acerca-de\/nuestra-comunidad\/becas\/"]}]},{"@type":"ImageObject","inLanguage":"es","@id":"https:\/\/www.pondlehocky.com\/es\/acerca-de\/nuestra-comunidad\/becas\/#primaryimage","url":"https:\/\/www.pondlehocky.com\/wp-content\/uploads\/2024\/06\/scholarships-bg.jpg","contentUrl":"https:\/\/www.pondlehocky.com\/wp-content\/uploads\/2024\/06\/scholarships-bg.jpg","width":1440,"height":325,"caption":"row of law books"},{"@type":"BreadcrumbList","@id":"https:\/\/www.pondlehocky.com\/es\/acerca-de\/nuestra-comunidad\/becas\/#breadcrumb","itemListElement":[{"@type":"ListItem","position":1,"name":"Home","item":"https:\/\/www.pondlehocky.com\/es\/homepage\/"},{"@type":"ListItem","position":2,"name":"Acerca de","item":"https:\/\/www.pondlehocky.com\/es\/acerca-de\/"},{"@type":"ListItem","position":3,"name":"Nuestra Comunidad","item":"https:\/\/www.pondlehocky.com\/es\/acerca-de\/nuestra-comunidad\/"},{"@type":"ListItem","position":4,"name":"Becas"}]},{"@type":"WebSite","@id":"https:\/\/www.pondlehocky.com\/es\/#website","url":"https:\/\/www.pondlehocky.com\/es\/","name":"Pond Lehocky Giordano, Inc.","description":"Largest workers\u2019 compensation and Social Security disability law firm in Pennsylvania","publisher":{"@id":"https:\/\/www.pondlehocky.com\/es\/#organization"},"alternateName":"Pond Lehocky Giordano, Inc.","potentialAction":[{"@type":"SearchAction","target":{"@type":"EntryPoint","urlTemplate":"https:\/\/www.pondlehocky.com\/es\/?s={search_term_string}"},"query-input":{"@type":"PropertyValueSpecification","valueRequired":true,"valueName":"search_term_string"}}],"inLanguage":"es"},{"@type":"Organization","@id":"https:\/\/www.pondlehocky.com\/es\/#organization","name":"Pond Lehocky Giordano, Inc","alternateName":"Pond Lehocky Giordano, Inc.","url":"https:\/\/www.pondlehocky.com\/es\/","logo":{"@type":"ImageObject","inLanguage":"es","@id":"https:\/\/www.pondlehocky.com\/es\/#\/schema\/logo\/image\/","url":"https:\/\/www.pondlehocky.com\/wp-content\/uploads\/2024\/04\/pond-lehocky-logo.png","contentUrl":"https:\/\/www.pondlehocky.com\/wp-content\/uploads\/2024\/04\/pond-lehocky-logo.png","width":355,"height":28,"caption":"Pond Lehocky Giordano, Inc"},"image":{"@id":"https:\/\/www.pondlehocky.com\/es\/#\/schema\/logo\/image\/"},"sameAs":["https:\/\/www.instagram.com\/pondlehocky\/","https:\/\/www.youtube.com\/user\/pondlehocky","https:\/\/www.tiktok.com\/@pondlehockygiordano","https:\/\/www.facebook.com\/PondLehocky","https:\/\/www.linkedin.com\/company\/pond-lehocky-giordano\/"]}]}},"_links":{"self":[{"href":"https:\/\/www.pondlehocky.com\/es\/wp-json\/wp\/v2\/pages\/3304","targetHints":{"allow":["GET"]}}],"collection":[{"href":"https:\/\/www.pondlehocky.com\/es\/wp-json\/wp\/v2\/pages"}],"about":[{"href":"https:\/\/www.pondlehocky.com\/es\/wp-json\/wp\/v2\/types\/page"}],"author":[{"embeddable":true,"href":"https:\/\/www.pondlehocky.com\/es\/wp-json\/wp\/v2\/users\/1"}],"replies":[{"embeddable":true,"href":"https:\/\/www.pondlehocky.com\/es\/wp-json\/wp\/v2\/comments?post=3304"}],"version-history":[{"count":0,"href":"https:\/\/www.pondlehocky.com\/es\/wp-json\/wp\/v2\/pages\/3304\/revisions"}],"up":[{"embeddable":true,"href":"https:\/\/www.pondlehocky.com\/es\/wp-json\/wp\/v2\/pages\/4489"}],"wp:featuredmedia":[{"embeddable":true,"href":"https:\/\/www.pondlehocky.com\/es\/wp-json\/wp\/v2\/media\/4556"}],"wp:attachment":[{"href":"https:\/\/www.pondlehocky.com\/es\/wp-json\/wp\/v2\/media?parent=3304"}],"curies":[{"name":"wp","href":"https:\/\/api.w.org\/{rel}","templated":true}]}}