{"id":3310,"date":"2022-08-05T01:14:00","date_gmt":"2022-08-05T01:14:00","guid":{"rendered":"https:\/\/www.pondlehocky.com\/carreras\/"},"modified":"2026-04-30T09:08:20","modified_gmt":"2026-04-30T09:08:20","slug":"carreras","status":"publish","type":"page","link":"https:\/\/www.pondlehocky.com\/es\/carreras\/","title":{"rendered":"Carreras"},"content":{"rendered":"    <section class=\"pl-block pl-raw-content mb-7 pl-t [&#038;.border-t-2]:pt-8  \">\n        <h2 class=\"p1\"><span class=\"ez-toc-section\" id=\"Trabaja_con_nosotros\"><\/span>Trabaja con nosotros<span class=\"ez-toc-section-end\"><\/span><\/h2>\n    <\/section>\n\n\n\n    <section class=\"pl-block pl-raw-content mb-7 pl-t [&#038;.border-t-2]:pt-8  \">\n        <p class=\"p1\"><b><i>NOMBRADO MEJOR LUGAR DE TRABAJO DE 2023 POR EL PHILADELPHIA INQUIRER.<\/i><\/b><\/p>\n    <\/section>\n\n\n\n    <section class=\"pl-block pl-raw-content mb-7 pl-t [&#038;.border-t-2]:pt-8 border-t-2 border-gray\/90 \">\n        <p class=\"p1\">Pond Lehocky Giordano tiene \u00e9xito ofreciendo una representaci\u00f3n legal hol\u00edstica a los trabajadores discapacitados y lesionados. Nuestros abogados se comprometen a servir a nuestros clientes con t\u00e9cnicas ejemplares de litigaci\u00f3n y enjuiciamiento al m\u00e1s alto nivel profesional. Nos esforzamos por mejorar nuestra comunidad educando al p\u00fablico sobre la ley y retribuyendo a trav\u00e9s del voluntariado.<\/p>\n    <\/section>\n\n\n\n    <section class=\"pl-block pl-raw-content mb-7 pl-t [&#038;.border-t-2]:pt-8  \">\n        <h2 class=\"p1\"><span class=\"ez-toc-section\" id=\"PUESTOS_DISPONIBLES_ACTUALMENTE\"><\/span>PUESTOS DISPONIBLES ACTUALMENTE<span class=\"ez-toc-section-end\"><\/span><\/h2>\n<h3 class=\"p2\"><span class=\"ez-toc-section\" id=\"Director_de_contabilidad\"><\/span>Director de contabilidad<span class=\"ez-toc-section-end\"><\/span><\/h3>\n<p class=\"p1\">DEPARTAMENTO DE CONTABILIDAD<\/p>\n<p><a class=\"pl-button pl-button--large pl-button--primary mt-2\" href=\"https:\/\/www.pondlehocky.com\/es\/carreras\/director-de-contabilidad\/\">M\u00e1s Informaci\u00f3n<\/a><\/p>\n    <\/section>\n\n\n\n    <section class=\"pl-block pl-raw-content mb-7 pl-t [&#038;.border-t-2]:pt-8 border-t-2 border-gray\/90 \">\n        <h4 class=\"p1\"><span class=\"ez-toc-section\" id=\"Coordinador_del_Servicio_de_Atencion_al_Cliente\"><\/span>Coordinador del Servicio de Atenci\u00f3n al Cliente<span class=\"ez-toc-section-end\"><\/span><\/h4>\n<p class=\"p1\">INDEMNIZACI\u00d3N POR ACCIDENTE LABORAL<\/p>\n<p><a class=\"pl-button pl-button--large pl-button--primary mt-2\" href=\"https:\/\/www.pondlehocky.com\/es\/carreras\/coordinador-del-servicio-de-atencion-al-cliente\/\">M\u00e1s Informaci\u00f3n<\/a><\/p>\n    <\/section>\n\n\n\n    <section class=\"pl-block pl-raw-content mb-7 pl-t [&#038;.border-t-2]:pt-8 border-t-2 border-gray\/90 \">\n        <h4 class=\"p1\"><span class=\"ez-toc-section\" id=\"Representante_de_atencion_al_cliente\"><\/span>Representante de atenci\u00f3n al cliente<span class=\"ez-toc-section-end\"><\/span><\/h4>\n<p class=\"p1\">DEPARTAMENTO DE REMISI\u00d3N<\/p>\n<p><a class=\"pl-button pl-button--large pl-button--primary mt-2\" href=\"https:\/\/www.pondlehocky.com\/es\/carreras\/representante-de-atencion-al-cliente-departamento-de-derivacion\/\">M\u00e1s Informaci\u00f3n<\/a><\/p>\n    <\/section>\n\n\n\n    <section class=\"pl-block pl-raw-content mb-7 pl-t [&#038;.border-t-2]:pt-8 border-t-2 border-gray\/90 \">\n        <h4 class=\"p1\"><span class=\"ez-toc-section\" id=\"Representante_de_atencion_al_cliente-2\"><\/span>Representante de atenci\u00f3n al cliente<span class=\"ez-toc-section-end\"><\/span><\/h4>\n<p class=\"p1\">DISCAPACIDAD DE LA SEGURIDAD SOCIAL<\/p>\n<p><a class=\"pl-button pl-button--large pl-button--primary mt-2\" href=\"https:\/\/www.pondlehocky.com\/es\/carreras\/representante-de-atencion-al-cliente-discapacidad-de-la-seguridad-social\/\">M\u00e1s Informaci\u00f3n<\/a><\/p>\n    <\/section>\n\n\n\n    <section class=\"pl-block pl-raw-content mb-7 pl-t [&#038;.border-t-2]:pt-8 border-t-2 border-gray\/90 \">\n        <h4 class=\"p1\"><span class=\"ez-toc-section\" id=\"Becario_de_diseno_grafico\"><\/span>Becario de dise\u00f1o gr\u00e1fico<span class=\"ez-toc-section-end\"><\/span><\/h4>\n<p class=\"p1\">DEPARTAMENTO DE MARKETING<\/p>\n<p><a class=\"pl-button pl-button--large pl-button--primary mt-2\" href=\"https:\/\/www.pondlehocky.com\/es\/carreras\/becario-de-diseno-grafico\/\">M\u00e1s Informaci\u00f3n<\/a><\/p>\n    <\/section>\n\n\n\n    <section class=\"pl-block pl-raw-content mb-7 pl-t [&#038;.border-t-2]:pt-8 border-t-2 border-gray\/90 \">\n        <h4 class=\"p1\"><span class=\"ez-toc-section\" id=\"Secretaria_juridica_%E2%80%93_Oficina_de_Filadelfia\"><\/span>Secretaria jur\u00eddica \u2013 Oficina de Filadelfia<span class=\"ez-toc-section-end\"><\/span><\/h4>\n<p class=\"p1\">INDEMNIZACI\u00d3N POR ACCIDENTE LABORAL<\/p>\n<p><a class=\"pl-button pl-button--large pl-button--primary mt-2\" href=\"https:\/\/www.pondlehocky.com\/es\/carreras\/secretaria-juridica-de-indemnizacion-por-accidente-de-trabajo\/\">M\u00e1s Informaci\u00f3n<\/a><\/p>\n    <\/section>\n\n\n\n    <section class=\"pl-block pl-raw-content mb-7 pl-t [&#038;.border-t-2]:pt-8 border-t-2 border-gray\/90 \">\n        <h4 class=\"p1\"><span class=\"ez-toc-section\" id=\"Secretaria_juridica_%E2%80%93_Oficina_de_Pittsburgh\"><\/span>Secretaria jur\u00eddica \u2013 Oficina de Pittsburgh<span class=\"ez-toc-section-end\"><\/span><\/h4>\n<p class=\"p1\">INDEMNIZACI\u00d3N POR ACCIDENTE LABORAL<\/p>\n<p><a class=\"pl-button pl-button--large pl-button--primary mt-2\" href=\"https:\/\/www.pondlehocky.com\/es\/carreras\/secretaria-juridica-de-indemnizacion-por-accidente-laboral-oficina-de-pittsburgh\/\">M\u00e1s Informaci\u00f3n<\/a><\/p>\n<p>&nbsp;<\/p>\n    <\/section>\n\n","protected":false},"excerpt":{"rendered":"","protected":false},"author":1,"featured_media":4520,"parent":0,"menu_order":12,"comment_status":"open","ping_status":"open","template":"templates\/template-container-page.php","meta":{"_acf_changed":true,"footnotes":"","_elementor_data":""},"class_list":["post-3310","page","type-page","status-publish","has-post-thumbnail","hentry"],"acf":[],"page_builder_type":"gutenberg","gutenberg_data":[],"yoast_head":"<!-- This site is optimized with the Yoast SEO Premium plugin v27.5 (Yoast SEO v27.5) - https:\/\/yoast.com\/product\/yoast-seo-premium-wordpress\/ -->\n<title>Carreras y empleos en bufetes de abogados<\/title>\n<meta name=\"description\" content=\"Pond Lehocky Giordano tiene \u00e9xito ofreciendo una representaci\u00f3n legal hol\u00edstica a los trabajadores discapacitados y lesionados.\" \/>\n<meta name=\"robots\" content=\"index, follow, max-snippet:-1, max-image-preview:large, max-video-preview:-1\" \/>\n<link rel=\"canonical\" href=\"https:\/\/www.pondlehocky.com\/es\/carreras\/\" \/>\n<meta property=\"og:locale\" content=\"es_ES\" \/>\n<meta property=\"og:type\" content=\"article\" \/>\n<meta property=\"og:title\" content=\"Carreras\" \/>\n<meta property=\"og:description\" content=\"Pond Lehocky Giordano tiene \u00e9xito ofreciendo una representaci\u00f3n legal hol\u00edstica a los trabajadores discapacitados y lesionados.\" \/>\n<meta property=\"og:url\" content=\"https:\/\/www.pondlehocky.com\/es\/carreras\/\" \/>\n<meta property=\"og:site_name\" content=\"Pond Lehocky Giordano, Inc.\" \/>\n<meta property=\"article:publisher\" content=\"https:\/\/www.instagram.com\/pondlehocky\/\" \/>\n<meta property=\"article:modified_time\" content=\"2026-04-30T09:08:20+00:00\" \/>\n<meta property=\"og:image\" content=\"https:\/\/www.pondlehocky.com\/wp-content\/uploads\/2024\/06\/careers.jpeg\" \/>\n\t<meta property=\"og:image:width\" content=\"1440\" \/>\n\t<meta property=\"og:image:height\" content=\"325\" \/>\n\t<meta property=\"og:image:type\" content=\"image\/jpeg\" \/>\n<meta name=\"twitter:card\" content=\"summary_large_image\" \/>\n<meta name=\"twitter:label1\" content=\"Tiempo de lectura\" \/>\n\t<meta name=\"twitter:data1\" content=\"1 minuto\" \/>\n<script type=\"application\/ld+json\" class=\"yoast-schema-graph\">{\"@context\":\"https:\\\/\\\/schema.org\",\"@graph\":[{\"@type\":\"WebPage\",\"@id\":\"https:\\\/\\\/www.pondlehocky.com\\\/es\\\/carreras\\\/\",\"url\":\"https:\\\/\\\/www.pondlehocky.com\\\/es\\\/carreras\\\/\",\"name\":\"Carreras y empleos en bufetes de abogados\",\"isPartOf\":{\"@id\":\"https:\\\/\\\/www.pondlehocky.com\\\/es\\\/#website\"},\"primaryImageOfPage\":{\"@id\":\"https:\\\/\\\/www.pondlehocky.com\\\/es\\\/carreras\\\/#primaryimage\"},\"image\":{\"@id\":\"https:\\\/\\\/www.pondlehocky.com\\\/es\\\/carreras\\\/#primaryimage\"},\"thumbnailUrl\":\"https:\\\/\\\/www.pondlehocky.com\\\/wp-content\\\/uploads\\\/2024\\\/06\\\/careers.jpeg\",\"datePublished\":\"2022-08-05T01:14:00+00:00\",\"dateModified\":\"2026-04-30T09:08:20+00:00\",\"description\":\"Pond Lehocky Giordano tiene \u00e9xito ofreciendo una representaci\u00f3n legal hol\u00edstica a los trabajadores discapacitados y lesionados.\",\"breadcrumb\":{\"@id\":\"https:\\\/\\\/www.pondlehocky.com\\\/es\\\/carreras\\\/#breadcrumb\"},\"inLanguage\":\"es\",\"potentialAction\":[{\"@type\":\"ReadAction\",\"target\":[\"https:\\\/\\\/www.pondlehocky.com\\\/es\\\/carreras\\\/\"]}]},{\"@type\":\"ImageObject\",\"inLanguage\":\"es\",\"@id\":\"https:\\\/\\\/www.pondlehocky.com\\\/es\\\/carreras\\\/#primaryimage\",\"url\":\"https:\\\/\\\/www.pondlehocky.com\\\/wp-content\\\/uploads\\\/2024\\\/06\\\/careers.jpeg\",\"contentUrl\":\"https:\\\/\\\/www.pondlehocky.com\\\/wp-content\\\/uploads\\\/2024\\\/06\\\/careers.jpeg\",\"width\":1440,\"height\":325,\"caption\":\"lawyer writing on notepad\"},{\"@type\":\"BreadcrumbList\",\"@id\":\"https:\\\/\\\/www.pondlehocky.com\\\/es\\\/carreras\\\/#breadcrumb\",\"itemListElement\":[{\"@type\":\"ListItem\",\"position\":1,\"name\":\"Home\",\"item\":\"https:\\\/\\\/www.pondlehocky.com\\\/es\\\/homepage\\\/\"},{\"@type\":\"ListItem\",\"position\":2,\"name\":\"Carreras\"}]},{\"@type\":\"WebSite\",\"@id\":\"https:\\\/\\\/www.pondlehocky.com\\\/es\\\/#website\",\"url\":\"https:\\\/\\\/www.pondlehocky.com\\\/es\\\/\",\"name\":\"Pond Lehocky Giordano, Inc.\",\"description\":\"Largest workers\u2019 compensation and Social Security disability law firm in Pennsylvania\",\"publisher\":{\"@id\":\"https:\\\/\\\/www.pondlehocky.com\\\/es\\\/#organization\"},\"alternateName\":\"Pond Lehocky Giordano, Inc.\",\"potentialAction\":[{\"@type\":\"SearchAction\",\"target\":{\"@type\":\"EntryPoint\",\"urlTemplate\":\"https:\\\/\\\/www.pondlehocky.com\\\/es\\\/?s={search_term_string}\"},\"query-input\":{\"@type\":\"PropertyValueSpecification\",\"valueRequired\":true,\"valueName\":\"search_term_string\"}}],\"inLanguage\":\"es\"},{\"@type\":\"Organization\",\"@id\":\"https:\\\/\\\/www.pondlehocky.com\\\/es\\\/#organization\",\"name\":\"Pond Lehocky Giordano, Inc\",\"alternateName\":\"Pond Lehocky Giordano, Inc.\",\"url\":\"https:\\\/\\\/www.pondlehocky.com\\\/es\\\/\",\"logo\":{\"@type\":\"ImageObject\",\"inLanguage\":\"es\",\"@id\":\"https:\\\/\\\/www.pondlehocky.com\\\/es\\\/#\\\/schema\\\/logo\\\/image\\\/\",\"url\":\"https:\\\/\\\/www.pondlehocky.com\\\/wp-content\\\/uploads\\\/2024\\\/04\\\/pond-lehocky-logo.png\",\"contentUrl\":\"https:\\\/\\\/www.pondlehocky.com\\\/wp-content\\\/uploads\\\/2024\\\/04\\\/pond-lehocky-logo.png\",\"width\":355,\"height\":28,\"caption\":\"Pond Lehocky Giordano, Inc\"},\"image\":{\"@id\":\"https:\\\/\\\/www.pondlehocky.com\\\/es\\\/#\\\/schema\\\/logo\\\/image\\\/\"},\"sameAs\":[\"https:\\\/\\\/www.instagram.com\\\/pondlehocky\\\/\",\"https:\\\/\\\/www.youtube.com\\\/user\\\/pondlehocky\",\"https:\\\/\\\/www.tiktok.com\\\/@pondlehockygiordano\",\"https:\\\/\\\/www.facebook.com\\\/PondLehocky\",\"https:\\\/\\\/www.linkedin.com\\\/company\\\/pond-lehocky-giordano\\\/\"]}]}<\/script>\n<!-- \/ Yoast SEO Premium plugin. -->","yoast_head_json":{"title":"Carreras y empleos en bufetes de abogados","description":"Pond Lehocky Giordano tiene \u00e9xito ofreciendo una representaci\u00f3n legal hol\u00edstica a los trabajadores discapacitados y lesionados.","robots":{"index":"index","follow":"follow","max-snippet":"max-snippet:-1","max-image-preview":"max-image-preview:large","max-video-preview":"max-video-preview:-1"},"canonical":"https:\/\/www.pondlehocky.com\/es\/carreras\/","og_locale":"es_ES","og_type":"article","og_title":"Carreras","og_description":"Pond Lehocky Giordano tiene \u00e9xito ofreciendo una representaci\u00f3n legal hol\u00edstica a los trabajadores discapacitados y lesionados.","og_url":"https:\/\/www.pondlehocky.com\/es\/carreras\/","og_site_name":"Pond Lehocky Giordano, Inc.","article_publisher":"https:\/\/www.instagram.com\/pondlehocky\/","article_modified_time":"2026-04-30T09:08:20+00:00","og_image":[{"width":1440,"height":325,"url":"https:\/\/www.pondlehocky.com\/wp-content\/uploads\/2024\/06\/careers.jpeg","type":"image\/jpeg"}],"twitter_card":"summary_large_image","twitter_misc":{"Tiempo de lectura":"1 minuto"},"schema":{"@context":"https:\/\/schema.org","@graph":[{"@type":"WebPage","@id":"https:\/\/www.pondlehocky.com\/es\/carreras\/","url":"https:\/\/www.pondlehocky.com\/es\/carreras\/","name":"Carreras y empleos en bufetes de abogados","isPartOf":{"@id":"https:\/\/www.pondlehocky.com\/es\/#website"},"primaryImageOfPage":{"@id":"https:\/\/www.pondlehocky.com\/es\/carreras\/#primaryimage"},"image":{"@id":"https:\/\/www.pondlehocky.com\/es\/carreras\/#primaryimage"},"thumbnailUrl":"https:\/\/www.pondlehocky.com\/wp-content\/uploads\/2024\/06\/careers.jpeg","datePublished":"2022-08-05T01:14:00+00:00","dateModified":"2026-04-30T09:08:20+00:00","description":"Pond Lehocky Giordano tiene \u00e9xito ofreciendo una representaci\u00f3n legal hol\u00edstica a los trabajadores discapacitados y lesionados.","breadcrumb":{"@id":"https:\/\/www.pondlehocky.com\/es\/carreras\/#breadcrumb"},"inLanguage":"es","potentialAction":[{"@type":"ReadAction","target":["https:\/\/www.pondlehocky.com\/es\/carreras\/"]}]},{"@type":"ImageObject","inLanguage":"es","@id":"https:\/\/www.pondlehocky.com\/es\/carreras\/#primaryimage","url":"https:\/\/www.pondlehocky.com\/wp-content\/uploads\/2024\/06\/careers.jpeg","contentUrl":"https:\/\/www.pondlehocky.com\/wp-content\/uploads\/2024\/06\/careers.jpeg","width":1440,"height":325,"caption":"lawyer writing on notepad"},{"@type":"BreadcrumbList","@id":"https:\/\/www.pondlehocky.com\/es\/carreras\/#breadcrumb","itemListElement":[{"@type":"ListItem","position":1,"name":"Home","item":"https:\/\/www.pondlehocky.com\/es\/homepage\/"},{"@type":"ListItem","position":2,"name":"Carreras"}]},{"@type":"WebSite","@id":"https:\/\/www.pondlehocky.com\/es\/#website","url":"https:\/\/www.pondlehocky.com\/es\/","name":"Pond Lehocky Giordano, Inc.","description":"Largest workers\u2019 compensation and Social Security disability law firm in Pennsylvania","publisher":{"@id":"https:\/\/www.pondlehocky.com\/es\/#organization"},"alternateName":"Pond Lehocky Giordano, Inc.","potentialAction":[{"@type":"SearchAction","target":{"@type":"EntryPoint","urlTemplate":"https:\/\/www.pondlehocky.com\/es\/?s={search_term_string}"},"query-input":{"@type":"PropertyValueSpecification","valueRequired":true,"valueName":"search_term_string"}}],"inLanguage":"es"},{"@type":"Organization","@id":"https:\/\/www.pondlehocky.com\/es\/#organization","name":"Pond Lehocky Giordano, Inc","alternateName":"Pond Lehocky Giordano, Inc.","url":"https:\/\/www.pondlehocky.com\/es\/","logo":{"@type":"ImageObject","inLanguage":"es","@id":"https:\/\/www.pondlehocky.com\/es\/#\/schema\/logo\/image\/","url":"https:\/\/www.pondlehocky.com\/wp-content\/uploads\/2024\/04\/pond-lehocky-logo.png","contentUrl":"https:\/\/www.pondlehocky.com\/wp-content\/uploads\/2024\/04\/pond-lehocky-logo.png","width":355,"height":28,"caption":"Pond Lehocky Giordano, Inc"},"image":{"@id":"https:\/\/www.pondlehocky.com\/es\/#\/schema\/logo\/image\/"},"sameAs":["https:\/\/www.instagram.com\/pondlehocky\/","https:\/\/www.youtube.com\/user\/pondlehocky","https:\/\/www.tiktok.com\/@pondlehockygiordano","https:\/\/www.facebook.com\/PondLehocky","https:\/\/www.linkedin.com\/company\/pond-lehocky-giordano\/"]}]}},"_links":{"self":[{"href":"https:\/\/www.pondlehocky.com\/es\/wp-json\/wp\/v2\/pages\/3310","targetHints":{"allow":["GET"]}}],"collection":[{"href":"https:\/\/www.pondlehocky.com\/es\/wp-json\/wp\/v2\/pages"}],"about":[{"href":"https:\/\/www.pondlehocky.com\/es\/wp-json\/wp\/v2\/types\/page"}],"author":[{"embeddable":true,"href":"https:\/\/www.pondlehocky.com\/es\/wp-json\/wp\/v2\/users\/1"}],"replies":[{"embeddable":true,"href":"https:\/\/www.pondlehocky.com\/es\/wp-json\/wp\/v2\/comments?post=3310"}],"version-history":[{"count":0,"href":"https:\/\/www.pondlehocky.com\/es\/wp-json\/wp\/v2\/pages\/3310\/revisions"}],"wp:featuredmedia":[{"embeddable":true,"href":"https:\/\/www.pondlehocky.com\/es\/wp-json\/wp\/v2\/media\/4520"}],"wp:attachment":[{"href":"https:\/\/www.pondlehocky.com\/es\/wp-json\/wp\/v2\/media?parent=3310"}],"curies":[{"name":"wp","href":"https:\/\/api.w.org\/{rel}","templated":true}]}}