{"id":3311,"date":"2022-08-24T18:43:56","date_gmt":"2022-08-24T18:43:56","guid":{"rendered":"https:\/\/www.pondlehocky.com\/beca-anual-pond-lehocky-giordano\/"},"modified":"2025-12-19T15:32:13","modified_gmt":"2025-12-19T15:32:13","slug":"beca-anual-pond-lehocky-giordano","status":"publish","type":"page","link":"https:\/\/www.pondlehocky.com\/es\/acerca-de\/nuestra-comunidad\/becas\/beca-anual-pond-lehocky-giordano\/","title":{"rendered":"Beca anual Pond Lehocky Giordano"},"content":{"rendered":"    <section class=\"pl-block pl-raw-content mb-7 pl-t [&#038;.border-t-2]:pt-8  \">\n        <h2><span class=\"ez-toc-section\" id=\"Envie_una_solicitud_hoy_mismo\"><\/span>Env\u00ede una solicitud hoy mismo<span class=\"ez-toc-section-end\"><\/span><\/h2>\n    <\/section>\n\n\n\n    <section class=\"pl-block pl-raw-content mb-7 pl-t [&#038;.border-t-2]:pt-8 border-t-2 border-gray\/90 \">\n        <p><strong>Vuelva aqu\u00ed para obtener informaci\u00f3n sobre nuestra beca 2023.<\/strong><\/p>\n<p>La beca Pond Lehocky Giordano se ha creado para ayudar a los amigos, familiares y compa\u00f1eros de los trabajadores lesionados a cursar estudios superiores. La beca de 5.000 d\u00f3lares anuales est\u00e1 abierta a todas las personas actualmente aceptadas o matriculadas en la ense\u00f1anza superior, y no est\u00e1 limitada a ninguna universidad en particular. Te invitamos a compartir esta oportunidad y a animar a tu red de conocidos a presentar su candidatura.<\/p>\n<p>El bufete ha visto de primera mano c\u00f3mo el fallecimiento o la incapacidad del sost\u00e9n de la familia puede dejarla al borde del desastre financiero. Los padres, que ten\u00edan grandes sue\u00f1os para sus hijos, se encuentran con la aplastante realidad de que no pueden ayudar a sus hijos a cumplir esos sue\u00f1os debido al oneroso y siempre creciente gasto de la educaci\u00f3n.<\/p>\n<p>Con la beca, el Pond Lehocky Giordano reafirma su compromiso de ofrecer una atenci\u00f3n integral a los trabajadores lesionados y discapacitados que va m\u00e1s all\u00e1 del proceso legal. La concesi\u00f3n de una beca a los afectados por los accidentes de trabajo reconoce la lucha de los clientes por recuperarse.<\/p>\n<p>Pond Lehocky Giordano tambi\u00e9n entiende que luchar por los miembros trabajadores de nuestra comunidad es un privilegio. Ese privilegio conlleva el deber profesional y moral de retribuir a la comunidad. Pond Lehocky Giordano ha hecho de la educaci\u00f3n un punto clave de sus esfuerzos ben\u00e9ficos. Esta beca es otro ejemplo de esa dedicaci\u00f3n.<\/p>\n    <\/section>\n\n\n\n    <section class=\"pl-block pl-raw-content mb-7 pl-t [&#038;.border-t-2]:pt-8  \">\n        <h2><span class=\"ez-toc-section\" id=\"GANADOR_DE_LA_BECA_2022\"><\/span>GANADOR DE LA BECA 2022<span class=\"ez-toc-section-end\"><\/span><\/h2>\n    <\/section>\n\n\n\n\n<figure class=\"wp-block-video alignleft\"><video controls src=\"https:\/\/iyal6ekq.cdn.imgeng.in\/wp-content\/uploads\/2022\/12\/2022-PLG-Scholarship-Winner.mp4\"><\/video><\/figure>\n\n\n\n<div class=\"wp-block-group\"><div class=\"wp-block-group__inner-container is-layout-constrained wp-block-group-is-layout-constrained\">    <section class=\"pl-block pl-raw-content mb-7 pl-t [&#038;.border-t-2]:pt-8  \">\n        <h2><span class=\"ez-toc-section\" id=\"GANADOR_DE_LA_BECA_2020\"><\/span>GANADOR DE LA BECA 2020<span class=\"ez-toc-section-end\"><\/span><\/h2>\n    <\/section>\n\n<\/div><\/div>\n\n\n\n<figure class=\"wp-block-embed is-type-video is-provider-youtube wp-block-embed-youtube wp-embed-aspect-16-9 wp-has-aspect-ratio\"><div class=\"wp-block-embed__wrapper\">\n<iframe title=\"Aidan&#039;s life has been hard. Pond Lehocky is helping him get the education he deserves.\" width=\"640\" height=\"360\" src=\"https:\/\/www.youtube.com\/embed\/-BtScgDWZYA?feature=oembed\" frameborder=\"0\" allow=\"accelerometer; autoplay; clipboard-write; encrypted-media; gyroscope; picture-in-picture; web-share\" referrerpolicy=\"strict-origin-when-cross-origin\" allowfullscreen><\/iframe>\n<\/div><\/figure>\n","protected":false},"excerpt":{"rendered":"","protected":false},"author":1,"featured_media":5974,"parent":3304,"menu_order":0,"comment_status":"open","ping_status":"open","template":"page-sidebar.php","meta":{"_acf_changed":true,"footnotes":"","_elementor_data":""},"class_list":["post-3311","page","type-page","status-publish","has-post-thumbnail","hentry"],"acf":[],"page_builder_type":"gutenberg","gutenberg_data":[],"yoast_head":"<!-- This site is optimized with the Yoast SEO Premium plugin v27.5 (Yoast SEO v27.5) - https:\/\/yoast.com\/product\/yoast-seo-premium-wordpress\/ -->\n<title>Beca Anual Pond Lehocky Giordano<\/title>\n<meta name=\"description\" content=\"Descarga la solicitud para postularte a la Beca Anual Pond Lehocky Giordano. Consulta qui\u00e9nes han sido los ganadores de la \u00faltima beca en Pond Lehocky Giordano.\" \/>\n<meta name=\"robots\" content=\"index, follow, max-snippet:-1, max-image-preview:large, max-video-preview:-1\" \/>\n<link rel=\"canonical\" href=\"https:\/\/www.pondlehocky.com\/es\/acerca-de\/nuestra-comunidad\/becas\/beca-anual-pond-lehocky-giordano\/\" \/>\n<meta property=\"og:locale\" content=\"es_ES\" \/>\n<meta property=\"og:type\" content=\"article\" \/>\n<meta property=\"og:title\" content=\"Beca anual Pond Lehocky Giordano\" \/>\n<meta property=\"og:description\" content=\"Descarga la solicitud para postularte a la Beca Anual Pond Lehocky Giordano. Consulta qui\u00e9nes han sido los ganadores de la \u00faltima beca en Pond Lehocky Giordano.\" \/>\n<meta property=\"og:url\" content=\"https:\/\/www.pondlehocky.com\/es\/acerca-de\/nuestra-comunidad\/becas\/beca-anual-pond-lehocky-giordano\/\" \/>\n<meta property=\"og:site_name\" content=\"Pond Lehocky Giordano, Inc.\" \/>\n<meta property=\"article:publisher\" content=\"https:\/\/www.instagram.com\/pondlehocky\/\" \/>\n<meta property=\"article:modified_time\" content=\"2025-12-19T15:32:13+00:00\" \/>\n<meta property=\"og:image\" content=\"https:\/\/www.pondlehocky.com\/wp-content\/uploads\/2024\/07\/faqs-bg.jpg\" \/>\n\t<meta property=\"og:image:width\" content=\"1440\" \/>\n\t<meta property=\"og:image:height\" content=\"325\" \/>\n\t<meta property=\"og:image:type\" content=\"image\/jpeg\" \/>\n<meta name=\"twitter:card\" content=\"summary_large_image\" \/>\n<meta name=\"twitter:label1\" content=\"Tiempo de lectura\" \/>\n\t<meta name=\"twitter:data1\" content=\"1 minuto\" \/>\n<script type=\"application\/ld+json\" class=\"yoast-schema-graph\">{\"@context\":\"https:\\\/\\\/schema.org\",\"@graph\":[{\"@type\":\"WebPage\",\"@id\":\"https:\\\/\\\/www.pondlehocky.com\\\/es\\\/acerca-de\\\/nuestra-comunidad\\\/becas\\\/beca-anual-pond-lehocky-giordano\\\/\",\"url\":\"https:\\\/\\\/www.pondlehocky.com\\\/es\\\/acerca-de\\\/nuestra-comunidad\\\/becas\\\/beca-anual-pond-lehocky-giordano\\\/\",\"name\":\"Beca Anual Pond Lehocky Giordano\",\"isPartOf\":{\"@id\":\"https:\\\/\\\/www.pondlehocky.com\\\/es\\\/#website\"},\"primaryImageOfPage\":{\"@id\":\"https:\\\/\\\/www.pondlehocky.com\\\/es\\\/acerca-de\\\/nuestra-comunidad\\\/becas\\\/beca-anual-pond-lehocky-giordano\\\/#primaryimage\"},\"image\":{\"@id\":\"https:\\\/\\\/www.pondlehocky.com\\\/es\\\/acerca-de\\\/nuestra-comunidad\\\/becas\\\/beca-anual-pond-lehocky-giordano\\\/#primaryimage\"},\"thumbnailUrl\":\"https:\\\/\\\/www.pondlehocky.com\\\/wp-content\\\/uploads\\\/2024\\\/07\\\/faqs-bg.jpg\",\"datePublished\":\"2022-08-24T18:43:56+00:00\",\"dateModified\":\"2025-12-19T15:32:13+00:00\",\"description\":\"Descarga la solicitud para postularte a la Beca Anual Pond Lehocky Giordano. Consulta qui\u00e9nes han sido los ganadores de la \u00faltima beca en Pond Lehocky Giordano.\",\"breadcrumb\":{\"@id\":\"https:\\\/\\\/www.pondlehocky.com\\\/es\\\/acerca-de\\\/nuestra-comunidad\\\/becas\\\/beca-anual-pond-lehocky-giordano\\\/#breadcrumb\"},\"inLanguage\":\"es\",\"potentialAction\":[{\"@type\":\"ReadAction\",\"target\":[\"https:\\\/\\\/www.pondlehocky.com\\\/es\\\/acerca-de\\\/nuestra-comunidad\\\/becas\\\/beca-anual-pond-lehocky-giordano\\\/\"]}]},{\"@type\":\"ImageObject\",\"inLanguage\":\"es\",\"@id\":\"https:\\\/\\\/www.pondlehocky.com\\\/es\\\/acerca-de\\\/nuestra-comunidad\\\/becas\\\/beca-anual-pond-lehocky-giordano\\\/#primaryimage\",\"url\":\"https:\\\/\\\/www.pondlehocky.com\\\/wp-content\\\/uploads\\\/2024\\\/07\\\/faqs-bg.jpg\",\"contentUrl\":\"https:\\\/\\\/www.pondlehocky.com\\\/wp-content\\\/uploads\\\/2024\\\/07\\\/faqs-bg.jpg\",\"width\":1440,\"height\":325,\"caption\":\"FAQS Background\"},{\"@type\":\"BreadcrumbList\",\"@id\":\"https:\\\/\\\/www.pondlehocky.com\\\/es\\\/acerca-de\\\/nuestra-comunidad\\\/becas\\\/beca-anual-pond-lehocky-giordano\\\/#breadcrumb\",\"itemListElement\":[{\"@type\":\"ListItem\",\"position\":1,\"name\":\"Home\",\"item\":\"https:\\\/\\\/www.pondlehocky.com\\\/es\\\/homepage\\\/\"},{\"@type\":\"ListItem\",\"position\":2,\"name\":\"Acerca de\",\"item\":\"https:\\\/\\\/www.pondlehocky.com\\\/es\\\/acerca-de\\\/\"},{\"@type\":\"ListItem\",\"position\":3,\"name\":\"Nuestra Comunidad\",\"item\":\"https:\\\/\\\/www.pondlehocky.com\\\/es\\\/acerca-de\\\/nuestra-comunidad\\\/\"},{\"@type\":\"ListItem\",\"position\":4,\"name\":\"Becas\",\"item\":\"https:\\\/\\\/www.pondlehocky.com\\\/es\\\/acerca-de\\\/nuestra-comunidad\\\/becas\\\/\"},{\"@type\":\"ListItem\",\"position\":5,\"name\":\"Beca anual Pond Lehocky Giordano\"}]},{\"@type\":\"WebSite\",\"@id\":\"https:\\\/\\\/www.pondlehocky.com\\\/es\\\/#website\",\"url\":\"https:\\\/\\\/www.pondlehocky.com\\\/es\\\/\",\"name\":\"Pond Lehocky Giordano, Inc.\",\"description\":\"Largest workers\u2019 compensation and Social Security disability law firm in Pennsylvania\",\"publisher\":{\"@id\":\"https:\\\/\\\/www.pondlehocky.com\\\/es\\\/#organization\"},\"alternateName\":\"Pond Lehocky Giordano, Inc.\",\"potentialAction\":[{\"@type\":\"SearchAction\",\"target\":{\"@type\":\"EntryPoint\",\"urlTemplate\":\"https:\\\/\\\/www.pondlehocky.com\\\/es\\\/?s={search_term_string}\"},\"query-input\":{\"@type\":\"PropertyValueSpecification\",\"valueRequired\":true,\"valueName\":\"search_term_string\"}}],\"inLanguage\":\"es\"},{\"@type\":\"Organization\",\"@id\":\"https:\\\/\\\/www.pondlehocky.com\\\/es\\\/#organization\",\"name\":\"Pond Lehocky Giordano, Inc\",\"alternateName\":\"Pond Lehocky Giordano, Inc.\",\"url\":\"https:\\\/\\\/www.pondlehocky.com\\\/es\\\/\",\"logo\":{\"@type\":\"ImageObject\",\"inLanguage\":\"es\",\"@id\":\"https:\\\/\\\/www.pondlehocky.com\\\/es\\\/#\\\/schema\\\/logo\\\/image\\\/\",\"url\":\"https:\\\/\\\/www.pondlehocky.com\\\/wp-content\\\/uploads\\\/2024\\\/04\\\/pond-lehocky-logo.png\",\"contentUrl\":\"https:\\\/\\\/www.pondlehocky.com\\\/wp-content\\\/uploads\\\/2024\\\/04\\\/pond-lehocky-logo.png\",\"width\":355,\"height\":28,\"caption\":\"Pond Lehocky Giordano, Inc\"},\"image\":{\"@id\":\"https:\\\/\\\/www.pondlehocky.com\\\/es\\\/#\\\/schema\\\/logo\\\/image\\\/\"},\"sameAs\":[\"https:\\\/\\\/www.instagram.com\\\/pondlehocky\\\/\",\"https:\\\/\\\/www.youtube.com\\\/user\\\/pondlehocky\",\"https:\\\/\\\/www.tiktok.com\\\/@pondlehockygiordano\",\"https:\\\/\\\/www.facebook.com\\\/PondLehocky\",\"https:\\\/\\\/www.linkedin.com\\\/company\\\/pond-lehocky-giordano\\\/\"]}]}<\/script>\n<!-- \/ Yoast SEO Premium plugin. -->","yoast_head_json":{"title":"Beca Anual Pond Lehocky Giordano","description":"Descarga la solicitud para postularte a la Beca Anual Pond Lehocky Giordano. Consulta qui\u00e9nes han sido los ganadores de la \u00faltima beca en Pond Lehocky Giordano.","robots":{"index":"index","follow":"follow","max-snippet":"max-snippet:-1","max-image-preview":"max-image-preview:large","max-video-preview":"max-video-preview:-1"},"canonical":"https:\/\/www.pondlehocky.com\/es\/acerca-de\/nuestra-comunidad\/becas\/beca-anual-pond-lehocky-giordano\/","og_locale":"es_ES","og_type":"article","og_title":"Beca anual Pond Lehocky Giordano","og_description":"Descarga la solicitud para postularte a la Beca Anual Pond Lehocky Giordano. Consulta qui\u00e9nes han sido los ganadores de la \u00faltima beca en Pond Lehocky Giordano.","og_url":"https:\/\/www.pondlehocky.com\/es\/acerca-de\/nuestra-comunidad\/becas\/beca-anual-pond-lehocky-giordano\/","og_site_name":"Pond Lehocky Giordano, Inc.","article_publisher":"https:\/\/www.instagram.com\/pondlehocky\/","article_modified_time":"2025-12-19T15:32:13+00:00","og_image":[{"width":1440,"height":325,"url":"https:\/\/www.pondlehocky.com\/wp-content\/uploads\/2024\/07\/faqs-bg.jpg","type":"image\/jpeg"}],"twitter_card":"summary_large_image","twitter_misc":{"Tiempo de lectura":"1 minuto"},"schema":{"@context":"https:\/\/schema.org","@graph":[{"@type":"WebPage","@id":"https:\/\/www.pondlehocky.com\/es\/acerca-de\/nuestra-comunidad\/becas\/beca-anual-pond-lehocky-giordano\/","url":"https:\/\/www.pondlehocky.com\/es\/acerca-de\/nuestra-comunidad\/becas\/beca-anual-pond-lehocky-giordano\/","name":"Beca Anual Pond Lehocky Giordano","isPartOf":{"@id":"https:\/\/www.pondlehocky.com\/es\/#website"},"primaryImageOfPage":{"@id":"https:\/\/www.pondlehocky.com\/es\/acerca-de\/nuestra-comunidad\/becas\/beca-anual-pond-lehocky-giordano\/#primaryimage"},"image":{"@id":"https:\/\/www.pondlehocky.com\/es\/acerca-de\/nuestra-comunidad\/becas\/beca-anual-pond-lehocky-giordano\/#primaryimage"},"thumbnailUrl":"https:\/\/www.pondlehocky.com\/wp-content\/uploads\/2024\/07\/faqs-bg.jpg","datePublished":"2022-08-24T18:43:56+00:00","dateModified":"2025-12-19T15:32:13+00:00","description":"Descarga la solicitud para postularte a la Beca Anual Pond Lehocky Giordano. Consulta qui\u00e9nes han sido los ganadores de la \u00faltima beca en Pond Lehocky Giordano.","breadcrumb":{"@id":"https:\/\/www.pondlehocky.com\/es\/acerca-de\/nuestra-comunidad\/becas\/beca-anual-pond-lehocky-giordano\/#breadcrumb"},"inLanguage":"es","potentialAction":[{"@type":"ReadAction","target":["https:\/\/www.pondlehocky.com\/es\/acerca-de\/nuestra-comunidad\/becas\/beca-anual-pond-lehocky-giordano\/"]}]},{"@type":"ImageObject","inLanguage":"es","@id":"https:\/\/www.pondlehocky.com\/es\/acerca-de\/nuestra-comunidad\/becas\/beca-anual-pond-lehocky-giordano\/#primaryimage","url":"https:\/\/www.pondlehocky.com\/wp-content\/uploads\/2024\/07\/faqs-bg.jpg","contentUrl":"https:\/\/www.pondlehocky.com\/wp-content\/uploads\/2024\/07\/faqs-bg.jpg","width":1440,"height":325,"caption":"FAQS Background"},{"@type":"BreadcrumbList","@id":"https:\/\/www.pondlehocky.com\/es\/acerca-de\/nuestra-comunidad\/becas\/beca-anual-pond-lehocky-giordano\/#breadcrumb","itemListElement":[{"@type":"ListItem","position":1,"name":"Home","item":"https:\/\/www.pondlehocky.com\/es\/homepage\/"},{"@type":"ListItem","position":2,"name":"Acerca de","item":"https:\/\/www.pondlehocky.com\/es\/acerca-de\/"},{"@type":"ListItem","position":3,"name":"Nuestra Comunidad","item":"https:\/\/www.pondlehocky.com\/es\/acerca-de\/nuestra-comunidad\/"},{"@type":"ListItem","position":4,"name":"Becas","item":"https:\/\/www.pondlehocky.com\/es\/acerca-de\/nuestra-comunidad\/becas\/"},{"@type":"ListItem","position":5,"name":"Beca anual Pond Lehocky Giordano"}]},{"@type":"WebSite","@id":"https:\/\/www.pondlehocky.com\/es\/#website","url":"https:\/\/www.pondlehocky.com\/es\/","name":"Pond Lehocky Giordano, Inc.","description":"Largest workers\u2019 compensation and Social Security disability law firm in Pennsylvania","publisher":{"@id":"https:\/\/www.pondlehocky.com\/es\/#organization"},"alternateName":"Pond Lehocky Giordano, Inc.","potentialAction":[{"@type":"SearchAction","target":{"@type":"EntryPoint","urlTemplate":"https:\/\/www.pondlehocky.com\/es\/?s={search_term_string}"},"query-input":{"@type":"PropertyValueSpecification","valueRequired":true,"valueName":"search_term_string"}}],"inLanguage":"es"},{"@type":"Organization","@id":"https:\/\/www.pondlehocky.com\/es\/#organization","name":"Pond Lehocky Giordano, Inc","alternateName":"Pond Lehocky Giordano, Inc.","url":"https:\/\/www.pondlehocky.com\/es\/","logo":{"@type":"ImageObject","inLanguage":"es","@id":"https:\/\/www.pondlehocky.com\/es\/#\/schema\/logo\/image\/","url":"https:\/\/www.pondlehocky.com\/wp-content\/uploads\/2024\/04\/pond-lehocky-logo.png","contentUrl":"https:\/\/www.pondlehocky.com\/wp-content\/uploads\/2024\/04\/pond-lehocky-logo.png","width":355,"height":28,"caption":"Pond Lehocky Giordano, Inc"},"image":{"@id":"https:\/\/www.pondlehocky.com\/es\/#\/schema\/logo\/image\/"},"sameAs":["https:\/\/www.instagram.com\/pondlehocky\/","https:\/\/www.youtube.com\/user\/pondlehocky","https:\/\/www.tiktok.com\/@pondlehockygiordano","https:\/\/www.facebook.com\/PondLehocky","https:\/\/www.linkedin.com\/company\/pond-lehocky-giordano\/"]}]}},"_links":{"self":[{"href":"https:\/\/www.pondlehocky.com\/es\/wp-json\/wp\/v2\/pages\/3311","targetHints":{"allow":["GET"]}}],"collection":[{"href":"https:\/\/www.pondlehocky.com\/es\/wp-json\/wp\/v2\/pages"}],"about":[{"href":"https:\/\/www.pondlehocky.com\/es\/wp-json\/wp\/v2\/types\/page"}],"author":[{"embeddable":true,"href":"https:\/\/www.pondlehocky.com\/es\/wp-json\/wp\/v2\/users\/1"}],"replies":[{"embeddable":true,"href":"https:\/\/www.pondlehocky.com\/es\/wp-json\/wp\/v2\/comments?post=3311"}],"version-history":[{"count":0,"href":"https:\/\/www.pondlehocky.com\/es\/wp-json\/wp\/v2\/pages\/3311\/revisions"}],"up":[{"embeddable":true,"href":"https:\/\/www.pondlehocky.com\/es\/wp-json\/wp\/v2\/pages\/3304"}],"wp:featuredmedia":[{"embeddable":true,"href":"https:\/\/www.pondlehocky.com\/es\/wp-json\/wp\/v2\/media\/5974"}],"wp:attachment":[{"href":"https:\/\/www.pondlehocky.com\/es\/wp-json\/wp\/v2\/media?parent=3311"}],"curies":[{"name":"wp","href":"https:\/\/api.w.org\/{rel}","templated":true}]}}