{"id":3438,"date":"2023-03-30T00:39:44","date_gmt":"2023-03-30T00:39:44","guid":{"rendered":"https:\/\/www.pondlehocky.com\/acerca-de\/nuestra-comunidad\/boletin-de-noticias\/"},"modified":"2024-07-26T20:22:28","modified_gmt":"2024-07-26T20:22:28","slug":"boletin-de-noticias","status":"publish","type":"page","link":"https:\/\/www.pondlehocky.com\/es\/acerca-de\/nuestra-comunidad\/boletin-de-noticias\/","title":{"rendered":"Bolet\u00edn de noticias"},"content":{"rendered":"    <section class=\"pl-block pl-raw-content mb-7 pl-t [&#038;.border-t-2]:pt-8  \">\n        <p class=\"p1\">Nuestro bolet\u00edn de noticias es una excelente manera de mantenerse al d\u00eda sobre las \u00faltimas noticias y novedades relativas tanto a Pond Lehocky Giordano LLP como al \u00e1mbito jur\u00eddico en general. Proporcionamos informaci\u00f3n y an\u00e1lisis sobre diversos temas, como la indemnizaci\u00f3n por accidente laboral, la incapacidad de la Seguridad Social, los da\u00f1os personales y muchos m\u00e1s.<\/p>\n<p class=\"p1\">Una de las cosas que m\u00e1s nos gusta hacer en nuestro bolet\u00edn es ofrecer res\u00famenes de casos anteriores. Creemos que examinando los resultados de estos casos podemos comprender mejor la ley y c\u00f3mo se aplica a nuestros clientes.<\/p>\n<p class=\"p1\">Adem\u00e1s de actualizaciones jur\u00eddicas, nuestro bolet\u00edn tambi\u00e9n incluye noticias sobre nuestro bufete. Nos gusta mantener informados a nuestros clientes y suscriptores de nuestras actividades, nuevas contrataciones, premios recibidos y otras noticias interesantes.<\/p>\n<p class=\"p1\">Si est\u00e1 interesado en mantenerse informado sobre las \u00faltimas novedades en el \u00e1mbito jur\u00eddico y sobre nuestro bufete, le invitamos a suscribirse a nuestro bolet\u00edn de noticias. S\u00f3lo tiene que indicarnos su direcci\u00f3n de correo electr\u00f3nico en nuestro formulario de contacto y le enviaremos peri\u00f3dicamente nuestras \u00faltimas novedades. Mientras tanto, puede consultar nuestros \u00faltimos boletines haciendo clic en los enlaces siguientes.<\/p>\n<p class=\"p1\">Gracias por considerar nuestro bolet\u00edn y esperamos seguir en contacto con usted.<\/p>\n    <\/section>\n\n","protected":false},"excerpt":{"rendered":"","protected":false},"author":1,"featured_media":4556,"parent":4489,"menu_order":9,"comment_status":"open","ping_status":"open","template":"page-sidebar.php","meta":{"_acf_changed":true,"footnotes":"","_elementor_data":""},"class_list":["post-3438","page","type-page","status-publish","has-post-thumbnail","hentry"],"acf":[],"page_builder_type":"gutenberg","gutenberg_data":[],"yoast_head":"<!-- This site is optimized with the Yoast SEO Premium plugin v27.4 (Yoast SEO v27.4) - https:\/\/yoast.com\/product\/yoast-seo-premium-wordpress\/ -->\n<title>Bolet\u00edn de noticias | Pond Lehocky Giordano LLP<\/title>\n<meta name=\"description\" content=\"Our newsletter is a great way to stay up to date on the latest news and developments regarding both Pond Lehocky Giordano LLP and the legal field at large\" \/>\n<meta name=\"robots\" content=\"index, follow, max-snippet:-1, max-image-preview:large, max-video-preview:-1\" \/>\n<link rel=\"canonical\" href=\"https:\/\/www.pondlehocky.com\/es\/acerca-de\/nuestra-comunidad\/boletin-de-noticias\/\" \/>\n<meta property=\"og:locale\" content=\"es_ES\" \/>\n<meta property=\"og:type\" content=\"article\" \/>\n<meta property=\"og:title\" content=\"Bolet\u00edn de noticias\" \/>\n<meta property=\"og:description\" content=\"Our newsletter is a great way to stay up to date on the latest news and developments regarding both Pond Lehocky Giordano LLP and the legal field at large\" \/>\n<meta property=\"og:url\" content=\"https:\/\/www.pondlehocky.com\/es\/acerca-de\/nuestra-comunidad\/boletin-de-noticias\/\" \/>\n<meta property=\"og:site_name\" content=\"Pond Lehocky Giordano, Inc.\" \/>\n<meta property=\"article:publisher\" content=\"https:\/\/www.instagram.com\/pondlehocky\/\" \/>\n<meta property=\"article:modified_time\" content=\"2024-07-26T20:22:28+00:00\" \/>\n<meta property=\"og:image\" content=\"https:\/\/www.pondlehocky.com\/wp-content\/uploads\/2024\/06\/scholarships-bg.jpg\" \/>\n\t<meta property=\"og:image:width\" content=\"1440\" \/>\n\t<meta property=\"og:image:height\" content=\"325\" \/>\n\t<meta property=\"og:image:type\" content=\"image\/jpeg\" \/>\n<meta name=\"twitter:card\" content=\"summary_large_image\" \/>\n<meta name=\"twitter:label1\" content=\"Tiempo de lectura\" \/>\n\t<meta name=\"twitter:data1\" content=\"1 minuto\" \/>\n<script type=\"application\/ld+json\" class=\"yoast-schema-graph\">{\"@context\":\"https:\\\/\\\/schema.org\",\"@graph\":[{\"@type\":\"WebPage\",\"@id\":\"https:\\\/\\\/www.pondlehocky.com\\\/es\\\/acerca-de\\\/nuestra-comunidad\\\/boletin-de-noticias\\\/\",\"url\":\"https:\\\/\\\/www.pondlehocky.com\\\/es\\\/acerca-de\\\/nuestra-comunidad\\\/boletin-de-noticias\\\/\",\"name\":\"Bolet\u00edn de noticias | Pond Lehocky Giordano LLP\",\"isPartOf\":{\"@id\":\"https:\\\/\\\/www.pondlehocky.com\\\/es\\\/#website\"},\"primaryImageOfPage\":{\"@id\":\"https:\\\/\\\/www.pondlehocky.com\\\/es\\\/acerca-de\\\/nuestra-comunidad\\\/boletin-de-noticias\\\/#primaryimage\"},\"image\":{\"@id\":\"https:\\\/\\\/www.pondlehocky.com\\\/es\\\/acerca-de\\\/nuestra-comunidad\\\/boletin-de-noticias\\\/#primaryimage\"},\"thumbnailUrl\":\"https:\\\/\\\/www.pondlehocky.com\\\/wp-content\\\/uploads\\\/2024\\\/06\\\/scholarships-bg.jpg\",\"datePublished\":\"2023-03-30T00:39:44+00:00\",\"dateModified\":\"2024-07-26T20:22:28+00:00\",\"description\":\"Our newsletter is a great way to stay up to date on the latest news and developments regarding both Pond Lehocky Giordano LLP and the legal field at large\",\"breadcrumb\":{\"@id\":\"https:\\\/\\\/www.pondlehocky.com\\\/es\\\/acerca-de\\\/nuestra-comunidad\\\/boletin-de-noticias\\\/#breadcrumb\"},\"inLanguage\":\"es\",\"potentialAction\":[{\"@type\":\"ReadAction\",\"target\":[\"https:\\\/\\\/www.pondlehocky.com\\\/es\\\/acerca-de\\\/nuestra-comunidad\\\/boletin-de-noticias\\\/\"]}]},{\"@type\":\"ImageObject\",\"inLanguage\":\"es\",\"@id\":\"https:\\\/\\\/www.pondlehocky.com\\\/es\\\/acerca-de\\\/nuestra-comunidad\\\/boletin-de-noticias\\\/#primaryimage\",\"url\":\"https:\\\/\\\/www.pondlehocky.com\\\/wp-content\\\/uploads\\\/2024\\\/06\\\/scholarships-bg.jpg\",\"contentUrl\":\"https:\\\/\\\/www.pondlehocky.com\\\/wp-content\\\/uploads\\\/2024\\\/06\\\/scholarships-bg.jpg\",\"width\":1440,\"height\":325,\"caption\":\"row of law books\"},{\"@type\":\"BreadcrumbList\",\"@id\":\"https:\\\/\\\/www.pondlehocky.com\\\/es\\\/acerca-de\\\/nuestra-comunidad\\\/boletin-de-noticias\\\/#breadcrumb\",\"itemListElement\":[{\"@type\":\"ListItem\",\"position\":1,\"name\":\"Home\",\"item\":\"https:\\\/\\\/www.pondlehocky.com\\\/es\\\/homepage\\\/\"},{\"@type\":\"ListItem\",\"position\":2,\"name\":\"Acerca de\",\"item\":\"https:\\\/\\\/www.pondlehocky.com\\\/es\\\/acerca-de\\\/\"},{\"@type\":\"ListItem\",\"position\":3,\"name\":\"Nuestra Comunidad\",\"item\":\"https:\\\/\\\/www.pondlehocky.com\\\/es\\\/acerca-de\\\/nuestra-comunidad\\\/\"},{\"@type\":\"ListItem\",\"position\":4,\"name\":\"Bolet\u00edn de noticias\"}]},{\"@type\":\"WebSite\",\"@id\":\"https:\\\/\\\/www.pondlehocky.com\\\/es\\\/#website\",\"url\":\"https:\\\/\\\/www.pondlehocky.com\\\/es\\\/\",\"name\":\"Pond Lehocky Giordano, Inc.\",\"description\":\"Largest workers\u2019 compensation and Social Security disability law firm in Pennsylvania\",\"publisher\":{\"@id\":\"https:\\\/\\\/www.pondlehocky.com\\\/es\\\/#organization\"},\"alternateName\":\"Pond Lehocky Giordano, Inc.\",\"potentialAction\":[{\"@type\":\"SearchAction\",\"target\":{\"@type\":\"EntryPoint\",\"urlTemplate\":\"https:\\\/\\\/www.pondlehocky.com\\\/es\\\/?s={search_term_string}\"},\"query-input\":{\"@type\":\"PropertyValueSpecification\",\"valueRequired\":true,\"valueName\":\"search_term_string\"}}],\"inLanguage\":\"es\"},{\"@type\":\"Organization\",\"@id\":\"https:\\\/\\\/www.pondlehocky.com\\\/es\\\/#organization\",\"name\":\"Pond Lehocky Giordano, Inc\",\"alternateName\":\"Pond Lehocky Giordano, Inc.\",\"url\":\"https:\\\/\\\/www.pondlehocky.com\\\/es\\\/\",\"logo\":{\"@type\":\"ImageObject\",\"inLanguage\":\"es\",\"@id\":\"https:\\\/\\\/www.pondlehocky.com\\\/es\\\/#\\\/schema\\\/logo\\\/image\\\/\",\"url\":\"https:\\\/\\\/www.pondlehocky.com\\\/wp-content\\\/uploads\\\/2024\\\/04\\\/pond-lehocky-logo.png\",\"contentUrl\":\"https:\\\/\\\/www.pondlehocky.com\\\/wp-content\\\/uploads\\\/2024\\\/04\\\/pond-lehocky-logo.png\",\"width\":355,\"height\":28,\"caption\":\"Pond Lehocky Giordano, Inc\"},\"image\":{\"@id\":\"https:\\\/\\\/www.pondlehocky.com\\\/es\\\/#\\\/schema\\\/logo\\\/image\\\/\"},\"sameAs\":[\"https:\\\/\\\/www.instagram.com\\\/pondlehocky\\\/\",\"https:\\\/\\\/www.youtube.com\\\/user\\\/pondlehocky\",\"https:\\\/\\\/www.tiktok.com\\\/@pondlehockygiordano\",\"https:\\\/\\\/www.facebook.com\\\/PondLehocky\",\"https:\\\/\\\/www.linkedin.com\\\/company\\\/pond-lehocky-giordano\\\/\"]}]}<\/script>\n<!-- \/ Yoast SEO Premium plugin. -->","yoast_head_json":{"title":"Bolet\u00edn de noticias | Pond Lehocky Giordano LLP","description":"Our newsletter is a great way to stay up to date on the latest news and developments regarding both Pond Lehocky Giordano LLP and the legal field at large","robots":{"index":"index","follow":"follow","max-snippet":"max-snippet:-1","max-image-preview":"max-image-preview:large","max-video-preview":"max-video-preview:-1"},"canonical":"https:\/\/www.pondlehocky.com\/es\/acerca-de\/nuestra-comunidad\/boletin-de-noticias\/","og_locale":"es_ES","og_type":"article","og_title":"Bolet\u00edn de noticias","og_description":"Our newsletter is a great way to stay up to date on the latest news and developments regarding both Pond Lehocky Giordano LLP and the legal field at large","og_url":"https:\/\/www.pondlehocky.com\/es\/acerca-de\/nuestra-comunidad\/boletin-de-noticias\/","og_site_name":"Pond Lehocky Giordano, Inc.","article_publisher":"https:\/\/www.instagram.com\/pondlehocky\/","article_modified_time":"2024-07-26T20:22:28+00:00","og_image":[{"width":1440,"height":325,"url":"https:\/\/www.pondlehocky.com\/wp-content\/uploads\/2024\/06\/scholarships-bg.jpg","type":"image\/jpeg"}],"twitter_card":"summary_large_image","twitter_misc":{"Tiempo de lectura":"1 minuto"},"schema":{"@context":"https:\/\/schema.org","@graph":[{"@type":"WebPage","@id":"https:\/\/www.pondlehocky.com\/es\/acerca-de\/nuestra-comunidad\/boletin-de-noticias\/","url":"https:\/\/www.pondlehocky.com\/es\/acerca-de\/nuestra-comunidad\/boletin-de-noticias\/","name":"Bolet\u00edn de noticias | Pond Lehocky Giordano LLP","isPartOf":{"@id":"https:\/\/www.pondlehocky.com\/es\/#website"},"primaryImageOfPage":{"@id":"https:\/\/www.pondlehocky.com\/es\/acerca-de\/nuestra-comunidad\/boletin-de-noticias\/#primaryimage"},"image":{"@id":"https:\/\/www.pondlehocky.com\/es\/acerca-de\/nuestra-comunidad\/boletin-de-noticias\/#primaryimage"},"thumbnailUrl":"https:\/\/www.pondlehocky.com\/wp-content\/uploads\/2024\/06\/scholarships-bg.jpg","datePublished":"2023-03-30T00:39:44+00:00","dateModified":"2024-07-26T20:22:28+00:00","description":"Our newsletter is a great way to stay up to date on the latest news and developments regarding both Pond Lehocky Giordano LLP and the legal field at large","breadcrumb":{"@id":"https:\/\/www.pondlehocky.com\/es\/acerca-de\/nuestra-comunidad\/boletin-de-noticias\/#breadcrumb"},"inLanguage":"es","potentialAction":[{"@type":"ReadAction","target":["https:\/\/www.pondlehocky.com\/es\/acerca-de\/nuestra-comunidad\/boletin-de-noticias\/"]}]},{"@type":"ImageObject","inLanguage":"es","@id":"https:\/\/www.pondlehocky.com\/es\/acerca-de\/nuestra-comunidad\/boletin-de-noticias\/#primaryimage","url":"https:\/\/www.pondlehocky.com\/wp-content\/uploads\/2024\/06\/scholarships-bg.jpg","contentUrl":"https:\/\/www.pondlehocky.com\/wp-content\/uploads\/2024\/06\/scholarships-bg.jpg","width":1440,"height":325,"caption":"row of law books"},{"@type":"BreadcrumbList","@id":"https:\/\/www.pondlehocky.com\/es\/acerca-de\/nuestra-comunidad\/boletin-de-noticias\/#breadcrumb","itemListElement":[{"@type":"ListItem","position":1,"name":"Home","item":"https:\/\/www.pondlehocky.com\/es\/homepage\/"},{"@type":"ListItem","position":2,"name":"Acerca de","item":"https:\/\/www.pondlehocky.com\/es\/acerca-de\/"},{"@type":"ListItem","position":3,"name":"Nuestra Comunidad","item":"https:\/\/www.pondlehocky.com\/es\/acerca-de\/nuestra-comunidad\/"},{"@type":"ListItem","position":4,"name":"Bolet\u00edn de noticias"}]},{"@type":"WebSite","@id":"https:\/\/www.pondlehocky.com\/es\/#website","url":"https:\/\/www.pondlehocky.com\/es\/","name":"Pond Lehocky Giordano, Inc.","description":"Largest workers\u2019 compensation and Social Security disability law firm in Pennsylvania","publisher":{"@id":"https:\/\/www.pondlehocky.com\/es\/#organization"},"alternateName":"Pond Lehocky Giordano, Inc.","potentialAction":[{"@type":"SearchAction","target":{"@type":"EntryPoint","urlTemplate":"https:\/\/www.pondlehocky.com\/es\/?s={search_term_string}"},"query-input":{"@type":"PropertyValueSpecification","valueRequired":true,"valueName":"search_term_string"}}],"inLanguage":"es"},{"@type":"Organization","@id":"https:\/\/www.pondlehocky.com\/es\/#organization","name":"Pond Lehocky Giordano, Inc","alternateName":"Pond Lehocky Giordano, Inc.","url":"https:\/\/www.pondlehocky.com\/es\/","logo":{"@type":"ImageObject","inLanguage":"es","@id":"https:\/\/www.pondlehocky.com\/es\/#\/schema\/logo\/image\/","url":"https:\/\/www.pondlehocky.com\/wp-content\/uploads\/2024\/04\/pond-lehocky-logo.png","contentUrl":"https:\/\/www.pondlehocky.com\/wp-content\/uploads\/2024\/04\/pond-lehocky-logo.png","width":355,"height":28,"caption":"Pond Lehocky Giordano, Inc"},"image":{"@id":"https:\/\/www.pondlehocky.com\/es\/#\/schema\/logo\/image\/"},"sameAs":["https:\/\/www.instagram.com\/pondlehocky\/","https:\/\/www.youtube.com\/user\/pondlehocky","https:\/\/www.tiktok.com\/@pondlehockygiordano","https:\/\/www.facebook.com\/PondLehocky","https:\/\/www.linkedin.com\/company\/pond-lehocky-giordano\/"]}]}},"_links":{"self":[{"href":"https:\/\/www.pondlehocky.com\/es\/wp-json\/wp\/v2\/pages\/3438","targetHints":{"allow":["GET"]}}],"collection":[{"href":"https:\/\/www.pondlehocky.com\/es\/wp-json\/wp\/v2\/pages"}],"about":[{"href":"https:\/\/www.pondlehocky.com\/es\/wp-json\/wp\/v2\/types\/page"}],"author":[{"embeddable":true,"href":"https:\/\/www.pondlehocky.com\/es\/wp-json\/wp\/v2\/users\/1"}],"replies":[{"embeddable":true,"href":"https:\/\/www.pondlehocky.com\/es\/wp-json\/wp\/v2\/comments?post=3438"}],"version-history":[{"count":0,"href":"https:\/\/www.pondlehocky.com\/es\/wp-json\/wp\/v2\/pages\/3438\/revisions"}],"up":[{"embeddable":true,"href":"https:\/\/www.pondlehocky.com\/es\/wp-json\/wp\/v2\/pages\/4489"}],"wp:featuredmedia":[{"embeddable":true,"href":"https:\/\/www.pondlehocky.com\/es\/wp-json\/wp\/v2\/media\/4556"}],"wp:attachment":[{"href":"https:\/\/www.pondlehocky.com\/es\/wp-json\/wp\/v2\/media?parent=3438"}],"curies":[{"name":"wp","href":"https:\/\/api.w.org\/{rel}","templated":true}]}}