{"id":3595,"date":"2024-01-16T19:01:25","date_gmt":"2024-01-16T19:01:25","guid":{"rendered":"https:\/\/www.pondlehocky.com\/acerca-de\/nuestra-comunidad\/plg-x-the-labor-show\/"},"modified":"2025-11-19T15:51:04","modified_gmt":"2025-11-19T15:51:04","slug":"plg-x-the-labor-show","status":"publish","type":"page","link":"https:\/\/www.pondlehocky.com\/es\/plg-x-the-labor-show\/","title":{"rendered":"PLG x The Labor Show"},"content":{"rendered":"    <section class=\"pl-block pl-raw-content mb-7 pl-t [&#038;.border-t-2]:pt-8  \">\n        <p class=\"p1\">Desde 2014, el Labor Show con JDoc (Joe Dougherty Jr. de PhillyLabor) y Krausey (Joe Krause de Jakib Media) ha dado voz al movimiento obrero de Filadelfia. Presentado en WWDB AM 860 Talk Radio, su programa ofrece una visi\u00f3n desde dentro de \u00abtodo lo laboral\u00bb, a la vez que presenta a destacadas figuras y l\u00edderes del mundo laboral, pol\u00edtico y empresarial local y nacional.<\/p>\n<p class=\"p1\">El socio gerente Sam Pond aparece a menudo en el programa para aportar su experiencia y conocimientos. Los temas de los episodios anteriores con Sam han incluido el liderazgo sindical, la defensa del trabajo, la educaci\u00f3n sobre el sistema de compensaci\u00f3n de los trabajadores, y muchos otros temas de conversaci\u00f3n relacionados con el trabajo de Filadelfia.<\/p>\n<p class=\"p1\">Echa un vistazo a la entrada de nuestro\u00a0<a href=\"https:\/\/www.pondlehocky.com\/es\/noticias-de-la-empresa\/sam-pond-y-dylan-pond-entrevistados-en-el-programa-lawyers-of-pond-lehocky-show\/\"><span class=\"s1\"><b>blog<\/b><\/span><\/a>\u00a0sobre un episodio especial en el que JDoc entrevista a Sam y Dylan Pond sobre la larga historia de su familia con los sindicatos, su conexi\u00f3n con Filadelfia y su visi\u00f3n de Pond Lehocky Giordano.<\/p>\n<p><a class=\"pl-button pl-button--large pl-button--primary mt-2\" href=\"https:\/\/wwdbam.com\/podcasts\/89693\/\">ESCUCHAR EN L\u00cdNEA<\/a><\/p>\n    <\/section>\n\n","protected":false},"excerpt":{"rendered":"","protected":false},"author":1,"featured_media":4548,"parent":0,"menu_order":35,"comment_status":"open","ping_status":"open","template":"page-sidebar.php","meta":{"_acf_changed":true,"footnotes":"","_elementor_data":""},"class_list":["post-3595","page","type-page","status-publish","has-post-thumbnail","hentry"],"acf":[],"page_builder_type":"gutenberg","gutenberg_data":[],"yoast_head":"<!-- This site is optimized with the Yoast SEO Premium plugin v27.4 (Yoast SEO v27.5) - https:\/\/yoast.com\/product\/yoast-seo-premium-wordpress\/ -->\n<title>Pond Lehocky x The Labor Show | Pond Lehocky Giordano LLP<\/title>\n<meta name=\"description\" content=\"Pond Lehocky Giordano se enorgullece de colaborar con The Labor Show with JDoc and Krausey, que ha dado voz al movimiento...\" \/>\n<meta name=\"robots\" content=\"index, follow, max-snippet:-1, max-image-preview:large, max-video-preview:-1\" \/>\n<link rel=\"canonical\" href=\"https:\/\/www.pondlehocky.com\/es\/plg-x-the-labor-show\/\" \/>\n<meta property=\"og:locale\" content=\"es_ES\" \/>\n<meta property=\"og:type\" content=\"article\" \/>\n<meta property=\"og:title\" content=\"PLG x The Labor Show\" \/>\n<meta property=\"og:description\" content=\"Pond Lehocky Giordano se enorgullece de colaborar con The Labor Show with JDoc and Krausey, que ha dado voz al movimiento...\" \/>\n<meta property=\"og:url\" content=\"https:\/\/www.pondlehocky.com\/es\/plg-x-the-labor-show\/\" \/>\n<meta property=\"og:site_name\" content=\"Pond Lehocky Giordano, Inc.\" \/>\n<meta property=\"article:publisher\" content=\"https:\/\/www.instagram.com\/pondlehocky\/\" \/>\n<meta property=\"article:modified_time\" content=\"2025-11-19T15:51:04+00:00\" \/>\n<meta property=\"og:image\" content=\"https:\/\/www.pondlehocky.com\/wp-content\/uploads\/2024\/06\/Partnerships-bg.jpg\" \/>\n\t<meta property=\"og:image:width\" content=\"1440\" \/>\n\t<meta property=\"og:image:height\" content=\"325\" \/>\n\t<meta property=\"og:image:type\" content=\"image\/jpeg\" \/>\n<meta name=\"twitter:card\" content=\"summary_large_image\" \/>\n<meta name=\"twitter:label1\" content=\"Tiempo de lectura\" \/>\n\t<meta name=\"twitter:data1\" content=\"1 minuto\" \/>\n<script type=\"application\/ld+json\" class=\"yoast-schema-graph\">{\"@context\":\"https:\\\/\\\/schema.org\",\"@graph\":[{\"@type\":\"WebPage\",\"@id\":\"https:\\\/\\\/www.pondlehocky.com\\\/es\\\/plg-x-the-labor-show\\\/\",\"url\":\"https:\\\/\\\/www.pondlehocky.com\\\/es\\\/plg-x-the-labor-show\\\/\",\"name\":\"Pond Lehocky x The Labor Show | Pond Lehocky Giordano LLP\",\"isPartOf\":{\"@id\":\"https:\\\/\\\/www.pondlehocky.com\\\/es\\\/#website\"},\"primaryImageOfPage\":{\"@id\":\"https:\\\/\\\/www.pondlehocky.com\\\/es\\\/plg-x-the-labor-show\\\/#primaryimage\"},\"image\":{\"@id\":\"https:\\\/\\\/www.pondlehocky.com\\\/es\\\/plg-x-the-labor-show\\\/#primaryimage\"},\"thumbnailUrl\":\"https:\\\/\\\/www.pondlehocky.com\\\/wp-content\\\/uploads\\\/2024\\\/06\\\/Partnerships-bg.jpg\",\"datePublished\":\"2024-01-16T19:01:25+00:00\",\"dateModified\":\"2025-11-19T15:51:04+00:00\",\"description\":\"Pond Lehocky Giordano se enorgullece de colaborar con The Labor Show with JDoc and Krausey, que ha dado voz al movimiento...\",\"breadcrumb\":{\"@id\":\"https:\\\/\\\/www.pondlehocky.com\\\/es\\\/plg-x-the-labor-show\\\/#breadcrumb\"},\"inLanguage\":\"es\",\"potentialAction\":[{\"@type\":\"ReadAction\",\"target\":[\"https:\\\/\\\/www.pondlehocky.com\\\/es\\\/plg-x-the-labor-show\\\/\"]}]},{\"@type\":\"ImageObject\",\"inLanguage\":\"es\",\"@id\":\"https:\\\/\\\/www.pondlehocky.com\\\/es\\\/plg-x-the-labor-show\\\/#primaryimage\",\"url\":\"https:\\\/\\\/www.pondlehocky.com\\\/wp-content\\\/uploads\\\/2024\\\/06\\\/Partnerships-bg.jpg\",\"contentUrl\":\"https:\\\/\\\/www.pondlehocky.com\\\/wp-content\\\/uploads\\\/2024\\\/06\\\/Partnerships-bg.jpg\",\"width\":1440,\"height\":325,\"caption\":\"lawyers shaking hands\"},{\"@type\":\"BreadcrumbList\",\"@id\":\"https:\\\/\\\/www.pondlehocky.com\\\/es\\\/plg-x-the-labor-show\\\/#breadcrumb\",\"itemListElement\":[{\"@type\":\"ListItem\",\"position\":1,\"name\":\"Home\",\"item\":\"https:\\\/\\\/www.pondlehocky.com\\\/es\\\/homepage\\\/\"},{\"@type\":\"ListItem\",\"position\":2,\"name\":\"PLG x The Labor Show\"}]},{\"@type\":\"WebSite\",\"@id\":\"https:\\\/\\\/www.pondlehocky.com\\\/es\\\/#website\",\"url\":\"https:\\\/\\\/www.pondlehocky.com\\\/es\\\/\",\"name\":\"Pond Lehocky Giordano, Inc.\",\"description\":\"Largest workers\u2019 compensation and Social Security disability law firm in Pennsylvania\",\"publisher\":{\"@id\":\"https:\\\/\\\/www.pondlehocky.com\\\/es\\\/#organization\"},\"alternateName\":\"Pond Lehocky Giordano, Inc.\",\"potentialAction\":[{\"@type\":\"SearchAction\",\"target\":{\"@type\":\"EntryPoint\",\"urlTemplate\":\"https:\\\/\\\/www.pondlehocky.com\\\/es\\\/?s={search_term_string}\"},\"query-input\":{\"@type\":\"PropertyValueSpecification\",\"valueRequired\":true,\"valueName\":\"search_term_string\"}}],\"inLanguage\":\"es\"},{\"@type\":\"Organization\",\"@id\":\"https:\\\/\\\/www.pondlehocky.com\\\/es\\\/#organization\",\"name\":\"Pond Lehocky Giordano, Inc\",\"alternateName\":\"Pond Lehocky Giordano, Inc.\",\"url\":\"https:\\\/\\\/www.pondlehocky.com\\\/es\\\/\",\"logo\":{\"@type\":\"ImageObject\",\"inLanguage\":\"es\",\"@id\":\"https:\\\/\\\/www.pondlehocky.com\\\/es\\\/#\\\/schema\\\/logo\\\/image\\\/\",\"url\":\"https:\\\/\\\/www.pondlehocky.com\\\/wp-content\\\/uploads\\\/2024\\\/04\\\/pond-lehocky-logo.png\",\"contentUrl\":\"https:\\\/\\\/www.pondlehocky.com\\\/wp-content\\\/uploads\\\/2024\\\/04\\\/pond-lehocky-logo.png\",\"width\":355,\"height\":28,\"caption\":\"Pond Lehocky Giordano, Inc\"},\"image\":{\"@id\":\"https:\\\/\\\/www.pondlehocky.com\\\/es\\\/#\\\/schema\\\/logo\\\/image\\\/\"},\"sameAs\":[\"https:\\\/\\\/www.instagram.com\\\/pondlehocky\\\/\",\"https:\\\/\\\/www.youtube.com\\\/user\\\/pondlehocky\",\"https:\\\/\\\/www.tiktok.com\\\/@pondlehockygiordano\",\"https:\\\/\\\/www.facebook.com\\\/PondLehocky\",\"https:\\\/\\\/www.linkedin.com\\\/company\\\/pond-lehocky-giordano\\\/\"]}]}<\/script>\n<!-- \/ Yoast SEO Premium plugin. -->","yoast_head_json":{"title":"Pond Lehocky x The Labor Show | Pond Lehocky Giordano LLP","description":"Pond Lehocky Giordano se enorgullece de colaborar con The Labor Show with JDoc and Krausey, que ha dado voz al movimiento...","robots":{"index":"index","follow":"follow","max-snippet":"max-snippet:-1","max-image-preview":"max-image-preview:large","max-video-preview":"max-video-preview:-1"},"canonical":"https:\/\/www.pondlehocky.com\/es\/plg-x-the-labor-show\/","og_locale":"es_ES","og_type":"article","og_title":"PLG x The Labor Show","og_description":"Pond Lehocky Giordano se enorgullece de colaborar con The Labor Show with JDoc and Krausey, que ha dado voz al movimiento...","og_url":"https:\/\/www.pondlehocky.com\/es\/plg-x-the-labor-show\/","og_site_name":"Pond Lehocky Giordano, Inc.","article_publisher":"https:\/\/www.instagram.com\/pondlehocky\/","article_modified_time":"2025-11-19T15:51:04+00:00","og_image":[{"width":1440,"height":325,"url":"https:\/\/www.pondlehocky.com\/wp-content\/uploads\/2024\/06\/Partnerships-bg.jpg","type":"image\/jpeg"}],"twitter_card":"summary_large_image","twitter_misc":{"Tiempo de lectura":"1 minuto"},"schema":{"@context":"https:\/\/schema.org","@graph":[{"@type":"WebPage","@id":"https:\/\/www.pondlehocky.com\/es\/plg-x-the-labor-show\/","url":"https:\/\/www.pondlehocky.com\/es\/plg-x-the-labor-show\/","name":"Pond Lehocky x The Labor Show | Pond Lehocky Giordano LLP","isPartOf":{"@id":"https:\/\/www.pondlehocky.com\/es\/#website"},"primaryImageOfPage":{"@id":"https:\/\/www.pondlehocky.com\/es\/plg-x-the-labor-show\/#primaryimage"},"image":{"@id":"https:\/\/www.pondlehocky.com\/es\/plg-x-the-labor-show\/#primaryimage"},"thumbnailUrl":"https:\/\/www.pondlehocky.com\/wp-content\/uploads\/2024\/06\/Partnerships-bg.jpg","datePublished":"2024-01-16T19:01:25+00:00","dateModified":"2025-11-19T15:51:04+00:00","description":"Pond Lehocky Giordano se enorgullece de colaborar con The Labor Show with JDoc and Krausey, que ha dado voz al movimiento...","breadcrumb":{"@id":"https:\/\/www.pondlehocky.com\/es\/plg-x-the-labor-show\/#breadcrumb"},"inLanguage":"es","potentialAction":[{"@type":"ReadAction","target":["https:\/\/www.pondlehocky.com\/es\/plg-x-the-labor-show\/"]}]},{"@type":"ImageObject","inLanguage":"es","@id":"https:\/\/www.pondlehocky.com\/es\/plg-x-the-labor-show\/#primaryimage","url":"https:\/\/www.pondlehocky.com\/wp-content\/uploads\/2024\/06\/Partnerships-bg.jpg","contentUrl":"https:\/\/www.pondlehocky.com\/wp-content\/uploads\/2024\/06\/Partnerships-bg.jpg","width":1440,"height":325,"caption":"lawyers shaking hands"},{"@type":"BreadcrumbList","@id":"https:\/\/www.pondlehocky.com\/es\/plg-x-the-labor-show\/#breadcrumb","itemListElement":[{"@type":"ListItem","position":1,"name":"Home","item":"https:\/\/www.pondlehocky.com\/es\/homepage\/"},{"@type":"ListItem","position":2,"name":"PLG x The Labor Show"}]},{"@type":"WebSite","@id":"https:\/\/www.pondlehocky.com\/es\/#website","url":"https:\/\/www.pondlehocky.com\/es\/","name":"Pond Lehocky Giordano, Inc.","description":"Largest workers\u2019 compensation and Social Security disability law firm in Pennsylvania","publisher":{"@id":"https:\/\/www.pondlehocky.com\/es\/#organization"},"alternateName":"Pond Lehocky Giordano, Inc.","potentialAction":[{"@type":"SearchAction","target":{"@type":"EntryPoint","urlTemplate":"https:\/\/www.pondlehocky.com\/es\/?s={search_term_string}"},"query-input":{"@type":"PropertyValueSpecification","valueRequired":true,"valueName":"search_term_string"}}],"inLanguage":"es"},{"@type":"Organization","@id":"https:\/\/www.pondlehocky.com\/es\/#organization","name":"Pond Lehocky Giordano, Inc","alternateName":"Pond Lehocky Giordano, Inc.","url":"https:\/\/www.pondlehocky.com\/es\/","logo":{"@type":"ImageObject","inLanguage":"es","@id":"https:\/\/www.pondlehocky.com\/es\/#\/schema\/logo\/image\/","url":"https:\/\/www.pondlehocky.com\/wp-content\/uploads\/2024\/04\/pond-lehocky-logo.png","contentUrl":"https:\/\/www.pondlehocky.com\/wp-content\/uploads\/2024\/04\/pond-lehocky-logo.png","width":355,"height":28,"caption":"Pond Lehocky Giordano, Inc"},"image":{"@id":"https:\/\/www.pondlehocky.com\/es\/#\/schema\/logo\/image\/"},"sameAs":["https:\/\/www.instagram.com\/pondlehocky\/","https:\/\/www.youtube.com\/user\/pondlehocky","https:\/\/www.tiktok.com\/@pondlehockygiordano","https:\/\/www.facebook.com\/PondLehocky","https:\/\/www.linkedin.com\/company\/pond-lehocky-giordano\/"]}]}},"_links":{"self":[{"href":"https:\/\/www.pondlehocky.com\/es\/wp-json\/wp\/v2\/pages\/3595","targetHints":{"allow":["GET"]}}],"collection":[{"href":"https:\/\/www.pondlehocky.com\/es\/wp-json\/wp\/v2\/pages"}],"about":[{"href":"https:\/\/www.pondlehocky.com\/es\/wp-json\/wp\/v2\/types\/page"}],"author":[{"embeddable":true,"href":"https:\/\/www.pondlehocky.com\/es\/wp-json\/wp\/v2\/users\/1"}],"replies":[{"embeddable":true,"href":"https:\/\/www.pondlehocky.com\/es\/wp-json\/wp\/v2\/comments?post=3595"}],"version-history":[{"count":0,"href":"https:\/\/www.pondlehocky.com\/es\/wp-json\/wp\/v2\/pages\/3595\/revisions"}],"wp:featuredmedia":[{"embeddable":true,"href":"https:\/\/www.pondlehocky.com\/es\/wp-json\/wp\/v2\/media\/4548"}],"wp:attachment":[{"href":"https:\/\/www.pondlehocky.com\/es\/wp-json\/wp\/v2\/media?parent=3595"}],"curies":[{"name":"wp","href":"https:\/\/api.w.org\/{rel}","templated":true}]}}