{"id":3599,"date":"2024-02-27T22:01:25","date_gmt":"2024-02-27T22:01:25","guid":{"rendered":"https:\/\/www.pondlehocky.com\/carreras\/secretaria-juridica-de-indemnizacion-por-accidente-laboral-oficina-de-pittsburgh\/"},"modified":"2025-11-18T16:58:32","modified_gmt":"2025-11-18T16:58:32","slug":"secretaria-juridica-de-indemnizacion-por-accidente-laboral-oficina-de-pittsburgh","status":"publish","type":"page","link":"https:\/\/www.pondlehocky.com\/es\/carreras\/secretaria-juridica-de-indemnizacion-por-accidente-laboral-oficina-de-pittsburgh\/","title":{"rendered":"Secretaria jur\u00eddica de indemnizaci\u00f3n por accidente laboral &#8211; Oficina de Pittsburgh"},"content":{"rendered":"    <section class=\"pl-block pl-raw-content mb-7 pl-t [&#038;.border-t-2]:pt-8  \">\n        <p class=\"p1\">Pond Lehocky Giordano es el mayor bufete de indemnizaci\u00f3n por accidentes de trabajo y discapacidad de la Seguridad Social en Pensilvania. Nuestro equipo ha sido reconocido por nuestra experiencia legal en ayudar a miles de personas en todo el pa\u00eds asegurar sus beneficios de Seguro Social por incapacidad, as\u00ed como para nuestro trabajo de defensa. Pond Lehocky Giordano est\u00e1 buscando actualmente un\u00a0<b>Secretario Legal de Compensaci\u00f3n de Trabajadores<\/b>\u00a0para unirse a nuestro exitoso equipo en nuestra oficina de Pittsburgh.<\/p>\n    <\/section>\n\n\n\n    <section class=\"pl-block pl-raw-content mb-7 pl-t [&#038;.border-t-2]:pt-8 border-t-2 border-gray\/90 \">\n        <h2 class=\"p1\"><span class=\"ez-toc-section\" id=\"LAS_FUNCIONES_Y_RESPONSABILIDADES_ESENCIALES_INCLUYEN_ENTRE_OTRAS_LAS_SIGUIENTES\"><\/span>LAS FUNCIONES Y RESPONSABILIDADES ESENCIALES INCLUYEN, ENTRE OTRAS, LAS SIGUIENTES<span class=\"ez-toc-section-end\"><\/span><\/h2>\n<ul class=\"ul1\">\n<li class=\"li2\"><b> Detalles del caso<\/b>. Introduce el correo en las notas del caso, genera todas las cartas de respuesta necesarias. Se encarga de cargar y obtener diariamente la informaci\u00f3n pertinente de los casos del sistema de gesti\u00f3n de la Oficina de Indemnizaci\u00f3n por Accidentes Laborales, WCAIS. Produce informaci\u00f3n transcribiendo, formateando, introduciendo, editando, recuperando, copiando y transmitiendo texto, datos y gr\u00e1ficos.<\/li>\n<li class=\"li2\"><b> Recogida de informaci\u00f3n<\/b>. Obtiene el historial de reclamaciones de indemnizaci\u00f3n de los trabajadores de la Oficina de Indemnizaci\u00f3n de los Trabajadores. Formaliza y presenta escritos en todas las instancias judiciales. Prepara las respuestas a los abogados, a los peritos y a los jueces. Redactar cartas y documentos. Presenta y responde a las peticiones ante la Oficina de Compensaci\u00f3n de los Trabajadores y\/o el juez. Mantiene el tipo de caso apropiado seg\u00fan el litigio actual.<\/li>\n<li class=\"li2\"><b> Comunicaci\u00f3n.<\/b>\u00a0Responde a las l\u00edneas directas de los abogados y supervisa el correo electr\u00f3nico; sirve de enlace entre el abogado y los clientes resolviendo consultas rutinarias y algunas complejas. Mantiene un contacto continuo con el cliente mediante el seguimiento con informes de estado y\/o llamadas telef\u00f3nicas para obtener el estado.<\/li>\n<li class=\"li2\"><b> Gesti\u00f3n del calendario<\/b>. Mantiene adecuadamente el calendario de audiencias del abogado. Programar las citas con los clientes y\/o las conferencias telef\u00f3nicas. Introduce la comparecencia del abogado por correo y\/o WCAIS.<\/li>\n<li class=\"li2\"><b> Gesti\u00f3n de archivos<\/b>. Escanea los documentos en los archivos de los clientes. Mantiene el expediente del cliente en el sistema de gesti\u00f3n de casos, actualizando la informaci\u00f3n seg\u00fan sea necesario. Admisi\u00f3n de nuevos clientes, seg\u00fan sea necesario.<\/li>\n<\/ul>\n    <\/section>\n\n\n\n    <section class=\"pl-block pl-raw-content mb-7 pl-t [&#038;.border-t-2]:pt-8 border-t-2 border-gray\/90 \">\n        <h2 class=\"p1\"><span class=\"ez-toc-section\" id=\"CUALIFICACIONES\"><\/span>CUALIFICACIONES:<span class=\"ez-toc-section-end\"><\/span><\/h2>\n<ul class=\"ul1\">\n<li class=\"li2\">M\u00e1s de 4 a\u00f1os de experiencia jur\u00eddica<\/li>\n<li class=\"li2\">Conocimiento de la compensaci\u00f3n de los trabajadores de PA<\/li>\n<li class=\"li2\">Se prefiere la experiencia en la gesti\u00f3n de casos con agujas<\/li>\n<\/ul>\n    <\/section>\n\n\n\n    <section class=\"pl-block pl-raw-content mb-7 pl-t [&#038;.border-t-2]:pt-8 border-t-2 border-gray\/90 \">\n        <h2 class=\"p1\"><span class=\"ez-toc-section\" id=\"SOBRE_NOSOTROS\"><\/span>SOBRE NOSOTROS<span class=\"ez-toc-section-end\"><\/span><\/h2>\n<p class=\"p2\">Pond Lehocky Giordano tiene \u00e9xito sirviendo plenamente las necesidades de los trabajadores lesionados y discapacitados a trav\u00e9s de nuestro compromiso con la pr\u00e1ctica de la indemnizaci\u00f3n de los trabajadores, la discapacidad de la Seguridad Social, y la ley de discapacidad a largo plazo al m\u00e1s alto nivel profesional. Con m\u00e1s de 100 empleados, invertimos en tecnolog\u00eda punta para ofrecer un s\u00f3lido apoyo a nuestros abogados y clientes.<\/p>\n<p class=\"p2\">Detr\u00e1s de cada caso, hay una persona que depende del bufete de Pond Lehocky Giordano para obtener ayuda. Nunca perdemos de vista este hecho. Es este conocimiento el que nos impulsa a cada uno de nosotros a poner las necesidades de nuestros clientes en primer lugar. Nos han dicho que es algo que se percibe en el ambiente: un sentimiento de confianza, compasi\u00f3n y, sobre todo, que nos importa de verdad.<\/p>\n    <\/section>\n\n","protected":false},"excerpt":{"rendered":"","protected":false},"author":1,"featured_media":4468,"parent":3310,"menu_order":0,"comment_status":"open","ping_status":"open","template":"page-sidebar.php","meta":{"_acf_changed":true,"footnotes":"","_elementor_data":""},"class_list":["post-3599","page","type-page","status-publish","has-post-thumbnail","hentry"],"acf":[],"page_builder_type":"gutenberg","gutenberg_data":[],"yoast_head":"<!-- This site is optimized with the Yoast SEO Premium plugin v27.5 (Yoast SEO v27.5) - https:\/\/yoast.com\/product\/yoast-seo-premium-wordpress\/ -->\n<title>Solicitud para Secretario(a) Legal de Compensaci\u00f3n Laboral - Pond Lehocky Giordano<\/title>\n<meta name=\"description\" content=\"Haga clic aqu\u00ed para postularse como Secretario(a) Legal de Compensaci\u00f3n Laboral en la oficina de Pond Lehocky Giordano en Pittsburgh.\" \/>\n<meta name=\"robots\" content=\"index, follow, max-snippet:-1, max-image-preview:large, max-video-preview:-1\" \/>\n<link rel=\"canonical\" href=\"https:\/\/www.pondlehocky.com\/es\/carreras\/secretaria-juridica-de-indemnizacion-por-accidente-laboral-oficina-de-pittsburgh\/\" \/>\n<meta property=\"og:locale\" content=\"es_ES\" \/>\n<meta property=\"og:type\" content=\"article\" \/>\n<meta property=\"og:title\" content=\"Secretaria jur\u00eddica de indemnizaci\u00f3n por accidente laboral - Oficina de Pittsburgh\" \/>\n<meta property=\"og:description\" content=\"Haga clic aqu\u00ed para postularse como Secretario(a) Legal de Compensaci\u00f3n Laboral en la oficina de Pond Lehocky Giordano en Pittsburgh.\" \/>\n<meta property=\"og:url\" content=\"https:\/\/www.pondlehocky.com\/es\/carreras\/secretaria-juridica-de-indemnizacion-por-accidente-laboral-oficina-de-pittsburgh\/\" \/>\n<meta property=\"og:site_name\" content=\"Pond Lehocky Giordano, Inc.\" \/>\n<meta property=\"article:publisher\" content=\"https:\/\/www.instagram.com\/pondlehocky\/\" \/>\n<meta property=\"article:modified_time\" content=\"2025-11-18T16:58:32+00:00\" \/>\n<meta property=\"og:image\" content=\"https:\/\/www.pondlehocky.com\/wp-content\/uploads\/2024\/06\/Commitment.jpg\" \/>\n\t<meta property=\"og:image:width\" content=\"1440\" \/>\n\t<meta property=\"og:image:height\" content=\"325\" \/>\n\t<meta property=\"og:image:type\" content=\"image\/jpeg\" \/>\n<meta name=\"twitter:card\" content=\"summary_large_image\" \/>\n<meta name=\"twitter:label1\" content=\"Tiempo de lectura\" \/>\n\t<meta name=\"twitter:data1\" content=\"1 minuto\" \/>\n<script type=\"application\/ld+json\" class=\"yoast-schema-graph\">{\"@context\":\"https:\\\/\\\/schema.org\",\"@graph\":[{\"@type\":\"WebPage\",\"@id\":\"https:\\\/\\\/www.pondlehocky.com\\\/es\\\/carreras\\\/secretaria-juridica-de-indemnizacion-por-accidente-laboral-oficina-de-pittsburgh\\\/\",\"url\":\"https:\\\/\\\/www.pondlehocky.com\\\/es\\\/carreras\\\/secretaria-juridica-de-indemnizacion-por-accidente-laboral-oficina-de-pittsburgh\\\/\",\"name\":\"Solicitud para Secretario(a) Legal de Compensaci\u00f3n Laboral - Pond Lehocky Giordano\",\"isPartOf\":{\"@id\":\"https:\\\/\\\/www.pondlehocky.com\\\/es\\\/#website\"},\"primaryImageOfPage\":{\"@id\":\"https:\\\/\\\/www.pondlehocky.com\\\/es\\\/carreras\\\/secretaria-juridica-de-indemnizacion-por-accidente-laboral-oficina-de-pittsburgh\\\/#primaryimage\"},\"image\":{\"@id\":\"https:\\\/\\\/www.pondlehocky.com\\\/es\\\/carreras\\\/secretaria-juridica-de-indemnizacion-por-accidente-laboral-oficina-de-pittsburgh\\\/#primaryimage\"},\"thumbnailUrl\":\"https:\\\/\\\/www.pondlehocky.com\\\/wp-content\\\/uploads\\\/2024\\\/06\\\/Commitment.jpg\",\"datePublished\":\"2024-02-27T22:01:25+00:00\",\"dateModified\":\"2025-11-18T16:58:32+00:00\",\"description\":\"Haga clic aqu\u00ed para postularse como Secretario(a) Legal de Compensaci\u00f3n Laboral en la oficina de Pond Lehocky Giordano en Pittsburgh.\",\"breadcrumb\":{\"@id\":\"https:\\\/\\\/www.pondlehocky.com\\\/es\\\/carreras\\\/secretaria-juridica-de-indemnizacion-por-accidente-laboral-oficina-de-pittsburgh\\\/#breadcrumb\"},\"inLanguage\":\"es\",\"potentialAction\":[{\"@type\":\"ReadAction\",\"target\":[\"https:\\\/\\\/www.pondlehocky.com\\\/es\\\/carreras\\\/secretaria-juridica-de-indemnizacion-por-accidente-laboral-oficina-de-pittsburgh\\\/\"]}]},{\"@type\":\"ImageObject\",\"inLanguage\":\"es\",\"@id\":\"https:\\\/\\\/www.pondlehocky.com\\\/es\\\/carreras\\\/secretaria-juridica-de-indemnizacion-por-accidente-laboral-oficina-de-pittsburgh\\\/#primaryimage\",\"url\":\"https:\\\/\\\/www.pondlehocky.com\\\/wp-content\\\/uploads\\\/2024\\\/06\\\/Commitment.jpg\",\"contentUrl\":\"https:\\\/\\\/www.pondlehocky.com\\\/wp-content\\\/uploads\\\/2024\\\/06\\\/Commitment.jpg\",\"width\":1440,\"height\":325,\"caption\":\"commitment hero\"},{\"@type\":\"BreadcrumbList\",\"@id\":\"https:\\\/\\\/www.pondlehocky.com\\\/es\\\/carreras\\\/secretaria-juridica-de-indemnizacion-por-accidente-laboral-oficina-de-pittsburgh\\\/#breadcrumb\",\"itemListElement\":[{\"@type\":\"ListItem\",\"position\":1,\"name\":\"Home\",\"item\":\"https:\\\/\\\/www.pondlehocky.com\\\/es\\\/homepage\\\/\"},{\"@type\":\"ListItem\",\"position\":2,\"name\":\"Carreras\",\"item\":\"https:\\\/\\\/www.pondlehocky.com\\\/es\\\/carreras\\\/\"},{\"@type\":\"ListItem\",\"position\":3,\"name\":\"Secretaria jur\u00eddica de indemnizaci\u00f3n por accidente laboral &#8211; Oficina de Pittsburgh\"}]},{\"@type\":\"WebSite\",\"@id\":\"https:\\\/\\\/www.pondlehocky.com\\\/es\\\/#website\",\"url\":\"https:\\\/\\\/www.pondlehocky.com\\\/es\\\/\",\"name\":\"Pond Lehocky Giordano, Inc.\",\"description\":\"Largest workers\u2019 compensation and Social Security disability law firm in Pennsylvania\",\"publisher\":{\"@id\":\"https:\\\/\\\/www.pondlehocky.com\\\/es\\\/#organization\"},\"alternateName\":\"Pond Lehocky Giordano, Inc.\",\"potentialAction\":[{\"@type\":\"SearchAction\",\"target\":{\"@type\":\"EntryPoint\",\"urlTemplate\":\"https:\\\/\\\/www.pondlehocky.com\\\/es\\\/?s={search_term_string}\"},\"query-input\":{\"@type\":\"PropertyValueSpecification\",\"valueRequired\":true,\"valueName\":\"search_term_string\"}}],\"inLanguage\":\"es\"},{\"@type\":\"Organization\",\"@id\":\"https:\\\/\\\/www.pondlehocky.com\\\/es\\\/#organization\",\"name\":\"Pond Lehocky Giordano, Inc\",\"alternateName\":\"Pond Lehocky Giordano, Inc.\",\"url\":\"https:\\\/\\\/www.pondlehocky.com\\\/es\\\/\",\"logo\":{\"@type\":\"ImageObject\",\"inLanguage\":\"es\",\"@id\":\"https:\\\/\\\/www.pondlehocky.com\\\/es\\\/#\\\/schema\\\/logo\\\/image\\\/\",\"url\":\"https:\\\/\\\/www.pondlehocky.com\\\/wp-content\\\/uploads\\\/2024\\\/04\\\/pond-lehocky-logo.png\",\"contentUrl\":\"https:\\\/\\\/www.pondlehocky.com\\\/wp-content\\\/uploads\\\/2024\\\/04\\\/pond-lehocky-logo.png\",\"width\":355,\"height\":28,\"caption\":\"Pond Lehocky Giordano, Inc\"},\"image\":{\"@id\":\"https:\\\/\\\/www.pondlehocky.com\\\/es\\\/#\\\/schema\\\/logo\\\/image\\\/\"},\"sameAs\":[\"https:\\\/\\\/www.instagram.com\\\/pondlehocky\\\/\",\"https:\\\/\\\/www.youtube.com\\\/user\\\/pondlehocky\",\"https:\\\/\\\/www.tiktok.com\\\/@pondlehockygiordano\",\"https:\\\/\\\/www.facebook.com\\\/PondLehocky\",\"https:\\\/\\\/www.linkedin.com\\\/company\\\/pond-lehocky-giordano\\\/\"]}]}<\/script>\n<!-- \/ Yoast SEO Premium plugin. -->","yoast_head_json":{"title":"Solicitud para Secretario(a) Legal de Compensaci\u00f3n Laboral - Pond Lehocky Giordano","description":"Haga clic aqu\u00ed para postularse como Secretario(a) Legal de Compensaci\u00f3n Laboral en la oficina de Pond Lehocky Giordano en Pittsburgh.","robots":{"index":"index","follow":"follow","max-snippet":"max-snippet:-1","max-image-preview":"max-image-preview:large","max-video-preview":"max-video-preview:-1"},"canonical":"https:\/\/www.pondlehocky.com\/es\/carreras\/secretaria-juridica-de-indemnizacion-por-accidente-laboral-oficina-de-pittsburgh\/","og_locale":"es_ES","og_type":"article","og_title":"Secretaria jur\u00eddica de indemnizaci\u00f3n por accidente laboral - Oficina de Pittsburgh","og_description":"Haga clic aqu\u00ed para postularse como Secretario(a) Legal de Compensaci\u00f3n Laboral en la oficina de Pond Lehocky Giordano en Pittsburgh.","og_url":"https:\/\/www.pondlehocky.com\/es\/carreras\/secretaria-juridica-de-indemnizacion-por-accidente-laboral-oficina-de-pittsburgh\/","og_site_name":"Pond Lehocky Giordano, Inc.","article_publisher":"https:\/\/www.instagram.com\/pondlehocky\/","article_modified_time":"2025-11-18T16:58:32+00:00","og_image":[{"width":1440,"height":325,"url":"https:\/\/www.pondlehocky.com\/wp-content\/uploads\/2024\/06\/Commitment.jpg","type":"image\/jpeg"}],"twitter_card":"summary_large_image","twitter_misc":{"Tiempo de lectura":"1 minuto"},"schema":{"@context":"https:\/\/schema.org","@graph":[{"@type":"WebPage","@id":"https:\/\/www.pondlehocky.com\/es\/carreras\/secretaria-juridica-de-indemnizacion-por-accidente-laboral-oficina-de-pittsburgh\/","url":"https:\/\/www.pondlehocky.com\/es\/carreras\/secretaria-juridica-de-indemnizacion-por-accidente-laboral-oficina-de-pittsburgh\/","name":"Solicitud para Secretario(a) Legal de Compensaci\u00f3n Laboral - Pond Lehocky Giordano","isPartOf":{"@id":"https:\/\/www.pondlehocky.com\/es\/#website"},"primaryImageOfPage":{"@id":"https:\/\/www.pondlehocky.com\/es\/carreras\/secretaria-juridica-de-indemnizacion-por-accidente-laboral-oficina-de-pittsburgh\/#primaryimage"},"image":{"@id":"https:\/\/www.pondlehocky.com\/es\/carreras\/secretaria-juridica-de-indemnizacion-por-accidente-laboral-oficina-de-pittsburgh\/#primaryimage"},"thumbnailUrl":"https:\/\/www.pondlehocky.com\/wp-content\/uploads\/2024\/06\/Commitment.jpg","datePublished":"2024-02-27T22:01:25+00:00","dateModified":"2025-11-18T16:58:32+00:00","description":"Haga clic aqu\u00ed para postularse como Secretario(a) Legal de Compensaci\u00f3n Laboral en la oficina de Pond Lehocky Giordano en Pittsburgh.","breadcrumb":{"@id":"https:\/\/www.pondlehocky.com\/es\/carreras\/secretaria-juridica-de-indemnizacion-por-accidente-laboral-oficina-de-pittsburgh\/#breadcrumb"},"inLanguage":"es","potentialAction":[{"@type":"ReadAction","target":["https:\/\/www.pondlehocky.com\/es\/carreras\/secretaria-juridica-de-indemnizacion-por-accidente-laboral-oficina-de-pittsburgh\/"]}]},{"@type":"ImageObject","inLanguage":"es","@id":"https:\/\/www.pondlehocky.com\/es\/carreras\/secretaria-juridica-de-indemnizacion-por-accidente-laboral-oficina-de-pittsburgh\/#primaryimage","url":"https:\/\/www.pondlehocky.com\/wp-content\/uploads\/2024\/06\/Commitment.jpg","contentUrl":"https:\/\/www.pondlehocky.com\/wp-content\/uploads\/2024\/06\/Commitment.jpg","width":1440,"height":325,"caption":"commitment hero"},{"@type":"BreadcrumbList","@id":"https:\/\/www.pondlehocky.com\/es\/carreras\/secretaria-juridica-de-indemnizacion-por-accidente-laboral-oficina-de-pittsburgh\/#breadcrumb","itemListElement":[{"@type":"ListItem","position":1,"name":"Home","item":"https:\/\/www.pondlehocky.com\/es\/homepage\/"},{"@type":"ListItem","position":2,"name":"Carreras","item":"https:\/\/www.pondlehocky.com\/es\/carreras\/"},{"@type":"ListItem","position":3,"name":"Secretaria jur\u00eddica de indemnizaci\u00f3n por accidente laboral &#8211; Oficina de Pittsburgh"}]},{"@type":"WebSite","@id":"https:\/\/www.pondlehocky.com\/es\/#website","url":"https:\/\/www.pondlehocky.com\/es\/","name":"Pond Lehocky Giordano, Inc.","description":"Largest workers\u2019 compensation and Social Security disability law firm in Pennsylvania","publisher":{"@id":"https:\/\/www.pondlehocky.com\/es\/#organization"},"alternateName":"Pond Lehocky Giordano, Inc.","potentialAction":[{"@type":"SearchAction","target":{"@type":"EntryPoint","urlTemplate":"https:\/\/www.pondlehocky.com\/es\/?s={search_term_string}"},"query-input":{"@type":"PropertyValueSpecification","valueRequired":true,"valueName":"search_term_string"}}],"inLanguage":"es"},{"@type":"Organization","@id":"https:\/\/www.pondlehocky.com\/es\/#organization","name":"Pond Lehocky Giordano, Inc","alternateName":"Pond Lehocky Giordano, Inc.","url":"https:\/\/www.pondlehocky.com\/es\/","logo":{"@type":"ImageObject","inLanguage":"es","@id":"https:\/\/www.pondlehocky.com\/es\/#\/schema\/logo\/image\/","url":"https:\/\/www.pondlehocky.com\/wp-content\/uploads\/2024\/04\/pond-lehocky-logo.png","contentUrl":"https:\/\/www.pondlehocky.com\/wp-content\/uploads\/2024\/04\/pond-lehocky-logo.png","width":355,"height":28,"caption":"Pond Lehocky Giordano, Inc"},"image":{"@id":"https:\/\/www.pondlehocky.com\/es\/#\/schema\/logo\/image\/"},"sameAs":["https:\/\/www.instagram.com\/pondlehocky\/","https:\/\/www.youtube.com\/user\/pondlehocky","https:\/\/www.tiktok.com\/@pondlehockygiordano","https:\/\/www.facebook.com\/PondLehocky","https:\/\/www.linkedin.com\/company\/pond-lehocky-giordano\/"]}]}},"_links":{"self":[{"href":"https:\/\/www.pondlehocky.com\/es\/wp-json\/wp\/v2\/pages\/3599","targetHints":{"allow":["GET"]}}],"collection":[{"href":"https:\/\/www.pondlehocky.com\/es\/wp-json\/wp\/v2\/pages"}],"about":[{"href":"https:\/\/www.pondlehocky.com\/es\/wp-json\/wp\/v2\/types\/page"}],"author":[{"embeddable":true,"href":"https:\/\/www.pondlehocky.com\/es\/wp-json\/wp\/v2\/users\/1"}],"replies":[{"embeddable":true,"href":"https:\/\/www.pondlehocky.com\/es\/wp-json\/wp\/v2\/comments?post=3599"}],"version-history":[{"count":0,"href":"https:\/\/www.pondlehocky.com\/es\/wp-json\/wp\/v2\/pages\/3599\/revisions"}],"up":[{"embeddable":true,"href":"https:\/\/www.pondlehocky.com\/es\/wp-json\/wp\/v2\/pages\/3310"}],"wp:featuredmedia":[{"embeddable":true,"href":"https:\/\/www.pondlehocky.com\/es\/wp-json\/wp\/v2\/media\/4468"}],"wp:attachment":[{"href":"https:\/\/www.pondlehocky.com\/es\/wp-json\/wp\/v2\/media?parent=3599"}],"curies":[{"name":"wp","href":"https:\/\/api.w.org\/{rel}","templated":true}]}}