{"id":3603,"date":"2024-03-28T20:10:52","date_gmt":"2024-03-28T20:10:52","guid":{"rendered":"https:\/\/www.pondlehocky.com\/carreras\/representante-de-atencion-al-cliente-departamento-de-derivacion\/"},"modified":"2025-11-19T22:21:25","modified_gmt":"2025-11-19T22:21:25","slug":"representante-de-atencion-al-cliente-departamento-de-derivacion","status":"publish","type":"page","link":"https:\/\/www.pondlehocky.com\/es\/carreras\/representante-de-atencion-al-cliente-departamento-de-derivacion\/","title":{"rendered":"Representante de Atenci\u00f3n al Cliente &#8211; Departamento de Derivaci\u00f3n"},"content":{"rendered":"    <section class=\"pl-block pl-raw-content mb-7 pl-t [&#038;.border-t-2]:pt-8  \">\n        <p class=\"p1\">Pond Lehocky Giordano, la firma m\u00e1s grande de su tipo en la regi\u00f3n, est\u00e1 buscando actualmente un\u00a0<b>Representante Biling\u00fce del Equipo de Referencia de Servicios al<\/b>\u00a0Cliente para unirse a nuestro exitoso equipo. Este empleado trabajar\u00e1 a distancia. Se trata de un puesto a tiempo completo, por lo que se ruega disponibilidad para trabajar en su turno entre las 9.00 y las 17.00 horas.<\/p>\n<p class=\"p1\">Nuestros Representantes de Atenci\u00f3n al Cliente son el contacto inicial para clientes nuevos, existentes y pasados, y recopilar\u00e1n informaci\u00f3n relativa a sus reclamaciones legales al tiempo que dilucidan otros casos potenciales. Le ense\u00f1aremos la ley, c\u00f3mo identificar un caso viable y c\u00f3mo vender al cliente la perspectiva de litigar. Tratar\u00e1 directamente con muchos tipos diferentes de pleitos. El 75% de la jornada se pasar\u00e1 al tel\u00e9fono, al tiempo que se introduce informaci\u00f3n en nuestro sistema de gesti\u00f3n de casos basado en Salesforce. As\u00ed pues, si busca un puesto de trabajo din\u00e1mico y tiene ganas de marcar la diferencia, env\u00edenos su curr\u00edculum.<\/p>\n    <\/section>\n\n\n\n    <section class=\"pl-block pl-raw-content mb-7 pl-t [&#038;.border-t-2]:pt-8 border-t-2 border-gray\/90 \">\n        <h2 class=\"p1\"><span class=\"ez-toc-section\" id=\"LAS_CUALIFICACIONES_INCLUYEN\"><\/span>LAS CUALIFICACIONES INCLUYEN:<span class=\"ez-toc-section-end\"><\/span><\/h2>\n<ul class=\"ul1\">\n<li class=\"li2\">Se valorar\u00e1 MUCHO la experiencia en centros de atenci\u00f3n telef\u00f3nica<\/li>\n<li class=\"li2\">Debe ser biling\u00fce<\/li>\n<li class=\"li2\">Debe estar abierto al coaching<\/li>\n<li class=\"li2\">Se valorar\u00e1 la experiencia en Live Chat, aunque no es obligatoria<\/li>\n<li class=\"li2\">Amable, entusiasta, elocuente, elocuente y con una actitud optimista y positiva.<\/li>\n<li class=\"li2\">Excelentes y profesionales habilidades telef\u00f3nicas, comunicativas, comerciales y organizativas.<\/li>\n<li class=\"li2\">Gran capacidad multitarea<\/li>\n<li class=\"li2\">Fiable, seguro y bien hablado<\/li>\n<li class=\"li2\">Trabajar en equipo y estar dispuesto a cambiar de turno si es necesario.<\/li>\n<li class=\"li2\">Dominio de Microsoft Word y Excel<\/li>\n<li class=\"li2\">Se prefiere el conocimiento de Salesforce<\/li>\n<li class=\"li2\">Capaz de mecanografiar 50 WPM<\/li>\n<li class=\"li2\">Preferiblemente, titulaci\u00f3n universitaria (o estudiante)<\/li>\n<\/ul>\n    <\/section>\n\n\n\n    <section class=\"pl-block pl-raw-content mb-7 pl-t [&#038;.border-t-2]:pt-8 border-t-2 border-gray\/90 \">\n        <h4 class=\"p1\"><span class=\"ez-toc-section\" id=\"SALARIO_19_%E2%80%93_21_DOLARES_POR_HORA\"><\/span>SALARIO: 19 \u2013 21 D\u00d3LARES POR HORA<span class=\"ez-toc-section-end\"><\/span><\/h4>\n    <\/section>\n\n\n\n    <section class=\"pl-block pl-raw-content mb-7 pl-t [&#038;.border-t-2]:pt-8 border-t-2 border-gray\/90 \">\n        <h2 class=\"p1\" style=\"text-align: left\"><span class=\"ez-toc-section\" id=\"VENTAJAS\"><\/span>VENTAJAS:<span class=\"ez-toc-section-end\"><\/span><\/h2>\n<ul class=\"ul1\">\n<li class=\"li2\">401(k) de contrapartida<\/li>\n<li class=\"li2\">Seguro dental<\/li>\n<li class=\"li2\">Seguro de enfermedad<\/li>\n<li class=\"li2\">Cuenta de ahorros sanitarios<\/li>\n<li class=\"li2\">Seguro de vida<\/li>\n<li class=\"li2\">Tiempo libre retribuido<\/li>\n<li class=\"li2\">Formaci\u00f3n remunerada<\/li>\n<li class=\"li2\">Seguro de visi\u00f3n<\/li>\n<li class=\"li2\">Trabajar desde casa<\/li>\n<\/ul>\n    <\/section>\n\n\n\n    <section class=\"pl-block pl-raw-content mb-7 pl-t [&#038;.border-t-2]:pt-8 border-t-2 border-gray\/90 \">\n        <h4 class=\"p1\"><span class=\"ez-toc-section\" id=\"HORARIO_LUNES_%E2%80%93_VIERNES\"><\/span>HORARIO: LUNES \u2013 VIERNES<span class=\"ez-toc-section-end\"><\/span><\/h4>\n    <\/section>\n\n\n\n    <section class=\"pl-block pl-raw-content mb-7 pl-t [&#038;.border-t-2]:pt-8 border-t-2 border-gray\/90 \">\n        <h2 class=\"p1\"><span class=\"ez-toc-section\" id=\"SOBRE_NOSOTROS\"><\/span>SOBRE NOSOTROS<span class=\"ez-toc-section-end\"><\/span><\/h2>\n<p class=\"p2\">Pond Lehocky Giordano tiene \u00e9xito sirviendo plenamente las necesidades de los trabajadores lesionados y discapacitados a trav\u00e9s de nuestro compromiso con la pr\u00e1ctica de la compensaci\u00f3n de los trabajadores, la incapacidad de la seguridad social, el empleo y la ley de discapacidad a largo plazo al m\u00e1s alto nivel profesional. Con m\u00e1s de 100 empleados, invertimos en tecnolog\u00eda punta para ofrecer un s\u00f3lido apoyo a nuestros abogados y clientes.<\/p>\n<p class=\"p2\">Detr\u00e1s de cada caso, hay una persona que depende del bufete de Pond Lehocky Giordano para obtener ayuda. Nunca perdemos de vista este hecho. Es este conocimiento el que nos impulsa a cada uno de nosotros a poner las necesidades de nuestros clientes en primer lugar. Nos dicen que es algo que se percibe en el ambiente de aqu\u00ed: una sensaci\u00f3n de confianza, compasi\u00f3n y, sobre todo, que nos importa mucho, mucho.<\/p>\n    <\/section>\n\n","protected":false},"excerpt":{"rendered":"","protected":false},"author":1,"featured_media":4467,"parent":3310,"menu_order":0,"comment_status":"open","ping_status":"open","template":"page-sidebar.php","meta":{"_acf_changed":true,"footnotes":"","_elementor_data":""},"class_list":["post-3603","page","type-page","status-publish","has-post-thumbnail","hentry"],"acf":[],"page_builder_type":"gutenberg","gutenberg_data":[],"yoast_head":"<!-- This site is optimized with the Yoast SEO Premium plugin v27.3 (Yoast SEO v27.3) - https:\/\/yoast.com\/product\/yoast-seo-premium-wordpress\/ -->\n<title>Representante de Atenci\u00f3n al Cliente - Departamento de Derivaci\u00f3n<\/title>\n<meta name=\"description\" content=\"Pond Lehocky Giordano busca un Representante Biling\u00fce de Referencias del Departamento de Atenci\u00f3n al Cliente para unirse a nuestro equipo.\" \/>\n<meta name=\"robots\" content=\"index, follow, max-snippet:-1, max-image-preview:large, max-video-preview:-1\" \/>\n<link rel=\"canonical\" href=\"https:\/\/www.pondlehocky.com\/es\/carreras\/representante-de-atencion-al-cliente-departamento-de-derivacion\/\" \/>\n<meta property=\"og:locale\" content=\"es_ES\" \/>\n<meta property=\"og:type\" content=\"article\" \/>\n<meta property=\"og:title\" content=\"Representante de Atenci\u00f3n al Cliente - Departamento de Derivaci\u00f3n\" \/>\n<meta property=\"og:description\" content=\"Pond Lehocky Giordano busca un Representante Biling\u00fce de Referencias del Departamento de Atenci\u00f3n al Cliente para unirse a nuestro equipo.\" \/>\n<meta property=\"og:url\" content=\"https:\/\/www.pondlehocky.com\/es\/carreras\/representante-de-atencion-al-cliente-departamento-de-derivacion\/\" \/>\n<meta property=\"og:site_name\" content=\"Pond Lehocky Giordano, Inc.\" \/>\n<meta property=\"article:publisher\" content=\"https:\/\/www.instagram.com\/pondlehocky\/\" \/>\n<meta property=\"article:modified_time\" content=\"2025-11-19T22:21:25+00:00\" \/>\n<meta property=\"og:image\" content=\"https:\/\/www.pondlehocky.com\/wp-content\/uploads\/2024\/06\/Commitment.jpg\" \/>\n\t<meta property=\"og:image:width\" content=\"1440\" \/>\n\t<meta property=\"og:image:height\" content=\"325\" \/>\n\t<meta property=\"og:image:type\" content=\"image\/jpeg\" \/>\n<meta name=\"twitter:card\" content=\"summary_large_image\" \/>\n<meta name=\"twitter:label1\" content=\"Tiempo de lectura\" \/>\n\t<meta name=\"twitter:data1\" content=\"1 minuto\" \/>\n<script type=\"application\/ld+json\" class=\"yoast-schema-graph\">{\"@context\":\"https:\\\/\\\/schema.org\",\"@graph\":[{\"@type\":\"WebPage\",\"@id\":\"https:\\\/\\\/www.pondlehocky.com\\\/es\\\/carreras\\\/representante-de-atencion-al-cliente-departamento-de-derivacion\\\/\",\"url\":\"https:\\\/\\\/www.pondlehocky.com\\\/es\\\/carreras\\\/representante-de-atencion-al-cliente-departamento-de-derivacion\\\/\",\"name\":\"Representante de Atenci\u00f3n al Cliente - Departamento de Derivaci\u00f3n\",\"isPartOf\":{\"@id\":\"https:\\\/\\\/www.pondlehocky.com\\\/es\\\/#website\"},\"primaryImageOfPage\":{\"@id\":\"https:\\\/\\\/www.pondlehocky.com\\\/es\\\/carreras\\\/representante-de-atencion-al-cliente-departamento-de-derivacion\\\/#primaryimage\"},\"image\":{\"@id\":\"https:\\\/\\\/www.pondlehocky.com\\\/es\\\/carreras\\\/representante-de-atencion-al-cliente-departamento-de-derivacion\\\/#primaryimage\"},\"thumbnailUrl\":\"https:\\\/\\\/www.pondlehocky.com\\\/wp-content\\\/uploads\\\/2024\\\/06\\\/Commitment.jpg\",\"datePublished\":\"2024-03-28T20:10:52+00:00\",\"dateModified\":\"2025-11-19T22:21:25+00:00\",\"description\":\"Pond Lehocky Giordano busca un Representante Biling\u00fce de Referencias del Departamento de Atenci\u00f3n al Cliente para unirse a nuestro equipo.\",\"breadcrumb\":{\"@id\":\"https:\\\/\\\/www.pondlehocky.com\\\/es\\\/carreras\\\/representante-de-atencion-al-cliente-departamento-de-derivacion\\\/#breadcrumb\"},\"inLanguage\":\"es\",\"potentialAction\":[{\"@type\":\"ReadAction\",\"target\":[\"https:\\\/\\\/www.pondlehocky.com\\\/es\\\/carreras\\\/representante-de-atencion-al-cliente-departamento-de-derivacion\\\/\"]}]},{\"@type\":\"ImageObject\",\"inLanguage\":\"es\",\"@id\":\"https:\\\/\\\/www.pondlehocky.com\\\/es\\\/carreras\\\/representante-de-atencion-al-cliente-departamento-de-derivacion\\\/#primaryimage\",\"url\":\"https:\\\/\\\/www.pondlehocky.com\\\/wp-content\\\/uploads\\\/2024\\\/06\\\/Commitment.jpg\",\"contentUrl\":\"https:\\\/\\\/www.pondlehocky.com\\\/wp-content\\\/uploads\\\/2024\\\/06\\\/Commitment.jpg\",\"width\":1440,\"height\":325,\"caption\":\"commitment hero\"},{\"@type\":\"BreadcrumbList\",\"@id\":\"https:\\\/\\\/www.pondlehocky.com\\\/es\\\/carreras\\\/representante-de-atencion-al-cliente-departamento-de-derivacion\\\/#breadcrumb\",\"itemListElement\":[{\"@type\":\"ListItem\",\"position\":1,\"name\":\"Home\",\"item\":\"https:\\\/\\\/www.pondlehocky.com\\\/es\\\/homepage\\\/\"},{\"@type\":\"ListItem\",\"position\":2,\"name\":\"Carreras\",\"item\":\"https:\\\/\\\/www.pondlehocky.com\\\/es\\\/carreras\\\/\"},{\"@type\":\"ListItem\",\"position\":3,\"name\":\"Representante de Atenci\u00f3n al Cliente &#8211; Departamento de Derivaci\u00f3n\"}]},{\"@type\":\"WebSite\",\"@id\":\"https:\\\/\\\/www.pondlehocky.com\\\/es\\\/#website\",\"url\":\"https:\\\/\\\/www.pondlehocky.com\\\/es\\\/\",\"name\":\"Pond Lehocky Giordano, Inc.\",\"description\":\"Largest workers\u2019 compensation and Social Security disability law firm in Pennsylvania\",\"publisher\":{\"@id\":\"https:\\\/\\\/www.pondlehocky.com\\\/es\\\/#organization\"},\"alternateName\":\"Pond Lehocky Giordano, Inc.\",\"potentialAction\":[{\"@type\":\"SearchAction\",\"target\":{\"@type\":\"EntryPoint\",\"urlTemplate\":\"https:\\\/\\\/www.pondlehocky.com\\\/es\\\/?s={search_term_string}\"},\"query-input\":{\"@type\":\"PropertyValueSpecification\",\"valueRequired\":true,\"valueName\":\"search_term_string\"}}],\"inLanguage\":\"es\"},{\"@type\":\"Organization\",\"@id\":\"https:\\\/\\\/www.pondlehocky.com\\\/es\\\/#organization\",\"name\":\"Pond Lehocky Giordano, Inc\",\"alternateName\":\"Pond Lehocky Giordano, Inc.\",\"url\":\"https:\\\/\\\/www.pondlehocky.com\\\/es\\\/\",\"logo\":{\"@type\":\"ImageObject\",\"inLanguage\":\"es\",\"@id\":\"https:\\\/\\\/www.pondlehocky.com\\\/es\\\/#\\\/schema\\\/logo\\\/image\\\/\",\"url\":\"https:\\\/\\\/www.pondlehocky.com\\\/wp-content\\\/uploads\\\/2024\\\/04\\\/pond-lehocky-logo.png\",\"contentUrl\":\"https:\\\/\\\/www.pondlehocky.com\\\/wp-content\\\/uploads\\\/2024\\\/04\\\/pond-lehocky-logo.png\",\"width\":355,\"height\":28,\"caption\":\"Pond Lehocky Giordano, Inc\"},\"image\":{\"@id\":\"https:\\\/\\\/www.pondlehocky.com\\\/es\\\/#\\\/schema\\\/logo\\\/image\\\/\"},\"sameAs\":[\"https:\\\/\\\/www.instagram.com\\\/pondlehocky\\\/\",\"https:\\\/\\\/www.youtube.com\\\/user\\\/pondlehocky\",\"https:\\\/\\\/www.tiktok.com\\\/@pondlehockygiordano\",\"https:\\\/\\\/www.facebook.com\\\/PondLehocky\",\"https:\\\/\\\/www.linkedin.com\\\/company\\\/pond-lehocky-giordano\\\/\"]}]}<\/script>\n<!-- \/ Yoast SEO Premium plugin. -->","yoast_head_json":{"title":"Representante de Atenci\u00f3n al Cliente - Departamento de Derivaci\u00f3n","description":"Pond Lehocky Giordano busca un Representante Biling\u00fce de Referencias del Departamento de Atenci\u00f3n al Cliente para unirse a nuestro equipo.","robots":{"index":"index","follow":"follow","max-snippet":"max-snippet:-1","max-image-preview":"max-image-preview:large","max-video-preview":"max-video-preview:-1"},"canonical":"https:\/\/www.pondlehocky.com\/es\/carreras\/representante-de-atencion-al-cliente-departamento-de-derivacion\/","og_locale":"es_ES","og_type":"article","og_title":"Representante de Atenci\u00f3n al Cliente - Departamento de Derivaci\u00f3n","og_description":"Pond Lehocky Giordano busca un Representante Biling\u00fce de Referencias del Departamento de Atenci\u00f3n al Cliente para unirse a nuestro equipo.","og_url":"https:\/\/www.pondlehocky.com\/es\/carreras\/representante-de-atencion-al-cliente-departamento-de-derivacion\/","og_site_name":"Pond Lehocky Giordano, Inc.","article_publisher":"https:\/\/www.instagram.com\/pondlehocky\/","article_modified_time":"2025-11-19T22:21:25+00:00","og_image":[{"width":1440,"height":325,"url":"https:\/\/www.pondlehocky.com\/wp-content\/uploads\/2024\/06\/Commitment.jpg","type":"image\/jpeg"}],"twitter_card":"summary_large_image","twitter_misc":{"Tiempo de lectura":"1 minuto"},"schema":{"@context":"https:\/\/schema.org","@graph":[{"@type":"WebPage","@id":"https:\/\/www.pondlehocky.com\/es\/carreras\/representante-de-atencion-al-cliente-departamento-de-derivacion\/","url":"https:\/\/www.pondlehocky.com\/es\/carreras\/representante-de-atencion-al-cliente-departamento-de-derivacion\/","name":"Representante de Atenci\u00f3n al Cliente - Departamento de Derivaci\u00f3n","isPartOf":{"@id":"https:\/\/www.pondlehocky.com\/es\/#website"},"primaryImageOfPage":{"@id":"https:\/\/www.pondlehocky.com\/es\/carreras\/representante-de-atencion-al-cliente-departamento-de-derivacion\/#primaryimage"},"image":{"@id":"https:\/\/www.pondlehocky.com\/es\/carreras\/representante-de-atencion-al-cliente-departamento-de-derivacion\/#primaryimage"},"thumbnailUrl":"https:\/\/www.pondlehocky.com\/wp-content\/uploads\/2024\/06\/Commitment.jpg","datePublished":"2024-03-28T20:10:52+00:00","dateModified":"2025-11-19T22:21:25+00:00","description":"Pond Lehocky Giordano busca un Representante Biling\u00fce de Referencias del Departamento de Atenci\u00f3n al Cliente para unirse a nuestro equipo.","breadcrumb":{"@id":"https:\/\/www.pondlehocky.com\/es\/carreras\/representante-de-atencion-al-cliente-departamento-de-derivacion\/#breadcrumb"},"inLanguage":"es","potentialAction":[{"@type":"ReadAction","target":["https:\/\/www.pondlehocky.com\/es\/carreras\/representante-de-atencion-al-cliente-departamento-de-derivacion\/"]}]},{"@type":"ImageObject","inLanguage":"es","@id":"https:\/\/www.pondlehocky.com\/es\/carreras\/representante-de-atencion-al-cliente-departamento-de-derivacion\/#primaryimage","url":"https:\/\/www.pondlehocky.com\/wp-content\/uploads\/2024\/06\/Commitment.jpg","contentUrl":"https:\/\/www.pondlehocky.com\/wp-content\/uploads\/2024\/06\/Commitment.jpg","width":1440,"height":325,"caption":"commitment hero"},{"@type":"BreadcrumbList","@id":"https:\/\/www.pondlehocky.com\/es\/carreras\/representante-de-atencion-al-cliente-departamento-de-derivacion\/#breadcrumb","itemListElement":[{"@type":"ListItem","position":1,"name":"Home","item":"https:\/\/www.pondlehocky.com\/es\/homepage\/"},{"@type":"ListItem","position":2,"name":"Carreras","item":"https:\/\/www.pondlehocky.com\/es\/carreras\/"},{"@type":"ListItem","position":3,"name":"Representante de Atenci\u00f3n al Cliente &#8211; Departamento de Derivaci\u00f3n"}]},{"@type":"WebSite","@id":"https:\/\/www.pondlehocky.com\/es\/#website","url":"https:\/\/www.pondlehocky.com\/es\/","name":"Pond Lehocky Giordano, Inc.","description":"Largest workers\u2019 compensation and Social Security disability law firm in Pennsylvania","publisher":{"@id":"https:\/\/www.pondlehocky.com\/es\/#organization"},"alternateName":"Pond Lehocky Giordano, Inc.","potentialAction":[{"@type":"SearchAction","target":{"@type":"EntryPoint","urlTemplate":"https:\/\/www.pondlehocky.com\/es\/?s={search_term_string}"},"query-input":{"@type":"PropertyValueSpecification","valueRequired":true,"valueName":"search_term_string"}}],"inLanguage":"es"},{"@type":"Organization","@id":"https:\/\/www.pondlehocky.com\/es\/#organization","name":"Pond Lehocky Giordano, Inc","alternateName":"Pond Lehocky Giordano, Inc.","url":"https:\/\/www.pondlehocky.com\/es\/","logo":{"@type":"ImageObject","inLanguage":"es","@id":"https:\/\/www.pondlehocky.com\/es\/#\/schema\/logo\/image\/","url":"https:\/\/www.pondlehocky.com\/wp-content\/uploads\/2024\/04\/pond-lehocky-logo.png","contentUrl":"https:\/\/www.pondlehocky.com\/wp-content\/uploads\/2024\/04\/pond-lehocky-logo.png","width":355,"height":28,"caption":"Pond Lehocky Giordano, Inc"},"image":{"@id":"https:\/\/www.pondlehocky.com\/es\/#\/schema\/logo\/image\/"},"sameAs":["https:\/\/www.instagram.com\/pondlehocky\/","https:\/\/www.youtube.com\/user\/pondlehocky","https:\/\/www.tiktok.com\/@pondlehockygiordano","https:\/\/www.facebook.com\/PondLehocky","https:\/\/www.linkedin.com\/company\/pond-lehocky-giordano\/"]}]}},"_links":{"self":[{"href":"https:\/\/www.pondlehocky.com\/es\/wp-json\/wp\/v2\/pages\/3603","targetHints":{"allow":["GET"]}}],"collection":[{"href":"https:\/\/www.pondlehocky.com\/es\/wp-json\/wp\/v2\/pages"}],"about":[{"href":"https:\/\/www.pondlehocky.com\/es\/wp-json\/wp\/v2\/types\/page"}],"author":[{"embeddable":true,"href":"https:\/\/www.pondlehocky.com\/es\/wp-json\/wp\/v2\/users\/1"}],"replies":[{"embeddable":true,"href":"https:\/\/www.pondlehocky.com\/es\/wp-json\/wp\/v2\/comments?post=3603"}],"version-history":[{"count":0,"href":"https:\/\/www.pondlehocky.com\/es\/wp-json\/wp\/v2\/pages\/3603\/revisions"}],"up":[{"embeddable":true,"href":"https:\/\/www.pondlehocky.com\/es\/wp-json\/wp\/v2\/pages\/3310"}],"wp:featuredmedia":[{"embeddable":true,"href":"https:\/\/www.pondlehocky.com\/es\/wp-json\/wp\/v2\/media\/4467"}],"wp:attachment":[{"href":"https:\/\/www.pondlehocky.com\/es\/wp-json\/wp\/v2\/media?parent=3603"}],"curies":[{"name":"wp","href":"https:\/\/api.w.org\/{rel}","templated":true}]}}