{"id":4486,"date":"2022-08-23T15:11:32","date_gmt":"2022-08-23T15:11:32","guid":{"rendered":"https:\/\/www.pondlehocky.com\/historia\/"},"modified":"2024-06-22T18:29:46","modified_gmt":"2024-06-22T18:29:46","slug":"historia","status":"publish","type":"page","link":"https:\/\/www.pondlehocky.com\/es\/acerca-de\/historia\/","title":{"rendered":"Historia"},"content":{"rendered":"    <section class=\"pl-block pl-raw-content mb-7 pl-t [&#038;.border-t-2]:pt-8  \">\n        Pond Lehocky Giordano abri\u00f3 sus puertas en julio de 2010 con cinco abogados de compensaci\u00f3n de trabajadores de Pensilvania, un abogado de discapacidad de la Seguridad Social y s\u00f3lo 22 miembros de personal en total. Hoy en d\u00eda, son una de las mayores firmas de compensaci\u00f3n de trabajadores, discapacidad del Seguro Social y discapacidad a largo plazo en el pa\u00eds, recuperando miles de millones de d\u00f3lares para sus clientes y ganando docenas de premios nacionales por su representaci\u00f3n legal y la atenci\u00f3n hol\u00edstica al cliente.\n\nSin embargo, la verdadera historia del origen de Pond Lehocky Giordano comenz\u00f3 m\u00e1s de 30 a\u00f1os antes, cuando Sam Pond y Jerry Lehocky eran adversarios en el \u00e1mbito de la indemnizaci\u00f3n laboral. Inmediatamente, se form\u00f3 un respeto y una admiraci\u00f3n mutuos por la celosa defensa de sus clientes. En lugar de seguir luchando entre s\u00ed en los tribunales, decidieron unir sus fuerzas en un bufete de abogados anterior, representando a los trabajadores lesionados y, en \u00faltima instancia, transformando para siempre la compensaci\u00f3n de los trabajadores de Pensilvania. Algunos a\u00f1os m\u00e1s tarde, Tom Giordano se uni\u00f3 a ese bufete y, con su est\u00edmulo y apoyo, comenz\u00f3 a crecer y a dirigir su pr\u00e1ctica de discapacidad de la Seguridad Social.\n\nEn 2010, tanto Sam Pond como Jerry Lehocky supieron que era el momento de crear su propia empresa. Un lugar donde el cliente es siempre lo primero y donde la defensa implacable en nombre de los trabajadores lesionados no es la excepci\u00f3n, sino la norma. Con Tom Giordano, formaron Pond Lehocky Giordano y nunca han olvidado su misi\u00f3n: ayudar al mayor n\u00famero posible de lesionados y discapacitados. Pocos a\u00f1os despu\u00e9s de su apertura, Pond Lehocky Giordano se expandi\u00f3 desde la sede original del bufete en Center City, Filadelfia, y abri\u00f3 otras oficinas en toda Pensilvania y Nueva Jersey. En 2016, abrimos una oficina principal en Pittsburgh, Pensilvania, la ciudad natal de Jerry Lehocky, y dirigida por nuestro socio Steve Miller, nativo del oeste de Pensilvania.\n<h2><span class=\"ez-toc-section\" id=\"Nuestro_departamento_de_discapacidad_de_la_Seguridad_Social\"><\/span>Nuestro departamento de discapacidad de la Seguridad Social<span class=\"ez-toc-section-end\"><\/span><\/h2>\nDirigido por Tom Giordano, el departamento de discapacidad de la Seguridad Social de Pond Lehocky Giordano ha crecido enormemente, habiendo conseguido prestaciones para m\u00e1s de cincuenta mil (50.000) estadounidenses discapacitados en los 50 estados y Puerto Rico. En enero de 2015, el departamento de discapacidad de la Seguridad Social se convirti\u00f3 en Disability Justice, ahora conocido como Pond Lehocky Giordano Disability. Pond Lehocky Giordano Discapacidad es un grupo de defensa de la discapacidad del Seguro Social (SSD) que proporciona un excelente servicio al cliente, el acceso a la representaci\u00f3n legal de alta calidad y recursos educativos. Centra sus esfuerzos de acci\u00f3n pol\u00edtica \u00fanicamente en cuestiones que afectan a los SSD.\n\nTambi\u00e9n nos hemos expandido a otras \u00e1reas de pr\u00e1ctica para los trabajadores -Pond Lehocky Giordano ahora ayuda a los clientes de discapacidad a corto y largo plazo en todo el pa\u00eds, con sus asuntos legales.\n<h2><span class=\"ez-toc-section\" id=\"Nuestro_departamento_de_referencias\"><\/span>Nuestro departamento de referencias<span class=\"ez-toc-section-end\"><\/span><\/h2>\nEn Pond Lehocky Giordano, nuestra misi\u00f3n siempre ha sido ayudar al mayor n\u00famero de personas posible. Uno de los logros de los que nos sentimos m\u00e1s orgullosos hasta la fecha es la creaci\u00f3n del departamento de remisiones de Pond Lehocky. Hasta la fecha, hemos ayudado a decenas de miles de personas en los 50 estados, a encontrar el mejor abogado y bufete de abogados para sus necesidades legales. Si no nos ocupamos de su asunto legal espec\u00edfico, tenemos una relaci\u00f3n con alguien que lo hace, al m\u00e1s alto nivel, en su ciudad, pueblo y estado. Podemos ayudarle a acceder a las mentes jur\u00eddicas m\u00e1s brillantes y trabajadoras del pa\u00eds y todo ello con s\u00f3lo pulsar un bot\u00f3n.\n\nM\u00e1s que un simple conector, el departamento de referencias de Pond Lehocky Giordano tambi\u00e9n ha revolucionado la forma de analizar su informaci\u00f3n. Por ejemplo, usted puede estar llamando a nuestra oficina acerca de una lesi\u00f3n o incapacidad laboral, pero a trav\u00e9s de nuestras preguntas puntuales y el software propietario, podemos determinar si usted tiene derecho a cualquier otro beneficio o tiene cualquier otro recurso legal, ya sea de un producto defectuoso, un material peligroso que fueron expuestos a la negligencia de un proveedor m\u00e9dico o instituci\u00f3n. Vigilamos constantemente el panorama jur\u00eddico para determinar si nuestros clientes o potenciales clientes tienen derechos legales que ni siquiera conocen. Por eso somos su bufete de abogados para cualquier necesidad legal, en cualquier lugar y en cualquier momento.\n<h2><span class=\"ez-toc-section\" id=\"Nuestros_reconocimientos_y_logros\"><\/span>Nuestros reconocimientos y logros<span class=\"ez-toc-section-end\"><\/span><\/h2>\nEl mete\u00f3rico ascenso de Pond Lehocky Giordano ha ido acompa\u00f1ado de numerosos reconocimientos y logros que ponen de manifiesto tanto la experiencia del bufete como su impacto en la comunidad jur\u00eddica, y los socios fundadores del bufete han liderado la carga. En particular, la negociaci\u00f3n de Sam Pond de un acuerdo de 3 millones de d\u00f3lares se encuentra entre los m\u00e1s altos jam\u00e1s otorgados en la compensaci\u00f3n de los trabajadores de Pennsylvania, s\u00f3lo superado por el acuerdo de 4,4 millones de d\u00f3lares obtenido por Jerry Lehocky en 2020. Adem\u00e1s, los esfuerzos de Lehocky en la coautor\u00eda del proyecto de ley por el que se establece el \u00abFondo de Garant\u00eda de los Empleadores no Asegurados\u00bb (un fondo que proporciona prestaciones de compensaci\u00f3n a los trabajadores lesionados cuyos empleadores no tienen seguro de compensaci\u00f3n a los trabajadores) ayudaron a conseguir la primera pieza de legislaci\u00f3n de compensaci\u00f3n a los trabajadores de Pensilvania en m\u00e1s de 30 a\u00f1os.\n\nAdem\u00e1s, Pond Lehocky Giordano ha sido incluido en la lista de los mejores bufetes de abogados de <em>U.S. News<\/em> and <em>World Reporten<\/em> el grupo \u00abTier 1\u00bb para la compensaci\u00f3n de trabajadores, la clasificaci\u00f3n m\u00e1s alta. Los socios Sam Pond, Jerry Lehocky y Thomas Giordano Jr. han sido nombrados en la lista The Best Lawyers in America y en la lista Super Lawyers\u00ae. Muchos de los socios y abogados de la Firma han sido nombrados Super Lawyer Rising Stars, un honor que se otorga a menos del 2,5% de todos los abogados elegibles en Pensilvania.\n\nPond Lehocky Giordano tambi\u00e9n ha sido reconocido sistem\u00e1ticamente como uno de los mejores lugares de trabajo de la regi\u00f3n. El <em>Philadelphia Business Journal <\/em> ha incluido a la empresa en su lista de los mejores lugares para trabajar en siete ocasiones, incluida la de 2020. El <em>Philadelphia Inquirer<\/em> tambi\u00e9n ha nombrado a la empresa uno de los mejores lugares de trabajo de la regi\u00f3n durante varios a\u00f1os.    <\/section>\n\n\n<figure class=\"wp-block-image size-full\"><img decoding=\"async\" width=\"735\" height=\"62\" src=\"https:\/\/34zjl1fr.cdn.imgeng.in\/wp-content\/uploads\/2024\/06\/history-awards.jpg\" alt=\"logotipos de los premios pond lehocky\" class=\"wp-image-4445\" srcset=\"https:\/\/34zjl1fr.cdn.imgeng.in\/wp-content\/uploads\/2024\/06\/history-awards.jpg 735w, https:\/\/34zjl1fr.cdn.imgeng.in\/wp-content\/uploads\/2024\/06\/history-awards-300x25.jpg 300w\" sizes=\"(max-width: 735px) 100vw, 735px\" \/><\/figure>\n","protected":false},"excerpt":{"rendered":"","protected":false},"author":1,"featured_media":4442,"parent":4491,"menu_order":0,"comment_status":"open","ping_status":"closed","template":"page-sidebar.php","meta":{"_acf_changed":false,"footnotes":"","_elementor_data":""},"class_list":["post-4486","page","type-page","status-publish","has-post-thumbnail","hentry"],"acf":[],"page_builder_type":"gutenberg","gutenberg_data":[],"yoast_head":"<!-- This site is optimized with the Yoast SEO Premium plugin v27.3 (Yoast SEO v27.3) - https:\/\/yoast.com\/product\/yoast-seo-premium-wordpress\/ -->\n<title>Nuestra Historia | Pond Lehocky Giordano<\/title>\n<meta name=\"description\" content=\"Pond Lehocky Giordano abri\u00f3 sus puertas en 2010 con 6 abogados. En la actualidad, es una de las mayores empresas de compensaci\u00f3n laboral e incapacidad de la Seguridad Social de EE.UU.\" \/>\n<meta name=\"robots\" content=\"index, follow, max-snippet:-1, max-image-preview:large, max-video-preview:-1\" \/>\n<link rel=\"canonical\" href=\"https:\/\/www.pondlehocky.com\/es\/acerca-de\/historia\/\" \/>\n<meta property=\"og:locale\" content=\"es_ES\" \/>\n<meta property=\"og:type\" content=\"article\" \/>\n<meta property=\"og:title\" content=\"Historia\" \/>\n<meta property=\"og:description\" content=\"Pond Lehocky Giordano abri\u00f3 sus puertas en 2010 con 6 abogados. En la actualidad, es una de las mayores empresas de compensaci\u00f3n laboral e incapacidad de la Seguridad Social de EE.UU.\" \/>\n<meta property=\"og:url\" content=\"https:\/\/www.pondlehocky.com\/es\/acerca-de\/historia\/\" \/>\n<meta property=\"og:site_name\" content=\"Pond Lehocky Giordano, Inc.\" \/>\n<meta property=\"article:publisher\" content=\"https:\/\/www.instagram.com\/pondlehocky\/\" \/>\n<meta property=\"article:modified_time\" content=\"2024-06-22T18:29:46+00:00\" \/>\n<meta property=\"og:image\" content=\"https:\/\/www.pondlehocky.com\/wp-content\/uploads\/2024\/06\/history.jpg\" \/>\n\t<meta property=\"og:image:width\" content=\"1440\" \/>\n\t<meta property=\"og:image:height\" content=\"325\" \/>\n\t<meta property=\"og:image:type\" content=\"image\/jpeg\" \/>\n<meta name=\"twitter:card\" content=\"summary_large_image\" \/>\n<script type=\"application\/ld+json\" class=\"yoast-schema-graph\">{\"@context\":\"https:\\\/\\\/schema.org\",\"@graph\":[{\"@type\":\"WebPage\",\"@id\":\"https:\\\/\\\/www.pondlehocky.com\\\/es\\\/acerca-de\\\/historia\\\/\",\"url\":\"https:\\\/\\\/www.pondlehocky.com\\\/es\\\/acerca-de\\\/historia\\\/\",\"name\":\"Nuestra Historia | Pond Lehocky Giordano\",\"isPartOf\":{\"@id\":\"https:\\\/\\\/www.pondlehocky.com\\\/es\\\/#website\"},\"primaryImageOfPage\":{\"@id\":\"https:\\\/\\\/www.pondlehocky.com\\\/es\\\/acerca-de\\\/historia\\\/#primaryimage\"},\"image\":{\"@id\":\"https:\\\/\\\/www.pondlehocky.com\\\/es\\\/acerca-de\\\/historia\\\/#primaryimage\"},\"thumbnailUrl\":\"https:\\\/\\\/www.pondlehocky.com\\\/wp-content\\\/uploads\\\/2024\\\/06\\\/history.jpg\",\"datePublished\":\"2022-08-23T15:11:32+00:00\",\"dateModified\":\"2024-06-22T18:29:46+00:00\",\"description\":\"Pond Lehocky Giordano abri\u00f3 sus puertas en 2010 con 6 abogados. En la actualidad, es una de las mayores empresas de compensaci\u00f3n laboral e incapacidad de la Seguridad Social de EE.UU.\",\"breadcrumb\":{\"@id\":\"https:\\\/\\\/www.pondlehocky.com\\\/es\\\/acerca-de\\\/historia\\\/#breadcrumb\"},\"inLanguage\":\"es\",\"potentialAction\":[{\"@type\":\"ReadAction\",\"target\":[\"https:\\\/\\\/www.pondlehocky.com\\\/es\\\/acerca-de\\\/historia\\\/\"]}]},{\"@type\":\"ImageObject\",\"inLanguage\":\"es\",\"@id\":\"https:\\\/\\\/www.pondlehocky.com\\\/es\\\/acerca-de\\\/historia\\\/#primaryimage\",\"url\":\"https:\\\/\\\/www.pondlehocky.com\\\/wp-content\\\/uploads\\\/2024\\\/06\\\/history.jpg\",\"contentUrl\":\"https:\\\/\\\/www.pondlehocky.com\\\/wp-content\\\/uploads\\\/2024\\\/06\\\/history.jpg\",\"width\":1440,\"height\":325,\"caption\":\"Pond Lehocky partners\"},{\"@type\":\"BreadcrumbList\",\"@id\":\"https:\\\/\\\/www.pondlehocky.com\\\/es\\\/acerca-de\\\/historia\\\/#breadcrumb\",\"itemListElement\":[{\"@type\":\"ListItem\",\"position\":1,\"name\":\"Home\",\"item\":\"https:\\\/\\\/www.pondlehocky.com\\\/es\\\/homepage\\\/\"},{\"@type\":\"ListItem\",\"position\":2,\"name\":\"Acerca de\",\"item\":\"https:\\\/\\\/www.pondlehocky.com\\\/es\\\/acerca-de\\\/\"},{\"@type\":\"ListItem\",\"position\":3,\"name\":\"Historia\"}]},{\"@type\":\"WebSite\",\"@id\":\"https:\\\/\\\/www.pondlehocky.com\\\/es\\\/#website\",\"url\":\"https:\\\/\\\/www.pondlehocky.com\\\/es\\\/\",\"name\":\"Pond Lehocky Giordano, Inc.\",\"description\":\"Largest workers\u2019 compensation and Social Security disability law firm in Pennsylvania\",\"publisher\":{\"@id\":\"https:\\\/\\\/www.pondlehocky.com\\\/es\\\/#organization\"},\"alternateName\":\"Pond Lehocky Giordano, Inc.\",\"potentialAction\":[{\"@type\":\"SearchAction\",\"target\":{\"@type\":\"EntryPoint\",\"urlTemplate\":\"https:\\\/\\\/www.pondlehocky.com\\\/es\\\/?s={search_term_string}\"},\"query-input\":{\"@type\":\"PropertyValueSpecification\",\"valueRequired\":true,\"valueName\":\"search_term_string\"}}],\"inLanguage\":\"es\"},{\"@type\":\"Organization\",\"@id\":\"https:\\\/\\\/www.pondlehocky.com\\\/es\\\/#organization\",\"name\":\"Pond Lehocky Giordano, Inc\",\"alternateName\":\"Pond Lehocky Giordano, Inc.\",\"url\":\"https:\\\/\\\/www.pondlehocky.com\\\/es\\\/\",\"logo\":{\"@type\":\"ImageObject\",\"inLanguage\":\"es\",\"@id\":\"https:\\\/\\\/www.pondlehocky.com\\\/es\\\/#\\\/schema\\\/logo\\\/image\\\/\",\"url\":\"https:\\\/\\\/www.pondlehocky.com\\\/wp-content\\\/uploads\\\/2024\\\/04\\\/pond-lehocky-logo.png\",\"contentUrl\":\"https:\\\/\\\/www.pondlehocky.com\\\/wp-content\\\/uploads\\\/2024\\\/04\\\/pond-lehocky-logo.png\",\"width\":355,\"height\":28,\"caption\":\"Pond Lehocky Giordano, Inc\"},\"image\":{\"@id\":\"https:\\\/\\\/www.pondlehocky.com\\\/es\\\/#\\\/schema\\\/logo\\\/image\\\/\"},\"sameAs\":[\"https:\\\/\\\/www.instagram.com\\\/pondlehocky\\\/\",\"https:\\\/\\\/www.youtube.com\\\/user\\\/pondlehocky\",\"https:\\\/\\\/www.tiktok.com\\\/@pondlehockygiordano\",\"https:\\\/\\\/www.facebook.com\\\/PondLehocky\",\"https:\\\/\\\/www.linkedin.com\\\/company\\\/pond-lehocky-giordano\\\/\"]}]}<\/script>\n<!-- \/ Yoast SEO Premium plugin. -->","yoast_head_json":{"title":"Nuestra Historia | Pond Lehocky Giordano","description":"Pond Lehocky Giordano abri\u00f3 sus puertas en 2010 con 6 abogados. En la actualidad, es una de las mayores empresas de compensaci\u00f3n laboral e incapacidad de la Seguridad Social de EE.UU.","robots":{"index":"index","follow":"follow","max-snippet":"max-snippet:-1","max-image-preview":"max-image-preview:large","max-video-preview":"max-video-preview:-1"},"canonical":"https:\/\/www.pondlehocky.com\/es\/acerca-de\/historia\/","og_locale":"es_ES","og_type":"article","og_title":"Historia","og_description":"Pond Lehocky Giordano abri\u00f3 sus puertas en 2010 con 6 abogados. En la actualidad, es una de las mayores empresas de compensaci\u00f3n laboral e incapacidad de la Seguridad Social de EE.UU.","og_url":"https:\/\/www.pondlehocky.com\/es\/acerca-de\/historia\/","og_site_name":"Pond Lehocky Giordano, Inc.","article_publisher":"https:\/\/www.instagram.com\/pondlehocky\/","article_modified_time":"2024-06-22T18:29:46+00:00","og_image":[{"width":1440,"height":325,"url":"https:\/\/www.pondlehocky.com\/wp-content\/uploads\/2024\/06\/history.jpg","type":"image\/jpeg"}],"twitter_card":"summary_large_image","schema":{"@context":"https:\/\/schema.org","@graph":[{"@type":"WebPage","@id":"https:\/\/www.pondlehocky.com\/es\/acerca-de\/historia\/","url":"https:\/\/www.pondlehocky.com\/es\/acerca-de\/historia\/","name":"Nuestra Historia | Pond Lehocky Giordano","isPartOf":{"@id":"https:\/\/www.pondlehocky.com\/es\/#website"},"primaryImageOfPage":{"@id":"https:\/\/www.pondlehocky.com\/es\/acerca-de\/historia\/#primaryimage"},"image":{"@id":"https:\/\/www.pondlehocky.com\/es\/acerca-de\/historia\/#primaryimage"},"thumbnailUrl":"https:\/\/www.pondlehocky.com\/wp-content\/uploads\/2024\/06\/history.jpg","datePublished":"2022-08-23T15:11:32+00:00","dateModified":"2024-06-22T18:29:46+00:00","description":"Pond Lehocky Giordano abri\u00f3 sus puertas en 2010 con 6 abogados. En la actualidad, es una de las mayores empresas de compensaci\u00f3n laboral e incapacidad de la Seguridad Social de EE.UU.","breadcrumb":{"@id":"https:\/\/www.pondlehocky.com\/es\/acerca-de\/historia\/#breadcrumb"},"inLanguage":"es","potentialAction":[{"@type":"ReadAction","target":["https:\/\/www.pondlehocky.com\/es\/acerca-de\/historia\/"]}]},{"@type":"ImageObject","inLanguage":"es","@id":"https:\/\/www.pondlehocky.com\/es\/acerca-de\/historia\/#primaryimage","url":"https:\/\/www.pondlehocky.com\/wp-content\/uploads\/2024\/06\/history.jpg","contentUrl":"https:\/\/www.pondlehocky.com\/wp-content\/uploads\/2024\/06\/history.jpg","width":1440,"height":325,"caption":"Pond Lehocky partners"},{"@type":"BreadcrumbList","@id":"https:\/\/www.pondlehocky.com\/es\/acerca-de\/historia\/#breadcrumb","itemListElement":[{"@type":"ListItem","position":1,"name":"Home","item":"https:\/\/www.pondlehocky.com\/es\/homepage\/"},{"@type":"ListItem","position":2,"name":"Acerca de","item":"https:\/\/www.pondlehocky.com\/es\/acerca-de\/"},{"@type":"ListItem","position":3,"name":"Historia"}]},{"@type":"WebSite","@id":"https:\/\/www.pondlehocky.com\/es\/#website","url":"https:\/\/www.pondlehocky.com\/es\/","name":"Pond Lehocky Giordano, Inc.","description":"Largest workers\u2019 compensation and Social Security disability law firm in Pennsylvania","publisher":{"@id":"https:\/\/www.pondlehocky.com\/es\/#organization"},"alternateName":"Pond Lehocky Giordano, Inc.","potentialAction":[{"@type":"SearchAction","target":{"@type":"EntryPoint","urlTemplate":"https:\/\/www.pondlehocky.com\/es\/?s={search_term_string}"},"query-input":{"@type":"PropertyValueSpecification","valueRequired":true,"valueName":"search_term_string"}}],"inLanguage":"es"},{"@type":"Organization","@id":"https:\/\/www.pondlehocky.com\/es\/#organization","name":"Pond Lehocky Giordano, Inc","alternateName":"Pond Lehocky Giordano, Inc.","url":"https:\/\/www.pondlehocky.com\/es\/","logo":{"@type":"ImageObject","inLanguage":"es","@id":"https:\/\/www.pondlehocky.com\/es\/#\/schema\/logo\/image\/","url":"https:\/\/www.pondlehocky.com\/wp-content\/uploads\/2024\/04\/pond-lehocky-logo.png","contentUrl":"https:\/\/www.pondlehocky.com\/wp-content\/uploads\/2024\/04\/pond-lehocky-logo.png","width":355,"height":28,"caption":"Pond Lehocky Giordano, Inc"},"image":{"@id":"https:\/\/www.pondlehocky.com\/es\/#\/schema\/logo\/image\/"},"sameAs":["https:\/\/www.instagram.com\/pondlehocky\/","https:\/\/www.youtube.com\/user\/pondlehocky","https:\/\/www.tiktok.com\/@pondlehockygiordano","https:\/\/www.facebook.com\/PondLehocky","https:\/\/www.linkedin.com\/company\/pond-lehocky-giordano\/"]}]}},"_links":{"self":[{"href":"https:\/\/www.pondlehocky.com\/es\/wp-json\/wp\/v2\/pages\/4486","targetHints":{"allow":["GET"]}}],"collection":[{"href":"https:\/\/www.pondlehocky.com\/es\/wp-json\/wp\/v2\/pages"}],"about":[{"href":"https:\/\/www.pondlehocky.com\/es\/wp-json\/wp\/v2\/types\/page"}],"author":[{"embeddable":true,"href":"https:\/\/www.pondlehocky.com\/es\/wp-json\/wp\/v2\/users\/1"}],"replies":[{"embeddable":true,"href":"https:\/\/www.pondlehocky.com\/es\/wp-json\/wp\/v2\/comments?post=4486"}],"version-history":[{"count":0,"href":"https:\/\/www.pondlehocky.com\/es\/wp-json\/wp\/v2\/pages\/4486\/revisions"}],"up":[{"embeddable":true,"href":"https:\/\/www.pondlehocky.com\/es\/wp-json\/wp\/v2\/pages\/4491"}],"wp:featuredmedia":[{"embeddable":true,"href":"https:\/\/www.pondlehocky.com\/es\/wp-json\/wp\/v2\/media\/4442"}],"wp:attachment":[{"href":"https:\/\/www.pondlehocky.com\/es\/wp-json\/wp\/v2\/media?parent=4486"}],"curies":[{"name":"wp","href":"https:\/\/api.w.org\/{rel}","templated":true}]}}