{"id":4488,"date":"2024-04-17T04:32:45","date_gmt":"2024-04-17T04:32:45","guid":{"rendered":"https:\/\/www.pondlehocky.com\/compromiso\/"},"modified":"2024-06-22T20:26:57","modified_gmt":"2024-06-22T20:26:57","slug":"compromiso","status":"publish","type":"page","link":"https:\/\/www.pondlehocky.com\/es\/acerca-de\/compromiso\/","title":{"rendered":"Compromiso"},"content":{"rendered":"    <section class=\"pl-block pl-raw-content mb-7 pl-t [&#038;.border-t-2]:pt-8  \">\n        <h2><span class=\"ez-toc-section\" id=\"Cliente_Comunidad_La_cultura_La_Coherencia\"><\/span>Cliente. Comunidad. La cultura. La Coherencia.<span class=\"ez-toc-section-end\"><\/span><\/h2>\nEstos son los cuatro valores sobre los que se fund\u00f3 Pond Lehocky Giordano y que gu\u00edan a sus abogados y personal cada d\u00eda.    <\/section>\n\n    <section class=\"pl-block pl-raw-content mb-7 pl-t [&#038;.border-t-2]:pt-8 border-t-2 border-gray\/90 \">\n        <h5><span class=\"ez-toc-section\" id=\"Cliente\"><\/span>Cliente<span class=\"ez-toc-section-end\"><\/span><\/h5>\nEn Pond Lehocky Giordano tenemos un sencillo mantra, y es \u00abhaz lo correcto por el cliente, y todo lo dem\u00e1s se arreglar\u00e1 solo\u00bb. Tenemos un verdadero sentido del deber para con nuestros clientes. El deber de luchar, el deber de protegerte y el deber de ganar. Si usted est\u00e1 representado por Pond Lehocky Giordano, puede estar seguro de que nuestro equipo luchar\u00e1 incansablemente en su nombre, aportando todos nuestros recursos.    <\/section>\n\n    <section class=\"pl-block pl-raw-content mb-7 pl-t [&#038;.border-t-2]:pt-8 border-t-2 border-gray\/90 \">\n        <h5><span class=\"ez-toc-section\" id=\"COMUNIDAD\"><\/span>COMUNIDAD<span class=\"ez-toc-section-end\"><\/span><\/h5>\nPond Lehocky Giordano se esfuerza por mejorar nuestra comunidad a trav\u00e9s de la educaci\u00f3n del p\u00fablico sobre la ley y la retribuci\u00f3n a trav\u00e9s de los esfuerzos de voluntariado. Nos comprometemos con la comunidad a nivel local, nacional y mundial.    <\/section>\n\n    <section class=\"pl-block pl-raw-content mb-7 pl-t [&#038;.border-t-2]:pt-8 border-t-2 border-gray\/90 \">\n        <h5><span class=\"ez-toc-section\" id=\"CULTURA\"><\/span>CULTURA<span class=\"ez-toc-section-end\"><\/span><\/h5>\nFomentamos una cultura de colaboraci\u00f3n, diversidad e inclusi\u00f3n. Trabajamos juntos como un equipo, valorando la aportaci\u00f3n y las nuevas perspectivas de cada miembro para ofrecer un servicio apasionado e innovador.    <\/section>\n\n    <section class=\"pl-block pl-raw-content mb-7 pl-t [&#038;.border-t-2]:pt-8 border-t-2 border-gray\/90 \">\n        <h5><span class=\"ez-toc-section\" id=\"CONSISTENCIA\"><\/span>CONSISTENCIA<span class=\"ez-toc-section-end\"><\/span><\/h5>\nTodo es excelencia. Nos esforzamos por ofrecer t\u00e9cnicas de litigaci\u00f3n ejemplares y un servicio jur\u00eddico integral al m\u00e1s alto nivel profesional.    <\/section>\n\n    <section class=\"pl-block pl-raw-content mb-7 pl-t [&#038;.border-t-2]:pt-8 border-t-2 border-gray\/90 \">\n        <strong>Nuestro bufete de abogados tiene \u00e9xito al ofrecer una representaci\u00f3n legal hol\u00edstica para ayudar a los trabajadores lesionados y asistir a las personas con discapacidades. Nuestros abogados de Pond Lehocky Giordano se comprometen a servir a nuestros clientes con t\u00e9cnicas de litigio y juicio ejemplares al m\u00e1s alto nivel profesional. Nos esforzamos por mejorar nuestra comunidad a trav\u00e9s de la educaci\u00f3n del p\u00fablico sobre la ley y la retribuci\u00f3n a trav\u00e9s de los esfuerzos de voluntariado.<\/strong>    <\/section>\n\n    <section class=\"pl-block pl-results\">\n                <div class=\"pl-module pl-module-results\">\n\n            \n                <div class=\" group py-6 pb-14 md:pt-14\">\n                                            <div class=\"max-md:text-center\">\n                            <h2 class=\"pl-header pl-header--section border-b-2 border-yellow block pb-4 max-md:text-center max-md:inline-block\"><span class=\"ez-toc-section\" id=\"Ver_nuestros_resultados\"><\/span>\n                                Ver nuestros resultados                            <span class=\"ez-toc-section-end\"><\/span><\/h2>\n                        <\/div>\n                    \n                    <div class=\"grid grid-cols-1 gap-6 lg:gap-10 pt-12 md:grid-cols-2\">\n                                            <\/div>\n\n                                            <div class=\"text-center\">\n                            <a href=\"https:\/\/www.pondlehocky.com\/es\/resultados\/\" class=\"pl-button pl-button--primary pl-button--large mt-12\">Ver mas resultados<\/a>\n                        <\/div>\n                                    <\/div>\n\n                    <\/div>\n    <\/section>\n    <section class=\"pl-block pl-featured-video\">\n                <div class=\"pl-module pl-module-featured-video py-10 lg:py-14 \">\n            <div class=\"container max-lg:text-center\">\n\n                                    <h2 class=\"pl-header pl-header--section pl-header--underline\"  data-inviewport><span class=\"ez-toc-section\" id=\"Abogamos_por_nuestros_clientes\"><\/span>\n                        Abogamos por nuestros clientes                    <span class=\"ez-toc-section-end\"><\/span><\/h2>\n                \n                                    <div class=\"mt-8 lg:mt-12 overflow-clip rounded-xl relative aspect-video [&#038;_iframe]:absolute [&#038;_iframe]:w-full [&#038;_iframe]:h-full [&#038;_iframe]:inset-0\">\n                        <iframe title=\"Nurse Sulma was injured helping a patient. Pond Lehocky was there to help her when she needed it.\" width=\"640\" height=\"360\" src=\"https:\/\/www.youtube.com\/embed\/dS_7fA5Kg1M?feature=oembed\" frameborder=\"0\" allow=\"accelerometer; autoplay; clipboard-write; encrypted-media; gyroscope; picture-in-picture; web-share\" referrerpolicy=\"strict-origin-when-cross-origin\" allowfullscreen><\/iframe>                    <\/div>\n                \n                                    \n                    <div class=\"text-center\">\n                        <a href=\"https:\/\/www.pondlehocky.com\/client-stories\/\" class=\"pl-button pl-button--primary pl-button--large mt-8\" target=\"_self\">Ver m\u00e1s testimonios de clientes<\/a>\n                    <\/div>\n                \n            <\/div>\n        <\/div>\n    <\/section>\n","protected":false},"excerpt":{"rendered":"","protected":false},"author":2,"featured_media":4468,"parent":4491,"menu_order":0,"comment_status":"closed","ping_status":"closed","template":"page-sidebar.php","meta":{"_acf_changed":false,"footnotes":"","_elementor_data":""},"class_list":["post-4488","page","type-page","status-publish","has-post-thumbnail","hentry"],"acf":[],"page_builder_type":"gutenberg","gutenberg_data":[],"yoast_head":"<!-- This site is optimized with the Yoast SEO Premium plugin v27.3 (Yoast SEO v27.3) - https:\/\/yoast.com\/product\/yoast-seo-premium-wordpress\/ -->\n<title>Compromiso | Pond Lehocky Giordano, Inc.<\/title>\n<meta name=\"description\" content=\"Cliente, comunidad, cultura y coherencia: estos son los cuatro valores sobre los que se fund\u00f3 Pond Lehocky Giordano.\" \/>\n<meta name=\"robots\" content=\"index, follow, max-snippet:-1, max-image-preview:large, max-video-preview:-1\" \/>\n<link rel=\"canonical\" href=\"https:\/\/www.pondlehocky.com\/es\/acerca-de\/compromiso\/\" \/>\n<meta property=\"og:locale\" content=\"es_ES\" \/>\n<meta property=\"og:type\" content=\"article\" \/>\n<meta property=\"og:title\" content=\"Compromiso\" \/>\n<meta property=\"og:description\" content=\"Cliente, comunidad, cultura y coherencia: estos son los cuatro valores sobre los que se fund\u00f3 Pond Lehocky Giordano.\" \/>\n<meta property=\"og:url\" content=\"https:\/\/www.pondlehocky.com\/es\/acerca-de\/compromiso\/\" \/>\n<meta property=\"og:site_name\" content=\"Pond Lehocky Giordano, Inc.\" \/>\n<meta property=\"article:publisher\" content=\"https:\/\/www.instagram.com\/pondlehocky\/\" \/>\n<meta property=\"article:modified_time\" content=\"2024-06-22T20:26:57+00:00\" \/>\n<meta property=\"og:image\" content=\"https:\/\/www.pondlehocky.com\/wp-content\/uploads\/2024\/06\/Commitment.jpg\" \/>\n\t<meta property=\"og:image:width\" content=\"1440\" \/>\n\t<meta property=\"og:image:height\" content=\"325\" \/>\n\t<meta property=\"og:image:type\" content=\"image\/jpeg\" \/>\n<meta name=\"twitter:card\" content=\"summary_large_image\" \/>\n<script type=\"application\/ld+json\" class=\"yoast-schema-graph\">{\"@context\":\"https:\\\/\\\/schema.org\",\"@graph\":[{\"@type\":\"WebPage\",\"@id\":\"https:\\\/\\\/www.pondlehocky.com\\\/es\\\/acerca-de\\\/compromiso\\\/\",\"url\":\"https:\\\/\\\/www.pondlehocky.com\\\/es\\\/acerca-de\\\/compromiso\\\/\",\"name\":\"Compromiso | Pond Lehocky Giordano, Inc.\",\"isPartOf\":{\"@id\":\"https:\\\/\\\/www.pondlehocky.com\\\/es\\\/#website\"},\"primaryImageOfPage\":{\"@id\":\"https:\\\/\\\/www.pondlehocky.com\\\/es\\\/acerca-de\\\/compromiso\\\/#primaryimage\"},\"image\":{\"@id\":\"https:\\\/\\\/www.pondlehocky.com\\\/es\\\/acerca-de\\\/compromiso\\\/#primaryimage\"},\"thumbnailUrl\":\"https:\\\/\\\/www.pondlehocky.com\\\/wp-content\\\/uploads\\\/2024\\\/06\\\/Commitment.jpg\",\"datePublished\":\"2024-04-17T04:32:45+00:00\",\"dateModified\":\"2024-06-22T20:26:57+00:00\",\"description\":\"Cliente, comunidad, cultura y coherencia: estos son los cuatro valores sobre los que se fund\u00f3 Pond Lehocky Giordano.\",\"breadcrumb\":{\"@id\":\"https:\\\/\\\/www.pondlehocky.com\\\/es\\\/acerca-de\\\/compromiso\\\/#breadcrumb\"},\"inLanguage\":\"es\",\"potentialAction\":[{\"@type\":\"ReadAction\",\"target\":[\"https:\\\/\\\/www.pondlehocky.com\\\/es\\\/acerca-de\\\/compromiso\\\/\"]}]},{\"@type\":\"ImageObject\",\"inLanguage\":\"es\",\"@id\":\"https:\\\/\\\/www.pondlehocky.com\\\/es\\\/acerca-de\\\/compromiso\\\/#primaryimage\",\"url\":\"https:\\\/\\\/www.pondlehocky.com\\\/wp-content\\\/uploads\\\/2024\\\/06\\\/Commitment.jpg\",\"contentUrl\":\"https:\\\/\\\/www.pondlehocky.com\\\/wp-content\\\/uploads\\\/2024\\\/06\\\/Commitment.jpg\",\"width\":1440,\"height\":325,\"caption\":\"commitment hero\"},{\"@type\":\"BreadcrumbList\",\"@id\":\"https:\\\/\\\/www.pondlehocky.com\\\/es\\\/acerca-de\\\/compromiso\\\/#breadcrumb\",\"itemListElement\":[{\"@type\":\"ListItem\",\"position\":1,\"name\":\"Home\",\"item\":\"https:\\\/\\\/www.pondlehocky.com\\\/es\\\/homepage\\\/\"},{\"@type\":\"ListItem\",\"position\":2,\"name\":\"Acerca de\",\"item\":\"https:\\\/\\\/www.pondlehocky.com\\\/es\\\/acerca-de\\\/\"},{\"@type\":\"ListItem\",\"position\":3,\"name\":\"Compromiso\"}]},{\"@type\":\"WebSite\",\"@id\":\"https:\\\/\\\/www.pondlehocky.com\\\/es\\\/#website\",\"url\":\"https:\\\/\\\/www.pondlehocky.com\\\/es\\\/\",\"name\":\"Pond Lehocky Giordano, Inc.\",\"description\":\"Largest workers\u2019 compensation and Social Security disability law firm in Pennsylvania\",\"publisher\":{\"@id\":\"https:\\\/\\\/www.pondlehocky.com\\\/es\\\/#organization\"},\"alternateName\":\"Pond Lehocky Giordano, Inc.\",\"potentialAction\":[{\"@type\":\"SearchAction\",\"target\":{\"@type\":\"EntryPoint\",\"urlTemplate\":\"https:\\\/\\\/www.pondlehocky.com\\\/es\\\/?s={search_term_string}\"},\"query-input\":{\"@type\":\"PropertyValueSpecification\",\"valueRequired\":true,\"valueName\":\"search_term_string\"}}],\"inLanguage\":\"es\"},{\"@type\":\"Organization\",\"@id\":\"https:\\\/\\\/www.pondlehocky.com\\\/es\\\/#organization\",\"name\":\"Pond Lehocky Giordano, Inc\",\"alternateName\":\"Pond Lehocky Giordano, Inc.\",\"url\":\"https:\\\/\\\/www.pondlehocky.com\\\/es\\\/\",\"logo\":{\"@type\":\"ImageObject\",\"inLanguage\":\"es\",\"@id\":\"https:\\\/\\\/www.pondlehocky.com\\\/es\\\/#\\\/schema\\\/logo\\\/image\\\/\",\"url\":\"https:\\\/\\\/www.pondlehocky.com\\\/wp-content\\\/uploads\\\/2024\\\/04\\\/pond-lehocky-logo.png\",\"contentUrl\":\"https:\\\/\\\/www.pondlehocky.com\\\/wp-content\\\/uploads\\\/2024\\\/04\\\/pond-lehocky-logo.png\",\"width\":355,\"height\":28,\"caption\":\"Pond Lehocky Giordano, Inc\"},\"image\":{\"@id\":\"https:\\\/\\\/www.pondlehocky.com\\\/es\\\/#\\\/schema\\\/logo\\\/image\\\/\"},\"sameAs\":[\"https:\\\/\\\/www.instagram.com\\\/pondlehocky\\\/\",\"https:\\\/\\\/www.youtube.com\\\/user\\\/pondlehocky\",\"https:\\\/\\\/www.tiktok.com\\\/@pondlehockygiordano\",\"https:\\\/\\\/www.facebook.com\\\/PondLehocky\",\"https:\\\/\\\/www.linkedin.com\\\/company\\\/pond-lehocky-giordano\\\/\"]}]}<\/script>\n<!-- \/ Yoast SEO Premium plugin. -->","yoast_head_json":{"title":"Compromiso | Pond Lehocky Giordano, Inc.","description":"Cliente, comunidad, cultura y coherencia: estos son los cuatro valores sobre los que se fund\u00f3 Pond Lehocky Giordano.","robots":{"index":"index","follow":"follow","max-snippet":"max-snippet:-1","max-image-preview":"max-image-preview:large","max-video-preview":"max-video-preview:-1"},"canonical":"https:\/\/www.pondlehocky.com\/es\/acerca-de\/compromiso\/","og_locale":"es_ES","og_type":"article","og_title":"Compromiso","og_description":"Cliente, comunidad, cultura y coherencia: estos son los cuatro valores sobre los que se fund\u00f3 Pond Lehocky Giordano.","og_url":"https:\/\/www.pondlehocky.com\/es\/acerca-de\/compromiso\/","og_site_name":"Pond Lehocky Giordano, Inc.","article_publisher":"https:\/\/www.instagram.com\/pondlehocky\/","article_modified_time":"2024-06-22T20:26:57+00:00","og_image":[{"width":1440,"height":325,"url":"https:\/\/www.pondlehocky.com\/wp-content\/uploads\/2024\/06\/Commitment.jpg","type":"image\/jpeg"}],"twitter_card":"summary_large_image","schema":{"@context":"https:\/\/schema.org","@graph":[{"@type":"WebPage","@id":"https:\/\/www.pondlehocky.com\/es\/acerca-de\/compromiso\/","url":"https:\/\/www.pondlehocky.com\/es\/acerca-de\/compromiso\/","name":"Compromiso | Pond Lehocky Giordano, Inc.","isPartOf":{"@id":"https:\/\/www.pondlehocky.com\/es\/#website"},"primaryImageOfPage":{"@id":"https:\/\/www.pondlehocky.com\/es\/acerca-de\/compromiso\/#primaryimage"},"image":{"@id":"https:\/\/www.pondlehocky.com\/es\/acerca-de\/compromiso\/#primaryimage"},"thumbnailUrl":"https:\/\/www.pondlehocky.com\/wp-content\/uploads\/2024\/06\/Commitment.jpg","datePublished":"2024-04-17T04:32:45+00:00","dateModified":"2024-06-22T20:26:57+00:00","description":"Cliente, comunidad, cultura y coherencia: estos son los cuatro valores sobre los que se fund\u00f3 Pond Lehocky Giordano.","breadcrumb":{"@id":"https:\/\/www.pondlehocky.com\/es\/acerca-de\/compromiso\/#breadcrumb"},"inLanguage":"es","potentialAction":[{"@type":"ReadAction","target":["https:\/\/www.pondlehocky.com\/es\/acerca-de\/compromiso\/"]}]},{"@type":"ImageObject","inLanguage":"es","@id":"https:\/\/www.pondlehocky.com\/es\/acerca-de\/compromiso\/#primaryimage","url":"https:\/\/www.pondlehocky.com\/wp-content\/uploads\/2024\/06\/Commitment.jpg","contentUrl":"https:\/\/www.pondlehocky.com\/wp-content\/uploads\/2024\/06\/Commitment.jpg","width":1440,"height":325,"caption":"commitment hero"},{"@type":"BreadcrumbList","@id":"https:\/\/www.pondlehocky.com\/es\/acerca-de\/compromiso\/#breadcrumb","itemListElement":[{"@type":"ListItem","position":1,"name":"Home","item":"https:\/\/www.pondlehocky.com\/es\/homepage\/"},{"@type":"ListItem","position":2,"name":"Acerca de","item":"https:\/\/www.pondlehocky.com\/es\/acerca-de\/"},{"@type":"ListItem","position":3,"name":"Compromiso"}]},{"@type":"WebSite","@id":"https:\/\/www.pondlehocky.com\/es\/#website","url":"https:\/\/www.pondlehocky.com\/es\/","name":"Pond Lehocky Giordano, Inc.","description":"Largest workers\u2019 compensation and Social Security disability law firm in Pennsylvania","publisher":{"@id":"https:\/\/www.pondlehocky.com\/es\/#organization"},"alternateName":"Pond Lehocky Giordano, Inc.","potentialAction":[{"@type":"SearchAction","target":{"@type":"EntryPoint","urlTemplate":"https:\/\/www.pondlehocky.com\/es\/?s={search_term_string}"},"query-input":{"@type":"PropertyValueSpecification","valueRequired":true,"valueName":"search_term_string"}}],"inLanguage":"es"},{"@type":"Organization","@id":"https:\/\/www.pondlehocky.com\/es\/#organization","name":"Pond Lehocky Giordano, Inc","alternateName":"Pond Lehocky Giordano, Inc.","url":"https:\/\/www.pondlehocky.com\/es\/","logo":{"@type":"ImageObject","inLanguage":"es","@id":"https:\/\/www.pondlehocky.com\/es\/#\/schema\/logo\/image\/","url":"https:\/\/www.pondlehocky.com\/wp-content\/uploads\/2024\/04\/pond-lehocky-logo.png","contentUrl":"https:\/\/www.pondlehocky.com\/wp-content\/uploads\/2024\/04\/pond-lehocky-logo.png","width":355,"height":28,"caption":"Pond Lehocky Giordano, Inc"},"image":{"@id":"https:\/\/www.pondlehocky.com\/es\/#\/schema\/logo\/image\/"},"sameAs":["https:\/\/www.instagram.com\/pondlehocky\/","https:\/\/www.youtube.com\/user\/pondlehocky","https:\/\/www.tiktok.com\/@pondlehockygiordano","https:\/\/www.facebook.com\/PondLehocky","https:\/\/www.linkedin.com\/company\/pond-lehocky-giordano\/"]}]}},"_links":{"self":[{"href":"https:\/\/www.pondlehocky.com\/es\/wp-json\/wp\/v2\/pages\/4488","targetHints":{"allow":["GET"]}}],"collection":[{"href":"https:\/\/www.pondlehocky.com\/es\/wp-json\/wp\/v2\/pages"}],"about":[{"href":"https:\/\/www.pondlehocky.com\/es\/wp-json\/wp\/v2\/types\/page"}],"author":[{"embeddable":true,"href":"https:\/\/www.pondlehocky.com\/es\/wp-json\/wp\/v2\/users\/2"}],"replies":[{"embeddable":true,"href":"https:\/\/www.pondlehocky.com\/es\/wp-json\/wp\/v2\/comments?post=4488"}],"version-history":[{"count":0,"href":"https:\/\/www.pondlehocky.com\/es\/wp-json\/wp\/v2\/pages\/4488\/revisions"}],"up":[{"embeddable":true,"href":"https:\/\/www.pondlehocky.com\/es\/wp-json\/wp\/v2\/pages\/4491"}],"wp:featuredmedia":[{"embeddable":true,"href":"https:\/\/www.pondlehocky.com\/es\/wp-json\/wp\/v2\/media\/4468"}],"wp:attachment":[{"href":"https:\/\/www.pondlehocky.com\/es\/wp-json\/wp\/v2\/media?parent=4488"}],"curies":[{"name":"wp","href":"https:\/\/api.w.org\/{rel}","templated":true}]}}