{"id":4489,"date":"2022-08-24T13:51:58","date_gmt":"2022-08-24T13:51:58","guid":{"rendered":"https:\/\/www.pondlehocky.com\/nuestra-comunidad\/"},"modified":"2024-07-26T21:50:10","modified_gmt":"2024-07-26T21:50:10","slug":"nuestra-comunidad","status":"publish","type":"page","link":"https:\/\/www.pondlehocky.com\/es\/acerca-de\/nuestra-comunidad\/","title":{"rendered":"Nuestra Comunidad"},"content":{"rendered":"    <section class=\"pl-block pl-raw-content mb-7 pl-t [&#038;.border-t-2]:pt-8  \">\n            <\/section>\n\n\n\n    <section class=\"pl-block pl-raw-content mb-7 pl-t [&#038;.border-t-2]:pt-8  \">\n        <p class=\"p1\">Pond Lehocky Giordano se esfuerza por mejorar nuestra comunidad a trav\u00e9s de la educaci\u00f3n del p\u00fablico sobre la ley y la retribuci\u00f3n a trav\u00e9s de los esfuerzos de voluntariado. Nos comprometemos con la comunidad a nivel local, nacional y mundial.<\/p>    <\/section>\n\n\n\n    <section class=\"pl-block pl-raw-content mb-7 pl-t [&#038;.border-t-2]:pt-8 border-t-2 border-gray\/90 \">\n        <h2 class=\"p1\"><span class=\"ez-toc-section\" id=\"Asociaciones\"><\/span>Asociaciones<span class=\"ez-toc-section-end\"><\/span><\/h2>\n<p class=\"p1\">En Pond Lehocky GIordano no nos limitamos a patrocinar grandes organizaciones, sino que nos asociamos con ellas, asumiendo su misi\u00f3n como propia. Las asociaciones que se mencionan a continuaci\u00f3n son ejemplos brillantes de excelencia, dedicaci\u00f3n, compasi\u00f3n, innovaci\u00f3n, creatividad y defensa inquebrantable. Para Pond Lehocky Giordano es f\u00e1cil apoyar a estos socios porque nos inspiran constantemente.<\/p>\n<p><a class=\"pl-button pl-button--large pl-button--primary mt-2\" href=\"https:\/\/www.pondlehocky.com\/es\/acerca-de\/nuestra-comunidad\/asociaciones\/\">M\u00c1S INFORMACI\u00d3N<\/a><\/p>\n    <\/section>\n\n\n\n    <section class=\"pl-block pl-raw-content mb-7 pl-t [&#038;.border-t-2]:pt-8 border-t-2 border-gray\/90 \">\n        <h2 class=\"p1\"><span class=\"ez-toc-section\" id=\"Becas\"><\/span>Becas<span class=\"ez-toc-section-end\"><\/span><\/h2>\n<p class=\"p1\">La educaci\u00f3n es uno de los principales focos de los esfuerzos comunitarios de Pond Lehocky Giordano. Creemos que tenemos la responsabilidad real de apoyar a los hijos de los lesionados en el trabajo, as\u00ed como a los estudiantes de derecho que desean luchar por los lesionados y discapacitados.<\/p>\n<p><a class=\"pl-button pl-button--large pl-button--primary mt-2\" href=\"https:\/\/www.pondlehocky.com\/es\/acerca-de\/nuestra-comunidad\/becas\/\">M\u00c1S INFORMACI\u00d3N<\/a><\/p>\n    <\/section>\n\n\n\n    <section class=\"pl-block pl-raw-content mb-7 pl-t [&#038;.border-t-2]:pt-8  \">\n        <h2 class=\"p1\"><span class=\"ez-toc-section\" id=\"Diversidad_Equidad_e_Inclusion_Diversidad_equidad_e_inclusion_DEI_Comite\"><\/span>Diversidad, Equidad e Inclusi\u00f3n<br \/>\nDiversidad, equidad e inclusi\u00f3n (DEI) Comit\u00e9<span class=\"ez-toc-section-end\"><\/span><\/h2>\n<p class=\"p1\">La diversidad siempre ha sido importante en Pond Lehocky Giordano. Estamos orgullosos de haber sido reconocidos por la revista Legal Intelligencer\u2019s Pa Law Magazine como la tercera en el estado de Pensilvania con el mayor porcentaje de abogados de minor\u00edas, y la vig\u00e9simo octava en el estado con el mayor porcentaje de mujeres abogadas. Los abogados y el personal diversos conectan mejor con clientes diversos. La diversidad de los abogados y del personal proporciona diversas y mejores estrategias legales.<\/p>\n<p><a class=\"pl-button pl-button--large pl-button--primary mt-2\" href=\"https:\/\/www.pondlehocky.com\/es\/acerca-de\/nuestra-comunidad\/comite-de-diversidad-equidad-e-inclusion-dei\/\">M\u00c1S INFORMACI\u00d3N<\/a><\/p>\n    <\/section>\n\n\n\n    <section class=\"pl-block pl-raw-content mb-7 pl-t [&#038;.border-t-2]:pt-8  \">\n        <h2 class=\"p1\"><span class=\"ez-toc-section\" id=\"Promover_el_voto\"><\/span>Promover el voto<span class=\"ez-toc-section-end\"><\/span><\/h2>\n<p class=\"p1\">Uno de los derechos m\u00e1s importantes de los ciudadanos estadounidenses es el derecho al voto. Votar es nuestro deber c\u00edvico y participar en las elecciones es una de las verdaderas libertades de la vida americana.<\/p>\n<p><a class=\"pl-button pl-button--large pl-button--primary mt-2\" href=\"https:\/\/www.pondlehocky.com\/es\/acerca-de\/nuestra-comunidad\/promover-el-voto\/\">M\u00c1S INFORMACI\u00d3N<\/a><\/p>\n    <\/section>\n\n","protected":false},"excerpt":{"rendered":"","protected":false},"author":1,"featured_media":4474,"parent":4491,"menu_order":0,"comment_status":"open","ping_status":"closed","template":"page-sidebar.php","meta":{"_acf_changed":true,"footnotes":"","_elementor_data":""},"class_list":["post-4489","page","type-page","status-publish","has-post-thumbnail","hentry"],"acf":[],"page_builder_type":"gutenberg","gutenberg_data":[],"yoast_head":"<!-- This site is optimized with the Yoast SEO Premium plugin v27.4 (Yoast SEO v27.4) - https:\/\/yoast.com\/product\/yoast-seo-premium-wordpress\/ -->\n<title>Nuestra Comunidad | Pond Lehocky Giordano<\/title>\n<meta name=\"description\" content=\"Pond Lehocky Giordano se esfuerza por mejorar nuestra comunidad educando al p\u00fablico sobre la ley y retribuyendo a trav\u00e9s del voluntariado. M\u00e1s informaci\u00f3n &gt;&gt;\" \/>\n<meta name=\"robots\" content=\"index, follow, max-snippet:-1, max-image-preview:large, max-video-preview:-1\" \/>\n<link rel=\"canonical\" href=\"https:\/\/www.pondlehocky.com\/es\/acerca-de\/nuestra-comunidad\/\" \/>\n<meta property=\"og:locale\" content=\"es_ES\" \/>\n<meta property=\"og:type\" content=\"article\" \/>\n<meta property=\"og:title\" content=\"Nuestra Comunidad\" \/>\n<meta property=\"og:description\" content=\"Pond Lehocky Giordano se esfuerza por mejorar nuestra comunidad educando al p\u00fablico sobre la ley y retribuyendo a trav\u00e9s del voluntariado. M\u00e1s informaci\u00f3n &gt;&gt;\" \/>\n<meta property=\"og:url\" content=\"https:\/\/www.pondlehocky.com\/es\/acerca-de\/nuestra-comunidad\/\" \/>\n<meta property=\"og:site_name\" content=\"Pond Lehocky Giordano, Inc.\" \/>\n<meta property=\"article:publisher\" content=\"https:\/\/www.instagram.com\/pondlehocky\/\" \/>\n<meta property=\"article:modified_time\" content=\"2024-07-26T21:50:10+00:00\" \/>\n<meta property=\"og:image\" content=\"https:\/\/www.pondlehocky.com\/wp-content\/uploads\/2024\/06\/our-community.jpg\" \/>\n\t<meta property=\"og:image:width\" content=\"1440\" \/>\n\t<meta property=\"og:image:height\" content=\"325\" \/>\n\t<meta property=\"og:image:type\" content=\"image\/jpeg\" \/>\n<meta name=\"twitter:card\" content=\"summary_large_image\" \/>\n<meta name=\"twitter:label1\" content=\"Tiempo de lectura\" \/>\n\t<meta name=\"twitter:data1\" content=\"1 minuto\" \/>\n<script type=\"application\/ld+json\" class=\"yoast-schema-graph\">{\"@context\":\"https:\\\/\\\/schema.org\",\"@graph\":[{\"@type\":\"WebPage\",\"@id\":\"https:\\\/\\\/www.pondlehocky.com\\\/es\\\/acerca-de\\\/nuestra-comunidad\\\/\",\"url\":\"https:\\\/\\\/www.pondlehocky.com\\\/es\\\/acerca-de\\\/nuestra-comunidad\\\/\",\"name\":\"Nuestra Comunidad | Pond Lehocky Giordano\",\"isPartOf\":{\"@id\":\"https:\\\/\\\/www.pondlehocky.com\\\/es\\\/#website\"},\"primaryImageOfPage\":{\"@id\":\"https:\\\/\\\/www.pondlehocky.com\\\/es\\\/acerca-de\\\/nuestra-comunidad\\\/#primaryimage\"},\"image\":{\"@id\":\"https:\\\/\\\/www.pondlehocky.com\\\/es\\\/acerca-de\\\/nuestra-comunidad\\\/#primaryimage\"},\"thumbnailUrl\":\"https:\\\/\\\/www.pondlehocky.com\\\/wp-content\\\/uploads\\\/2024\\\/06\\\/our-community.jpg\",\"datePublished\":\"2022-08-24T13:51:58+00:00\",\"dateModified\":\"2024-07-26T21:50:10+00:00\",\"description\":\"Pond Lehocky Giordano se esfuerza por mejorar nuestra comunidad educando al p\u00fablico sobre la ley y retribuyendo a trav\u00e9s del voluntariado. M\u00e1s informaci\u00f3n >>\",\"breadcrumb\":{\"@id\":\"https:\\\/\\\/www.pondlehocky.com\\\/es\\\/acerca-de\\\/nuestra-comunidad\\\/#breadcrumb\"},\"inLanguage\":\"es\",\"potentialAction\":[{\"@type\":\"ReadAction\",\"target\":[\"https:\\\/\\\/www.pondlehocky.com\\\/es\\\/acerca-de\\\/nuestra-comunidad\\\/\"]}]},{\"@type\":\"ImageObject\",\"inLanguage\":\"es\",\"@id\":\"https:\\\/\\\/www.pondlehocky.com\\\/es\\\/acerca-de\\\/nuestra-comunidad\\\/#primaryimage\",\"url\":\"https:\\\/\\\/www.pondlehocky.com\\\/wp-content\\\/uploads\\\/2024\\\/06\\\/our-community.jpg\",\"contentUrl\":\"https:\\\/\\\/www.pondlehocky.com\\\/wp-content\\\/uploads\\\/2024\\\/06\\\/our-community.jpg\",\"width\":1440,\"height\":325,\"caption\":\"girl\"},{\"@type\":\"BreadcrumbList\",\"@id\":\"https:\\\/\\\/www.pondlehocky.com\\\/es\\\/acerca-de\\\/nuestra-comunidad\\\/#breadcrumb\",\"itemListElement\":[{\"@type\":\"ListItem\",\"position\":1,\"name\":\"Home\",\"item\":\"https:\\\/\\\/www.pondlehocky.com\\\/es\\\/homepage\\\/\"},{\"@type\":\"ListItem\",\"position\":2,\"name\":\"Acerca de\",\"item\":\"https:\\\/\\\/www.pondlehocky.com\\\/es\\\/acerca-de\\\/\"},{\"@type\":\"ListItem\",\"position\":3,\"name\":\"Nuestra Comunidad\"}]},{\"@type\":\"WebSite\",\"@id\":\"https:\\\/\\\/www.pondlehocky.com\\\/es\\\/#website\",\"url\":\"https:\\\/\\\/www.pondlehocky.com\\\/es\\\/\",\"name\":\"Pond Lehocky Giordano, Inc.\",\"description\":\"Largest workers\u2019 compensation and Social Security disability law firm in Pennsylvania\",\"publisher\":{\"@id\":\"https:\\\/\\\/www.pondlehocky.com\\\/es\\\/#organization\"},\"alternateName\":\"Pond Lehocky Giordano, Inc.\",\"potentialAction\":[{\"@type\":\"SearchAction\",\"target\":{\"@type\":\"EntryPoint\",\"urlTemplate\":\"https:\\\/\\\/www.pondlehocky.com\\\/es\\\/?s={search_term_string}\"},\"query-input\":{\"@type\":\"PropertyValueSpecification\",\"valueRequired\":true,\"valueName\":\"search_term_string\"}}],\"inLanguage\":\"es\"},{\"@type\":\"Organization\",\"@id\":\"https:\\\/\\\/www.pondlehocky.com\\\/es\\\/#organization\",\"name\":\"Pond Lehocky Giordano, Inc\",\"alternateName\":\"Pond Lehocky Giordano, Inc.\",\"url\":\"https:\\\/\\\/www.pondlehocky.com\\\/es\\\/\",\"logo\":{\"@type\":\"ImageObject\",\"inLanguage\":\"es\",\"@id\":\"https:\\\/\\\/www.pondlehocky.com\\\/es\\\/#\\\/schema\\\/logo\\\/image\\\/\",\"url\":\"https:\\\/\\\/www.pondlehocky.com\\\/wp-content\\\/uploads\\\/2024\\\/04\\\/pond-lehocky-logo.png\",\"contentUrl\":\"https:\\\/\\\/www.pondlehocky.com\\\/wp-content\\\/uploads\\\/2024\\\/04\\\/pond-lehocky-logo.png\",\"width\":355,\"height\":28,\"caption\":\"Pond Lehocky Giordano, Inc\"},\"image\":{\"@id\":\"https:\\\/\\\/www.pondlehocky.com\\\/es\\\/#\\\/schema\\\/logo\\\/image\\\/\"},\"sameAs\":[\"https:\\\/\\\/www.instagram.com\\\/pondlehocky\\\/\",\"https:\\\/\\\/www.youtube.com\\\/user\\\/pondlehocky\",\"https:\\\/\\\/www.tiktok.com\\\/@pondlehockygiordano\",\"https:\\\/\\\/www.facebook.com\\\/PondLehocky\",\"https:\\\/\\\/www.linkedin.com\\\/company\\\/pond-lehocky-giordano\\\/\"]}]}<\/script>\n<!-- \/ Yoast SEO Premium plugin. -->","yoast_head_json":{"title":"Nuestra Comunidad | Pond Lehocky Giordano","description":"Pond Lehocky Giordano se esfuerza por mejorar nuestra comunidad educando al p\u00fablico sobre la ley y retribuyendo a trav\u00e9s del voluntariado. M\u00e1s informaci\u00f3n >>","robots":{"index":"index","follow":"follow","max-snippet":"max-snippet:-1","max-image-preview":"max-image-preview:large","max-video-preview":"max-video-preview:-1"},"canonical":"https:\/\/www.pondlehocky.com\/es\/acerca-de\/nuestra-comunidad\/","og_locale":"es_ES","og_type":"article","og_title":"Nuestra Comunidad","og_description":"Pond Lehocky Giordano se esfuerza por mejorar nuestra comunidad educando al p\u00fablico sobre la ley y retribuyendo a trav\u00e9s del voluntariado. M\u00e1s informaci\u00f3n >>","og_url":"https:\/\/www.pondlehocky.com\/es\/acerca-de\/nuestra-comunidad\/","og_site_name":"Pond Lehocky Giordano, Inc.","article_publisher":"https:\/\/www.instagram.com\/pondlehocky\/","article_modified_time":"2024-07-26T21:50:10+00:00","og_image":[{"width":1440,"height":325,"url":"https:\/\/www.pondlehocky.com\/wp-content\/uploads\/2024\/06\/our-community.jpg","type":"image\/jpeg"}],"twitter_card":"summary_large_image","twitter_misc":{"Tiempo de lectura":"1 minuto"},"schema":{"@context":"https:\/\/schema.org","@graph":[{"@type":"WebPage","@id":"https:\/\/www.pondlehocky.com\/es\/acerca-de\/nuestra-comunidad\/","url":"https:\/\/www.pondlehocky.com\/es\/acerca-de\/nuestra-comunidad\/","name":"Nuestra Comunidad | Pond Lehocky Giordano","isPartOf":{"@id":"https:\/\/www.pondlehocky.com\/es\/#website"},"primaryImageOfPage":{"@id":"https:\/\/www.pondlehocky.com\/es\/acerca-de\/nuestra-comunidad\/#primaryimage"},"image":{"@id":"https:\/\/www.pondlehocky.com\/es\/acerca-de\/nuestra-comunidad\/#primaryimage"},"thumbnailUrl":"https:\/\/www.pondlehocky.com\/wp-content\/uploads\/2024\/06\/our-community.jpg","datePublished":"2022-08-24T13:51:58+00:00","dateModified":"2024-07-26T21:50:10+00:00","description":"Pond Lehocky Giordano se esfuerza por mejorar nuestra comunidad educando al p\u00fablico sobre la ley y retribuyendo a trav\u00e9s del voluntariado. M\u00e1s informaci\u00f3n >>","breadcrumb":{"@id":"https:\/\/www.pondlehocky.com\/es\/acerca-de\/nuestra-comunidad\/#breadcrumb"},"inLanguage":"es","potentialAction":[{"@type":"ReadAction","target":["https:\/\/www.pondlehocky.com\/es\/acerca-de\/nuestra-comunidad\/"]}]},{"@type":"ImageObject","inLanguage":"es","@id":"https:\/\/www.pondlehocky.com\/es\/acerca-de\/nuestra-comunidad\/#primaryimage","url":"https:\/\/www.pondlehocky.com\/wp-content\/uploads\/2024\/06\/our-community.jpg","contentUrl":"https:\/\/www.pondlehocky.com\/wp-content\/uploads\/2024\/06\/our-community.jpg","width":1440,"height":325,"caption":"girl"},{"@type":"BreadcrumbList","@id":"https:\/\/www.pondlehocky.com\/es\/acerca-de\/nuestra-comunidad\/#breadcrumb","itemListElement":[{"@type":"ListItem","position":1,"name":"Home","item":"https:\/\/www.pondlehocky.com\/es\/homepage\/"},{"@type":"ListItem","position":2,"name":"Acerca de","item":"https:\/\/www.pondlehocky.com\/es\/acerca-de\/"},{"@type":"ListItem","position":3,"name":"Nuestra Comunidad"}]},{"@type":"WebSite","@id":"https:\/\/www.pondlehocky.com\/es\/#website","url":"https:\/\/www.pondlehocky.com\/es\/","name":"Pond Lehocky Giordano, Inc.","description":"Largest workers\u2019 compensation and Social Security disability law firm in Pennsylvania","publisher":{"@id":"https:\/\/www.pondlehocky.com\/es\/#organization"},"alternateName":"Pond Lehocky Giordano, Inc.","potentialAction":[{"@type":"SearchAction","target":{"@type":"EntryPoint","urlTemplate":"https:\/\/www.pondlehocky.com\/es\/?s={search_term_string}"},"query-input":{"@type":"PropertyValueSpecification","valueRequired":true,"valueName":"search_term_string"}}],"inLanguage":"es"},{"@type":"Organization","@id":"https:\/\/www.pondlehocky.com\/es\/#organization","name":"Pond Lehocky Giordano, Inc","alternateName":"Pond Lehocky Giordano, Inc.","url":"https:\/\/www.pondlehocky.com\/es\/","logo":{"@type":"ImageObject","inLanguage":"es","@id":"https:\/\/www.pondlehocky.com\/es\/#\/schema\/logo\/image\/","url":"https:\/\/www.pondlehocky.com\/wp-content\/uploads\/2024\/04\/pond-lehocky-logo.png","contentUrl":"https:\/\/www.pondlehocky.com\/wp-content\/uploads\/2024\/04\/pond-lehocky-logo.png","width":355,"height":28,"caption":"Pond Lehocky Giordano, Inc"},"image":{"@id":"https:\/\/www.pondlehocky.com\/es\/#\/schema\/logo\/image\/"},"sameAs":["https:\/\/www.instagram.com\/pondlehocky\/","https:\/\/www.youtube.com\/user\/pondlehocky","https:\/\/www.tiktok.com\/@pondlehockygiordano","https:\/\/www.facebook.com\/PondLehocky","https:\/\/www.linkedin.com\/company\/pond-lehocky-giordano\/"]}]}},"_links":{"self":[{"href":"https:\/\/www.pondlehocky.com\/es\/wp-json\/wp\/v2\/pages\/4489","targetHints":{"allow":["GET"]}}],"collection":[{"href":"https:\/\/www.pondlehocky.com\/es\/wp-json\/wp\/v2\/pages"}],"about":[{"href":"https:\/\/www.pondlehocky.com\/es\/wp-json\/wp\/v2\/types\/page"}],"author":[{"embeddable":true,"href":"https:\/\/www.pondlehocky.com\/es\/wp-json\/wp\/v2\/users\/1"}],"replies":[{"embeddable":true,"href":"https:\/\/www.pondlehocky.com\/es\/wp-json\/wp\/v2\/comments?post=4489"}],"version-history":[{"count":0,"href":"https:\/\/www.pondlehocky.com\/es\/wp-json\/wp\/v2\/pages\/4489\/revisions"}],"up":[{"embeddable":true,"href":"https:\/\/www.pondlehocky.com\/es\/wp-json\/wp\/v2\/pages\/4491"}],"wp:featuredmedia":[{"embeddable":true,"href":"https:\/\/www.pondlehocky.com\/es\/wp-json\/wp\/v2\/media\/4474"}],"wp:attachment":[{"href":"https:\/\/www.pondlehocky.com\/es\/wp-json\/wp\/v2\/media?parent=4489"}],"curies":[{"name":"wp","href":"https:\/\/api.w.org\/{rel}","templated":true}]}}