{"id":4812,"date":"2024-07-15T00:36:47","date_gmt":"2024-07-15T00:36:47","guid":{"rendered":"https:\/\/www.pondlehocky.com\/?page_id=4812"},"modified":"2025-04-08T19:54:32","modified_gmt":"2025-04-08T19:54:32","slug":"representante-de-atencion-al-cliente-discapacidad-de-la-seguridad-social","status":"publish","type":"page","link":"https:\/\/www.pondlehocky.com\/es\/carreras\/representante-de-atencion-al-cliente-discapacidad-de-la-seguridad-social\/","title":{"rendered":"Representante de atenci\u00f3n al cliente \u2013 Discapacidad de la Seguridad Social"},"content":{"rendered":"    <section class=\"pl-block pl-raw-content mb-7 pl-t [&#038;.border-t-2]:pt-8  \">\n        <p class=\"p1\">Pond Lehocky Giordano es el mayor bufete de indemnizaci\u00f3n por accidente de trabajo y discapacidad de la Seguridad Social en la regi\u00f3n de Filadelfia. Nuestro equipo ha sido reconocido por su experiencia legal en ayudar a miles de personas en todo el pa\u00eds asegurar sus beneficios de discapacidad del Seguro Social, as\u00ed como por su trabajo de defensa.<\/p>\n<p class=\"p1\">Pond Lehocky Giordano est\u00e1 buscando actualmente un\u00a0<b>Representante de Servicio al Cliente \u2013 Discapacidad del Seguro<\/b>\u00a0Social para unirse a nuestro exitoso equipo. Esta persona puede comunicarse eficazmente por tel\u00e9fono con los posibles clientes. Les guiar\u00e1 a trav\u00e9s de un breve cuestionario y rellenar\u00e1 un formulario detallado para obtener informaci\u00f3n sobre su posible caso de incapacidad de la Seguridad Social. Buscamos una persona auto-motivada para marcar, ya que este rol es 90% de llamadas salientes. Se prefiere la experiencia en centros de llamadas, pero no se requiere. Se trata de un pago por hora con incentivos adicionales basados en el trabajo\/la productividad.<\/p>\n    <\/section>\n\n\n\n    <section class=\"pl-block pl-raw-content mb-7 pl-t [&#038;.border-t-2]:pt-8  \">\n        <h2 class=\"p1\"><span class=\"ez-toc-section\" id=\"LAS_RESPONSABILIDADES_ESENCIALES_INCLUYEN\"><\/span>LAS RESPONSABILIDADES ESENCIALES INCLUYEN:<span class=\"ez-toc-section-end\"><\/span><\/h2>\n<ul class=\"ul1\">\n<li class=\"li2\">Realizar llamadas salientes a clientes potenciales a partir de una lista de clientes potenciales asignada al empleado diariamente<\/li>\n<li class=\"li2\">Atender las llamadas entrantes de los clientes para el departamento de Discapacidad de la Seguridad Social (SSD)<\/li>\n<li class=\"li2\">Hablar con el posible cliente, recoger informaci\u00f3n e introducirla en un formulario electr\u00f3nico<\/li>\n<li class=\"li2\">Una vez completado el cuestionario, programar reuniones de clientes con el abogado y\/o buscar los documentos de adhesi\u00f3n<\/li>\n<li class=\"li2\">Seg\u00fan sea necesario, ayudar con los correos electr\u00f3nicos y faxes del departamento<\/li>\n<li class=\"li2\">Otros proyectos y responsabilidades, asignados por el director del departamento<\/li>\n<\/ul>\n    <\/section>\n\n\n\n    <section class=\"pl-block pl-raw-content mb-7 pl-t [&#038;.border-t-2]:pt-8  \">\n        <h2 class=\"p1\"><span class=\"ez-toc-section\" id=\"HABILIDADES_Y_COMPETENCIAS\"><\/span>HABILIDADES Y COMPETENCIAS:<span class=\"ez-toc-section-end\"><\/span><\/h2>\n<ul class=\"ul1\">\n<li class=\"li2\">Gran capacidad de comunicaci\u00f3n<\/li>\n<li class=\"li2\">Excelentes habilidades telef\u00f3nicas y comunicaci\u00f3n con los clientes con confianza y capacidad de venta; 90% de llamadas salientes, lo que requiere que los individuos est\u00e9n auto-motivados para marcar.<\/li>\n<li class=\"li2\">Atenci\u00f3n al detalle, voluntad de hacer preguntas y profundizar para obtener el m\u00e1ximo detalle posible<\/li>\n<li class=\"li2\">Disposici\u00f3n a aprender sobre diferentes \u00e1reas de pr\u00e1ctica<\/li>\n<li class=\"li2\">Debe ser capaz de realizar varias tareas a la vez<\/li>\n<li class=\"li2\">Se prefiere, pero no es necesario, que tenga experiencia con la Seguridad Social en materia de discapacidad.<\/li>\n<\/ul>\n    <\/section>\n\n\n\n    <section class=\"pl-block pl-raw-content mb-7 pl-t [&#038;.border-t-2]:pt-8  \">\n        <h2 class=\"p1\"><span class=\"ez-toc-section\" id=\"SOBRE_NOSOTROS\"><\/span>SOBRE NOSOTROS<span class=\"ez-toc-section-end\"><\/span><\/h2>\n<p class=\"p2\">Pond Lehocky Giordano tiene \u00e9xito sirviendo plenamente las necesidades de los trabajadores lesionados y discapacitados a trav\u00e9s de nuestro compromiso con la pr\u00e1ctica de la compensaci\u00f3n de los trabajadores, la incapacidad de la seguridad social, el empleo y la ley de discapacidad a largo plazo al m\u00e1s alto nivel profesional. Con m\u00e1s de 100 empleados, invertimos en tecnolog\u00eda punta para ofrecer un s\u00f3lido apoyo a nuestros abogados y clientes.<\/p>\n<p class=\"p2\">Detr\u00e1s de cada caso, hay una persona que depende del bufete de Pond Lehocky Giordano para obtener ayuda. Nunca perdemos de vista este hecho. Es este conocimiento el que nos impulsa a cada uno de nosotros a poner las necesidades de nuestros clientes en primer lugar. Nos dicen que es algo que se percibe en el ambiente de aqu\u00ed: una sensaci\u00f3n de confianza, compasi\u00f3n y, sobre todo, que nos importa mucho, mucho.<\/p>\n    <\/section>\n\n","protected":false},"excerpt":{"rendered":"","protected":false},"author":4,"featured_media":4468,"parent":3310,"menu_order":0,"comment_status":"closed","ping_status":"closed","template":"page-sidebar.php","meta":{"_acf_changed":true,"footnotes":"","_elementor_data":""},"class_list":["post-4812","page","type-page","status-publish","has-post-thumbnail","hentry"],"acf":[],"page_builder_type":"gutenberg","gutenberg_data":[],"yoast_head":"<!-- This site is optimized with the Yoast SEO Premium plugin v27.3 (Yoast SEO v27.3) - https:\/\/yoast.com\/product\/yoast-seo-premium-wordpress\/ -->\n<title>Representante de atenci\u00f3n al cliente - Discapacidad de la Seguridad Social | Pond Lehocky Giordano LLP<\/title>\n<meta name=\"description\" content=\"Pond Lehocky Giordano es el mayor bufete de indemnizaci\u00f3n por accidente de trabajo y discapacidad de la Seguridad Social en la...\" \/>\n<meta name=\"robots\" content=\"index, follow, max-snippet:-1, max-image-preview:large, max-video-preview:-1\" \/>\n<link rel=\"canonical\" href=\"https:\/\/www.pondlehocky.com\/es\/carreras\/representante-de-atencion-al-cliente-discapacidad-de-la-seguridad-social\/\" \/>\n<meta property=\"og:locale\" content=\"es_ES\" \/>\n<meta property=\"og:type\" content=\"article\" \/>\n<meta property=\"og:title\" content=\"Representante de atenci\u00f3n al cliente \u2013 Discapacidad de la Seguridad Social\" \/>\n<meta property=\"og:description\" content=\"Pond Lehocky Giordano es el mayor bufete de indemnizaci\u00f3n por accidente de trabajo y discapacidad de la Seguridad Social en la...\" \/>\n<meta property=\"og:url\" content=\"https:\/\/www.pondlehocky.com\/es\/carreras\/representante-de-atencion-al-cliente-discapacidad-de-la-seguridad-social\/\" \/>\n<meta property=\"og:site_name\" content=\"Pond Lehocky Giordano, Inc.\" \/>\n<meta property=\"article:publisher\" content=\"https:\/\/www.instagram.com\/pondlehocky\/\" \/>\n<meta property=\"article:modified_time\" content=\"2025-04-08T19:54:32+00:00\" \/>\n<meta property=\"og:image\" content=\"https:\/\/www.pondlehocky.com\/wp-content\/uploads\/2024\/06\/Commitment.jpg\" \/>\n\t<meta property=\"og:image:width\" content=\"1440\" \/>\n\t<meta property=\"og:image:height\" content=\"325\" \/>\n\t<meta property=\"og:image:type\" content=\"image\/jpeg\" \/>\n<meta name=\"twitter:card\" content=\"summary_large_image\" \/>\n<meta name=\"twitter:label1\" content=\"Tiempo de lectura\" \/>\n\t<meta name=\"twitter:data1\" content=\"1 minuto\" \/>\n<script type=\"application\/ld+json\" class=\"yoast-schema-graph\">{\"@context\":\"https:\\\/\\\/schema.org\",\"@graph\":[{\"@type\":\"WebPage\",\"@id\":\"https:\\\/\\\/www.pondlehocky.com\\\/es\\\/carreras\\\/representante-de-atencion-al-cliente-discapacidad-de-la-seguridad-social\\\/\",\"url\":\"https:\\\/\\\/www.pondlehocky.com\\\/es\\\/carreras\\\/representante-de-atencion-al-cliente-discapacidad-de-la-seguridad-social\\\/\",\"name\":\"Representante de atenci\u00f3n al cliente - Discapacidad de la Seguridad Social | Pond Lehocky Giordano LLP\",\"isPartOf\":{\"@id\":\"https:\\\/\\\/www.pondlehocky.com\\\/es\\\/#website\"},\"primaryImageOfPage\":{\"@id\":\"https:\\\/\\\/www.pondlehocky.com\\\/es\\\/carreras\\\/representante-de-atencion-al-cliente-discapacidad-de-la-seguridad-social\\\/#primaryimage\"},\"image\":{\"@id\":\"https:\\\/\\\/www.pondlehocky.com\\\/es\\\/carreras\\\/representante-de-atencion-al-cliente-discapacidad-de-la-seguridad-social\\\/#primaryimage\"},\"thumbnailUrl\":\"https:\\\/\\\/www.pondlehocky.com\\\/wp-content\\\/uploads\\\/2024\\\/06\\\/Commitment.jpg\",\"datePublished\":\"2024-07-15T00:36:47+00:00\",\"dateModified\":\"2025-04-08T19:54:32+00:00\",\"description\":\"Pond Lehocky Giordano es el mayor bufete de indemnizaci\u00f3n por accidente de trabajo y discapacidad de la Seguridad Social en la...\",\"breadcrumb\":{\"@id\":\"https:\\\/\\\/www.pondlehocky.com\\\/es\\\/carreras\\\/representante-de-atencion-al-cliente-discapacidad-de-la-seguridad-social\\\/#breadcrumb\"},\"inLanguage\":\"es\",\"potentialAction\":[{\"@type\":\"ReadAction\",\"target\":[\"https:\\\/\\\/www.pondlehocky.com\\\/es\\\/carreras\\\/representante-de-atencion-al-cliente-discapacidad-de-la-seguridad-social\\\/\"]}]},{\"@type\":\"ImageObject\",\"inLanguage\":\"es\",\"@id\":\"https:\\\/\\\/www.pondlehocky.com\\\/es\\\/carreras\\\/representante-de-atencion-al-cliente-discapacidad-de-la-seguridad-social\\\/#primaryimage\",\"url\":\"https:\\\/\\\/www.pondlehocky.com\\\/wp-content\\\/uploads\\\/2024\\\/06\\\/Commitment.jpg\",\"contentUrl\":\"https:\\\/\\\/www.pondlehocky.com\\\/wp-content\\\/uploads\\\/2024\\\/06\\\/Commitment.jpg\",\"width\":1440,\"height\":325,\"caption\":\"commitment hero\"},{\"@type\":\"BreadcrumbList\",\"@id\":\"https:\\\/\\\/www.pondlehocky.com\\\/es\\\/carreras\\\/representante-de-atencion-al-cliente-discapacidad-de-la-seguridad-social\\\/#breadcrumb\",\"itemListElement\":[{\"@type\":\"ListItem\",\"position\":1,\"name\":\"Home\",\"item\":\"https:\\\/\\\/www.pondlehocky.com\\\/es\\\/homepage\\\/\"},{\"@type\":\"ListItem\",\"position\":2,\"name\":\"Carreras\",\"item\":\"https:\\\/\\\/www.pondlehocky.com\\\/es\\\/carreras\\\/\"},{\"@type\":\"ListItem\",\"position\":3,\"name\":\"Representante de atenci\u00f3n al cliente \u2013 Discapacidad de la Seguridad Social\"}]},{\"@type\":\"WebSite\",\"@id\":\"https:\\\/\\\/www.pondlehocky.com\\\/es\\\/#website\",\"url\":\"https:\\\/\\\/www.pondlehocky.com\\\/es\\\/\",\"name\":\"Pond Lehocky Giordano, Inc.\",\"description\":\"Largest workers\u2019 compensation and Social Security disability law firm in Pennsylvania\",\"publisher\":{\"@id\":\"https:\\\/\\\/www.pondlehocky.com\\\/es\\\/#organization\"},\"alternateName\":\"Pond Lehocky Giordano, Inc.\",\"potentialAction\":[{\"@type\":\"SearchAction\",\"target\":{\"@type\":\"EntryPoint\",\"urlTemplate\":\"https:\\\/\\\/www.pondlehocky.com\\\/es\\\/?s={search_term_string}\"},\"query-input\":{\"@type\":\"PropertyValueSpecification\",\"valueRequired\":true,\"valueName\":\"search_term_string\"}}],\"inLanguage\":\"es\"},{\"@type\":\"Organization\",\"@id\":\"https:\\\/\\\/www.pondlehocky.com\\\/es\\\/#organization\",\"name\":\"Pond Lehocky Giordano, Inc\",\"alternateName\":\"Pond Lehocky Giordano, Inc.\",\"url\":\"https:\\\/\\\/www.pondlehocky.com\\\/es\\\/\",\"logo\":{\"@type\":\"ImageObject\",\"inLanguage\":\"es\",\"@id\":\"https:\\\/\\\/www.pondlehocky.com\\\/es\\\/#\\\/schema\\\/logo\\\/image\\\/\",\"url\":\"https:\\\/\\\/www.pondlehocky.com\\\/wp-content\\\/uploads\\\/2024\\\/04\\\/pond-lehocky-logo.png\",\"contentUrl\":\"https:\\\/\\\/www.pondlehocky.com\\\/wp-content\\\/uploads\\\/2024\\\/04\\\/pond-lehocky-logo.png\",\"width\":355,\"height\":28,\"caption\":\"Pond Lehocky Giordano, Inc\"},\"image\":{\"@id\":\"https:\\\/\\\/www.pondlehocky.com\\\/es\\\/#\\\/schema\\\/logo\\\/image\\\/\"},\"sameAs\":[\"https:\\\/\\\/www.instagram.com\\\/pondlehocky\\\/\",\"https:\\\/\\\/www.youtube.com\\\/user\\\/pondlehocky\",\"https:\\\/\\\/www.tiktok.com\\\/@pondlehockygiordano\",\"https:\\\/\\\/www.facebook.com\\\/PondLehocky\",\"https:\\\/\\\/www.linkedin.com\\\/company\\\/pond-lehocky-giordano\\\/\"]}]}<\/script>\n<!-- \/ Yoast SEO Premium plugin. -->","yoast_head_json":{"title":"Representante de atenci\u00f3n al cliente - Discapacidad de la Seguridad Social | Pond Lehocky Giordano LLP","description":"Pond Lehocky Giordano es el mayor bufete de indemnizaci\u00f3n por accidente de trabajo y discapacidad de la Seguridad Social en la...","robots":{"index":"index","follow":"follow","max-snippet":"max-snippet:-1","max-image-preview":"max-image-preview:large","max-video-preview":"max-video-preview:-1"},"canonical":"https:\/\/www.pondlehocky.com\/es\/carreras\/representante-de-atencion-al-cliente-discapacidad-de-la-seguridad-social\/","og_locale":"es_ES","og_type":"article","og_title":"Representante de atenci\u00f3n al cliente \u2013 Discapacidad de la Seguridad Social","og_description":"Pond Lehocky Giordano es el mayor bufete de indemnizaci\u00f3n por accidente de trabajo y discapacidad de la Seguridad Social en la...","og_url":"https:\/\/www.pondlehocky.com\/es\/carreras\/representante-de-atencion-al-cliente-discapacidad-de-la-seguridad-social\/","og_site_name":"Pond Lehocky Giordano, Inc.","article_publisher":"https:\/\/www.instagram.com\/pondlehocky\/","article_modified_time":"2025-04-08T19:54:32+00:00","og_image":[{"width":1440,"height":325,"url":"https:\/\/www.pondlehocky.com\/wp-content\/uploads\/2024\/06\/Commitment.jpg","type":"image\/jpeg"}],"twitter_card":"summary_large_image","twitter_misc":{"Tiempo de lectura":"1 minuto"},"schema":{"@context":"https:\/\/schema.org","@graph":[{"@type":"WebPage","@id":"https:\/\/www.pondlehocky.com\/es\/carreras\/representante-de-atencion-al-cliente-discapacidad-de-la-seguridad-social\/","url":"https:\/\/www.pondlehocky.com\/es\/carreras\/representante-de-atencion-al-cliente-discapacidad-de-la-seguridad-social\/","name":"Representante de atenci\u00f3n al cliente - Discapacidad de la Seguridad Social | Pond Lehocky Giordano LLP","isPartOf":{"@id":"https:\/\/www.pondlehocky.com\/es\/#website"},"primaryImageOfPage":{"@id":"https:\/\/www.pondlehocky.com\/es\/carreras\/representante-de-atencion-al-cliente-discapacidad-de-la-seguridad-social\/#primaryimage"},"image":{"@id":"https:\/\/www.pondlehocky.com\/es\/carreras\/representante-de-atencion-al-cliente-discapacidad-de-la-seguridad-social\/#primaryimage"},"thumbnailUrl":"https:\/\/www.pondlehocky.com\/wp-content\/uploads\/2024\/06\/Commitment.jpg","datePublished":"2024-07-15T00:36:47+00:00","dateModified":"2025-04-08T19:54:32+00:00","description":"Pond Lehocky Giordano es el mayor bufete de indemnizaci\u00f3n por accidente de trabajo y discapacidad de la Seguridad Social en la...","breadcrumb":{"@id":"https:\/\/www.pondlehocky.com\/es\/carreras\/representante-de-atencion-al-cliente-discapacidad-de-la-seguridad-social\/#breadcrumb"},"inLanguage":"es","potentialAction":[{"@type":"ReadAction","target":["https:\/\/www.pondlehocky.com\/es\/carreras\/representante-de-atencion-al-cliente-discapacidad-de-la-seguridad-social\/"]}]},{"@type":"ImageObject","inLanguage":"es","@id":"https:\/\/www.pondlehocky.com\/es\/carreras\/representante-de-atencion-al-cliente-discapacidad-de-la-seguridad-social\/#primaryimage","url":"https:\/\/www.pondlehocky.com\/wp-content\/uploads\/2024\/06\/Commitment.jpg","contentUrl":"https:\/\/www.pondlehocky.com\/wp-content\/uploads\/2024\/06\/Commitment.jpg","width":1440,"height":325,"caption":"commitment hero"},{"@type":"BreadcrumbList","@id":"https:\/\/www.pondlehocky.com\/es\/carreras\/representante-de-atencion-al-cliente-discapacidad-de-la-seguridad-social\/#breadcrumb","itemListElement":[{"@type":"ListItem","position":1,"name":"Home","item":"https:\/\/www.pondlehocky.com\/es\/homepage\/"},{"@type":"ListItem","position":2,"name":"Carreras","item":"https:\/\/www.pondlehocky.com\/es\/carreras\/"},{"@type":"ListItem","position":3,"name":"Representante de atenci\u00f3n al cliente \u2013 Discapacidad de la Seguridad Social"}]},{"@type":"WebSite","@id":"https:\/\/www.pondlehocky.com\/es\/#website","url":"https:\/\/www.pondlehocky.com\/es\/","name":"Pond Lehocky Giordano, Inc.","description":"Largest workers\u2019 compensation and Social Security disability law firm in Pennsylvania","publisher":{"@id":"https:\/\/www.pondlehocky.com\/es\/#organization"},"alternateName":"Pond Lehocky Giordano, Inc.","potentialAction":[{"@type":"SearchAction","target":{"@type":"EntryPoint","urlTemplate":"https:\/\/www.pondlehocky.com\/es\/?s={search_term_string}"},"query-input":{"@type":"PropertyValueSpecification","valueRequired":true,"valueName":"search_term_string"}}],"inLanguage":"es"},{"@type":"Organization","@id":"https:\/\/www.pondlehocky.com\/es\/#organization","name":"Pond Lehocky Giordano, Inc","alternateName":"Pond Lehocky Giordano, Inc.","url":"https:\/\/www.pondlehocky.com\/es\/","logo":{"@type":"ImageObject","inLanguage":"es","@id":"https:\/\/www.pondlehocky.com\/es\/#\/schema\/logo\/image\/","url":"https:\/\/www.pondlehocky.com\/wp-content\/uploads\/2024\/04\/pond-lehocky-logo.png","contentUrl":"https:\/\/www.pondlehocky.com\/wp-content\/uploads\/2024\/04\/pond-lehocky-logo.png","width":355,"height":28,"caption":"Pond Lehocky Giordano, Inc"},"image":{"@id":"https:\/\/www.pondlehocky.com\/es\/#\/schema\/logo\/image\/"},"sameAs":["https:\/\/www.instagram.com\/pondlehocky\/","https:\/\/www.youtube.com\/user\/pondlehocky","https:\/\/www.tiktok.com\/@pondlehockygiordano","https:\/\/www.facebook.com\/PondLehocky","https:\/\/www.linkedin.com\/company\/pond-lehocky-giordano\/"]}]}},"_links":{"self":[{"href":"https:\/\/www.pondlehocky.com\/es\/wp-json\/wp\/v2\/pages\/4812","targetHints":{"allow":["GET"]}}],"collection":[{"href":"https:\/\/www.pondlehocky.com\/es\/wp-json\/wp\/v2\/pages"}],"about":[{"href":"https:\/\/www.pondlehocky.com\/es\/wp-json\/wp\/v2\/types\/page"}],"author":[{"embeddable":true,"href":"https:\/\/www.pondlehocky.com\/es\/wp-json\/wp\/v2\/users\/4"}],"replies":[{"embeddable":true,"href":"https:\/\/www.pondlehocky.com\/es\/wp-json\/wp\/v2\/comments?post=4812"}],"version-history":[{"count":0,"href":"https:\/\/www.pondlehocky.com\/es\/wp-json\/wp\/v2\/pages\/4812\/revisions"}],"up":[{"embeddable":true,"href":"https:\/\/www.pondlehocky.com\/es\/wp-json\/wp\/v2\/pages\/3310"}],"wp:featuredmedia":[{"embeddable":true,"href":"https:\/\/www.pondlehocky.com\/es\/wp-json\/wp\/v2\/media\/4468"}],"wp:attachment":[{"href":"https:\/\/www.pondlehocky.com\/es\/wp-json\/wp\/v2\/media?parent=4812"}],"curies":[{"name":"wp","href":"https:\/\/api.w.org\/{rel}","templated":true}]}}