{"id":4817,"date":"2024-07-15T01:01:06","date_gmt":"2024-07-15T01:01:06","guid":{"rendered":"https:\/\/www.pondlehocky.com\/?page_id=4817"},"modified":"2024-07-15T01:02:12","modified_gmt":"2024-07-15T01:02:12","slug":"coordinador-del-servicio-de-atencion-al-cliente","status":"publish","type":"page","link":"https:\/\/www.pondlehocky.com\/es\/carreras\/coordinador-del-servicio-de-atencion-al-cliente\/","title":{"rendered":"Coordinador del servicio de atenci\u00f3n al cliente"},"content":{"rendered":"    <section class=\"pl-block pl-raw-content mb-7 pl-t [&#038;.border-t-2]:pt-8  \">\n            <\/section>\n\n\n\n    <section class=\"pl-block pl-raw-content mb-7 pl-t [&#038;.border-t-2]:pt-8  \">\n        <p class=\"p1\">Pond Lehocky Giordano es el mayor bufete de indemnizaci\u00f3n por accidente de trabajo y discapacidad de la Seguridad Social en la regi\u00f3n de Filadelfia. Nuestro equipo ha sido reconocido por su experiencia legal en ayudar a miles de personas en todo el pa\u00eds asegurar sus beneficios de discapacidad del Seguro Social, as\u00ed como por su trabajo de defensa.<\/p>\n<p class=\"p1\">Pond Lehocky Giordano est\u00e1 buscando un Coordinador de Servicio al Cliente para unirse a nuestro exitoso equipo. Esta persona puede comunicarse eficazmente por tel\u00e9fono con posibles clientes, m\u00e9dicos tratantes, abogados de la parte contraria y otras entidades relacionadas con el caso. Se trata de un puesto de ritmo r\u00e1pido, que requiere multitarea y habilidades de comunicaci\u00f3n eficaces. Se trata de un pago por hora con incentivos adicionales basados en el trabajo\/la productividad.<\/p>\n    <\/section>\n\n\n\n    <section class=\"pl-block pl-raw-content mb-7 pl-t [&#038;.border-t-2]:pt-8 border-t-2 border-gray\/90 \">\n        <h2 class=\"p1\"><span class=\"ez-toc-section\" id=\"LAS_RESPONSABILIDADES_ESENCIALES_INCLUYEN\"><\/span>LAS RESPONSABILIDADES ESENCIALES INCLUYEN:<span class=\"ez-toc-section-end\"><\/span><\/h2>\n<ul class=\"ul1\">\n<li class=\"li2\">Realizar llamadas salientes a clientes y\/o m\u00e9dicos en funci\u00f3n de los encargos de nuestros abogados<\/li>\n<li class=\"li2\">Asistir a las llamadas entrantes en rotaci\u00f3n con el equipo<\/li>\n<li class=\"li2\">Gestionar las tareas administrativas relacionadas con el caso<\/li>\n<li class=\"li2\">Seg\u00fan sea necesario, ayudar con los correos electr\u00f3nicos y faxes del departamento<\/li>\n<li class=\"li2\">Otros proyectos y responsabilidades, asignados por el director del departamento<\/li>\n<\/ul>\n    <\/section>\n\n\n\n    <section class=\"pl-block pl-raw-content mb-7 pl-t [&#038;.border-t-2]:pt-8 border-t-2 border-gray\/90 \">\n        <h2 class=\"p1\"><span class=\"ez-toc-section\" id=\"HABILIDADES_Y_COMPETENCIAS\"><\/span>HABILIDADES Y COMPETENCIAS:<span class=\"ez-toc-section-end\"><\/span><\/h2>\n<ul class=\"ul1\">\n<li class=\"li2\">Gran capacidad de comunicaci\u00f3n<\/li>\n<li class=\"li2\">Excelentes habilidades telef\u00f3nicas y comunicaci\u00f3n con los clientes con confianza y conocimiento de su caso<\/li>\n<li class=\"li2\">Atenci\u00f3n al detalle, voluntad de hacer preguntas y profundizar para obtener el m\u00e1ximo detalle posible<\/li>\n<li class=\"li2\">Disposici\u00f3n a aprender sobre diferentes \u00e1reas de pr\u00e1ctica<\/li>\n<li class=\"li2\">Debe ser capaz de realizar varias tareas a la vez<\/li>\n<li class=\"li2\">Se valorar\u00e1 que sea biling\u00fce<\/li>\n<li class=\"li2\">Se valorar\u00e1 el conocimiento de la ley de compensaci\u00f3n de los trabajadores<\/li>\n<\/ul>\n    <\/section>\n\n\n\n    <section class=\"pl-block pl-raw-content mb-7 pl-t [&#038;.border-t-2]:pt-8 border-t-2 border-gray\/90 \">\n        <h2 class=\"p1\"><span class=\"ez-toc-section\" id=\"SOBRE_NOSOTROS\"><\/span>SOBRE NOSOTROS<span class=\"ez-toc-section-end\"><\/span><\/h2>\n<p class=\"p2\">Pond Lehocky Giordano tiene \u00e9xito sirviendo plenamente las necesidades de los trabajadores lesionados y discapacitados a trav\u00e9s de nuestro compromiso con la pr\u00e1ctica de la compensaci\u00f3n de los trabajadores, la incapacidad de la seguridad social, el empleo y la ley de discapacidad a largo plazo al m\u00e1s alto nivel profesional. Con m\u00e1s de 100 empleados, invertimos en tecnolog\u00eda punta para ofrecer un s\u00f3lido apoyo a nuestros abogados y clientes.<\/p>\n<p class=\"p2\">Detr\u00e1s de cada caso, hay una persona que depende del bufete de Pond Lehocky Giordano para obtener ayuda. Nunca perdemos de vista este hecho. Es este conocimiento el que nos impulsa a cada uno de nosotros a poner las necesidades de nuestros clientes en primer lugar. Nos dicen que es algo que se percibe en el ambiente de aqu\u00ed: una sensaci\u00f3n de confianza, compasi\u00f3n y, sobre todo, que nos importa mucho, mucho.<\/p>\n    <\/section>\n\n","protected":false},"excerpt":{"rendered":"","protected":false},"author":4,"featured_media":4468,"parent":3310,"menu_order":0,"comment_status":"closed","ping_status":"closed","template":"page-sidebar.php","meta":{"_acf_changed":true,"footnotes":"","_elementor_data":""},"class_list":["post-4817","page","type-page","status-publish","has-post-thumbnail","hentry"],"acf":[],"page_builder_type":"gutenberg","gutenberg_data":[],"yoast_head":"<!-- This site is optimized with the Yoast SEO Premium plugin v27.3 (Yoast SEO v27.3) - https:\/\/yoast.com\/product\/yoast-seo-premium-wordpress\/ -->\n<title>Lista de Empleo - Coordinador de Servicio al Cliente | Pond Lehocky Giordano | Pond Lehocky Giordano LLP<\/title>\n<meta name=\"description\" content=\"Pond Lehocky Giordano est\u00e1 buscando un Coordinador de Servicio al Cliente para unirse a nuestro exitoso equipo. M\u00e1s informaci\u00f3n &gt;&gt;\" \/>\n<meta name=\"robots\" content=\"index, follow, max-snippet:-1, max-image-preview:large, max-video-preview:-1\" \/>\n<link rel=\"canonical\" href=\"https:\/\/www.pondlehocky.com\/es\/carreras\/coordinador-del-servicio-de-atencion-al-cliente\/\" \/>\n<meta property=\"og:locale\" content=\"es_ES\" \/>\n<meta property=\"og:type\" content=\"article\" \/>\n<meta property=\"og:title\" content=\"Coordinador del servicio de atenci\u00f3n al cliente\" \/>\n<meta property=\"og:description\" content=\"Pond Lehocky Giordano est\u00e1 buscando un Coordinador de Servicio al Cliente para unirse a nuestro exitoso equipo. M\u00e1s informaci\u00f3n &gt;&gt;\" \/>\n<meta property=\"og:url\" content=\"https:\/\/www.pondlehocky.com\/es\/carreras\/coordinador-del-servicio-de-atencion-al-cliente\/\" \/>\n<meta property=\"og:site_name\" content=\"Pond Lehocky Giordano, Inc.\" \/>\n<meta property=\"article:publisher\" content=\"https:\/\/www.instagram.com\/pondlehocky\/\" \/>\n<meta property=\"article:modified_time\" content=\"2024-07-15T01:02:12+00:00\" \/>\n<meta property=\"og:image\" content=\"https:\/\/www.pondlehocky.com\/wp-content\/uploads\/2024\/06\/Commitment.jpg\" \/>\n\t<meta property=\"og:image:width\" content=\"1440\" \/>\n\t<meta property=\"og:image:height\" content=\"325\" \/>\n\t<meta property=\"og:image:type\" content=\"image\/jpeg\" \/>\n<meta name=\"twitter:card\" content=\"summary_large_image\" \/>\n<meta name=\"twitter:label1\" content=\"Tiempo de lectura\" \/>\n\t<meta name=\"twitter:data1\" content=\"1 minuto\" \/>\n<script type=\"application\/ld+json\" class=\"yoast-schema-graph\">{\"@context\":\"https:\\\/\\\/schema.org\",\"@graph\":[{\"@type\":\"WebPage\",\"@id\":\"https:\\\/\\\/www.pondlehocky.com\\\/es\\\/carreras\\\/coordinador-del-servicio-de-atencion-al-cliente\\\/\",\"url\":\"https:\\\/\\\/www.pondlehocky.com\\\/es\\\/carreras\\\/coordinador-del-servicio-de-atencion-al-cliente\\\/\",\"name\":\"Lista de Empleo - Coordinador de Servicio al Cliente | Pond Lehocky Giordano | Pond Lehocky Giordano LLP\",\"isPartOf\":{\"@id\":\"https:\\\/\\\/www.pondlehocky.com\\\/es\\\/#website\"},\"primaryImageOfPage\":{\"@id\":\"https:\\\/\\\/www.pondlehocky.com\\\/es\\\/carreras\\\/coordinador-del-servicio-de-atencion-al-cliente\\\/#primaryimage\"},\"image\":{\"@id\":\"https:\\\/\\\/www.pondlehocky.com\\\/es\\\/carreras\\\/coordinador-del-servicio-de-atencion-al-cliente\\\/#primaryimage\"},\"thumbnailUrl\":\"https:\\\/\\\/www.pondlehocky.com\\\/wp-content\\\/uploads\\\/2024\\\/06\\\/Commitment.jpg\",\"datePublished\":\"2024-07-15T01:01:06+00:00\",\"dateModified\":\"2024-07-15T01:02:12+00:00\",\"description\":\"Pond Lehocky Giordano est\u00e1 buscando un Coordinador de Servicio al Cliente para unirse a nuestro exitoso equipo. M\u00e1s informaci\u00f3n >>\",\"breadcrumb\":{\"@id\":\"https:\\\/\\\/www.pondlehocky.com\\\/es\\\/carreras\\\/coordinador-del-servicio-de-atencion-al-cliente\\\/#breadcrumb\"},\"inLanguage\":\"es\",\"potentialAction\":[{\"@type\":\"ReadAction\",\"target\":[\"https:\\\/\\\/www.pondlehocky.com\\\/es\\\/carreras\\\/coordinador-del-servicio-de-atencion-al-cliente\\\/\"]}]},{\"@type\":\"ImageObject\",\"inLanguage\":\"es\",\"@id\":\"https:\\\/\\\/www.pondlehocky.com\\\/es\\\/carreras\\\/coordinador-del-servicio-de-atencion-al-cliente\\\/#primaryimage\",\"url\":\"https:\\\/\\\/www.pondlehocky.com\\\/wp-content\\\/uploads\\\/2024\\\/06\\\/Commitment.jpg\",\"contentUrl\":\"https:\\\/\\\/www.pondlehocky.com\\\/wp-content\\\/uploads\\\/2024\\\/06\\\/Commitment.jpg\",\"width\":1440,\"height\":325,\"caption\":\"commitment hero\"},{\"@type\":\"BreadcrumbList\",\"@id\":\"https:\\\/\\\/www.pondlehocky.com\\\/es\\\/carreras\\\/coordinador-del-servicio-de-atencion-al-cliente\\\/#breadcrumb\",\"itemListElement\":[{\"@type\":\"ListItem\",\"position\":1,\"name\":\"Home\",\"item\":\"https:\\\/\\\/www.pondlehocky.com\\\/es\\\/homepage\\\/\"},{\"@type\":\"ListItem\",\"position\":2,\"name\":\"Carreras\",\"item\":\"https:\\\/\\\/www.pondlehocky.com\\\/es\\\/carreras\\\/\"},{\"@type\":\"ListItem\",\"position\":3,\"name\":\"Coordinador del servicio de atenci\u00f3n al cliente\"}]},{\"@type\":\"WebSite\",\"@id\":\"https:\\\/\\\/www.pondlehocky.com\\\/es\\\/#website\",\"url\":\"https:\\\/\\\/www.pondlehocky.com\\\/es\\\/\",\"name\":\"Pond Lehocky Giordano, Inc.\",\"description\":\"Largest workers\u2019 compensation and Social Security disability law firm in Pennsylvania\",\"publisher\":{\"@id\":\"https:\\\/\\\/www.pondlehocky.com\\\/es\\\/#organization\"},\"alternateName\":\"Pond Lehocky Giordano, Inc.\",\"potentialAction\":[{\"@type\":\"SearchAction\",\"target\":{\"@type\":\"EntryPoint\",\"urlTemplate\":\"https:\\\/\\\/www.pondlehocky.com\\\/es\\\/?s={search_term_string}\"},\"query-input\":{\"@type\":\"PropertyValueSpecification\",\"valueRequired\":true,\"valueName\":\"search_term_string\"}}],\"inLanguage\":\"es\"},{\"@type\":\"Organization\",\"@id\":\"https:\\\/\\\/www.pondlehocky.com\\\/es\\\/#organization\",\"name\":\"Pond Lehocky Giordano, Inc\",\"alternateName\":\"Pond Lehocky Giordano, Inc.\",\"url\":\"https:\\\/\\\/www.pondlehocky.com\\\/es\\\/\",\"logo\":{\"@type\":\"ImageObject\",\"inLanguage\":\"es\",\"@id\":\"https:\\\/\\\/www.pondlehocky.com\\\/es\\\/#\\\/schema\\\/logo\\\/image\\\/\",\"url\":\"https:\\\/\\\/www.pondlehocky.com\\\/wp-content\\\/uploads\\\/2024\\\/04\\\/pond-lehocky-logo.png\",\"contentUrl\":\"https:\\\/\\\/www.pondlehocky.com\\\/wp-content\\\/uploads\\\/2024\\\/04\\\/pond-lehocky-logo.png\",\"width\":355,\"height\":28,\"caption\":\"Pond Lehocky Giordano, Inc\"},\"image\":{\"@id\":\"https:\\\/\\\/www.pondlehocky.com\\\/es\\\/#\\\/schema\\\/logo\\\/image\\\/\"},\"sameAs\":[\"https:\\\/\\\/www.instagram.com\\\/pondlehocky\\\/\",\"https:\\\/\\\/www.youtube.com\\\/user\\\/pondlehocky\",\"https:\\\/\\\/www.tiktok.com\\\/@pondlehockygiordano\",\"https:\\\/\\\/www.facebook.com\\\/PondLehocky\",\"https:\\\/\\\/www.linkedin.com\\\/company\\\/pond-lehocky-giordano\\\/\"]}]}<\/script>\n<!-- \/ Yoast SEO Premium plugin. -->","yoast_head_json":{"title":"Lista de Empleo - Coordinador de Servicio al Cliente | Pond Lehocky Giordano | Pond Lehocky Giordano LLP","description":"Pond Lehocky Giordano est\u00e1 buscando un Coordinador de Servicio al Cliente para unirse a nuestro exitoso equipo. M\u00e1s informaci\u00f3n >>","robots":{"index":"index","follow":"follow","max-snippet":"max-snippet:-1","max-image-preview":"max-image-preview:large","max-video-preview":"max-video-preview:-1"},"canonical":"https:\/\/www.pondlehocky.com\/es\/carreras\/coordinador-del-servicio-de-atencion-al-cliente\/","og_locale":"es_ES","og_type":"article","og_title":"Coordinador del servicio de atenci\u00f3n al cliente","og_description":"Pond Lehocky Giordano est\u00e1 buscando un Coordinador de Servicio al Cliente para unirse a nuestro exitoso equipo. M\u00e1s informaci\u00f3n >>","og_url":"https:\/\/www.pondlehocky.com\/es\/carreras\/coordinador-del-servicio-de-atencion-al-cliente\/","og_site_name":"Pond Lehocky Giordano, Inc.","article_publisher":"https:\/\/www.instagram.com\/pondlehocky\/","article_modified_time":"2024-07-15T01:02:12+00:00","og_image":[{"width":1440,"height":325,"url":"https:\/\/www.pondlehocky.com\/wp-content\/uploads\/2024\/06\/Commitment.jpg","type":"image\/jpeg"}],"twitter_card":"summary_large_image","twitter_misc":{"Tiempo de lectura":"1 minuto"},"schema":{"@context":"https:\/\/schema.org","@graph":[{"@type":"WebPage","@id":"https:\/\/www.pondlehocky.com\/es\/carreras\/coordinador-del-servicio-de-atencion-al-cliente\/","url":"https:\/\/www.pondlehocky.com\/es\/carreras\/coordinador-del-servicio-de-atencion-al-cliente\/","name":"Lista de Empleo - Coordinador de Servicio al Cliente | Pond Lehocky Giordano | Pond Lehocky Giordano LLP","isPartOf":{"@id":"https:\/\/www.pondlehocky.com\/es\/#website"},"primaryImageOfPage":{"@id":"https:\/\/www.pondlehocky.com\/es\/carreras\/coordinador-del-servicio-de-atencion-al-cliente\/#primaryimage"},"image":{"@id":"https:\/\/www.pondlehocky.com\/es\/carreras\/coordinador-del-servicio-de-atencion-al-cliente\/#primaryimage"},"thumbnailUrl":"https:\/\/www.pondlehocky.com\/wp-content\/uploads\/2024\/06\/Commitment.jpg","datePublished":"2024-07-15T01:01:06+00:00","dateModified":"2024-07-15T01:02:12+00:00","description":"Pond Lehocky Giordano est\u00e1 buscando un Coordinador de Servicio al Cliente para unirse a nuestro exitoso equipo. M\u00e1s informaci\u00f3n >>","breadcrumb":{"@id":"https:\/\/www.pondlehocky.com\/es\/carreras\/coordinador-del-servicio-de-atencion-al-cliente\/#breadcrumb"},"inLanguage":"es","potentialAction":[{"@type":"ReadAction","target":["https:\/\/www.pondlehocky.com\/es\/carreras\/coordinador-del-servicio-de-atencion-al-cliente\/"]}]},{"@type":"ImageObject","inLanguage":"es","@id":"https:\/\/www.pondlehocky.com\/es\/carreras\/coordinador-del-servicio-de-atencion-al-cliente\/#primaryimage","url":"https:\/\/www.pondlehocky.com\/wp-content\/uploads\/2024\/06\/Commitment.jpg","contentUrl":"https:\/\/www.pondlehocky.com\/wp-content\/uploads\/2024\/06\/Commitment.jpg","width":1440,"height":325,"caption":"commitment hero"},{"@type":"BreadcrumbList","@id":"https:\/\/www.pondlehocky.com\/es\/carreras\/coordinador-del-servicio-de-atencion-al-cliente\/#breadcrumb","itemListElement":[{"@type":"ListItem","position":1,"name":"Home","item":"https:\/\/www.pondlehocky.com\/es\/homepage\/"},{"@type":"ListItem","position":2,"name":"Carreras","item":"https:\/\/www.pondlehocky.com\/es\/carreras\/"},{"@type":"ListItem","position":3,"name":"Coordinador del servicio de atenci\u00f3n al cliente"}]},{"@type":"WebSite","@id":"https:\/\/www.pondlehocky.com\/es\/#website","url":"https:\/\/www.pondlehocky.com\/es\/","name":"Pond Lehocky Giordano, Inc.","description":"Largest workers\u2019 compensation and Social Security disability law firm in Pennsylvania","publisher":{"@id":"https:\/\/www.pondlehocky.com\/es\/#organization"},"alternateName":"Pond Lehocky Giordano, Inc.","potentialAction":[{"@type":"SearchAction","target":{"@type":"EntryPoint","urlTemplate":"https:\/\/www.pondlehocky.com\/es\/?s={search_term_string}"},"query-input":{"@type":"PropertyValueSpecification","valueRequired":true,"valueName":"search_term_string"}}],"inLanguage":"es"},{"@type":"Organization","@id":"https:\/\/www.pondlehocky.com\/es\/#organization","name":"Pond Lehocky Giordano, Inc","alternateName":"Pond Lehocky Giordano, Inc.","url":"https:\/\/www.pondlehocky.com\/es\/","logo":{"@type":"ImageObject","inLanguage":"es","@id":"https:\/\/www.pondlehocky.com\/es\/#\/schema\/logo\/image\/","url":"https:\/\/www.pondlehocky.com\/wp-content\/uploads\/2024\/04\/pond-lehocky-logo.png","contentUrl":"https:\/\/www.pondlehocky.com\/wp-content\/uploads\/2024\/04\/pond-lehocky-logo.png","width":355,"height":28,"caption":"Pond Lehocky Giordano, Inc"},"image":{"@id":"https:\/\/www.pondlehocky.com\/es\/#\/schema\/logo\/image\/"},"sameAs":["https:\/\/www.instagram.com\/pondlehocky\/","https:\/\/www.youtube.com\/user\/pondlehocky","https:\/\/www.tiktok.com\/@pondlehockygiordano","https:\/\/www.facebook.com\/PondLehocky","https:\/\/www.linkedin.com\/company\/pond-lehocky-giordano\/"]}]}},"_links":{"self":[{"href":"https:\/\/www.pondlehocky.com\/es\/wp-json\/wp\/v2\/pages\/4817","targetHints":{"allow":["GET"]}}],"collection":[{"href":"https:\/\/www.pondlehocky.com\/es\/wp-json\/wp\/v2\/pages"}],"about":[{"href":"https:\/\/www.pondlehocky.com\/es\/wp-json\/wp\/v2\/types\/page"}],"author":[{"embeddable":true,"href":"https:\/\/www.pondlehocky.com\/es\/wp-json\/wp\/v2\/users\/4"}],"replies":[{"embeddable":true,"href":"https:\/\/www.pondlehocky.com\/es\/wp-json\/wp\/v2\/comments?post=4817"}],"version-history":[{"count":0,"href":"https:\/\/www.pondlehocky.com\/es\/wp-json\/wp\/v2\/pages\/4817\/revisions"}],"up":[{"embeddable":true,"href":"https:\/\/www.pondlehocky.com\/es\/wp-json\/wp\/v2\/pages\/3310"}],"wp:featuredmedia":[{"embeddable":true,"href":"https:\/\/www.pondlehocky.com\/es\/wp-json\/wp\/v2\/media\/4468"}],"wp:attachment":[{"href":"https:\/\/www.pondlehocky.com\/es\/wp-json\/wp\/v2\/media?parent=4817"}],"curies":[{"name":"wp","href":"https:\/\/api.w.org\/{rel}","templated":true}]}}