{"id":4818,"date":"2024-07-15T01:15:53","date_gmt":"2024-07-15T01:15:53","guid":{"rendered":"https:\/\/www.pondlehocky.com\/?page_id=4818"},"modified":"2024-07-15T01:17:24","modified_gmt":"2024-07-15T01:17:24","slug":"director-de-contabilidad","status":"publish","type":"page","link":"https:\/\/www.pondlehocky.com\/es\/carreras\/director-de-contabilidad\/","title":{"rendered":"Director de contabilidad"},"content":{"rendered":"    <section class=\"pl-block pl-raw-content mb-7 pl-t [&#038;.border-t-2]:pt-8  \">\n        <p class=\"p1\">El Director de Contabilidad supervisa generalmente todas las funciones contables y bancarias de la empresa. A trav\u00e9s de estas responsabilidades, garantizan la integridad de los estados financieros. El Director de Contabilidad tambi\u00e9n es responsable de todas las cuestiones relacionadas con los impuestos en la empresa, resolvi\u00e9ndolas individualmente o en colaboraci\u00f3n con nuestros Contables Fiscales.<\/p>\n<p class=\"p1\">Desde el punto de vista del personal, supervisan a los contables en todas las funciones de cuentas por pagar y cuentas por cobrar. El Responsable de Contabilidad se asegura de que cada una de estas funciones se realice a tiempo y con precisi\u00f3n, y resuelve cualquier problema que pueda surgir trabajando directamente con las personas del equipo de Contabilidad. Depende del Director Financiero y tambi\u00e9n colabora estrechamente con el Analista Financiero Senior.<\/p>\n    <\/section>\n\n\n\n    <section class=\"pl-block pl-raw-content mb-7 pl-t [&#038;.border-t-2]:pt-8 border-t-2 border-gray\/90 \">\n        <h2 class=\"p1\"><span class=\"ez-toc-section\" id=\"RESPONSABILIDADES_ESENCIALES\"><\/span>RESPONSABILIDADES ESENCIALES:<span class=\"ez-toc-section-end\"><\/span><\/h2>\n<ul class=\"ul1\">\n<li class=\"li2\">Revisi\u00f3n diaria de todas las transacciones y cuentas del balance, conciliando cualquier discrepancia, incluida la supervisi\u00f3n del proceso Positive Pay.<\/li>\n<li class=\"li2\">Verificaci\u00f3n diaria del cumplimiento de los controles y pol\u00edticas internas<\/li>\n<li class=\"li2\">Supervisar las cuentas por pagar y, en particular, el uso adecuado de las cuentas de gastos en el libro mayor, as\u00ed como la conciliaci\u00f3n y el gasto de las tarjetas de cr\u00e9dito de la empresa.<\/li>\n<li class=\"li2\">Supervisar las extracciones y los pagos de\/en las l\u00edneas de cr\u00e9dito de la empresa<\/li>\n<li class=\"li2\">Supervisar las n\u00f3minas y las prestaciones de los empleados (aunque no sea directamente responsable de la tramitaci\u00f3n de las n\u00f3minas ni de la administraci\u00f3n de dichas prestaciones).<\/li>\n<li class=\"li2\">Dirigir el proceso de fin de mes, incluyendo la conciliaci\u00f3n de cuentas, los asientos de ajuste, etc.<\/li>\n<li class=\"li2\">Preparar los estados financieros mensuales y otros informes<\/li>\n<li class=\"li2\">Llevar a cabo un an\u00e1lisis de las desviaciones con respecto a los valores previstos y comunicar esas discrepancias<\/li>\n<li class=\"li2\">Trabajar trimestralmente con los contables fiscales para proporcionar la informaci\u00f3n necesaria para las liquidaciones fiscales trimestrales.<\/li>\n<li class=\"li2\">Las responsabilidades anuales incluyen la direcci\u00f3n de la revisi\u00f3n\/auditor\u00eda anual y la revisi\u00f3n de los 401k por parte de contadores p\u00fablicos externos, as\u00ed como la generaci\u00f3n y presentaci\u00f3n de los 1099.<\/li>\n<li class=\"li2\">Gestionar todas las transacciones de los socios individuales<\/li>\n<li class=\"li2\">Trabajar con las personas del equipo de Contabilidad, y de toda la empresa, para resolver cualquier problema contable de los clientes<\/li>\n<li class=\"li2\">Comunicarse directamente con proveedores externos, como contables fiscales, contadores p\u00fablicos, bancos, prestamistas, asesores financieros y otras partes.<\/li>\n<li class=\"li2\">Otros proyectos y responsabilidades, seg\u00fan se asignen<\/li>\n<\/ul>\n    <\/section>\n\n\n\n    <section class=\"pl-block pl-raw-content mb-7 pl-t [&#038;.border-t-2]:pt-8 border-t-2 border-gray\/90 \">\n        <h2 class=\"p1\"><span class=\"ez-toc-section\" id=\"HABILIDADES_Y_COMPETENCIAS\"><\/span>HABILIDADES Y COMPETENCIAS:<span class=\"ez-toc-section-end\"><\/span><\/h2>\n<ul class=\"ul1\">\n<li class=\"li2\">Orientado al detalle<\/li>\n<li class=\"li2\">Gran capacidad de an\u00e1lisis y resoluci\u00f3n de problemas<\/li>\n<li class=\"li2\">Destreza en el manejo de hojas de c\u00e1lculo, bases de datos, MS Office y aplicaciones de software financiero; se valorar\u00e1 positivamente la experiencia con Quickbooks.<\/li>\n<li class=\"li2\">Se siente c\u00f3modo revisando los estados financieros y los extractos bancarios<\/li>\n<li class=\"li2\">Capacidad para realizar m\u00faltiples tareas y cumplir los plazos.<\/li>\n<li class=\"li2\">Gran capacidad de presentaci\u00f3n, informaci\u00f3n y comunicaci\u00f3n<\/li>\n<li class=\"li2\">Capacidad para gestionar, especialmente para desarrollar y responsabilizar a los miembros del equipo.<\/li>\n<li class=\"li2\">Se valorar\u00e1 el conocimiento de las \u00e1reas de pr\u00e1ctica de los da\u00f1os personales<\/li>\n<\/ul>\n    <\/section>\n\n\n\n    <section class=\"pl-block pl-raw-content mb-7 pl-t [&#038;.border-t-2]:pt-8 border-t-2 border-gray\/90 \">\n        <h2 class=\"p1\"><span class=\"ez-toc-section\" id=\"TEMPERAMENTO\"><\/span>TEMPERAMENTO:<span class=\"ez-toc-section-end\"><\/span><\/h2>\n<ul class=\"ul1\">\n<li class=\"li2\">Capaz de trabajar de forma independiente y de ser un eficaz jugador de equipo<\/li>\n<li class=\"li2\">Capacidad para identificar problemas y soluciones<\/li>\n<li class=\"li2\">Capaz de manejar situaciones de alta presi\u00f3n<\/li>\n<li class=\"li2\">Fuerte coeficiente emocional<\/li>\n<\/ul>\n    <\/section>\n\n\n\n    <section class=\"pl-block pl-raw-content mb-7 pl-t [&#038;.border-t-2]:pt-8 border-t-2 border-gray\/90 \">\n        <h2 class=\"p1\"><span class=\"ez-toc-section\" id=\"REQUISITOS_DE_FORMACION\"><\/span>REQUISITOS DE FORMACI\u00d3N:<span class=\"ez-toc-section-end\"><\/span><\/h2>\n<p class=\"p2\">Se requiere licenciatura en contabilidad o campo relacionado; se valorar\u00e1 la acreditaci\u00f3n de CPA.<\/p>\n    <\/section>\n\n\n\n    <section class=\"pl-block pl-raw-content mb-7 pl-t [&#038;.border-t-2]:pt-8 border-t-2 border-gray\/90 \">\n        <h2 class=\"p1\"><span class=\"ez-toc-section\" id=\"REQUISITOS_DE_EXPERIENCIA\"><\/span>REQUISITOS DE EXPERIENCIA:<span class=\"ez-toc-section-end\"><\/span><\/h2>\n<p class=\"p2\">3 \u2013 5 a\u00f1os de experiencia en contabilidad, finanzas corporativas o \u00e1rea relacionada<\/p>\n    <\/section>\n\n\n\n    <section class=\"pl-block pl-raw-content mb-7 pl-t [&#038;.border-t-2]:pt-8 border-t-2 border-gray\/90 \">\n        <h2 class=\"p1\"><span class=\"ez-toc-section\" id=\"NOTA_DEL_DIRECTOR_FINANCIERO\"><\/span>NOTA DEL DIRECTOR FINANCIERO:<span class=\"ez-toc-section-end\"><\/span><\/h2>\n<p class=\"p2\">Estimado candidato: gracias por su inter\u00e9s en este puesto.<\/p>\n<p class=\"p2\">Creo que la mejor manera de describir este puesto es la de un director de contabilidad tradicional en una organizaci\u00f3n no tradicional, centrada en el cliente, impulsada por la cultura y progresista. No s\u00f3lo somos un bufete de abogados en expansi\u00f3n, sino que participamos activa y pasivamente en otras entidades e inversiones, cuya contabilidad se lleva internamente. Nos centramos en la mejora de los procesos y la eficiencia a trav\u00e9s de la tecnolog\u00eda y buscamos un candidato que adopte esa filosof\u00eda y se sienta c\u00f3modo con el cambio.<\/p>\n<p class=\"p2\">M\u00e1s all\u00e1 de su experiencia y conocimientos contables, las claves del \u00e9xito en este puesto son la organizaci\u00f3n y la gesti\u00f3n del tiempo. Como se ha se\u00f1alado anteriormente, tenemos varias entidades y l\u00edneas de negocio diferentes. A trav\u00e9s de nuestros negocios principales, tenemos el privilegio de representar a miles de clientes individuales, y esto se traduce en miles de transacciones. Por estas razones, la organizaci\u00f3n es incre\u00edblemente importante. Adem\u00e1s, trabajamos en un entorno de ritmo r\u00e1pido y hacemos hincapi\u00e9 en el cumplimiento de los plazos, por lo que la gesti\u00f3n del tiempo tambi\u00e9n es importante.<\/p>\n<p class=\"p2\">Debo se\u00f1alar que se trata de un puesto en el que se espera trabajar en la oficina, como m\u00ednimo, 4 d\u00edas a la semana. La semana laboral est\u00e1ndar en Pond Lehocky Giordano LLP es de 35 horas (con una hora de almuerzo) a la semana, y la media para este puesto es de 35-40 horas a la semana, superando ocasionalmente esta cifra en funci\u00f3n del proyecto. Si bien somos una empresa muy motivada, tambi\u00e9n somos extremadamente familiares y creemos en ofrecer un entorno en el que los miembros de nuestro equipo puedan prosperar.<\/p>\n    <\/section>\n\n","protected":false},"excerpt":{"rendered":"","protected":false},"author":4,"featured_media":4468,"parent":3310,"menu_order":0,"comment_status":"closed","ping_status":"closed","template":"page-sidebar.php","meta":{"_acf_changed":true,"footnotes":"","_elementor_data":""},"class_list":["post-4818","page","type-page","status-publish","has-post-thumbnail","hentry"],"acf":[],"page_builder_type":"gutenberg","gutenberg_data":[],"yoast_head":"<!-- This site is optimized with the Yoast SEO Premium plugin v27.4 (Yoast SEO v27.4) - https:\/\/yoast.com\/product\/yoast-seo-premium-wordpress\/ -->\n<title>Job Listing - Accounting Manager | Pond Lehocky Giordano<\/title>\n<meta name=\"description\" content=\"Pond Lehocky Giordano is currently seeking an Accounting Manager to join our highly successful team. Learn more &gt;&gt;\" \/>\n<meta name=\"robots\" content=\"index, follow, max-snippet:-1, max-image-preview:large, max-video-preview:-1\" \/>\n<link rel=\"canonical\" href=\"https:\/\/www.pondlehocky.com\/es\/carreras\/director-de-contabilidad\/\" \/>\n<meta property=\"og:locale\" content=\"es_ES\" \/>\n<meta property=\"og:type\" content=\"article\" \/>\n<meta property=\"og:title\" content=\"Director de contabilidad\" \/>\n<meta property=\"og:description\" content=\"Pond Lehocky Giordano is currently seeking an Accounting Manager to join our highly successful team. Learn more &gt;&gt;\" \/>\n<meta property=\"og:url\" content=\"https:\/\/www.pondlehocky.com\/es\/carreras\/director-de-contabilidad\/\" \/>\n<meta property=\"og:site_name\" content=\"Pond Lehocky Giordano, Inc.\" \/>\n<meta property=\"article:publisher\" content=\"https:\/\/www.instagram.com\/pondlehocky\/\" \/>\n<meta property=\"article:modified_time\" content=\"2024-07-15T01:17:24+00:00\" \/>\n<meta property=\"og:image\" content=\"https:\/\/www.pondlehocky.com\/wp-content\/uploads\/2024\/06\/Commitment.jpg\" \/>\n\t<meta property=\"og:image:width\" content=\"1440\" \/>\n\t<meta property=\"og:image:height\" content=\"325\" \/>\n\t<meta property=\"og:image:type\" content=\"image\/jpeg\" \/>\n<meta name=\"twitter:card\" content=\"summary_large_image\" \/>\n<meta name=\"twitter:label1\" content=\"Tiempo de lectura\" \/>\n\t<meta name=\"twitter:data1\" content=\"1 minuto\" \/>\n<script type=\"application\/ld+json\" class=\"yoast-schema-graph\">{\"@context\":\"https:\\\/\\\/schema.org\",\"@graph\":[{\"@type\":\"WebPage\",\"@id\":\"https:\\\/\\\/www.pondlehocky.com\\\/es\\\/carreras\\\/director-de-contabilidad\\\/\",\"url\":\"https:\\\/\\\/www.pondlehocky.com\\\/es\\\/carreras\\\/director-de-contabilidad\\\/\",\"name\":\"Job Listing - Accounting Manager | Pond Lehocky Giordano\",\"isPartOf\":{\"@id\":\"https:\\\/\\\/www.pondlehocky.com\\\/es\\\/#website\"},\"primaryImageOfPage\":{\"@id\":\"https:\\\/\\\/www.pondlehocky.com\\\/es\\\/carreras\\\/director-de-contabilidad\\\/#primaryimage\"},\"image\":{\"@id\":\"https:\\\/\\\/www.pondlehocky.com\\\/es\\\/carreras\\\/director-de-contabilidad\\\/#primaryimage\"},\"thumbnailUrl\":\"https:\\\/\\\/www.pondlehocky.com\\\/wp-content\\\/uploads\\\/2024\\\/06\\\/Commitment.jpg\",\"datePublished\":\"2024-07-15T01:15:53+00:00\",\"dateModified\":\"2024-07-15T01:17:24+00:00\",\"description\":\"Pond Lehocky Giordano is currently seeking an Accounting Manager to join our highly successful team. Learn more >>\",\"breadcrumb\":{\"@id\":\"https:\\\/\\\/www.pondlehocky.com\\\/es\\\/carreras\\\/director-de-contabilidad\\\/#breadcrumb\"},\"inLanguage\":\"es\",\"potentialAction\":[{\"@type\":\"ReadAction\",\"target\":[\"https:\\\/\\\/www.pondlehocky.com\\\/es\\\/carreras\\\/director-de-contabilidad\\\/\"]}]},{\"@type\":\"ImageObject\",\"inLanguage\":\"es\",\"@id\":\"https:\\\/\\\/www.pondlehocky.com\\\/es\\\/carreras\\\/director-de-contabilidad\\\/#primaryimage\",\"url\":\"https:\\\/\\\/www.pondlehocky.com\\\/wp-content\\\/uploads\\\/2024\\\/06\\\/Commitment.jpg\",\"contentUrl\":\"https:\\\/\\\/www.pondlehocky.com\\\/wp-content\\\/uploads\\\/2024\\\/06\\\/Commitment.jpg\",\"width\":1440,\"height\":325,\"caption\":\"commitment hero\"},{\"@type\":\"BreadcrumbList\",\"@id\":\"https:\\\/\\\/www.pondlehocky.com\\\/es\\\/carreras\\\/director-de-contabilidad\\\/#breadcrumb\",\"itemListElement\":[{\"@type\":\"ListItem\",\"position\":1,\"name\":\"Home\",\"item\":\"https:\\\/\\\/www.pondlehocky.com\\\/es\\\/homepage\\\/\"},{\"@type\":\"ListItem\",\"position\":2,\"name\":\"Carreras\",\"item\":\"https:\\\/\\\/www.pondlehocky.com\\\/es\\\/carreras\\\/\"},{\"@type\":\"ListItem\",\"position\":3,\"name\":\"Director de contabilidad\"}]},{\"@type\":\"WebSite\",\"@id\":\"https:\\\/\\\/www.pondlehocky.com\\\/es\\\/#website\",\"url\":\"https:\\\/\\\/www.pondlehocky.com\\\/es\\\/\",\"name\":\"Pond Lehocky Giordano, Inc.\",\"description\":\"Largest workers\u2019 compensation and Social Security disability law firm in Pennsylvania\",\"publisher\":{\"@id\":\"https:\\\/\\\/www.pondlehocky.com\\\/es\\\/#organization\"},\"alternateName\":\"Pond Lehocky Giordano, Inc.\",\"potentialAction\":[{\"@type\":\"SearchAction\",\"target\":{\"@type\":\"EntryPoint\",\"urlTemplate\":\"https:\\\/\\\/www.pondlehocky.com\\\/es\\\/?s={search_term_string}\"},\"query-input\":{\"@type\":\"PropertyValueSpecification\",\"valueRequired\":true,\"valueName\":\"search_term_string\"}}],\"inLanguage\":\"es\"},{\"@type\":\"Organization\",\"@id\":\"https:\\\/\\\/www.pondlehocky.com\\\/es\\\/#organization\",\"name\":\"Pond Lehocky Giordano, Inc\",\"alternateName\":\"Pond Lehocky Giordano, Inc.\",\"url\":\"https:\\\/\\\/www.pondlehocky.com\\\/es\\\/\",\"logo\":{\"@type\":\"ImageObject\",\"inLanguage\":\"es\",\"@id\":\"https:\\\/\\\/www.pondlehocky.com\\\/es\\\/#\\\/schema\\\/logo\\\/image\\\/\",\"url\":\"https:\\\/\\\/www.pondlehocky.com\\\/wp-content\\\/uploads\\\/2024\\\/04\\\/pond-lehocky-logo.png\",\"contentUrl\":\"https:\\\/\\\/www.pondlehocky.com\\\/wp-content\\\/uploads\\\/2024\\\/04\\\/pond-lehocky-logo.png\",\"width\":355,\"height\":28,\"caption\":\"Pond Lehocky Giordano, Inc\"},\"image\":{\"@id\":\"https:\\\/\\\/www.pondlehocky.com\\\/es\\\/#\\\/schema\\\/logo\\\/image\\\/\"},\"sameAs\":[\"https:\\\/\\\/www.instagram.com\\\/pondlehocky\\\/\",\"https:\\\/\\\/www.youtube.com\\\/user\\\/pondlehocky\",\"https:\\\/\\\/www.tiktok.com\\\/@pondlehockygiordano\",\"https:\\\/\\\/www.facebook.com\\\/PondLehocky\",\"https:\\\/\\\/www.linkedin.com\\\/company\\\/pond-lehocky-giordano\\\/\"]}]}<\/script>\n<!-- \/ Yoast SEO Premium plugin. -->","yoast_head_json":{"title":"Job Listing - Accounting Manager | Pond Lehocky Giordano","description":"Pond Lehocky Giordano is currently seeking an Accounting Manager to join our highly successful team. Learn more >>","robots":{"index":"index","follow":"follow","max-snippet":"max-snippet:-1","max-image-preview":"max-image-preview:large","max-video-preview":"max-video-preview:-1"},"canonical":"https:\/\/www.pondlehocky.com\/es\/carreras\/director-de-contabilidad\/","og_locale":"es_ES","og_type":"article","og_title":"Director de contabilidad","og_description":"Pond Lehocky Giordano is currently seeking an Accounting Manager to join our highly successful team. Learn more >>","og_url":"https:\/\/www.pondlehocky.com\/es\/carreras\/director-de-contabilidad\/","og_site_name":"Pond Lehocky Giordano, Inc.","article_publisher":"https:\/\/www.instagram.com\/pondlehocky\/","article_modified_time":"2024-07-15T01:17:24+00:00","og_image":[{"width":1440,"height":325,"url":"https:\/\/www.pondlehocky.com\/wp-content\/uploads\/2024\/06\/Commitment.jpg","type":"image\/jpeg"}],"twitter_card":"summary_large_image","twitter_misc":{"Tiempo de lectura":"1 minuto"},"schema":{"@context":"https:\/\/schema.org","@graph":[{"@type":"WebPage","@id":"https:\/\/www.pondlehocky.com\/es\/carreras\/director-de-contabilidad\/","url":"https:\/\/www.pondlehocky.com\/es\/carreras\/director-de-contabilidad\/","name":"Job Listing - Accounting Manager | Pond Lehocky Giordano","isPartOf":{"@id":"https:\/\/www.pondlehocky.com\/es\/#website"},"primaryImageOfPage":{"@id":"https:\/\/www.pondlehocky.com\/es\/carreras\/director-de-contabilidad\/#primaryimage"},"image":{"@id":"https:\/\/www.pondlehocky.com\/es\/carreras\/director-de-contabilidad\/#primaryimage"},"thumbnailUrl":"https:\/\/www.pondlehocky.com\/wp-content\/uploads\/2024\/06\/Commitment.jpg","datePublished":"2024-07-15T01:15:53+00:00","dateModified":"2024-07-15T01:17:24+00:00","description":"Pond Lehocky Giordano is currently seeking an Accounting Manager to join our highly successful team. Learn more >>","breadcrumb":{"@id":"https:\/\/www.pondlehocky.com\/es\/carreras\/director-de-contabilidad\/#breadcrumb"},"inLanguage":"es","potentialAction":[{"@type":"ReadAction","target":["https:\/\/www.pondlehocky.com\/es\/carreras\/director-de-contabilidad\/"]}]},{"@type":"ImageObject","inLanguage":"es","@id":"https:\/\/www.pondlehocky.com\/es\/carreras\/director-de-contabilidad\/#primaryimage","url":"https:\/\/www.pondlehocky.com\/wp-content\/uploads\/2024\/06\/Commitment.jpg","contentUrl":"https:\/\/www.pondlehocky.com\/wp-content\/uploads\/2024\/06\/Commitment.jpg","width":1440,"height":325,"caption":"commitment hero"},{"@type":"BreadcrumbList","@id":"https:\/\/www.pondlehocky.com\/es\/carreras\/director-de-contabilidad\/#breadcrumb","itemListElement":[{"@type":"ListItem","position":1,"name":"Home","item":"https:\/\/www.pondlehocky.com\/es\/homepage\/"},{"@type":"ListItem","position":2,"name":"Carreras","item":"https:\/\/www.pondlehocky.com\/es\/carreras\/"},{"@type":"ListItem","position":3,"name":"Director de contabilidad"}]},{"@type":"WebSite","@id":"https:\/\/www.pondlehocky.com\/es\/#website","url":"https:\/\/www.pondlehocky.com\/es\/","name":"Pond Lehocky Giordano, Inc.","description":"Largest workers\u2019 compensation and Social Security disability law firm in Pennsylvania","publisher":{"@id":"https:\/\/www.pondlehocky.com\/es\/#organization"},"alternateName":"Pond Lehocky Giordano, Inc.","potentialAction":[{"@type":"SearchAction","target":{"@type":"EntryPoint","urlTemplate":"https:\/\/www.pondlehocky.com\/es\/?s={search_term_string}"},"query-input":{"@type":"PropertyValueSpecification","valueRequired":true,"valueName":"search_term_string"}}],"inLanguage":"es"},{"@type":"Organization","@id":"https:\/\/www.pondlehocky.com\/es\/#organization","name":"Pond Lehocky Giordano, Inc","alternateName":"Pond Lehocky Giordano, Inc.","url":"https:\/\/www.pondlehocky.com\/es\/","logo":{"@type":"ImageObject","inLanguage":"es","@id":"https:\/\/www.pondlehocky.com\/es\/#\/schema\/logo\/image\/","url":"https:\/\/www.pondlehocky.com\/wp-content\/uploads\/2024\/04\/pond-lehocky-logo.png","contentUrl":"https:\/\/www.pondlehocky.com\/wp-content\/uploads\/2024\/04\/pond-lehocky-logo.png","width":355,"height":28,"caption":"Pond Lehocky Giordano, Inc"},"image":{"@id":"https:\/\/www.pondlehocky.com\/es\/#\/schema\/logo\/image\/"},"sameAs":["https:\/\/www.instagram.com\/pondlehocky\/","https:\/\/www.youtube.com\/user\/pondlehocky","https:\/\/www.tiktok.com\/@pondlehockygiordano","https:\/\/www.facebook.com\/PondLehocky","https:\/\/www.linkedin.com\/company\/pond-lehocky-giordano\/"]}]}},"_links":{"self":[{"href":"https:\/\/www.pondlehocky.com\/es\/wp-json\/wp\/v2\/pages\/4818","targetHints":{"allow":["GET"]}}],"collection":[{"href":"https:\/\/www.pondlehocky.com\/es\/wp-json\/wp\/v2\/pages"}],"about":[{"href":"https:\/\/www.pondlehocky.com\/es\/wp-json\/wp\/v2\/types\/page"}],"author":[{"embeddable":true,"href":"https:\/\/www.pondlehocky.com\/es\/wp-json\/wp\/v2\/users\/4"}],"replies":[{"embeddable":true,"href":"https:\/\/www.pondlehocky.com\/es\/wp-json\/wp\/v2\/comments?post=4818"}],"version-history":[{"count":0,"href":"https:\/\/www.pondlehocky.com\/es\/wp-json\/wp\/v2\/pages\/4818\/revisions"}],"up":[{"embeddable":true,"href":"https:\/\/www.pondlehocky.com\/es\/wp-json\/wp\/v2\/pages\/3310"}],"wp:featuredmedia":[{"embeddable":true,"href":"https:\/\/www.pondlehocky.com\/es\/wp-json\/wp\/v2\/media\/4468"}],"wp:attachment":[{"href":"https:\/\/www.pondlehocky.com\/es\/wp-json\/wp\/v2\/media?parent=4818"}],"curies":[{"name":"wp","href":"https:\/\/api.w.org\/{rel}","templated":true}]}}