{"id":6336,"date":"2022-08-24T14:17:25","date_gmt":"2022-08-24T14:17:25","guid":{"rendered":"https:\/\/www.pondlehocky.com\/?page_id=6336"},"modified":"2025-11-19T15:30:53","modified_gmt":"2025-11-19T15:30:53","slug":"asociaciones","status":"publish","type":"page","link":"https:\/\/www.pondlehocky.com\/es\/acerca-de\/nuestra-comunidad\/asociaciones\/","title":{"rendered":"Asociaciones"},"content":{"rendered":"    <section class=\"pl-block pl-raw-content mb-7 pl-t [&#038;.border-t-2]:pt-8  \">\n        <p class=\"p1\">En Pond Lehocky GIordano no nos limitamos a patrocinar grandes organizaciones, sino que nos asociamos con ellas, asumiendo su misi\u00f3n como propia. Las asociaciones que se mencionan a continuaci\u00f3n son ejemplos brillantes de excelencia, dedicaci\u00f3n, compasi\u00f3n, innovaci\u00f3n, creatividad y defensa inquebrantable. Para Pond Lehocky Giordano es f\u00e1cil apoyar a estos socios porque nos inspiran constantemente.<\/p>\n    <\/section>\n\n\n\n\n<figure class=\"wp-block-image size-full\"><img decoding=\"async\" width=\"140\" height=\"98\" src=\"https:\/\/34zjl1fr.cdn.imgeng.in\/wp-content\/uploads\/2024\/06\/eagles-logo.webp\" alt=\"Philadelphia eagles logo\" class=\"wp-image-4552\"\/><\/figure>\n\n\n    <section class=\"pl-block pl-raw-content mb-7 pl-t [&#038;.border-t-2]:pt-8  \">\n        <h2 class=\"p1\"><span class=\"ez-toc-section\" id=\"Aguilas_de_Filadelfia\"><\/span>\u00c1guilas de Filadelfia<span class=\"ez-toc-section-end\"><\/span><\/h2>\n<p class=\"p1\">Pond Lehocky Giordano se convirti\u00f3 en socio oficial de los Philadelphia Eagles en 2018, uniendo al querido equipo de f\u00fatbol americano de la ciudad con el Team Behind You. La asociaci\u00f3n refuerza el compromiso de Pond Lehocky Giordano con la excelencia y su profundo arraigo en la comunidad.<\/p>\n    <\/section>\n\n\n\n\n<figure class=\"wp-block-image size-full\"><img decoding=\"async\" width=\"152\" height=\"156\" src=\"https:\/\/34zjl1fr.cdn.imgeng.in\/wp-content\/uploads\/2024\/06\/community-legal-services.webp\" alt=\"community legal services logo\" class=\"wp-image-4570\"\/><\/figure>\n\n\n    <section class=\"pl-block pl-raw-content mb-7 pl-t [&#038;.border-t-2]:pt-8  \">\n        <h2 class=\"p1\"><span class=\"ez-toc-section\" id=\"Servicios_juridicos_comunitarios\"><\/span>Servicios jur\u00eddicos comunitarios<span class=\"ez-toc-section-end\"><\/span><\/h2>\n<p class=\"p1\">Pond Lehocky Giordano se ha asociado con los Servicios Legales Comunitarios (CLS) de Filadelfia para ayudar a ofrecer asistencia jur\u00eddica civil gratuita a los habitantes de Filadelfia con bajos ingresos. Fundado por el Colegio de Abogados de Pensilvania en 1966, el CLS proporciona asistencia jur\u00eddica gratuita a m\u00e1s de 11.700 personas necesitadas cada a\u00f1o, ayud\u00e1ndoles a evitar la p\u00e9rdida de sus hogares, ingresos, atenci\u00f3n sanitaria e incluso de sus familias.<\/p>\n<p><a class=\"pl-button pl-button--large pl-button--primary mt-2\" href=\"https:\/\/clsphila.org\/\">M\u00c1S INFORMACI\u00d3N<\/a><\/p>\n    <\/section>\n\n\n\n\n<figure class=\"wp-block-image size-full\"><img decoding=\"async\" width=\"171\" height=\"137\" src=\"https:\/\/34zjl1fr.cdn.imgeng.in\/wp-content\/uploads\/2024\/06\/kids-chance-of-PA.webp\" alt=\"kids chance of PA logo\" class=\"wp-image-4573\"\/><\/figure>\n\n\n    <section class=\"pl-block pl-raw-content mb-7 pl-t [&#038;.border-t-2]:pt-8  \">\n        <h2 class=\"p1\"><span class=\"ez-toc-section\" id=\"Oportunidad_para_los_ninos_de_AP\"><\/span>Oportunidad para los ni\u00f1os de AP<span class=\"ez-toc-section-end\"><\/span><\/h2>\n<p class=\"p1\">Pond Lehocky Giordano se enorgullece de ser socio de Kids\u2019 Chance of PA (KCPA), una organizaci\u00f3n sin \u00e1nimo de lucro dedicada a ayudar a los hijos de las v\u00edctimas de accidentes laborales a perseguir sus sue\u00f1os educativos. Gracias a esta asociaci\u00f3n, los hijos de los clientes de Pond Lehocky Giordano en materia de indemnizaci\u00f3n por accidentes de trabajo en Pensilvania tienen la oportunidad de solicitar una beca a trav\u00e9s del sitio web de KCPA.<\/p>\n<p><a class=\"pl-button pl-button--large pl-button--primary mt-2\" href=\"https:\/\/www.kidschanceofpa.org\/\">M\u00c1S INFORMACI\u00d3N<\/a><\/p>\n    <\/section>\n\n\n\n\n<figure class=\"wp-block-image size-full\"><img decoding=\"async\" width=\"208\" height=\"127\" src=\"https:\/\/34zjl1fr.cdn.imgeng.in\/wp-content\/uploads\/2024\/06\/peggy-browning-fund.avif\" alt=\"peggy browning fund logo\" class=\"wp-image-4575\"\/><\/figure>\n\n\n    <section class=\"pl-block pl-raw-content mb-7 pl-t [&#038;.border-t-2]:pt-8  \">\n        <h2 class=\"p1\"><span class=\"ez-toc-section\" id=\"Fondo_Peggy_Browning\"><\/span>Fondo Peggy Browning<span class=\"ez-toc-section-end\"><\/span><\/h2>\n<p class=\"p1\">El Fondo Peggy Browning es una organizaci\u00f3n 501(c)3 que educa e inspira a la pr\u00f3xima generaci\u00f3n de defensores de la justicia laboral a trav\u00e9s de becas, conferencias sobre los derechos de los trabajadores, talleres regionales, creaci\u00f3n de redes y otros programas. El PBF se cre\u00f3 en 1997 en memoria de Margaret A. Browning, una destacada abogada laboralista y la primera abogada sindicalista nombrada miembro de la Junta Nacional de Relaciones Laborales.<\/p>\n<p class=\"p1\">En 2018, el PBF concedi\u00f3 a 81 estudiantes de derecho becas de verano de 10 semanas de duraci\u00f3n para trabajar en sindicatos, centros de trabajadores, organizaciones sin \u00e1nimo de lucro y bufetes de abogados del lado del sindicato que defienden los derechos de los trabajadores y sus familias.<\/p>\n<p class=\"p1\">De los graduados, el 68% trabaja en derecho laboral de los derechos de los trabajadores o en derecho de inter\u00e9s p\u00fablico.<\/p>\n<p><a class=\"pl-button pl-button--large pl-button--primary mt-2\" href=\"https:\/\/www.peggybrowningfund.org\/\">M\u00c1S INFORMACI\u00d3N<\/a><\/p>\n    <\/section>\n\n\n\n\n<figure class=\"wp-block-image size-large\"><img decoding=\"async\" width=\"1024\" height=\"683\" src=\"https:\/\/34zjl1fr.cdn.imgeng.in\/wp-content\/uploads\/2024\/06\/Muniz-with-Car-1024x683.avif\" alt=\"Frankie Muniz with racecar\" class=\"wp-image-4577\" srcset=\"https:\/\/34zjl1fr.cdn.imgeng.in\/wp-content\/uploads\/2024\/06\/Muniz-with-Car-1024x683.avif 1024w, https:\/\/34zjl1fr.cdn.imgeng.in\/wp-content\/uploads\/2024\/06\/Muniz-with-Car-300x200.avif 300w, https:\/\/34zjl1fr.cdn.imgeng.in\/wp-content\/uploads\/2024\/06\/Muniz-with-Car-768x512.avif 768w, https:\/\/34zjl1fr.cdn.imgeng.in\/wp-content\/uploads\/2024\/06\/Muniz-with-Car.avif 1200w\" sizes=\"(max-width: 1024px) 100vw, 1024px\" \/><\/figure>\n\n\n    <section class=\"pl-block pl-raw-content mb-7 pl-t [&#038;.border-t-2]:pt-8  \">\n        <h2 class=\"p1\"><span class=\"ez-toc-section\" id=\"Frankie_Muniz\"><\/span>Frankie Muniz<span class=\"ez-toc-section-end\"><\/span><\/h2>\n<p class=\"p1\">Pond Lehocky Giordano se ha asociado con Frankie Muniz para ayudar a promocionar el mensaje de la empresa y, al mismo tiempo, proporcionar a los fans ac\u00e9rrimos asientos para ver su carrera desde el box.<\/p>\n<p class=\"p1\">Muy joven, Muniz se hizo famoso como actor con un papel destacado en la comedia de Fox Malcolm in the Middle. Desde entonces, ha tenido numerosos papeles y cameos en televisi\u00f3n y cine, protagonizando pel\u00edculas como Big Fat Liar y Agent Cody Banks y apareciendo en programas tan variados como Arrested Development y Dancing with the Stars.<\/p>\n<p class=\"p1\">La carrera de Muniz en el automovilismo se remonta a 2004 con su participaci\u00f3n en la Toyota Pro\/Celebrity Race. Ha ido ascendiendo continuamente en la Nascar, participando en carreras como la prestigiosa ARCA Menards Series.<\/p>\n    <\/section>\n\n\n\n    <section class=\"pl-block pl-raw-content mb-7 pl-t [&#038;.border-t-2]:pt-8 border-t-2 border-gray\/90 \">\n        <h2 class=\"p1\"><span class=\"ez-toc-section\" id=\"Otras_asociaciones\"><\/span>Otras asociaciones<span class=\"ez-toc-section-end\"><\/span><\/h2>\n<ul class=\"ul1\">\n<li class=\"li1\">Consejo Asesor del 26\u00ba Distrito Policial<\/li>\n<li class=\"li1\">Asociaci\u00f3n Americana para la Investigaci\u00f3n del C\u00e1ncer<\/li>\n<li class=\"li1\">Sociedad Americana del C\u00e1ncer<\/li>\n<li class=\"li1\">Asociaci\u00f3n Americana del Coraz\u00f3n<\/li>\n<li class=\"li1\">Best Buddies Delaware<\/li>\n<li class=\"li1\">Fondo de Becas de los Boilermakers Local 13<\/li>\n<li class=\"li1\">Fundaci\u00f3n Club Foot \u2013 Carrera hacia el patrimonio<\/li>\n<li class=\"li1\">Discapacitados en acci\u00f3n<\/li>\n<li class=\"li1\">Programa de becas del Consejo de Distrito 21<\/li>\n<li class=\"li1\">Torneo conmemorativo de la liga de bolos de los electricistas<\/li>\n<li class=\"li1\">Fundaci\u00f3n de Epilepsia del Este de PA<\/li>\n<li class=\"li1\">Familias Adelante<\/li>\n<li class=\"li1\">Asociaci\u00f3n de Jubilados de la F\u00e1brica de Gas<\/li>\n<li class=\"li1\">Iglesia Bautista del Templo de Gibson<\/li>\n<li class=\"li1\">De los cascos a los cascos protectores<\/li>\n<li class=\"li1\">Manos amigas<\/li>\n<li class=\"li1\">Convenci\u00f3n de HOPE\/PA Latino<\/li>\n<li class=\"li1\">IATSE Local No. 8<\/li>\n<li class=\"li1\">Sindicato local IBEW n\u00ba 98<\/li>\n<li class=\"li1\">Trabajadores lesionados de PA<\/li>\n<li class=\"li1\">Guantes de Oro Joe Hand<\/li>\n<li class=\"li1\">Fundaci\u00f3n John Quinn \u2013 Escuela Secundaria Arch Bishop Ryan<\/li>\n<li class=\"li1\">Fundaci\u00f3n Justiniana<\/li>\n<li class=\"li1\">Trabajo de amor<\/li>\n<li class=\"li1\">Lackawanna Pro Bono Inc.<\/li>\n<li class=\"li1\">Secci\u00f3n de Filadelfia de LCCLAA<\/li>\n<li class=\"li1\">Fondo de Becas del Local 57 de los Trabajadores<\/li>\n<li class=\"li1\">Un ascensor para un veterinario<\/li>\n<li class=\"li1\">Lupus Loop<\/li>\n<li class=\"li1\">Magee Rehab<\/li>\n<li class=\"li1\">La misi\u00f3n de Marley<\/li>\n<li class=\"li1\">Escuela Meadowbrook<\/li>\n<li class=\"li1\">Conferencia de la Asociaci\u00f3n de Mujeres Polic\u00edas del Atl\u00e1ntico Medio<\/li>\n<li class=\"li1\">MuckFest MS<\/li>\n<li class=\"li1\">Comit\u00e9 del D\u00eda del Trabajo de la NEPA<\/li>\n<li class=\"li1\">Fundaci\u00f3n NFBD<\/li>\n<li class=\"li1\">Pennsylvania AFL-CIO COPE<\/li>\n<li class=\"li1\">Asociaci\u00f3n de Abogados Litigantes de Pensilvania<\/li>\n<li class=\"li1\">Asociaci\u00f3n de Abogados de Filadelfia<\/li>\n<li class=\"li1\">Fondo de Caridad de los Oficios de la Construcci\u00f3n de Filadelfia<\/li>\n<li class=\"li1\">PHILAPOSH<\/li>\n<li class=\"li1\">Philly VIP \u2013 Programa de Voluntarios de Filadelfia para los Indigentes<\/li>\n<li class=\"li1\">Equipo de nataci\u00f3n de Ramblewood<\/li>\n<li class=\"li1\">Club de Animaci\u00f3n de Baloncesto Masculino de Riverside<\/li>\n<li class=\"li1\">Rock Ministries de Filadelfia<\/li>\n<li class=\"li1\">Academia de San Basilio<\/li>\n<li class=\"li1\">SPCA<\/li>\n<li class=\"li1\">St. Hubert Cheerleading<\/li>\n<li class=\"li1\">Fondo de Becas de Steamfitters Local 420<\/li>\n<li class=\"li1\">Susan G. Komen Filadelfia<\/li>\n<li class=\"li1\">Equipo Carto \u2013 Boxeo juvenil local<\/li>\n<li class=\"li1\">Equipo Foster \u2013 Ruff Ride<\/li>\n<li class=\"li1\">Beca Teamsters Local 229<\/li>\n<li class=\"li1\">Desfile del D\u00eda del Trabajo de los Tres Estados<\/li>\n<li class=\"li1\">TWU cuida de los suyos<\/li>\n<li class=\"li1\">Fondo de Educaci\u00f3n del Distrito 10 del USW<\/li>\n<li class=\"li1\">Centro de Servicios M\u00faltiples para Veteranos<\/li>\n<\/ul>\n    <\/section>\n\n","protected":false},"excerpt":{"rendered":"","protected":false},"author":4,"featured_media":4548,"parent":4489,"menu_order":0,"comment_status":"open","ping_status":"open","template":"page-sidebar.php","meta":{"_acf_changed":true,"footnotes":"","_elementor_data":""},"class_list":["post-6336","page","type-page","status-publish","has-post-thumbnail","hentry"],"acf":[],"page_builder_type":"gutenberg","gutenberg_data":[],"yoast_head":"<!-- This site is optimized with the Yoast SEO Premium plugin v27.3 (Yoast SEO v27.3) - https:\/\/yoast.com\/product\/yoast-seo-premium-wordpress\/ -->\n<title>Nuestras Alianzas | Pond Lehocky Giordano<\/title>\n<meta name=\"description\" content=\"Pond Lehocky Giordano colabora con organizaciones destacadas como los Philadelphia Eagles, Community Legal Services, Kids\u2019 Chance of PA y m\u00e1s.\" \/>\n<meta name=\"robots\" content=\"index, follow, max-snippet:-1, max-image-preview:large, max-video-preview:-1\" \/>\n<link rel=\"canonical\" href=\"https:\/\/www.pondlehocky.com\/es\/acerca-de\/nuestra-comunidad\/asociaciones\/\" \/>\n<meta property=\"og:locale\" content=\"es_ES\" \/>\n<meta property=\"og:type\" content=\"article\" \/>\n<meta property=\"og:title\" content=\"Asociaciones\" \/>\n<meta property=\"og:description\" content=\"Pond Lehocky Giordano colabora con organizaciones destacadas como los Philadelphia Eagles, Community Legal Services, Kids\u2019 Chance of PA y m\u00e1s.\" \/>\n<meta property=\"og:url\" content=\"https:\/\/www.pondlehocky.com\/es\/acerca-de\/nuestra-comunidad\/asociaciones\/\" \/>\n<meta property=\"og:site_name\" content=\"Pond Lehocky Giordano, Inc.\" \/>\n<meta property=\"article:publisher\" content=\"https:\/\/www.instagram.com\/pondlehocky\/\" \/>\n<meta property=\"article:modified_time\" content=\"2025-11-19T15:30:53+00:00\" \/>\n<meta property=\"og:image\" content=\"https:\/\/www.pondlehocky.com\/wp-content\/uploads\/2024\/06\/Partnerships-bg.jpg\" \/>\n\t<meta property=\"og:image:width\" content=\"1440\" \/>\n\t<meta property=\"og:image:height\" content=\"325\" \/>\n\t<meta property=\"og:image:type\" content=\"image\/jpeg\" \/>\n<meta name=\"twitter:card\" content=\"summary_large_image\" \/>\n<meta name=\"twitter:label1\" content=\"Tiempo de lectura\" \/>\n\t<meta name=\"twitter:data1\" content=\"2 minutos\" \/>\n<script type=\"application\/ld+json\" class=\"yoast-schema-graph\">{\"@context\":\"https:\\\/\\\/schema.org\",\"@graph\":[{\"@type\":\"WebPage\",\"@id\":\"https:\\\/\\\/www.pondlehocky.com\\\/es\\\/acerca-de\\\/nuestra-comunidad\\\/asociaciones\\\/\",\"url\":\"https:\\\/\\\/www.pondlehocky.com\\\/es\\\/acerca-de\\\/nuestra-comunidad\\\/asociaciones\\\/\",\"name\":\"Nuestras Alianzas | Pond Lehocky Giordano\",\"isPartOf\":{\"@id\":\"https:\\\/\\\/www.pondlehocky.com\\\/es\\\/#website\"},\"primaryImageOfPage\":{\"@id\":\"https:\\\/\\\/www.pondlehocky.com\\\/es\\\/acerca-de\\\/nuestra-comunidad\\\/asociaciones\\\/#primaryimage\"},\"image\":{\"@id\":\"https:\\\/\\\/www.pondlehocky.com\\\/es\\\/acerca-de\\\/nuestra-comunidad\\\/asociaciones\\\/#primaryimage\"},\"thumbnailUrl\":\"https:\\\/\\\/www.pondlehocky.com\\\/wp-content\\\/uploads\\\/2024\\\/06\\\/Partnerships-bg.jpg\",\"datePublished\":\"2022-08-24T14:17:25+00:00\",\"dateModified\":\"2025-11-19T15:30:53+00:00\",\"description\":\"Pond Lehocky Giordano colabora con organizaciones destacadas como los Philadelphia Eagles, Community Legal Services, Kids\u2019 Chance of PA y m\u00e1s.\",\"breadcrumb\":{\"@id\":\"https:\\\/\\\/www.pondlehocky.com\\\/es\\\/acerca-de\\\/nuestra-comunidad\\\/asociaciones\\\/#breadcrumb\"},\"inLanguage\":\"es\",\"potentialAction\":[{\"@type\":\"ReadAction\",\"target\":[\"https:\\\/\\\/www.pondlehocky.com\\\/es\\\/acerca-de\\\/nuestra-comunidad\\\/asociaciones\\\/\"]}]},{\"@type\":\"ImageObject\",\"inLanguage\":\"es\",\"@id\":\"https:\\\/\\\/www.pondlehocky.com\\\/es\\\/acerca-de\\\/nuestra-comunidad\\\/asociaciones\\\/#primaryimage\",\"url\":\"https:\\\/\\\/www.pondlehocky.com\\\/wp-content\\\/uploads\\\/2024\\\/06\\\/Partnerships-bg.jpg\",\"contentUrl\":\"https:\\\/\\\/www.pondlehocky.com\\\/wp-content\\\/uploads\\\/2024\\\/06\\\/Partnerships-bg.jpg\",\"width\":1440,\"height\":325,\"caption\":\"lawyers shaking hands\"},{\"@type\":\"BreadcrumbList\",\"@id\":\"https:\\\/\\\/www.pondlehocky.com\\\/es\\\/acerca-de\\\/nuestra-comunidad\\\/asociaciones\\\/#breadcrumb\",\"itemListElement\":[{\"@type\":\"ListItem\",\"position\":1,\"name\":\"Home\",\"item\":\"https:\\\/\\\/www.pondlehocky.com\\\/es\\\/homepage\\\/\"},{\"@type\":\"ListItem\",\"position\":2,\"name\":\"Acerca de\",\"item\":\"https:\\\/\\\/www.pondlehocky.com\\\/es\\\/acerca-de\\\/\"},{\"@type\":\"ListItem\",\"position\":3,\"name\":\"Nuestra Comunidad\",\"item\":\"https:\\\/\\\/www.pondlehocky.com\\\/es\\\/acerca-de\\\/nuestra-comunidad\\\/\"},{\"@type\":\"ListItem\",\"position\":4,\"name\":\"Asociaciones\"}]},{\"@type\":\"WebSite\",\"@id\":\"https:\\\/\\\/www.pondlehocky.com\\\/es\\\/#website\",\"url\":\"https:\\\/\\\/www.pondlehocky.com\\\/es\\\/\",\"name\":\"Pond Lehocky Giordano, Inc.\",\"description\":\"Largest workers\u2019 compensation and Social Security disability law firm in Pennsylvania\",\"publisher\":{\"@id\":\"https:\\\/\\\/www.pondlehocky.com\\\/es\\\/#organization\"},\"alternateName\":\"Pond Lehocky Giordano, Inc.\",\"potentialAction\":[{\"@type\":\"SearchAction\",\"target\":{\"@type\":\"EntryPoint\",\"urlTemplate\":\"https:\\\/\\\/www.pondlehocky.com\\\/es\\\/?s={search_term_string}\"},\"query-input\":{\"@type\":\"PropertyValueSpecification\",\"valueRequired\":true,\"valueName\":\"search_term_string\"}}],\"inLanguage\":\"es\"},{\"@type\":\"Organization\",\"@id\":\"https:\\\/\\\/www.pondlehocky.com\\\/es\\\/#organization\",\"name\":\"Pond Lehocky Giordano, Inc\",\"alternateName\":\"Pond Lehocky Giordano, Inc.\",\"url\":\"https:\\\/\\\/www.pondlehocky.com\\\/es\\\/\",\"logo\":{\"@type\":\"ImageObject\",\"inLanguage\":\"es\",\"@id\":\"https:\\\/\\\/www.pondlehocky.com\\\/es\\\/#\\\/schema\\\/logo\\\/image\\\/\",\"url\":\"https:\\\/\\\/www.pondlehocky.com\\\/wp-content\\\/uploads\\\/2024\\\/04\\\/pond-lehocky-logo.png\",\"contentUrl\":\"https:\\\/\\\/www.pondlehocky.com\\\/wp-content\\\/uploads\\\/2024\\\/04\\\/pond-lehocky-logo.png\",\"width\":355,\"height\":28,\"caption\":\"Pond Lehocky Giordano, Inc\"},\"image\":{\"@id\":\"https:\\\/\\\/www.pondlehocky.com\\\/es\\\/#\\\/schema\\\/logo\\\/image\\\/\"},\"sameAs\":[\"https:\\\/\\\/www.instagram.com\\\/pondlehocky\\\/\",\"https:\\\/\\\/www.youtube.com\\\/user\\\/pondlehocky\",\"https:\\\/\\\/www.tiktok.com\\\/@pondlehockygiordano\",\"https:\\\/\\\/www.facebook.com\\\/PondLehocky\",\"https:\\\/\\\/www.linkedin.com\\\/company\\\/pond-lehocky-giordano\\\/\"]}]}<\/script>\n<!-- \/ Yoast SEO Premium plugin. -->","yoast_head_json":{"title":"Nuestras Alianzas | Pond Lehocky Giordano","description":"Pond Lehocky Giordano colabora con organizaciones destacadas como los Philadelphia Eagles, Community Legal Services, Kids\u2019 Chance of PA y m\u00e1s.","robots":{"index":"index","follow":"follow","max-snippet":"max-snippet:-1","max-image-preview":"max-image-preview:large","max-video-preview":"max-video-preview:-1"},"canonical":"https:\/\/www.pondlehocky.com\/es\/acerca-de\/nuestra-comunidad\/asociaciones\/","og_locale":"es_ES","og_type":"article","og_title":"Asociaciones","og_description":"Pond Lehocky Giordano colabora con organizaciones destacadas como los Philadelphia Eagles, Community Legal Services, Kids\u2019 Chance of PA y m\u00e1s.","og_url":"https:\/\/www.pondlehocky.com\/es\/acerca-de\/nuestra-comunidad\/asociaciones\/","og_site_name":"Pond Lehocky Giordano, Inc.","article_publisher":"https:\/\/www.instagram.com\/pondlehocky\/","article_modified_time":"2025-11-19T15:30:53+00:00","og_image":[{"width":1440,"height":325,"url":"https:\/\/www.pondlehocky.com\/wp-content\/uploads\/2024\/06\/Partnerships-bg.jpg","type":"image\/jpeg"}],"twitter_card":"summary_large_image","twitter_misc":{"Tiempo de lectura":"2 minutos"},"schema":{"@context":"https:\/\/schema.org","@graph":[{"@type":"WebPage","@id":"https:\/\/www.pondlehocky.com\/es\/acerca-de\/nuestra-comunidad\/asociaciones\/","url":"https:\/\/www.pondlehocky.com\/es\/acerca-de\/nuestra-comunidad\/asociaciones\/","name":"Nuestras Alianzas | Pond Lehocky Giordano","isPartOf":{"@id":"https:\/\/www.pondlehocky.com\/es\/#website"},"primaryImageOfPage":{"@id":"https:\/\/www.pondlehocky.com\/es\/acerca-de\/nuestra-comunidad\/asociaciones\/#primaryimage"},"image":{"@id":"https:\/\/www.pondlehocky.com\/es\/acerca-de\/nuestra-comunidad\/asociaciones\/#primaryimage"},"thumbnailUrl":"https:\/\/www.pondlehocky.com\/wp-content\/uploads\/2024\/06\/Partnerships-bg.jpg","datePublished":"2022-08-24T14:17:25+00:00","dateModified":"2025-11-19T15:30:53+00:00","description":"Pond Lehocky Giordano colabora con organizaciones destacadas como los Philadelphia Eagles, Community Legal Services, Kids\u2019 Chance of PA y m\u00e1s.","breadcrumb":{"@id":"https:\/\/www.pondlehocky.com\/es\/acerca-de\/nuestra-comunidad\/asociaciones\/#breadcrumb"},"inLanguage":"es","potentialAction":[{"@type":"ReadAction","target":["https:\/\/www.pondlehocky.com\/es\/acerca-de\/nuestra-comunidad\/asociaciones\/"]}]},{"@type":"ImageObject","inLanguage":"es","@id":"https:\/\/www.pondlehocky.com\/es\/acerca-de\/nuestra-comunidad\/asociaciones\/#primaryimage","url":"https:\/\/www.pondlehocky.com\/wp-content\/uploads\/2024\/06\/Partnerships-bg.jpg","contentUrl":"https:\/\/www.pondlehocky.com\/wp-content\/uploads\/2024\/06\/Partnerships-bg.jpg","width":1440,"height":325,"caption":"lawyers shaking hands"},{"@type":"BreadcrumbList","@id":"https:\/\/www.pondlehocky.com\/es\/acerca-de\/nuestra-comunidad\/asociaciones\/#breadcrumb","itemListElement":[{"@type":"ListItem","position":1,"name":"Home","item":"https:\/\/www.pondlehocky.com\/es\/homepage\/"},{"@type":"ListItem","position":2,"name":"Acerca de","item":"https:\/\/www.pondlehocky.com\/es\/acerca-de\/"},{"@type":"ListItem","position":3,"name":"Nuestra Comunidad","item":"https:\/\/www.pondlehocky.com\/es\/acerca-de\/nuestra-comunidad\/"},{"@type":"ListItem","position":4,"name":"Asociaciones"}]},{"@type":"WebSite","@id":"https:\/\/www.pondlehocky.com\/es\/#website","url":"https:\/\/www.pondlehocky.com\/es\/","name":"Pond Lehocky Giordano, Inc.","description":"Largest workers\u2019 compensation and Social Security disability law firm in Pennsylvania","publisher":{"@id":"https:\/\/www.pondlehocky.com\/es\/#organization"},"alternateName":"Pond Lehocky Giordano, Inc.","potentialAction":[{"@type":"SearchAction","target":{"@type":"EntryPoint","urlTemplate":"https:\/\/www.pondlehocky.com\/es\/?s={search_term_string}"},"query-input":{"@type":"PropertyValueSpecification","valueRequired":true,"valueName":"search_term_string"}}],"inLanguage":"es"},{"@type":"Organization","@id":"https:\/\/www.pondlehocky.com\/es\/#organization","name":"Pond Lehocky Giordano, Inc","alternateName":"Pond Lehocky Giordano, Inc.","url":"https:\/\/www.pondlehocky.com\/es\/","logo":{"@type":"ImageObject","inLanguage":"es","@id":"https:\/\/www.pondlehocky.com\/es\/#\/schema\/logo\/image\/","url":"https:\/\/www.pondlehocky.com\/wp-content\/uploads\/2024\/04\/pond-lehocky-logo.png","contentUrl":"https:\/\/www.pondlehocky.com\/wp-content\/uploads\/2024\/04\/pond-lehocky-logo.png","width":355,"height":28,"caption":"Pond Lehocky Giordano, Inc"},"image":{"@id":"https:\/\/www.pondlehocky.com\/es\/#\/schema\/logo\/image\/"},"sameAs":["https:\/\/www.instagram.com\/pondlehocky\/","https:\/\/www.youtube.com\/user\/pondlehocky","https:\/\/www.tiktok.com\/@pondlehockygiordano","https:\/\/www.facebook.com\/PondLehocky","https:\/\/www.linkedin.com\/company\/pond-lehocky-giordano\/"]}]}},"_links":{"self":[{"href":"https:\/\/www.pondlehocky.com\/es\/wp-json\/wp\/v2\/pages\/6336","targetHints":{"allow":["GET"]}}],"collection":[{"href":"https:\/\/www.pondlehocky.com\/es\/wp-json\/wp\/v2\/pages"}],"about":[{"href":"https:\/\/www.pondlehocky.com\/es\/wp-json\/wp\/v2\/types\/page"}],"author":[{"embeddable":true,"href":"https:\/\/www.pondlehocky.com\/es\/wp-json\/wp\/v2\/users\/4"}],"replies":[{"embeddable":true,"href":"https:\/\/www.pondlehocky.com\/es\/wp-json\/wp\/v2\/comments?post=6336"}],"version-history":[{"count":0,"href":"https:\/\/www.pondlehocky.com\/es\/wp-json\/wp\/v2\/pages\/6336\/revisions"}],"up":[{"embeddable":true,"href":"https:\/\/www.pondlehocky.com\/es\/wp-json\/wp\/v2\/pages\/4489"}],"wp:featuredmedia":[{"embeddable":true,"href":"https:\/\/www.pondlehocky.com\/es\/wp-json\/wp\/v2\/media\/4548"}],"wp:attachment":[{"href":"https:\/\/www.pondlehocky.com\/es\/wp-json\/wp\/v2\/media?parent=6336"}],"curies":[{"name":"wp","href":"https:\/\/api.w.org\/{rel}","templated":true}]}}