{"id":6447,"date":"2024-07-29T18:30:30","date_gmt":"2024-07-29T18:30:30","guid":{"rendered":"https:\/\/www.pondlehocky.com\/?page_id=6447"},"modified":"2024-07-31T18:21:08","modified_gmt":"2024-07-31T18:21:08","slug":"pa-workers-compensation-allentown-landing-page","status":"publish","type":"page","link":"https:\/\/www.pondlehocky.com\/es\/campaign\/pa-workers-compensation-allentown-landing-page\/","title":{"rendered":"Los abogados de compensaci\u00f3n laboralde Allentown"},"content":{"rendered":"    <section class=\"pl-block pl-raw-content mb-7 pl-t [&#038;.border-t-2]:pt-8  \">\n        <h5 class=\"p1\"><span class=\"ez-toc-section\" id=\"CUENTANOS_TU_HISTORIA\"><\/span>CU\u00c9NTANOS TU HISTORIA<span class=\"ez-toc-section-end\"><\/span><\/h5>\n<h2 class=\"p1\"><span class=\"ez-toc-section\" id=\"No_solo_conocemos_la_ley_de_indemnizacion_de_los_trabajadores_de_Pennsylvania_sino_que_ayudamos_a_redactarla\"><\/span>No s\u00f3lo conocemos la ley de indemnizaci\u00f3n de los trabajadores de Pennsylvania, sino que ayudamos a\u00a0redactarla.<span class=\"ez-toc-section-end\"><\/span><\/h2>\n<p class=\"p1\">Pond Lehocky Giordano ayud\u00f3 a redactar la primera ley favorable a los trabajadores en m\u00e1s de 30 a\u00f1os. Eso dice algo sobre nuestro conocimiento de la ley y nuestro compromiso con los trabajadores.<\/p>\n<p class=\"p1\">Con m\u00e1s de 80 a\u00f1os de experiencia en indemnizaciones por accidentes de trabajo en Pennsylvania, m\u00e1s de 20.000 casos resueltos con \u00e9xito y m\u00e1s de mil millones de d\u00f3lares recuperados para nuestros clientes, Pond Lehocky Giordano es el bufete de abogados especializado en accidentes de trabajo que quieres que luche por ti.<\/p>\n    <\/section>\n\n\n\n    <section class=\"pl-block pl-raw-content mb-7 pl-t [&#038;.border-t-2]:pt-8 border-t-2 border-gray\/90 \">\n        <h2 class=\"p1\"><span class=\"ez-toc-section\" id=\"La_Ley_de_Compensacion_de_los_Trabajadores_de_Pennsylvania\"><\/span>La Ley de Compensaci\u00f3n de los Trabajadores de Pennsylvania<span class=\"ez-toc-section-end\"><\/span><\/h2>\n<p class=\"p1\">Aprobada originalmente en 1915, la Ley de Indemnizaci\u00f3n por Accidentes de Trabajo de Pennsylvania es un sistema estatal de prestaciones de seguro sin culpa dise\u00f1ado para compensar a todos los trabajadores lesionados por los salarios perdidos y los gastos m\u00e9dicos. Indemniza por accidente de trabajo todas las lesiones y enfermedades profesionales que se produzcan en el ejercicio de la profesi\u00f3n.<\/p>\n<h3 class=\"p1\"><span class=\"ez-toc-section\" id=\"%C2%BFQUE_CUBRE_EL_SEGURO_DE_ACCIDENTES_DE_TRABAJO\"><\/span>\u00bfQU\u00c9 CUBRE EL SEGURO DE ACCIDENTES DE TRABAJO?<span class=\"ez-toc-section-end\"><\/span><\/h3>\n<p class=\"p1\">La Ley de Compensaci\u00f3n de los Trabajadores de Pennsylvania se aplica a TODAS las lesiones o enfermedades profesionales que se produzcan durante el curso y el alcance del empleo y que est\u00e9n relacionadas con dicho empleo. La ley se aplica a todas las lesiones de Pennsylvania e incluso a las que se producen fuera de ella en determinadas circunstancias.<\/p>\n<h3 class=\"p1\"><span class=\"ez-toc-section\" id=\"ENFERMEDADES_PREEXISTENTES_E_INDEMNIZACION_POR_ACCIDENTE_DE_TRABAJO\"><\/span>ENFERMEDADES PREEXISTENTES E INDEMNIZACI\u00d3N POR ACCIDENTE DE TRABAJO<span class=\"ez-toc-section-end\"><\/span><\/h3>\n<p class=\"p1\">La ley se aplica incluso si tiene una enfermedad preexistente, conocida o desconocida por su empleador. Si tienes una dolencia de espalda o card\u00edaca y la agravas, aceleras o empeoras de alg\u00fan modo, tienes derecho a cobrar indemnizaciones por accidente laboral de tu actual empleador.<\/p>\n<p class=\"p1\">La negligencia propia o la de su empleador no le impedir\u00e1 cobrar las prestaciones de indemnizaci\u00f3n por accidente de trabajo. Por tanto, si tu empresario te dice que te deniega la demanda por una enfermedad preexistente o porque tu lesi\u00f3n fue \u00abculpa tuya\u00bb, est\u00e1 interpretando mal la ley y debes acudir a un abogado laboralista de Allentown. Es su derecho absoluto a recibir las prestaciones de la indemnizaci\u00f3n por accidente de trabajo, incluso si ya ten\u00eda una enfermedad anterior o si tuvo la culpa de que se produjera la lesi\u00f3n.<\/p>\n    <\/section>\n\n","protected":false},"excerpt":{"rendered":"","protected":false},"author":4,"featured_media":6163,"parent":6449,"menu_order":0,"comment_status":"closed","ping_status":"closed","template":"templates\/template-campaign.php","meta":{"_acf_changed":true,"footnotes":"","_elementor_data":""},"class_list":["post-6447","page","type-page","status-publish","has-post-thumbnail","hentry"],"acf":[],"page_builder_type":"gutenberg","gutenberg_data":[],"yoast_head":"<!-- This site is optimized with the Yoast SEO Premium plugin v27.4 (Yoast SEO v27.4) - https:\/\/yoast.com\/product\/yoast-seo-premium-wordpress\/ -->\n<title>Abogados de accidentes de trabajo en Allentown | Pond Lehocky Giordano | Pond Lehocky Giordano LLP<\/title>\n<meta name=\"description\" content=\"Con m\u00e1s de mil millones de d\u00f3lares recuperados para nuestros clientes, Pond Lehocky Giordano es el bufete de abogados de compensaci\u00f3n de trabajadores de Allentown que quieres que luche por ti\" \/>\n<meta name=\"robots\" content=\"index, follow, max-snippet:-1, max-image-preview:large, max-video-preview:-1\" \/>\n<link rel=\"canonical\" href=\"https:\/\/www.pondlehocky.com\/es\/campaign\/pa-workers-compensation-allentown-landing-page\/\" \/>\n<meta property=\"og:locale\" content=\"es_ES\" \/>\n<meta property=\"og:type\" content=\"article\" \/>\n<meta property=\"og:title\" content=\"Los abogados de compensaci\u00f3n laboralde Allentown\" \/>\n<meta property=\"og:description\" content=\"Con m\u00e1s de mil millones de d\u00f3lares recuperados para nuestros clientes, Pond Lehocky Giordano es el bufete de abogados de compensaci\u00f3n de trabajadores de Allentown que quieres que luche por ti\" \/>\n<meta property=\"og:url\" content=\"https:\/\/www.pondlehocky.com\/es\/campaign\/pa-workers-compensation-allentown-landing-page\/\" \/>\n<meta property=\"og:site_name\" content=\"Pond Lehocky Giordano, Inc.\" \/>\n<meta property=\"article:publisher\" content=\"https:\/\/www.instagram.com\/pondlehocky\/\" \/>\n<meta property=\"article:modified_time\" content=\"2024-07-31T18:21:08+00:00\" \/>\n<meta property=\"og:image\" content=\"https:\/\/www.pondlehocky.com\/wp-content\/uploads\/2024\/07\/bg-practice-area-block.png\" \/>\n\t<meta property=\"og:image:width\" content=\"1440\" \/>\n\t<meta property=\"og:image:height\" content=\"600\" \/>\n\t<meta property=\"og:image:type\" content=\"image\/png\" \/>\n<meta name=\"twitter:card\" content=\"summary_large_image\" \/>\n<meta name=\"twitter:label1\" content=\"Tiempo de lectura\" \/>\n\t<meta name=\"twitter:data1\" content=\"1 minuto\" \/>\n<script type=\"application\/ld+json\" class=\"yoast-schema-graph\">{\"@context\":\"https:\\\/\\\/schema.org\",\"@graph\":[{\"@type\":\"WebPage\",\"@id\":\"https:\\\/\\\/www.pondlehocky.com\\\/es\\\/campaign\\\/pa-workers-compensation-allentown-landing-page\\\/\",\"url\":\"https:\\\/\\\/www.pondlehocky.com\\\/es\\\/campaign\\\/pa-workers-compensation-allentown-landing-page\\\/\",\"name\":\"Abogados de accidentes de trabajo en Allentown | Pond Lehocky Giordano | Pond Lehocky Giordano LLP\",\"isPartOf\":{\"@id\":\"https:\\\/\\\/www.pondlehocky.com\\\/es\\\/#website\"},\"primaryImageOfPage\":{\"@id\":\"https:\\\/\\\/www.pondlehocky.com\\\/es\\\/campaign\\\/pa-workers-compensation-allentown-landing-page\\\/#primaryimage\"},\"image\":{\"@id\":\"https:\\\/\\\/www.pondlehocky.com\\\/es\\\/campaign\\\/pa-workers-compensation-allentown-landing-page\\\/#primaryimage\"},\"thumbnailUrl\":\"https:\\\/\\\/www.pondlehocky.com\\\/wp-content\\\/uploads\\\/2024\\\/07\\\/bg-practice-area-block.png\",\"datePublished\":\"2024-07-29T18:30:30+00:00\",\"dateModified\":\"2024-07-31T18:21:08+00:00\",\"description\":\"Con m\u00e1s de mil millones de d\u00f3lares recuperados para nuestros clientes, Pond Lehocky Giordano es el bufete de abogados de compensaci\u00f3n de trabajadores de Allentown que quieres que luche por ti\",\"breadcrumb\":{\"@id\":\"https:\\\/\\\/www.pondlehocky.com\\\/es\\\/campaign\\\/pa-workers-compensation-allentown-landing-page\\\/#breadcrumb\"},\"inLanguage\":\"es\",\"potentialAction\":[{\"@type\":\"ReadAction\",\"target\":[\"https:\\\/\\\/www.pondlehocky.com\\\/es\\\/campaign\\\/pa-workers-compensation-allentown-landing-page\\\/\"]}]},{\"@type\":\"ImageObject\",\"inLanguage\":\"es\",\"@id\":\"https:\\\/\\\/www.pondlehocky.com\\\/es\\\/campaign\\\/pa-workers-compensation-allentown-landing-page\\\/#primaryimage\",\"url\":\"https:\\\/\\\/www.pondlehocky.com\\\/wp-content\\\/uploads\\\/2024\\\/07\\\/bg-practice-area-block.png\",\"contentUrl\":\"https:\\\/\\\/www.pondlehocky.com\\\/wp-content\\\/uploads\\\/2024\\\/07\\\/bg-practice-area-block.png\",\"width\":1440,\"height\":600,\"caption\":\"practice area background\"},{\"@type\":\"BreadcrumbList\",\"@id\":\"https:\\\/\\\/www.pondlehocky.com\\\/es\\\/campaign\\\/pa-workers-compensation-allentown-landing-page\\\/#breadcrumb\",\"itemListElement\":[{\"@type\":\"ListItem\",\"position\":1,\"name\":\"Home\",\"item\":\"https:\\\/\\\/www.pondlehocky.com\\\/es\\\/homepage\\\/\"},{\"@type\":\"ListItem\",\"position\":2,\"name\":\"Campaign\",\"item\":\"https:\\\/\\\/www.pondlehocky.com\\\/es\\\/campaign\\\/\"},{\"@type\":\"ListItem\",\"position\":3,\"name\":\"Los abogados de compensaci\u00f3n laboralde Allentown\"}]},{\"@type\":\"WebSite\",\"@id\":\"https:\\\/\\\/www.pondlehocky.com\\\/es\\\/#website\",\"url\":\"https:\\\/\\\/www.pondlehocky.com\\\/es\\\/\",\"name\":\"Pond Lehocky Giordano, Inc.\",\"description\":\"Largest workers\u2019 compensation and Social Security disability law firm in Pennsylvania\",\"publisher\":{\"@id\":\"https:\\\/\\\/www.pondlehocky.com\\\/es\\\/#organization\"},\"alternateName\":\"Pond Lehocky Giordano, Inc.\",\"potentialAction\":[{\"@type\":\"SearchAction\",\"target\":{\"@type\":\"EntryPoint\",\"urlTemplate\":\"https:\\\/\\\/www.pondlehocky.com\\\/es\\\/?s={search_term_string}\"},\"query-input\":{\"@type\":\"PropertyValueSpecification\",\"valueRequired\":true,\"valueName\":\"search_term_string\"}}],\"inLanguage\":\"es\"},{\"@type\":\"Organization\",\"@id\":\"https:\\\/\\\/www.pondlehocky.com\\\/es\\\/#organization\",\"name\":\"Pond Lehocky Giordano, Inc\",\"alternateName\":\"Pond Lehocky Giordano, Inc.\",\"url\":\"https:\\\/\\\/www.pondlehocky.com\\\/es\\\/\",\"logo\":{\"@type\":\"ImageObject\",\"inLanguage\":\"es\",\"@id\":\"https:\\\/\\\/www.pondlehocky.com\\\/es\\\/#\\\/schema\\\/logo\\\/image\\\/\",\"url\":\"https:\\\/\\\/www.pondlehocky.com\\\/wp-content\\\/uploads\\\/2024\\\/04\\\/pond-lehocky-logo.png\",\"contentUrl\":\"https:\\\/\\\/www.pondlehocky.com\\\/wp-content\\\/uploads\\\/2024\\\/04\\\/pond-lehocky-logo.png\",\"width\":355,\"height\":28,\"caption\":\"Pond Lehocky Giordano, Inc\"},\"image\":{\"@id\":\"https:\\\/\\\/www.pondlehocky.com\\\/es\\\/#\\\/schema\\\/logo\\\/image\\\/\"},\"sameAs\":[\"https:\\\/\\\/www.instagram.com\\\/pondlehocky\\\/\",\"https:\\\/\\\/www.youtube.com\\\/user\\\/pondlehocky\",\"https:\\\/\\\/www.tiktok.com\\\/@pondlehockygiordano\",\"https:\\\/\\\/www.facebook.com\\\/PondLehocky\",\"https:\\\/\\\/www.linkedin.com\\\/company\\\/pond-lehocky-giordano\\\/\"]}]}<\/script>\n<!-- \/ Yoast SEO Premium plugin. -->","yoast_head_json":{"title":"Abogados de accidentes de trabajo en Allentown | Pond Lehocky Giordano | Pond Lehocky Giordano LLP","description":"Con m\u00e1s de mil millones de d\u00f3lares recuperados para nuestros clientes, Pond Lehocky Giordano es el bufete de abogados de compensaci\u00f3n de trabajadores de Allentown que quieres que luche por ti","robots":{"index":"index","follow":"follow","max-snippet":"max-snippet:-1","max-image-preview":"max-image-preview:large","max-video-preview":"max-video-preview:-1"},"canonical":"https:\/\/www.pondlehocky.com\/es\/campaign\/pa-workers-compensation-allentown-landing-page\/","og_locale":"es_ES","og_type":"article","og_title":"Los abogados de compensaci\u00f3n laboralde Allentown","og_description":"Con m\u00e1s de mil millones de d\u00f3lares recuperados para nuestros clientes, Pond Lehocky Giordano es el bufete de abogados de compensaci\u00f3n de trabajadores de Allentown que quieres que luche por ti","og_url":"https:\/\/www.pondlehocky.com\/es\/campaign\/pa-workers-compensation-allentown-landing-page\/","og_site_name":"Pond Lehocky Giordano, Inc.","article_publisher":"https:\/\/www.instagram.com\/pondlehocky\/","article_modified_time":"2024-07-31T18:21:08+00:00","og_image":[{"width":1440,"height":600,"url":"https:\/\/www.pondlehocky.com\/wp-content\/uploads\/2024\/07\/bg-practice-area-block.png","type":"image\/png"}],"twitter_card":"summary_large_image","twitter_misc":{"Tiempo de lectura":"1 minuto"},"schema":{"@context":"https:\/\/schema.org","@graph":[{"@type":"WebPage","@id":"https:\/\/www.pondlehocky.com\/es\/campaign\/pa-workers-compensation-allentown-landing-page\/","url":"https:\/\/www.pondlehocky.com\/es\/campaign\/pa-workers-compensation-allentown-landing-page\/","name":"Abogados de accidentes de trabajo en Allentown | Pond Lehocky Giordano | Pond Lehocky Giordano LLP","isPartOf":{"@id":"https:\/\/www.pondlehocky.com\/es\/#website"},"primaryImageOfPage":{"@id":"https:\/\/www.pondlehocky.com\/es\/campaign\/pa-workers-compensation-allentown-landing-page\/#primaryimage"},"image":{"@id":"https:\/\/www.pondlehocky.com\/es\/campaign\/pa-workers-compensation-allentown-landing-page\/#primaryimage"},"thumbnailUrl":"https:\/\/www.pondlehocky.com\/wp-content\/uploads\/2024\/07\/bg-practice-area-block.png","datePublished":"2024-07-29T18:30:30+00:00","dateModified":"2024-07-31T18:21:08+00:00","description":"Con m\u00e1s de mil millones de d\u00f3lares recuperados para nuestros clientes, Pond Lehocky Giordano es el bufete de abogados de compensaci\u00f3n de trabajadores de Allentown que quieres que luche por ti","breadcrumb":{"@id":"https:\/\/www.pondlehocky.com\/es\/campaign\/pa-workers-compensation-allentown-landing-page\/#breadcrumb"},"inLanguage":"es","potentialAction":[{"@type":"ReadAction","target":["https:\/\/www.pondlehocky.com\/es\/campaign\/pa-workers-compensation-allentown-landing-page\/"]}]},{"@type":"ImageObject","inLanguage":"es","@id":"https:\/\/www.pondlehocky.com\/es\/campaign\/pa-workers-compensation-allentown-landing-page\/#primaryimage","url":"https:\/\/www.pondlehocky.com\/wp-content\/uploads\/2024\/07\/bg-practice-area-block.png","contentUrl":"https:\/\/www.pondlehocky.com\/wp-content\/uploads\/2024\/07\/bg-practice-area-block.png","width":1440,"height":600,"caption":"practice area background"},{"@type":"BreadcrumbList","@id":"https:\/\/www.pondlehocky.com\/es\/campaign\/pa-workers-compensation-allentown-landing-page\/#breadcrumb","itemListElement":[{"@type":"ListItem","position":1,"name":"Home","item":"https:\/\/www.pondlehocky.com\/es\/homepage\/"},{"@type":"ListItem","position":2,"name":"Campaign","item":"https:\/\/www.pondlehocky.com\/es\/campaign\/"},{"@type":"ListItem","position":3,"name":"Los abogados de compensaci\u00f3n laboralde Allentown"}]},{"@type":"WebSite","@id":"https:\/\/www.pondlehocky.com\/es\/#website","url":"https:\/\/www.pondlehocky.com\/es\/","name":"Pond Lehocky Giordano, Inc.","description":"Largest workers\u2019 compensation and Social Security disability law firm in Pennsylvania","publisher":{"@id":"https:\/\/www.pondlehocky.com\/es\/#organization"},"alternateName":"Pond Lehocky Giordano, Inc.","potentialAction":[{"@type":"SearchAction","target":{"@type":"EntryPoint","urlTemplate":"https:\/\/www.pondlehocky.com\/es\/?s={search_term_string}"},"query-input":{"@type":"PropertyValueSpecification","valueRequired":true,"valueName":"search_term_string"}}],"inLanguage":"es"},{"@type":"Organization","@id":"https:\/\/www.pondlehocky.com\/es\/#organization","name":"Pond Lehocky Giordano, Inc","alternateName":"Pond Lehocky Giordano, Inc.","url":"https:\/\/www.pondlehocky.com\/es\/","logo":{"@type":"ImageObject","inLanguage":"es","@id":"https:\/\/www.pondlehocky.com\/es\/#\/schema\/logo\/image\/","url":"https:\/\/www.pondlehocky.com\/wp-content\/uploads\/2024\/04\/pond-lehocky-logo.png","contentUrl":"https:\/\/www.pondlehocky.com\/wp-content\/uploads\/2024\/04\/pond-lehocky-logo.png","width":355,"height":28,"caption":"Pond Lehocky Giordano, Inc"},"image":{"@id":"https:\/\/www.pondlehocky.com\/es\/#\/schema\/logo\/image\/"},"sameAs":["https:\/\/www.instagram.com\/pondlehocky\/","https:\/\/www.youtube.com\/user\/pondlehocky","https:\/\/www.tiktok.com\/@pondlehockygiordano","https:\/\/www.facebook.com\/PondLehocky","https:\/\/www.linkedin.com\/company\/pond-lehocky-giordano\/"]}]}},"_links":{"self":[{"href":"https:\/\/www.pondlehocky.com\/es\/wp-json\/wp\/v2\/pages\/6447","targetHints":{"allow":["GET"]}}],"collection":[{"href":"https:\/\/www.pondlehocky.com\/es\/wp-json\/wp\/v2\/pages"}],"about":[{"href":"https:\/\/www.pondlehocky.com\/es\/wp-json\/wp\/v2\/types\/page"}],"author":[{"embeddable":true,"href":"https:\/\/www.pondlehocky.com\/es\/wp-json\/wp\/v2\/users\/4"}],"replies":[{"embeddable":true,"href":"https:\/\/www.pondlehocky.com\/es\/wp-json\/wp\/v2\/comments?post=6447"}],"version-history":[{"count":0,"href":"https:\/\/www.pondlehocky.com\/es\/wp-json\/wp\/v2\/pages\/6447\/revisions"}],"up":[{"embeddable":true,"href":"https:\/\/www.pondlehocky.com\/es\/wp-json\/wp\/v2\/pages\/6449"}],"wp:featuredmedia":[{"embeddable":true,"href":"https:\/\/www.pondlehocky.com\/es\/wp-json\/wp\/v2\/media\/6163"}],"wp:attachment":[{"href":"https:\/\/www.pondlehocky.com\/es\/wp-json\/wp\/v2\/media?parent=6447"}],"curies":[{"name":"wp","href":"https:\/\/api.w.org\/{rel}","templated":true}]}}