{"id":6502,"date":"2024-07-26T20:06:34","date_gmt":"2024-07-26T20:06:34","guid":{"rendered":"https:\/\/www.pondlehocky.com\/?page_id=6502"},"modified":"2024-07-31T18:37:50","modified_gmt":"2024-07-31T18:37:50","slug":"tx-auto-accidentes","status":"publish","type":"page","link":"https:\/\/www.pondlehocky.com\/es\/campaign\/tx-auto-accidentes\/","title":{"rendered":"El accidente de Texas Despacho de abogados"},"content":{"rendered":"    <section class=\"pl-block pl-raw-content mb-7 pl-t [&#038;.border-t-2]:pt-8  \">\n        <h5 class=\"p1\"><span class=\"ez-toc-section\" id=\"CUENTANOS_TU_HISTORIA\"><\/span>CU\u00c9NTANOS TU HISTORIA<span class=\"ez-toc-section-end\"><\/span><\/h5>\n<h2 class=\"p2\"><span class=\"ez-toc-section\" id=\"Aviso_para_Cualquier_persona_que_haya_sido_lesionada_en_un_accidente_automovilistico_en_Texas\"><\/span>Aviso para: Cualquier persona que haya sido lesionada en un accidente automovil\u00edstico en Texas.<span class=\"ez-toc-section-end\"><\/span><\/h2>\n<p class=\"p3\">Rellene el formulario para ver si tiene derecho agastos m\u00e9dicos, una indemnizaci\u00f3n a tanto alzado, salarios perdidos, da\u00f1os al veh\u00edculo y mucho m\u00e1s.<\/p>\n<p class=\"p3\">No se conforme con el seguro: p\u00f3ngase en contacto con nosotros primero. Como un galardonado bufete de abogados de lesiones, sabemos c\u00f3mo conseguir la compensaci\u00f3n que se merece.<\/p>\n    <\/section>\n\n\n\n    <section class=\"pl-block pl-raw-content mb-7 pl-t [&#038;.border-t-2]:pt-8 border-t-2 border-gray\/90 \">\n        <h2 class=\"p1\"><span class=\"ez-toc-section\" id=\"TX_AUTOMOVIL_Y_ACCIDENTES_DE_COCHE\"><\/span>TX AUTOM\u00d3VIL Y ACCIDENTES DE COCHE<span class=\"ez-toc-section-end\"><\/span><\/h2>\n<p class=\"p1\">Una colisi\u00f3n de tr\u00e1fico puede ser un acontecimiento que altere la vida. Cuando un veh\u00edculo colisiona con otro, con un peat\u00f3n, con un animal, con restos de la carretera o con un objeto inm\u00f3vil, los da\u00f1os resultantes pueden causar lesiones graves. Los traumatismos causados por un accidente de tr\u00e1fico pueden provocar roturas de huesos, cicatrices permanentes, par\u00e1lisis e incluso la muerte.<\/p>\n<p class=\"p1\">Incluso despu\u00e9s de recibir tratamiento m\u00e9dico, las personas implicadas en accidentes de tr\u00e1fico pueden sufrir un trauma psicol\u00f3gico, como el miedo a volver a conducir o montar en un veh\u00edculo de motor, lo que puede repercutir negativamente en su capacidad para trabajar y reanudar su vida como era antes del suceso.<\/p>\n<p class=\"p1\">Sin embargo, el transporte en un veh\u00edculo de motor es una parte necesaria y com\u00fan de la vida para la mayor\u00eda de las personas. Por lo tanto, tambi\u00e9n es una de las actividades m\u00e1s peligrosas que se realizan habitualmente.<\/p>\n    <\/section>\n\n\n\n    <section class=\"pl-block pl-raw-content mb-7 pl-t [&#038;.border-t-2]:pt-8 border-t-2 border-gray\/90 \">\n        <h2 class=\"p1\"><span class=\"ez-toc-section\" id=\"LEYES_DE_TEXAS_SOBRE_ACCIDENTES_DE_TRAFICO\"><\/span>LEYES DE TEXAS SOBRE ACCIDENTES DE TR\u00c1FICO<span class=\"ez-toc-section-end\"><\/span><\/h2>\n<p class=\"p1\">El estado de Texas es uno de los pocos que permite a los conductores con permiso de conducir elegir entre un seguro sin culpa o un seguro de autom\u00f3vil tradicional.<\/p>\n<p class=\"p1\"><b>Seguro de responsabilidad civil<\/b><br \/>\nEl conductor que resulte responsable del suceso deber\u00e1 pagar los da\u00f1os que haya causado a trav\u00e9s de su compa\u00f1\u00eda de seguros.<\/p>\n<p class=\"p1\"><b>Seguro sin culpa<\/b><br \/>\nSi sufre lesiones en un accidente de tr\u00e1fico en Texas, puede reclamar una indemnizaci\u00f3n a la parte culpable. Si tienes una cobertura que se aplica a tus propios gastos, como colisi\u00f3n y todo riesgo, puedes presentar una reclamaci\u00f3n a tu propia compa\u00f1\u00eda de seguros. Su aseguradora puede entonces recuperar el coste de la aseguradora del conductor culpable.<\/p>\n<p class=\"p1\">Para determinar qui\u00e9n tiene la culpa y en qu\u00e9 medida, se utiliza un\u00a0<b>criterio de negligencia<\/b>. La negligencia es un t\u00e9rmino jur\u00eddico que designa el hecho de no haber tenido un cuidado razonable dadas las circunstancias. Todos los estados establecen normas de circulaci\u00f3n (por ejemplo, l\u00edmites de velocidad, prohibici\u00f3n de enviar mensajes de texto mientras se conduce y prohibici\u00f3n de conducir en estado de embriaguez), y el incumplimiento de esas normas crea una presunci\u00f3n de negligencia.<\/p>\n<p class=\"p1\">Texas utiliza un sistema de negligencia comparativa modificado para los casos de lesiones personales. Esto significa que un demandante puede reclamar da\u00f1os y perjuicios si tiene un 50% o menos de culpa en un accidente. Si el demandante tiene m\u00e1s del 50% de culpa, no puede reclamar da\u00f1os y perjuicios.<br \/>\nEl tribunal reducir\u00e1 la cuant\u00eda de la indemnizaci\u00f3n en funci\u00f3n del porcentaje de culpa que comparta el demandante. Por ejemplo, si a un demandante se le conceden 20.000 d\u00f3lares por da\u00f1os y perjuicios y tiene un 40% de culpa, el tribunal podr\u00eda reducir la indemnizaci\u00f3n en un 40% u 8.000 d\u00f3lares.<\/p>\n<p class=\"p1\">Si una persona fallece en un accidente de autom\u00f3vil, su familia puede presentar una demanda por homicidio culposo en su nombre y se pueden conceder da\u00f1os y perjuicios para compensar su p\u00e9rdida.<\/p>\n<p class=\"p1\">El plazo de prescripci\u00f3n para presentar una demanda relacionada con un accidente de tr\u00e1fico es de dos a\u00f1os a partir de la fecha del accidente. Esto incluye demandas por lesiones personales o da\u00f1os materiales. El periodo de dos a\u00f1os comienza en la fecha de la lesi\u00f3n, independientemente del tipo de incidente.<\/p>\n    <\/section>\n\n\n\n    <section class=\"pl-block pl-raw-content mb-7 pl-t [&#038;.border-t-2]:pt-8  \">\n            <\/section>\n\n","protected":false},"excerpt":{"rendered":"","protected":false},"author":1,"featured_media":6496,"parent":6449,"menu_order":8,"comment_status":"closed","ping_status":"closed","template":"templates\/template-campaign.php","meta":{"_acf_changed":true,"footnotes":"","_elementor_data":""},"class_list":["post-6502","page","type-page","status-publish","has-post-thumbnail","hentry"],"acf":[],"page_builder_type":"gutenberg","gutenberg_data":[],"yoast_head":"<!-- This site is optimized with the Yoast SEO Premium plugin v27.5 (Yoast SEO v27.5) - https:\/\/yoast.com\/product\/yoast-seo-premium-wordpress\/ -->\n<title>Accidentes de tr\u00e1fico en Texas | Pond Lehocky Giordano LLP<\/title>\n<meta name=\"description\" content=\"Los residentes de Texas que han sido heridos en un accidente de auto deben ponerse en contacto con Pond Lehocky Giordano para una revisi\u00f3n gratuita de su caso\" \/>\n<meta name=\"robots\" content=\"index, follow, max-snippet:-1, max-image-preview:large, max-video-preview:-1\" \/>\n<link rel=\"canonical\" href=\"https:\/\/www.pondlehocky.com\/es\/campaign\/tx-auto-accidentes\/\" \/>\n<meta property=\"og:locale\" content=\"es_ES\" \/>\n<meta property=\"og:type\" content=\"article\" \/>\n<meta property=\"og:title\" content=\"El accidente de Texas Despacho de abogados\" \/>\n<meta property=\"og:description\" content=\"Los residentes de Texas que han sido heridos en un accidente de auto deben ponerse en contacto con Pond Lehocky Giordano para una revisi\u00f3n gratuita de su caso\" \/>\n<meta property=\"og:url\" content=\"https:\/\/www.pondlehocky.com\/es\/campaign\/tx-auto-accidentes\/\" \/>\n<meta property=\"og:site_name\" content=\"Pond Lehocky Giordano, Inc.\" \/>\n<meta property=\"article:publisher\" content=\"https:\/\/www.instagram.com\/pondlehocky\/\" \/>\n<meta property=\"article:modified_time\" content=\"2024-07-31T18:37:50+00:00\" \/>\n<meta property=\"og:image\" content=\"https:\/\/www.pondlehocky.com\/wp-content\/uploads\/2024\/07\/catastrophic-injury-bg.jpg\" \/>\n\t<meta property=\"og:image:width\" content=\"1440\" \/>\n\t<meta property=\"og:image:height\" content=\"405\" \/>\n\t<meta property=\"og:image:type\" content=\"image\/jpeg\" \/>\n<meta name=\"twitter:card\" content=\"summary_large_image\" \/>\n<meta name=\"twitter:label1\" content=\"Tiempo de lectura\" \/>\n\t<meta name=\"twitter:data1\" content=\"1 minuto\" \/>\n<script type=\"application\/ld+json\" class=\"yoast-schema-graph\">{\"@context\":\"https:\\\/\\\/schema.org\",\"@graph\":[{\"@type\":\"WebPage\",\"@id\":\"https:\\\/\\\/www.pondlehocky.com\\\/es\\\/campaign\\\/tx-auto-accidentes\\\/\",\"url\":\"https:\\\/\\\/www.pondlehocky.com\\\/es\\\/campaign\\\/tx-auto-accidentes\\\/\",\"name\":\"Accidentes de tr\u00e1fico en Texas | Pond Lehocky Giordano LLP\",\"isPartOf\":{\"@id\":\"https:\\\/\\\/www.pondlehocky.com\\\/es\\\/#website\"},\"primaryImageOfPage\":{\"@id\":\"https:\\\/\\\/www.pondlehocky.com\\\/es\\\/campaign\\\/tx-auto-accidentes\\\/#primaryimage\"},\"image\":{\"@id\":\"https:\\\/\\\/www.pondlehocky.com\\\/es\\\/campaign\\\/tx-auto-accidentes\\\/#primaryimage\"},\"thumbnailUrl\":\"https:\\\/\\\/www.pondlehocky.com\\\/wp-content\\\/uploads\\\/2024\\\/07\\\/catastrophic-injury-bg.jpg\",\"datePublished\":\"2024-07-26T20:06:34+00:00\",\"dateModified\":\"2024-07-31T18:37:50+00:00\",\"description\":\"Los residentes de Texas que han sido heridos en un accidente de auto deben ponerse en contacto con Pond Lehocky Giordano para una revisi\u00f3n gratuita de su caso\",\"breadcrumb\":{\"@id\":\"https:\\\/\\\/www.pondlehocky.com\\\/es\\\/campaign\\\/tx-auto-accidentes\\\/#breadcrumb\"},\"inLanguage\":\"es\",\"potentialAction\":[{\"@type\":\"ReadAction\",\"target\":[\"https:\\\/\\\/www.pondlehocky.com\\\/es\\\/campaign\\\/tx-auto-accidentes\\\/\"]}]},{\"@type\":\"ImageObject\",\"inLanguage\":\"es\",\"@id\":\"https:\\\/\\\/www.pondlehocky.com\\\/es\\\/campaign\\\/tx-auto-accidentes\\\/#primaryimage\",\"url\":\"https:\\\/\\\/www.pondlehocky.com\\\/wp-content\\\/uploads\\\/2024\\\/07\\\/catastrophic-injury-bg.jpg\",\"contentUrl\":\"https:\\\/\\\/www.pondlehocky.com\\\/wp-content\\\/uploads\\\/2024\\\/07\\\/catastrophic-injury-bg.jpg\",\"width\":1440,\"height\":405,\"caption\":\"car totaled after crash\"},{\"@type\":\"BreadcrumbList\",\"@id\":\"https:\\\/\\\/www.pondlehocky.com\\\/es\\\/campaign\\\/tx-auto-accidentes\\\/#breadcrumb\",\"itemListElement\":[{\"@type\":\"ListItem\",\"position\":1,\"name\":\"Home\",\"item\":\"https:\\\/\\\/www.pondlehocky.com\\\/es\\\/homepage\\\/\"},{\"@type\":\"ListItem\",\"position\":2,\"name\":\"Campaign\",\"item\":\"https:\\\/\\\/www.pondlehocky.com\\\/es\\\/campaign\\\/\"},{\"@type\":\"ListItem\",\"position\":3,\"name\":\"El accidente de Texas Despacho de abogados\"}]},{\"@type\":\"WebSite\",\"@id\":\"https:\\\/\\\/www.pondlehocky.com\\\/es\\\/#website\",\"url\":\"https:\\\/\\\/www.pondlehocky.com\\\/es\\\/\",\"name\":\"Pond Lehocky Giordano, Inc.\",\"description\":\"Largest workers\u2019 compensation and Social Security disability law firm in Pennsylvania\",\"publisher\":{\"@id\":\"https:\\\/\\\/www.pondlehocky.com\\\/es\\\/#organization\"},\"alternateName\":\"Pond Lehocky Giordano, Inc.\",\"potentialAction\":[{\"@type\":\"SearchAction\",\"target\":{\"@type\":\"EntryPoint\",\"urlTemplate\":\"https:\\\/\\\/www.pondlehocky.com\\\/es\\\/?s={search_term_string}\"},\"query-input\":{\"@type\":\"PropertyValueSpecification\",\"valueRequired\":true,\"valueName\":\"search_term_string\"}}],\"inLanguage\":\"es\"},{\"@type\":\"Organization\",\"@id\":\"https:\\\/\\\/www.pondlehocky.com\\\/es\\\/#organization\",\"name\":\"Pond Lehocky Giordano, Inc\",\"alternateName\":\"Pond Lehocky Giordano, Inc.\",\"url\":\"https:\\\/\\\/www.pondlehocky.com\\\/es\\\/\",\"logo\":{\"@type\":\"ImageObject\",\"inLanguage\":\"es\",\"@id\":\"https:\\\/\\\/www.pondlehocky.com\\\/es\\\/#\\\/schema\\\/logo\\\/image\\\/\",\"url\":\"https:\\\/\\\/www.pondlehocky.com\\\/wp-content\\\/uploads\\\/2024\\\/04\\\/pond-lehocky-logo.png\",\"contentUrl\":\"https:\\\/\\\/www.pondlehocky.com\\\/wp-content\\\/uploads\\\/2024\\\/04\\\/pond-lehocky-logo.png\",\"width\":355,\"height\":28,\"caption\":\"Pond Lehocky Giordano, Inc\"},\"image\":{\"@id\":\"https:\\\/\\\/www.pondlehocky.com\\\/es\\\/#\\\/schema\\\/logo\\\/image\\\/\"},\"sameAs\":[\"https:\\\/\\\/www.instagram.com\\\/pondlehocky\\\/\",\"https:\\\/\\\/www.youtube.com\\\/user\\\/pondlehocky\",\"https:\\\/\\\/www.tiktok.com\\\/@pondlehockygiordano\",\"https:\\\/\\\/www.facebook.com\\\/PondLehocky\",\"https:\\\/\\\/www.linkedin.com\\\/company\\\/pond-lehocky-giordano\\\/\"]}]}<\/script>\n<!-- \/ Yoast SEO Premium plugin. -->","yoast_head_json":{"title":"Accidentes de tr\u00e1fico en Texas | Pond Lehocky Giordano LLP","description":"Los residentes de Texas que han sido heridos en un accidente de auto deben ponerse en contacto con Pond Lehocky Giordano para una revisi\u00f3n gratuita de su caso","robots":{"index":"index","follow":"follow","max-snippet":"max-snippet:-1","max-image-preview":"max-image-preview:large","max-video-preview":"max-video-preview:-1"},"canonical":"https:\/\/www.pondlehocky.com\/es\/campaign\/tx-auto-accidentes\/","og_locale":"es_ES","og_type":"article","og_title":"El accidente de Texas Despacho de abogados","og_description":"Los residentes de Texas que han sido heridos en un accidente de auto deben ponerse en contacto con Pond Lehocky Giordano para una revisi\u00f3n gratuita de su caso","og_url":"https:\/\/www.pondlehocky.com\/es\/campaign\/tx-auto-accidentes\/","og_site_name":"Pond Lehocky Giordano, Inc.","article_publisher":"https:\/\/www.instagram.com\/pondlehocky\/","article_modified_time":"2024-07-31T18:37:50+00:00","og_image":[{"width":1440,"height":405,"url":"https:\/\/www.pondlehocky.com\/wp-content\/uploads\/2024\/07\/catastrophic-injury-bg.jpg","type":"image\/jpeg"}],"twitter_card":"summary_large_image","twitter_misc":{"Tiempo de lectura":"1 minuto"},"schema":{"@context":"https:\/\/schema.org","@graph":[{"@type":"WebPage","@id":"https:\/\/www.pondlehocky.com\/es\/campaign\/tx-auto-accidentes\/","url":"https:\/\/www.pondlehocky.com\/es\/campaign\/tx-auto-accidentes\/","name":"Accidentes de tr\u00e1fico en Texas | Pond Lehocky Giordano LLP","isPartOf":{"@id":"https:\/\/www.pondlehocky.com\/es\/#website"},"primaryImageOfPage":{"@id":"https:\/\/www.pondlehocky.com\/es\/campaign\/tx-auto-accidentes\/#primaryimage"},"image":{"@id":"https:\/\/www.pondlehocky.com\/es\/campaign\/tx-auto-accidentes\/#primaryimage"},"thumbnailUrl":"https:\/\/www.pondlehocky.com\/wp-content\/uploads\/2024\/07\/catastrophic-injury-bg.jpg","datePublished":"2024-07-26T20:06:34+00:00","dateModified":"2024-07-31T18:37:50+00:00","description":"Los residentes de Texas que han sido heridos en un accidente de auto deben ponerse en contacto con Pond Lehocky Giordano para una revisi\u00f3n gratuita de su caso","breadcrumb":{"@id":"https:\/\/www.pondlehocky.com\/es\/campaign\/tx-auto-accidentes\/#breadcrumb"},"inLanguage":"es","potentialAction":[{"@type":"ReadAction","target":["https:\/\/www.pondlehocky.com\/es\/campaign\/tx-auto-accidentes\/"]}]},{"@type":"ImageObject","inLanguage":"es","@id":"https:\/\/www.pondlehocky.com\/es\/campaign\/tx-auto-accidentes\/#primaryimage","url":"https:\/\/www.pondlehocky.com\/wp-content\/uploads\/2024\/07\/catastrophic-injury-bg.jpg","contentUrl":"https:\/\/www.pondlehocky.com\/wp-content\/uploads\/2024\/07\/catastrophic-injury-bg.jpg","width":1440,"height":405,"caption":"car totaled after crash"},{"@type":"BreadcrumbList","@id":"https:\/\/www.pondlehocky.com\/es\/campaign\/tx-auto-accidentes\/#breadcrumb","itemListElement":[{"@type":"ListItem","position":1,"name":"Home","item":"https:\/\/www.pondlehocky.com\/es\/homepage\/"},{"@type":"ListItem","position":2,"name":"Campaign","item":"https:\/\/www.pondlehocky.com\/es\/campaign\/"},{"@type":"ListItem","position":3,"name":"El accidente de Texas Despacho de abogados"}]},{"@type":"WebSite","@id":"https:\/\/www.pondlehocky.com\/es\/#website","url":"https:\/\/www.pondlehocky.com\/es\/","name":"Pond Lehocky Giordano, Inc.","description":"Largest workers\u2019 compensation and Social Security disability law firm in Pennsylvania","publisher":{"@id":"https:\/\/www.pondlehocky.com\/es\/#organization"},"alternateName":"Pond Lehocky Giordano, Inc.","potentialAction":[{"@type":"SearchAction","target":{"@type":"EntryPoint","urlTemplate":"https:\/\/www.pondlehocky.com\/es\/?s={search_term_string}"},"query-input":{"@type":"PropertyValueSpecification","valueRequired":true,"valueName":"search_term_string"}}],"inLanguage":"es"},{"@type":"Organization","@id":"https:\/\/www.pondlehocky.com\/es\/#organization","name":"Pond Lehocky Giordano, Inc","alternateName":"Pond Lehocky Giordano, Inc.","url":"https:\/\/www.pondlehocky.com\/es\/","logo":{"@type":"ImageObject","inLanguage":"es","@id":"https:\/\/www.pondlehocky.com\/es\/#\/schema\/logo\/image\/","url":"https:\/\/www.pondlehocky.com\/wp-content\/uploads\/2024\/04\/pond-lehocky-logo.png","contentUrl":"https:\/\/www.pondlehocky.com\/wp-content\/uploads\/2024\/04\/pond-lehocky-logo.png","width":355,"height":28,"caption":"Pond Lehocky Giordano, Inc"},"image":{"@id":"https:\/\/www.pondlehocky.com\/es\/#\/schema\/logo\/image\/"},"sameAs":["https:\/\/www.instagram.com\/pondlehocky\/","https:\/\/www.youtube.com\/user\/pondlehocky","https:\/\/www.tiktok.com\/@pondlehockygiordano","https:\/\/www.facebook.com\/PondLehocky","https:\/\/www.linkedin.com\/company\/pond-lehocky-giordano\/"]}]}},"_links":{"self":[{"href":"https:\/\/www.pondlehocky.com\/es\/wp-json\/wp\/v2\/pages\/6502","targetHints":{"allow":["GET"]}}],"collection":[{"href":"https:\/\/www.pondlehocky.com\/es\/wp-json\/wp\/v2\/pages"}],"about":[{"href":"https:\/\/www.pondlehocky.com\/es\/wp-json\/wp\/v2\/types\/page"}],"author":[{"embeddable":true,"href":"https:\/\/www.pondlehocky.com\/es\/wp-json\/wp\/v2\/users\/1"}],"replies":[{"embeddable":true,"href":"https:\/\/www.pondlehocky.com\/es\/wp-json\/wp\/v2\/comments?post=6502"}],"version-history":[{"count":0,"href":"https:\/\/www.pondlehocky.com\/es\/wp-json\/wp\/v2\/pages\/6502\/revisions"}],"up":[{"embeddable":true,"href":"https:\/\/www.pondlehocky.com\/es\/wp-json\/wp\/v2\/pages\/6449"}],"wp:featuredmedia":[{"embeddable":true,"href":"https:\/\/www.pondlehocky.com\/es\/wp-json\/wp\/v2\/media\/6496"}],"wp:attachment":[{"href":"https:\/\/www.pondlehocky.com\/es\/wp-json\/wp\/v2\/media?parent=6502"}],"curies":[{"name":"wp","href":"https:\/\/api.w.org\/{rel}","templated":true}]}}