{"id":6510,"date":"2024-07-29T04:08:04","date_gmt":"2024-07-29T04:08:04","guid":{"rendered":"https:\/\/www.pondlehocky.com\/?page_id=6510"},"modified":"2024-07-31T18:49:46","modified_gmt":"2024-07-31T18:49:46","slug":"lesiones-por-esclerosis-multiple","status":"publish","type":"page","link":"https:\/\/www.pondlehocky.com\/es\/campaign\/lesiones-por-esclerosis-multiple\/","title":{"rendered":"El accidente de la esclerosis m\u00faltiple Despacho de abogados"},"content":{"rendered":"    <section class=\"pl-block pl-raw-content mb-7 pl-t [&#038;.border-t-2]:pt-8  \">\n        <h5 class=\"p1\"><span class=\"ez-toc-section\" id=\"CUENTANOS_TU_HISTORIA\"><\/span>CU\u00c9NTANOS TU HISTORIA<span class=\"ez-toc-section-end\"><\/span><\/h5>\n<h2 class=\"p1\"><span class=\"ez-toc-section\" id=\"Aviso_para_Cualquier_persona_que_haya_sufrido_lesiones_en_un_accidente\"><\/span>Aviso para: Cualquier persona que haya sufrido lesiones en un accidente.<span class=\"ez-toc-section-end\"><\/span><\/h2>\n<p class=\"p1\">Rellene el formulario para ver si tiene derecho a salarios perdidos, gastos m\u00e9dicos, prestaciones para cubrir una p\u00e9rdida espec\u00edfica (como un miembro), pago por desfiguraci\u00f3n grave o cicatrices, o cobertura para participar en programas de rehabilitaci\u00f3n f\u00edsica o profesional.<\/p>\n    <\/section>\n\n\n\n    <section class=\"pl-block pl-raw-content mb-7 pl-t [&#038;.border-t-2]:pt-8  \">\n        <h2 class=\"p1\"><span class=\"ez-toc-section\" id=\"DANOS_CORPORALES\"><\/span>DA\u00d1OS CORPORALES<span class=\"ez-toc-section-end\"><\/span><\/h2>\n<p class=\"p1\">Toda persona tiene el deber de actuar razonablemente y no poner a otros en peligro comport\u00e1ndose de forma negligente o imprudente dadas las circunstancias en que se encuentra. Cuando alguien incumple esa obligaci\u00f3n y sus actos causan un da\u00f1o f\u00edsico o emocional a otra persona, la v\u00edctima puede tener derecho a una indemnizaci\u00f3n econ\u00f3mica por los perjuicios sufridos.<\/p>\n<p class=\"p1\">Las lesiones m\u00e1s graves -como un traumatismo craneoencef\u00e1lico, la p\u00e9rdida de un miembro o una desfiguraci\u00f3n grave- exigen la indemnizaci\u00f3n m\u00e1s importante porque pueden provocar un dolor intenso y duradero y una reducci\u00f3n de la calidad de vida.<\/p>\n    <\/section>\n\n\n\n    <section class=\"pl-block pl-raw-content mb-7 pl-t [&#038;.border-t-2]:pt-8 border-t-2 border-gray\/90 \">\n        <h2 class=\"p1\"><span class=\"ez-toc-section\" id=\"TIPOS_COMUNES_DE_CASOS_DE_LESIONES_PERSONALES\"><\/span>TIPOS COMUNES DE CASOS DE LESIONES PERSONALES<span class=\"ez-toc-section-end\"><\/span><\/h2>\n<ul class=\"ul1\">\n<li class=\"li2\">Productos industriales y de consumo defectuosos (productos dom\u00e9sticos, maquinaria)<\/li>\n<li class=\"li2\">Productos m\u00e9dicos defectuosos (dispositivos m\u00e9dicos, medicamentos)<\/li>\n<li class=\"li2\">Intoxicaci\u00f3n alimentaria<\/li>\n<li class=\"li2\">Heridas por arma de fuego<\/li>\n<li class=\"li2\">Negligencia m\u00e9dica (lesiones en el parto, errores de diagn\u00f3stico)<\/li>\n<li class=\"li2\">Incidentes en el transporte p\u00fablico<\/li>\n<li class=\"li2\">Accidentes por resbalones y ca\u00eddas<\/li>\n<li class=\"li2\">Concusiones deportivas<\/li>\n<li class=\"li2\">Accidentes en parques tem\u00e1ticos<\/li>\n<li class=\"li2\">Exposici\u00f3n t\u00f3xica (contaminantes ambientales)<\/li>\n<li class=\"li2\">Accidentes de tr\u00e1fico (coches, camiones, motos)<\/li>\n<li class=\"li2\">Lesiones en el lugar de trabajo<\/li>\n<\/ul>\n    <\/section>\n\n","protected":false},"excerpt":{"rendered":"","protected":false},"author":4,"featured_media":6163,"parent":6449,"menu_order":13,"comment_status":"closed","ping_status":"closed","template":"templates\/template-campaign.php","meta":{"_acf_changed":true,"footnotes":"","_elementor_data":""},"class_list":["post-6510","page","type-page","status-publish","has-post-thumbnail","hentry"],"acf":[],"page_builder_type":"gutenberg","gutenberg_data":[],"yoast_head":"<!-- This site is optimized with the Yoast SEO Premium plugin v27.3 (Yoast SEO v27.3) - https:\/\/yoast.com\/product\/yoast-seo-premium-wordpress\/ -->\n<title>Mississippi Abogados de Lesiones Personales | Presentar una reclamaci\u00f3n gratuita | Pond Lehocky Giordano LLP<\/title>\n<meta name=\"description\" content=\"Si usted ha sido lesionado y requiere orientaci\u00f3n legal, p\u00f3ngase en contacto con Pond Lehocky Giordano para una consulta gratuita para averiguar si usted tiene derecho a una indemnizaci\u00f3n\" \/>\n<meta name=\"robots\" content=\"index, follow, max-snippet:-1, max-image-preview:large, max-video-preview:-1\" \/>\n<link rel=\"canonical\" href=\"https:\/\/www.pondlehocky.com\/es\/campaign\/lesiones-por-esclerosis-multiple\/\" \/>\n<meta property=\"og:locale\" content=\"es_ES\" \/>\n<meta property=\"og:type\" content=\"article\" \/>\n<meta property=\"og:title\" content=\"El accidente de la esclerosis m\u00faltiple Despacho de abogados\" \/>\n<meta property=\"og:description\" content=\"Si usted ha sido lesionado y requiere orientaci\u00f3n legal, p\u00f3ngase en contacto con Pond Lehocky Giordano para una consulta gratuita para averiguar si usted tiene derecho a una indemnizaci\u00f3n\" \/>\n<meta property=\"og:url\" content=\"https:\/\/www.pondlehocky.com\/es\/campaign\/lesiones-por-esclerosis-multiple\/\" \/>\n<meta property=\"og:site_name\" content=\"Pond Lehocky Giordano, Inc.\" \/>\n<meta property=\"article:publisher\" content=\"https:\/\/www.instagram.com\/pondlehocky\/\" \/>\n<meta property=\"article:modified_time\" content=\"2024-07-31T18:49:46+00:00\" \/>\n<meta property=\"og:image\" content=\"https:\/\/www.pondlehocky.com\/wp-content\/uploads\/2024\/07\/bg-practice-area-block.png\" \/>\n\t<meta property=\"og:image:width\" content=\"1440\" \/>\n\t<meta property=\"og:image:height\" content=\"600\" \/>\n\t<meta property=\"og:image:type\" content=\"image\/png\" \/>\n<meta name=\"twitter:card\" content=\"summary_large_image\" \/>\n<meta name=\"twitter:label1\" content=\"Tiempo de lectura\" \/>\n\t<meta name=\"twitter:data1\" content=\"1 minuto\" \/>\n<script type=\"application\/ld+json\" class=\"yoast-schema-graph\">{\"@context\":\"https:\\\/\\\/schema.org\",\"@graph\":[{\"@type\":\"WebPage\",\"@id\":\"https:\\\/\\\/www.pondlehocky.com\\\/es\\\/campaign\\\/lesiones-por-esclerosis-multiple\\\/\",\"url\":\"https:\\\/\\\/www.pondlehocky.com\\\/es\\\/campaign\\\/lesiones-por-esclerosis-multiple\\\/\",\"name\":\"Mississippi Abogados de Lesiones Personales | Presentar una reclamaci\u00f3n gratuita | Pond Lehocky Giordano LLP\",\"isPartOf\":{\"@id\":\"https:\\\/\\\/www.pondlehocky.com\\\/es\\\/#website\"},\"primaryImageOfPage\":{\"@id\":\"https:\\\/\\\/www.pondlehocky.com\\\/es\\\/campaign\\\/lesiones-por-esclerosis-multiple\\\/#primaryimage\"},\"image\":{\"@id\":\"https:\\\/\\\/www.pondlehocky.com\\\/es\\\/campaign\\\/lesiones-por-esclerosis-multiple\\\/#primaryimage\"},\"thumbnailUrl\":\"https:\\\/\\\/www.pondlehocky.com\\\/wp-content\\\/uploads\\\/2024\\\/07\\\/bg-practice-area-block.png\",\"datePublished\":\"2024-07-29T04:08:04+00:00\",\"dateModified\":\"2024-07-31T18:49:46+00:00\",\"description\":\"Si usted ha sido lesionado y requiere orientaci\u00f3n legal, p\u00f3ngase en contacto con Pond Lehocky Giordano para una consulta gratuita para averiguar si usted tiene derecho a una indemnizaci\u00f3n\",\"breadcrumb\":{\"@id\":\"https:\\\/\\\/www.pondlehocky.com\\\/es\\\/campaign\\\/lesiones-por-esclerosis-multiple\\\/#breadcrumb\"},\"inLanguage\":\"es\",\"potentialAction\":[{\"@type\":\"ReadAction\",\"target\":[\"https:\\\/\\\/www.pondlehocky.com\\\/es\\\/campaign\\\/lesiones-por-esclerosis-multiple\\\/\"]}]},{\"@type\":\"ImageObject\",\"inLanguage\":\"es\",\"@id\":\"https:\\\/\\\/www.pondlehocky.com\\\/es\\\/campaign\\\/lesiones-por-esclerosis-multiple\\\/#primaryimage\",\"url\":\"https:\\\/\\\/www.pondlehocky.com\\\/wp-content\\\/uploads\\\/2024\\\/07\\\/bg-practice-area-block.png\",\"contentUrl\":\"https:\\\/\\\/www.pondlehocky.com\\\/wp-content\\\/uploads\\\/2024\\\/07\\\/bg-practice-area-block.png\",\"width\":1440,\"height\":600,\"caption\":\"practice area background\"},{\"@type\":\"BreadcrumbList\",\"@id\":\"https:\\\/\\\/www.pondlehocky.com\\\/es\\\/campaign\\\/lesiones-por-esclerosis-multiple\\\/#breadcrumb\",\"itemListElement\":[{\"@type\":\"ListItem\",\"position\":1,\"name\":\"Home\",\"item\":\"https:\\\/\\\/www.pondlehocky.com\\\/es\\\/homepage\\\/\"},{\"@type\":\"ListItem\",\"position\":2,\"name\":\"Campaign\",\"item\":\"https:\\\/\\\/www.pondlehocky.com\\\/es\\\/campaign\\\/\"},{\"@type\":\"ListItem\",\"position\":3,\"name\":\"El accidente de la esclerosis m\u00faltiple Despacho de abogados\"}]},{\"@type\":\"WebSite\",\"@id\":\"https:\\\/\\\/www.pondlehocky.com\\\/es\\\/#website\",\"url\":\"https:\\\/\\\/www.pondlehocky.com\\\/es\\\/\",\"name\":\"Pond Lehocky Giordano, Inc.\",\"description\":\"Largest workers\u2019 compensation and Social Security disability law firm in Pennsylvania\",\"publisher\":{\"@id\":\"https:\\\/\\\/www.pondlehocky.com\\\/es\\\/#organization\"},\"alternateName\":\"Pond Lehocky Giordano, Inc.\",\"potentialAction\":[{\"@type\":\"SearchAction\",\"target\":{\"@type\":\"EntryPoint\",\"urlTemplate\":\"https:\\\/\\\/www.pondlehocky.com\\\/es\\\/?s={search_term_string}\"},\"query-input\":{\"@type\":\"PropertyValueSpecification\",\"valueRequired\":true,\"valueName\":\"search_term_string\"}}],\"inLanguage\":\"es\"},{\"@type\":\"Organization\",\"@id\":\"https:\\\/\\\/www.pondlehocky.com\\\/es\\\/#organization\",\"name\":\"Pond Lehocky Giordano, Inc\",\"alternateName\":\"Pond Lehocky Giordano, Inc.\",\"url\":\"https:\\\/\\\/www.pondlehocky.com\\\/es\\\/\",\"logo\":{\"@type\":\"ImageObject\",\"inLanguage\":\"es\",\"@id\":\"https:\\\/\\\/www.pondlehocky.com\\\/es\\\/#\\\/schema\\\/logo\\\/image\\\/\",\"url\":\"https:\\\/\\\/www.pondlehocky.com\\\/wp-content\\\/uploads\\\/2024\\\/04\\\/pond-lehocky-logo.png\",\"contentUrl\":\"https:\\\/\\\/www.pondlehocky.com\\\/wp-content\\\/uploads\\\/2024\\\/04\\\/pond-lehocky-logo.png\",\"width\":355,\"height\":28,\"caption\":\"Pond Lehocky Giordano, Inc\"},\"image\":{\"@id\":\"https:\\\/\\\/www.pondlehocky.com\\\/es\\\/#\\\/schema\\\/logo\\\/image\\\/\"},\"sameAs\":[\"https:\\\/\\\/www.instagram.com\\\/pondlehocky\\\/\",\"https:\\\/\\\/www.youtube.com\\\/user\\\/pondlehocky\",\"https:\\\/\\\/www.tiktok.com\\\/@pondlehockygiordano\",\"https:\\\/\\\/www.facebook.com\\\/PondLehocky\",\"https:\\\/\\\/www.linkedin.com\\\/company\\\/pond-lehocky-giordano\\\/\"]}]}<\/script>\n<!-- \/ Yoast SEO Premium plugin. -->","yoast_head_json":{"title":"Mississippi Abogados de Lesiones Personales | Presentar una reclamaci\u00f3n gratuita | Pond Lehocky Giordano LLP","description":"Si usted ha sido lesionado y requiere orientaci\u00f3n legal, p\u00f3ngase en contacto con Pond Lehocky Giordano para una consulta gratuita para averiguar si usted tiene derecho a una indemnizaci\u00f3n","robots":{"index":"index","follow":"follow","max-snippet":"max-snippet:-1","max-image-preview":"max-image-preview:large","max-video-preview":"max-video-preview:-1"},"canonical":"https:\/\/www.pondlehocky.com\/es\/campaign\/lesiones-por-esclerosis-multiple\/","og_locale":"es_ES","og_type":"article","og_title":"El accidente de la esclerosis m\u00faltiple Despacho de abogados","og_description":"Si usted ha sido lesionado y requiere orientaci\u00f3n legal, p\u00f3ngase en contacto con Pond Lehocky Giordano para una consulta gratuita para averiguar si usted tiene derecho a una indemnizaci\u00f3n","og_url":"https:\/\/www.pondlehocky.com\/es\/campaign\/lesiones-por-esclerosis-multiple\/","og_site_name":"Pond Lehocky Giordano, Inc.","article_publisher":"https:\/\/www.instagram.com\/pondlehocky\/","article_modified_time":"2024-07-31T18:49:46+00:00","og_image":[{"width":1440,"height":600,"url":"https:\/\/www.pondlehocky.com\/wp-content\/uploads\/2024\/07\/bg-practice-area-block.png","type":"image\/png"}],"twitter_card":"summary_large_image","twitter_misc":{"Tiempo de lectura":"1 minuto"},"schema":{"@context":"https:\/\/schema.org","@graph":[{"@type":"WebPage","@id":"https:\/\/www.pondlehocky.com\/es\/campaign\/lesiones-por-esclerosis-multiple\/","url":"https:\/\/www.pondlehocky.com\/es\/campaign\/lesiones-por-esclerosis-multiple\/","name":"Mississippi Abogados de Lesiones Personales | Presentar una reclamaci\u00f3n gratuita | Pond Lehocky Giordano LLP","isPartOf":{"@id":"https:\/\/www.pondlehocky.com\/es\/#website"},"primaryImageOfPage":{"@id":"https:\/\/www.pondlehocky.com\/es\/campaign\/lesiones-por-esclerosis-multiple\/#primaryimage"},"image":{"@id":"https:\/\/www.pondlehocky.com\/es\/campaign\/lesiones-por-esclerosis-multiple\/#primaryimage"},"thumbnailUrl":"https:\/\/www.pondlehocky.com\/wp-content\/uploads\/2024\/07\/bg-practice-area-block.png","datePublished":"2024-07-29T04:08:04+00:00","dateModified":"2024-07-31T18:49:46+00:00","description":"Si usted ha sido lesionado y requiere orientaci\u00f3n legal, p\u00f3ngase en contacto con Pond Lehocky Giordano para una consulta gratuita para averiguar si usted tiene derecho a una indemnizaci\u00f3n","breadcrumb":{"@id":"https:\/\/www.pondlehocky.com\/es\/campaign\/lesiones-por-esclerosis-multiple\/#breadcrumb"},"inLanguage":"es","potentialAction":[{"@type":"ReadAction","target":["https:\/\/www.pondlehocky.com\/es\/campaign\/lesiones-por-esclerosis-multiple\/"]}]},{"@type":"ImageObject","inLanguage":"es","@id":"https:\/\/www.pondlehocky.com\/es\/campaign\/lesiones-por-esclerosis-multiple\/#primaryimage","url":"https:\/\/www.pondlehocky.com\/wp-content\/uploads\/2024\/07\/bg-practice-area-block.png","contentUrl":"https:\/\/www.pondlehocky.com\/wp-content\/uploads\/2024\/07\/bg-practice-area-block.png","width":1440,"height":600,"caption":"practice area background"},{"@type":"BreadcrumbList","@id":"https:\/\/www.pondlehocky.com\/es\/campaign\/lesiones-por-esclerosis-multiple\/#breadcrumb","itemListElement":[{"@type":"ListItem","position":1,"name":"Home","item":"https:\/\/www.pondlehocky.com\/es\/homepage\/"},{"@type":"ListItem","position":2,"name":"Campaign","item":"https:\/\/www.pondlehocky.com\/es\/campaign\/"},{"@type":"ListItem","position":3,"name":"El accidente de la esclerosis m\u00faltiple Despacho de abogados"}]},{"@type":"WebSite","@id":"https:\/\/www.pondlehocky.com\/es\/#website","url":"https:\/\/www.pondlehocky.com\/es\/","name":"Pond Lehocky Giordano, Inc.","description":"Largest workers\u2019 compensation and Social Security disability law firm in Pennsylvania","publisher":{"@id":"https:\/\/www.pondlehocky.com\/es\/#organization"},"alternateName":"Pond Lehocky Giordano, Inc.","potentialAction":[{"@type":"SearchAction","target":{"@type":"EntryPoint","urlTemplate":"https:\/\/www.pondlehocky.com\/es\/?s={search_term_string}"},"query-input":{"@type":"PropertyValueSpecification","valueRequired":true,"valueName":"search_term_string"}}],"inLanguage":"es"},{"@type":"Organization","@id":"https:\/\/www.pondlehocky.com\/es\/#organization","name":"Pond Lehocky Giordano, Inc","alternateName":"Pond Lehocky Giordano, Inc.","url":"https:\/\/www.pondlehocky.com\/es\/","logo":{"@type":"ImageObject","inLanguage":"es","@id":"https:\/\/www.pondlehocky.com\/es\/#\/schema\/logo\/image\/","url":"https:\/\/www.pondlehocky.com\/wp-content\/uploads\/2024\/04\/pond-lehocky-logo.png","contentUrl":"https:\/\/www.pondlehocky.com\/wp-content\/uploads\/2024\/04\/pond-lehocky-logo.png","width":355,"height":28,"caption":"Pond Lehocky Giordano, Inc"},"image":{"@id":"https:\/\/www.pondlehocky.com\/es\/#\/schema\/logo\/image\/"},"sameAs":["https:\/\/www.instagram.com\/pondlehocky\/","https:\/\/www.youtube.com\/user\/pondlehocky","https:\/\/www.tiktok.com\/@pondlehockygiordano","https:\/\/www.facebook.com\/PondLehocky","https:\/\/www.linkedin.com\/company\/pond-lehocky-giordano\/"]}]}},"_links":{"self":[{"href":"https:\/\/www.pondlehocky.com\/es\/wp-json\/wp\/v2\/pages\/6510","targetHints":{"allow":["GET"]}}],"collection":[{"href":"https:\/\/www.pondlehocky.com\/es\/wp-json\/wp\/v2\/pages"}],"about":[{"href":"https:\/\/www.pondlehocky.com\/es\/wp-json\/wp\/v2\/types\/page"}],"author":[{"embeddable":true,"href":"https:\/\/www.pondlehocky.com\/es\/wp-json\/wp\/v2\/users\/4"}],"replies":[{"embeddable":true,"href":"https:\/\/www.pondlehocky.com\/es\/wp-json\/wp\/v2\/comments?post=6510"}],"version-history":[{"count":0,"href":"https:\/\/www.pondlehocky.com\/es\/wp-json\/wp\/v2\/pages\/6510\/revisions"}],"up":[{"embeddable":true,"href":"https:\/\/www.pondlehocky.com\/es\/wp-json\/wp\/v2\/pages\/6449"}],"wp:featuredmedia":[{"embeddable":true,"href":"https:\/\/www.pondlehocky.com\/es\/wp-json\/wp\/v2\/media\/6163"}],"wp:attachment":[{"href":"https:\/\/www.pondlehocky.com\/es\/wp-json\/wp\/v2\/media?parent=6510"}],"curies":[{"name":"wp","href":"https:\/\/api.w.org\/{rel}","templated":true}]}}