{"id":6599,"date":"2024-07-29T05:25:08","date_gmt":"2024-07-29T05:25:08","guid":{"rendered":"https:\/\/www.pondlehocky.com\/?page_id=6599"},"modified":"2024-07-31T18:59:17","modified_gmt":"2024-07-31T18:59:17","slug":"pa-auto","status":"publish","type":"page","link":"https:\/\/www.pondlehocky.com\/es\/campaign\/pa-auto\/","title":{"rendered":"El accidente Despacho de abogados"},"content":{"rendered":"    <section class=\"pl-block pl-raw-content mb-7 pl-t [&#038;.border-t-2]:pt-8  \">\n        <h5 class=\"p1\"><span class=\"ez-toc-section\" id=\"CUENTANOS_TU_HISTORIA\"><\/span>CU\u00c9NTANOS TU HISTORIA<span class=\"ez-toc-section-end\"><\/span><\/h5>\n<h2 class=\"p2\"><span class=\"ez-toc-section\" id=\"Aviso_para_Cualquier_persona_que_haya_sufrido_lesiones_en_un_accidente_de_trafico\"><\/span>Aviso para: Cualquier persona que haya sufrido lesiones en un accidente de tr\u00e1fico.<span class=\"ez-toc-section-end\"><\/span><\/h2>\n<p class=\"p3\">Rellene el formulario para ver si tiene derecho agastos m\u00e9dicos, una indemnizaci\u00f3n a tanto alzado, salarios perdidos, da\u00f1os al veh\u00edculo y mucho m\u00e1s.<\/p>\n<p class=\"p3\">No se conforme con el seguro: p\u00f3ngase en contacto con nosotros primero. Como el mayor bufete de abogados especializados en lesiones de la regi\u00f3n, sabemos c\u00f3mo conseguirle la indemnizaci\u00f3n que se merece.<\/p>\n    <\/section>\n\n\n\n    <section class=\"pl-block pl-raw-content mb-7 pl-t [&#038;.border-t-2]:pt-8 border-t-2 border-gray\/90 \">\n        <h2 class=\"p1\"><span class=\"ez-toc-section\" id=\"ACCIDENTES_DE_TRAFICO\"><\/span>ACCIDENTES DE TR\u00c1FICO<span class=\"ez-toc-section-end\"><\/span><\/h2>\n<p class=\"p1\">Una colisi\u00f3n de tr\u00e1fico puede ser un acontecimiento que altere la vida. Cuando un veh\u00edculo colisiona con otro, con un peat\u00f3n, con un animal, con restos de la carretera o con un objeto inm\u00f3vil, los da\u00f1os resultantes pueden causar lesiones graves. Los traumatismos causados por un accidente de tr\u00e1fico pueden provocar roturas de huesos, cicatrices permanentes, par\u00e1lisis e incluso la muerte.<\/p>\n<p class=\"p1\">Incluso despu\u00e9s de recibir tratamiento m\u00e9dico, las personas implicadas en accidentes de tr\u00e1fico pueden sufrir un trauma psicol\u00f3gico, como el miedo a volver a conducir o montar en un veh\u00edculo de motor, lo que puede repercutir negativamente en su capacidad para trabajar y reanudar su vida como era antes del suceso.<\/p>\n<p class=\"p1\">Sin embargo, el transporte en un veh\u00edculo de motor es una parte necesaria y com\u00fan de la vida para la mayor\u00eda de las personas. Por lo tanto, tambi\u00e9n es una de las actividades m\u00e1s peligrosas que se realizan habitualmente.<\/p>\n    <\/section>\n\n\n\n    <section class=\"pl-block pl-raw-content mb-7 pl-t [&#038;.border-t-2]:pt-8 border-t-2 border-gray\/90 \">\n        <h2 class=\"p1\"><span class=\"ez-toc-section\" id=\"PA_LEYES_DE_ACCIDENTES_DE_VEHICULOS_DE_MOTOR\"><\/span>PA LEYES DE ACCIDENTES DE VEH\u00cdCULOS DE MOTOR<span class=\"ez-toc-section-end\"><\/span><\/h2>\n<p class=\"p1\">La Mancomunidad de Pensilvania es uno de los pocos estados que permite a los conductores con licencia elegir entre el seguro de autom\u00f3vil sin culpa o el tradicional.<\/p>\n<p class=\"p1\"><b>Seguro de responsabilidad civil<\/b><br \/>\nEl conductor que resulte responsable del suceso deber\u00e1 pagar los da\u00f1os que haya causado a trav\u00e9s de su compa\u00f1\u00eda de seguros.<\/p>\n<p class=\"p1\"><b>Seguro sin culpa<\/b><br \/>\nIndependientemente de qui\u00e9n sea el culpable del accidente, la propia compa\u00f1\u00eda de seguros de la persona lesionada paga los gastos m\u00e9dicos y de otro tipo (como la p\u00e9rdida de ingresos mientras se recupera). Los pasajeros heridos est\u00e1n cubiertos por el seguro del conductor.<\/p>\n<p class=\"p1\">Este tipo de seguro disminuye la responsabilidad del conductor en caso de que cause un accidente, pero limita su capacidad de demandar en los casos en los que no tuvo la culpa.<\/p>\n<p class=\"p1\">Pensilvania tambi\u00e9n impone un plazo de prescripci\u00f3n a todas las reclamaciones por lesiones personales y da\u00f1os a la propiedad, entre las que se incluyen las relacionadas con un coche u otro veh\u00edculo motorizado. En la gran mayor\u00eda de los casos, los demandantes deben presentar su reclamaci\u00f3n en un plazo de dos a\u00f1os desde el suceso.<\/p>\n<p class=\"p1\">A\u00a0<b>norma de negligencia<\/b>\u00a0se utiliza para determinar qui\u00e9n tiene la culpa y en qu\u00e9 medida. La negligencia es un t\u00e9rmino jur\u00eddico que designa el hecho de no haber tenido un cuidado razonable dadas las circunstancias. Todos los estados establecen normas de circulaci\u00f3n (por ejemplo, l\u00edmites de velocidad, prohibici\u00f3n de enviar mensajes de texto mientras se conduce y prohibici\u00f3n de conducir en estado de embriaguez), y el incumplimiento de esas normas crea una presunci\u00f3n de negligencia.<\/p>\n<p class=\"p1\">Adem\u00e1s, Pensilvania s\u00f3lo permitir\u00e1 que se presente una demanda de responsabilidad contra un conductor si sus acciones causaron \u00ablesiones graves\u00bb. Este t\u00e9rmino es algo vago y a menudo es un punto de controversia en las negociaciones legales, pero una buena se\u00f1al de que una lesi\u00f3n fue grave es que requiri\u00f3 una atenci\u00f3n m\u00e9dica significativa (y costos m\u00e9dicos) para tratarla, o que caus\u00f3 un da\u00f1o permanente, incapacitante o desfigurante.<\/p>\n<p class=\"p1\">Si una persona fallece en un accidente de autom\u00f3vil, su familia puede presentar una demanda por homicidio culposo en su nombre y se pueden conceder da\u00f1os y perjuicios para compensar su p\u00e9rdida.<\/p>\n    <\/section>\n\n\n\n    <section class=\"pl-block pl-raw-content mb-7 pl-t [&#038;.border-t-2]:pt-8 border-t-2 border-gray\/90 \">\n            <\/section>\n\n","protected":false},"excerpt":{"rendered":"","protected":false},"author":4,"featured_media":6496,"parent":6449,"menu_order":15,"comment_status":"closed","ping_status":"closed","template":"templates\/template-campaign.php","meta":{"_acf_changed":true,"footnotes":"","_elementor_data":""},"class_list":["post-6599","page","type-page","status-publish","has-post-thumbnail","hentry"],"acf":[],"page_builder_type":"gutenberg","gutenberg_data":[],"yoast_head":"<!-- This site is optimized with the Yoast SEO Premium plugin v27.3 (Yoast SEO v27.3) - https:\/\/yoast.com\/product\/yoast-seo-premium-wordpress\/ -->\n<title>Auto Accident Attorneys | Pond Lehocky Giordano | Pond Lehocky Giordano LLP<\/title>\n<meta name=\"description\" content=\"Si usted ha estado involucrado en un accidente de veh\u00edculo de motor, p\u00f3ngase en contacto con Pond Lehocky Giordano para una consulta gratuita para determinar si usted califica para la compensaci\u00f3n\" \/>\n<meta name=\"robots\" content=\"index, follow, max-snippet:-1, max-image-preview:large, max-video-preview:-1\" \/>\n<link rel=\"canonical\" href=\"https:\/\/www.pondlehocky.com\/es\/campaign\/pa-auto\/\" \/>\n<meta property=\"og:locale\" content=\"es_ES\" \/>\n<meta property=\"og:type\" content=\"article\" \/>\n<meta property=\"og:title\" content=\"El accidente Despacho de abogados\" \/>\n<meta property=\"og:description\" content=\"Si usted ha estado involucrado en un accidente de veh\u00edculo de motor, p\u00f3ngase en contacto con Pond Lehocky Giordano para una consulta gratuita para determinar si usted califica para la compensaci\u00f3n\" \/>\n<meta property=\"og:url\" content=\"https:\/\/www.pondlehocky.com\/es\/campaign\/pa-auto\/\" \/>\n<meta property=\"og:site_name\" content=\"Pond Lehocky Giordano, Inc.\" \/>\n<meta property=\"article:publisher\" content=\"https:\/\/www.instagram.com\/pondlehocky\/\" \/>\n<meta property=\"article:modified_time\" content=\"2024-07-31T18:59:17+00:00\" \/>\n<meta property=\"og:image\" content=\"https:\/\/www.pondlehocky.com\/wp-content\/uploads\/2024\/07\/catastrophic-injury-bg.jpg\" \/>\n\t<meta property=\"og:image:width\" content=\"1440\" \/>\n\t<meta property=\"og:image:height\" content=\"405\" \/>\n\t<meta property=\"og:image:type\" content=\"image\/jpeg\" \/>\n<meta name=\"twitter:card\" content=\"summary_large_image\" \/>\n<meta name=\"twitter:label1\" content=\"Tiempo de lectura\" \/>\n\t<meta name=\"twitter:data1\" content=\"1 minuto\" \/>\n<script type=\"application\/ld+json\" class=\"yoast-schema-graph\">{\"@context\":\"https:\\\/\\\/schema.org\",\"@graph\":[{\"@type\":\"WebPage\",\"@id\":\"https:\\\/\\\/www.pondlehocky.com\\\/es\\\/campaign\\\/pa-auto\\\/\",\"url\":\"https:\\\/\\\/www.pondlehocky.com\\\/es\\\/campaign\\\/pa-auto\\\/\",\"name\":\"Auto Accident Attorneys | Pond Lehocky Giordano | Pond Lehocky Giordano LLP\",\"isPartOf\":{\"@id\":\"https:\\\/\\\/www.pondlehocky.com\\\/es\\\/#website\"},\"primaryImageOfPage\":{\"@id\":\"https:\\\/\\\/www.pondlehocky.com\\\/es\\\/campaign\\\/pa-auto\\\/#primaryimage\"},\"image\":{\"@id\":\"https:\\\/\\\/www.pondlehocky.com\\\/es\\\/campaign\\\/pa-auto\\\/#primaryimage\"},\"thumbnailUrl\":\"https:\\\/\\\/www.pondlehocky.com\\\/wp-content\\\/uploads\\\/2024\\\/07\\\/catastrophic-injury-bg.jpg\",\"datePublished\":\"2024-07-29T05:25:08+00:00\",\"dateModified\":\"2024-07-31T18:59:17+00:00\",\"description\":\"Si usted ha estado involucrado en un accidente de veh\u00edculo de motor, p\u00f3ngase en contacto con Pond Lehocky Giordano para una consulta gratuita para determinar si usted califica para la compensaci\u00f3n\",\"breadcrumb\":{\"@id\":\"https:\\\/\\\/www.pondlehocky.com\\\/es\\\/campaign\\\/pa-auto\\\/#breadcrumb\"},\"inLanguage\":\"es\",\"potentialAction\":[{\"@type\":\"ReadAction\",\"target\":[\"https:\\\/\\\/www.pondlehocky.com\\\/es\\\/campaign\\\/pa-auto\\\/\"]}]},{\"@type\":\"ImageObject\",\"inLanguage\":\"es\",\"@id\":\"https:\\\/\\\/www.pondlehocky.com\\\/es\\\/campaign\\\/pa-auto\\\/#primaryimage\",\"url\":\"https:\\\/\\\/www.pondlehocky.com\\\/wp-content\\\/uploads\\\/2024\\\/07\\\/catastrophic-injury-bg.jpg\",\"contentUrl\":\"https:\\\/\\\/www.pondlehocky.com\\\/wp-content\\\/uploads\\\/2024\\\/07\\\/catastrophic-injury-bg.jpg\",\"width\":1440,\"height\":405,\"caption\":\"car totaled after crash\"},{\"@type\":\"BreadcrumbList\",\"@id\":\"https:\\\/\\\/www.pondlehocky.com\\\/es\\\/campaign\\\/pa-auto\\\/#breadcrumb\",\"itemListElement\":[{\"@type\":\"ListItem\",\"position\":1,\"name\":\"Home\",\"item\":\"https:\\\/\\\/www.pondlehocky.com\\\/es\\\/homepage\\\/\"},{\"@type\":\"ListItem\",\"position\":2,\"name\":\"Campaign\",\"item\":\"https:\\\/\\\/www.pondlehocky.com\\\/es\\\/campaign\\\/\"},{\"@type\":\"ListItem\",\"position\":3,\"name\":\"El accidente Despacho de abogados\"}]},{\"@type\":\"WebSite\",\"@id\":\"https:\\\/\\\/www.pondlehocky.com\\\/es\\\/#website\",\"url\":\"https:\\\/\\\/www.pondlehocky.com\\\/es\\\/\",\"name\":\"Pond Lehocky Giordano, Inc.\",\"description\":\"Largest workers\u2019 compensation and Social Security disability law firm in Pennsylvania\",\"publisher\":{\"@id\":\"https:\\\/\\\/www.pondlehocky.com\\\/es\\\/#organization\"},\"alternateName\":\"Pond Lehocky Giordano, Inc.\",\"potentialAction\":[{\"@type\":\"SearchAction\",\"target\":{\"@type\":\"EntryPoint\",\"urlTemplate\":\"https:\\\/\\\/www.pondlehocky.com\\\/es\\\/?s={search_term_string}\"},\"query-input\":{\"@type\":\"PropertyValueSpecification\",\"valueRequired\":true,\"valueName\":\"search_term_string\"}}],\"inLanguage\":\"es\"},{\"@type\":\"Organization\",\"@id\":\"https:\\\/\\\/www.pondlehocky.com\\\/es\\\/#organization\",\"name\":\"Pond Lehocky Giordano, Inc\",\"alternateName\":\"Pond Lehocky Giordano, Inc.\",\"url\":\"https:\\\/\\\/www.pondlehocky.com\\\/es\\\/\",\"logo\":{\"@type\":\"ImageObject\",\"inLanguage\":\"es\",\"@id\":\"https:\\\/\\\/www.pondlehocky.com\\\/es\\\/#\\\/schema\\\/logo\\\/image\\\/\",\"url\":\"https:\\\/\\\/www.pondlehocky.com\\\/wp-content\\\/uploads\\\/2024\\\/04\\\/pond-lehocky-logo.png\",\"contentUrl\":\"https:\\\/\\\/www.pondlehocky.com\\\/wp-content\\\/uploads\\\/2024\\\/04\\\/pond-lehocky-logo.png\",\"width\":355,\"height\":28,\"caption\":\"Pond Lehocky Giordano, Inc\"},\"image\":{\"@id\":\"https:\\\/\\\/www.pondlehocky.com\\\/es\\\/#\\\/schema\\\/logo\\\/image\\\/\"},\"sameAs\":[\"https:\\\/\\\/www.instagram.com\\\/pondlehocky\\\/\",\"https:\\\/\\\/www.youtube.com\\\/user\\\/pondlehocky\",\"https:\\\/\\\/www.tiktok.com\\\/@pondlehockygiordano\",\"https:\\\/\\\/www.facebook.com\\\/PondLehocky\",\"https:\\\/\\\/www.linkedin.com\\\/company\\\/pond-lehocky-giordano\\\/\"]}]}<\/script>\n<!-- \/ Yoast SEO Premium plugin. -->","yoast_head_json":{"title":"Auto Accident Attorneys | Pond Lehocky Giordano | Pond Lehocky Giordano LLP","description":"Si usted ha estado involucrado en un accidente de veh\u00edculo de motor, p\u00f3ngase en contacto con Pond Lehocky Giordano para una consulta gratuita para determinar si usted califica para la compensaci\u00f3n","robots":{"index":"index","follow":"follow","max-snippet":"max-snippet:-1","max-image-preview":"max-image-preview:large","max-video-preview":"max-video-preview:-1"},"canonical":"https:\/\/www.pondlehocky.com\/es\/campaign\/pa-auto\/","og_locale":"es_ES","og_type":"article","og_title":"El accidente Despacho de abogados","og_description":"Si usted ha estado involucrado en un accidente de veh\u00edculo de motor, p\u00f3ngase en contacto con Pond Lehocky Giordano para una consulta gratuita para determinar si usted califica para la compensaci\u00f3n","og_url":"https:\/\/www.pondlehocky.com\/es\/campaign\/pa-auto\/","og_site_name":"Pond Lehocky Giordano, Inc.","article_publisher":"https:\/\/www.instagram.com\/pondlehocky\/","article_modified_time":"2024-07-31T18:59:17+00:00","og_image":[{"width":1440,"height":405,"url":"https:\/\/www.pondlehocky.com\/wp-content\/uploads\/2024\/07\/catastrophic-injury-bg.jpg","type":"image\/jpeg"}],"twitter_card":"summary_large_image","twitter_misc":{"Tiempo de lectura":"1 minuto"},"schema":{"@context":"https:\/\/schema.org","@graph":[{"@type":"WebPage","@id":"https:\/\/www.pondlehocky.com\/es\/campaign\/pa-auto\/","url":"https:\/\/www.pondlehocky.com\/es\/campaign\/pa-auto\/","name":"Auto Accident Attorneys | Pond Lehocky Giordano | Pond Lehocky Giordano LLP","isPartOf":{"@id":"https:\/\/www.pondlehocky.com\/es\/#website"},"primaryImageOfPage":{"@id":"https:\/\/www.pondlehocky.com\/es\/campaign\/pa-auto\/#primaryimage"},"image":{"@id":"https:\/\/www.pondlehocky.com\/es\/campaign\/pa-auto\/#primaryimage"},"thumbnailUrl":"https:\/\/www.pondlehocky.com\/wp-content\/uploads\/2024\/07\/catastrophic-injury-bg.jpg","datePublished":"2024-07-29T05:25:08+00:00","dateModified":"2024-07-31T18:59:17+00:00","description":"Si usted ha estado involucrado en un accidente de veh\u00edculo de motor, p\u00f3ngase en contacto con Pond Lehocky Giordano para una consulta gratuita para determinar si usted califica para la compensaci\u00f3n","breadcrumb":{"@id":"https:\/\/www.pondlehocky.com\/es\/campaign\/pa-auto\/#breadcrumb"},"inLanguage":"es","potentialAction":[{"@type":"ReadAction","target":["https:\/\/www.pondlehocky.com\/es\/campaign\/pa-auto\/"]}]},{"@type":"ImageObject","inLanguage":"es","@id":"https:\/\/www.pondlehocky.com\/es\/campaign\/pa-auto\/#primaryimage","url":"https:\/\/www.pondlehocky.com\/wp-content\/uploads\/2024\/07\/catastrophic-injury-bg.jpg","contentUrl":"https:\/\/www.pondlehocky.com\/wp-content\/uploads\/2024\/07\/catastrophic-injury-bg.jpg","width":1440,"height":405,"caption":"car totaled after crash"},{"@type":"BreadcrumbList","@id":"https:\/\/www.pondlehocky.com\/es\/campaign\/pa-auto\/#breadcrumb","itemListElement":[{"@type":"ListItem","position":1,"name":"Home","item":"https:\/\/www.pondlehocky.com\/es\/homepage\/"},{"@type":"ListItem","position":2,"name":"Campaign","item":"https:\/\/www.pondlehocky.com\/es\/campaign\/"},{"@type":"ListItem","position":3,"name":"El accidente Despacho de abogados"}]},{"@type":"WebSite","@id":"https:\/\/www.pondlehocky.com\/es\/#website","url":"https:\/\/www.pondlehocky.com\/es\/","name":"Pond Lehocky Giordano, Inc.","description":"Largest workers\u2019 compensation and Social Security disability law firm in Pennsylvania","publisher":{"@id":"https:\/\/www.pondlehocky.com\/es\/#organization"},"alternateName":"Pond Lehocky Giordano, Inc.","potentialAction":[{"@type":"SearchAction","target":{"@type":"EntryPoint","urlTemplate":"https:\/\/www.pondlehocky.com\/es\/?s={search_term_string}"},"query-input":{"@type":"PropertyValueSpecification","valueRequired":true,"valueName":"search_term_string"}}],"inLanguage":"es"},{"@type":"Organization","@id":"https:\/\/www.pondlehocky.com\/es\/#organization","name":"Pond Lehocky Giordano, Inc","alternateName":"Pond Lehocky Giordano, Inc.","url":"https:\/\/www.pondlehocky.com\/es\/","logo":{"@type":"ImageObject","inLanguage":"es","@id":"https:\/\/www.pondlehocky.com\/es\/#\/schema\/logo\/image\/","url":"https:\/\/www.pondlehocky.com\/wp-content\/uploads\/2024\/04\/pond-lehocky-logo.png","contentUrl":"https:\/\/www.pondlehocky.com\/wp-content\/uploads\/2024\/04\/pond-lehocky-logo.png","width":355,"height":28,"caption":"Pond Lehocky Giordano, Inc"},"image":{"@id":"https:\/\/www.pondlehocky.com\/es\/#\/schema\/logo\/image\/"},"sameAs":["https:\/\/www.instagram.com\/pondlehocky\/","https:\/\/www.youtube.com\/user\/pondlehocky","https:\/\/www.tiktok.com\/@pondlehockygiordano","https:\/\/www.facebook.com\/PondLehocky","https:\/\/www.linkedin.com\/company\/pond-lehocky-giordano\/"]}]}},"_links":{"self":[{"href":"https:\/\/www.pondlehocky.com\/es\/wp-json\/wp\/v2\/pages\/6599","targetHints":{"allow":["GET"]}}],"collection":[{"href":"https:\/\/www.pondlehocky.com\/es\/wp-json\/wp\/v2\/pages"}],"about":[{"href":"https:\/\/www.pondlehocky.com\/es\/wp-json\/wp\/v2\/types\/page"}],"author":[{"embeddable":true,"href":"https:\/\/www.pondlehocky.com\/es\/wp-json\/wp\/v2\/users\/4"}],"replies":[{"embeddable":true,"href":"https:\/\/www.pondlehocky.com\/es\/wp-json\/wp\/v2\/comments?post=6599"}],"version-history":[{"count":0,"href":"https:\/\/www.pondlehocky.com\/es\/wp-json\/wp\/v2\/pages\/6599\/revisions"}],"up":[{"embeddable":true,"href":"https:\/\/www.pondlehocky.com\/es\/wp-json\/wp\/v2\/pages\/6449"}],"wp:featuredmedia":[{"embeddable":true,"href":"https:\/\/www.pondlehocky.com\/es\/wp-json\/wp\/v2\/media\/6496"}],"wp:attachment":[{"href":"https:\/\/www.pondlehocky.com\/es\/wp-json\/wp\/v2\/media?parent=6599"}],"curies":[{"name":"wp","href":"https:\/\/api.w.org\/{rel}","templated":true}]}}