{"id":6602,"date":"2024-07-29T05:12:29","date_gmt":"2024-07-29T05:12:29","guid":{"rendered":"https:\/\/www.pondlehocky.com\/?page_id=6602"},"modified":"2024-07-31T19:02:40","modified_gmt":"2024-07-31T19:02:40","slug":"campana-de-discapacidad-de-larga-duracion","status":"publish","type":"page","link":"https:\/\/www.pondlehocky.com\/es\/campaign\/campana-de-discapacidad-de-larga-duracion\/","title":{"rendered":"A largo plazo Bufete de abogados especializados en discapacidad"},"content":{"rendered":"    <section class=\"pl-block pl-raw-content mb-7 pl-t [&#038;.border-t-2]:pt-8  \">\n        <h5 class=\"p1\"><span class=\"ez-toc-section\" id=\"CUENTANOS_TU_HISTORIA\"><\/span>CU\u00c9NTANOS TU HISTORIA<span class=\"ez-toc-section-end\"><\/span><\/h5>\n<h2 class=\"p1\"><span class=\"ez-toc-section\" id=\"Obtenga_la_ayuda_por_incapacidad_a_largo_plazo_que_merece\"><\/span>Obtenga la ayuda por incapacidad a largo plazo que merece<span class=\"ez-toc-section-end\"><\/span><\/h2>\n<p class=\"p1\">Hemos ayudado a miles de personas con reclamaciones por incapacidad y sabemos c\u00f3mo ayudar a los clientes a recibir las m\u00e1ximas prestaciones.<\/p>\n<p class=\"p1\">Rellene el formulario para obtener ayuda con los recursos y denegaciones, la reducci\u00f3n de prestaciones y las primeras solicitudes. P\u00f3ngase en contacto con nosotros para una consulta gratuita.<\/p>\n<h2 class=\"p1\"><span class=\"ez-toc-section\" id=\"Seguro_de_invalidez\"><\/span>Seguro de invalidez<span class=\"ez-toc-section-end\"><\/span><\/h2>\n<p class=\"p1\">Adquirir p\u00f3lizas de seguro de incapacidad a corto y largo plazo es una decisi\u00f3n inteligente que protege a los empleados de la p\u00e9rdida de salario en caso de que una condici\u00f3n m\u00e9dica impida su capacidad de trabajo. Estas p\u00f3lizas las ofrecen a veces las empresas, pero tambi\u00e9n pueden adquirirse de forma privada.<\/p>\n<p class=\"p1\">Las p\u00f3lizas de seguro de incapacidad a corto y largo plazo se pagan a trav\u00e9s de una deducci\u00f3n en la n\u00f3mina o directamente mediante el pago de primas y permiten al asegurado seguir recibiendo una parte de su salario mientras est\u00e1 incapacitado.<\/p>\n<h2 class=\"p1\"><span class=\"ez-toc-section\" id=\"Seguro_del_empleador_o_privado\"><\/span>Seguro del empleador o privado<span class=\"ez-toc-section-end\"><\/span><\/h2>\n<p class=\"p1\">Las p\u00f3lizas proporcionadas por el empleador pueden estar regidas por la Ley federal de Seguridad de Ingresos de Jubilaci\u00f3n de los Empleados (ERISA), que tiene normas estrictas y complejas sobre c\u00f3mo y cu\u00e1ndo presentar una reclamaci\u00f3n o apelar la denegaci\u00f3n de una. Las p\u00f3lizas adquiridas de forma privada no est\u00e1n sujetas a ERISA; se administran de acuerdo con los t\u00e9rminos contractuales de la p\u00f3liza.<\/p>\n<p class=\"p1\">Al igual que las solicitudes de incapacidad de la Seguridad Social, el solicitante debe demostrar que est\u00e1 incapacitado m\u00e9dicamente para desempe\u00f1ar su trabajo, pero la norma para hacerlo suele ser m\u00e1s f\u00e1cil de cumplir para el seguro de incapacidad a corto y largo plazo. El demandante s\u00f3lo tiene que demostrar que no puede ejercer su profesi\u00f3n habitual y que la edad no es un factor. Por el contrario, la Administraci\u00f3n de la Seguridad Social exige a los solicitantes m\u00e1s j\u00f3venes un nivel de exigencia m\u00e1s estricto que a los mayores.<\/p>\n<h2 class=\"p1\"><span class=\"ez-toc-section\" id=\"Cronometraje\"><\/span>Cronometraje<span class=\"ez-toc-section-end\"><\/span><\/h2>\n<p class=\"p1\">Las p\u00f3lizas difieren, pero la mayor\u00eda exige un periodo de espera de seis meses antes de que comiencen los pagos por incapacidad de larga duraci\u00f3n, y la mayor\u00eda proporciona pagos hasta que el demandante cumpla los 65 a\u00f1os.<\/p>\n<p class=\"p1\">Sin embargo, en cualquier momento hasta ese momento, la compa\u00f1\u00eda de seguros puede solicitar una revisi\u00f3n del siniestro para evaluar si la incapacidad ha cambiado o ha disminuido su gravedad. Si sus expertos m\u00e9dicos determinan que es as\u00ed, denegar\u00e1n inmediatamente la reclamaci\u00f3n y suspender\u00e1n los pagos, a menos que el reclamante demande con \u00e9xito para anular esa determinaci\u00f3n.<\/p>\n<p class=\"p1\">La definici\u00f3n de \u00abdiscapacitado\u00bb se establecer\u00e1 en la p\u00f3liza de seguro, pero por lo general las p\u00f3lizas la definen como la imposibilidad de realizar una ocupaci\u00f3n habitual.<\/p>\n    <\/section>\n\n","protected":false},"excerpt":{"rendered":"","protected":false},"author":1,"featured_media":6163,"parent":6449,"menu_order":16,"comment_status":"closed","ping_status":"closed","template":"templates\/template-campaign.php","meta":{"_acf_changed":true,"footnotes":"","_elementor_data":""},"class_list":["post-6602","page","type-page","status-publish","has-post-thumbnail","hentry"],"acf":[],"page_builder_type":"gutenberg","gutenberg_data":[],"yoast_head":"<!-- This site is optimized with the Yoast SEO Premium plugin v27.5 (Yoast SEO v27.5) - https:\/\/yoast.com\/product\/yoast-seo-premium-wordpress\/ -->\n<title>Evaluaci\u00f3n gratuita de reclamaci\u00f3n LTD | Pond Lehocky Giordano | Pond Lehocky Giordano LLP<\/title>\n<meta name=\"description\" content=\"Contratar un seguro de incapacidad a corto y largo plazo es una decisi\u00f3n inteligente que protege a los empleados de la p\u00e9rdida de salario en caso de enfermedad\" \/>\n<meta name=\"robots\" content=\"index, follow, max-snippet:-1, max-image-preview:large, max-video-preview:-1\" \/>\n<link rel=\"canonical\" href=\"https:\/\/www.pondlehocky.com\/es\/campaign\/campana-de-discapacidad-de-larga-duracion\/\" \/>\n<meta property=\"og:locale\" content=\"es_ES\" \/>\n<meta property=\"og:type\" content=\"article\" \/>\n<meta property=\"og:title\" content=\"A largo plazo Bufete de abogados especializados en discapacidad\" \/>\n<meta property=\"og:description\" content=\"Contratar un seguro de incapacidad a corto y largo plazo es una decisi\u00f3n inteligente que protege a los empleados de la p\u00e9rdida de salario en caso de enfermedad\" \/>\n<meta property=\"og:url\" content=\"https:\/\/www.pondlehocky.com\/es\/campaign\/campana-de-discapacidad-de-larga-duracion\/\" \/>\n<meta property=\"og:site_name\" content=\"Pond Lehocky Giordano, Inc.\" \/>\n<meta property=\"article:publisher\" content=\"https:\/\/www.instagram.com\/pondlehocky\/\" \/>\n<meta property=\"article:modified_time\" content=\"2024-07-31T19:02:40+00:00\" \/>\n<meta property=\"og:image\" content=\"https:\/\/www.pondlehocky.com\/wp-content\/uploads\/2024\/07\/bg-practice-area-block.png\" \/>\n\t<meta property=\"og:image:width\" content=\"1440\" \/>\n\t<meta property=\"og:image:height\" content=\"600\" \/>\n\t<meta property=\"og:image:type\" content=\"image\/png\" \/>\n<meta name=\"twitter:card\" content=\"summary_large_image\" \/>\n<meta name=\"twitter:label1\" content=\"Tiempo de lectura\" \/>\n\t<meta name=\"twitter:data1\" content=\"1 minuto\" \/>\n<script type=\"application\/ld+json\" class=\"yoast-schema-graph\">{\"@context\":\"https:\\\/\\\/schema.org\",\"@graph\":[{\"@type\":\"WebPage\",\"@id\":\"https:\\\/\\\/www.pondlehocky.com\\\/es\\\/campaign\\\/campana-de-discapacidad-de-larga-duracion\\\/\",\"url\":\"https:\\\/\\\/www.pondlehocky.com\\\/es\\\/campaign\\\/campana-de-discapacidad-de-larga-duracion\\\/\",\"name\":\"Evaluaci\u00f3n gratuita de reclamaci\u00f3n LTD | Pond Lehocky Giordano | Pond Lehocky Giordano LLP\",\"isPartOf\":{\"@id\":\"https:\\\/\\\/www.pondlehocky.com\\\/es\\\/#website\"},\"primaryImageOfPage\":{\"@id\":\"https:\\\/\\\/www.pondlehocky.com\\\/es\\\/campaign\\\/campana-de-discapacidad-de-larga-duracion\\\/#primaryimage\"},\"image\":{\"@id\":\"https:\\\/\\\/www.pondlehocky.com\\\/es\\\/campaign\\\/campana-de-discapacidad-de-larga-duracion\\\/#primaryimage\"},\"thumbnailUrl\":\"https:\\\/\\\/www.pondlehocky.com\\\/wp-content\\\/uploads\\\/2024\\\/07\\\/bg-practice-area-block.png\",\"datePublished\":\"2024-07-29T05:12:29+00:00\",\"dateModified\":\"2024-07-31T19:02:40+00:00\",\"description\":\"Contratar un seguro de incapacidad a corto y largo plazo es una decisi\u00f3n inteligente que protege a los empleados de la p\u00e9rdida de salario en caso de enfermedad\",\"breadcrumb\":{\"@id\":\"https:\\\/\\\/www.pondlehocky.com\\\/es\\\/campaign\\\/campana-de-discapacidad-de-larga-duracion\\\/#breadcrumb\"},\"inLanguage\":\"es\",\"potentialAction\":[{\"@type\":\"ReadAction\",\"target\":[\"https:\\\/\\\/www.pondlehocky.com\\\/es\\\/campaign\\\/campana-de-discapacidad-de-larga-duracion\\\/\"]}]},{\"@type\":\"ImageObject\",\"inLanguage\":\"es\",\"@id\":\"https:\\\/\\\/www.pondlehocky.com\\\/es\\\/campaign\\\/campana-de-discapacidad-de-larga-duracion\\\/#primaryimage\",\"url\":\"https:\\\/\\\/www.pondlehocky.com\\\/wp-content\\\/uploads\\\/2024\\\/07\\\/bg-practice-area-block.png\",\"contentUrl\":\"https:\\\/\\\/www.pondlehocky.com\\\/wp-content\\\/uploads\\\/2024\\\/07\\\/bg-practice-area-block.png\",\"width\":1440,\"height\":600,\"caption\":\"practice area background\"},{\"@type\":\"BreadcrumbList\",\"@id\":\"https:\\\/\\\/www.pondlehocky.com\\\/es\\\/campaign\\\/campana-de-discapacidad-de-larga-duracion\\\/#breadcrumb\",\"itemListElement\":[{\"@type\":\"ListItem\",\"position\":1,\"name\":\"Home\",\"item\":\"https:\\\/\\\/www.pondlehocky.com\\\/es\\\/homepage\\\/\"},{\"@type\":\"ListItem\",\"position\":2,\"name\":\"Campaign\",\"item\":\"https:\\\/\\\/www.pondlehocky.com\\\/es\\\/campaign\\\/\"},{\"@type\":\"ListItem\",\"position\":3,\"name\":\"A largo plazo Bufete de abogados especializados en discapacidad\"}]},{\"@type\":\"WebSite\",\"@id\":\"https:\\\/\\\/www.pondlehocky.com\\\/es\\\/#website\",\"url\":\"https:\\\/\\\/www.pondlehocky.com\\\/es\\\/\",\"name\":\"Pond Lehocky Giordano, Inc.\",\"description\":\"Largest workers\u2019 compensation and Social Security disability law firm in Pennsylvania\",\"publisher\":{\"@id\":\"https:\\\/\\\/www.pondlehocky.com\\\/es\\\/#organization\"},\"alternateName\":\"Pond Lehocky Giordano, Inc.\",\"potentialAction\":[{\"@type\":\"SearchAction\",\"target\":{\"@type\":\"EntryPoint\",\"urlTemplate\":\"https:\\\/\\\/www.pondlehocky.com\\\/es\\\/?s={search_term_string}\"},\"query-input\":{\"@type\":\"PropertyValueSpecification\",\"valueRequired\":true,\"valueName\":\"search_term_string\"}}],\"inLanguage\":\"es\"},{\"@type\":\"Organization\",\"@id\":\"https:\\\/\\\/www.pondlehocky.com\\\/es\\\/#organization\",\"name\":\"Pond Lehocky Giordano, Inc\",\"alternateName\":\"Pond Lehocky Giordano, Inc.\",\"url\":\"https:\\\/\\\/www.pondlehocky.com\\\/es\\\/\",\"logo\":{\"@type\":\"ImageObject\",\"inLanguage\":\"es\",\"@id\":\"https:\\\/\\\/www.pondlehocky.com\\\/es\\\/#\\\/schema\\\/logo\\\/image\\\/\",\"url\":\"https:\\\/\\\/www.pondlehocky.com\\\/wp-content\\\/uploads\\\/2024\\\/04\\\/pond-lehocky-logo.png\",\"contentUrl\":\"https:\\\/\\\/www.pondlehocky.com\\\/wp-content\\\/uploads\\\/2024\\\/04\\\/pond-lehocky-logo.png\",\"width\":355,\"height\":28,\"caption\":\"Pond Lehocky Giordano, Inc\"},\"image\":{\"@id\":\"https:\\\/\\\/www.pondlehocky.com\\\/es\\\/#\\\/schema\\\/logo\\\/image\\\/\"},\"sameAs\":[\"https:\\\/\\\/www.instagram.com\\\/pondlehocky\\\/\",\"https:\\\/\\\/www.youtube.com\\\/user\\\/pondlehocky\",\"https:\\\/\\\/www.tiktok.com\\\/@pondlehockygiordano\",\"https:\\\/\\\/www.facebook.com\\\/PondLehocky\",\"https:\\\/\\\/www.linkedin.com\\\/company\\\/pond-lehocky-giordano\\\/\"]}]}<\/script>\n<!-- \/ Yoast SEO Premium plugin. -->","yoast_head_json":{"title":"Evaluaci\u00f3n gratuita de reclamaci\u00f3n LTD | Pond Lehocky Giordano | Pond Lehocky Giordano LLP","description":"Contratar un seguro de incapacidad a corto y largo plazo es una decisi\u00f3n inteligente que protege a los empleados de la p\u00e9rdida de salario en caso de enfermedad","robots":{"index":"index","follow":"follow","max-snippet":"max-snippet:-1","max-image-preview":"max-image-preview:large","max-video-preview":"max-video-preview:-1"},"canonical":"https:\/\/www.pondlehocky.com\/es\/campaign\/campana-de-discapacidad-de-larga-duracion\/","og_locale":"es_ES","og_type":"article","og_title":"A largo plazo Bufete de abogados especializados en discapacidad","og_description":"Contratar un seguro de incapacidad a corto y largo plazo es una decisi\u00f3n inteligente que protege a los empleados de la p\u00e9rdida de salario en caso de enfermedad","og_url":"https:\/\/www.pondlehocky.com\/es\/campaign\/campana-de-discapacidad-de-larga-duracion\/","og_site_name":"Pond Lehocky Giordano, Inc.","article_publisher":"https:\/\/www.instagram.com\/pondlehocky\/","article_modified_time":"2024-07-31T19:02:40+00:00","og_image":[{"width":1440,"height":600,"url":"https:\/\/www.pondlehocky.com\/wp-content\/uploads\/2024\/07\/bg-practice-area-block.png","type":"image\/png"}],"twitter_card":"summary_large_image","twitter_misc":{"Tiempo de lectura":"1 minuto"},"schema":{"@context":"https:\/\/schema.org","@graph":[{"@type":"WebPage","@id":"https:\/\/www.pondlehocky.com\/es\/campaign\/campana-de-discapacidad-de-larga-duracion\/","url":"https:\/\/www.pondlehocky.com\/es\/campaign\/campana-de-discapacidad-de-larga-duracion\/","name":"Evaluaci\u00f3n gratuita de reclamaci\u00f3n LTD | Pond Lehocky Giordano | Pond Lehocky Giordano LLP","isPartOf":{"@id":"https:\/\/www.pondlehocky.com\/es\/#website"},"primaryImageOfPage":{"@id":"https:\/\/www.pondlehocky.com\/es\/campaign\/campana-de-discapacidad-de-larga-duracion\/#primaryimage"},"image":{"@id":"https:\/\/www.pondlehocky.com\/es\/campaign\/campana-de-discapacidad-de-larga-duracion\/#primaryimage"},"thumbnailUrl":"https:\/\/www.pondlehocky.com\/wp-content\/uploads\/2024\/07\/bg-practice-area-block.png","datePublished":"2024-07-29T05:12:29+00:00","dateModified":"2024-07-31T19:02:40+00:00","description":"Contratar un seguro de incapacidad a corto y largo plazo es una decisi\u00f3n inteligente que protege a los empleados de la p\u00e9rdida de salario en caso de enfermedad","breadcrumb":{"@id":"https:\/\/www.pondlehocky.com\/es\/campaign\/campana-de-discapacidad-de-larga-duracion\/#breadcrumb"},"inLanguage":"es","potentialAction":[{"@type":"ReadAction","target":["https:\/\/www.pondlehocky.com\/es\/campaign\/campana-de-discapacidad-de-larga-duracion\/"]}]},{"@type":"ImageObject","inLanguage":"es","@id":"https:\/\/www.pondlehocky.com\/es\/campaign\/campana-de-discapacidad-de-larga-duracion\/#primaryimage","url":"https:\/\/www.pondlehocky.com\/wp-content\/uploads\/2024\/07\/bg-practice-area-block.png","contentUrl":"https:\/\/www.pondlehocky.com\/wp-content\/uploads\/2024\/07\/bg-practice-area-block.png","width":1440,"height":600,"caption":"practice area background"},{"@type":"BreadcrumbList","@id":"https:\/\/www.pondlehocky.com\/es\/campaign\/campana-de-discapacidad-de-larga-duracion\/#breadcrumb","itemListElement":[{"@type":"ListItem","position":1,"name":"Home","item":"https:\/\/www.pondlehocky.com\/es\/homepage\/"},{"@type":"ListItem","position":2,"name":"Campaign","item":"https:\/\/www.pondlehocky.com\/es\/campaign\/"},{"@type":"ListItem","position":3,"name":"A largo plazo Bufete de abogados especializados en discapacidad"}]},{"@type":"WebSite","@id":"https:\/\/www.pondlehocky.com\/es\/#website","url":"https:\/\/www.pondlehocky.com\/es\/","name":"Pond Lehocky Giordano, Inc.","description":"Largest workers\u2019 compensation and Social Security disability law firm in Pennsylvania","publisher":{"@id":"https:\/\/www.pondlehocky.com\/es\/#organization"},"alternateName":"Pond Lehocky Giordano, Inc.","potentialAction":[{"@type":"SearchAction","target":{"@type":"EntryPoint","urlTemplate":"https:\/\/www.pondlehocky.com\/es\/?s={search_term_string}"},"query-input":{"@type":"PropertyValueSpecification","valueRequired":true,"valueName":"search_term_string"}}],"inLanguage":"es"},{"@type":"Organization","@id":"https:\/\/www.pondlehocky.com\/es\/#organization","name":"Pond Lehocky Giordano, Inc","alternateName":"Pond Lehocky Giordano, Inc.","url":"https:\/\/www.pondlehocky.com\/es\/","logo":{"@type":"ImageObject","inLanguage":"es","@id":"https:\/\/www.pondlehocky.com\/es\/#\/schema\/logo\/image\/","url":"https:\/\/www.pondlehocky.com\/wp-content\/uploads\/2024\/04\/pond-lehocky-logo.png","contentUrl":"https:\/\/www.pondlehocky.com\/wp-content\/uploads\/2024\/04\/pond-lehocky-logo.png","width":355,"height":28,"caption":"Pond Lehocky Giordano, Inc"},"image":{"@id":"https:\/\/www.pondlehocky.com\/es\/#\/schema\/logo\/image\/"},"sameAs":["https:\/\/www.instagram.com\/pondlehocky\/","https:\/\/www.youtube.com\/user\/pondlehocky","https:\/\/www.tiktok.com\/@pondlehockygiordano","https:\/\/www.facebook.com\/PondLehocky","https:\/\/www.linkedin.com\/company\/pond-lehocky-giordano\/"]}]}},"_links":{"self":[{"href":"https:\/\/www.pondlehocky.com\/es\/wp-json\/wp\/v2\/pages\/6602","targetHints":{"allow":["GET"]}}],"collection":[{"href":"https:\/\/www.pondlehocky.com\/es\/wp-json\/wp\/v2\/pages"}],"about":[{"href":"https:\/\/www.pondlehocky.com\/es\/wp-json\/wp\/v2\/types\/page"}],"author":[{"embeddable":true,"href":"https:\/\/www.pondlehocky.com\/es\/wp-json\/wp\/v2\/users\/1"}],"replies":[{"embeddable":true,"href":"https:\/\/www.pondlehocky.com\/es\/wp-json\/wp\/v2\/comments?post=6602"}],"version-history":[{"count":0,"href":"https:\/\/www.pondlehocky.com\/es\/wp-json\/wp\/v2\/pages\/6602\/revisions"}],"up":[{"embeddable":true,"href":"https:\/\/www.pondlehocky.com\/es\/wp-json\/wp\/v2\/pages\/6449"}],"wp:featuredmedia":[{"embeddable":true,"href":"https:\/\/www.pondlehocky.com\/es\/wp-json\/wp\/v2\/media\/6163"}],"wp:attachment":[{"href":"https:\/\/www.pondlehocky.com\/es\/wp-json\/wp\/v2\/media?parent=6602"}],"curies":[{"name":"wp","href":"https:\/\/api.w.org\/{rel}","templated":true}]}}