{"id":6605,"date":"2024-07-29T03:52:41","date_gmt":"2024-07-29T03:52:41","guid":{"rendered":"https:\/\/www.pondlehocky.com\/?page_id=6605"},"modified":"2024-07-31T19:19:50","modified_gmt":"2024-07-31T19:19:50","slug":"al-indemnizacion-por-accidente-laboral","status":"publish","type":"page","link":"https:\/\/www.pondlehocky.com\/es\/campaign\/al-indemnizacion-por-accidente-laboral\/","title":{"rendered":"Los trabajadores de AL Empresa de compensaci\u00f3n"},"content":{"rendered":"    <section class=\"pl-block pl-raw-content mb-7 pl-t [&#038;.border-t-2]:pt-8  \">\n        <h5 class=\"p1\"><span class=\"ez-toc-section\" id=\"CUENTANOS_TU_HISTORIA\"><\/span>CU\u00c9NTANOS TU HISTORIA<span class=\"ez-toc-section-end\"><\/span><\/h5>\n<h2 class=\"p1\"><span class=\"ez-toc-section\" id=\"Aviso_para_Cualquier_persona_que_haya_sufrido_una_lesion_o_enfermedad_relacionada_con_el_trabajo\"><\/span>Aviso para: Cualquier persona que haya sufrido una lesi\u00f3n o enfermedad relacionada con el trabajo.<span class=\"ez-toc-section-end\"><\/span><\/h2>\n<p class=\"p1\">Los abogados de Pond Lehocky Giordano han visto los efectos de las lesiones laborales en personas decentes y trabajadoras: f\u00edsicos, psicol\u00f3gicos y emocionales.<\/p>\n<p class=\"p1\">Rellene el formulario de esta p\u00e1gina para ver si tiene derecho a salarios perdidos, gastos m\u00e9dicos, prestaciones para cubrir una p\u00e9rdida espec\u00edfica (como un miembro), pago por desfiguraci\u00f3n grave o cicatrices, o cobertura para participar en programas de rehabilitaci\u00f3n f\u00edsica o profesional.<\/p>\n    <\/section>\n\n\n\n    <section class=\"pl-block pl-raw-content mb-7 pl-t [&#038;.border-t-2]:pt-8 border-t-2 border-gray\/90 \">\n        <h2 class=\"p1\"><span class=\"ez-toc-section\" id=\"INDEMNIZACION_DE_LOS_TRABAJADORES\"><\/span>INDEMNIZACI\u00d3N DE LOS TRABAJADORES<span class=\"ez-toc-section-end\"><\/span><\/h2>\n<p class=\"p1\">Sufrir una lesi\u00f3n en el trabajo puede ser una p\u00e9rdida devastadora tanto para las personas como para sus familias. Navegar por el proceso legal, a menudo complejo, necesario para recuperarse tanto f\u00edsica como econ\u00f3micamente de un evento de este tipo a\u00f1ade m\u00e1s dificultades a una situaci\u00f3n ya estresante.<\/p>\n<p class=\"p1\">En Pond Lehocky Giordano, nos especializamos en la lucha por los derechos de los trabajadores que han sido afectados negativamente por una enfermedad o lesi\u00f3n relacionada con el trabajo, y es nuestro honor ayudarles a recuperarse en la mayor medida posible.<\/p>\n    <\/section>\n\n\n\n    <section class=\"pl-block pl-raw-content mb-7 pl-t [&#038;.border-t-2]:pt-8 border-t-2 border-gray\/90 \">\n        <h2 class=\"p1\"><span class=\"ez-toc-section\" id=\"DERECHOS_Y_OBLIGACIONES_DE_LOS_TRABAJADORES\"><\/span>DERECHOS Y OBLIGACIONES DE LOS TRABAJADORES<span class=\"ez-toc-section-end\"><\/span><\/h2>\n<p class=\"p1\">La ley de compensaci\u00f3n de los trabajadores de Alabama proporciona varias prestaciones a un trabajador lesionado en el trabajo. Recuerde que ni el empresario ni su compa\u00f1\u00eda de seguros de accidentes de trabajo tienen obligaci\u00f3n alguna de informarle de todos sus derechos. Algunas de las ventajas son:<\/p>\n<p class=\"p1\"><b>Pago de todos los tratamientos m\u00e9dicos derivados del accidente o lesi\u00f3n.<\/b><\/p>\n<p class=\"p1\">Recuerde que la lesi\u00f3n debe ser notificada y el tratamiento m\u00e9dico debe ser dispensado por un proveedor m\u00e9dico autorizado.<\/p>\n<p class=\"p1\"><b>En caso de baja por accidente, el trabajador tiene derecho a percibir 2\/3 de su salario semanal medio (SST).<\/b><\/p>\n<p class=\"p1\">Existe una f\u00f3rmula para determinar esta inclusi\u00f3n de prestaciones.<\/p>\n<p class=\"p1\"><b>Prestaciones por incapacidad permanente parcial o permanente total en funci\u00f3n de la gravedad de la lesi\u00f3n.<\/b><\/p>\n<p class=\"p1\">Recuerde, en Alabama un tribunal \/ juez no puede hacer que la compa\u00f1\u00eda de seguros \/ empleador le pague una suma global de liquidaci\u00f3n, pero nuestros abogados son excelentes en la resoluci\u00f3n de casos de pagos a tanto alzado en lugar de pagos semanales a largo plazo.<\/p>\n<p class=\"p1\"><b>Las prestaciones profesionales son debidas y exigibles si el trabajador no puede volver a su situaci\u00f3n laboral anterior a la lesi\u00f3n como consecuencia de su lesi\u00f3n permanente y sus restricciones.<\/b><\/p>\n<p class=\"p1\">Estas prestaciones tienen valor y a menudo son pasadas por alto por un trabajador lesionado que no est\u00e1 familiarizado con la ley. Recuerde que ni el empresario ni su compa\u00f1\u00eda de seguros de accidentes de trabajo est\u00e1n obligados a informarle de los derechos que le otorga la ley.<\/p>\n    <\/section>\n\n","protected":false},"excerpt":{"rendered":"","protected":false},"author":4,"featured_media":6163,"parent":6449,"menu_order":18,"comment_status":"closed","ping_status":"closed","template":"templates\/template-campaign.php","meta":{"_acf_changed":true,"footnotes":"","_elementor_data":""},"class_list":["post-6605","page","type-page","status-publish","has-post-thumbnail","hentry"],"acf":[],"page_builder_type":"gutenberg","gutenberg_data":[],"yoast_head":"<!-- This site is optimized with the Yoast SEO Premium plugin v27.3 (Yoast SEO v27.3) - https:\/\/yoast.com\/product\/yoast-seo-premium-wordpress\/ -->\n<title>Alabama Compensaci\u00f3n a los Trabajadores Abogados | Presentar una reclamaci\u00f3n gratuita | Pond Lehocky Giordano LLP<\/title>\n<meta name=\"description\" content=\"La ley de compensaci\u00f3n de los trabajadores de Alabama proporciona varias prestaciones a un trabajador lesionado en el trabajo M\u00e1s informaci\u00f3n\" \/>\n<meta name=\"robots\" content=\"index, follow, max-snippet:-1, max-image-preview:large, max-video-preview:-1\" \/>\n<link rel=\"canonical\" href=\"https:\/\/www.pondlehocky.com\/es\/campaign\/al-indemnizacion-por-accidente-laboral\/\" \/>\n<meta property=\"og:locale\" content=\"es_ES\" \/>\n<meta property=\"og:type\" content=\"article\" \/>\n<meta property=\"og:title\" content=\"Los trabajadores de AL Empresa de compensaci\u00f3n\" \/>\n<meta property=\"og:description\" content=\"La ley de compensaci\u00f3n de los trabajadores de Alabama proporciona varias prestaciones a un trabajador lesionado en el trabajo M\u00e1s informaci\u00f3n\" \/>\n<meta property=\"og:url\" content=\"https:\/\/www.pondlehocky.com\/es\/campaign\/al-indemnizacion-por-accidente-laboral\/\" \/>\n<meta property=\"og:site_name\" content=\"Pond Lehocky Giordano, Inc.\" \/>\n<meta property=\"article:publisher\" content=\"https:\/\/www.instagram.com\/pondlehocky\/\" \/>\n<meta property=\"article:modified_time\" content=\"2024-07-31T19:19:50+00:00\" \/>\n<meta property=\"og:image\" content=\"https:\/\/www.pondlehocky.com\/wp-content\/uploads\/2024\/07\/bg-practice-area-block.png\" \/>\n\t<meta property=\"og:image:width\" content=\"1440\" \/>\n\t<meta property=\"og:image:height\" content=\"600\" \/>\n\t<meta property=\"og:image:type\" content=\"image\/png\" \/>\n<meta name=\"twitter:card\" content=\"summary_large_image\" \/>\n<meta name=\"twitter:label1\" content=\"Tiempo de lectura\" \/>\n\t<meta name=\"twitter:data1\" content=\"1 minuto\" \/>\n<script type=\"application\/ld+json\" class=\"yoast-schema-graph\">{\"@context\":\"https:\\\/\\\/schema.org\",\"@graph\":[{\"@type\":\"WebPage\",\"@id\":\"https:\\\/\\\/www.pondlehocky.com\\\/es\\\/campaign\\\/al-indemnizacion-por-accidente-laboral\\\/\",\"url\":\"https:\\\/\\\/www.pondlehocky.com\\\/es\\\/campaign\\\/al-indemnizacion-por-accidente-laboral\\\/\",\"name\":\"Alabama Compensaci\u00f3n a los Trabajadores Abogados | Presentar una reclamaci\u00f3n gratuita | Pond Lehocky Giordano LLP\",\"isPartOf\":{\"@id\":\"https:\\\/\\\/www.pondlehocky.com\\\/es\\\/#website\"},\"primaryImageOfPage\":{\"@id\":\"https:\\\/\\\/www.pondlehocky.com\\\/es\\\/campaign\\\/al-indemnizacion-por-accidente-laboral\\\/#primaryimage\"},\"image\":{\"@id\":\"https:\\\/\\\/www.pondlehocky.com\\\/es\\\/campaign\\\/al-indemnizacion-por-accidente-laboral\\\/#primaryimage\"},\"thumbnailUrl\":\"https:\\\/\\\/www.pondlehocky.com\\\/wp-content\\\/uploads\\\/2024\\\/07\\\/bg-practice-area-block.png\",\"datePublished\":\"2024-07-29T03:52:41+00:00\",\"dateModified\":\"2024-07-31T19:19:50+00:00\",\"description\":\"La ley de compensaci\u00f3n de los trabajadores de Alabama proporciona varias prestaciones a un trabajador lesionado en el trabajo M\u00e1s informaci\u00f3n\",\"breadcrumb\":{\"@id\":\"https:\\\/\\\/www.pondlehocky.com\\\/es\\\/campaign\\\/al-indemnizacion-por-accidente-laboral\\\/#breadcrumb\"},\"inLanguage\":\"es\",\"potentialAction\":[{\"@type\":\"ReadAction\",\"target\":[\"https:\\\/\\\/www.pondlehocky.com\\\/es\\\/campaign\\\/al-indemnizacion-por-accidente-laboral\\\/\"]}]},{\"@type\":\"ImageObject\",\"inLanguage\":\"es\",\"@id\":\"https:\\\/\\\/www.pondlehocky.com\\\/es\\\/campaign\\\/al-indemnizacion-por-accidente-laboral\\\/#primaryimage\",\"url\":\"https:\\\/\\\/www.pondlehocky.com\\\/wp-content\\\/uploads\\\/2024\\\/07\\\/bg-practice-area-block.png\",\"contentUrl\":\"https:\\\/\\\/www.pondlehocky.com\\\/wp-content\\\/uploads\\\/2024\\\/07\\\/bg-practice-area-block.png\",\"width\":1440,\"height\":600,\"caption\":\"practice area background\"},{\"@type\":\"BreadcrumbList\",\"@id\":\"https:\\\/\\\/www.pondlehocky.com\\\/es\\\/campaign\\\/al-indemnizacion-por-accidente-laboral\\\/#breadcrumb\",\"itemListElement\":[{\"@type\":\"ListItem\",\"position\":1,\"name\":\"Home\",\"item\":\"https:\\\/\\\/www.pondlehocky.com\\\/es\\\/homepage\\\/\"},{\"@type\":\"ListItem\",\"position\":2,\"name\":\"Campaign\",\"item\":\"https:\\\/\\\/www.pondlehocky.com\\\/es\\\/campaign\\\/\"},{\"@type\":\"ListItem\",\"position\":3,\"name\":\"Los trabajadores de AL Empresa de compensaci\u00f3n\"}]},{\"@type\":\"WebSite\",\"@id\":\"https:\\\/\\\/www.pondlehocky.com\\\/es\\\/#website\",\"url\":\"https:\\\/\\\/www.pondlehocky.com\\\/es\\\/\",\"name\":\"Pond Lehocky Giordano, Inc.\",\"description\":\"Largest workers\u2019 compensation and Social Security disability law firm in Pennsylvania\",\"publisher\":{\"@id\":\"https:\\\/\\\/www.pondlehocky.com\\\/es\\\/#organization\"},\"alternateName\":\"Pond Lehocky Giordano, Inc.\",\"potentialAction\":[{\"@type\":\"SearchAction\",\"target\":{\"@type\":\"EntryPoint\",\"urlTemplate\":\"https:\\\/\\\/www.pondlehocky.com\\\/es\\\/?s={search_term_string}\"},\"query-input\":{\"@type\":\"PropertyValueSpecification\",\"valueRequired\":true,\"valueName\":\"search_term_string\"}}],\"inLanguage\":\"es\"},{\"@type\":\"Organization\",\"@id\":\"https:\\\/\\\/www.pondlehocky.com\\\/es\\\/#organization\",\"name\":\"Pond Lehocky Giordano, Inc\",\"alternateName\":\"Pond Lehocky Giordano, Inc.\",\"url\":\"https:\\\/\\\/www.pondlehocky.com\\\/es\\\/\",\"logo\":{\"@type\":\"ImageObject\",\"inLanguage\":\"es\",\"@id\":\"https:\\\/\\\/www.pondlehocky.com\\\/es\\\/#\\\/schema\\\/logo\\\/image\\\/\",\"url\":\"https:\\\/\\\/www.pondlehocky.com\\\/wp-content\\\/uploads\\\/2024\\\/04\\\/pond-lehocky-logo.png\",\"contentUrl\":\"https:\\\/\\\/www.pondlehocky.com\\\/wp-content\\\/uploads\\\/2024\\\/04\\\/pond-lehocky-logo.png\",\"width\":355,\"height\":28,\"caption\":\"Pond Lehocky Giordano, Inc\"},\"image\":{\"@id\":\"https:\\\/\\\/www.pondlehocky.com\\\/es\\\/#\\\/schema\\\/logo\\\/image\\\/\"},\"sameAs\":[\"https:\\\/\\\/www.instagram.com\\\/pondlehocky\\\/\",\"https:\\\/\\\/www.youtube.com\\\/user\\\/pondlehocky\",\"https:\\\/\\\/www.tiktok.com\\\/@pondlehockygiordano\",\"https:\\\/\\\/www.facebook.com\\\/PondLehocky\",\"https:\\\/\\\/www.linkedin.com\\\/company\\\/pond-lehocky-giordano\\\/\"]}]}<\/script>\n<!-- \/ Yoast SEO Premium plugin. -->","yoast_head_json":{"title":"Alabama Compensaci\u00f3n a los Trabajadores Abogados | Presentar una reclamaci\u00f3n gratuita | Pond Lehocky Giordano LLP","description":"La ley de compensaci\u00f3n de los trabajadores de Alabama proporciona varias prestaciones a un trabajador lesionado en el trabajo M\u00e1s informaci\u00f3n","robots":{"index":"index","follow":"follow","max-snippet":"max-snippet:-1","max-image-preview":"max-image-preview:large","max-video-preview":"max-video-preview:-1"},"canonical":"https:\/\/www.pondlehocky.com\/es\/campaign\/al-indemnizacion-por-accidente-laboral\/","og_locale":"es_ES","og_type":"article","og_title":"Los trabajadores de AL Empresa de compensaci\u00f3n","og_description":"La ley de compensaci\u00f3n de los trabajadores de Alabama proporciona varias prestaciones a un trabajador lesionado en el trabajo M\u00e1s informaci\u00f3n","og_url":"https:\/\/www.pondlehocky.com\/es\/campaign\/al-indemnizacion-por-accidente-laboral\/","og_site_name":"Pond Lehocky Giordano, Inc.","article_publisher":"https:\/\/www.instagram.com\/pondlehocky\/","article_modified_time":"2024-07-31T19:19:50+00:00","og_image":[{"width":1440,"height":600,"url":"https:\/\/www.pondlehocky.com\/wp-content\/uploads\/2024\/07\/bg-practice-area-block.png","type":"image\/png"}],"twitter_card":"summary_large_image","twitter_misc":{"Tiempo de lectura":"1 minuto"},"schema":{"@context":"https:\/\/schema.org","@graph":[{"@type":"WebPage","@id":"https:\/\/www.pondlehocky.com\/es\/campaign\/al-indemnizacion-por-accidente-laboral\/","url":"https:\/\/www.pondlehocky.com\/es\/campaign\/al-indemnizacion-por-accidente-laboral\/","name":"Alabama Compensaci\u00f3n a los Trabajadores Abogados | Presentar una reclamaci\u00f3n gratuita | Pond Lehocky Giordano LLP","isPartOf":{"@id":"https:\/\/www.pondlehocky.com\/es\/#website"},"primaryImageOfPage":{"@id":"https:\/\/www.pondlehocky.com\/es\/campaign\/al-indemnizacion-por-accidente-laboral\/#primaryimage"},"image":{"@id":"https:\/\/www.pondlehocky.com\/es\/campaign\/al-indemnizacion-por-accidente-laboral\/#primaryimage"},"thumbnailUrl":"https:\/\/www.pondlehocky.com\/wp-content\/uploads\/2024\/07\/bg-practice-area-block.png","datePublished":"2024-07-29T03:52:41+00:00","dateModified":"2024-07-31T19:19:50+00:00","description":"La ley de compensaci\u00f3n de los trabajadores de Alabama proporciona varias prestaciones a un trabajador lesionado en el trabajo M\u00e1s informaci\u00f3n","breadcrumb":{"@id":"https:\/\/www.pondlehocky.com\/es\/campaign\/al-indemnizacion-por-accidente-laboral\/#breadcrumb"},"inLanguage":"es","potentialAction":[{"@type":"ReadAction","target":["https:\/\/www.pondlehocky.com\/es\/campaign\/al-indemnizacion-por-accidente-laboral\/"]}]},{"@type":"ImageObject","inLanguage":"es","@id":"https:\/\/www.pondlehocky.com\/es\/campaign\/al-indemnizacion-por-accidente-laboral\/#primaryimage","url":"https:\/\/www.pondlehocky.com\/wp-content\/uploads\/2024\/07\/bg-practice-area-block.png","contentUrl":"https:\/\/www.pondlehocky.com\/wp-content\/uploads\/2024\/07\/bg-practice-area-block.png","width":1440,"height":600,"caption":"practice area background"},{"@type":"BreadcrumbList","@id":"https:\/\/www.pondlehocky.com\/es\/campaign\/al-indemnizacion-por-accidente-laboral\/#breadcrumb","itemListElement":[{"@type":"ListItem","position":1,"name":"Home","item":"https:\/\/www.pondlehocky.com\/es\/homepage\/"},{"@type":"ListItem","position":2,"name":"Campaign","item":"https:\/\/www.pondlehocky.com\/es\/campaign\/"},{"@type":"ListItem","position":3,"name":"Los trabajadores de AL Empresa de compensaci\u00f3n"}]},{"@type":"WebSite","@id":"https:\/\/www.pondlehocky.com\/es\/#website","url":"https:\/\/www.pondlehocky.com\/es\/","name":"Pond Lehocky Giordano, Inc.","description":"Largest workers\u2019 compensation and Social Security disability law firm in Pennsylvania","publisher":{"@id":"https:\/\/www.pondlehocky.com\/es\/#organization"},"alternateName":"Pond Lehocky Giordano, Inc.","potentialAction":[{"@type":"SearchAction","target":{"@type":"EntryPoint","urlTemplate":"https:\/\/www.pondlehocky.com\/es\/?s={search_term_string}"},"query-input":{"@type":"PropertyValueSpecification","valueRequired":true,"valueName":"search_term_string"}}],"inLanguage":"es"},{"@type":"Organization","@id":"https:\/\/www.pondlehocky.com\/es\/#organization","name":"Pond Lehocky Giordano, Inc","alternateName":"Pond Lehocky Giordano, Inc.","url":"https:\/\/www.pondlehocky.com\/es\/","logo":{"@type":"ImageObject","inLanguage":"es","@id":"https:\/\/www.pondlehocky.com\/es\/#\/schema\/logo\/image\/","url":"https:\/\/www.pondlehocky.com\/wp-content\/uploads\/2024\/04\/pond-lehocky-logo.png","contentUrl":"https:\/\/www.pondlehocky.com\/wp-content\/uploads\/2024\/04\/pond-lehocky-logo.png","width":355,"height":28,"caption":"Pond Lehocky Giordano, Inc"},"image":{"@id":"https:\/\/www.pondlehocky.com\/es\/#\/schema\/logo\/image\/"},"sameAs":["https:\/\/www.instagram.com\/pondlehocky\/","https:\/\/www.youtube.com\/user\/pondlehocky","https:\/\/www.tiktok.com\/@pondlehockygiordano","https:\/\/www.facebook.com\/PondLehocky","https:\/\/www.linkedin.com\/company\/pond-lehocky-giordano\/"]}]}},"_links":{"self":[{"href":"https:\/\/www.pondlehocky.com\/es\/wp-json\/wp\/v2\/pages\/6605","targetHints":{"allow":["GET"]}}],"collection":[{"href":"https:\/\/www.pondlehocky.com\/es\/wp-json\/wp\/v2\/pages"}],"about":[{"href":"https:\/\/www.pondlehocky.com\/es\/wp-json\/wp\/v2\/types\/page"}],"author":[{"embeddable":true,"href":"https:\/\/www.pondlehocky.com\/es\/wp-json\/wp\/v2\/users\/4"}],"replies":[{"embeddable":true,"href":"https:\/\/www.pondlehocky.com\/es\/wp-json\/wp\/v2\/comments?post=6605"}],"version-history":[{"count":0,"href":"https:\/\/www.pondlehocky.com\/es\/wp-json\/wp\/v2\/pages\/6605\/revisions"}],"up":[{"embeddable":true,"href":"https:\/\/www.pondlehocky.com\/es\/wp-json\/wp\/v2\/pages\/6449"}],"wp:featuredmedia":[{"embeddable":true,"href":"https:\/\/www.pondlehocky.com\/es\/wp-json\/wp\/v2\/media\/6163"}],"wp:attachment":[{"href":"https:\/\/www.pondlehocky.com\/es\/wp-json\/wp\/v2\/media?parent=6605"}],"curies":[{"name":"wp","href":"https:\/\/api.w.org\/{rel}","templated":true}]}}