{"id":6608,"date":"2024-07-26T20:36:55","date_gmt":"2024-07-26T20:36:55","guid":{"rendered":"https:\/\/www.pondlehocky.com\/?page_id=6608"},"modified":"2024-07-31T19:24:56","modified_gmt":"2024-07-31T19:24:56","slug":"el-camion-de-megafonia-abogados-de-accidentes","status":"publish","type":"page","link":"https:\/\/www.pondlehocky.com\/es\/campaign\/el-camion-de-megafonia-abogados-de-accidentes\/","title":{"rendered":"El cami\u00f3n de megafon\u00eda Abogados de accidentes"},"content":{"rendered":"    <section class=\"pl-block pl-raw-content mb-7 pl-t [&#038;.border-t-2]:pt-8  \">\n        <h5 class=\"p1\"><span class=\"ez-toc-section\" id=\"CUENTANOS_TU_HISTORIA\"><\/span>CU\u00c9NTANOS TU HISTORIA<span class=\"ez-toc-section-end\"><\/span><\/h5>\n<h2 class=\"p1\"><span class=\"ez-toc-section\" id=\"Aviso_para_Cualquier_persona_que_haya_sido_atropellada_por_un_semirremolque_o_vehiculo_comercial_de_grandes_dimensiones\"><\/span>Aviso para: Cualquier persona que haya sido atropellada por un semirremolque o veh\u00edculo comercial de grandes dimensiones.<span class=\"ez-toc-section-end\"><\/span><\/h2>\n<p class=\"p1\">Rellene el formulario para ver si tiene derecho agastos m\u00e9dicos, una indemnizaci\u00f3n a tanto alzado, salarios perdidos, da\u00f1os al veh\u00edculo y mucho m\u00e1s.<\/p>\n<p class=\"p1\">No se conforme con el seguro: p\u00f3ngase en contacto con nosotros primero. Como el mayor bufete de abogados especializados en lesiones de la regi\u00f3n, sabemos c\u00f3mo conseguirle la indemnizaci\u00f3n que se merece.<\/p>\n    <\/section>\n\n\n\n    <section class=\"pl-block pl-raw-content mb-7 pl-t [&#038;.border-t-2]:pt-8 border-t-2 border-gray\/90 \">\n        <h2 class=\"p1\"><span class=\"ez-toc-section\" id=\"DEMANDAS_POR_ACCIDENTES_DE_TRACTOCAMION\"><\/span>DEMANDAS POR ACCIDENTES DE TRACTOCAMI\u00d3N<span class=\"ez-toc-section-end\"><\/span><\/h2>\n<p class=\"p1\">Las demandas por accidentes de cami\u00f3n son muy diferentes de los casos de accidentes de coche y de otros tipos de litigios automovil\u00edsticos. Los camioneros y las empresas de transporte deben operar dentro de un complejo conjunto de leyes estatales y federales. Esta normativa regula las horas de servicio, los requisitos de mantenimiento e inspecci\u00f3n y otros protocolos de seguridad. Nuestros abogados de accidentes de cami\u00f3n est\u00e1n bien versados en estas regulaciones y leyes y pueden ayudarle a navegar el proceso legal para asegurarse de que recibe la compensaci\u00f3n que se merece.<\/p>\n    <\/section>\n\n\n\n    <section class=\"pl-block pl-raw-content mb-7 pl-t [&#038;.border-t-2]:pt-8 border-t-2 border-gray\/90 \">\n        <h2 class=\"p1\"><span class=\"ez-toc-section\" id=\"ABOGADOS_DE_ACCIDENTES_DE_CAMION\"><\/span>ABOGADOS DE ACCIDENTES DE CAMI\u00d3N<span class=\"ez-toc-section-end\"><\/span><\/h2>\n<p class=\"p1\">Una vez que contrate a un abogado de accidentes de cami\u00f3n, tendr\u00e1n que demostrar que el conductor del cami\u00f3n y otras partes relevantes fueron negligentes, causando el accidente. Para probarlo, su abogado establecer\u00e1 los par\u00e1metros del deber de diligencia del camionero y demostrar\u00e1 que hubo un incumplimiento de ese deber que provoc\u00f3 sus lesiones y los da\u00f1os relacionados. Algunos ejemplos de negligencia de un camionero son quedarse dormido al volante, saltarse un sem\u00e1foro en rojo o una se\u00f1al de stop, exceso de velocidad y enviar mensajes de texto mientras se conduce.<\/p>\n    <\/section>\n\n\n\n    <section class=\"pl-block pl-raw-content mb-7 pl-t [&#038;.border-t-2]:pt-8 border-t-2 border-gray\/90 \">\n        <h2 class=\"p1\"><span class=\"ez-toc-section\" id=\"MULTIPLES_PARTES_PUEDEN_SER_RESPONSABLES_DE_EL_ACCIDENTE_DE_COCHE\"><\/span>M\u00daLTIPLES PARTES PUEDEN SER RESPONSABLES DE <b>EL ACCIDENTE DE COCHE<\/b><span class=\"ez-toc-section-end\"><\/span><\/h2>\n<p class=\"p1\">En las demandas por accidentes de camiones de 18 ruedas, el conductor del cami\u00f3n puede no ser la \u00fanica persona responsable del accidente. La empresa de camiones, el propietario del cami\u00f3n, la empresa que alquila el cami\u00f3n, la empresa que alquila el remolque y la instalaci\u00f3n responsable de cargar el cami\u00f3n son ejemplos de otras partes que pueden ser consideradas responsables. Cada caso es \u00fanico, por lo que la mejor manera de determinar qui\u00e9n tiene la culpa es hablar con un abogado. Su abogado de accidentes de 18 ruedas puede decidir que usted puede maximizar su compensaci\u00f3n demandando a m\u00faltiples partes.<\/p>\n    <\/section>\n\n\n\n    <section class=\"pl-block pl-raw-content mb-7 pl-t [&#038;.border-t-2]:pt-8 border-t-2 border-gray\/90 \">\n        <h2 class=\"p1\"><span class=\"ez-toc-section\" id=\"PRESCRIPCION\"><\/span>PRESCRIPCI\u00d3N<span class=\"ez-toc-section-end\"><\/span><\/h2>\n<p class=\"p2\">En la mayor\u00eda de los casos, el plazo de prescripci\u00f3n de una demanda por accidente de veh\u00edculo comercial es de 2 a\u00f1os, pero lo mejor es ponerse en contacto con un abogado lo antes posible despu\u00e9s de un accidente para reunir y conservar pruebas importantes.<\/p>\n    <\/section>\n\n","protected":false},"excerpt":{"rendered":"","protected":false},"author":4,"featured_media":6163,"parent":6449,"menu_order":23,"comment_status":"closed","ping_status":"closed","template":"templates\/template-campaign.php","meta":{"_acf_changed":true,"footnotes":"","_elementor_data":""},"class_list":["post-6608","page","type-page","status-publish","has-post-thumbnail","hentry"],"acf":[],"page_builder_type":"gutenberg","gutenberg_data":[],"yoast_head":"<!-- This site is optimized with the Yoast SEO Premium plugin v27.3 (Yoast SEO v27.3) - https:\/\/yoast.com\/product\/yoast-seo-premium-wordpress\/ -->\n<title>PA Abogados de accidentes de camiones | Pond Lehocky Giordano | Pond Lehocky Giordano LLP<\/title>\n<meta name=\"description\" content=\"Rellene el formulario de nuestra p\u00e1gina para ver si tiene derecho a gastos m\u00e9dicos, una indemnizaci\u00f3n a tanto alzado, salarios perdidos, da\u00f1os al veh\u00edculo y mucho m\u00e1s\" \/>\n<meta name=\"robots\" content=\"index, follow, max-snippet:-1, max-image-preview:large, max-video-preview:-1\" \/>\n<link rel=\"canonical\" href=\"https:\/\/www.pondlehocky.com\/es\/campaign\/el-camion-de-megafonia-abogados-de-accidentes\/\" \/>\n<meta property=\"og:locale\" content=\"es_ES\" \/>\n<meta property=\"og:type\" content=\"article\" \/>\n<meta property=\"og:title\" content=\"El cami\u00f3n de megafon\u00eda Abogados de accidentes\" \/>\n<meta property=\"og:description\" content=\"Rellene el formulario de nuestra p\u00e1gina para ver si tiene derecho a gastos m\u00e9dicos, una indemnizaci\u00f3n a tanto alzado, salarios perdidos, da\u00f1os al veh\u00edculo y mucho m\u00e1s\" \/>\n<meta property=\"og:url\" content=\"https:\/\/www.pondlehocky.com\/es\/campaign\/el-camion-de-megafonia-abogados-de-accidentes\/\" \/>\n<meta property=\"og:site_name\" content=\"Pond Lehocky Giordano, Inc.\" \/>\n<meta property=\"article:publisher\" content=\"https:\/\/www.instagram.com\/pondlehocky\/\" \/>\n<meta property=\"article:modified_time\" content=\"2024-07-31T19:24:56+00:00\" \/>\n<meta property=\"og:image\" content=\"https:\/\/www.pondlehocky.com\/wp-content\/uploads\/2024\/07\/bg-practice-area-block.png\" \/>\n\t<meta property=\"og:image:width\" content=\"1440\" \/>\n\t<meta property=\"og:image:height\" content=\"600\" \/>\n\t<meta property=\"og:image:type\" content=\"image\/png\" \/>\n<meta name=\"twitter:card\" content=\"summary_large_image\" \/>\n<meta name=\"twitter:label1\" content=\"Tiempo de lectura\" \/>\n\t<meta name=\"twitter:data1\" content=\"1 minuto\" \/>\n<script type=\"application\/ld+json\" class=\"yoast-schema-graph\">{\"@context\":\"https:\\\/\\\/schema.org\",\"@graph\":[{\"@type\":\"WebPage\",\"@id\":\"https:\\\/\\\/www.pondlehocky.com\\\/es\\\/campaign\\\/el-camion-de-megafonia-abogados-de-accidentes\\\/\",\"url\":\"https:\\\/\\\/www.pondlehocky.com\\\/es\\\/campaign\\\/el-camion-de-megafonia-abogados-de-accidentes\\\/\",\"name\":\"PA Abogados de accidentes de camiones | Pond Lehocky Giordano | Pond Lehocky Giordano LLP\",\"isPartOf\":{\"@id\":\"https:\\\/\\\/www.pondlehocky.com\\\/es\\\/#website\"},\"primaryImageOfPage\":{\"@id\":\"https:\\\/\\\/www.pondlehocky.com\\\/es\\\/campaign\\\/el-camion-de-megafonia-abogados-de-accidentes\\\/#primaryimage\"},\"image\":{\"@id\":\"https:\\\/\\\/www.pondlehocky.com\\\/es\\\/campaign\\\/el-camion-de-megafonia-abogados-de-accidentes\\\/#primaryimage\"},\"thumbnailUrl\":\"https:\\\/\\\/www.pondlehocky.com\\\/wp-content\\\/uploads\\\/2024\\\/07\\\/bg-practice-area-block.png\",\"datePublished\":\"2024-07-26T20:36:55+00:00\",\"dateModified\":\"2024-07-31T19:24:56+00:00\",\"description\":\"Rellene el formulario de nuestra p\u00e1gina para ver si tiene derecho a gastos m\u00e9dicos, una indemnizaci\u00f3n a tanto alzado, salarios perdidos, da\u00f1os al veh\u00edculo y mucho m\u00e1s\",\"breadcrumb\":{\"@id\":\"https:\\\/\\\/www.pondlehocky.com\\\/es\\\/campaign\\\/el-camion-de-megafonia-abogados-de-accidentes\\\/#breadcrumb\"},\"inLanguage\":\"es\",\"potentialAction\":[{\"@type\":\"ReadAction\",\"target\":[\"https:\\\/\\\/www.pondlehocky.com\\\/es\\\/campaign\\\/el-camion-de-megafonia-abogados-de-accidentes\\\/\"]}]},{\"@type\":\"ImageObject\",\"inLanguage\":\"es\",\"@id\":\"https:\\\/\\\/www.pondlehocky.com\\\/es\\\/campaign\\\/el-camion-de-megafonia-abogados-de-accidentes\\\/#primaryimage\",\"url\":\"https:\\\/\\\/www.pondlehocky.com\\\/wp-content\\\/uploads\\\/2024\\\/07\\\/bg-practice-area-block.png\",\"contentUrl\":\"https:\\\/\\\/www.pondlehocky.com\\\/wp-content\\\/uploads\\\/2024\\\/07\\\/bg-practice-area-block.png\",\"width\":1440,\"height\":600,\"caption\":\"practice area background\"},{\"@type\":\"BreadcrumbList\",\"@id\":\"https:\\\/\\\/www.pondlehocky.com\\\/es\\\/campaign\\\/el-camion-de-megafonia-abogados-de-accidentes\\\/#breadcrumb\",\"itemListElement\":[{\"@type\":\"ListItem\",\"position\":1,\"name\":\"Home\",\"item\":\"https:\\\/\\\/www.pondlehocky.com\\\/es\\\/homepage\\\/\"},{\"@type\":\"ListItem\",\"position\":2,\"name\":\"Campaign\",\"item\":\"https:\\\/\\\/www.pondlehocky.com\\\/es\\\/campaign\\\/\"},{\"@type\":\"ListItem\",\"position\":3,\"name\":\"El cami\u00f3n de megafon\u00eda Abogados de accidentes\"}]},{\"@type\":\"WebSite\",\"@id\":\"https:\\\/\\\/www.pondlehocky.com\\\/es\\\/#website\",\"url\":\"https:\\\/\\\/www.pondlehocky.com\\\/es\\\/\",\"name\":\"Pond Lehocky Giordano, Inc.\",\"description\":\"Largest workers\u2019 compensation and Social Security disability law firm in Pennsylvania\",\"publisher\":{\"@id\":\"https:\\\/\\\/www.pondlehocky.com\\\/es\\\/#organization\"},\"alternateName\":\"Pond Lehocky Giordano, Inc.\",\"potentialAction\":[{\"@type\":\"SearchAction\",\"target\":{\"@type\":\"EntryPoint\",\"urlTemplate\":\"https:\\\/\\\/www.pondlehocky.com\\\/es\\\/?s={search_term_string}\"},\"query-input\":{\"@type\":\"PropertyValueSpecification\",\"valueRequired\":true,\"valueName\":\"search_term_string\"}}],\"inLanguage\":\"es\"},{\"@type\":\"Organization\",\"@id\":\"https:\\\/\\\/www.pondlehocky.com\\\/es\\\/#organization\",\"name\":\"Pond Lehocky Giordano, Inc\",\"alternateName\":\"Pond Lehocky Giordano, Inc.\",\"url\":\"https:\\\/\\\/www.pondlehocky.com\\\/es\\\/\",\"logo\":{\"@type\":\"ImageObject\",\"inLanguage\":\"es\",\"@id\":\"https:\\\/\\\/www.pondlehocky.com\\\/es\\\/#\\\/schema\\\/logo\\\/image\\\/\",\"url\":\"https:\\\/\\\/www.pondlehocky.com\\\/wp-content\\\/uploads\\\/2024\\\/04\\\/pond-lehocky-logo.png\",\"contentUrl\":\"https:\\\/\\\/www.pondlehocky.com\\\/wp-content\\\/uploads\\\/2024\\\/04\\\/pond-lehocky-logo.png\",\"width\":355,\"height\":28,\"caption\":\"Pond Lehocky Giordano, Inc\"},\"image\":{\"@id\":\"https:\\\/\\\/www.pondlehocky.com\\\/es\\\/#\\\/schema\\\/logo\\\/image\\\/\"},\"sameAs\":[\"https:\\\/\\\/www.instagram.com\\\/pondlehocky\\\/\",\"https:\\\/\\\/www.youtube.com\\\/user\\\/pondlehocky\",\"https:\\\/\\\/www.tiktok.com\\\/@pondlehockygiordano\",\"https:\\\/\\\/www.facebook.com\\\/PondLehocky\",\"https:\\\/\\\/www.linkedin.com\\\/company\\\/pond-lehocky-giordano\\\/\"]}]}<\/script>\n<!-- \/ Yoast SEO Premium plugin. -->","yoast_head_json":{"title":"PA Abogados de accidentes de camiones | Pond Lehocky Giordano | Pond Lehocky Giordano LLP","description":"Rellene el formulario de nuestra p\u00e1gina para ver si tiene derecho a gastos m\u00e9dicos, una indemnizaci\u00f3n a tanto alzado, salarios perdidos, da\u00f1os al veh\u00edculo y mucho m\u00e1s","robots":{"index":"index","follow":"follow","max-snippet":"max-snippet:-1","max-image-preview":"max-image-preview:large","max-video-preview":"max-video-preview:-1"},"canonical":"https:\/\/www.pondlehocky.com\/es\/campaign\/el-camion-de-megafonia-abogados-de-accidentes\/","og_locale":"es_ES","og_type":"article","og_title":"El cami\u00f3n de megafon\u00eda Abogados de accidentes","og_description":"Rellene el formulario de nuestra p\u00e1gina para ver si tiene derecho a gastos m\u00e9dicos, una indemnizaci\u00f3n a tanto alzado, salarios perdidos, da\u00f1os al veh\u00edculo y mucho m\u00e1s","og_url":"https:\/\/www.pondlehocky.com\/es\/campaign\/el-camion-de-megafonia-abogados-de-accidentes\/","og_site_name":"Pond Lehocky Giordano, Inc.","article_publisher":"https:\/\/www.instagram.com\/pondlehocky\/","article_modified_time":"2024-07-31T19:24:56+00:00","og_image":[{"width":1440,"height":600,"url":"https:\/\/www.pondlehocky.com\/wp-content\/uploads\/2024\/07\/bg-practice-area-block.png","type":"image\/png"}],"twitter_card":"summary_large_image","twitter_misc":{"Tiempo de lectura":"1 minuto"},"schema":{"@context":"https:\/\/schema.org","@graph":[{"@type":"WebPage","@id":"https:\/\/www.pondlehocky.com\/es\/campaign\/el-camion-de-megafonia-abogados-de-accidentes\/","url":"https:\/\/www.pondlehocky.com\/es\/campaign\/el-camion-de-megafonia-abogados-de-accidentes\/","name":"PA Abogados de accidentes de camiones | Pond Lehocky Giordano | Pond Lehocky Giordano LLP","isPartOf":{"@id":"https:\/\/www.pondlehocky.com\/es\/#website"},"primaryImageOfPage":{"@id":"https:\/\/www.pondlehocky.com\/es\/campaign\/el-camion-de-megafonia-abogados-de-accidentes\/#primaryimage"},"image":{"@id":"https:\/\/www.pondlehocky.com\/es\/campaign\/el-camion-de-megafonia-abogados-de-accidentes\/#primaryimage"},"thumbnailUrl":"https:\/\/www.pondlehocky.com\/wp-content\/uploads\/2024\/07\/bg-practice-area-block.png","datePublished":"2024-07-26T20:36:55+00:00","dateModified":"2024-07-31T19:24:56+00:00","description":"Rellene el formulario de nuestra p\u00e1gina para ver si tiene derecho a gastos m\u00e9dicos, una indemnizaci\u00f3n a tanto alzado, salarios perdidos, da\u00f1os al veh\u00edculo y mucho m\u00e1s","breadcrumb":{"@id":"https:\/\/www.pondlehocky.com\/es\/campaign\/el-camion-de-megafonia-abogados-de-accidentes\/#breadcrumb"},"inLanguage":"es","potentialAction":[{"@type":"ReadAction","target":["https:\/\/www.pondlehocky.com\/es\/campaign\/el-camion-de-megafonia-abogados-de-accidentes\/"]}]},{"@type":"ImageObject","inLanguage":"es","@id":"https:\/\/www.pondlehocky.com\/es\/campaign\/el-camion-de-megafonia-abogados-de-accidentes\/#primaryimage","url":"https:\/\/www.pondlehocky.com\/wp-content\/uploads\/2024\/07\/bg-practice-area-block.png","contentUrl":"https:\/\/www.pondlehocky.com\/wp-content\/uploads\/2024\/07\/bg-practice-area-block.png","width":1440,"height":600,"caption":"practice area background"},{"@type":"BreadcrumbList","@id":"https:\/\/www.pondlehocky.com\/es\/campaign\/el-camion-de-megafonia-abogados-de-accidentes\/#breadcrumb","itemListElement":[{"@type":"ListItem","position":1,"name":"Home","item":"https:\/\/www.pondlehocky.com\/es\/homepage\/"},{"@type":"ListItem","position":2,"name":"Campaign","item":"https:\/\/www.pondlehocky.com\/es\/campaign\/"},{"@type":"ListItem","position":3,"name":"El cami\u00f3n de megafon\u00eda Abogados de accidentes"}]},{"@type":"WebSite","@id":"https:\/\/www.pondlehocky.com\/es\/#website","url":"https:\/\/www.pondlehocky.com\/es\/","name":"Pond Lehocky Giordano, Inc.","description":"Largest workers\u2019 compensation and Social Security disability law firm in Pennsylvania","publisher":{"@id":"https:\/\/www.pondlehocky.com\/es\/#organization"},"alternateName":"Pond Lehocky Giordano, Inc.","potentialAction":[{"@type":"SearchAction","target":{"@type":"EntryPoint","urlTemplate":"https:\/\/www.pondlehocky.com\/es\/?s={search_term_string}"},"query-input":{"@type":"PropertyValueSpecification","valueRequired":true,"valueName":"search_term_string"}}],"inLanguage":"es"},{"@type":"Organization","@id":"https:\/\/www.pondlehocky.com\/es\/#organization","name":"Pond Lehocky Giordano, Inc","alternateName":"Pond Lehocky Giordano, Inc.","url":"https:\/\/www.pondlehocky.com\/es\/","logo":{"@type":"ImageObject","inLanguage":"es","@id":"https:\/\/www.pondlehocky.com\/es\/#\/schema\/logo\/image\/","url":"https:\/\/www.pondlehocky.com\/wp-content\/uploads\/2024\/04\/pond-lehocky-logo.png","contentUrl":"https:\/\/www.pondlehocky.com\/wp-content\/uploads\/2024\/04\/pond-lehocky-logo.png","width":355,"height":28,"caption":"Pond Lehocky Giordano, Inc"},"image":{"@id":"https:\/\/www.pondlehocky.com\/es\/#\/schema\/logo\/image\/"},"sameAs":["https:\/\/www.instagram.com\/pondlehocky\/","https:\/\/www.youtube.com\/user\/pondlehocky","https:\/\/www.tiktok.com\/@pondlehockygiordano","https:\/\/www.facebook.com\/PondLehocky","https:\/\/www.linkedin.com\/company\/pond-lehocky-giordano\/"]}]}},"_links":{"self":[{"href":"https:\/\/www.pondlehocky.com\/es\/wp-json\/wp\/v2\/pages\/6608","targetHints":{"allow":["GET"]}}],"collection":[{"href":"https:\/\/www.pondlehocky.com\/es\/wp-json\/wp\/v2\/pages"}],"about":[{"href":"https:\/\/www.pondlehocky.com\/es\/wp-json\/wp\/v2\/types\/page"}],"author":[{"embeddable":true,"href":"https:\/\/www.pondlehocky.com\/es\/wp-json\/wp\/v2\/users\/4"}],"replies":[{"embeddable":true,"href":"https:\/\/www.pondlehocky.com\/es\/wp-json\/wp\/v2\/comments?post=6608"}],"version-history":[{"count":0,"href":"https:\/\/www.pondlehocky.com\/es\/wp-json\/wp\/v2\/pages\/6608\/revisions"}],"up":[{"embeddable":true,"href":"https:\/\/www.pondlehocky.com\/es\/wp-json\/wp\/v2\/pages\/6449"}],"wp:featuredmedia":[{"embeddable":true,"href":"https:\/\/www.pondlehocky.com\/es\/wp-json\/wp\/v2\/media\/6163"}],"wp:attachment":[{"href":"https:\/\/www.pondlehocky.com\/es\/wp-json\/wp\/v2\/media?parent=6608"}],"curies":[{"name":"wp","href":"https:\/\/api.w.org\/{rel}","templated":true}]}}