{"id":6678,"date":"2024-07-31T15:39:46","date_gmt":"2024-07-31T15:39:46","guid":{"rendered":"https:\/\/www.pondlehocky.com\/?page_id=6678"},"modified":"2024-07-31T19:39:49","modified_gmt":"2024-07-31T19:39:49","slug":"pa-injury-pagina-de-aterrizaje-kw-de-negligencia-medica","status":"publish","type":"page","link":"https:\/\/www.pondlehocky.com\/es\/campaign\/pa-injury-pagina-de-aterrizaje-kw-de-negligencia-medica\/","title":{"rendered":"Los abogados de Negligencia m\u00e9dica de Pennsylvania"},"content":{"rendered":"    <section class=\"pl-block pl-raw-content mb-7 pl-t [&#038;.border-t-2]:pt-8  \">\n        <h5 class=\"p2\"><span class=\"ez-toc-section\" id=\"CUENTANOS_TU_HISTORIA\"><\/span>CU\u00c9NTANOS TU HISTORIA<span class=\"ez-toc-section-end\"><\/span><\/h5>\n<h2 class=\"p3\"><span class=\"ez-toc-section\" id=\"Aviso_para_Cualquier_persona_que_haya_sido_victima_de_una_negligencia_medica_en_Pennsylvania\"><\/span>Aviso para: Cualquier persona que haya sido v\u00edctima de una negligencia m\u00e9dica en Pennsylvania.<span class=\"ez-toc-section-end\"><\/span><\/h2>\n<p class=\"p4\">Rellene el formulario para ver si tiene derecho a salarios perdidos, gastos m\u00e9dicos, prestaciones para cubrir una p\u00e9rdida espec\u00edfica (como un miembro), pago por desfiguraci\u00f3n grave o cicatrices, o cobertura para participar en programas de rehabilitaci\u00f3n f\u00edsica o profesional.<\/p>\n    <\/section>\n\n\n\n    <section class=\"pl-block pl-raw-content mb-7 pl-t [&#038;.border-t-2]:pt-8 border-t-2 border-gray\/90 \">\n        <h2 class=\"p1\"><span class=\"ez-toc-section\" id=\"ABOGADOS_EXPERTOS_EN_NEGLIGENCIAS_MEDICAS_A_TU_LADO\"><\/span>ABOGADOS EXPERTOS EN NEGLIGENCIAS M\u00c9DICAS A TU LADO<span class=\"ez-toc-section-end\"><\/span><\/h2>\n<p class=\"p1\">\u00bfEres t\u00fa o un ser querido v\u00edctima de una negligencia m\u00e9dica en Pennsylvania? Mereces justicia, y Pond Lehocky Giordano est\u00e1 aqu\u00ed para luchar por tus derechos.<\/p>\n<p class=\"p1\">Como abogados expertos en negligencias m\u00e9dicas, estamos especializados en representar a personas que han sufrido a causa de errores y negligencias m\u00e9dicas. Con nuestra experiencia y dedicaci\u00f3n, nos esforzamos por garantizar que recibas la indemnizaci\u00f3n que por derecho mereces.<\/p>\n    <\/section>\n\n\n\n    <section class=\"pl-block pl-raw-content mb-7 pl-t [&#038;.border-t-2]:pt-8 border-t-2 border-gray\/90 \">\n        <h2 class=\"p1\"><span class=\"ez-toc-section\" id=\"TIPOS_HABITUALES_DE_DEMANDAS_POR_LESIONES_MEDICAS\"><\/span>TIPOS HABITUALES DE DEMANDAS POR LESIONES M\u00c9DICAS<span class=\"ez-toc-section-end\"><\/span><\/h2>\n<p class=\"p2\">La negligencia m\u00e9dica puede adoptar muchas formas, y nuestros abogados tienen experiencia en la tramitaci\u00f3n de una amplia gama de casos, entre ellos:<\/p>\n<ul class=\"ul1\">\n<li class=\"li2\"><b> Errores quir\u00fargicos:<\/b>\u00a0Errores cometidos durante una intervenci\u00f3n quir\u00fargica, como cirug\u00eda en el lugar equivocado, errores de anestesia o dejar instrumentos quir\u00fargicos dentro del cuerpo.<\/li>\n<li class=\"li2\"><b> Diagn\u00f3stico err\u00f3neo o retraso en el diagn\u00f3stico:<\/b>\u00a0No diagnosticar una afecci\u00f3n m\u00e9dica o dar un diagn\u00f3stico incorrecto, lo que provoca un retraso en el tratamiento y un perjuicio para el paciente.<\/li>\n<li class=\"li2\"><b> Errores m\u00e9dicos:<\/b>\u00a0Administrar una medicaci\u00f3n equivocada, una dosis incorrecta o no tener en cuenta las alergias o posibles interacciones farmacol\u00f3gicas de un paciente.<\/li>\n<li class=\"li2\"><b> Lesiones en el parto:<\/b>\u00a0Lesiones sufridas por un reci\u00e9n nacido durante el proceso de parto debido a negligencia m\u00e9dica, como falta de ox\u00edgeno o lesiones nerviosas.<\/li>\n<li class=\"li2\"><b> No obtener el consentimiento informado:<\/b>\u00a0Realizar un procedimiento m\u00e9dico sin obtener el debido consentimiento del paciente o sin informarle adecuadamente de los riesgos que conlleva.<\/li>\n<\/ul>\n<p class=\"p2\">Estos errores pueden tener consecuencias f\u00edsicas, emocionales y econ\u00f3micas duraderas para las v\u00edctimas y sus familias. Por eso es esencial que consultes con un abogado experto en negligencias m\u00e9dicas para conocer tus derechos legales y las opciones que tienes para reclamar una indemnizaci\u00f3n.<\/p>\n    <\/section>\n\n","protected":false},"excerpt":{"rendered":"","protected":false},"author":4,"featured_media":6163,"parent":6449,"menu_order":0,"comment_status":"closed","ping_status":"closed","template":"templates\/template-campaign.php","meta":{"_acf_changed":true,"footnotes":"","_elementor_data":""},"class_list":["post-6678","page","type-page","status-publish","has-post-thumbnail","hentry"],"acf":[],"page_builder_type":"gutenberg","gutenberg_data":[],"yoast_head":"<!-- This site is optimized with the Yoast SEO Premium plugin v27.3 (Yoast SEO v27.3) - https:\/\/yoast.com\/product\/yoast-seo-premium-wordpress\/ -->\n<title>Los abogados de Negligencia m\u00e9dica de Pennsylvania | Pond Lehocky Giordano, Inc.<\/title>\n<meta name=\"description\" content=\"See information about Los abogados de Negligencia m\u00e9dica de Pennsylvania and see how the team at Pond Lehocky Giordano, Inc. can help you.\" \/>\n<meta name=\"robots\" content=\"index, follow, max-snippet:-1, max-image-preview:large, max-video-preview:-1\" \/>\n<link rel=\"canonical\" href=\"https:\/\/www.pondlehocky.com\/es\/campaign\/pa-injury-pagina-de-aterrizaje-kw-de-negligencia-medica\/\" \/>\n<meta property=\"og:locale\" content=\"es_ES\" \/>\n<meta property=\"og:type\" content=\"article\" \/>\n<meta property=\"og:title\" content=\"Los abogados de Negligencia m\u00e9dica de Pennsylvania\" \/>\n<meta property=\"og:description\" content=\"See information about Los abogados de Negligencia m\u00e9dica de Pennsylvania and see how the team at Pond Lehocky Giordano, Inc. can help you.\" \/>\n<meta property=\"og:url\" content=\"https:\/\/www.pondlehocky.com\/es\/campaign\/pa-injury-pagina-de-aterrizaje-kw-de-negligencia-medica\/\" \/>\n<meta property=\"og:site_name\" content=\"Pond Lehocky Giordano, Inc.\" \/>\n<meta property=\"article:publisher\" content=\"https:\/\/www.instagram.com\/pondlehocky\/\" \/>\n<meta property=\"article:modified_time\" content=\"2024-07-31T19:39:49+00:00\" \/>\n<meta property=\"og:image\" content=\"https:\/\/www.pondlehocky.com\/wp-content\/uploads\/2024\/07\/bg-practice-area-block.png\" \/>\n\t<meta property=\"og:image:width\" content=\"1440\" \/>\n\t<meta property=\"og:image:height\" content=\"600\" \/>\n\t<meta property=\"og:image:type\" content=\"image\/png\" \/>\n<meta name=\"twitter:card\" content=\"summary_large_image\" \/>\n<meta name=\"twitter:label1\" content=\"Tiempo de lectura\" \/>\n\t<meta name=\"twitter:data1\" content=\"1 minuto\" \/>\n<script type=\"application\/ld+json\" class=\"yoast-schema-graph\">{\"@context\":\"https:\\\/\\\/schema.org\",\"@graph\":[{\"@type\":\"WebPage\",\"@id\":\"https:\\\/\\\/www.pondlehocky.com\\\/es\\\/campaign\\\/pa-injury-pagina-de-aterrizaje-kw-de-negligencia-medica\\\/\",\"url\":\"https:\\\/\\\/www.pondlehocky.com\\\/es\\\/campaign\\\/pa-injury-pagina-de-aterrizaje-kw-de-negligencia-medica\\\/\",\"name\":\"Los abogados de Negligencia m\u00e9dica de Pennsylvania | Pond Lehocky Giordano, Inc.\",\"isPartOf\":{\"@id\":\"https:\\\/\\\/www.pondlehocky.com\\\/es\\\/#website\"},\"primaryImageOfPage\":{\"@id\":\"https:\\\/\\\/www.pondlehocky.com\\\/es\\\/campaign\\\/pa-injury-pagina-de-aterrizaje-kw-de-negligencia-medica\\\/#primaryimage\"},\"image\":{\"@id\":\"https:\\\/\\\/www.pondlehocky.com\\\/es\\\/campaign\\\/pa-injury-pagina-de-aterrizaje-kw-de-negligencia-medica\\\/#primaryimage\"},\"thumbnailUrl\":\"https:\\\/\\\/www.pondlehocky.com\\\/wp-content\\\/uploads\\\/2024\\\/07\\\/bg-practice-area-block.png\",\"datePublished\":\"2024-07-31T15:39:46+00:00\",\"dateModified\":\"2024-07-31T19:39:49+00:00\",\"description\":\"See information about Los abogados de Negligencia m\u00e9dica de Pennsylvania and see how the team at Pond Lehocky Giordano, Inc. can help you.\",\"breadcrumb\":{\"@id\":\"https:\\\/\\\/www.pondlehocky.com\\\/es\\\/campaign\\\/pa-injury-pagina-de-aterrizaje-kw-de-negligencia-medica\\\/#breadcrumb\"},\"inLanguage\":\"es\",\"potentialAction\":[{\"@type\":\"ReadAction\",\"target\":[\"https:\\\/\\\/www.pondlehocky.com\\\/es\\\/campaign\\\/pa-injury-pagina-de-aterrizaje-kw-de-negligencia-medica\\\/\"]}]},{\"@type\":\"ImageObject\",\"inLanguage\":\"es\",\"@id\":\"https:\\\/\\\/www.pondlehocky.com\\\/es\\\/campaign\\\/pa-injury-pagina-de-aterrizaje-kw-de-negligencia-medica\\\/#primaryimage\",\"url\":\"https:\\\/\\\/www.pondlehocky.com\\\/wp-content\\\/uploads\\\/2024\\\/07\\\/bg-practice-area-block.png\",\"contentUrl\":\"https:\\\/\\\/www.pondlehocky.com\\\/wp-content\\\/uploads\\\/2024\\\/07\\\/bg-practice-area-block.png\",\"width\":1440,\"height\":600,\"caption\":\"practice area background\"},{\"@type\":\"BreadcrumbList\",\"@id\":\"https:\\\/\\\/www.pondlehocky.com\\\/es\\\/campaign\\\/pa-injury-pagina-de-aterrizaje-kw-de-negligencia-medica\\\/#breadcrumb\",\"itemListElement\":[{\"@type\":\"ListItem\",\"position\":1,\"name\":\"Home\",\"item\":\"https:\\\/\\\/www.pondlehocky.com\\\/es\\\/homepage\\\/\"},{\"@type\":\"ListItem\",\"position\":2,\"name\":\"Campaign\",\"item\":\"https:\\\/\\\/www.pondlehocky.com\\\/es\\\/campaign\\\/\"},{\"@type\":\"ListItem\",\"position\":3,\"name\":\"Los abogados de Negligencia m\u00e9dica de Pennsylvania\"}]},{\"@type\":\"WebSite\",\"@id\":\"https:\\\/\\\/www.pondlehocky.com\\\/es\\\/#website\",\"url\":\"https:\\\/\\\/www.pondlehocky.com\\\/es\\\/\",\"name\":\"Pond Lehocky Giordano, Inc.\",\"description\":\"Largest workers\u2019 compensation and Social Security disability law firm in Pennsylvania\",\"publisher\":{\"@id\":\"https:\\\/\\\/www.pondlehocky.com\\\/es\\\/#organization\"},\"alternateName\":\"Pond Lehocky Giordano, Inc.\",\"potentialAction\":[{\"@type\":\"SearchAction\",\"target\":{\"@type\":\"EntryPoint\",\"urlTemplate\":\"https:\\\/\\\/www.pondlehocky.com\\\/es\\\/?s={search_term_string}\"},\"query-input\":{\"@type\":\"PropertyValueSpecification\",\"valueRequired\":true,\"valueName\":\"search_term_string\"}}],\"inLanguage\":\"es\"},{\"@type\":\"Organization\",\"@id\":\"https:\\\/\\\/www.pondlehocky.com\\\/es\\\/#organization\",\"name\":\"Pond Lehocky Giordano, Inc\",\"alternateName\":\"Pond Lehocky Giordano, Inc.\",\"url\":\"https:\\\/\\\/www.pondlehocky.com\\\/es\\\/\",\"logo\":{\"@type\":\"ImageObject\",\"inLanguage\":\"es\",\"@id\":\"https:\\\/\\\/www.pondlehocky.com\\\/es\\\/#\\\/schema\\\/logo\\\/image\\\/\",\"url\":\"https:\\\/\\\/www.pondlehocky.com\\\/wp-content\\\/uploads\\\/2024\\\/04\\\/pond-lehocky-logo.png\",\"contentUrl\":\"https:\\\/\\\/www.pondlehocky.com\\\/wp-content\\\/uploads\\\/2024\\\/04\\\/pond-lehocky-logo.png\",\"width\":355,\"height\":28,\"caption\":\"Pond Lehocky Giordano, Inc\"},\"image\":{\"@id\":\"https:\\\/\\\/www.pondlehocky.com\\\/es\\\/#\\\/schema\\\/logo\\\/image\\\/\"},\"sameAs\":[\"https:\\\/\\\/www.instagram.com\\\/pondlehocky\\\/\",\"https:\\\/\\\/www.youtube.com\\\/user\\\/pondlehocky\",\"https:\\\/\\\/www.tiktok.com\\\/@pondlehockygiordano\",\"https:\\\/\\\/www.facebook.com\\\/PondLehocky\",\"https:\\\/\\\/www.linkedin.com\\\/company\\\/pond-lehocky-giordano\\\/\"]}]}<\/script>\n<!-- \/ Yoast SEO Premium plugin. -->","yoast_head_json":{"title":"Los abogados de Negligencia m\u00e9dica de Pennsylvania | Pond Lehocky Giordano, Inc.","description":"See information about Los abogados de Negligencia m\u00e9dica de Pennsylvania and see how the team at Pond Lehocky Giordano, Inc. can help you.","robots":{"index":"index","follow":"follow","max-snippet":"max-snippet:-1","max-image-preview":"max-image-preview:large","max-video-preview":"max-video-preview:-1"},"canonical":"https:\/\/www.pondlehocky.com\/es\/campaign\/pa-injury-pagina-de-aterrizaje-kw-de-negligencia-medica\/","og_locale":"es_ES","og_type":"article","og_title":"Los abogados de Negligencia m\u00e9dica de Pennsylvania","og_description":"See information about Los abogados de Negligencia m\u00e9dica de Pennsylvania and see how the team at Pond Lehocky Giordano, Inc. can help you.","og_url":"https:\/\/www.pondlehocky.com\/es\/campaign\/pa-injury-pagina-de-aterrizaje-kw-de-negligencia-medica\/","og_site_name":"Pond Lehocky Giordano, Inc.","article_publisher":"https:\/\/www.instagram.com\/pondlehocky\/","article_modified_time":"2024-07-31T19:39:49+00:00","og_image":[{"width":1440,"height":600,"url":"https:\/\/www.pondlehocky.com\/wp-content\/uploads\/2024\/07\/bg-practice-area-block.png","type":"image\/png"}],"twitter_card":"summary_large_image","twitter_misc":{"Tiempo de lectura":"1 minuto"},"schema":{"@context":"https:\/\/schema.org","@graph":[{"@type":"WebPage","@id":"https:\/\/www.pondlehocky.com\/es\/campaign\/pa-injury-pagina-de-aterrizaje-kw-de-negligencia-medica\/","url":"https:\/\/www.pondlehocky.com\/es\/campaign\/pa-injury-pagina-de-aterrizaje-kw-de-negligencia-medica\/","name":"Los abogados de Negligencia m\u00e9dica de Pennsylvania | Pond Lehocky Giordano, Inc.","isPartOf":{"@id":"https:\/\/www.pondlehocky.com\/es\/#website"},"primaryImageOfPage":{"@id":"https:\/\/www.pondlehocky.com\/es\/campaign\/pa-injury-pagina-de-aterrizaje-kw-de-negligencia-medica\/#primaryimage"},"image":{"@id":"https:\/\/www.pondlehocky.com\/es\/campaign\/pa-injury-pagina-de-aterrizaje-kw-de-negligencia-medica\/#primaryimage"},"thumbnailUrl":"https:\/\/www.pondlehocky.com\/wp-content\/uploads\/2024\/07\/bg-practice-area-block.png","datePublished":"2024-07-31T15:39:46+00:00","dateModified":"2024-07-31T19:39:49+00:00","description":"See information about Los abogados de Negligencia m\u00e9dica de Pennsylvania and see how the team at Pond Lehocky Giordano, Inc. can help you.","breadcrumb":{"@id":"https:\/\/www.pondlehocky.com\/es\/campaign\/pa-injury-pagina-de-aterrizaje-kw-de-negligencia-medica\/#breadcrumb"},"inLanguage":"es","potentialAction":[{"@type":"ReadAction","target":["https:\/\/www.pondlehocky.com\/es\/campaign\/pa-injury-pagina-de-aterrizaje-kw-de-negligencia-medica\/"]}]},{"@type":"ImageObject","inLanguage":"es","@id":"https:\/\/www.pondlehocky.com\/es\/campaign\/pa-injury-pagina-de-aterrizaje-kw-de-negligencia-medica\/#primaryimage","url":"https:\/\/www.pondlehocky.com\/wp-content\/uploads\/2024\/07\/bg-practice-area-block.png","contentUrl":"https:\/\/www.pondlehocky.com\/wp-content\/uploads\/2024\/07\/bg-practice-area-block.png","width":1440,"height":600,"caption":"practice area background"},{"@type":"BreadcrumbList","@id":"https:\/\/www.pondlehocky.com\/es\/campaign\/pa-injury-pagina-de-aterrizaje-kw-de-negligencia-medica\/#breadcrumb","itemListElement":[{"@type":"ListItem","position":1,"name":"Home","item":"https:\/\/www.pondlehocky.com\/es\/homepage\/"},{"@type":"ListItem","position":2,"name":"Campaign","item":"https:\/\/www.pondlehocky.com\/es\/campaign\/"},{"@type":"ListItem","position":3,"name":"Los abogados de Negligencia m\u00e9dica de Pennsylvania"}]},{"@type":"WebSite","@id":"https:\/\/www.pondlehocky.com\/es\/#website","url":"https:\/\/www.pondlehocky.com\/es\/","name":"Pond Lehocky Giordano, Inc.","description":"Largest workers\u2019 compensation and Social Security disability law firm in Pennsylvania","publisher":{"@id":"https:\/\/www.pondlehocky.com\/es\/#organization"},"alternateName":"Pond Lehocky Giordano, Inc.","potentialAction":[{"@type":"SearchAction","target":{"@type":"EntryPoint","urlTemplate":"https:\/\/www.pondlehocky.com\/es\/?s={search_term_string}"},"query-input":{"@type":"PropertyValueSpecification","valueRequired":true,"valueName":"search_term_string"}}],"inLanguage":"es"},{"@type":"Organization","@id":"https:\/\/www.pondlehocky.com\/es\/#organization","name":"Pond Lehocky Giordano, Inc","alternateName":"Pond Lehocky Giordano, Inc.","url":"https:\/\/www.pondlehocky.com\/es\/","logo":{"@type":"ImageObject","inLanguage":"es","@id":"https:\/\/www.pondlehocky.com\/es\/#\/schema\/logo\/image\/","url":"https:\/\/www.pondlehocky.com\/wp-content\/uploads\/2024\/04\/pond-lehocky-logo.png","contentUrl":"https:\/\/www.pondlehocky.com\/wp-content\/uploads\/2024\/04\/pond-lehocky-logo.png","width":355,"height":28,"caption":"Pond Lehocky Giordano, Inc"},"image":{"@id":"https:\/\/www.pondlehocky.com\/es\/#\/schema\/logo\/image\/"},"sameAs":["https:\/\/www.instagram.com\/pondlehocky\/","https:\/\/www.youtube.com\/user\/pondlehocky","https:\/\/www.tiktok.com\/@pondlehockygiordano","https:\/\/www.facebook.com\/PondLehocky","https:\/\/www.linkedin.com\/company\/pond-lehocky-giordano\/"]}]}},"_links":{"self":[{"href":"https:\/\/www.pondlehocky.com\/es\/wp-json\/wp\/v2\/pages\/6678","targetHints":{"allow":["GET"]}}],"collection":[{"href":"https:\/\/www.pondlehocky.com\/es\/wp-json\/wp\/v2\/pages"}],"about":[{"href":"https:\/\/www.pondlehocky.com\/es\/wp-json\/wp\/v2\/types\/page"}],"author":[{"embeddable":true,"href":"https:\/\/www.pondlehocky.com\/es\/wp-json\/wp\/v2\/users\/4"}],"replies":[{"embeddable":true,"href":"https:\/\/www.pondlehocky.com\/es\/wp-json\/wp\/v2\/comments?post=6678"}],"version-history":[{"count":0,"href":"https:\/\/www.pondlehocky.com\/es\/wp-json\/wp\/v2\/pages\/6678\/revisions"}],"up":[{"embeddable":true,"href":"https:\/\/www.pondlehocky.com\/es\/wp-json\/wp\/v2\/pages\/6449"}],"wp:featuredmedia":[{"embeddable":true,"href":"https:\/\/www.pondlehocky.com\/es\/wp-json\/wp\/v2\/media\/6163"}],"wp:attachment":[{"href":"https:\/\/www.pondlehocky.com\/es\/wp-json\/wp\/v2\/media?parent=6678"}],"curies":[{"name":"wp","href":"https:\/\/api.w.org\/{rel}","templated":true}]}}