{"id":6686,"date":"2024-07-31T18:34:10","date_gmt":"2024-07-31T18:34:10","guid":{"rendered":"https:\/\/www.pondlehocky.com\/?page_id=6686"},"modified":"2024-07-31T20:01:35","modified_gmt":"2024-07-31T20:01:35","slug":"pagina-de-aterrizaje-general-anuncios-en-youtube","status":"publish","type":"page","link":"https:\/\/www.pondlehocky.com\/es\/campaign\/pagina-de-aterrizaje-general-anuncios-en-youtube\/","title":{"rendered":"Estamos aqu\u00ed para Todas sus necesidades jur\u00eddicas"},"content":{"rendered":"    <section class=\"pl-block pl-raw-content mb-7 pl-t [&#038;.border-t-2]:pt-8  \">\n        <h5 class=\"p1\"><span class=\"ez-toc-section\" id=\"CUENTANOS_TU_HISTORIA\"><\/span>CU\u00c9NTANOS TU HISTORIA<span class=\"ez-toc-section-end\"><\/span><\/h5>\n<h2 class=\"p1\"><span class=\"ez-toc-section\" id=\"Un_equipo_de_expertos_a_su_lado\"><\/span>Un equipo de expertos a su lado<span class=\"ez-toc-section-end\"><\/span><\/h2>\n<p class=\"p1\">Pond Lehocky Giordano es uno de los mayores bufetes de abogados del pa\u00eds especializados en indemnizaci\u00f3n por accidente laboral, incapacidad de la Seguridad Social y lesiones personales. Nos hemos ganado esa distinci\u00f3n gracias a un impulso incesante de lucha por las personas cuyas vidas se han visto descarriladas por una crisis sanitaria.<\/p>\n<p class=\"p1\">Somos defensores de confianza, guardianes compasivos y defensores intr\u00e9pidos de cualquier persona que necesite su oportunidad para recuperarse de un accidente, enfermedad o lesi\u00f3n.<\/p>\n    <\/section>\n\n\n\n    <section class=\"pl-block pl-raw-content mb-7 pl-t [&#038;.border-t-2]:pt-8 border-t-2 border-gray\/90 \">\n        <h2 class=\"p1\"><span class=\"ez-toc-section\" id=\"COMO_TRABAJAMOS_CON_LOS_CLIENTES\"><\/span>C\u00d3MO TRABAJAMOS CON LOS CLIENTES<span class=\"ez-toc-section-end\"><\/span><\/h2>\n<p class=\"p1\">Cuando usted contrata a Pond Lehocky Giordano, no s\u00f3lo est\u00e1 siendo representado por un abogado, sino que est\u00e1 obteniendo acceso ilimitado a todo el equipo con m\u00e1s de 250 a\u00f1os de experiencia combinada en los tribunales que ha llevado a cientos de miles de resultados favorables. Creemos tanto en lo que hacemos, que tenemos nuestro propio \u00ablibro de jugadas\u00bb al que s\u00f3lo tienen acceso nuestros abogados y personal. La experiencia es importante. El esp\u00edritu de lucha es importante. Su caso es importante. No hay absolutamente\u00a0<b>SIN CUOTA HASTA<\/b>\u00a0ganamos. Estamos en esto con usted, en cada paso del camino.<\/p>\n<h2 class=\"p1\"><span class=\"ez-toc-section\" id=\"INDEMNIZACION_POR_ACCIDENTE_DE_TRABAJO\"><\/span>INDEMNIZACI\u00d3N POR ACCIDENTE DE TRABAJO<span class=\"ez-toc-section-end\"><\/span><\/h2>\n<p class=\"p1\">Sufrir una lesi\u00f3n en el trabajo puede ser una p\u00e9rdida devastadora tanto para las personas como para sus familias. Navegar por el proceso legal, a menudo complejo, necesario para recuperarse tanto f\u00edsica como econ\u00f3micamente de un evento de este tipo a\u00f1ade m\u00e1s dificultades a una situaci\u00f3n ya estresante.<\/p>\n<p class=\"p1\">En Pond Lehocky Giordano, nos especializamos en la lucha por los derechos de los trabajadores que han sido afectados negativamente por una enfermedad o lesi\u00f3n relacionada con el trabajo, y es nuestro honor ayudarles a recuperarse en la mayor medida posible.<\/p>\n<h2 class=\"p1\"><span class=\"ez-toc-section\" id=\"DISCAPACIDAD_DE_LA_SEGURIDAD_SOCIAL\"><\/span>DISCAPACIDAD DE LA SEGURIDAD SOCIAL<span class=\"ez-toc-section-end\"><\/span><\/h2>\n<p class=\"p1\">El gobierno estadounidense reconoce que las enfermedades y lesiones, tanto repentinas como cr\u00f3nicas, pueden impedir que las personas contin\u00faen en su empleo. El Seguro de Invalidez de la Seguridad Social (SSDI) es un programa de seguros gestionado por la Administraci\u00f3n de la Seguridad Social (SSA) para ayudar a los estadounidenses que se encuentran m\u00e9dicamente incapacitados para trabajar.<\/p>\n<p class=\"p1\">El SSDI no es una limosna ni un programa de asistencia social; es un seguro al que los trabajadores contribuyen autom\u00e1ticamente a trav\u00e9s de los impuestos sobre sus ingresos laborales. Un porcentaje de cada sueldo se destina al Fondo Fiduciario de Discapacidad de la SSA, que desembolsa esos fondos a personas discapacitadas de todas las edades e historiales laborales. Cualquier persona que est\u00e9 incapacitada por cualquier condici\u00f3n m\u00e9dica que le impida trabajar y que cumpla con ciertos requisitos de elegibilidad puede solicitar y potencialmente recibir beneficios del SSDI.<\/p>\n<p class=\"p1\">Dado que el proceso de solicitud puede ser confuso, complejo y poco familiar para aquellos que no tienen experiencia en navegar por grandes instituciones burocr\u00e1ticas, es muy recomendable que los solicitantes encuentren apoyo en expertos legales como Pond Lehocky Giordano para guiarles en cada paso del camino.<\/p>\n    <\/section>\n\n","protected":false},"excerpt":{"rendered":"","protected":false},"author":4,"featured_media":6163,"parent":6449,"menu_order":0,"comment_status":"closed","ping_status":"closed","template":"templates\/template-campaign.php","meta":{"_acf_changed":true,"footnotes":"","_elementor_data":""},"class_list":["post-6686","page","type-page","status-publish","has-post-thumbnail","hentry"],"acf":[],"page_builder_type":"gutenberg","gutenberg_data":[],"yoast_head":"<!-- This site is optimized with the Yoast SEO Premium plugin v27.3 (Yoast SEO v27.3) - https:\/\/yoast.com\/product\/yoast-seo-premium-wordpress\/ -->\n<title>Pond Lehocky Giordano: Para todas sus necesidades legales | Pond Lehocky Giordano LLP<\/title>\n<meta name=\"description\" content=\"Cuando contrata a Pond Lehocky Giordano, est\u00e1 accediendo a un equipo con m\u00e1s de 250 a\u00f1os de experiencia judicial combinada\" \/>\n<meta name=\"robots\" content=\"index, follow, max-snippet:-1, max-image-preview:large, max-video-preview:-1\" \/>\n<link rel=\"canonical\" href=\"https:\/\/www.pondlehocky.com\/es\/campaign\/pagina-de-aterrizaje-general-anuncios-en-youtube\/\" \/>\n<meta property=\"og:locale\" content=\"es_ES\" \/>\n<meta property=\"og:type\" content=\"article\" \/>\n<meta property=\"og:title\" content=\"Estamos aqu\u00ed para Todas sus necesidades jur\u00eddicas\" \/>\n<meta property=\"og:description\" content=\"Cuando contrata a Pond Lehocky Giordano, est\u00e1 accediendo a un equipo con m\u00e1s de 250 a\u00f1os de experiencia judicial combinada\" \/>\n<meta property=\"og:url\" content=\"https:\/\/www.pondlehocky.com\/es\/campaign\/pagina-de-aterrizaje-general-anuncios-en-youtube\/\" \/>\n<meta property=\"og:site_name\" content=\"Pond Lehocky Giordano, Inc.\" \/>\n<meta property=\"article:publisher\" content=\"https:\/\/www.instagram.com\/pondlehocky\/\" \/>\n<meta property=\"article:modified_time\" content=\"2024-07-31T20:01:35+00:00\" \/>\n<meta property=\"og:image\" content=\"https:\/\/www.pondlehocky.com\/wp-content\/uploads\/2024\/07\/bg-practice-area-block.png\" \/>\n\t<meta property=\"og:image:width\" content=\"1440\" \/>\n\t<meta property=\"og:image:height\" content=\"600\" \/>\n\t<meta property=\"og:image:type\" content=\"image\/png\" \/>\n<meta name=\"twitter:card\" content=\"summary_large_image\" \/>\n<meta name=\"twitter:label1\" content=\"Tiempo de lectura\" \/>\n\t<meta name=\"twitter:data1\" content=\"1 minuto\" \/>\n<script type=\"application\/ld+json\" class=\"yoast-schema-graph\">{\"@context\":\"https:\\\/\\\/schema.org\",\"@graph\":[{\"@type\":\"WebPage\",\"@id\":\"https:\\\/\\\/www.pondlehocky.com\\\/es\\\/campaign\\\/pagina-de-aterrizaje-general-anuncios-en-youtube\\\/\",\"url\":\"https:\\\/\\\/www.pondlehocky.com\\\/es\\\/campaign\\\/pagina-de-aterrizaje-general-anuncios-en-youtube\\\/\",\"name\":\"Pond Lehocky Giordano: Para todas sus necesidades legales | Pond Lehocky Giordano LLP\",\"isPartOf\":{\"@id\":\"https:\\\/\\\/www.pondlehocky.com\\\/es\\\/#website\"},\"primaryImageOfPage\":{\"@id\":\"https:\\\/\\\/www.pondlehocky.com\\\/es\\\/campaign\\\/pagina-de-aterrizaje-general-anuncios-en-youtube\\\/#primaryimage\"},\"image\":{\"@id\":\"https:\\\/\\\/www.pondlehocky.com\\\/es\\\/campaign\\\/pagina-de-aterrizaje-general-anuncios-en-youtube\\\/#primaryimage\"},\"thumbnailUrl\":\"https:\\\/\\\/www.pondlehocky.com\\\/wp-content\\\/uploads\\\/2024\\\/07\\\/bg-practice-area-block.png\",\"datePublished\":\"2024-07-31T18:34:10+00:00\",\"dateModified\":\"2024-07-31T20:01:35+00:00\",\"description\":\"Cuando contrata a Pond Lehocky Giordano, est\u00e1 accediendo a un equipo con m\u00e1s de 250 a\u00f1os de experiencia judicial combinada\",\"breadcrumb\":{\"@id\":\"https:\\\/\\\/www.pondlehocky.com\\\/es\\\/campaign\\\/pagina-de-aterrizaje-general-anuncios-en-youtube\\\/#breadcrumb\"},\"inLanguage\":\"es\",\"potentialAction\":[{\"@type\":\"ReadAction\",\"target\":[\"https:\\\/\\\/www.pondlehocky.com\\\/es\\\/campaign\\\/pagina-de-aterrizaje-general-anuncios-en-youtube\\\/\"]}]},{\"@type\":\"ImageObject\",\"inLanguage\":\"es\",\"@id\":\"https:\\\/\\\/www.pondlehocky.com\\\/es\\\/campaign\\\/pagina-de-aterrizaje-general-anuncios-en-youtube\\\/#primaryimage\",\"url\":\"https:\\\/\\\/www.pondlehocky.com\\\/wp-content\\\/uploads\\\/2024\\\/07\\\/bg-practice-area-block.png\",\"contentUrl\":\"https:\\\/\\\/www.pondlehocky.com\\\/wp-content\\\/uploads\\\/2024\\\/07\\\/bg-practice-area-block.png\",\"width\":1440,\"height\":600,\"caption\":\"practice area background\"},{\"@type\":\"BreadcrumbList\",\"@id\":\"https:\\\/\\\/www.pondlehocky.com\\\/es\\\/campaign\\\/pagina-de-aterrizaje-general-anuncios-en-youtube\\\/#breadcrumb\",\"itemListElement\":[{\"@type\":\"ListItem\",\"position\":1,\"name\":\"Home\",\"item\":\"https:\\\/\\\/www.pondlehocky.com\\\/es\\\/homepage\\\/\"},{\"@type\":\"ListItem\",\"position\":2,\"name\":\"Campaign\",\"item\":\"https:\\\/\\\/www.pondlehocky.com\\\/es\\\/campaign\\\/\"},{\"@type\":\"ListItem\",\"position\":3,\"name\":\"Estamos aqu\u00ed para Todas sus necesidades jur\u00eddicas\"}]},{\"@type\":\"WebSite\",\"@id\":\"https:\\\/\\\/www.pondlehocky.com\\\/es\\\/#website\",\"url\":\"https:\\\/\\\/www.pondlehocky.com\\\/es\\\/\",\"name\":\"Pond Lehocky Giordano, Inc.\",\"description\":\"Largest workers\u2019 compensation and Social Security disability law firm in Pennsylvania\",\"publisher\":{\"@id\":\"https:\\\/\\\/www.pondlehocky.com\\\/es\\\/#organization\"},\"alternateName\":\"Pond Lehocky Giordano, Inc.\",\"potentialAction\":[{\"@type\":\"SearchAction\",\"target\":{\"@type\":\"EntryPoint\",\"urlTemplate\":\"https:\\\/\\\/www.pondlehocky.com\\\/es\\\/?s={search_term_string}\"},\"query-input\":{\"@type\":\"PropertyValueSpecification\",\"valueRequired\":true,\"valueName\":\"search_term_string\"}}],\"inLanguage\":\"es\"},{\"@type\":\"Organization\",\"@id\":\"https:\\\/\\\/www.pondlehocky.com\\\/es\\\/#organization\",\"name\":\"Pond Lehocky Giordano, Inc\",\"alternateName\":\"Pond Lehocky Giordano, Inc.\",\"url\":\"https:\\\/\\\/www.pondlehocky.com\\\/es\\\/\",\"logo\":{\"@type\":\"ImageObject\",\"inLanguage\":\"es\",\"@id\":\"https:\\\/\\\/www.pondlehocky.com\\\/es\\\/#\\\/schema\\\/logo\\\/image\\\/\",\"url\":\"https:\\\/\\\/www.pondlehocky.com\\\/wp-content\\\/uploads\\\/2024\\\/04\\\/pond-lehocky-logo.png\",\"contentUrl\":\"https:\\\/\\\/www.pondlehocky.com\\\/wp-content\\\/uploads\\\/2024\\\/04\\\/pond-lehocky-logo.png\",\"width\":355,\"height\":28,\"caption\":\"Pond Lehocky Giordano, Inc\"},\"image\":{\"@id\":\"https:\\\/\\\/www.pondlehocky.com\\\/es\\\/#\\\/schema\\\/logo\\\/image\\\/\"},\"sameAs\":[\"https:\\\/\\\/www.instagram.com\\\/pondlehocky\\\/\",\"https:\\\/\\\/www.youtube.com\\\/user\\\/pondlehocky\",\"https:\\\/\\\/www.tiktok.com\\\/@pondlehockygiordano\",\"https:\\\/\\\/www.facebook.com\\\/PondLehocky\",\"https:\\\/\\\/www.linkedin.com\\\/company\\\/pond-lehocky-giordano\\\/\"]}]}<\/script>\n<!-- \/ Yoast SEO Premium plugin. -->","yoast_head_json":{"title":"Pond Lehocky Giordano: Para todas sus necesidades legales | Pond Lehocky Giordano LLP","description":"Cuando contrata a Pond Lehocky Giordano, est\u00e1 accediendo a un equipo con m\u00e1s de 250 a\u00f1os de experiencia judicial combinada","robots":{"index":"index","follow":"follow","max-snippet":"max-snippet:-1","max-image-preview":"max-image-preview:large","max-video-preview":"max-video-preview:-1"},"canonical":"https:\/\/www.pondlehocky.com\/es\/campaign\/pagina-de-aterrizaje-general-anuncios-en-youtube\/","og_locale":"es_ES","og_type":"article","og_title":"Estamos aqu\u00ed para Todas sus necesidades jur\u00eddicas","og_description":"Cuando contrata a Pond Lehocky Giordano, est\u00e1 accediendo a un equipo con m\u00e1s de 250 a\u00f1os de experiencia judicial combinada","og_url":"https:\/\/www.pondlehocky.com\/es\/campaign\/pagina-de-aterrizaje-general-anuncios-en-youtube\/","og_site_name":"Pond Lehocky Giordano, Inc.","article_publisher":"https:\/\/www.instagram.com\/pondlehocky\/","article_modified_time":"2024-07-31T20:01:35+00:00","og_image":[{"width":1440,"height":600,"url":"https:\/\/www.pondlehocky.com\/wp-content\/uploads\/2024\/07\/bg-practice-area-block.png","type":"image\/png"}],"twitter_card":"summary_large_image","twitter_misc":{"Tiempo de lectura":"1 minuto"},"schema":{"@context":"https:\/\/schema.org","@graph":[{"@type":"WebPage","@id":"https:\/\/www.pondlehocky.com\/es\/campaign\/pagina-de-aterrizaje-general-anuncios-en-youtube\/","url":"https:\/\/www.pondlehocky.com\/es\/campaign\/pagina-de-aterrizaje-general-anuncios-en-youtube\/","name":"Pond Lehocky Giordano: Para todas sus necesidades legales | Pond Lehocky Giordano LLP","isPartOf":{"@id":"https:\/\/www.pondlehocky.com\/es\/#website"},"primaryImageOfPage":{"@id":"https:\/\/www.pondlehocky.com\/es\/campaign\/pagina-de-aterrizaje-general-anuncios-en-youtube\/#primaryimage"},"image":{"@id":"https:\/\/www.pondlehocky.com\/es\/campaign\/pagina-de-aterrizaje-general-anuncios-en-youtube\/#primaryimage"},"thumbnailUrl":"https:\/\/www.pondlehocky.com\/wp-content\/uploads\/2024\/07\/bg-practice-area-block.png","datePublished":"2024-07-31T18:34:10+00:00","dateModified":"2024-07-31T20:01:35+00:00","description":"Cuando contrata a Pond Lehocky Giordano, est\u00e1 accediendo a un equipo con m\u00e1s de 250 a\u00f1os de experiencia judicial combinada","breadcrumb":{"@id":"https:\/\/www.pondlehocky.com\/es\/campaign\/pagina-de-aterrizaje-general-anuncios-en-youtube\/#breadcrumb"},"inLanguage":"es","potentialAction":[{"@type":"ReadAction","target":["https:\/\/www.pondlehocky.com\/es\/campaign\/pagina-de-aterrizaje-general-anuncios-en-youtube\/"]}]},{"@type":"ImageObject","inLanguage":"es","@id":"https:\/\/www.pondlehocky.com\/es\/campaign\/pagina-de-aterrizaje-general-anuncios-en-youtube\/#primaryimage","url":"https:\/\/www.pondlehocky.com\/wp-content\/uploads\/2024\/07\/bg-practice-area-block.png","contentUrl":"https:\/\/www.pondlehocky.com\/wp-content\/uploads\/2024\/07\/bg-practice-area-block.png","width":1440,"height":600,"caption":"practice area background"},{"@type":"BreadcrumbList","@id":"https:\/\/www.pondlehocky.com\/es\/campaign\/pagina-de-aterrizaje-general-anuncios-en-youtube\/#breadcrumb","itemListElement":[{"@type":"ListItem","position":1,"name":"Home","item":"https:\/\/www.pondlehocky.com\/es\/homepage\/"},{"@type":"ListItem","position":2,"name":"Campaign","item":"https:\/\/www.pondlehocky.com\/es\/campaign\/"},{"@type":"ListItem","position":3,"name":"Estamos aqu\u00ed para Todas sus necesidades jur\u00eddicas"}]},{"@type":"WebSite","@id":"https:\/\/www.pondlehocky.com\/es\/#website","url":"https:\/\/www.pondlehocky.com\/es\/","name":"Pond Lehocky Giordano, Inc.","description":"Largest workers\u2019 compensation and Social Security disability law firm in Pennsylvania","publisher":{"@id":"https:\/\/www.pondlehocky.com\/es\/#organization"},"alternateName":"Pond Lehocky Giordano, Inc.","potentialAction":[{"@type":"SearchAction","target":{"@type":"EntryPoint","urlTemplate":"https:\/\/www.pondlehocky.com\/es\/?s={search_term_string}"},"query-input":{"@type":"PropertyValueSpecification","valueRequired":true,"valueName":"search_term_string"}}],"inLanguage":"es"},{"@type":"Organization","@id":"https:\/\/www.pondlehocky.com\/es\/#organization","name":"Pond Lehocky Giordano, Inc","alternateName":"Pond Lehocky Giordano, Inc.","url":"https:\/\/www.pondlehocky.com\/es\/","logo":{"@type":"ImageObject","inLanguage":"es","@id":"https:\/\/www.pondlehocky.com\/es\/#\/schema\/logo\/image\/","url":"https:\/\/www.pondlehocky.com\/wp-content\/uploads\/2024\/04\/pond-lehocky-logo.png","contentUrl":"https:\/\/www.pondlehocky.com\/wp-content\/uploads\/2024\/04\/pond-lehocky-logo.png","width":355,"height":28,"caption":"Pond Lehocky Giordano, Inc"},"image":{"@id":"https:\/\/www.pondlehocky.com\/es\/#\/schema\/logo\/image\/"},"sameAs":["https:\/\/www.instagram.com\/pondlehocky\/","https:\/\/www.youtube.com\/user\/pondlehocky","https:\/\/www.tiktok.com\/@pondlehockygiordano","https:\/\/www.facebook.com\/PondLehocky","https:\/\/www.linkedin.com\/company\/pond-lehocky-giordano\/"]}]}},"_links":{"self":[{"href":"https:\/\/www.pondlehocky.com\/es\/wp-json\/wp\/v2\/pages\/6686","targetHints":{"allow":["GET"]}}],"collection":[{"href":"https:\/\/www.pondlehocky.com\/es\/wp-json\/wp\/v2\/pages"}],"about":[{"href":"https:\/\/www.pondlehocky.com\/es\/wp-json\/wp\/v2\/types\/page"}],"author":[{"embeddable":true,"href":"https:\/\/www.pondlehocky.com\/es\/wp-json\/wp\/v2\/users\/4"}],"replies":[{"embeddable":true,"href":"https:\/\/www.pondlehocky.com\/es\/wp-json\/wp\/v2\/comments?post=6686"}],"version-history":[{"count":0,"href":"https:\/\/www.pondlehocky.com\/es\/wp-json\/wp\/v2\/pages\/6686\/revisions"}],"up":[{"embeddable":true,"href":"https:\/\/www.pondlehocky.com\/es\/wp-json\/wp\/v2\/pages\/6449"}],"wp:featuredmedia":[{"embeddable":true,"href":"https:\/\/www.pondlehocky.com\/es\/wp-json\/wp\/v2\/media\/6163"}],"wp:attachment":[{"href":"https:\/\/www.pondlehocky.com\/es\/wp-json\/wp\/v2\/media?parent=6686"}],"curies":[{"name":"wp","href":"https:\/\/api.w.org\/{rel}","templated":true}]}}