{"id":6726,"date":"2022-07-19T19:55:51","date_gmt":"2022-07-19T19:55:51","guid":{"rendered":"https:\/\/www.pondlehocky.com\/?page_id=6726"},"modified":"2024-07-31T22:43:13","modified_gmt":"2024-07-31T22:43:13","slug":"recursos-para-la-discapacidad","status":"publish","type":"page","link":"https:\/\/www.pondlehocky.com\/es\/recursos-para-la-discapacidad\/","title":{"rendered":"Recursos para la discapacidad"},"content":{"rendered":"    <section class=\"pl-block pl-raw-content mb-7 pl-t [&#038;.border-t-2]:pt-8  \">\n        <h2 class=\"p1\"><span class=\"ez-toc-section\" id=\"%C2%BFQue_es_el_Seguro_de_Invalidez_de_la_Seguridad_Social_SSDI\"><\/span>\u00bfQu\u00e9 es el Seguro de Invalidez de la Seguridad Social (SSDI)?<span class=\"ez-toc-section-end\"><\/span><\/h2>\n<p class=\"p2\">El SSDI es una p\u00f3liza de seguro a la que has pagado. No se trata de una limosna ni de un programa de asistencia social. La mayor\u00eda de los estadounidenses conocen las prestaciones de jubilaci\u00f3n de la Seguridad Social, pero muchos no entienden c\u00f3mo funciona el SSDI. Al igual que las prestaciones de jubilaci\u00f3n, las de invalidez tambi\u00e9n se componen de su dinero. La SSA toma un porcentaje de su sueldo y guarda ese dinero en un fondo en caso de que quede incapacitado y no pueda trabajar.<\/p>\n<p class=\"p2\">Aunque nadie quiere quedarse sin trabajo, el SSDI y el SSI est\u00e1n ah\u00ed para ayudarle si queda incapacitado. P\u00f3ngase en contacto con nosotros hoy mismo para una consulta gratuita. Nuestros abogados especialistas en discapacidad de la Seguridad Social tramitan reclamaciones en los 50 estados y en Puerto Rico.<\/p>\n<h2 class=\"p4\"><span class=\"ez-toc-section\" id=\"%C2%BFLE_HAN_DENEGADO_LA_SOLICITUD\"><\/span>\u00bfLE HAN DENEGADO LA SOLICITUD?<span class=\"ez-toc-section-end\"><\/span><\/h2>\n<p class=\"p2\">No est\u00e1s solo. La mayor\u00eda de las personas son rechazadas inicialmente: alrededor del 70% de los que solicitan son rechazados. Por eso estamos aqu\u00ed para ayudarle en el proceso.<\/p>\n<p class=\"p2\">Nuestros abogados le ayudar\u00e1n en el proceso de reconsideraci\u00f3n. Una vez completado ese paso, solicitaremos una audiencia judicial y le acompa\u00f1aremos ante el juez para abogar en su favor. La mayor\u00eda de los recursos reciben la aprobaci\u00f3n del juez, pero algunos no. Si no est\u00e1 de acuerdo con la decisi\u00f3n del juez, presentamos un recurso ante el Consejo de Apelaci\u00f3n. Si se nos deniega una vez m\u00e1s, solicitaremos la revisi\u00f3n del caso por un Tribunal Federal de Distrito.<\/p>\n<p class=\"p2\">La presentaci\u00f3n de la solicitud de SSDI o SSI puede ser un proceso largo y dif\u00edcil, pero nosotros haremos que sea lo m\u00e1s f\u00e1cil posible para usted.<\/p>\n<h2 class=\"p4\"><span class=\"ez-toc-section\" id=\"Su_guia_a_traves_de_la_incapacidad_de_la_Seguridad_Social\"><\/span>Su gu\u00eda a trav\u00e9s de la incapacidad de la Seguridad Social<span class=\"ez-toc-section-end\"><\/span><\/h2>\n<h3 class=\"p2\"><span class=\"ez-toc-section\" id=\"CONDICION_DE_DISCAPACIDAD\"><\/span>CONDICI\u00d3N DE DISCAPACIDAD<span class=\"ez-toc-section-end\"><\/span><\/h3>\n<p class=\"p2\">No puede trabajar debido a una enfermedad.<\/p>\n<h3 class=\"p2\"><span class=\"ez-toc-section\" id=\"EVALUACION_GRATUITA\"><\/span>EVALUACI\u00d3N GRATUITA<span class=\"ez-toc-section-end\"><\/span><\/h3>\n<p class=\"p2\">Gracias por elegir Disability Justice y darnos la oportunidad de revisar su caso. Es algo que no damos por sentado. Si su caso cumple los criterios necesarios, presentaremos su solicitud de incapacidad.<\/p>\n<h3 class=\"p2\"><span class=\"ez-toc-section\" id=\"RELLENAR_EL_PAPELEO\"><\/span>RELLENAR EL PAPELEO<span class=\"ez-toc-section-end\"><\/span><\/h3>\n<p class=\"p2\">Para ayudar a que el proceso avance r\u00e1pidamente, el siguiente paso en el proceso viene de ti:<\/p>\n<ol class=\"ol1\">\n<li class=\"li2\">Por favor, rellene las secciones resaltadas de la documentaci\u00f3n adjunta.<\/li>\n<li class=\"li2\">Donde veas una \u00abX\u00bb debes firmar en la l\u00ednea de al lado.<\/li>\n<li class=\"li2\">Por favor, no feche ninguno de los documentos.<\/li>\n<\/ol>\n<h3 class=\"p2\"><span class=\"ez-toc-section\" id=\"ENVIO_DE_VUELTA\"><\/span>ENV\u00cdO DE VUELTA<span class=\"ez-toc-section-end\"><\/span><\/h3>\n<p class=\"p2\">Una vez completado, devuelva el documento a nuestra oficina lo antes posible; se incluye un sobre con la direcci\u00f3n del destinatario para su comodidad. <b>Ahora est\u00e1 representado oficialmente por Pond Lehocky Disability.<\/b><\/p>\n    <\/section>\n\n","protected":false},"excerpt":{"rendered":"","protected":false},"author":1,"featured_media":4370,"parent":0,"menu_order":18,"comment_status":"open","ping_status":"open","template":"page-sidebar.php","meta":{"_acf_changed":true,"footnotes":"","_elementor_data":""},"class_list":["post-6726","page","type-page","status-publish","has-post-thumbnail","hentry"],"acf":[],"page_builder_type":"gutenberg","gutenberg_data":[],"yoast_head":"<!-- This site is optimized with the Yoast SEO Premium plugin v27.5 (Yoast SEO v27.5) - https:\/\/yoast.com\/product\/yoast-seo-premium-wordpress\/ -->\n<title>Recursos para la discapacidad | Pond Lehocky Giordano, Inc.<\/title>\n<meta name=\"description\" content=\"See information about Recursos para la discapacidad and see how the team at Pond Lehocky Giordano, Inc. can help you.\" \/>\n<meta name=\"robots\" content=\"index, follow, max-snippet:-1, max-image-preview:large, max-video-preview:-1\" \/>\n<link rel=\"canonical\" href=\"https:\/\/www.pondlehocky.com\/es\/recursos-para-la-discapacidad\/\" \/>\n<meta property=\"og:locale\" content=\"es_ES\" \/>\n<meta property=\"og:type\" content=\"article\" \/>\n<meta property=\"og:title\" content=\"Recursos para la discapacidad\" \/>\n<meta property=\"og:description\" content=\"See information about Recursos para la discapacidad and see how the team at Pond Lehocky Giordano, Inc. can help you.\" \/>\n<meta property=\"og:url\" content=\"https:\/\/www.pondlehocky.com\/es\/recursos-para-la-discapacidad\/\" \/>\n<meta property=\"og:site_name\" content=\"Pond Lehocky Giordano, Inc.\" \/>\n<meta property=\"article:publisher\" content=\"https:\/\/www.instagram.com\/pondlehocky\/\" \/>\n<meta property=\"article:modified_time\" content=\"2024-07-31T22:43:13+00:00\" \/>\n<meta property=\"og:image\" content=\"https:\/\/www.pondlehocky.com\/wp-content\/uploads\/2024\/03\/practice-areas-bg-e1717360393373.jpg\" \/>\n\t<meta property=\"og:image:width\" content=\"1440\" \/>\n\t<meta property=\"og:image:height\" content=\"300\" \/>\n\t<meta property=\"og:image:type\" content=\"image\/jpeg\" \/>\n<meta name=\"twitter:card\" content=\"summary_large_image\" \/>\n<meta name=\"twitter:label1\" content=\"Tiempo de lectura\" \/>\n\t<meta name=\"twitter:data1\" content=\"1 minuto\" \/>\n<script type=\"application\/ld+json\" class=\"yoast-schema-graph\">{\"@context\":\"https:\\\/\\\/schema.org\",\"@graph\":[{\"@type\":\"WebPage\",\"@id\":\"https:\\\/\\\/www.pondlehocky.com\\\/es\\\/recursos-para-la-discapacidad\\\/\",\"url\":\"https:\\\/\\\/www.pondlehocky.com\\\/es\\\/recursos-para-la-discapacidad\\\/\",\"name\":\"Recursos para la discapacidad | Pond Lehocky Giordano, Inc.\",\"isPartOf\":{\"@id\":\"https:\\\/\\\/www.pondlehocky.com\\\/es\\\/#website\"},\"primaryImageOfPage\":{\"@id\":\"https:\\\/\\\/www.pondlehocky.com\\\/es\\\/recursos-para-la-discapacidad\\\/#primaryimage\"},\"image\":{\"@id\":\"https:\\\/\\\/www.pondlehocky.com\\\/es\\\/recursos-para-la-discapacidad\\\/#primaryimage\"},\"thumbnailUrl\":\"https:\\\/\\\/www.pondlehocky.com\\\/wp-content\\\/uploads\\\/2024\\\/03\\\/practice-areas-bg-e1717360393373.jpg\",\"datePublished\":\"2022-07-19T19:55:51+00:00\",\"dateModified\":\"2024-07-31T22:43:13+00:00\",\"description\":\"See information about Recursos para la discapacidad and see how the team at Pond Lehocky Giordano, Inc. can help you.\",\"breadcrumb\":{\"@id\":\"https:\\\/\\\/www.pondlehocky.com\\\/es\\\/recursos-para-la-discapacidad\\\/#breadcrumb\"},\"inLanguage\":\"es\",\"potentialAction\":[{\"@type\":\"ReadAction\",\"target\":[\"https:\\\/\\\/www.pondlehocky.com\\\/es\\\/recursos-para-la-discapacidad\\\/\"]}]},{\"@type\":\"ImageObject\",\"inLanguage\":\"es\",\"@id\":\"https:\\\/\\\/www.pondlehocky.com\\\/es\\\/recursos-para-la-discapacidad\\\/#primaryimage\",\"url\":\"https:\\\/\\\/www.pondlehocky.com\\\/wp-content\\\/uploads\\\/2024\\\/03\\\/practice-areas-bg-e1717360393373.jpg\",\"contentUrl\":\"https:\\\/\\\/www.pondlehocky.com\\\/wp-content\\\/uploads\\\/2024\\\/03\\\/practice-areas-bg-e1717360393373.jpg\",\"width\":1440,\"height\":300},{\"@type\":\"BreadcrumbList\",\"@id\":\"https:\\\/\\\/www.pondlehocky.com\\\/es\\\/recursos-para-la-discapacidad\\\/#breadcrumb\",\"itemListElement\":[{\"@type\":\"ListItem\",\"position\":1,\"name\":\"Home\",\"item\":\"https:\\\/\\\/www.pondlehocky.com\\\/es\\\/homepage\\\/\"},{\"@type\":\"ListItem\",\"position\":2,\"name\":\"Recursos para la discapacidad\"}]},{\"@type\":\"WebSite\",\"@id\":\"https:\\\/\\\/www.pondlehocky.com\\\/es\\\/#website\",\"url\":\"https:\\\/\\\/www.pondlehocky.com\\\/es\\\/\",\"name\":\"Pond Lehocky Giordano, Inc.\",\"description\":\"Largest workers\u2019 compensation and Social Security disability law firm in Pennsylvania\",\"publisher\":{\"@id\":\"https:\\\/\\\/www.pondlehocky.com\\\/es\\\/#organization\"},\"alternateName\":\"Pond Lehocky Giordano, Inc.\",\"potentialAction\":[{\"@type\":\"SearchAction\",\"target\":{\"@type\":\"EntryPoint\",\"urlTemplate\":\"https:\\\/\\\/www.pondlehocky.com\\\/es\\\/?s={search_term_string}\"},\"query-input\":{\"@type\":\"PropertyValueSpecification\",\"valueRequired\":true,\"valueName\":\"search_term_string\"}}],\"inLanguage\":\"es\"},{\"@type\":\"Organization\",\"@id\":\"https:\\\/\\\/www.pondlehocky.com\\\/es\\\/#organization\",\"name\":\"Pond Lehocky Giordano, Inc\",\"alternateName\":\"Pond Lehocky Giordano, Inc.\",\"url\":\"https:\\\/\\\/www.pondlehocky.com\\\/es\\\/\",\"logo\":{\"@type\":\"ImageObject\",\"inLanguage\":\"es\",\"@id\":\"https:\\\/\\\/www.pondlehocky.com\\\/es\\\/#\\\/schema\\\/logo\\\/image\\\/\",\"url\":\"https:\\\/\\\/www.pondlehocky.com\\\/wp-content\\\/uploads\\\/2024\\\/04\\\/pond-lehocky-logo.png\",\"contentUrl\":\"https:\\\/\\\/www.pondlehocky.com\\\/wp-content\\\/uploads\\\/2024\\\/04\\\/pond-lehocky-logo.png\",\"width\":355,\"height\":28,\"caption\":\"Pond Lehocky Giordano, Inc\"},\"image\":{\"@id\":\"https:\\\/\\\/www.pondlehocky.com\\\/es\\\/#\\\/schema\\\/logo\\\/image\\\/\"},\"sameAs\":[\"https:\\\/\\\/www.instagram.com\\\/pondlehocky\\\/\",\"https:\\\/\\\/www.youtube.com\\\/user\\\/pondlehocky\",\"https:\\\/\\\/www.tiktok.com\\\/@pondlehockygiordano\",\"https:\\\/\\\/www.facebook.com\\\/PondLehocky\",\"https:\\\/\\\/www.linkedin.com\\\/company\\\/pond-lehocky-giordano\\\/\"]}]}<\/script>\n<!-- \/ Yoast SEO Premium plugin. -->","yoast_head_json":{"title":"Recursos para la discapacidad | Pond Lehocky Giordano, Inc.","description":"See information about Recursos para la discapacidad and see how the team at Pond Lehocky Giordano, Inc. can help you.","robots":{"index":"index","follow":"follow","max-snippet":"max-snippet:-1","max-image-preview":"max-image-preview:large","max-video-preview":"max-video-preview:-1"},"canonical":"https:\/\/www.pondlehocky.com\/es\/recursos-para-la-discapacidad\/","og_locale":"es_ES","og_type":"article","og_title":"Recursos para la discapacidad","og_description":"See information about Recursos para la discapacidad and see how the team at Pond Lehocky Giordano, Inc. can help you.","og_url":"https:\/\/www.pondlehocky.com\/es\/recursos-para-la-discapacidad\/","og_site_name":"Pond Lehocky Giordano, Inc.","article_publisher":"https:\/\/www.instagram.com\/pondlehocky\/","article_modified_time":"2024-07-31T22:43:13+00:00","og_image":[{"width":1440,"height":300,"url":"https:\/\/www.pondlehocky.com\/wp-content\/uploads\/2024\/03\/practice-areas-bg-e1717360393373.jpg","type":"image\/jpeg"}],"twitter_card":"summary_large_image","twitter_misc":{"Tiempo de lectura":"1 minuto"},"schema":{"@context":"https:\/\/schema.org","@graph":[{"@type":"WebPage","@id":"https:\/\/www.pondlehocky.com\/es\/recursos-para-la-discapacidad\/","url":"https:\/\/www.pondlehocky.com\/es\/recursos-para-la-discapacidad\/","name":"Recursos para la discapacidad | Pond Lehocky Giordano, Inc.","isPartOf":{"@id":"https:\/\/www.pondlehocky.com\/es\/#website"},"primaryImageOfPage":{"@id":"https:\/\/www.pondlehocky.com\/es\/recursos-para-la-discapacidad\/#primaryimage"},"image":{"@id":"https:\/\/www.pondlehocky.com\/es\/recursos-para-la-discapacidad\/#primaryimage"},"thumbnailUrl":"https:\/\/www.pondlehocky.com\/wp-content\/uploads\/2024\/03\/practice-areas-bg-e1717360393373.jpg","datePublished":"2022-07-19T19:55:51+00:00","dateModified":"2024-07-31T22:43:13+00:00","description":"See information about Recursos para la discapacidad and see how the team at Pond Lehocky Giordano, Inc. can help you.","breadcrumb":{"@id":"https:\/\/www.pondlehocky.com\/es\/recursos-para-la-discapacidad\/#breadcrumb"},"inLanguage":"es","potentialAction":[{"@type":"ReadAction","target":["https:\/\/www.pondlehocky.com\/es\/recursos-para-la-discapacidad\/"]}]},{"@type":"ImageObject","inLanguage":"es","@id":"https:\/\/www.pondlehocky.com\/es\/recursos-para-la-discapacidad\/#primaryimage","url":"https:\/\/www.pondlehocky.com\/wp-content\/uploads\/2024\/03\/practice-areas-bg-e1717360393373.jpg","contentUrl":"https:\/\/www.pondlehocky.com\/wp-content\/uploads\/2024\/03\/practice-areas-bg-e1717360393373.jpg","width":1440,"height":300},{"@type":"BreadcrumbList","@id":"https:\/\/www.pondlehocky.com\/es\/recursos-para-la-discapacidad\/#breadcrumb","itemListElement":[{"@type":"ListItem","position":1,"name":"Home","item":"https:\/\/www.pondlehocky.com\/es\/homepage\/"},{"@type":"ListItem","position":2,"name":"Recursos para la discapacidad"}]},{"@type":"WebSite","@id":"https:\/\/www.pondlehocky.com\/es\/#website","url":"https:\/\/www.pondlehocky.com\/es\/","name":"Pond Lehocky Giordano, Inc.","description":"Largest workers\u2019 compensation and Social Security disability law firm in Pennsylvania","publisher":{"@id":"https:\/\/www.pondlehocky.com\/es\/#organization"},"alternateName":"Pond Lehocky Giordano, Inc.","potentialAction":[{"@type":"SearchAction","target":{"@type":"EntryPoint","urlTemplate":"https:\/\/www.pondlehocky.com\/es\/?s={search_term_string}"},"query-input":{"@type":"PropertyValueSpecification","valueRequired":true,"valueName":"search_term_string"}}],"inLanguage":"es"},{"@type":"Organization","@id":"https:\/\/www.pondlehocky.com\/es\/#organization","name":"Pond Lehocky Giordano, Inc","alternateName":"Pond Lehocky Giordano, Inc.","url":"https:\/\/www.pondlehocky.com\/es\/","logo":{"@type":"ImageObject","inLanguage":"es","@id":"https:\/\/www.pondlehocky.com\/es\/#\/schema\/logo\/image\/","url":"https:\/\/www.pondlehocky.com\/wp-content\/uploads\/2024\/04\/pond-lehocky-logo.png","contentUrl":"https:\/\/www.pondlehocky.com\/wp-content\/uploads\/2024\/04\/pond-lehocky-logo.png","width":355,"height":28,"caption":"Pond Lehocky Giordano, Inc"},"image":{"@id":"https:\/\/www.pondlehocky.com\/es\/#\/schema\/logo\/image\/"},"sameAs":["https:\/\/www.instagram.com\/pondlehocky\/","https:\/\/www.youtube.com\/user\/pondlehocky","https:\/\/www.tiktok.com\/@pondlehockygiordano","https:\/\/www.facebook.com\/PondLehocky","https:\/\/www.linkedin.com\/company\/pond-lehocky-giordano\/"]}]}},"_links":{"self":[{"href":"https:\/\/www.pondlehocky.com\/es\/wp-json\/wp\/v2\/pages\/6726","targetHints":{"allow":["GET"]}}],"collection":[{"href":"https:\/\/www.pondlehocky.com\/es\/wp-json\/wp\/v2\/pages"}],"about":[{"href":"https:\/\/www.pondlehocky.com\/es\/wp-json\/wp\/v2\/types\/page"}],"author":[{"embeddable":true,"href":"https:\/\/www.pondlehocky.com\/es\/wp-json\/wp\/v2\/users\/1"}],"replies":[{"embeddable":true,"href":"https:\/\/www.pondlehocky.com\/es\/wp-json\/wp\/v2\/comments?post=6726"}],"version-history":[{"count":0,"href":"https:\/\/www.pondlehocky.com\/es\/wp-json\/wp\/v2\/pages\/6726\/revisions"}],"wp:featuredmedia":[{"embeddable":true,"href":"https:\/\/www.pondlehocky.com\/es\/wp-json\/wp\/v2\/media\/4370"}],"wp:attachment":[{"href":"https:\/\/www.pondlehocky.com\/es\/wp-json\/wp\/v2\/media?parent=6726"}],"curies":[{"name":"wp","href":"https:\/\/api.w.org\/{rel}","templated":true}]}}