{"id":8315,"date":"2025-11-05T18:10:01","date_gmt":"2025-11-05T18:10:01","guid":{"rendered":"https:\/\/www.pondlehocky.com\/?page_id=8315"},"modified":"2025-11-06T09:59:24","modified_gmt":"2025-11-06T09:59:24","slug":"lesiones-de-rodilla","status":"publish","type":"page","link":"https:\/\/www.pondlehocky.com\/es\/lesiones\/lesiones-de-rodilla\/","title":{"rendered":"Lesiones de Rodilla"},"content":{"rendered":"    <section class=\"pl-block pl-block-key-takeaways\">\n                <div class=\"pl-module pl-module-key-takeaways bg-blue-dark mb-10\">\n            <div class=\"flex justify-between items-center gap-4 bg-yellow py-6 md:py-9 px-6 md:px-12\">\n                <div class=\"text-5xl md:text-6xl leading-9 font-serif text-blue-dark font-bold\">\n                    <h3><span class=\"ez-toc-section\" id=\"Puntos_Clave\"><\/span>Puntos Clave<span class=\"ez-toc-section-end\"><\/span><\/h3>\n                <\/div>\n\n                            <\/div>\n            <div class=\"py-6 md:py-9 px-6 md:px-12\">\n\n                <div class=\"pl-t pl-t--white\">\n                    <ul>\n<li>Las lesiones de rodilla son algunas de las m\u00e1s comunes en el trabajo, a menudo causadas por levantar objetos, arrodillarse o ca\u00eddas.<\/li>\n<li>La compensaci\u00f3n laboral puede cubrir gastos m\u00e9dicos, salarios perdidos y rehabilitaci\u00f3n, pero las aseguradoras suelen negar o reducir las reclamaciones v\u00e1lidas.<\/li>\n<li>Un abogado experimentado en lesiones de rodilla de <strong>Pond Lehocky<\/strong> puede reunir pruebas, impugnar negaciones y ayudarle a obtener los beneficios que merece.<\/li>\n<\/ul>\n                <\/div>\n\n                            <\/div>\n        <\/div>\n    <\/section>\n\n\n    <section class=\"pl-block pl-raw-content mb-7 pl-t [&#038;.border-t-2]:pt-8  \">\n        <p>Las lesiones de rodilla se encuentran entre las lesiones laborales m\u00e1s comunes y frustrantes. Ya sea que est\u00e9 de pie todo el d\u00eda, levantando objetos pesados o subiendo escaleras, sus rodillas soportan una cantidad tremenda de presi\u00f3n.<\/p>\n<p>Cuando algo sale mal, puede cambiar su capacidad para llevar a cabo las funciones b\u00e1sicas de su trabajo. Para muchos trabajadores, una lesi\u00f3n de rodilla no solo significa dolor; puede significar p\u00e9rdida de salarios y atenci\u00f3n m\u00e9dica que no pueden costear.<\/p>\n<p>Si sufri\u00f3 una lesi\u00f3n de rodilla en el trabajo, los beneficios de compensaci\u00f3n laboral est\u00e1n dise\u00f1ados para ayudar. Desafortunadamente, los empleadores y las compa\u00f1\u00edas de seguros no siempre lo hacen f\u00e1cil. Ah\u00ed es donde un abogado experimentado en lesiones de rodilla de Pond Lehocky puede ayudar.<\/p>\n<h2><span class=\"ez-toc-section\" id=\"Tipos_Comunes_de_Lesiones_de_Rodilla_en_el_Trabajo\"><\/span>Tipos Comunes de Lesiones de Rodilla en el Trabajo<span class=\"ez-toc-section-end\"><\/span><\/h2>\n<p>La rodilla es una articulaci\u00f3n compleja compuesta de huesos, ligamentos, tendones y cart\u00edlago. Cuando cualquier parte se da\u00f1a, el movimiento se vuelve doloroso o imposible. Algunas de las lesiones de rodilla laborales m\u00e1s frecuentes incluyen:<\/p>\n<ul>\n<li><a href=\"https:\/\/www.ncbi.nlm.nih.gov\/books\/NBK499848\/\" target=\"_blank\" rel=\"noopener\"><strong>Desgarros de LCA y LCM<\/strong><\/a>. Los ligamentos LCA y LCM estabilizan la rodilla, y los desgarros a menudo ocurren durante el levantamiento de objetos pesados o accidentes que involucran ca\u00eddas o giros. Un trabajador de almac\u00e9n que carga cajas pesadas, por ejemplo, puede girar r\u00e1pidamente y sentir que la rodilla \u00abcede\u00bb. La recuperaci\u00f3n puede involucrar cirug\u00eda y meses de rehabilitaci\u00f3n.<\/li>\n<li><strong>Lesiones de menisco<\/strong>. El menisco act\u00faa como un amortiguador en la rodilla, y el arrodillarse y agacharse repetitivamente puede causar desgarros dolorosos. Los plomeros, electricistas y trabajadores de la salud a menudo desarrollan problemas de menisco debido a la flexi\u00f3n constante.<\/li>\n<li><strong>Fracturas<\/strong>. Caerse de una escalera o ser golpeado por maquinaria pesada puede causar huesos rotos en la articulaci\u00f3n de la rodilla, requiriendo cirug\u00eda, implantes met\u00e1licos y largos tiempos de recuperaci\u00f3n.<\/li>\n<li><strong>Bursitis<\/strong>. Inflamaci\u00f3n de los peque\u00f1os sacos de l\u00edquido alrededor de la rodilla. Los techadores, carpinteros y trabajadores de azulejos que pasan horas arrodillados est\u00e1n especialmente en riesgo.<\/li>\n<li><strong>Artritis y condiciones degenerativas<\/strong>. A\u00f1os de tensi\u00f3n repetitiva pueden acelerar la artritis por desgaste, limitando la movilidad y haciendo dif\u00edcil el trabajo f\u00edsico. Incluso si la artritis exist\u00eda antes, un accidente laboral puede empeorarla, dejando al trabajador incapaz de continuar su trabajo.<\/li>\n<\/ul>\n<p>Cualquiera de estas lesiones puede apartarlo de su trabajo por semanas o meses, o incluso causar que no pueda regresar a trabajar.<\/p>\n<h2><span class=\"ez-toc-section\" id=\"Como_las_Lesiones_de_Rodilla_Afectan_Su_Capacidad_para_Trabajar\"><\/span>C\u00f3mo las Lesiones de Rodilla Afectan Su Capacidad para Trabajar<span class=\"ez-toc-section-end\"><\/span><\/h2>\n<p>Cuando sus rodillas est\u00e1n lesionadas, casi cada movimiento se convierte en un desaf\u00edo. Los trabajos que requieren estar de pie, subir, doblar o levantar objetos pueden sentirse imposibles. Los trabajadores en industrias como construcci\u00f3n, manufactura, atenci\u00f3n m\u00e9dica, entrega y almacenamiento son especialmente vulnerables, ya que sus trabajos ponen demandas adicionales en sus articulaciones.<\/p>\n<p>Incluso los trabajos de oficina pueden verse afectados. Sentarse por largos per\u00edodos puede causar hinchaz\u00f3n y rigidez, mientras que caminar por la oficina podr\u00eda ser dif\u00edcil. En casos graves, los trabajadores no pueden desplazarse o conducir. A veces, puede que ni siquiera puedan manejar las responsabilidades diarias del hogar.<\/p>\n<p>Una lesi\u00f3n de rodilla puede interrumpir todo su sustento, dej\u00e1ndolo preocupado sobre c\u00f3mo pagar las cuentas mientras se recupera.<\/p>\n<h2><span class=\"ez-toc-section\" id=\"Compensacion_Laboral_para_Lesiones_de_Rodilla\"><\/span>Compensaci\u00f3n Laboral para Lesiones de Rodilla<span class=\"ez-toc-section-end\"><\/span><\/h2>\n<p>Si se lesiona la rodilla en el trabajo, puede tener derecho a compensaci\u00f3n laboral por lesiones de rodilla. Estos beneficios t\u00edpicamente cubren:<\/p>\n<ul>\n<li><strong>Gastos m\u00e9dicos<\/strong>. Desde visitas al m\u00e9dico y pruebas de imagen hasta cirug\u00edas, inyecciones y terapia f\u00edsica. Los costos de medicamentos tambi\u00e9n pueden estar cubiertos.<\/li>\n<li><strong>Costos de rehabilitaci\u00f3n<\/strong>. Terapia continua o dispositivos de asistencia para ayudar a restaurar la movilidad.<\/li>\n<li><strong>Salarios perdidos<\/strong>. Compensaci\u00f3n por el tiempo que no puede trabajar debido a su lesi\u00f3n.<\/li>\n<li><strong>Beneficios por incapacidad a largo plazo<\/strong>. Si su lesi\u00f3n causa limitaciones permanentes.<\/li>\n<\/ul>\n<p>El tratamiento para las lesiones de rodilla puede ser extenso. Algunos trabajadores necesitan cirug\u00eda artrosc\u00f3pica, un reemplazo total de rodilla o m\u00faltiples rondas de terapia antes de poder regresar al trabajo. Otros puede que nunca recuperen la movilidad completa. Sin compensaci\u00f3n laboral, estos costos pueden alcanzar decenas de miles de d\u00f3lares, lo cual es mucho m\u00e1s de lo que la mayor\u00eda de las familias pueden absorber.<\/p>\n    <\/section>\n\n\n\n\n<figure class=\"wp-block-image size-large\"><img decoding=\"async\" width=\"1024\" height=\"683\" src=\"https:\/\/34zjl1fr.cdn.imgeng.in\/wp-content\/uploads\/2025\/11\/knee-injury-1024x683.jpg\" alt=\"Close-up of a person receiving knee therapy with a brace and electronic stimulation device during rehabilitation.\" class=\"wp-image-8311\" srcset=\"https:\/\/34zjl1fr.cdn.imgeng.in\/wp-content\/uploads\/2025\/11\/knee-injury-1024x683.jpg 1024w, https:\/\/34zjl1fr.cdn.imgeng.in\/wp-content\/uploads\/2025\/11\/knee-injury-300x200.jpg 300w, https:\/\/34zjl1fr.cdn.imgeng.in\/wp-content\/uploads\/2025\/11\/knee-injury-768x512.jpg 768w, https:\/\/34zjl1fr.cdn.imgeng.in\/wp-content\/uploads\/2025\/11\/knee-injury-1536x1024.jpg 1536w, https:\/\/34zjl1fr.cdn.imgeng.in\/wp-content\/uploads\/2025\/11\/knee-injury-2048x1365.jpg 2048w\" sizes=\"(max-width: 1024px) 100vw, 1024px\" \/><\/figure>\n\n\n    <section class=\"pl-block pl-raw-content mb-7 pl-t [&#038;.border-t-2]:pt-8  \">\n        <p>&nbsp;<\/p>\n<h2><span class=\"ez-toc-section\" id=\"Por_Que_las_Reclamaciones_de_Compensacion_Laboral_se_Niegan_o_Minimizan\"><\/span>Por Qu\u00e9 las Reclamaciones de Compensaci\u00f3n Laboral se Niegan o Minimizan<span class=\"ez-toc-section-end\"><\/span><\/h2>\n<p>Desafortunadamente, muchas reclamaciones v\u00e1lidas de lesiones de rodilla son negadas o minimizadas por compa\u00f1\u00edas de seguros que no quieren pagar. Las t\u00e1cticas comunes incluyen:<\/p>\n<ul>\n<li>Argumentar que la lesi\u00f3n era preexistente en lugar de relacionada con el trabajo.<\/li>\n<li>Afirmar que la lesi\u00f3n es menos grave de lo reportado.<\/li>\n<li>Ofrecer beneficios por incapacidad parcial en lugar de total.<\/li>\n<li>Disputar la necesidad de cirug\u00eda o tratamiento a largo plazo.<\/li>\n<\/ul>\n<p>Por ejemplo, una aseguradora podr\u00eda argumentar que su menisco desgarrado es simplemente \u00abdegenerativo\u00bb y no est\u00e1 relacionado con su trabajo, incluso si la lesi\u00f3n ocurri\u00f3 repentinamente en el trabajo. O pueden intentar apresurarlo a regresar a un trabajo que requiere subir o levantar objetos antes de que su rodilla est\u00e9 lista.<\/p>\n<p>Estas negaciones pueden dejar a los trabajadores lesionados atascados con facturas sin pagar y sin ingresos mientras no pueden trabajar. Por eso es tan importante tener un abogado de lesiones de rodilla laborales de su lado.<\/p>\n<h2><span class=\"ez-toc-section\" id=\"Como_un_Abogado_de_Compensacion_Laboral_Puede_Ayudar\"><\/span>C\u00f3mo un Abogado de Compensaci\u00f3n Laboral Puede Ayudar<span class=\"ez-toc-section-end\"><\/span><\/h2>\n<p>Las compa\u00f1\u00edas de seguros tienen equipos de abogados protegiendo sus intereses financieros. Usted merece el mismo nivel de representaci\u00f3n. Un abogado <a href=\"https:\/\/www.pondlehocky.com\/es\/\">h\u00e1bil de compensaci\u00f3n laboral<\/a> puede:<\/p>\n<ul>\n<li>Reunir y presentar evidencia m\u00e9dica para probar la extensi\u00f3n de su lesi\u00f3n.<\/li>\n<li>Demostrar que la lesi\u00f3n fue causada directamente por sus funciones laborales.<\/li>\n<li>Negociar con las aseguradoras para asegurar beneficios completos de p\u00e9rdida de salario y m\u00e9dicos.<\/li>\n<li>Combatir las negaciones y apelar decisiones injustas de reclamaciones.<\/li>\n<li>Buscar beneficios por incapacidad a largo plazo o permanente cuando sea necesario.<\/li>\n<\/ul>\n<p>Por ejemplo, si su empleador afirma que su desgarro de LCA ocurri\u00f3 fuera del trabajo, un abogado puede trabajar con su m\u00e9dico para mostrar c\u00f3mo la lesi\u00f3n ocurri\u00f3 en el trabajo. Si una aseguradora niega la cirug\u00eda, su abogado puede apelar y presionar para la aprobaci\u00f3n para que pueda obtener el tratamiento que necesita.<\/p>\n<p>En Pond Lehocky, nuestros abogados han manejado innumerables casos de lesiones de rodilla. Sabemos lo devastadoras que pueden ser estas lesiones y lo importante que es asegurar beneficios r\u00e1pidamente para que pueda concentrarse en sanar.<\/p>\n<h2><span class=\"ez-toc-section\" id=\"Obtenga_Ayuda_Despues_de_una_Lesion_de_Rodilla_Laboral\"><\/span>Obtenga Ayuda Despu\u00e9s de una Lesi\u00f3n de Rodilla Laboral<span class=\"ez-toc-section-end\"><\/span><\/h2>\n<p>Una lesi\u00f3n de rodilla en el trabajo puede cambiar su vida en un instante, pero no tiene que enfrentar el proceso de recuperaci\u00f3n o el sistema de compensaci\u00f3n laboral solo. El equipo de abogados experimentados de Pond Lehocky est\u00e1 aqu\u00ed para luchar por sus derechos. Haremos responsables a las aseguradoras y lo ayudaremos a obtener los beneficios que merece.<\/p>\n<p>Contacte a <a href=\"https:\/\/www.pondlehocky.com\/contact\/\">Pond Lehocky<\/a> hoy para hablar con un abogado dedicado a lesiones de rodilla laborales. Escucharemos su historia y lo ayudaremos a entender sus opciones para que pueda obtener la compensaci\u00f3n que necesita para seguir adelante.<\/p>\n    <\/section>\n\n","protected":false},"excerpt":{"rendered":"","protected":false},"author":44,"featured_media":8314,"parent":8309,"menu_order":0,"comment_status":"closed","ping_status":"closed","template":"page-sidebar.php","meta":{"_acf_changed":true,"footnotes":"","_elementor_data":""},"class_list":["post-8315","page","type-page","status-publish","has-post-thumbnail","hentry"],"acf":[],"page_builder_type":"gutenberg","gutenberg_data":[],"yoast_head":"<!-- This site is optimized with the Yoast SEO Premium plugin v27.4 (Yoast SEO v27.4) - https:\/\/yoast.com\/product\/yoast-seo-premium-wordpress\/ -->\n<title>Abogado de Lesiones de Rodilla en el Trabajo | Pond Lehocky<\/title>\n<meta name=\"description\" content=\"\u00bfSe lesion\u00f3 la rodilla en el trabajo? Conozca sus derechos y obtenga ayuda para asegurar beneficios de compensaci\u00f3n laboral.\" \/>\n<meta name=\"robots\" content=\"index, follow, max-snippet:-1, max-image-preview:large, max-video-preview:-1\" \/>\n<link rel=\"canonical\" href=\"https:\/\/www.pondlehocky.com\/es\/lesiones\/lesiones-de-rodilla\/\" \/>\n<meta property=\"og:locale\" content=\"es_ES\" \/>\n<meta property=\"og:type\" content=\"article\" \/>\n<meta property=\"og:title\" content=\"Lesiones de Rodilla\" \/>\n<meta property=\"og:description\" content=\"\u00bfSe lesion\u00f3 la rodilla en el trabajo? Conozca sus derechos y obtenga ayuda para asegurar beneficios de compensaci\u00f3n laboral.\" \/>\n<meta property=\"og:url\" content=\"https:\/\/www.pondlehocky.com\/es\/lesiones\/lesiones-de-rodilla\/\" \/>\n<meta property=\"og:site_name\" content=\"Pond Lehocky Giordano, Inc.\" \/>\n<meta property=\"article:publisher\" content=\"https:\/\/www.instagram.com\/pondlehocky\/\" \/>\n<meta property=\"article:modified_time\" content=\"2025-11-06T09:59:24+00:00\" \/>\n<meta property=\"og:image\" content=\"https:\/\/www.pondlehocky.com\/wp-content\/uploads\/2025\/11\/knee-injury-1-scaled.jpg\" \/>\n\t<meta property=\"og:image:width\" content=\"2560\" \/>\n\t<meta property=\"og:image:height\" content=\"1707\" \/>\n\t<meta property=\"og:image:type\" content=\"image\/jpeg\" \/>\n<meta name=\"twitter:card\" content=\"summary_large_image\" \/>\n<meta name=\"twitter:label1\" content=\"Tiempo de lectura\" \/>\n\t<meta name=\"twitter:data1\" content=\"1 minuto\" \/>\n<script type=\"application\/ld+json\" class=\"yoast-schema-graph\">{\"@context\":\"https:\\\/\\\/schema.org\",\"@graph\":[{\"@type\":\"WebPage\",\"@id\":\"https:\\\/\\\/www.pondlehocky.com\\\/es\\\/lesiones\\\/lesiones-de-rodilla\\\/\",\"url\":\"https:\\\/\\\/www.pondlehocky.com\\\/es\\\/lesiones\\\/lesiones-de-rodilla\\\/\",\"name\":\"Abogado de Lesiones de Rodilla en el Trabajo | Pond Lehocky\",\"isPartOf\":{\"@id\":\"https:\\\/\\\/www.pondlehocky.com\\\/es\\\/#website\"},\"primaryImageOfPage\":{\"@id\":\"https:\\\/\\\/www.pondlehocky.com\\\/es\\\/lesiones\\\/lesiones-de-rodilla\\\/#primaryimage\"},\"image\":{\"@id\":\"https:\\\/\\\/www.pondlehocky.com\\\/es\\\/lesiones\\\/lesiones-de-rodilla\\\/#primaryimage\"},\"thumbnailUrl\":\"https:\\\/\\\/www.pondlehocky.com\\\/wp-content\\\/uploads\\\/2025\\\/11\\\/knee-injury-1-scaled.jpg\",\"datePublished\":\"2025-11-05T18:10:01+00:00\",\"dateModified\":\"2025-11-06T09:59:24+00:00\",\"description\":\"\u00bfSe lesion\u00f3 la rodilla en el trabajo? Conozca sus derechos y obtenga ayuda para asegurar beneficios de compensaci\u00f3n laboral.\",\"breadcrumb\":{\"@id\":\"https:\\\/\\\/www.pondlehocky.com\\\/es\\\/lesiones\\\/lesiones-de-rodilla\\\/#breadcrumb\"},\"inLanguage\":\"es\",\"potentialAction\":[{\"@type\":\"ReadAction\",\"target\":[\"https:\\\/\\\/www.pondlehocky.com\\\/es\\\/lesiones\\\/lesiones-de-rodilla\\\/\"]}]},{\"@type\":\"ImageObject\",\"inLanguage\":\"es\",\"@id\":\"https:\\\/\\\/www.pondlehocky.com\\\/es\\\/lesiones\\\/lesiones-de-rodilla\\\/#primaryimage\",\"url\":\"https:\\\/\\\/www.pondlehocky.com\\\/wp-content\\\/uploads\\\/2025\\\/11\\\/knee-injury-1-scaled.jpg\",\"contentUrl\":\"https:\\\/\\\/www.pondlehocky.com\\\/wp-content\\\/uploads\\\/2025\\\/11\\\/knee-injury-1-scaled.jpg\",\"width\":2560,\"height\":1707,\"caption\":\"Cyclist sitting on the ground with a knee injury being bandaged by another rider, with bicycles lying nearby on a dirt path.\"},{\"@type\":\"BreadcrumbList\",\"@id\":\"https:\\\/\\\/www.pondlehocky.com\\\/es\\\/lesiones\\\/lesiones-de-rodilla\\\/#breadcrumb\",\"itemListElement\":[{\"@type\":\"ListItem\",\"position\":1,\"name\":\"Home\",\"item\":\"https:\\\/\\\/www.pondlehocky.com\\\/es\\\/homepage\\\/\"},{\"@type\":\"ListItem\",\"position\":2,\"name\":\"Lesiones\",\"item\":\"https:\\\/\\\/www.pondlehocky.com\\\/es\\\/lesiones\\\/\"},{\"@type\":\"ListItem\",\"position\":3,\"name\":\"Lesiones de Rodilla\"}]},{\"@type\":\"WebSite\",\"@id\":\"https:\\\/\\\/www.pondlehocky.com\\\/es\\\/#website\",\"url\":\"https:\\\/\\\/www.pondlehocky.com\\\/es\\\/\",\"name\":\"Pond Lehocky Giordano, Inc.\",\"description\":\"Largest workers\u2019 compensation and Social Security disability law firm in Pennsylvania\",\"publisher\":{\"@id\":\"https:\\\/\\\/www.pondlehocky.com\\\/es\\\/#organization\"},\"alternateName\":\"Pond Lehocky Giordano, Inc.\",\"potentialAction\":[{\"@type\":\"SearchAction\",\"target\":{\"@type\":\"EntryPoint\",\"urlTemplate\":\"https:\\\/\\\/www.pondlehocky.com\\\/es\\\/?s={search_term_string}\"},\"query-input\":{\"@type\":\"PropertyValueSpecification\",\"valueRequired\":true,\"valueName\":\"search_term_string\"}}],\"inLanguage\":\"es\"},{\"@type\":\"Organization\",\"@id\":\"https:\\\/\\\/www.pondlehocky.com\\\/es\\\/#organization\",\"name\":\"Pond Lehocky Giordano, Inc\",\"alternateName\":\"Pond Lehocky Giordano, Inc.\",\"url\":\"https:\\\/\\\/www.pondlehocky.com\\\/es\\\/\",\"logo\":{\"@type\":\"ImageObject\",\"inLanguage\":\"es\",\"@id\":\"https:\\\/\\\/www.pondlehocky.com\\\/es\\\/#\\\/schema\\\/logo\\\/image\\\/\",\"url\":\"https:\\\/\\\/www.pondlehocky.com\\\/wp-content\\\/uploads\\\/2024\\\/04\\\/pond-lehocky-logo.png\",\"contentUrl\":\"https:\\\/\\\/www.pondlehocky.com\\\/wp-content\\\/uploads\\\/2024\\\/04\\\/pond-lehocky-logo.png\",\"width\":355,\"height\":28,\"caption\":\"Pond Lehocky Giordano, Inc\"},\"image\":{\"@id\":\"https:\\\/\\\/www.pondlehocky.com\\\/es\\\/#\\\/schema\\\/logo\\\/image\\\/\"},\"sameAs\":[\"https:\\\/\\\/www.instagram.com\\\/pondlehocky\\\/\",\"https:\\\/\\\/www.youtube.com\\\/user\\\/pondlehocky\",\"https:\\\/\\\/www.tiktok.com\\\/@pondlehockygiordano\",\"https:\\\/\\\/www.facebook.com\\\/PondLehocky\",\"https:\\\/\\\/www.linkedin.com\\\/company\\\/pond-lehocky-giordano\\\/\"]}]}<\/script>\n<!-- \/ Yoast SEO Premium plugin. -->","yoast_head_json":{"title":"Abogado de Lesiones de Rodilla en el Trabajo | Pond Lehocky","description":"\u00bfSe lesion\u00f3 la rodilla en el trabajo? Conozca sus derechos y obtenga ayuda para asegurar beneficios de compensaci\u00f3n laboral.","robots":{"index":"index","follow":"follow","max-snippet":"max-snippet:-1","max-image-preview":"max-image-preview:large","max-video-preview":"max-video-preview:-1"},"canonical":"https:\/\/www.pondlehocky.com\/es\/lesiones\/lesiones-de-rodilla\/","og_locale":"es_ES","og_type":"article","og_title":"Lesiones de Rodilla","og_description":"\u00bfSe lesion\u00f3 la rodilla en el trabajo? Conozca sus derechos y obtenga ayuda para asegurar beneficios de compensaci\u00f3n laboral.","og_url":"https:\/\/www.pondlehocky.com\/es\/lesiones\/lesiones-de-rodilla\/","og_site_name":"Pond Lehocky Giordano, Inc.","article_publisher":"https:\/\/www.instagram.com\/pondlehocky\/","article_modified_time":"2025-11-06T09:59:24+00:00","og_image":[{"width":2560,"height":1707,"url":"https:\/\/www.pondlehocky.com\/wp-content\/uploads\/2025\/11\/knee-injury-1-scaled.jpg","type":"image\/jpeg"}],"twitter_card":"summary_large_image","twitter_misc":{"Tiempo de lectura":"1 minuto"},"schema":{"@context":"https:\/\/schema.org","@graph":[{"@type":"WebPage","@id":"https:\/\/www.pondlehocky.com\/es\/lesiones\/lesiones-de-rodilla\/","url":"https:\/\/www.pondlehocky.com\/es\/lesiones\/lesiones-de-rodilla\/","name":"Abogado de Lesiones de Rodilla en el Trabajo | Pond Lehocky","isPartOf":{"@id":"https:\/\/www.pondlehocky.com\/es\/#website"},"primaryImageOfPage":{"@id":"https:\/\/www.pondlehocky.com\/es\/lesiones\/lesiones-de-rodilla\/#primaryimage"},"image":{"@id":"https:\/\/www.pondlehocky.com\/es\/lesiones\/lesiones-de-rodilla\/#primaryimage"},"thumbnailUrl":"https:\/\/www.pondlehocky.com\/wp-content\/uploads\/2025\/11\/knee-injury-1-scaled.jpg","datePublished":"2025-11-05T18:10:01+00:00","dateModified":"2025-11-06T09:59:24+00:00","description":"\u00bfSe lesion\u00f3 la rodilla en el trabajo? Conozca sus derechos y obtenga ayuda para asegurar beneficios de compensaci\u00f3n laboral.","breadcrumb":{"@id":"https:\/\/www.pondlehocky.com\/es\/lesiones\/lesiones-de-rodilla\/#breadcrumb"},"inLanguage":"es","potentialAction":[{"@type":"ReadAction","target":["https:\/\/www.pondlehocky.com\/es\/lesiones\/lesiones-de-rodilla\/"]}]},{"@type":"ImageObject","inLanguage":"es","@id":"https:\/\/www.pondlehocky.com\/es\/lesiones\/lesiones-de-rodilla\/#primaryimage","url":"https:\/\/www.pondlehocky.com\/wp-content\/uploads\/2025\/11\/knee-injury-1-scaled.jpg","contentUrl":"https:\/\/www.pondlehocky.com\/wp-content\/uploads\/2025\/11\/knee-injury-1-scaled.jpg","width":2560,"height":1707,"caption":"Cyclist sitting on the ground with a knee injury being bandaged by another rider, with bicycles lying nearby on a dirt path."},{"@type":"BreadcrumbList","@id":"https:\/\/www.pondlehocky.com\/es\/lesiones\/lesiones-de-rodilla\/#breadcrumb","itemListElement":[{"@type":"ListItem","position":1,"name":"Home","item":"https:\/\/www.pondlehocky.com\/es\/homepage\/"},{"@type":"ListItem","position":2,"name":"Lesiones","item":"https:\/\/www.pondlehocky.com\/es\/lesiones\/"},{"@type":"ListItem","position":3,"name":"Lesiones de Rodilla"}]},{"@type":"WebSite","@id":"https:\/\/www.pondlehocky.com\/es\/#website","url":"https:\/\/www.pondlehocky.com\/es\/","name":"Pond Lehocky Giordano, Inc.","description":"Largest workers\u2019 compensation and Social Security disability law firm in Pennsylvania","publisher":{"@id":"https:\/\/www.pondlehocky.com\/es\/#organization"},"alternateName":"Pond Lehocky Giordano, Inc.","potentialAction":[{"@type":"SearchAction","target":{"@type":"EntryPoint","urlTemplate":"https:\/\/www.pondlehocky.com\/es\/?s={search_term_string}"},"query-input":{"@type":"PropertyValueSpecification","valueRequired":true,"valueName":"search_term_string"}}],"inLanguage":"es"},{"@type":"Organization","@id":"https:\/\/www.pondlehocky.com\/es\/#organization","name":"Pond Lehocky Giordano, Inc","alternateName":"Pond Lehocky Giordano, Inc.","url":"https:\/\/www.pondlehocky.com\/es\/","logo":{"@type":"ImageObject","inLanguage":"es","@id":"https:\/\/www.pondlehocky.com\/es\/#\/schema\/logo\/image\/","url":"https:\/\/www.pondlehocky.com\/wp-content\/uploads\/2024\/04\/pond-lehocky-logo.png","contentUrl":"https:\/\/www.pondlehocky.com\/wp-content\/uploads\/2024\/04\/pond-lehocky-logo.png","width":355,"height":28,"caption":"Pond Lehocky Giordano, Inc"},"image":{"@id":"https:\/\/www.pondlehocky.com\/es\/#\/schema\/logo\/image\/"},"sameAs":["https:\/\/www.instagram.com\/pondlehocky\/","https:\/\/www.youtube.com\/user\/pondlehocky","https:\/\/www.tiktok.com\/@pondlehockygiordano","https:\/\/www.facebook.com\/PondLehocky","https:\/\/www.linkedin.com\/company\/pond-lehocky-giordano\/"]}]}},"_links":{"self":[{"href":"https:\/\/www.pondlehocky.com\/es\/wp-json\/wp\/v2\/pages\/8315","targetHints":{"allow":["GET"]}}],"collection":[{"href":"https:\/\/www.pondlehocky.com\/es\/wp-json\/wp\/v2\/pages"}],"about":[{"href":"https:\/\/www.pondlehocky.com\/es\/wp-json\/wp\/v2\/types\/page"}],"author":[{"embeddable":true,"href":"https:\/\/www.pondlehocky.com\/es\/wp-json\/wp\/v2\/users\/44"}],"replies":[{"embeddable":true,"href":"https:\/\/www.pondlehocky.com\/es\/wp-json\/wp\/v2\/comments?post=8315"}],"version-history":[{"count":0,"href":"https:\/\/www.pondlehocky.com\/es\/wp-json\/wp\/v2\/pages\/8315\/revisions"}],"up":[{"embeddable":true,"href":"https:\/\/www.pondlehocky.com\/es\/wp-json\/wp\/v2\/pages\/8309"}],"wp:featuredmedia":[{"embeddable":true,"href":"https:\/\/www.pondlehocky.com\/es\/wp-json\/wp\/v2\/media\/8314"}],"wp:attachment":[{"href":"https:\/\/www.pondlehocky.com\/es\/wp-json\/wp\/v2\/media?parent=8315"}],"curies":[{"name":"wp","href":"https:\/\/api.w.org\/{rel}","templated":true}]}}