{"id":8349,"date":"2025-11-10T14:02:13","date_gmt":"2025-11-10T14:02:13","guid":{"rendered":"https:\/\/www.pondlehocky.com\/?page_id=8349"},"modified":"2025-11-10T16:58:59","modified_gmt":"2025-11-10T16:58:59","slug":"amputaciones","status":"publish","type":"page","link":"https:\/\/www.pondlehocky.com\/es\/lesiones\/amputaciones\/","title":{"rendered":"Amputaciones"},"content":{"rendered":"    <section class=\"pl-block pl-block-key-takeaways\">\n                <div class=\"pl-module pl-module-key-takeaways bg-blue-dark mb-10\">\n            <div class=\"flex justify-between items-center gap-4 bg-yellow py-6 md:py-9 px-6 md:px-12\">\n                <div class=\"text-5xl md:text-6xl leading-9 font-serif text-blue-dark font-bold\">\n                    <h3><span class=\"ez-toc-section\" id=\"Puntos_Clave\"><\/span>Puntos Clave<span class=\"ez-toc-section-end\"><\/span><\/h3>\n                <\/div>\n\n                            <\/div>\n            <div class=\"py-6 md:py-9 px-6 md:px-12\">\n\n                <div class=\"pl-t pl-t--white\">\n                    <ul>\n<li>Las amputaciones laborales requieren atenci\u00f3n m\u00e9dica, rehabilitaci\u00f3n y compensaci\u00f3n adecuada para cubrir los gastos y la p\u00e9rdida de ingresos.<\/li>\n<li>Las compa\u00f1\u00edas de seguros a menudo minimizan los pagos, por lo que contar con un abogado especializado puede marcar la diferencia.<\/li>\n<li>Un abogado de compensaci\u00f3n laboral puede ayudarle a reunir evidencia, apelar decisiones y asegurar todos los beneficios que la ley le otorga.<\/li>\n<\/ul>\n                <\/div>\n\n                            <\/div>\n        <\/div>\n    <\/section>\n\n\n    <section class=\"pl-block pl-raw-content mb-7 pl-t [&#038;.border-t-2]:pt-8  \">\n        <p>Pocas lesiones laborales son tan devastadoras como una amputaci\u00f3n. Perder un dedo, mano, brazo o pierna no solo cambia la vida f\u00edsicamente, sino que tambi\u00e9n impacta cada parte de la vida de un trabajador. La independencia diaria y el desempe\u00f1o laboral pueden cambiar para siempre, y una persona puede luchar con el trauma emocional durante a\u00f1os.<\/p>\n<p>Desafortunadamente, <a href=\"https:\/\/medlineplus.gov\/ency\/article\/007365.htm\" target=\"_blank\" rel=\"noopener\">las amputaciones<\/a> no son raras y a menudo ocurren en industrias que involucran maquinaria pesada, construcci\u00f3n, almacenamiento y transporte. Tambi\u00e9n pueden resultar de accidentes por aplastamiento, colisiones de veh\u00edculos o lesiones el\u00e9ctricas graves. Independientemente de c\u00f3mo ocurran, las amputaciones representan lesiones catastr\u00f3ficas que exigen atenci\u00f3n m\u00e9dica seria, rehabilitaci\u00f3n a largo plazo y apoyo financiero continuo.<\/p>\n<p>La compensaci\u00f3n laboral deber\u00eda proporcionar beneficios para ayudar con los gastos y salarios perdidos. Desafortunadamente, las compa\u00f1\u00edas de seguros a veces intentan limitar los pagos, dejando a los trabajadores lesionados sin los recursos que necesitan. Contratar a un abogado experimentado en lesiones por amputaci\u00f3n puede intervenir para luchar por una compensaci\u00f3n completa y justa.<\/p>\n<h2><span class=\"ez-toc-section\" id=\"Como_Ocurren_las_Amputaciones_en_el_Trabajo\"><\/span>C\u00f3mo Ocurren las Amputaciones en el Trabajo<span class=\"ez-toc-section-end\"><\/span><\/h2>\n<p>Las amputaciones pueden ocurrir en muchos tipos de accidentes laborales. Algunos de los escenarios m\u00e1s comunes incluyen:<\/p>\n<ul>\n<li><strong>Accidentes con maquinaria<\/strong>. Los trabajadores en manufactura, construcci\u00f3n o almacenamiento pueden tener extremidades atrapadas en equipo en movimiento, transportadores o prensas.<\/li>\n<li><strong>Lesiones por aplastamiento<\/strong>. Objetos pesados o veh\u00edculos pueden atrapar y da\u00f1ar gravemente las extremidades, a veces dejando la amputaci\u00f3n como la \u00fanica opci\u00f3n m\u00e9dica.<\/li>\n<li><strong>Accidentes vehiculares<\/strong>. Las colisiones de camiones, montacargas y veh\u00edculos de la compa\u00f1\u00eda pueden causar lesiones traum\u00e1ticas que requieren amputaci\u00f3n quir\u00fargica.<\/li>\n<li><strong>Lesiones el\u00e9ctricas<\/strong>. Quemaduras el\u00e9ctricas graves o electrocuci\u00f3n pueden da\u00f1ar el tejido m\u00e1s all\u00e1 de la reparaci\u00f3n, llevando a la amputaci\u00f3n.<\/li>\n<li><strong>Explosiones o laceraciones graves<\/strong>. Accidentes industriales, incendios o mal funcionamiento del equipo pueden causar da\u00f1o catastr\u00f3fico.<\/li>\n<\/ul>\n<p>Estos incidentes son repentinos, traum\u00e1ticos y a menudo impiden que los trabajadores regresen a los trabajos de los que alguna vez dependieron.<\/p>\n    <\/section>\n\n\n\n\n<figure class=\"wp-block-image size-large\"><img decoding=\"async\" width=\"1024\" height=\"683\" src=\"https:\/\/34zjl1fr.cdn.imgeng.in\/wp-content\/uploads\/2025\/11\/machinery-accident-1024x683.jpg\" alt=\"Construction worker wearing red overalls and a yellow hard hat sitting on the floor, holding his injured ankle next to a power drill, symbolizing a workplace accident.\" class=\"wp-image-8347\" srcset=\"https:\/\/34zjl1fr.cdn.imgeng.in\/wp-content\/uploads\/2025\/11\/machinery-accident-1024x683.jpg 1024w, https:\/\/34zjl1fr.cdn.imgeng.in\/wp-content\/uploads\/2025\/11\/machinery-accident-300x200.jpg 300w, https:\/\/34zjl1fr.cdn.imgeng.in\/wp-content\/uploads\/2025\/11\/machinery-accident-768x512.jpg 768w, https:\/\/34zjl1fr.cdn.imgeng.in\/wp-content\/uploads\/2025\/11\/machinery-accident-1536x1024.jpg 1536w, https:\/\/34zjl1fr.cdn.imgeng.in\/wp-content\/uploads\/2025\/11\/machinery-accident-2048x1365.jpg 2048w\" sizes=\"(max-width: 1024px) 100vw, 1024px\" \/><\/figure>\n\n\n    <section class=\"pl-block pl-raw-content mb-7 pl-t [&#038;.border-t-2]:pt-8  \">\n        <h2><\/h2>\n<h2><span class=\"ez-toc-section\" id=\"Tipos_de_Amputaciones\"><\/span>Tipos de Amputaciones<span class=\"ez-toc-section-end\"><\/span><\/h2>\n<p>Las lesiones por amputaci\u00f3n var\u00edan ampliamente en severidad e impacto. Algunas de las m\u00e1s comunes incluyen:<\/p>\n<ul>\n<li><strong>Amputaciones de dedos<\/strong>. Incluso la p\u00e9rdida de un solo dedo puede reducir significativamente la fuerza de agarre y la destreza.<\/li>\n<li><strong>Amputaciones de manos<\/strong>. Perder una o ambas manos hace dif\u00edcil realizar actividades diarias b\u00e1sicas, y mucho menos la mayor\u00eda de los trabajos.<\/li>\n<li><strong>Amputaciones de brazos<\/strong>. Las amputaciones por encima o por debajo del codo requieren ajuste extenso y apoyo prot\u00e9sico.<\/li>\n<li><strong>Amputaciones de piernas<\/strong>. Las amputaciones por debajo o por encima de la rodilla pueden alterar permanentemente la movilidad, requiriendo pr\u00f3tesis o ayudas para la movilidad.<\/li>\n<\/ul>\n<p>Cada una de estas lesiones trae desaf\u00edos \u00fanicos, pero todas resultan en una vida que nunca ser\u00e1 la misma sin el apoyo adecuado.<\/p>\n<h2><span class=\"ez-toc-section\" id=\"El_Impacto_de_las_Amputaciones_en_el_Trabajo_y_la_Vida_Diaria\"><\/span>El Impacto de las Amputaciones en el Trabajo y la Vida Diaria<span class=\"ez-toc-section-end\"><\/span><\/h2>\n<p>Una amputaci\u00f3n afecta mucho m\u00e1s que la capacidad f\u00edsica. Estas lesiones tocan cada aspecto del futuro de un trabajador.<\/p>\n<ul>\n<li><strong>Empleo<\/strong>. Los trabajos f\u00edsicos en construcci\u00f3n, atenci\u00f3n m\u00e9dica y manufactura pueden ya no ser posibles. Incluso los roles de oficina pueden verse afectados si escribir o la movilidad est\u00e1n limitados.<\/li>\n<li><strong>Independencia diaria<\/strong>. Actividades simples como cocinar, conducir o vestirse pueden volverse dif\u00edciles o requerir asistencia.<\/li>\n<li><strong>Costo emocional<\/strong>. Los trabajadores a menudo enfrentan depresi\u00f3n, ansiedad o estr\u00e9s postraum\u00e1tico mientras se adaptan a la vida con p\u00e9rdida de extremidades.<\/li>\n<li><strong>Tensi\u00f3n financiera<\/strong>. La atenci\u00f3n m\u00e9dica, las pr\u00f3tesis y la rehabilitaci\u00f3n vienen con altos costos, a menudo duran toda la vida.<\/li>\n<\/ul>\n<p>Los beneficios de compensaci\u00f3n laboral sirven para proporcionar una red de seguridad financiera mientras los trabajadores se ajustan a su nueva realidad.<\/p>\n<h2><span class=\"ez-toc-section\" id=\"Lo_Que_la_Compensacion_Laboral_Deberia_Cubrir\"><\/span>Lo Que la Compensaci\u00f3n Laboral Deber\u00eda Cubrir<span class=\"ez-toc-section-end\"><\/span><\/h2>\n<p>Para los trabajadores que sufren amputaciones en el trabajo, la compensaci\u00f3n laboral deber\u00eda proporcionar beneficios tales como:<\/p>\n<ul>\n<li><strong>Tratamiento m\u00e9dico<\/strong>. Este beneficio puede cubrir cirug\u00eda de emergencia, estad\u00edas en el hospital, atenci\u00f3n de seguimiento y manejo del dolor. Tambi\u00e9n puede cubrir sus medicamentos, si los necesita.<\/li>\n<li><strong>Pr\u00f3tesis<\/strong>. Las pr\u00f3tesis pueden estar disponibles despu\u00e9s de su amputaci\u00f3n. Los beneficios de compensaci\u00f3n laboral pueden cubrir dispositivos prot\u00e9sicos, que a menudo necesitan reemplazo o actualizaciones con el tiempo.<\/li>\n<li><strong>Rehabilitaci\u00f3n y terapia<\/strong>. Si necesita terapia f\u00edsica y ocupacional para ayudarlo a ganar independencia, la compensaci\u00f3n laboral puede ayudar a cubrir el costo.<\/li>\n<li><strong>Reemplazo de salario<\/strong>. Despu\u00e9s de una amputaci\u00f3n, es casi seguro que perder\u00e1 tiempo del trabajo. La compensaci\u00f3n laboral cubre una porci\u00f3n de los ingresos perdidos mientras no puede trabajar.<\/li>\n<li><strong>Beneficios por incapacidad<\/strong>. Si est\u00e1 permanentemente incapacitado, ya sea parcial o totalmente, la compensaci\u00f3n laboral puede proporcionar beneficios.<\/li>\n<\/ul>\n<p>Sin embargo, las compa\u00f1\u00edas de seguros a menudo intentan limitar estos beneficios, disputando el costo de las pr\u00f3tesis, negando la rehabilitaci\u00f3n a largo plazo o minimizando las calificaciones de incapacidad.<\/p>\n<h2><span class=\"ez-toc-section\" id=\"Por_Que_Necesita_un_Abogado_de_Amputaciones_Laborales\"><\/span>Por Qu\u00e9 Necesita un Abogado de Amputaciones Laborales<span class=\"ez-toc-section-end\"><\/span><\/h2>\n<p>Si ha experimentado una amputaci\u00f3n en el trabajo y est\u00e1 teniendo problemas para que aprueben su reclamaci\u00f3n, necesita protecci\u00f3n legal. Un abogado h\u00e1bil de amputaciones laborales puede:<\/p>\n<ul>\n<li>Reunir evidencia para probar que su lesi\u00f3n est\u00e1 relacionada con el trabajo.<\/li>\n<li>Asegurar que su reclamaci\u00f3n refleje el verdadero costo de la atenci\u00f3n m\u00e9dica y prot\u00e9sica a largo plazo.<\/li>\n<li>Desafiar las calificaciones de incapacidad bajas que reducen sus beneficios.<\/li>\n<li>Luchar por un reemplazo de salario que refleje con precisi\u00f3n su p\u00e9rdida financiera.<\/li>\n<li>Abogar por sus derechos en audiencias, apelaciones o negociaciones con la aseguradora.<\/li>\n<\/ul>\n<p>Debido a que las amputaciones son catastr\u00f3ficas, las compa\u00f1\u00edas de seguros hacen lo que pueden para proteger sus propios intereses financieros. Tener el abogado adecuado puede hacer la diferencia entre luchar solo y asegurar los beneficios que merece.<\/p>\n    <\/section>\n\n\n\n\n<figure class=\"wp-block-image size-large\"><img decoding=\"async\" width=\"1024\" height=\"683\" src=\"https:\/\/34zjl1fr.cdn.imgeng.in\/wp-content\/uploads\/2025\/11\/amputation-attorney-1024x683.jpg\" alt=\"Two professionals in business attire shaking hands across a desk in an office, symbolizing agreement, trust, or the start of a legal consultation.\" class=\"wp-image-8345\" srcset=\"https:\/\/34zjl1fr.cdn.imgeng.in\/wp-content\/uploads\/2025\/11\/amputation-attorney-1024x683.jpg 1024w, https:\/\/34zjl1fr.cdn.imgeng.in\/wp-content\/uploads\/2025\/11\/amputation-attorney-300x200.jpg 300w, https:\/\/34zjl1fr.cdn.imgeng.in\/wp-content\/uploads\/2025\/11\/amputation-attorney-768x512.jpg 768w, https:\/\/34zjl1fr.cdn.imgeng.in\/wp-content\/uploads\/2025\/11\/amputation-attorney-1536x1025.jpg 1536w\" sizes=\"(max-width: 1024px) 100vw, 1024px\" \/><\/figure>\n\n\n    <section class=\"pl-block pl-raw-content mb-7 pl-t [&#038;.border-t-2]:pt-8  \">\n        <h2><\/h2>\n<h2><span class=\"ez-toc-section\" id=\"Compensacion_Laboral_para_Amputaciones_Desafios_Comunes\"><\/span>Compensaci\u00f3n Laboral para Amputaciones: Desaf\u00edos Comunes<span class=\"ez-toc-section-end\"><\/span><\/h2>\n<p>Las compa\u00f1\u00edas de seguros pueden argumentar que su lesi\u00f3n no fue causada por su trabajo, o que sus dispositivos prot\u00e9sicos no son \u00abnecesarios\u00bb o no requieren actualizaciones continuas. Pueden decir que puede regresar a alguna forma de trabajo, incluso si su condici\u00f3n impide un empleo significativo, o que su calificaci\u00f3n de incapacidad no refleja una limitaci\u00f3n permanente.<\/p>\n<p>Estas t\u00e1cticas son injustas, pero son comunes. Un <a href=\"https:\/\/www.pondlehocky.com\/es\/\">abogado experimentado en compensaci\u00f3n laboral<\/a> sabe c\u00f3mo desafiar estos argumentos y asegurar los recursos que necesita.<\/p>\n<h2><span class=\"ez-toc-section\" id=\"Avanzando_Despues_de_una_Amputacion\"><\/span>Avanzando Despu\u00e9s de una Amputaci\u00f3n<span class=\"ez-toc-section-end\"><\/span><\/h2>\n<p>Perder una extremidad altera la vida, pero con la atenci\u00f3n m\u00e9dica adecuada, pr\u00f3tesis y apoyo, muchos trabajadores pueden reconstruir sus vidas. Algunos regresan al trabajo en nuevas capacidades, mientras que otros se enfocan en la rehabilitaci\u00f3n y la independencia personal. Lo m\u00e1s importante es que no se le deje solo para luchar por los beneficios que necesita durante esta transici\u00f3n.<\/p>\n<h2><span class=\"ez-toc-section\" id=\"Llame_a_Pond_Lehocky_Hoy\"><\/span>Llame a Pond Lehocky Hoy<span class=\"ez-toc-section-end\"><\/span><\/h2>\n<p>Si ha sufrido una amputaci\u00f3n laboral, no tiene que enfrentar el futuro solo. En Pond Lehocky, hemos ayudado a innumerables trabajadores a recuperar los beneficios a los que tienen derecho despu\u00e9s de lesiones catastr\u00f3ficas. Entendemos los desaf\u00edos m\u00e9dicos, financieros y emocionales que enfrenta, y estamos aqu\u00ed para luchar por usted.<\/p>\n<p>Contacte a <a href=\"https:\/\/www.pondlehocky.com\/es\/contacte-con\/\">Pond Lehocky<\/a> hoy para una consulta gratuita con un abogado dedicado a lesiones por amputaci\u00f3n. Trabajaremos para asegurar que obtenga los beneficios completos que necesita para atenci\u00f3n m\u00e9dica, pr\u00f3tesis, rehabilitaci\u00f3n y salarios perdidos. Con nuestra experiencia, compasi\u00f3n y determinaci\u00f3n, tendr\u00e1 un defensor a su lado en cada paso del camino.<\/p>\n    <\/section>\n\n","protected":false},"excerpt":{"rendered":"","protected":false},"author":44,"featured_media":8344,"parent":8309,"menu_order":0,"comment_status":"closed","ping_status":"closed","template":"page-sidebar.php","meta":{"_acf_changed":true,"footnotes":"","_elementor_data":""},"class_list":["post-8349","page","type-page","status-publish","has-post-thumbnail","hentry"],"acf":[],"page_builder_type":"gutenberg","gutenberg_data":[],"yoast_head":"<!-- This site is optimized with the Yoast SEO Premium plugin v27.6 (Yoast SEO v27.6) - https:\/\/yoast.com\/product\/yoast-seo-premium-wordpress\/ -->\n<title>Abogado de Compensaci\u00f3n Laboral por Amputaciones<\/title>\n<meta name=\"description\" content=\"Amputaciones laborales: causas, tipos y compensaci\u00f3n. Conozca sus derechos y c\u00f3mo un abogado puede ayudarle a obtener beneficios justos.\" \/>\n<meta name=\"robots\" content=\"index, follow, max-snippet:-1, max-image-preview:large, max-video-preview:-1\" \/>\n<link rel=\"canonical\" href=\"https:\/\/www.pondlehocky.com\/es\/lesiones\/amputaciones\/\" \/>\n<meta property=\"og:locale\" content=\"es_ES\" \/>\n<meta property=\"og:type\" content=\"article\" \/>\n<meta property=\"og:title\" content=\"Amputaciones\" \/>\n<meta property=\"og:description\" content=\"Amputaciones laborales: causas, tipos y compensaci\u00f3n. Conozca sus derechos y c\u00f3mo un abogado puede ayudarle a obtener beneficios justos.\" \/>\n<meta property=\"og:url\" content=\"https:\/\/www.pondlehocky.com\/es\/lesiones\/amputaciones\/\" \/>\n<meta property=\"og:site_name\" content=\"Pond Lehocky Giordano, Inc.\" \/>\n<meta property=\"article:publisher\" content=\"https:\/\/www.instagram.com\/pondlehocky\/\" \/>\n<meta property=\"article:modified_time\" content=\"2025-11-10T16:58:59+00:00\" \/>\n<meta property=\"og:image\" content=\"https:\/\/www.pondlehocky.com\/wp-content\/uploads\/2025\/11\/amputation-1024x683.jpg\" \/>\n\t<meta property=\"og:image:width\" content=\"1024\" \/>\n\t<meta property=\"og:image:height\" content=\"683\" \/>\n\t<meta property=\"og:image:type\" content=\"image\/jpeg\" \/>\n<meta name=\"twitter:card\" content=\"summary_large_image\" \/>\n<meta name=\"twitter:label1\" content=\"Tiempo de lectura\" \/>\n\t<meta name=\"twitter:data1\" content=\"1 minuto\" \/>\n<script type=\"application\/ld+json\" class=\"yoast-schema-graph\">{\"@context\":\"https:\\\/\\\/schema.org\",\"@graph\":[{\"@type\":\"WebPage\",\"@id\":\"https:\\\/\\\/www.pondlehocky.com\\\/es\\\/lesiones\\\/amputaciones\\\/\",\"url\":\"https:\\\/\\\/www.pondlehocky.com\\\/es\\\/lesiones\\\/amputaciones\\\/\",\"name\":\"Abogado de Compensaci\u00f3n Laboral por Amputaciones\",\"isPartOf\":{\"@id\":\"https:\\\/\\\/www.pondlehocky.com\\\/es\\\/#website\"},\"primaryImageOfPage\":{\"@id\":\"https:\\\/\\\/www.pondlehocky.com\\\/es\\\/lesiones\\\/amputaciones\\\/#primaryimage\"},\"image\":{\"@id\":\"https:\\\/\\\/www.pondlehocky.com\\\/es\\\/lesiones\\\/amputaciones\\\/#primaryimage\"},\"thumbnailUrl\":\"https:\\\/\\\/www.pondlehocky.com\\\/wp-content\\\/uploads\\\/2025\\\/11\\\/amputation.jpg\",\"datePublished\":\"2025-11-10T14:02:13+00:00\",\"dateModified\":\"2025-11-10T16:58:59+00:00\",\"description\":\"Amputaciones laborales: causas, tipos y compensaci\u00f3n. Conozca sus derechos y c\u00f3mo un abogado puede ayudarle a obtener beneficios justos.\",\"breadcrumb\":{\"@id\":\"https:\\\/\\\/www.pondlehocky.com\\\/es\\\/lesiones\\\/amputaciones\\\/#breadcrumb\"},\"inLanguage\":\"es\",\"potentialAction\":[{\"@type\":\"ReadAction\",\"target\":[\"https:\\\/\\\/www.pondlehocky.com\\\/es\\\/lesiones\\\/amputaciones\\\/\"]}]},{\"@type\":\"ImageObject\",\"inLanguage\":\"es\",\"@id\":\"https:\\\/\\\/www.pondlehocky.com\\\/es\\\/lesiones\\\/amputaciones\\\/#primaryimage\",\"url\":\"https:\\\/\\\/www.pondlehocky.com\\\/wp-content\\\/uploads\\\/2025\\\/11\\\/amputation.jpg\",\"contentUrl\":\"https:\\\/\\\/www.pondlehocky.com\\\/wp-content\\\/uploads\\\/2025\\\/11\\\/amputation.jpg\",\"width\":8256,\"height\":5504,\"caption\":\"Close-up of a person with a prosthetic running leg standing on an outdoor track, symbolizing recovery, resilience, and adaptation after an amputation injury.\"},{\"@type\":\"BreadcrumbList\",\"@id\":\"https:\\\/\\\/www.pondlehocky.com\\\/es\\\/lesiones\\\/amputaciones\\\/#breadcrumb\",\"itemListElement\":[{\"@type\":\"ListItem\",\"position\":1,\"name\":\"Home\",\"item\":\"https:\\\/\\\/www.pondlehocky.com\\\/es\\\/homepage\\\/\"},{\"@type\":\"ListItem\",\"position\":2,\"name\":\"Lesiones\",\"item\":\"https:\\\/\\\/www.pondlehocky.com\\\/es\\\/lesiones\\\/\"},{\"@type\":\"ListItem\",\"position\":3,\"name\":\"Amputaciones\"}]},{\"@type\":\"WebSite\",\"@id\":\"https:\\\/\\\/www.pondlehocky.com\\\/es\\\/#website\",\"url\":\"https:\\\/\\\/www.pondlehocky.com\\\/es\\\/\",\"name\":\"Pond Lehocky Giordano, Inc.\",\"description\":\"Largest workers\u2019 compensation and Social Security disability law firm in Pennsylvania\",\"publisher\":{\"@id\":\"https:\\\/\\\/www.pondlehocky.com\\\/es\\\/#organization\"},\"alternateName\":\"Pond Lehocky Giordano, Inc.\",\"potentialAction\":[{\"@type\":\"SearchAction\",\"target\":{\"@type\":\"EntryPoint\",\"urlTemplate\":\"https:\\\/\\\/www.pondlehocky.com\\\/es\\\/?s={search_term_string}\"},\"query-input\":{\"@type\":\"PropertyValueSpecification\",\"valueRequired\":true,\"valueName\":\"search_term_string\"}}],\"inLanguage\":\"es\"},{\"@type\":\"Organization\",\"@id\":\"https:\\\/\\\/www.pondlehocky.com\\\/es\\\/#organization\",\"name\":\"Pond Lehocky Giordano, Inc\",\"alternateName\":\"Pond Lehocky Giordano, Inc.\",\"url\":\"https:\\\/\\\/www.pondlehocky.com\\\/es\\\/\",\"logo\":{\"@type\":\"ImageObject\",\"inLanguage\":\"es\",\"@id\":\"https:\\\/\\\/www.pondlehocky.com\\\/es\\\/#\\\/schema\\\/logo\\\/image\\\/\",\"url\":\"https:\\\/\\\/www.pondlehocky.com\\\/wp-content\\\/uploads\\\/2024\\\/04\\\/pond-lehocky-logo.png\",\"contentUrl\":\"https:\\\/\\\/www.pondlehocky.com\\\/wp-content\\\/uploads\\\/2024\\\/04\\\/pond-lehocky-logo.png\",\"width\":355,\"height\":28,\"caption\":\"Pond Lehocky Giordano, Inc\"},\"image\":{\"@id\":\"https:\\\/\\\/www.pondlehocky.com\\\/es\\\/#\\\/schema\\\/logo\\\/image\\\/\"},\"sameAs\":[\"https:\\\/\\\/www.instagram.com\\\/pondlehocky\\\/\",\"https:\\\/\\\/www.youtube.com\\\/user\\\/pondlehocky\",\"https:\\\/\\\/www.tiktok.com\\\/@pondlehockygiordano\",\"https:\\\/\\\/www.facebook.com\\\/PondLehocky\",\"https:\\\/\\\/www.linkedin.com\\\/company\\\/pond-lehocky-giordano\\\/\"]}]}<\/script>\n<!-- \/ Yoast SEO Premium plugin. -->","yoast_head_json":{"title":"Abogado de Compensaci\u00f3n Laboral por Amputaciones","description":"Amputaciones laborales: causas, tipos y compensaci\u00f3n. Conozca sus derechos y c\u00f3mo un abogado puede ayudarle a obtener beneficios justos.","robots":{"index":"index","follow":"follow","max-snippet":"max-snippet:-1","max-image-preview":"max-image-preview:large","max-video-preview":"max-video-preview:-1"},"canonical":"https:\/\/www.pondlehocky.com\/es\/lesiones\/amputaciones\/","og_locale":"es_ES","og_type":"article","og_title":"Amputaciones","og_description":"Amputaciones laborales: causas, tipos y compensaci\u00f3n. Conozca sus derechos y c\u00f3mo un abogado puede ayudarle a obtener beneficios justos.","og_url":"https:\/\/www.pondlehocky.com\/es\/lesiones\/amputaciones\/","og_site_name":"Pond Lehocky Giordano, Inc.","article_publisher":"https:\/\/www.instagram.com\/pondlehocky\/","article_modified_time":"2025-11-10T16:58:59+00:00","og_image":[{"width":1024,"height":683,"url":"https:\/\/www.pondlehocky.com\/wp-content\/uploads\/2025\/11\/amputation-1024x683.jpg","type":"image\/jpeg"}],"twitter_card":"summary_large_image","twitter_misc":{"Tiempo de lectura":"1 minuto"},"schema":{"@context":"https:\/\/schema.org","@graph":[{"@type":"WebPage","@id":"https:\/\/www.pondlehocky.com\/es\/lesiones\/amputaciones\/","url":"https:\/\/www.pondlehocky.com\/es\/lesiones\/amputaciones\/","name":"Abogado de Compensaci\u00f3n Laboral por Amputaciones","isPartOf":{"@id":"https:\/\/www.pondlehocky.com\/es\/#website"},"primaryImageOfPage":{"@id":"https:\/\/www.pondlehocky.com\/es\/lesiones\/amputaciones\/#primaryimage"},"image":{"@id":"https:\/\/www.pondlehocky.com\/es\/lesiones\/amputaciones\/#primaryimage"},"thumbnailUrl":"https:\/\/www.pondlehocky.com\/wp-content\/uploads\/2025\/11\/amputation.jpg","datePublished":"2025-11-10T14:02:13+00:00","dateModified":"2025-11-10T16:58:59+00:00","description":"Amputaciones laborales: causas, tipos y compensaci\u00f3n. Conozca sus derechos y c\u00f3mo un abogado puede ayudarle a obtener beneficios justos.","breadcrumb":{"@id":"https:\/\/www.pondlehocky.com\/es\/lesiones\/amputaciones\/#breadcrumb"},"inLanguage":"es","potentialAction":[{"@type":"ReadAction","target":["https:\/\/www.pondlehocky.com\/es\/lesiones\/amputaciones\/"]}]},{"@type":"ImageObject","inLanguage":"es","@id":"https:\/\/www.pondlehocky.com\/es\/lesiones\/amputaciones\/#primaryimage","url":"https:\/\/www.pondlehocky.com\/wp-content\/uploads\/2025\/11\/amputation.jpg","contentUrl":"https:\/\/www.pondlehocky.com\/wp-content\/uploads\/2025\/11\/amputation.jpg","width":8256,"height":5504,"caption":"Close-up of a person with a prosthetic running leg standing on an outdoor track, symbolizing recovery, resilience, and adaptation after an amputation injury."},{"@type":"BreadcrumbList","@id":"https:\/\/www.pondlehocky.com\/es\/lesiones\/amputaciones\/#breadcrumb","itemListElement":[{"@type":"ListItem","position":1,"name":"Home","item":"https:\/\/www.pondlehocky.com\/es\/homepage\/"},{"@type":"ListItem","position":2,"name":"Lesiones","item":"https:\/\/www.pondlehocky.com\/es\/lesiones\/"},{"@type":"ListItem","position":3,"name":"Amputaciones"}]},{"@type":"WebSite","@id":"https:\/\/www.pondlehocky.com\/es\/#website","url":"https:\/\/www.pondlehocky.com\/es\/","name":"Pond Lehocky Giordano, Inc.","description":"Largest workers\u2019 compensation and Social Security disability law firm in Pennsylvania","publisher":{"@id":"https:\/\/www.pondlehocky.com\/es\/#organization"},"alternateName":"Pond Lehocky Giordano, Inc.","potentialAction":[{"@type":"SearchAction","target":{"@type":"EntryPoint","urlTemplate":"https:\/\/www.pondlehocky.com\/es\/?s={search_term_string}"},"query-input":{"@type":"PropertyValueSpecification","valueRequired":true,"valueName":"search_term_string"}}],"inLanguage":"es"},{"@type":"Organization","@id":"https:\/\/www.pondlehocky.com\/es\/#organization","name":"Pond Lehocky Giordano, Inc","alternateName":"Pond Lehocky Giordano, Inc.","url":"https:\/\/www.pondlehocky.com\/es\/","logo":{"@type":"ImageObject","inLanguage":"es","@id":"https:\/\/www.pondlehocky.com\/es\/#\/schema\/logo\/image\/","url":"https:\/\/www.pondlehocky.com\/wp-content\/uploads\/2024\/04\/pond-lehocky-logo.png","contentUrl":"https:\/\/www.pondlehocky.com\/wp-content\/uploads\/2024\/04\/pond-lehocky-logo.png","width":355,"height":28,"caption":"Pond Lehocky Giordano, Inc"},"image":{"@id":"https:\/\/www.pondlehocky.com\/es\/#\/schema\/logo\/image\/"},"sameAs":["https:\/\/www.instagram.com\/pondlehocky\/","https:\/\/www.youtube.com\/user\/pondlehocky","https:\/\/www.tiktok.com\/@pondlehockygiordano","https:\/\/www.facebook.com\/PondLehocky","https:\/\/www.linkedin.com\/company\/pond-lehocky-giordano\/"]}]}},"_links":{"self":[{"href":"https:\/\/www.pondlehocky.com\/es\/wp-json\/wp\/v2\/pages\/8349","targetHints":{"allow":["GET"]}}],"collection":[{"href":"https:\/\/www.pondlehocky.com\/es\/wp-json\/wp\/v2\/pages"}],"about":[{"href":"https:\/\/www.pondlehocky.com\/es\/wp-json\/wp\/v2\/types\/page"}],"author":[{"embeddable":true,"href":"https:\/\/www.pondlehocky.com\/es\/wp-json\/wp\/v2\/users\/44"}],"replies":[{"embeddable":true,"href":"https:\/\/www.pondlehocky.com\/es\/wp-json\/wp\/v2\/comments?post=8349"}],"version-history":[{"count":0,"href":"https:\/\/www.pondlehocky.com\/es\/wp-json\/wp\/v2\/pages\/8349\/revisions"}],"up":[{"embeddable":true,"href":"https:\/\/www.pondlehocky.com\/es\/wp-json\/wp\/v2\/pages\/8309"}],"wp:featuredmedia":[{"embeddable":true,"href":"https:\/\/www.pondlehocky.com\/es\/wp-json\/wp\/v2\/media\/8344"}],"wp:attachment":[{"href":"https:\/\/www.pondlehocky.com\/es\/wp-json\/wp\/v2\/media?parent=8349"}],"curies":[{"name":"wp","href":"https:\/\/api.w.org\/{rel}","templated":true}]}}