{"id":8357,"date":"2025-11-12T12:00:00","date_gmt":"2025-11-12T12:00:00","guid":{"rendered":"https:\/\/www.pondlehocky.com\/?page_id=8357"},"modified":"2025-11-10T16:58:13","modified_gmt":"2025-11-10T16:58:13","slug":"lesiones-de-brazo-y-hombro","status":"publish","type":"page","link":"https:\/\/www.pondlehocky.com\/es\/lesiones\/lesiones-de-brazo-y-hombro\/","title":{"rendered":"Lesiones de Brazo y Hombro"},"content":{"rendered":"    <section class=\"pl-block pl-block-key-takeaways\">\n                <div class=\"pl-module pl-module-key-takeaways bg-blue-dark mb-10\">\n            <div class=\"flex justify-between items-center gap-4 bg-yellow py-6 md:py-9 px-6 md:px-12\">\n                <div class=\"text-5xl md:text-6xl leading-9 font-serif text-blue-dark font-bold\">\n                    <h3><span class=\"ez-toc-section\" id=\"Puntos_Clave\"><\/span>Puntos Clave<span class=\"ez-toc-section-end\"><\/span><\/h3>\n                <\/div>\n\n                            <\/div>\n            <div class=\"py-6 md:py-9 px-6 md:px-12\">\n\n                <div class=\"pl-t pl-t--white\">\n                    <ul>\n<li>Las lesiones de brazo y hombro en el trabajo pueden deberse a levantar peso, ca\u00eddas, movimientos repetitivos o posturas forzadas, causando dolor y movilidad reducida.<\/li>\n<li>La compensaci\u00f3n laboral puede cubrir atenci\u00f3n m\u00e9dica, salarios perdidos, fisioterapia y rehabilitaci\u00f3n, aunque las aseguradoras suelen limitar los beneficios.<\/li>\n<li>Los abogados de lesiones de brazo y hombro de <strong>Pond Lehocky<\/strong> pueden ayudarle a reunir pruebas, impugnar negaciones y obtener la compensaci\u00f3n completa que merece.<\/li>\n<\/ul>\n                <\/div>\n\n                            <\/div>\n        <\/div>\n    <\/section>\n\n\n    <section class=\"pl-block pl-raw-content mb-7 pl-t [&#038;.border-t-2]:pt-8  \">\n        <p>Sus brazos y hombros son los motores de movimiento en casi todos los tipos de trabajo. Desde levantar equipo pesado en un sitio de construcci\u00f3n hasta ayudar a pacientes en un entorno de atenci\u00f3n m\u00e9dica, estas partes del cuerpo hacen posible el trabajo. Cuando una lesi\u00f3n afecta su brazo u hombro, incluso tareas simples como alcanzar, cargar o escribir pueden volverse dolorosas o imposibles.<\/p>\n<p>Las lesiones de brazo y hombro se encuentran entre las lesiones laborales m\u00e1s comunes, sin embargo, a menudo son malinterpretadas o minimizadas. Ya sea causadas por un accidente repentino o estr\u00e9s repetitivo con el tiempo, estas lesiones pueden dejar a los trabajadores con movilidad limitada, debilidad y dolor duradero.<\/p>\n<p>La buena noticia es que la compensaci\u00f3n laboral puede proporcionar beneficios para cubrir su atenci\u00f3n m\u00e9dica, rehabilitaci\u00f3n y salarios perdidos. Si su reclamaci\u00f3n es negada o subvalorada, un abogado h\u00e1bil en lesiones de brazo puede intervenir para proteger sus derechos.<\/p>\n<h2><span class=\"ez-toc-section\" id=\"Como_Ocurren_las_Lesiones_de_Brazo_y_Hombro_en_el_Trabajo\"><\/span>C\u00f3mo Ocurren las Lesiones de Brazo y Hombro en el Trabajo<span class=\"ez-toc-section-end\"><\/span><\/h2>\n<p>Muchas industrias ponen a los trabajadores en riesgo de lesiones de brazo y hombro. Los trabajos que involucran levantamiento pesado, posturas inc\u00f3modas o movimientos repetitivos son especialmente de alto riesgo. Algunas de las causas m\u00e1s comunes incluyen:<\/p>\n<ul>\n<li><strong>Sobreesfuerzo<\/strong>. Levantar, empujar o jalar objetos pesados puede tensar los m\u00fasculos y ligamentos en los brazos y hombros.<\/li>\n<li><strong>Movimiento Repetitivo<\/strong>. Alcanzar repetidamente, trabajo elevado o uso de herramientas pueden desgastar los tendones y articulaciones con el tiempo.<\/li>\n<li><strong>Ca\u00eddas y Accidentes<\/strong>. Una ca\u00edda sobre un brazo extendido o contacto con maquinaria puede causar fracturas o dislocaciones.<\/li>\n<li><strong>Movimientos Inc\u00f3modos<\/strong>. Torcer, sacudir o movimientos repentinos mientras se maneja equipo a menudo resultan en distensiones o desgarros.<\/li>\n<\/ul>\n<p>Estos riesgos son especialmente comunes en industrias como construcci\u00f3n, atenci\u00f3n m\u00e9dica, manufactura y almacenamiento, pero incluso los trabajadores de oficina pueden desarrollar lesiones por estr\u00e9s repetitivo.<\/p>\n<h2><span class=\"ez-toc-section\" id=\"Lesiones_Comunes_de_Brazo_y_Hombro\"><\/span>Lesiones Comunes de Brazo y Hombro<span class=\"ez-toc-section-end\"><\/span><\/h2>\n<p>A veces, ocurre una sola lesi\u00f3n en los brazos u hombros, pero en muchos casos, un trabajador sufre m\u00faltiples lesiones, lo que puede complicar su recuperaci\u00f3n.<\/p>\n<h3><span class=\"ez-toc-section\" id=\"Desgarros_del_Manguito_Rotador\"><\/span>Desgarros del Manguito Rotador<span class=\"ez-toc-section-end\"><\/span><\/h3>\n<p>El manguito rotador es un grupo de m\u00fasculos y tendones que estabilizan la articulaci\u00f3n del hombro. Un desgarro puede ocurrir por levantamiento, trabajo elevado o movimiento repetitivo. Los s\u00edntomas incluyen dolor, debilidad y rango de movimiento limitado, a menudo requiriendo cirug\u00eda o terapia f\u00edsica.<\/p>\n<h3><span class=\"ez-toc-section\" id=\"Dislocaciones_de_Hombro\"><\/span>Dislocaciones de Hombro<span class=\"ez-toc-section-end\"><\/span><\/h3>\n<p>Las ca\u00eddas o impactos repentinos pueden forzar la articulaci\u00f3n del hombro fuera de lugar, causando dolor severo e inestabilidad. La recuperaci\u00f3n puede tomar semanas o meses, y las dislocaciones repetidas pueden llevar a problemas cr\u00f3nicos.<\/p>\n<h3><span class=\"ez-toc-section\" id=\"Tendinitis\"><\/span>Tendinitis<span class=\"ez-toc-section-end\"><\/span><\/h3>\n<p>La inflamaci\u00f3n de los tendones en el hombro o codo (como el codo de tenista o tendinitis del b\u00edceps) es com\u00fan en trabajos que requieren movimientos repetitivos del brazo. Aunque a menudo es gradual, la tendinitis puede ser tan incapacitante como una lesi\u00f3n aguda.<\/p>\n<h3><span class=\"ez-toc-section\" id=\"Compresion_Nerviosa\"><\/span>Compresi\u00f3n Nerviosa<span class=\"ez-toc-section-end\"><\/span><\/h3>\n<p>Las tareas repetitivas, la postura inc\u00f3moda o la hinchaz\u00f3n pueden comprimir los nervios en el brazo o el hombro, llevando a entumecimiento, hormigueo o debilidad. Esto puede hacer que agarrar herramientas o levantar objetos sea dif\u00edcil y peligroso.<\/p>\n<h3><span class=\"ez-toc-section\" id=\"Fracturas\"><\/span>Fracturas<span class=\"ez-toc-section-end\"><\/span><\/h3>\n<p>Los huesos rotos en el brazo o el hombro pueden resultar de ca\u00eddas, accidentes con maquinaria o colisiones de veh\u00edculos. Estas lesiones a menudo requieren inmovilizaci\u00f3n, tiempo de curaci\u00f3n extenso y a veces cirug\u00eda.<\/p>\n    <\/section>\n\n\n\n\n<figure class=\"wp-block-image size-large\"><img decoding=\"async\" width=\"1024\" height=\"683\" src=\"https:\/\/34zjl1fr.cdn.imgeng.in\/wp-content\/uploads\/2025\/11\/arm-injury-1024x683.jpg\" alt=\"Person wearing a striped shirt with their arm in a black medical sling, showing a bandaged hand and forearm injury against a plain background.\" class=\"wp-image-8353\" srcset=\"https:\/\/34zjl1fr.cdn.imgeng.in\/wp-content\/uploads\/2025\/11\/arm-injury-1024x683.jpg 1024w, https:\/\/34zjl1fr.cdn.imgeng.in\/wp-content\/uploads\/2025\/11\/arm-injury-300x200.jpg 300w, https:\/\/34zjl1fr.cdn.imgeng.in\/wp-content\/uploads\/2025\/11\/arm-injury-768x512.jpg 768w, https:\/\/34zjl1fr.cdn.imgeng.in\/wp-content\/uploads\/2025\/11\/arm-injury-1536x1024.jpg 1536w, https:\/\/34zjl1fr.cdn.imgeng.in\/wp-content\/uploads\/2025\/11\/arm-injury-2048x1365.jpg 2048w\" sizes=\"(max-width: 1024px) 100vw, 1024px\" \/><\/figure>\n\n\n    <section class=\"pl-block pl-raw-content mb-7 pl-t [&#038;.border-t-2]:pt-8  \">\n        <h2><\/h2>\n<h2><span class=\"ez-toc-section\" id=\"El_Impacto_de_las_Lesiones_de_Brazo_y_Hombro\"><\/span>El Impacto de las Lesiones de Brazo y Hombro<span class=\"ez-toc-section-end\"><\/span><\/h2>\n<p>A diferencia de un corte o moret\u00f3n, estas lesiones pueden tener efectos a largo plazo en su capacidad para trabajar y vivir c\u00f3modamente. Pueden causar:<\/p>\n<ul>\n<li><strong>P\u00e9rdida de fuerza<\/strong>. Perder fuerza puede hacer dif\u00edcil levantar o cargar objetos.<\/li>\n<li><strong>Movilidad limitada<\/strong>. Las restricciones de movilidad pueden cambiar su capacidad para alcanzar por encima de la cabeza, a trav\u00e9s de su cuerpo o detr\u00e1s de su espalda.<\/li>\n<li><strong>Dolor cr\u00f3nico<\/strong>. El dolor debilitante puede interferir con la concentraci\u00f3n, el sue\u00f1o y la productividad.<\/li>\n<li><strong>Riesgo de reincidencia<\/strong>. Cuando cualquier parte de su cuerpo est\u00e1 d\u00e9bil, los tejidos son m\u00e1s propensos a da\u00f1os adicionales.<\/li>\n<\/ul>\n<p>Para los trabajadores en trabajos f\u00edsicamente exigentes, estas limitaciones pueden hacer casi imposible regresar al trabajo sin el tratamiento adecuado y tiempo de recuperaci\u00f3n.<\/p>\n<h2><span class=\"ez-toc-section\" id=\"Lesiones_Agudas_vs_Lesiones_por_Estres_Repetitivo\"><\/span>Lesiones Agudas vs. Lesiones por Estr\u00e9s Repetitivo<span class=\"ez-toc-section-end\"><\/span><\/h2>\n<p>Es f\u00e1cil entender c\u00f3mo una ca\u00edda o accidente puede causar una lesi\u00f3n grave de brazo u hombro. Pero <a href=\"https:\/\/my.clevelandclinic.org\/health\/diseases\/17424-repetitive-strain-injury\" target=\"_blank\" rel=\"noopener\">las lesiones por estr\u00e9s repetitivo (LER)<\/a> son igual de reales, e igual de disruptivas.<\/p>\n<p>Las LER como tendinitis o bursitis se desarrollan gradualmente al repetir el mismo movimiento una y otra vez. Muchos empleadores y aseguradoras intentan minimizar estas lesiones porque no son causadas por un solo incidente, pero pueden ser igual de incapacitantes que una fractura o dislocaci\u00f3n. La compensaci\u00f3n laboral deber\u00eda cubrir tanto lesiones agudas como por estr\u00e9s repetitivo.<\/p>\n<h2><span class=\"ez-toc-section\" id=\"Compensacion_Laboral_para_Lesiones_de_Brazo_y_Hombro\"><\/span>Compensaci\u00f3n Laboral para Lesiones de Brazo y Hombro<span class=\"ez-toc-section-end\"><\/span><\/h2>\n<p>Si su lesi\u00f3n ocurri\u00f3 en el trabajo, puede tener derecho a beneficios que cubren:<\/p>\n<ul>\n<li><strong>Atenci\u00f3n m\u00e9dica<\/strong>. La atenci\u00f3n m\u00e9dica puede incluir visitas al m\u00e9dico, pruebas diagn\u00f3sticas, cirug\u00eda, medicamentos y terapia f\u00edsica.<\/li>\n<li><strong>Reemplazo de salario<\/strong>. Si no puede trabajar, puede recibir ingresos parciales para ayudarlo a cubrir sus gastos.<\/li>\n<li><strong>Beneficios por incapacidad<\/strong>. Si su lesi\u00f3n le impide regresar a su trabajo anterior, puede tener derecho a incapacidad.<\/li>\n<li><strong>Rehabilitaci\u00f3n<\/strong>. Si es necesario, la compensaci\u00f3n laboral puede proporcionarle servicios para ayudarlo a recuperar movilidad y fuerza.<\/li>\n<\/ul>\n<p>Desafortunadamente, las compa\u00f1\u00edas de seguros a veces niegan reclamaciones o minimizan beneficios argumentando que su lesi\u00f3n no era grave o no estaba relacionada con el trabajo. Contratar a un <a href=\"https:\/\/www.pondlehocky.com\/es\/\">abogado de compensaci\u00f3n laboral<\/a> de su lado se vuelve esencial.<\/p>\n    <\/section>\n\n\n\n\n<figure class=\"wp-block-image size-large\"><img decoding=\"async\" width=\"1024\" height=\"683\" src=\"https:\/\/34zjl1fr.cdn.imgeng.in\/wp-content\/uploads\/2025\/11\/compensation-1-1024x683.jpg\" alt=\"Person in a business suit using a calculator and writing on paper at a wooden desk with money, coins, and documents scattered around.\" class=\"wp-image-8355\" srcset=\"https:\/\/34zjl1fr.cdn.imgeng.in\/wp-content\/uploads\/2025\/11\/compensation-1-1024x683.jpg 1024w, https:\/\/34zjl1fr.cdn.imgeng.in\/wp-content\/uploads\/2025\/11\/compensation-1-300x200.jpg 300w, https:\/\/34zjl1fr.cdn.imgeng.in\/wp-content\/uploads\/2025\/11\/compensation-1-768x512.jpg 768w, https:\/\/34zjl1fr.cdn.imgeng.in\/wp-content\/uploads\/2025\/11\/compensation-1-1536x1024.jpg 1536w, https:\/\/34zjl1fr.cdn.imgeng.in\/wp-content\/uploads\/2025\/11\/compensation-1-2048x1365.jpg 2048w\" sizes=\"(max-width: 1024px) 100vw, 1024px\" \/><\/figure>\n\n\n    <section class=\"pl-block pl-raw-content mb-7 pl-t [&#038;.border-t-2]:pt-8  \">\n        <h2><\/h2>\n<h2><span class=\"ez-toc-section\" id=\"Como_un_Abogado_Puede_Ayudar\"><\/span>C\u00f3mo un Abogado Puede Ayudar<span class=\"ez-toc-section-end\"><\/span><\/h2>\n<p>Un abogado conocedor de lesiones de hombro y brazo laborales puede:<\/p>\n<ul>\n<li>Reunir evidencia m\u00e9dica para apoyar su reclamaci\u00f3n.<\/li>\n<li>Desafiar negaciones o apelaciones de la compa\u00f1\u00eda de seguros.<\/li>\n<li>Asegurar que sus beneficios reflejen la verdadera extensi\u00f3n de su lesi\u00f3n.<\/li>\n<li>Protegerlo de ser obligado a regresar al trabajo demasiado pronto.<\/li>\n<\/ul>\n<p>Con el apoyo legal adecuado, puede concentrarse en sanar mientras su abogado se enfoca en asegurar sus beneficios.<\/p>\n<h2><span class=\"ez-toc-section\" id=\"No_Minimice_Su_Lesion\"><\/span>No Minimice Su Lesi\u00f3n<span class=\"ez-toc-section-end\"><\/span><\/h2>\n<p>Es com\u00fan que los trabajadores intenten \u00abaguantar\u00bb con el dolor de brazo u hombro, pero ignorar la lesi\u00f3n puede empeorarla. Estas lesiones pueden afectar su trabajo y su vida diaria, desde cargar comestibles hasta jugar con sus hijos.<\/p>\n<p>Si su lesi\u00f3n ocurri\u00f3 en el trabajo, merece atenci\u00f3n m\u00e9dica adecuada y apoyo financiero mientras se recupera. La compensaci\u00f3n laboral existe para darle esa tranquilidad.<\/p>\n<h2><span class=\"ez-toc-section\" id=\"Contacte_a_Pond_Lehocky_Hoy\"><\/span>Contacte a Pond Lehocky Hoy<span class=\"ez-toc-section-end\"><\/span><\/h2>\n<p>Si ha sufrido una lesi\u00f3n de brazo u hombro en el trabajo, no permita que una compa\u00f1\u00eda de seguros decida su futuro. Pond Lehocky est\u00e1 aqu\u00ed para defender sus derechos y asegurar que obtenga la atenci\u00f3n y los beneficios que necesita.<\/p>\n<p><a href=\"https:\/\/www.pondlehocky.com\/es\/contacte-con\/\">Cont\u00e1ctenos<\/a> hoy para hablar con un abogado de confianza en lesiones de brazo que luchar\u00e1 por usted en cada paso del camino. Con nuestro equipo de su lado, no tendr\u00e1 que enfrentar el sistema solo.<\/p>\n    <\/section>\n\n","protected":false},"excerpt":{"rendered":"","protected":false},"author":44,"featured_media":8352,"parent":8309,"menu_order":0,"comment_status":"closed","ping_status":"closed","template":"page-sidebar.php","meta":{"_acf_changed":true,"footnotes":"","_elementor_data":""},"class_list":["post-8357","page","type-page","status-publish","has-post-thumbnail","hentry"],"acf":[],"page_builder_type":"gutenberg","gutenberg_data":[],"yoast_head":"<!-- This site is optimized with the Yoast SEO Premium plugin v27.4 (Yoast SEO v27.4) - https:\/\/yoast.com\/product\/yoast-seo-premium-wordpress\/ -->\n<title>Lesiones de Brazo y Hombro en el Trabajo<\/title>\n<meta name=\"description\" content=\"Conozca las causas comunes de lesiones de brazo y hombro, sus derechos de compensaci\u00f3n laboral y c\u00f3mo un abogado puede ayudarle.\" \/>\n<meta name=\"robots\" content=\"index, follow, max-snippet:-1, max-image-preview:large, max-video-preview:-1\" \/>\n<link rel=\"canonical\" href=\"https:\/\/www.pondlehocky.com\/es\/lesiones\/lesiones-de-brazo-y-hombro\/\" \/>\n<meta property=\"og:locale\" content=\"es_ES\" \/>\n<meta property=\"og:type\" content=\"article\" \/>\n<meta property=\"og:title\" content=\"Lesiones de Brazo y Hombro\" \/>\n<meta property=\"og:description\" content=\"Conozca las causas comunes de lesiones de brazo y hombro, sus derechos de compensaci\u00f3n laboral y c\u00f3mo un abogado puede ayudarle.\" \/>\n<meta property=\"og:url\" content=\"https:\/\/www.pondlehocky.com\/es\/lesiones\/lesiones-de-brazo-y-hombro\/\" \/>\n<meta property=\"og:site_name\" content=\"Pond Lehocky Giordano, Inc.\" \/>\n<meta property=\"article:publisher\" content=\"https:\/\/www.instagram.com\/pondlehocky\/\" \/>\n<meta property=\"og:image\" content=\"https:\/\/www.pondlehocky.com\/wp-content\/uploads\/2025\/11\/shoulder-injury-scaled.jpg\" \/>\n\t<meta property=\"og:image:width\" content=\"2560\" \/>\n\t<meta property=\"og:image:height\" content=\"1707\" \/>\n\t<meta property=\"og:image:type\" content=\"image\/jpeg\" \/>\n<meta name=\"twitter:card\" content=\"summary_large_image\" \/>\n<meta name=\"twitter:label1\" content=\"Tiempo de lectura\" \/>\n\t<meta name=\"twitter:data1\" content=\"1 minuto\" \/>\n<script type=\"application\/ld+json\" class=\"yoast-schema-graph\">{\"@context\":\"https:\\\/\\\/schema.org\",\"@graph\":[{\"@type\":\"WebPage\",\"@id\":\"https:\\\/\\\/www.pondlehocky.com\\\/es\\\/lesiones\\\/lesiones-de-brazo-y-hombro\\\/\",\"url\":\"https:\\\/\\\/www.pondlehocky.com\\\/es\\\/lesiones\\\/lesiones-de-brazo-y-hombro\\\/\",\"name\":\"Lesiones de Brazo y Hombro en el Trabajo\",\"isPartOf\":{\"@id\":\"https:\\\/\\\/www.pondlehocky.com\\\/es\\\/#website\"},\"primaryImageOfPage\":{\"@id\":\"https:\\\/\\\/www.pondlehocky.com\\\/es\\\/lesiones\\\/lesiones-de-brazo-y-hombro\\\/#primaryimage\"},\"image\":{\"@id\":\"https:\\\/\\\/www.pondlehocky.com\\\/es\\\/lesiones\\\/lesiones-de-brazo-y-hombro\\\/#primaryimage\"},\"thumbnailUrl\":\"https:\\\/\\\/www.pondlehocky.com\\\/wp-content\\\/uploads\\\/2025\\\/11\\\/shoulder-injury-scaled.jpg\",\"datePublished\":\"2025-11-12T12:00:00+00:00\",\"description\":\"Conozca las causas comunes de lesiones de brazo y hombro, sus derechos de compensaci\u00f3n laboral y c\u00f3mo un abogado puede ayudarle.\",\"breadcrumb\":{\"@id\":\"https:\\\/\\\/www.pondlehocky.com\\\/es\\\/lesiones\\\/lesiones-de-brazo-y-hombro\\\/#breadcrumb\"},\"inLanguage\":\"es\",\"potentialAction\":[{\"@type\":\"ReadAction\",\"target\":[\"https:\\\/\\\/www.pondlehocky.com\\\/es\\\/lesiones\\\/lesiones-de-brazo-y-hombro\\\/\"]}]},{\"@type\":\"ImageObject\",\"inLanguage\":\"es\",\"@id\":\"https:\\\/\\\/www.pondlehocky.com\\\/es\\\/lesiones\\\/lesiones-de-brazo-y-hombro\\\/#primaryimage\",\"url\":\"https:\\\/\\\/www.pondlehocky.com\\\/wp-content\\\/uploads\\\/2025\\\/11\\\/shoulder-injury-scaled.jpg\",\"contentUrl\":\"https:\\\/\\\/www.pondlehocky.com\\\/wp-content\\\/uploads\\\/2025\\\/11\\\/shoulder-injury-scaled.jpg\",\"width\":2560,\"height\":1707,\"caption\":\"Woman sitting at a desk in front of a laptop, holding her neck and shoulder in pain, showing discomfort likely from muscle strain or poor posture while working on a computer.\"},{\"@type\":\"BreadcrumbList\",\"@id\":\"https:\\\/\\\/www.pondlehocky.com\\\/es\\\/lesiones\\\/lesiones-de-brazo-y-hombro\\\/#breadcrumb\",\"itemListElement\":[{\"@type\":\"ListItem\",\"position\":1,\"name\":\"Home\",\"item\":\"https:\\\/\\\/www.pondlehocky.com\\\/es\\\/homepage\\\/\"},{\"@type\":\"ListItem\",\"position\":2,\"name\":\"Lesiones\",\"item\":\"https:\\\/\\\/www.pondlehocky.com\\\/es\\\/lesiones\\\/\"},{\"@type\":\"ListItem\",\"position\":3,\"name\":\"Lesiones de Brazo y Hombro\"}]},{\"@type\":\"WebSite\",\"@id\":\"https:\\\/\\\/www.pondlehocky.com\\\/es\\\/#website\",\"url\":\"https:\\\/\\\/www.pondlehocky.com\\\/es\\\/\",\"name\":\"Pond Lehocky Giordano, Inc.\",\"description\":\"Largest workers\u2019 compensation and Social Security disability law firm in Pennsylvania\",\"publisher\":{\"@id\":\"https:\\\/\\\/www.pondlehocky.com\\\/es\\\/#organization\"},\"alternateName\":\"Pond Lehocky Giordano, Inc.\",\"potentialAction\":[{\"@type\":\"SearchAction\",\"target\":{\"@type\":\"EntryPoint\",\"urlTemplate\":\"https:\\\/\\\/www.pondlehocky.com\\\/es\\\/?s={search_term_string}\"},\"query-input\":{\"@type\":\"PropertyValueSpecification\",\"valueRequired\":true,\"valueName\":\"search_term_string\"}}],\"inLanguage\":\"es\"},{\"@type\":\"Organization\",\"@id\":\"https:\\\/\\\/www.pondlehocky.com\\\/es\\\/#organization\",\"name\":\"Pond Lehocky Giordano, Inc\",\"alternateName\":\"Pond Lehocky Giordano, Inc.\",\"url\":\"https:\\\/\\\/www.pondlehocky.com\\\/es\\\/\",\"logo\":{\"@type\":\"ImageObject\",\"inLanguage\":\"es\",\"@id\":\"https:\\\/\\\/www.pondlehocky.com\\\/es\\\/#\\\/schema\\\/logo\\\/image\\\/\",\"url\":\"https:\\\/\\\/www.pondlehocky.com\\\/wp-content\\\/uploads\\\/2024\\\/04\\\/pond-lehocky-logo.png\",\"contentUrl\":\"https:\\\/\\\/www.pondlehocky.com\\\/wp-content\\\/uploads\\\/2024\\\/04\\\/pond-lehocky-logo.png\",\"width\":355,\"height\":28,\"caption\":\"Pond Lehocky Giordano, Inc\"},\"image\":{\"@id\":\"https:\\\/\\\/www.pondlehocky.com\\\/es\\\/#\\\/schema\\\/logo\\\/image\\\/\"},\"sameAs\":[\"https:\\\/\\\/www.instagram.com\\\/pondlehocky\\\/\",\"https:\\\/\\\/www.youtube.com\\\/user\\\/pondlehocky\",\"https:\\\/\\\/www.tiktok.com\\\/@pondlehockygiordano\",\"https:\\\/\\\/www.facebook.com\\\/PondLehocky\",\"https:\\\/\\\/www.linkedin.com\\\/company\\\/pond-lehocky-giordano\\\/\"]}]}<\/script>\n<!-- \/ Yoast SEO Premium plugin. -->","yoast_head_json":{"title":"Lesiones de Brazo y Hombro en el Trabajo","description":"Conozca las causas comunes de lesiones de brazo y hombro, sus derechos de compensaci\u00f3n laboral y c\u00f3mo un abogado puede ayudarle.","robots":{"index":"index","follow":"follow","max-snippet":"max-snippet:-1","max-image-preview":"max-image-preview:large","max-video-preview":"max-video-preview:-1"},"canonical":"https:\/\/www.pondlehocky.com\/es\/lesiones\/lesiones-de-brazo-y-hombro\/","og_locale":"es_ES","og_type":"article","og_title":"Lesiones de Brazo y Hombro","og_description":"Conozca las causas comunes de lesiones de brazo y hombro, sus derechos de compensaci\u00f3n laboral y c\u00f3mo un abogado puede ayudarle.","og_url":"https:\/\/www.pondlehocky.com\/es\/lesiones\/lesiones-de-brazo-y-hombro\/","og_site_name":"Pond Lehocky Giordano, Inc.","article_publisher":"https:\/\/www.instagram.com\/pondlehocky\/","og_image":[{"width":2560,"height":1707,"url":"https:\/\/www.pondlehocky.com\/wp-content\/uploads\/2025\/11\/shoulder-injury-scaled.jpg","type":"image\/jpeg"}],"twitter_card":"summary_large_image","twitter_misc":{"Tiempo de lectura":"1 minuto"},"schema":{"@context":"https:\/\/schema.org","@graph":[{"@type":"WebPage","@id":"https:\/\/www.pondlehocky.com\/es\/lesiones\/lesiones-de-brazo-y-hombro\/","url":"https:\/\/www.pondlehocky.com\/es\/lesiones\/lesiones-de-brazo-y-hombro\/","name":"Lesiones de Brazo y Hombro en el Trabajo","isPartOf":{"@id":"https:\/\/www.pondlehocky.com\/es\/#website"},"primaryImageOfPage":{"@id":"https:\/\/www.pondlehocky.com\/es\/lesiones\/lesiones-de-brazo-y-hombro\/#primaryimage"},"image":{"@id":"https:\/\/www.pondlehocky.com\/es\/lesiones\/lesiones-de-brazo-y-hombro\/#primaryimage"},"thumbnailUrl":"https:\/\/www.pondlehocky.com\/wp-content\/uploads\/2025\/11\/shoulder-injury-scaled.jpg","datePublished":"2025-11-12T12:00:00+00:00","description":"Conozca las causas comunes de lesiones de brazo y hombro, sus derechos de compensaci\u00f3n laboral y c\u00f3mo un abogado puede ayudarle.","breadcrumb":{"@id":"https:\/\/www.pondlehocky.com\/es\/lesiones\/lesiones-de-brazo-y-hombro\/#breadcrumb"},"inLanguage":"es","potentialAction":[{"@type":"ReadAction","target":["https:\/\/www.pondlehocky.com\/es\/lesiones\/lesiones-de-brazo-y-hombro\/"]}]},{"@type":"ImageObject","inLanguage":"es","@id":"https:\/\/www.pondlehocky.com\/es\/lesiones\/lesiones-de-brazo-y-hombro\/#primaryimage","url":"https:\/\/www.pondlehocky.com\/wp-content\/uploads\/2025\/11\/shoulder-injury-scaled.jpg","contentUrl":"https:\/\/www.pondlehocky.com\/wp-content\/uploads\/2025\/11\/shoulder-injury-scaled.jpg","width":2560,"height":1707,"caption":"Woman sitting at a desk in front of a laptop, holding her neck and shoulder in pain, showing discomfort likely from muscle strain or poor posture while working on a computer."},{"@type":"BreadcrumbList","@id":"https:\/\/www.pondlehocky.com\/es\/lesiones\/lesiones-de-brazo-y-hombro\/#breadcrumb","itemListElement":[{"@type":"ListItem","position":1,"name":"Home","item":"https:\/\/www.pondlehocky.com\/es\/homepage\/"},{"@type":"ListItem","position":2,"name":"Lesiones","item":"https:\/\/www.pondlehocky.com\/es\/lesiones\/"},{"@type":"ListItem","position":3,"name":"Lesiones de Brazo y Hombro"}]},{"@type":"WebSite","@id":"https:\/\/www.pondlehocky.com\/es\/#website","url":"https:\/\/www.pondlehocky.com\/es\/","name":"Pond Lehocky Giordano, Inc.","description":"Largest workers\u2019 compensation and Social Security disability law firm in Pennsylvania","publisher":{"@id":"https:\/\/www.pondlehocky.com\/es\/#organization"},"alternateName":"Pond Lehocky Giordano, Inc.","potentialAction":[{"@type":"SearchAction","target":{"@type":"EntryPoint","urlTemplate":"https:\/\/www.pondlehocky.com\/es\/?s={search_term_string}"},"query-input":{"@type":"PropertyValueSpecification","valueRequired":true,"valueName":"search_term_string"}}],"inLanguage":"es"},{"@type":"Organization","@id":"https:\/\/www.pondlehocky.com\/es\/#organization","name":"Pond Lehocky Giordano, Inc","alternateName":"Pond Lehocky Giordano, Inc.","url":"https:\/\/www.pondlehocky.com\/es\/","logo":{"@type":"ImageObject","inLanguage":"es","@id":"https:\/\/www.pondlehocky.com\/es\/#\/schema\/logo\/image\/","url":"https:\/\/www.pondlehocky.com\/wp-content\/uploads\/2024\/04\/pond-lehocky-logo.png","contentUrl":"https:\/\/www.pondlehocky.com\/wp-content\/uploads\/2024\/04\/pond-lehocky-logo.png","width":355,"height":28,"caption":"Pond Lehocky Giordano, Inc"},"image":{"@id":"https:\/\/www.pondlehocky.com\/es\/#\/schema\/logo\/image\/"},"sameAs":["https:\/\/www.instagram.com\/pondlehocky\/","https:\/\/www.youtube.com\/user\/pondlehocky","https:\/\/www.tiktok.com\/@pondlehockygiordano","https:\/\/www.facebook.com\/PondLehocky","https:\/\/www.linkedin.com\/company\/pond-lehocky-giordano\/"]}]}},"_links":{"self":[{"href":"https:\/\/www.pondlehocky.com\/es\/wp-json\/wp\/v2\/pages\/8357","targetHints":{"allow":["GET"]}}],"collection":[{"href":"https:\/\/www.pondlehocky.com\/es\/wp-json\/wp\/v2\/pages"}],"about":[{"href":"https:\/\/www.pondlehocky.com\/es\/wp-json\/wp\/v2\/types\/page"}],"author":[{"embeddable":true,"href":"https:\/\/www.pondlehocky.com\/es\/wp-json\/wp\/v2\/users\/44"}],"replies":[{"embeddable":true,"href":"https:\/\/www.pondlehocky.com\/es\/wp-json\/wp\/v2\/comments?post=8357"}],"version-history":[{"count":0,"href":"https:\/\/www.pondlehocky.com\/es\/wp-json\/wp\/v2\/pages\/8357\/revisions"}],"up":[{"embeddable":true,"href":"https:\/\/www.pondlehocky.com\/es\/wp-json\/wp\/v2\/pages\/8309"}],"wp:featuredmedia":[{"embeddable":true,"href":"https:\/\/www.pondlehocky.com\/es\/wp-json\/wp\/v2\/media\/8352"}],"wp:attachment":[{"href":"https:\/\/www.pondlehocky.com\/es\/wp-json\/wp\/v2\/media?parent=8357"}],"curies":[{"name":"wp","href":"https:\/\/api.w.org\/{rel}","templated":true}]}}