{"id":8367,"date":"2025-11-14T12:00:00","date_gmt":"2025-11-14T12:00:00","guid":{"rendered":"https:\/\/www.pondlehocky.com\/?page_id=8367"},"modified":"2025-11-10T16:57:33","modified_gmt":"2025-11-10T16:57:33","slug":"esguinces-y-distensiones","status":"publish","type":"page","link":"https:\/\/www.pondlehocky.com\/es\/lesiones\/esguinces-y-distensiones\/","title":{"rendered":"Esguinces y Distensiones"},"content":{"rendered":"    <section class=\"pl-block pl-block-key-takeaways\">\n                <div class=\"pl-module pl-module-key-takeaways bg-blue-dark mb-10\">\n            <div class=\"flex justify-between items-center gap-4 bg-yellow py-6 md:py-9 px-6 md:px-12\">\n                <div class=\"text-5xl md:text-6xl leading-9 font-serif text-blue-dark font-bold\">\n                    <h3><span class=\"ez-toc-section\" id=\"Puntos_Clave\"><\/span>Puntos Clave<span class=\"ez-toc-section-end\"><\/span><\/h3>\n                <\/div>\n\n                            <\/div>\n            <div class=\"py-6 md:py-9 px-6 md:px-12\">\n\n                <div class=\"pl-t pl-t--white\">\n                    <ul>\n<li>Los esguinces y las distensiones son lesiones laborales comunes causadas por sobreesfuerzo, movimientos repetitivos o posturas forzadas repentinas.<\/li>\n<li>La compensaci\u00f3n laboral puede cubrir atenci\u00f3n m\u00e9dica, salarios perdidos, rehabilitaci\u00f3n y beneficios por incapacidad, aunque las aseguradoras suelen minimizar las lesiones.<\/li>\n<li>Los abogados de esguinces y distensiones de <strong>Pond Lehocky<\/strong> pueden reunir pruebas, impugnar negaciones y ayudarle a obtener los beneficios completos que merece.<\/li>\n<\/ul>\n                <\/div>\n\n                            <\/div>\n        <\/div>\n    <\/section>\n\n\n    <section class=\"pl-block pl-raw-content mb-7 pl-t [&#038;.border-t-2]:pt-8  \">\n        <p>Cuando las personas piensan en lesiones laborales graves, a menudo imaginan huesos rotos o <a href=\"https:\/\/www.osha.gov\/ords\/imis\/AccidentSearch.search?acc_keyword=%22Excavator%22&amp;keyword_list=on\" target=\"_blank\" rel=\"noopener\">accidentes con maquinaria pesada<\/a>. Sin embargo, los esguinces y distensiones, que a menudo se descartan como \u00abmenores\u00bb, pueden ser igual de disruptivos. Estas lesiones de tejidos blandos pueden tardar semanas o incluso meses en sanar, a veces dejando a los trabajadores con dolor cr\u00f3nico y limitaciones duraderas.<\/p>\n<p>Si ha sufrido un esguince o distensi\u00f3n en el trabajo, puede tener derecho a beneficios de compensaci\u00f3n laboral. Desafortunadamente, muchos trabajadores lesionados encuentran que las compa\u00f1\u00edas de seguros intentan minimizar estas lesiones o negar las reclamaciones por completo. Por eso trabajar con un abogado experimentado en lesiones por esguinces puede hacer toda la diferencia en proteger su salud y su sustento.<\/p>\n<h2><span class=\"ez-toc-section\" id=\"%C2%BFCual_es_la_Diferencia_Entre_un_Esguince_y_una_Distension\"><\/span>\u00bfCu\u00e1l es la Diferencia Entre un Esguince y una Distensi\u00f3n?<span class=\"ez-toc-section-end\"><\/span><\/h2>\n<p>Aunque suenan similares, los esguinces y distensiones afectan diferentes partes del cuerpo:<\/p>\n<ul>\n<li>Un esguince es una lesi\u00f3n a un ligamento (las bandas resistentes de tejido que conectan los huesos en una articulaci\u00f3n). Los sitios comunes de esguinces incluyen los tobillos, rodillas y mu\u00f1ecas.<\/li>\n<li>A diferencia de un esguince, una distensi\u00f3n es una lesi\u00f3n a un m\u00fasculo o tend\u00f3n (el tejido que conecta el m\u00fasculo al hueso). Las distensiones a menudo afectan la espalda, los hombros o los m\u00fasculos isquiotibiales.<\/li>\n<\/ul>\n<p>Ambas pueden variar desde un estiramiento excesivo leve hasta desgarros graves que pueden requerir cirug\u00eda. Y ambas pueden dejarlo incapaz de hacer su trabajo de manera segura hasta que se recupere.<\/p>\n<h2><span class=\"ez-toc-section\" id=\"Como_Ocurren_los_Esguinces_y_Distensiones_en_el_Trabajo\"><\/span>C\u00f3mo Ocurren los Esguinces y Distensiones en el Trabajo<span class=\"ez-toc-section-end\"><\/span><\/h2>\n<p>Los lugares de trabajo est\u00e1n llenos de factores de riesgo que pueden causar esguinces y distensiones. No tiene que trabajar en un sitio de construcci\u00f3n para sufrir estos tipos de lesiones. Los trabajadores de la salud, custodios, maquinistas y mec\u00e1nicos son solo algunos de los tipos de trabajadores que pueden recibir estas lesiones. Algunos de los m\u00e1s comunes incluyen:<\/p>\n<h3><span class=\"ez-toc-section\" id=\"Resbalones_Tropiezos_y_Caidas\"><\/span>Resbalones, Tropiezos y Ca\u00eddas<span class=\"ez-toc-section-end\"><\/span><\/h3>\n<p>Los pasos en falso en pisos mojados, pasillos desordenados o superficies irregulares pueden causar que los trabajadores tuerzan una articulaci\u00f3n o estiren demasiado los m\u00fasculos, llevando a esguinces o distensiones.<\/p>\n<h3><span class=\"ez-toc-section\" id=\"Sobreesfuerzo\"><\/span>Sobreesfuerzo<span class=\"ez-toc-section-end\"><\/span><\/h3>\n<p>Levantar cajas pesadas o cargar art\u00edculos voluminosos puede estresar excesivamente los m\u00fasculos y tendones, especialmente en la espalda y los hombros. El sobreesfuerzo sigue siendo una de las principales causas de lesiones laborales a nivel nacional.<\/p>\n<h3><span class=\"ez-toc-section\" id=\"Movimiento_Repetitivo\"><\/span>Movimiento Repetitivo<span class=\"ez-toc-section-end\"><\/span><\/h3>\n<p>Los trabajos que requieren movimiento repetitivo, como agacharse, alcanzar o levantar, pueden desgastar gradualmente los ligamentos y tendones, llevando a esguinces y distensiones dolorosos.<\/p>\n<h3><span class=\"ez-toc-section\" id=\"Lesiones_por_Levantamiento_Repentino\"><\/span>Lesiones por Levantamiento Repentino<span class=\"ez-toc-section-end\"><\/span><\/h3>\n<p>Incluso los trabajadores experimentados pueden lesionarse levantando algo de manera inc\u00f3moda o inesperadamente pesado. Un solo movimiento equivocado puede estirar excesivamente los tejidos y dejarlo con una lesi\u00f3n duradera.<\/p>\n<p>Los esguinces y distensiones pueden ocurrir en pr\u00e1cticamente cualquier industria, pero las industrias que son m\u00e1s industriales o tienen un fuerte \u00e9nfasis en el cuidado de pacientes inm\u00f3viles o discapacitados tienen un mayor riesgo de lesi\u00f3n.<\/p>\n<h2><span class=\"ez-toc-section\" id=\"Por_Que_Estas_Lesiones_No_Son_%C2%ABMenores%C2%BB\"><\/span>Por Qu\u00e9 Estas Lesiones No Son \u00abMenores\u00bb<span class=\"ez-toc-section-end\"><\/span><\/h2>\n<p>Algunos empleadores y aseguradoras intentan descartar los esguinces y distensiones como dolores temporales que no necesitan compensaci\u00f3n. Cualquiera que haya vivido una lesi\u00f3n como esta conoce la realidad:<\/p>\n<ul>\n<li><strong>Tiempo fuera del trabajo<\/strong>. Muchos esguinces y distensiones requieren d\u00edas, semanas o incluso meses de recuperaci\u00f3n.<\/li>\n<li><strong>Atenci\u00f3n m\u00e9dica<\/strong>. Los casos graves a menudo necesitan terapia f\u00edsica, aparatos ortop\u00e9dicos o incluso cirug\u00eda.<\/li>\n<li><strong>Dolor cr\u00f3nico<\/strong>. Si los ligamentos o tendones no sanan adecuadamente, el dolor continuo puede limitar la movilidad y la capacidad de trabajo.<\/li>\n<li><strong>Riesgo de reincidencia<\/strong>. Una articulaci\u00f3n o m\u00fasculo debilitado es m\u00e1s vulnerable a lesiones futuras.<\/li>\n<\/ul>\n<p>Para los trabajadores que dependen de sus cuerpos todos los d\u00edas, estas lesiones son todo menos menores.<\/p>\n    <\/section>\n\n\n\n\n<figure class=\"wp-block-image size-large\"><img decoding=\"async\" width=\"1024\" height=\"680\" src=\"https:\/\/34zjl1fr.cdn.imgeng.in\/wp-content\/uploads\/2025\/11\/workplace-injury-1-1024x680.jpg\" alt=\"Injured factory worker sitting on the floor holding his leg in pain while a coworker in a safety vest and helmet calls for help inside an industrial workshop.\" class=\"wp-image-8360\" srcset=\"https:\/\/34zjl1fr.cdn.imgeng.in\/wp-content\/uploads\/2025\/11\/workplace-injury-1-1024x680.jpg 1024w, https:\/\/34zjl1fr.cdn.imgeng.in\/wp-content\/uploads\/2025\/11\/workplace-injury-1-300x199.jpg 300w, https:\/\/34zjl1fr.cdn.imgeng.in\/wp-content\/uploads\/2025\/11\/workplace-injury-1-768x510.jpg 768w, https:\/\/34zjl1fr.cdn.imgeng.in\/wp-content\/uploads\/2025\/11\/workplace-injury-1-1536x1020.jpg 1536w, https:\/\/34zjl1fr.cdn.imgeng.in\/wp-content\/uploads\/2025\/11\/workplace-injury-1-2048x1360.jpg 2048w\" sizes=\"(max-width: 1024px) 100vw, 1024px\" \/><\/figure>\n\n\n    <section class=\"pl-block pl-raw-content mb-7 pl-t [&#038;.border-t-2]:pt-8  \">\n        <p>&nbsp;<\/p>\n<h2><span class=\"ez-toc-section\" id=\"Lo_Que_la_Compensacion_Laboral_Deberia_Cubrir\"><\/span>Lo Que la Compensaci\u00f3n Laboral Deber\u00eda Cubrir<span class=\"ez-toc-section-end\"><\/span><\/h2>\n<p>Si sufre un esguince o distensi\u00f3n en el trabajo, los beneficios de compensaci\u00f3n laboral deber\u00edan ayudar con:<\/p>\n<ul>\n<li><strong>Gastos m\u00e9dicos<\/strong>. Los gastos m\u00e9dicos incluyen visitas al m\u00e9dico, im\u00e1genes diagn\u00f3sticas, terapia f\u00edsica, medicamentos y, en algunos casos, cirug\u00eda.<\/li>\n<li><strong>Reemplazo de salario<\/strong>. Este beneficio cubre una porci\u00f3n de sus salarios perdidos mientras no puede trabajar.<\/li>\n<li><strong>Beneficios por incapacidad<\/strong>. Puede recibir beneficios por incapacidad si la lesi\u00f3n causa limitaciones duraderas o le impide regresar a su rol anterior.<\/li>\n<li><strong>Apoyo de rehabilitaci\u00f3n<\/strong>. Este beneficio proporciona servicios para ayudarlo a regresar al trabajo de manera segura.<\/li>\n<\/ul>\n<p>Desafortunadamente, las compa\u00f1\u00edas de seguros a menudo niegan reclamaciones de esguinces y distensiones argumentando que la lesi\u00f3n no es lo suficientemente grave o que no fue causada por el trabajo. Cuando esto sucede, es inteligente contratar ayuda legal.<\/p>\n<h2><span class=\"ez-toc-section\" id=\"Por_Que_las_Reclamaciones_se_Niegan\"><\/span>Por Qu\u00e9 las Reclamaciones se Niegan<span class=\"ez-toc-section-end\"><\/span><\/h2>\n<p>Los esguinces y distensiones son frecuentemente desafiados en el sistema de compensaci\u00f3n laboral. Las aseguradoras pueden decir que la lesi\u00f3n era \u00abpreexistente\u00bb en lugar de relacionada con el trabajo, o que no era lo suficientemente grave como para requerir tratamiento m\u00e9dico. Pueden decir que ocurri\u00f3 fuera del lugar de trabajo, o que puede regresar al trabajo incluso si todav\u00eda est\u00e1 con dolor.<\/p>\n<p>Estas t\u00e1cticas dejan a los trabajadores lesionados sinti\u00e9ndose atrapados entre recuperarse adecuadamente y mantener sus trabajos. Incluso si su reclamaci\u00f3n ha sido negada, debe saber que todav\u00eda tiene opciones. Contratar a un abogado puede ayudar.<\/p>\n    <\/section>\n\n\n\n\n<figure class=\"wp-block-image size-large\"><img decoding=\"async\" width=\"1024\" height=\"698\" src=\"https:\/\/34zjl1fr.cdn.imgeng.in\/wp-content\/uploads\/2025\/11\/strain-1024x698.jpg\" alt=\"Man sitting with his head lowered, holding his bandaged hand in pain, showing signs of injury and emotional distress.\" class=\"wp-image-8362\" srcset=\"https:\/\/34zjl1fr.cdn.imgeng.in\/wp-content\/uploads\/2025\/11\/strain-1024x698.jpg 1024w, https:\/\/34zjl1fr.cdn.imgeng.in\/wp-content\/uploads\/2025\/11\/strain-300x205.jpg 300w, https:\/\/34zjl1fr.cdn.imgeng.in\/wp-content\/uploads\/2025\/11\/strain-768x524.jpg 768w, https:\/\/34zjl1fr.cdn.imgeng.in\/wp-content\/uploads\/2025\/11\/strain-1536x1047.jpg 1536w, https:\/\/34zjl1fr.cdn.imgeng.in\/wp-content\/uploads\/2025\/11\/strain-2048x1396.jpg 2048w\" sizes=\"(max-width: 1024px) 100vw, 1024px\" \/><\/figure>\n\n\n    <section class=\"pl-block pl-raw-content mb-7 pl-t [&#038;.border-t-2]:pt-8  \">\n        <p>&nbsp;<\/p>\n<h2><span class=\"ez-toc-section\" id=\"Como_un_Abogado_de_Lesiones_por_Esguinces_Puede_Ayudar\"><\/span>C\u00f3mo un Abogado de Lesiones por Esguinces Puede Ayudar<span class=\"ez-toc-section-end\"><\/span><\/h2>\n<p>Si su reclamaci\u00f3n es negada o subvalorada, un abogado experimentado puede intervenir y luchar por usted. Un abogado de lesiones por esguinces puede:<\/p>\n<ul>\n<li>Recopilar evidencia m\u00e9dica que pruebe la gravedad de su lesi\u00f3n<\/li>\n<li>Desafiar negaciones injustas o intentos de minimizar sus beneficios<\/li>\n<li>Negociar por cobertura completa de su tratamiento y salarios perdidos<\/li>\n<li>Representarlo en audiencias o apelaciones si es necesario<\/li>\n<\/ul>\n<p>Con ayuda legal, no tiene que enfrentar a una compa\u00f1\u00eda de seguros solo.<\/p>\n<h2><span class=\"ez-toc-section\" id=\"Impactos_Reales_en_Su_Vida_y_Sustento\"><\/span>Impactos Reales en Su Vida y Sustento<span class=\"ez-toc-section-end\"><\/span><\/h2>\n<p>Los esguinces y distensiones pueden afectar toda su vida. Puede tener dificultades para realizar tareas dom\u00e9sticas b\u00e1sicas, cuidar a su familia o incluso dormir c\u00f3modamente. El estr\u00e9s financiero a\u00f1ade otra capa cuando est\u00e1 perdiendo trabajo y las facturas m\u00e9dicas se est\u00e1n acumulando.<\/p>\n<p>La compensaci\u00f3n laboral existe para darle tiempo y recursos para sanar sin sacrificar su estabilidad financiera. <a href=\"https:\/\/www.pondlehocky.com\/es\/\">El apoyo legal<\/a> es importante cuando las aseguradoras no cumplen con esa promesa.<\/p>\n<h2><span class=\"ez-toc-section\" id=\"Contacte_a_Pond_Lehocky_Hoy\"><\/span>Contacte a Pond Lehocky Hoy<span class=\"ez-toc-section-end\"><\/span><\/h2>\n<p>Si est\u00e1 lidiando con un esguince o distensi\u00f3n del trabajo, no permita que nadie le diga que es \u00absolo una lesi\u00f3n menor\u00bb. Su salud y su capacidad para ganarse la vida son demasiado importantes como para tomarlas a la ligera.<\/p>\n<p>En Pond Lehocky, hemos ayudado a miles de trabajadores lesionados a asegurar los beneficios que merecen, y estamos listos para hacer lo mismo por usted. Nuestro equipo sabe c\u00f3mo las aseguradoras intentan minimizar los esguinces y distensiones, y sabemos c\u00f3mo contraatacar.<\/p>\n<p><a href=\"https:\/\/www.pondlehocky.com\/es\/contacte-con\/\">Cont\u00e1ctenos<\/a> hoy para hablar con un abogado dedicado sobre su caso. Con la ayuda adecuada, puede concentrarse en sanar mientras nosotros nos enfocamos en proteger su futuro.<\/p>\n    <\/section>\n\n","protected":false},"excerpt":{"rendered":"","protected":false},"author":44,"featured_media":8365,"parent":8309,"menu_order":0,"comment_status":"closed","ping_status":"closed","template":"page-sidebar.php","meta":{"_acf_changed":true,"footnotes":"","_elementor_data":""},"class_list":["post-8367","page","type-page","status-publish","has-post-thumbnail","hentry"],"acf":[],"page_builder_type":"gutenberg","gutenberg_data":[],"yoast_head":"<!-- This site is optimized with the Yoast SEO Premium plugin v27.4 (Yoast SEO v27.4) - https:\/\/yoast.com\/product\/yoast-seo-premium-wordpress\/ -->\n<title>Compensaci\u00f3n Laboral por Esguinces y Distensiones<\/title>\n<meta name=\"description\" content=\"Descubra c\u00f3mo ocurren los esguinces y distensiones en el trabajo y c\u00f3mo un abogado puede ayudarle a obtener su compensaci\u00f3n.\" \/>\n<meta name=\"robots\" content=\"index, follow, max-snippet:-1, max-image-preview:large, max-video-preview:-1\" \/>\n<link rel=\"canonical\" href=\"https:\/\/www.pondlehocky.com\/es\/lesiones\/esguinces-y-distensiones\/\" \/>\n<meta property=\"og:locale\" content=\"es_ES\" \/>\n<meta property=\"og:type\" content=\"article\" \/>\n<meta property=\"og:title\" content=\"Esguinces y Distensiones\" \/>\n<meta property=\"og:description\" content=\"Descubra c\u00f3mo ocurren los esguinces y distensiones en el trabajo y c\u00f3mo un abogado puede ayudarle a obtener su compensaci\u00f3n.\" \/>\n<meta property=\"og:url\" content=\"https:\/\/www.pondlehocky.com\/es\/lesiones\/esguinces-y-distensiones\/\" \/>\n<meta property=\"og:site_name\" content=\"Pond Lehocky Giordano, Inc.\" \/>\n<meta property=\"article:publisher\" content=\"https:\/\/www.instagram.com\/pondlehocky\/\" \/>\n<meta property=\"og:image\" content=\"https:\/\/www.pondlehocky.com\/wp-content\/uploads\/2025\/11\/sprain-scaled-e1762788978132.jpg\" \/>\n\t<meta property=\"og:image:width\" content=\"2560\" \/>\n\t<meta property=\"og:image:height\" content=\"1707\" \/>\n\t<meta property=\"og:image:type\" content=\"image\/jpeg\" \/>\n<meta name=\"twitter:card\" content=\"summary_large_image\" \/>\n<meta name=\"twitter:label1\" content=\"Tiempo de lectura\" \/>\n\t<meta name=\"twitter:data1\" content=\"1 minuto\" \/>\n<script type=\"application\/ld+json\" class=\"yoast-schema-graph\">{\"@context\":\"https:\\\/\\\/schema.org\",\"@graph\":[{\"@type\":\"WebPage\",\"@id\":\"https:\\\/\\\/www.pondlehocky.com\\\/es\\\/lesiones\\\/esguinces-y-distensiones\\\/\",\"url\":\"https:\\\/\\\/www.pondlehocky.com\\\/es\\\/lesiones\\\/esguinces-y-distensiones\\\/\",\"name\":\"Compensaci\u00f3n Laboral por Esguinces y Distensiones\",\"isPartOf\":{\"@id\":\"https:\\\/\\\/www.pondlehocky.com\\\/es\\\/#website\"},\"primaryImageOfPage\":{\"@id\":\"https:\\\/\\\/www.pondlehocky.com\\\/es\\\/lesiones\\\/esguinces-y-distensiones\\\/#primaryimage\"},\"image\":{\"@id\":\"https:\\\/\\\/www.pondlehocky.com\\\/es\\\/lesiones\\\/esguinces-y-distensiones\\\/#primaryimage\"},\"thumbnailUrl\":\"https:\\\/\\\/www.pondlehocky.com\\\/wp-content\\\/uploads\\\/2025\\\/11\\\/sprain-scaled-e1762788978132.jpg\",\"datePublished\":\"2025-11-14T12:00:00+00:00\",\"description\":\"Descubra c\u00f3mo ocurren los esguinces y distensiones en el trabajo y c\u00f3mo un abogado puede ayudarle a obtener su compensaci\u00f3n.\",\"breadcrumb\":{\"@id\":\"https:\\\/\\\/www.pondlehocky.com\\\/es\\\/lesiones\\\/esguinces-y-distensiones\\\/#breadcrumb\"},\"inLanguage\":\"es\",\"potentialAction\":[{\"@type\":\"ReadAction\",\"target\":[\"https:\\\/\\\/www.pondlehocky.com\\\/es\\\/lesiones\\\/esguinces-y-distensiones\\\/\"]}]},{\"@type\":\"ImageObject\",\"inLanguage\":\"es\",\"@id\":\"https:\\\/\\\/www.pondlehocky.com\\\/es\\\/lesiones\\\/esguinces-y-distensiones\\\/#primaryimage\",\"url\":\"https:\\\/\\\/www.pondlehocky.com\\\/wp-content\\\/uploads\\\/2025\\\/11\\\/sprain-scaled-e1762788978132.jpg\",\"contentUrl\":\"https:\\\/\\\/www.pondlehocky.com\\\/wp-content\\\/uploads\\\/2025\\\/11\\\/sprain-scaled-e1762788978132.jpg\",\"width\":2560,\"height\":1707,\"caption\":\"Medical professional wrapping a bandage around a patient\u2019s injured ankle while the patient lies on an examination table.\"},{\"@type\":\"BreadcrumbList\",\"@id\":\"https:\\\/\\\/www.pondlehocky.com\\\/es\\\/lesiones\\\/esguinces-y-distensiones\\\/#breadcrumb\",\"itemListElement\":[{\"@type\":\"ListItem\",\"position\":1,\"name\":\"Home\",\"item\":\"https:\\\/\\\/www.pondlehocky.com\\\/es\\\/homepage\\\/\"},{\"@type\":\"ListItem\",\"position\":2,\"name\":\"Lesiones\",\"item\":\"https:\\\/\\\/www.pondlehocky.com\\\/es\\\/lesiones\\\/\"},{\"@type\":\"ListItem\",\"position\":3,\"name\":\"Esguinces y Distensiones\"}]},{\"@type\":\"WebSite\",\"@id\":\"https:\\\/\\\/www.pondlehocky.com\\\/es\\\/#website\",\"url\":\"https:\\\/\\\/www.pondlehocky.com\\\/es\\\/\",\"name\":\"Pond Lehocky Giordano, Inc.\",\"description\":\"Largest workers\u2019 compensation and Social Security disability law firm in Pennsylvania\",\"publisher\":{\"@id\":\"https:\\\/\\\/www.pondlehocky.com\\\/es\\\/#organization\"},\"alternateName\":\"Pond Lehocky Giordano, Inc.\",\"potentialAction\":[{\"@type\":\"SearchAction\",\"target\":{\"@type\":\"EntryPoint\",\"urlTemplate\":\"https:\\\/\\\/www.pondlehocky.com\\\/es\\\/?s={search_term_string}\"},\"query-input\":{\"@type\":\"PropertyValueSpecification\",\"valueRequired\":true,\"valueName\":\"search_term_string\"}}],\"inLanguage\":\"es\"},{\"@type\":\"Organization\",\"@id\":\"https:\\\/\\\/www.pondlehocky.com\\\/es\\\/#organization\",\"name\":\"Pond Lehocky Giordano, Inc\",\"alternateName\":\"Pond Lehocky Giordano, Inc.\",\"url\":\"https:\\\/\\\/www.pondlehocky.com\\\/es\\\/\",\"logo\":{\"@type\":\"ImageObject\",\"inLanguage\":\"es\",\"@id\":\"https:\\\/\\\/www.pondlehocky.com\\\/es\\\/#\\\/schema\\\/logo\\\/image\\\/\",\"url\":\"https:\\\/\\\/www.pondlehocky.com\\\/wp-content\\\/uploads\\\/2024\\\/04\\\/pond-lehocky-logo.png\",\"contentUrl\":\"https:\\\/\\\/www.pondlehocky.com\\\/wp-content\\\/uploads\\\/2024\\\/04\\\/pond-lehocky-logo.png\",\"width\":355,\"height\":28,\"caption\":\"Pond Lehocky Giordano, Inc\"},\"image\":{\"@id\":\"https:\\\/\\\/www.pondlehocky.com\\\/es\\\/#\\\/schema\\\/logo\\\/image\\\/\"},\"sameAs\":[\"https:\\\/\\\/www.instagram.com\\\/pondlehocky\\\/\",\"https:\\\/\\\/www.youtube.com\\\/user\\\/pondlehocky\",\"https:\\\/\\\/www.tiktok.com\\\/@pondlehockygiordano\",\"https:\\\/\\\/www.facebook.com\\\/PondLehocky\",\"https:\\\/\\\/www.linkedin.com\\\/company\\\/pond-lehocky-giordano\\\/\"]}]}<\/script>\n<!-- \/ Yoast SEO Premium plugin. -->","yoast_head_json":{"title":"Compensaci\u00f3n Laboral por Esguinces y Distensiones","description":"Descubra c\u00f3mo ocurren los esguinces y distensiones en el trabajo y c\u00f3mo un abogado puede ayudarle a obtener su compensaci\u00f3n.","robots":{"index":"index","follow":"follow","max-snippet":"max-snippet:-1","max-image-preview":"max-image-preview:large","max-video-preview":"max-video-preview:-1"},"canonical":"https:\/\/www.pondlehocky.com\/es\/lesiones\/esguinces-y-distensiones\/","og_locale":"es_ES","og_type":"article","og_title":"Esguinces y Distensiones","og_description":"Descubra c\u00f3mo ocurren los esguinces y distensiones en el trabajo y c\u00f3mo un abogado puede ayudarle a obtener su compensaci\u00f3n.","og_url":"https:\/\/www.pondlehocky.com\/es\/lesiones\/esguinces-y-distensiones\/","og_site_name":"Pond Lehocky Giordano, Inc.","article_publisher":"https:\/\/www.instagram.com\/pondlehocky\/","og_image":[{"width":2560,"height":1707,"url":"https:\/\/www.pondlehocky.com\/wp-content\/uploads\/2025\/11\/sprain-scaled-e1762788978132.jpg","type":"image\/jpeg"}],"twitter_card":"summary_large_image","twitter_misc":{"Tiempo de lectura":"1 minuto"},"schema":{"@context":"https:\/\/schema.org","@graph":[{"@type":"WebPage","@id":"https:\/\/www.pondlehocky.com\/es\/lesiones\/esguinces-y-distensiones\/","url":"https:\/\/www.pondlehocky.com\/es\/lesiones\/esguinces-y-distensiones\/","name":"Compensaci\u00f3n Laboral por Esguinces y Distensiones","isPartOf":{"@id":"https:\/\/www.pondlehocky.com\/es\/#website"},"primaryImageOfPage":{"@id":"https:\/\/www.pondlehocky.com\/es\/lesiones\/esguinces-y-distensiones\/#primaryimage"},"image":{"@id":"https:\/\/www.pondlehocky.com\/es\/lesiones\/esguinces-y-distensiones\/#primaryimage"},"thumbnailUrl":"https:\/\/www.pondlehocky.com\/wp-content\/uploads\/2025\/11\/sprain-scaled-e1762788978132.jpg","datePublished":"2025-11-14T12:00:00+00:00","description":"Descubra c\u00f3mo ocurren los esguinces y distensiones en el trabajo y c\u00f3mo un abogado puede ayudarle a obtener su compensaci\u00f3n.","breadcrumb":{"@id":"https:\/\/www.pondlehocky.com\/es\/lesiones\/esguinces-y-distensiones\/#breadcrumb"},"inLanguage":"es","potentialAction":[{"@type":"ReadAction","target":["https:\/\/www.pondlehocky.com\/es\/lesiones\/esguinces-y-distensiones\/"]}]},{"@type":"ImageObject","inLanguage":"es","@id":"https:\/\/www.pondlehocky.com\/es\/lesiones\/esguinces-y-distensiones\/#primaryimage","url":"https:\/\/www.pondlehocky.com\/wp-content\/uploads\/2025\/11\/sprain-scaled-e1762788978132.jpg","contentUrl":"https:\/\/www.pondlehocky.com\/wp-content\/uploads\/2025\/11\/sprain-scaled-e1762788978132.jpg","width":2560,"height":1707,"caption":"Medical professional wrapping a bandage around a patient\u2019s injured ankle while the patient lies on an examination table."},{"@type":"BreadcrumbList","@id":"https:\/\/www.pondlehocky.com\/es\/lesiones\/esguinces-y-distensiones\/#breadcrumb","itemListElement":[{"@type":"ListItem","position":1,"name":"Home","item":"https:\/\/www.pondlehocky.com\/es\/homepage\/"},{"@type":"ListItem","position":2,"name":"Lesiones","item":"https:\/\/www.pondlehocky.com\/es\/lesiones\/"},{"@type":"ListItem","position":3,"name":"Esguinces y Distensiones"}]},{"@type":"WebSite","@id":"https:\/\/www.pondlehocky.com\/es\/#website","url":"https:\/\/www.pondlehocky.com\/es\/","name":"Pond Lehocky Giordano, Inc.","description":"Largest workers\u2019 compensation and Social Security disability law firm in Pennsylvania","publisher":{"@id":"https:\/\/www.pondlehocky.com\/es\/#organization"},"alternateName":"Pond Lehocky Giordano, Inc.","potentialAction":[{"@type":"SearchAction","target":{"@type":"EntryPoint","urlTemplate":"https:\/\/www.pondlehocky.com\/es\/?s={search_term_string}"},"query-input":{"@type":"PropertyValueSpecification","valueRequired":true,"valueName":"search_term_string"}}],"inLanguage":"es"},{"@type":"Organization","@id":"https:\/\/www.pondlehocky.com\/es\/#organization","name":"Pond Lehocky Giordano, Inc","alternateName":"Pond Lehocky Giordano, Inc.","url":"https:\/\/www.pondlehocky.com\/es\/","logo":{"@type":"ImageObject","inLanguage":"es","@id":"https:\/\/www.pondlehocky.com\/es\/#\/schema\/logo\/image\/","url":"https:\/\/www.pondlehocky.com\/wp-content\/uploads\/2024\/04\/pond-lehocky-logo.png","contentUrl":"https:\/\/www.pondlehocky.com\/wp-content\/uploads\/2024\/04\/pond-lehocky-logo.png","width":355,"height":28,"caption":"Pond Lehocky Giordano, Inc"},"image":{"@id":"https:\/\/www.pondlehocky.com\/es\/#\/schema\/logo\/image\/"},"sameAs":["https:\/\/www.instagram.com\/pondlehocky\/","https:\/\/www.youtube.com\/user\/pondlehocky","https:\/\/www.tiktok.com\/@pondlehockygiordano","https:\/\/www.facebook.com\/PondLehocky","https:\/\/www.linkedin.com\/company\/pond-lehocky-giordano\/"]}]}},"_links":{"self":[{"href":"https:\/\/www.pondlehocky.com\/es\/wp-json\/wp\/v2\/pages\/8367","targetHints":{"allow":["GET"]}}],"collection":[{"href":"https:\/\/www.pondlehocky.com\/es\/wp-json\/wp\/v2\/pages"}],"about":[{"href":"https:\/\/www.pondlehocky.com\/es\/wp-json\/wp\/v2\/types\/page"}],"author":[{"embeddable":true,"href":"https:\/\/www.pondlehocky.com\/es\/wp-json\/wp\/v2\/users\/44"}],"replies":[{"embeddable":true,"href":"https:\/\/www.pondlehocky.com\/es\/wp-json\/wp\/v2\/comments?post=8367"}],"version-history":[{"count":0,"href":"https:\/\/www.pondlehocky.com\/es\/wp-json\/wp\/v2\/pages\/8367\/revisions"}],"up":[{"embeddable":true,"href":"https:\/\/www.pondlehocky.com\/es\/wp-json\/wp\/v2\/pages\/8309"}],"wp:featuredmedia":[{"embeddable":true,"href":"https:\/\/www.pondlehocky.com\/es\/wp-json\/wp\/v2\/media\/8365"}],"wp:attachment":[{"href":"https:\/\/www.pondlehocky.com\/es\/wp-json\/wp\/v2\/media?parent=8367"}],"curies":[{"name":"wp","href":"https:\/\/api.w.org\/{rel}","templated":true}]}}