{"id":8375,"date":"2025-11-17T12:00:00","date_gmt":"2025-11-17T12:00:00","guid":{"rendered":"https:\/\/www.pondlehocky.com\/?page_id=8375"},"modified":"2025-11-10T16:52:58","modified_gmt":"2025-11-10T16:52:58","slug":"lesiones-de-espalda-y-columna-vertebral","status":"publish","type":"page","link":"https:\/\/www.pondlehocky.com\/es\/lesiones\/lesiones-de-espalda-y-columna-vertebral\/","title":{"rendered":"Lesiones de Espalda y Columna Vertebral"},"content":{"rendered":"    <section class=\"pl-block pl-block-key-takeaways\">\n                <div class=\"pl-module pl-module-key-takeaways bg-blue-dark mb-10\">\n            <div class=\"flex justify-between items-center gap-4 bg-yellow py-6 md:py-9 px-6 md:px-12\">\n                <div class=\"text-5xl md:text-6xl leading-9 font-serif text-blue-dark font-bold\">\n                    <h3><span class=\"ez-toc-section\" id=\"Puntos_Clave\"><\/span>Puntos Clave<span class=\"ez-toc-section-end\"><\/span><\/h3>\n                <\/div>\n\n                            <\/div>\n            <div class=\"py-6 md:py-9 px-6 md:px-12\">\n\n                <div class=\"pl-t pl-t--white\">\n                    <ul>\n<li>Las lesiones de espalda y columna son de las m\u00e1s graves en el trabajo, pudiendo causar dolor cr\u00f3nico, movilidad limitada o discapacidad permanente.<\/li>\n<li>La compensaci\u00f3n laboral puede cubrir atenci\u00f3n m\u00e9dica, rehabilitaci\u00f3n, salarios perdidos y beneficios por incapacidad, aunque las aseguradoras suelen disputar los casos.<\/li>\n<li>Los abogados de lesiones de espalda y columna de <strong>Pond Lehocky<\/strong> pueden reunir pruebas, apelar negaciones y luchar por la compensaci\u00f3n completa que usted merece.<\/li>\n<\/ul>\n                <\/div>\n\n                            <\/div>\n        <\/div>\n    <\/section>\n\n\n    <section class=\"pl-block pl-raw-content mb-7 pl-t [&#038;.border-t-2]:pt-8  \">\n        <p>Las lesiones de espalda y columna vertebral se encuentran entre las lesiones m\u00e1s graves y costosas que puede sufrir un trabajador. A diferencia de un esguince o un moret\u00f3n, estas condiciones pueden llevar a dolor a largo plazo, movilidad reducida y, en los casos m\u00e1s graves, incapacidad permanente. Los discos herniados por levantamiento pesado, las fracturas de columna por una ca\u00edda o la compresi\u00f3n nerviosa por a\u00f1os de tensi\u00f3n repetitiva pueden tener impactos duraderos en la vida de una persona.<\/p>\n<p>En Pond Lehocky, sabemos que una lesi\u00f3n de espalda afecta su capacidad para trabajar y mantener a su familia, a veces viviendo con dolor constante. Desafortunadamente, debido a que el tratamiento para lesiones de columna puede ser costoso y continuo, las compa\u00f1\u00edas de seguros a menudo luchan agresivamente contra estas reclamaciones. Por eso es tan importante tener un abogado experimentado en lesiones de espalda y columna vertebral laborales de su lado.<\/p>\n<h2><span class=\"ez-toc-section\" id=\"Tipos_Comunes_de_Lesiones_de_Espalda_y_Columna_Vertebral_Laborales\"><\/span>Tipos Comunes de Lesiones de Espalda y Columna Vertebral Laborales<span class=\"ez-toc-section-end\"><\/span><\/h2>\n<p>Las lesiones de espalda y columna vertebral pueden variar desde condiciones moderadas pero dolorosas hasta lesiones catastr\u00f3ficas que cambian permanentemente su vida. Algunas de las m\u00e1s comunes incluyen:<\/p>\n<ul>\n<li><strong>Discos herniados<\/strong>. <a href=\"https:\/\/medlineplus.gov\/ency\/article\/000442.htm\" target=\"_blank\" rel=\"noopener\">Los discos herniados<\/a> ocurren cuando el tejido blando entre las v\u00e9rtebras (conocido como el disco) se sale de su lugar. El resultado es compresi\u00f3n en los nervios circundantes, lo que causa dolor intenso y debilidad muscular.<\/li>\n<li><strong>Fracturas espinales<\/strong>. A menudo el resultado de ca\u00eddas o accidentes, estas fracturas pueden desestabilizar la columna vertebral y requerir cirug\u00eda.<\/li>\n<li><strong>Compresi\u00f3n nerviosa<\/strong>. Los movimientos repetitivos y el levantamiento inc\u00f3modo pueden pellizcar los nervios y llevar a dolor cr\u00f3nico o problemas de movilidad.<\/li>\n<li><strong>Dolor de espalda cr\u00f3nico<\/strong>. A\u00f1os de tensi\u00f3n repetitiva o lesiones no tratadas pueden resultar en dolor persistente que limita la capacidad del trabajador para estar de pie, levantar o doblar.<\/li>\n<li><strong>Lesiones de m\u00e9dula espinal<\/strong>. Entre las lesiones laborales m\u00e1s devastadoras, el da\u00f1o a la m\u00e9dula espinal puede causar par\u00e1lisis parcial o total, cambiando dram\u00e1ticamente la independencia y calidad de vida de una persona.<\/li>\n<\/ul>\n<p>Estas lesiones pueden ocurrir en casi cualquier industria. Los trabajadores de construcci\u00f3n enfrentan riesgos de ca\u00eddas y levantamiento pesado, los trabajadores de la salud a menudo sufren lesiones de espalda al levantar pacientes, y los empleados de oficina pueden incluso desarrollar problemas cr\u00f3nicos de columna por ergonom\u00eda deficiente con el tiempo.<\/p>\n<h2><span class=\"ez-toc-section\" id=\"El_Impacto_en_la_Vida_Diaria_y_el_Trabajo\"><\/span>El Impacto en la Vida Diaria y el Trabajo<span class=\"ez-toc-section-end\"><\/span><\/h2>\n<p>La espalda y la columna vertebral son centrales para casi cada movimiento. Cuando est\u00e1n lesionadas, incluso tareas b\u00e1sicas como caminar o sentarse pueden volverse insoportables. Para los trabajadores en trabajos f\u00edsicamente exigentes, regresar a su rol anterior puede ser imposible.<\/p>\n<ul>\n<li><strong>Incapacidad parcial<\/strong>. Algunos trabajadores pueden recuperarse lo suficiente para realizar trabajo liviano pero nunca regresar a su nivel previo de funci\u00f3n. Por ejemplo, puede regresar a su compa\u00f1\u00eda, pero no en la misma posici\u00f3n.<\/li>\n<li><strong>Incapacidad total<\/strong>. Las lesiones graves de columna pueden dejar a los trabajadores permanentemente incapaces de trabajar. Si una lesi\u00f3n de espalda lo incapacita permanentemente, puede ser completamente incapaz de trabajar en cualquier capacidad.<\/li>\n<li><strong>Dolor cr\u00f3nico<\/strong>. Incluso despu\u00e9s de cirug\u00eda o terapia, muchos trabajadores viven con dolor continuo que interfiere tanto con sus vidas profesionales como personales. Aunque puede ser capaz de trabajar, el alcance de su trabajo puede estar limitado.<\/li>\n<\/ul>\n<p>Estos resultados destacan por qu\u00e9 las lesiones de espalda y columna vertebral son tanto m\u00e9dicamente graves como financieramente agotadoras.<\/p>\n    <\/section>\n\n\n\n\n<figure class=\"wp-block-image size-large\"><img decoding=\"async\" width=\"1024\" height=\"683\" src=\"https:\/\/34zjl1fr.cdn.imgeng.in\/wp-content\/uploads\/2025\/11\/spine-injury-1024x683.jpg\" alt=\"Woman sitting at an office desk in front of a computer, holding her lower back in pain and leaning forward, showing discomfort from back strain or poor posture.\" class=\"wp-image-8371\" srcset=\"https:\/\/34zjl1fr.cdn.imgeng.in\/wp-content\/uploads\/2025\/11\/spine-injury-1024x683.jpg 1024w, https:\/\/34zjl1fr.cdn.imgeng.in\/wp-content\/uploads\/2025\/11\/spine-injury-300x200.jpg 300w, https:\/\/34zjl1fr.cdn.imgeng.in\/wp-content\/uploads\/2025\/11\/spine-injury-768x512.jpg 768w\" sizes=\"(max-width: 1024px) 100vw, 1024px\" \/><\/figure>\n\n\n    <section class=\"pl-block pl-raw-content mb-7 pl-t [&#038;.border-t-2]:pt-8  \">\n        <p>&nbsp;<\/p>\n<h2><span class=\"ez-toc-section\" id=\"Compensacion_Laboral_para_Lesiones_de_Espalda_y_Columna_Vertebral\"><\/span>Compensaci\u00f3n Laboral para Lesiones de Espalda y Columna Vertebral<span class=\"ez-toc-section-end\"><\/span><\/h2>\n<p>La compensaci\u00f3n laboral se supone que proporciona apoyo para empleados lesionados, cubriendo costos m\u00e9dicos y salarios perdidos. Para lesiones de espalda y columna vertebral, la compensaci\u00f3n laboral puede incluir:<\/p>\n<ul>\n<li><strong>Atenci\u00f3n m\u00e9dica<\/strong>. Visitas al m\u00e9dico, pruebas de imagen como resonancias magn\u00e9ticas, cirug\u00edas, manejo del dolor y monitoreo continuo. Los costos de atenci\u00f3n m\u00e9dica tambi\u00e9n pueden incluir el costo de sus medicamentos.<\/li>\n<li><strong>Rehabilitaci\u00f3n<\/strong>. Terapia f\u00edsica, terapia ocupacional y estrategias de manejo del dolor a largo plazo.<\/li>\n<li><strong>Reemplazo de salario<\/strong>. Beneficios para reemplazar parte de sus ingresos mientras se recupera.<\/li>\n<li><strong>Beneficios por incapacidad<\/strong>. Pagos por incapacidad parcial o total si su lesi\u00f3n deja limitaciones duraderas.<\/li>\n<\/ul>\n<p>Debido a que las lesiones de columna a menudo requieren tratamiento extenso y rehabilitaci\u00f3n, los beneficios de compensaci\u00f3n laboral son importantes. Sin ellos, muchas familias tendr\u00edan dificultades para costear la atenci\u00f3n necesaria o sobrevivir financieramente durante una larga recuperaci\u00f3n.<\/p>\n<h2><span class=\"ez-toc-section\" id=\"Por_Que_las_Reclamaciones_por_Lesiones_de_Espalda_y_Columna_Vertebral_a_Menudo_se_Disputan\"><\/span>Por Qu\u00e9 las Reclamaciones por Lesiones de Espalda y Columna Vertebral a Menudo se Disputan<span class=\"ez-toc-section-end\"><\/span><\/h2>\n<p>Las aseguradoras reconocen r\u00e1pidamente cu\u00e1n costosas pueden ser las lesiones de columna, y como resultado, a menudo luchan contra estas reclamaciones m\u00e1s que otras. Las t\u00e1cticas comunes incluyen:<\/p>\n<ul>\n<li><strong>Culpar a condiciones preexistentes<\/strong>. Las aseguradoras pueden argumentar que su dolor proviene de degeneraci\u00f3n relacionada con la edad, no de una lesi\u00f3n laboral.<\/li>\n<li><strong>Minimizar la lesi\u00f3n<\/strong>. Pueden afirmar que su condici\u00f3n es menor o no requiere tratamiento extenso. Esta es una t\u00e1ctica t\u00edpica con condiciones que son m\u00e1s dif\u00edciles de probar, como el dolor cr\u00f3nico.<\/li>\n<li><strong>Retrasar la atenci\u00f3n<\/strong>. Las compa\u00f1\u00edas de seguros a veces demoran las autorizaciones para cirug\u00edas, resonancias magn\u00e9ticas o terapia, haciendo m\u00e1s dif\u00edcil la recuperaci\u00f3n.<\/li>\n<li><strong>Desafiar el estado de incapacidad<\/strong>. Incluso con evidencia clara de limitaciones, las aseguradoras pueden disputar su elegibilidad para beneficios por incapacidad a largo plazo.<\/li>\n<\/ul>\n<p>Estas disputas pueden dejar a los trabajadores lesionados en el limbo, luchando sin la atenci\u00f3n o los ingresos que necesitan.<\/p>\n    <\/section>\n\n\n\n\n<figure class=\"wp-block-image size-large\"><img decoding=\"async\" width=\"1024\" height=\"683\" src=\"https:\/\/34zjl1fr.cdn.imgeng.in\/wp-content\/uploads\/2025\/11\/compensation-3-1024x683.jpg\" alt=\"Woman working at a desk with a laptop, keyboard, calculator, and documents, writing notes in a notebook while organizing paperwork and folders.\" class=\"wp-image-8369\" srcset=\"https:\/\/34zjl1fr.cdn.imgeng.in\/wp-content\/uploads\/2025\/11\/compensation-3-1024x683.jpg 1024w, https:\/\/34zjl1fr.cdn.imgeng.in\/wp-content\/uploads\/2025\/11\/compensation-3-300x200.jpg 300w, https:\/\/34zjl1fr.cdn.imgeng.in\/wp-content\/uploads\/2025\/11\/compensation-3-768x512.jpg 768w, https:\/\/34zjl1fr.cdn.imgeng.in\/wp-content\/uploads\/2025\/11\/compensation-3-1536x1024.jpg 1536w, https:\/\/34zjl1fr.cdn.imgeng.in\/wp-content\/uploads\/2025\/11\/compensation-3-2048x1365.jpg 2048w\" sizes=\"(max-width: 1024px) 100vw, 1024px\" \/><\/figure>\n\n\n    <section class=\"pl-block pl-raw-content mb-7 pl-t [&#038;.border-t-2]:pt-8  \">\n        <p>&nbsp;<\/p>\n<h2><span class=\"ez-toc-section\" id=\"Como_un_Abogado_Puede_Ayudar\"><\/span>C\u00f3mo un Abogado Puede Ayudar<span class=\"ez-toc-section-end\"><\/span><\/h2>\n<p>Un <a href=\"https:\/\/www.pondlehocky.com\/es\/\">abogado experimentado en compensaci\u00f3n laboral<\/a> puede hacer toda la diferencia en asegurar los beneficios que merece. En Pond Lehocky, nuestros abogados han manejado innumerables casos de lesiones de columna y conocen las t\u00e1cticas que las aseguradoras usan para negar o reducir reclamaciones. Podemos:<\/p>\n<ul>\n<li><strong>Documentar completamente su lesi\u00f3n<\/strong>. Reunir registros m\u00e9dicos, opiniones de expertos y evidencia de im\u00e1genes para probar la extensi\u00f3n de su lesi\u00f3n.<\/li>\n<li><strong>Desafiar negaciones de seguros<\/strong>. Apelar decisiones que limitan su tratamiento o beneficios.<\/li>\n<li><strong>Asegurar compensaci\u00f3n justa<\/strong>. Luchar por cobertura completa de compensaci\u00f3n laboral, incluyendo beneficios por incapacidad si no puede regresar a su trabajo anterior.<\/li>\n<li><strong>Proteger sus derechos<\/strong>. Asegurar que no sea presionado a aceptar un acuerdo r\u00e1pido que no refleje sus necesidades a largo plazo.<\/li>\n<\/ul>\n<p>Con lesiones de espalda y columna vertebral, las apuestas son simplemente demasiado altas para enfrentar el sistema solo.<\/p>\n<h2><span class=\"ez-toc-section\" id=\"Obtenga_Ayuda_Despues_de_una_Lesion_de_Espalda_o_Columna_Vertebral\"><\/span>Obtenga Ayuda Despu\u00e9s de una Lesi\u00f3n de Espalda o Columna Vertebral<span class=\"ez-toc-section-end\"><\/span><\/h2>\n<p>Si ha sufrido una lesi\u00f3n de espalda o columna vertebral en el trabajo, est\u00e1 lidiando con una lesi\u00f3n dolorosa e incertidumbre sobre su futuro. \u00bfPodr\u00e1 regresar a su trabajo? \u00bfC\u00f3mo costear\u00e1 la atenci\u00f3n que necesita? \u00bfY c\u00f3mo mantendr\u00e1 a su familia mientras se recupera?<\/p>\n<p>En Pond Lehocky, entendemos la gravedad de las lesiones de columna y el impacto que tienen en cada aspecto de su vida. Nuestros experimentados abogados de lesiones de espalda y columna vertebral laborales est\u00e1n aqu\u00ed para guiarlo a trav\u00e9s del proceso de compensaci\u00f3n laboral, luchar por sus derechos y asegurar que reciba los beneficios que necesita para seguir adelante.<\/p>\n<p>Contacte a <a href=\"https:\/\/www.pondlehocky.com\/es\/contacte-con\/\">Pond Lehocky<\/a> hoy para orientaci\u00f3n despu\u00e9s de una lesi\u00f3n de espalda o columna vertebral laboral. Con nuestro equipo de su lado, no tiene que enfrentar a las compa\u00f1\u00edas de seguros solo.<\/p>\n    <\/section>\n\n","protected":false},"excerpt":{"rendered":"","protected":false},"author":44,"featured_media":8374,"parent":8309,"menu_order":0,"comment_status":"closed","ping_status":"closed","template":"page-sidebar.php","meta":{"_acf_changed":true,"footnotes":"","_elementor_data":""},"class_list":["post-8375","page","type-page","status-publish","has-post-thumbnail","hentry"],"acf":[],"page_builder_type":"gutenberg","gutenberg_data":[],"yoast_head":"<!-- This site is optimized with the Yoast SEO Premium plugin v27.4 (Yoast SEO v27.4) - https:\/\/yoast.com\/product\/yoast-seo-premium-wordpress\/ -->\n<title>Compensaci\u00f3n Laboral por Lesiones de Espalda y Columna<\/title>\n<meta name=\"description\" content=\"Conozca c\u00f3mo ocurren las lesiones de espalda y columna en el trabajo y c\u00f3mo un abogado puede ayudarle a obtener su compensaci\u00f3n.\" \/>\n<meta name=\"robots\" content=\"index, follow, max-snippet:-1, max-image-preview:large, max-video-preview:-1\" \/>\n<link rel=\"canonical\" href=\"https:\/\/www.pondlehocky.com\/es\/lesiones\/lesiones-de-espalda-y-columna-vertebral\/\" \/>\n<meta property=\"og:locale\" content=\"es_ES\" \/>\n<meta property=\"og:type\" content=\"article\" \/>\n<meta property=\"og:title\" content=\"Lesiones de Espalda y Columna Vertebral\" \/>\n<meta property=\"og:description\" content=\"Conozca c\u00f3mo ocurren las lesiones de espalda y columna en el trabajo y c\u00f3mo un abogado puede ayudarle a obtener su compensaci\u00f3n.\" \/>\n<meta property=\"og:url\" content=\"https:\/\/www.pondlehocky.com\/es\/lesiones\/lesiones-de-espalda-y-columna-vertebral\/\" \/>\n<meta property=\"og:site_name\" content=\"Pond Lehocky Giordano, Inc.\" \/>\n<meta property=\"article:publisher\" content=\"https:\/\/www.instagram.com\/pondlehocky\/\" \/>\n<meta property=\"og:image\" content=\"https:\/\/www.pondlehocky.com\/wp-content\/uploads\/2025\/11\/back-injury-scaled.jpg\" \/>\n\t<meta property=\"og:image:width\" content=\"2560\" \/>\n\t<meta property=\"og:image:height\" content=\"1707\" \/>\n\t<meta property=\"og:image:type\" content=\"image\/jpeg\" \/>\n<meta name=\"twitter:card\" content=\"summary_large_image\" \/>\n<meta name=\"twitter:label1\" content=\"Tiempo de lectura\" \/>\n\t<meta name=\"twitter:data1\" content=\"1 minuto\" \/>\n<script type=\"application\/ld+json\" class=\"yoast-schema-graph\">{\"@context\":\"https:\\\/\\\/schema.org\",\"@graph\":[{\"@type\":\"WebPage\",\"@id\":\"https:\\\/\\\/www.pondlehocky.com\\\/es\\\/lesiones\\\/lesiones-de-espalda-y-columna-vertebral\\\/\",\"url\":\"https:\\\/\\\/www.pondlehocky.com\\\/es\\\/lesiones\\\/lesiones-de-espalda-y-columna-vertebral\\\/\",\"name\":\"Compensaci\u00f3n Laboral por Lesiones de Espalda y Columna\",\"isPartOf\":{\"@id\":\"https:\\\/\\\/www.pondlehocky.com\\\/es\\\/#website\"},\"primaryImageOfPage\":{\"@id\":\"https:\\\/\\\/www.pondlehocky.com\\\/es\\\/lesiones\\\/lesiones-de-espalda-y-columna-vertebral\\\/#primaryimage\"},\"image\":{\"@id\":\"https:\\\/\\\/www.pondlehocky.com\\\/es\\\/lesiones\\\/lesiones-de-espalda-y-columna-vertebral\\\/#primaryimage\"},\"thumbnailUrl\":\"https:\\\/\\\/www.pondlehocky.com\\\/wp-content\\\/uploads\\\/2025\\\/11\\\/back-injury-scaled.jpg\",\"datePublished\":\"2025-11-17T12:00:00+00:00\",\"description\":\"Conozca c\u00f3mo ocurren las lesiones de espalda y columna en el trabajo y c\u00f3mo un abogado puede ayudarle a obtener su compensaci\u00f3n.\",\"breadcrumb\":{\"@id\":\"https:\\\/\\\/www.pondlehocky.com\\\/es\\\/lesiones\\\/lesiones-de-espalda-y-columna-vertebral\\\/#breadcrumb\"},\"inLanguage\":\"es\",\"potentialAction\":[{\"@type\":\"ReadAction\",\"target\":[\"https:\\\/\\\/www.pondlehocky.com\\\/es\\\/lesiones\\\/lesiones-de-espalda-y-columna-vertebral\\\/\"]}]},{\"@type\":\"ImageObject\",\"inLanguage\":\"es\",\"@id\":\"https:\\\/\\\/www.pondlehocky.com\\\/es\\\/lesiones\\\/lesiones-de-espalda-y-columna-vertebral\\\/#primaryimage\",\"url\":\"https:\\\/\\\/www.pondlehocky.com\\\/wp-content\\\/uploads\\\/2025\\\/11\\\/back-injury-scaled.jpg\",\"contentUrl\":\"https:\\\/\\\/www.pondlehocky.com\\\/wp-content\\\/uploads\\\/2025\\\/11\\\/back-injury-scaled.jpg\",\"width\":2560,\"height\":1707,\"caption\":\"Doctor examining a patient\u2019s back, placing hands on the upper and lower back areas while the patient sits on a chair during a medical consultation.\"},{\"@type\":\"BreadcrumbList\",\"@id\":\"https:\\\/\\\/www.pondlehocky.com\\\/es\\\/lesiones\\\/lesiones-de-espalda-y-columna-vertebral\\\/#breadcrumb\",\"itemListElement\":[{\"@type\":\"ListItem\",\"position\":1,\"name\":\"Home\",\"item\":\"https:\\\/\\\/www.pondlehocky.com\\\/es\\\/homepage\\\/\"},{\"@type\":\"ListItem\",\"position\":2,\"name\":\"Lesiones\",\"item\":\"https:\\\/\\\/www.pondlehocky.com\\\/es\\\/lesiones\\\/\"},{\"@type\":\"ListItem\",\"position\":3,\"name\":\"Lesiones de Espalda y Columna Vertebral\"}]},{\"@type\":\"WebSite\",\"@id\":\"https:\\\/\\\/www.pondlehocky.com\\\/es\\\/#website\",\"url\":\"https:\\\/\\\/www.pondlehocky.com\\\/es\\\/\",\"name\":\"Pond Lehocky Giordano, Inc.\",\"description\":\"Largest workers\u2019 compensation and Social Security disability law firm in Pennsylvania\",\"publisher\":{\"@id\":\"https:\\\/\\\/www.pondlehocky.com\\\/es\\\/#organization\"},\"alternateName\":\"Pond Lehocky Giordano, Inc.\",\"potentialAction\":[{\"@type\":\"SearchAction\",\"target\":{\"@type\":\"EntryPoint\",\"urlTemplate\":\"https:\\\/\\\/www.pondlehocky.com\\\/es\\\/?s={search_term_string}\"},\"query-input\":{\"@type\":\"PropertyValueSpecification\",\"valueRequired\":true,\"valueName\":\"search_term_string\"}}],\"inLanguage\":\"es\"},{\"@type\":\"Organization\",\"@id\":\"https:\\\/\\\/www.pondlehocky.com\\\/es\\\/#organization\",\"name\":\"Pond Lehocky Giordano, Inc\",\"alternateName\":\"Pond Lehocky Giordano, Inc.\",\"url\":\"https:\\\/\\\/www.pondlehocky.com\\\/es\\\/\",\"logo\":{\"@type\":\"ImageObject\",\"inLanguage\":\"es\",\"@id\":\"https:\\\/\\\/www.pondlehocky.com\\\/es\\\/#\\\/schema\\\/logo\\\/image\\\/\",\"url\":\"https:\\\/\\\/www.pondlehocky.com\\\/wp-content\\\/uploads\\\/2024\\\/04\\\/pond-lehocky-logo.png\",\"contentUrl\":\"https:\\\/\\\/www.pondlehocky.com\\\/wp-content\\\/uploads\\\/2024\\\/04\\\/pond-lehocky-logo.png\",\"width\":355,\"height\":28,\"caption\":\"Pond Lehocky Giordano, Inc\"},\"image\":{\"@id\":\"https:\\\/\\\/www.pondlehocky.com\\\/es\\\/#\\\/schema\\\/logo\\\/image\\\/\"},\"sameAs\":[\"https:\\\/\\\/www.instagram.com\\\/pondlehocky\\\/\",\"https:\\\/\\\/www.youtube.com\\\/user\\\/pondlehocky\",\"https:\\\/\\\/www.tiktok.com\\\/@pondlehockygiordano\",\"https:\\\/\\\/www.facebook.com\\\/PondLehocky\",\"https:\\\/\\\/www.linkedin.com\\\/company\\\/pond-lehocky-giordano\\\/\"]}]}<\/script>\n<!-- \/ Yoast SEO Premium plugin. -->","yoast_head_json":{"title":"Compensaci\u00f3n Laboral por Lesiones de Espalda y Columna","description":"Conozca c\u00f3mo ocurren las lesiones de espalda y columna en el trabajo y c\u00f3mo un abogado puede ayudarle a obtener su compensaci\u00f3n.","robots":{"index":"index","follow":"follow","max-snippet":"max-snippet:-1","max-image-preview":"max-image-preview:large","max-video-preview":"max-video-preview:-1"},"canonical":"https:\/\/www.pondlehocky.com\/es\/lesiones\/lesiones-de-espalda-y-columna-vertebral\/","og_locale":"es_ES","og_type":"article","og_title":"Lesiones de Espalda y Columna Vertebral","og_description":"Conozca c\u00f3mo ocurren las lesiones de espalda y columna en el trabajo y c\u00f3mo un abogado puede ayudarle a obtener su compensaci\u00f3n.","og_url":"https:\/\/www.pondlehocky.com\/es\/lesiones\/lesiones-de-espalda-y-columna-vertebral\/","og_site_name":"Pond Lehocky Giordano, Inc.","article_publisher":"https:\/\/www.instagram.com\/pondlehocky\/","og_image":[{"width":2560,"height":1707,"url":"https:\/\/www.pondlehocky.com\/wp-content\/uploads\/2025\/11\/back-injury-scaled.jpg","type":"image\/jpeg"}],"twitter_card":"summary_large_image","twitter_misc":{"Tiempo de lectura":"1 minuto"},"schema":{"@context":"https:\/\/schema.org","@graph":[{"@type":"WebPage","@id":"https:\/\/www.pondlehocky.com\/es\/lesiones\/lesiones-de-espalda-y-columna-vertebral\/","url":"https:\/\/www.pondlehocky.com\/es\/lesiones\/lesiones-de-espalda-y-columna-vertebral\/","name":"Compensaci\u00f3n Laboral por Lesiones de Espalda y Columna","isPartOf":{"@id":"https:\/\/www.pondlehocky.com\/es\/#website"},"primaryImageOfPage":{"@id":"https:\/\/www.pondlehocky.com\/es\/lesiones\/lesiones-de-espalda-y-columna-vertebral\/#primaryimage"},"image":{"@id":"https:\/\/www.pondlehocky.com\/es\/lesiones\/lesiones-de-espalda-y-columna-vertebral\/#primaryimage"},"thumbnailUrl":"https:\/\/www.pondlehocky.com\/wp-content\/uploads\/2025\/11\/back-injury-scaled.jpg","datePublished":"2025-11-17T12:00:00+00:00","description":"Conozca c\u00f3mo ocurren las lesiones de espalda y columna en el trabajo y c\u00f3mo un abogado puede ayudarle a obtener su compensaci\u00f3n.","breadcrumb":{"@id":"https:\/\/www.pondlehocky.com\/es\/lesiones\/lesiones-de-espalda-y-columna-vertebral\/#breadcrumb"},"inLanguage":"es","potentialAction":[{"@type":"ReadAction","target":["https:\/\/www.pondlehocky.com\/es\/lesiones\/lesiones-de-espalda-y-columna-vertebral\/"]}]},{"@type":"ImageObject","inLanguage":"es","@id":"https:\/\/www.pondlehocky.com\/es\/lesiones\/lesiones-de-espalda-y-columna-vertebral\/#primaryimage","url":"https:\/\/www.pondlehocky.com\/wp-content\/uploads\/2025\/11\/back-injury-scaled.jpg","contentUrl":"https:\/\/www.pondlehocky.com\/wp-content\/uploads\/2025\/11\/back-injury-scaled.jpg","width":2560,"height":1707,"caption":"Doctor examining a patient\u2019s back, placing hands on the upper and lower back areas while the patient sits on a chair during a medical consultation."},{"@type":"BreadcrumbList","@id":"https:\/\/www.pondlehocky.com\/es\/lesiones\/lesiones-de-espalda-y-columna-vertebral\/#breadcrumb","itemListElement":[{"@type":"ListItem","position":1,"name":"Home","item":"https:\/\/www.pondlehocky.com\/es\/homepage\/"},{"@type":"ListItem","position":2,"name":"Lesiones","item":"https:\/\/www.pondlehocky.com\/es\/lesiones\/"},{"@type":"ListItem","position":3,"name":"Lesiones de Espalda y Columna Vertebral"}]},{"@type":"WebSite","@id":"https:\/\/www.pondlehocky.com\/es\/#website","url":"https:\/\/www.pondlehocky.com\/es\/","name":"Pond Lehocky Giordano, Inc.","description":"Largest workers\u2019 compensation and Social Security disability law firm in Pennsylvania","publisher":{"@id":"https:\/\/www.pondlehocky.com\/es\/#organization"},"alternateName":"Pond Lehocky Giordano, Inc.","potentialAction":[{"@type":"SearchAction","target":{"@type":"EntryPoint","urlTemplate":"https:\/\/www.pondlehocky.com\/es\/?s={search_term_string}"},"query-input":{"@type":"PropertyValueSpecification","valueRequired":true,"valueName":"search_term_string"}}],"inLanguage":"es"},{"@type":"Organization","@id":"https:\/\/www.pondlehocky.com\/es\/#organization","name":"Pond Lehocky Giordano, Inc","alternateName":"Pond Lehocky Giordano, Inc.","url":"https:\/\/www.pondlehocky.com\/es\/","logo":{"@type":"ImageObject","inLanguage":"es","@id":"https:\/\/www.pondlehocky.com\/es\/#\/schema\/logo\/image\/","url":"https:\/\/www.pondlehocky.com\/wp-content\/uploads\/2024\/04\/pond-lehocky-logo.png","contentUrl":"https:\/\/www.pondlehocky.com\/wp-content\/uploads\/2024\/04\/pond-lehocky-logo.png","width":355,"height":28,"caption":"Pond Lehocky Giordano, Inc"},"image":{"@id":"https:\/\/www.pondlehocky.com\/es\/#\/schema\/logo\/image\/"},"sameAs":["https:\/\/www.instagram.com\/pondlehocky\/","https:\/\/www.youtube.com\/user\/pondlehocky","https:\/\/www.tiktok.com\/@pondlehockygiordano","https:\/\/www.facebook.com\/PondLehocky","https:\/\/www.linkedin.com\/company\/pond-lehocky-giordano\/"]}]}},"_links":{"self":[{"href":"https:\/\/www.pondlehocky.com\/es\/wp-json\/wp\/v2\/pages\/8375","targetHints":{"allow":["GET"]}}],"collection":[{"href":"https:\/\/www.pondlehocky.com\/es\/wp-json\/wp\/v2\/pages"}],"about":[{"href":"https:\/\/www.pondlehocky.com\/es\/wp-json\/wp\/v2\/types\/page"}],"author":[{"embeddable":true,"href":"https:\/\/www.pondlehocky.com\/es\/wp-json\/wp\/v2\/users\/44"}],"replies":[{"embeddable":true,"href":"https:\/\/www.pondlehocky.com\/es\/wp-json\/wp\/v2\/comments?post=8375"}],"version-history":[{"count":0,"href":"https:\/\/www.pondlehocky.com\/es\/wp-json\/wp\/v2\/pages\/8375\/revisions"}],"up":[{"embeddable":true,"href":"https:\/\/www.pondlehocky.com\/es\/wp-json\/wp\/v2\/pages\/8309"}],"wp:featuredmedia":[{"embeddable":true,"href":"https:\/\/www.pondlehocky.com\/es\/wp-json\/wp\/v2\/media\/8374"}],"wp:attachment":[{"href":"https:\/\/www.pondlehocky.com\/es\/wp-json\/wp\/v2\/media?parent=8375"}],"curies":[{"name":"wp","href":"https:\/\/api.w.org\/{rel}","templated":true}]}}