{"id":8383,"date":"2025-11-19T12:00:00","date_gmt":"2025-11-19T12:00:00","guid":{"rendered":"https:\/\/www.pondlehocky.com\/?page_id=8383"},"modified":"2025-11-10T17:44:17","modified_gmt":"2025-11-10T17:44:17","slug":"fracturas","status":"publish","type":"page","link":"https:\/\/www.pondlehocky.com\/es\/lesiones\/fracturas\/","title":{"rendered":"Fracturas"},"content":{"rendered":"    <section class=\"pl-block pl-block-key-takeaways\">\n                <div class=\"pl-module pl-module-key-takeaways bg-blue-dark mb-10\">\n            <div class=\"flex justify-between items-center gap-4 bg-yellow py-6 md:py-9 px-6 md:px-12\">\n                <div class=\"text-5xl md:text-6xl leading-9 font-serif text-blue-dark font-bold\">\n                    <h3><span class=\"ez-toc-section\" id=\"Puntos_Clave\"><\/span>Puntos Clave<span class=\"ez-toc-section-end\"><\/span><\/h3>\n                <\/div>\n\n                            <\/div>\n            <div class=\"py-6 md:py-9 px-6 md:px-12\">\n\n                <div class=\"pl-t pl-t--white\">\n                    <ul>\n<li>Las fracturas son de las lesiones laborales m\u00e1s comunes y pueden deberse a ca\u00eddas, maquinaria pesada o esfuerzo repetitivo, con recuperaciones prolongadas.<\/li>\n<li>La compensaci\u00f3n laboral debe cubrir atenci\u00f3n m\u00e9dica, rehabilitaci\u00f3n, salarios perdidos y beneficios por incapacidad, aunque las aseguradoras suelen negar reclamos.<\/li>\n<li>Los abogados de fracturas laborales de <strong>Pond Lehocky<\/strong> pueden reunir evidencia m\u00e9dica, apelar negaciones y luchar por los beneficios completos que usted merece.<\/li>\n<\/ul>\n                <\/div>\n\n                            <\/div>\n        <\/div>\n    <\/section>\n\n\n    <section class=\"pl-block pl-raw-content mb-7 pl-t [&#038;.border-t-2]:pt-8  \">\n        <p>Los huesos rotos pueden sonar como lesiones sencillas, pero en el lugar de trabajo, pueden ser todo menos simples. Las fracturas se encuentran entre las lesiones relacionadas con el trabajo m\u00e1s comunes, especialmente en industrias de alto riesgo como construcci\u00f3n, manufactura y atenci\u00f3n m\u00e9dica. Desde resbalones en el piso de un hospital hasta accidentes con equipo pesado en un sitio de construcci\u00f3n, un hueso roto puede apartar incluso al trabajador m\u00e1s dedicado durante semanas o, en algunos casos, permanentemente.<\/p>\n<p>En Pond Lehocky, sabemos que una <a href=\"https:\/\/medlineplus.gov\/fractures.html\" target=\"_blank\" rel=\"noopener\">fractura<\/a> interrumpe su sustento. La recuperaci\u00f3n toma tiempo y las facturas m\u00e9dicas pueden acumularse. A veces, regresar al trabajo no siempre est\u00e1 garantizado. Por eso es importante entender tanto los aspectos m\u00e9dicos como legales de estas lesiones y saber que hay ayuda disponible cuando las aseguradoras de compensaci\u00f3n laboral no tratan su caso de manera justa.<\/p>\n<h2><span class=\"ez-toc-section\" id=\"Tipos_Comunes_de_Fracturas_Laborales\"><\/span>Tipos Comunes de Fracturas Laborales<span class=\"ez-toc-section-end\"><\/span><\/h2>\n<p>No todas las fracturas son iguales. Dependiendo de c\u00f3mo se rompe el hueso y las circunstancias de la lesi\u00f3n, el tratamiento y el proceso de recuperaci\u00f3n pueden variar ampliamente. Aqu\u00ed est\u00e1n algunos de los tipos m\u00e1s comunes de fracturas laborales:<\/p>\n<ul>\n<li><strong>Fracturas por estr\u00e9s<\/strong>. Las fracturas por estr\u00e9s son grietas diminutas en el hueso, a menudo causadas por movimiento repetitivo o uso excesivo. Los trabajadores de la salud, empleados de almac\u00e9n y otros que pasan largas horas de pie est\u00e1n particularmente en riesgo.<\/li>\n<li><strong>Fracturas simples<\/strong>. Una fractura simple es una ruptura limpia donde el hueso permanece alineado y no perfora la piel. Estas pueden sanar con yeso y reposo, pero a\u00fan mantienen al trabajador fuera durante semanas.<\/li>\n<li><strong>Fracturas desplazadas<\/strong>. Con una fractura desplazada, el hueso se rompe en dos o m\u00e1s pedazos y se sale de alineaci\u00f3n. A menudo se requiere cirug\u00eda para realinear y estabilizar el hueso.<\/li>\n<li><strong>Fracturas compuestas (abiertas)<\/strong>. Si tiene una fractura compuesta, el hueso perfora la piel, creando un riesgo de infecci\u00f3n y requiriendo cirug\u00eda inmediata. Estas se encuentran entre las lesiones por fractura m\u00e1s graves vistas en sitios de trabajo.<\/li>\n<\/ul>\n<p>Las fracturas pueden ocurrir en cualquier parte del cuerpo, como los brazos, piernas, costillas, caderas o incluso el cr\u00e1neo. Las fracturas en cada ubicaci\u00f3n vienen con sus propios desaf\u00edos. Un brazo roto puede impedir levantar o manejar herramientas, mientras que una pierna fracturada puede hacer que estar de pie, subir o caminar sea imposible.<\/p>\n<h2><span class=\"ez-toc-section\" id=\"Recuperacion_y_Complicaciones_a_Largo_Plazo\"><\/span>Recuperaci\u00f3n y Complicaciones a Largo Plazo<span class=\"ez-toc-section-end\"><\/span><\/h2>\n<p>Algunas fracturas sanan relativamente r\u00e1pido con reposo y yeso. Otras pueden requerir tratamiento adicional, como terapia f\u00edsica. A veces, las fracturas dejan consecuencias duraderas. La gravedad de la ruptura y d\u00f3nde est\u00e1 ubicada puede afectar la salud general del trabajador y el tiempo de recuperaci\u00f3n.<\/p>\n<ul>\n<li><strong>Casos a corto plazo<\/strong>. Las fracturas menores pueden sanar en 6 a 8 semanas, pero incluso durante este tiempo, los trabajadores pueden no ser capaces de realizar sus tareas habituales.<\/li>\n<li><strong>Casos graves<\/strong>. Las fracturas desplazadas o compuestas pueden requerir m\u00faltiples cirug\u00edas, meses de rehabilitaci\u00f3n y tiempo extendido fuera del trabajo.<\/li>\n<li><strong>Complicaciones a largo plazo<\/strong>. Dolor cr\u00f3nico, rango de movimiento reducido y artritis postraum\u00e1tica son todos posibles. Algunos trabajadores puede que nunca recuperen la fuerza completa, dej\u00e1ndolos incapaces de regresar a su trabajo anterior.<\/li>\n<\/ul>\n<p>Es importante reconocer que las fracturas no siempre son lesiones \u00aba corto plazo\u00bb. Los empleadores y aseguradoras pueden intentar categorizarlas como tales, pero la realidad es que incluso despu\u00e9s de que el hueso sana, los efectos secundarios en la carrera y calidad de vida de un trabajador pueden durar a\u00f1os.<\/p>\n    <\/section>\n\n\n\n\n<figure class=\"wp-block-image size-large\"><img decoding=\"async\" width=\"1024\" height=\"683\" src=\"https:\/\/34zjl1fr.cdn.imgeng.in\/wp-content\/uploads\/2025\/11\/xray-fracture-1024x683.jpg\" alt=\"Doctor holding and examining X-ray images of a patient\u2019s knee and elbow bones in a brightly lit medical office.\" class=\"wp-image-8381\" srcset=\"https:\/\/34zjl1fr.cdn.imgeng.in\/wp-content\/uploads\/2025\/11\/xray-fracture-1024x683.jpg 1024w, https:\/\/34zjl1fr.cdn.imgeng.in\/wp-content\/uploads\/2025\/11\/xray-fracture-300x200.jpg 300w, https:\/\/34zjl1fr.cdn.imgeng.in\/wp-content\/uploads\/2025\/11\/xray-fracture-768x513.jpg 768w, https:\/\/34zjl1fr.cdn.imgeng.in\/wp-content\/uploads\/2025\/11\/xray-fracture-1536x1025.jpg 1536w, https:\/\/34zjl1fr.cdn.imgeng.in\/wp-content\/uploads\/2025\/11\/xray-fracture-2048x1367.jpg 2048w\" sizes=\"(max-width: 1024px) 100vw, 1024px\" \/><\/figure>\n\n\n    <section class=\"pl-block pl-raw-content mb-7 pl-t [&#038;.border-t-2]:pt-8  \">\n        <p>&nbsp;<\/p>\n<h2><span class=\"ez-toc-section\" id=\"Compensacion_Laboral_para_Huesos_Rotos\"><\/span>Compensaci\u00f3n Laboral para Huesos Rotos<span class=\"ez-toc-section-end\"><\/span><\/h2>\n<p>La compensaci\u00f3n laboral est\u00e1 dise\u00f1ada para proporcionar apoyo financiero y m\u00e9dico despu\u00e9s de una lesi\u00f3n laboral, incluyendo fracturas. Si ha sufrido un hueso roto en el trabajo, los beneficios deber\u00edan cubrir:<\/p>\n<ul>\n<li><strong>Tratamiento m\u00e9dico<\/strong>. Visitas a emergencias, radiograf\u00edas, resonancias magn\u00e9ticas, cirug\u00eda, yeso y atenci\u00f3n de seguimiento.<\/li>\n<li><strong>Rehabilitaci\u00f3n<\/strong>. Terapia f\u00edsica, terapia ocupacional o cirug\u00edas adicionales si surgen complicaciones.<\/li>\n<li><strong>Reemplazo de salario<\/strong>. Beneficios salariales parciales mientras est\u00e1 fuera del trabajo recuper\u00e1ndose.<\/li>\n<li><strong>Beneficios por incapacidad<\/strong>. Si la fractura deja limitaciones a largo plazo, puede calificar para beneficios por incapacidad parcial o total.<\/li>\n<\/ul>\n<p>Estos beneficios son importantes ya que las fracturas pueden volverse costosas r\u00e1pidamente. Entre las facturas del hospital y la p\u00e9rdida de ingresos, la tensi\u00f3n financiera puede ser abrumadora sin la cobertura adecuada de compensaci\u00f3n laboral.<\/p>\n<h2><span class=\"ez-toc-section\" id=\"Desafios_en_las_Reclamaciones_por_Lesiones_de_Fractura\"><\/span>Desaf\u00edos en las Reclamaciones por Lesiones de Fractura<span class=\"ez-toc-section-end\"><\/span><\/h2>\n<p>Desafortunadamente, muchos trabajadores con fracturas encuentran resistencia al solicitar beneficios. Las compa\u00f1\u00edas de seguros y empleadores a veces minimizan la gravedad de estas lesiones, trat\u00e1ndolas como contratiempos temporales en lugar de eventos potencialmente que cambian la vida. Los desaf\u00edos comunes incluyen:<\/p>\n<ul>\n<li><strong>Minimizaci\u00f3n de lesiones<\/strong>. Las aseguradoras pueden argumentar que debido a que los huesos t\u00edpicamente sanan, no necesita beneficios a largo plazo aunque haya quedado con dolor cr\u00f3nico o limitaciones de movilidad.<\/li>\n<li><strong>Argumentos de condici\u00f3n preexistente<\/strong>. Algunos empleadores intentan afirmar que la artritis o una lesi\u00f3n antigua es la causa \u00abreal\u00bb de su dolor, no el accidente laboral.<\/li>\n<li><strong>Retrasos y negaciones<\/strong>. Las aseguradoras pueden alargar el proceso de reclamaciones, retrasar aprobaciones de tratamiento o negar cobertura para ciertas terapias o procedimientos.<\/li>\n<\/ul>\n<p>Estas t\u00e1cticas pueden dejar a los trabajadores lesionados sin la atenci\u00f3n m\u00e9dica y el apoyo financiero que necesitan urgentemente. Ah\u00ed es donde tener un abogado experimentado en lesiones por fractura de su lado hace una diferencia real.<\/p>\n<h2><span class=\"ez-toc-section\" id=\"Como_un_Abogado_de_Fracturas_Laborales_Puede_Ayudar\"><\/span>C\u00f3mo un Abogado de Fracturas Laborales Puede Ayudar<span class=\"ez-toc-section-end\"><\/span><\/h2>\n<p>Cuando se est\u00e1 recuperando de un hueso roto, lo \u00faltimo de lo que deber\u00eda preocuparse es luchar con una compa\u00f1\u00eda de seguros. Un <a href=\"https:\/\/www.pondlehocky.com\/es\/\">abogado h\u00e1bil de compensaci\u00f3n laboral<\/a> puede:<\/p>\n<ul>\n<li><strong>Reunir evidencia m\u00e9dica<\/strong>. Asegur\u00e1ndose de que su diagn\u00f3stico, plan de tratamiento y perspectiva a largo plazo est\u00e9n completamente documentados.<\/li>\n<li><strong>Desafiar negaciones<\/strong>. Apelando decisiones de la compa\u00f1\u00eda de seguros que limitan o niegan su atenci\u00f3n.<\/li>\n<li><strong>Asegurar beneficios m\u00e1ximos<\/strong>. Asegurando que reciba todos los beneficios de compensaci\u00f3n laboral disponibles, incluyendo incapacidad parcial o total si su lesi\u00f3n causa limitaciones duraderas.<\/li>\n<li><strong>Proteger contra presi\u00f3n<\/strong>. Los empleadores y aseguradoras pueden presionarlo para aceptar un acuerdo r\u00e1pido que no cubre sus necesidades futuras. Un abogado asegura que no sea presionado a acordar menos de lo que merece.<\/li>\n<\/ul>\n<p>En Pond Lehocky, nuestro equipo tiene a\u00f1os de experiencia representando a trabajadores lesionados, incluyendo aquellos que sufren de fracturas. Sabemos lo devastadoras que pueden ser estas lesiones, y luchamos incansablemente para asegurar que nuestros clientes reciban el apoyo que necesitan para recuperarse y seguir adelante.<\/p>\n<h2><span class=\"ez-toc-section\" id=\"Obtenga_Ayuda_Despues_de_una_Fractura_Laboral\"><\/span>Obtenga Ayuda Despu\u00e9s de una Fractura Laboral<span class=\"ez-toc-section-end\"><\/span><\/h2>\n<p>Un hueso roto puede parecer un contratiempo temporal, pero para muchos trabajadores, las fracturas llevan a luchas a largo plazo. Ya sea semanas de trabajo perdido, programar terapia continua o incapacidad permanente, el impacto en su vida y sustento puede ser significativo. Merece un trato justo y beneficios completos, pero la compa\u00f1\u00eda de seguros puede resistirse.<\/p>\n<p>Si ha sufrido una fractura laboral, comun\u00edquese con <a href=\"https:\/\/www.pondlehocky.com\/es\/contacte-con\/\">Pond Lehocky<\/a> hoy. Nuestros experimentados abogados de lesiones por fractura entienden los desaf\u00edos que enfrenta y luchar\u00e1n para asegurar la compensaci\u00f3n y atenci\u00f3n que merece. Ll\u00e1menos ahora para hablar con un abogado de confianza de compensaci\u00f3n laboral para huesos rotos y proteger sus derechos.<\/p>\n    <\/section>\n\n","protected":false},"excerpt":{"rendered":"","protected":false},"author":44,"featured_media":8380,"parent":8309,"menu_order":0,"comment_status":"closed","ping_status":"closed","template":"page-sidebar.php","meta":{"_acf_changed":true,"footnotes":"","_elementor_data":""},"class_list":["post-8383","page","type-page","status-publish","has-post-thumbnail","hentry"],"acf":[],"page_builder_type":"gutenberg","gutenberg_data":[],"yoast_head":"<!-- This site is optimized with the Yoast SEO Premium plugin v27.4 (Yoast SEO v27.4) - https:\/\/yoast.com\/product\/yoast-seo-premium-wordpress\/ -->\n<title>Compensaci\u00f3n Laboral por Fracturas y Huesos Rotos<\/title>\n<meta name=\"description\" content=\"Conozca los tipos comunes de fracturas laborales y c\u00f3mo un abogado puede ayudarle a obtener la compensaci\u00f3n completa que merece.\" \/>\n<meta name=\"robots\" content=\"index, follow, max-snippet:-1, max-image-preview:large, max-video-preview:-1\" \/>\n<link rel=\"canonical\" href=\"https:\/\/www.pondlehocky.com\/es\/lesiones\/fracturas\/\" \/>\n<meta property=\"og:locale\" content=\"es_ES\" \/>\n<meta property=\"og:type\" content=\"article\" \/>\n<meta property=\"og:title\" content=\"Fracturas\" \/>\n<meta property=\"og:description\" content=\"Conozca los tipos comunes de fracturas laborales y c\u00f3mo un abogado puede ayudarle a obtener la compensaci\u00f3n completa que merece.\" \/>\n<meta property=\"og:url\" content=\"https:\/\/www.pondlehocky.com\/es\/lesiones\/fracturas\/\" \/>\n<meta property=\"og:site_name\" content=\"Pond Lehocky Giordano, Inc.\" \/>\n<meta property=\"article:publisher\" content=\"https:\/\/www.instagram.com\/pondlehocky\/\" \/>\n<meta property=\"og:image\" content=\"https:\/\/www.pondlehocky.com\/wp-content\/uploads\/2025\/11\/fractures-scaled-e1762795604354.jpg\" \/>\n\t<meta property=\"og:image:width\" content=\"2560\" \/>\n\t<meta property=\"og:image:height\" content=\"1708\" \/>\n\t<meta property=\"og:image:type\" content=\"image\/jpeg\" \/>\n<meta name=\"twitter:card\" content=\"summary_large_image\" \/>\n<meta name=\"twitter:label1\" content=\"Tiempo de lectura\" \/>\n\t<meta name=\"twitter:data1\" content=\"1 minuto\" \/>\n<script type=\"application\/ld+json\" class=\"yoast-schema-graph\">{\"@context\":\"https:\\\/\\\/schema.org\",\"@graph\":[{\"@type\":\"WebPage\",\"@id\":\"https:\\\/\\\/www.pondlehocky.com\\\/es\\\/lesiones\\\/fracturas\\\/\",\"url\":\"https:\\\/\\\/www.pondlehocky.com\\\/es\\\/lesiones\\\/fracturas\\\/\",\"name\":\"Compensaci\u00f3n Laboral por Fracturas y Huesos Rotos\",\"isPartOf\":{\"@id\":\"https:\\\/\\\/www.pondlehocky.com\\\/es\\\/#website\"},\"primaryImageOfPage\":{\"@id\":\"https:\\\/\\\/www.pondlehocky.com\\\/es\\\/lesiones\\\/fracturas\\\/#primaryimage\"},\"image\":{\"@id\":\"https:\\\/\\\/www.pondlehocky.com\\\/es\\\/lesiones\\\/fracturas\\\/#primaryimage\"},\"thumbnailUrl\":\"https:\\\/\\\/www.pondlehocky.com\\\/wp-content\\\/uploads\\\/2025\\\/11\\\/fractures-scaled-e1762795604354.jpg\",\"datePublished\":\"2025-11-19T12:00:00+00:00\",\"description\":\"Conozca los tipos comunes de fracturas laborales y c\u00f3mo un abogado puede ayudarle a obtener la compensaci\u00f3n completa que merece.\",\"breadcrumb\":{\"@id\":\"https:\\\/\\\/www.pondlehocky.com\\\/es\\\/lesiones\\\/fracturas\\\/#breadcrumb\"},\"inLanguage\":\"es\",\"potentialAction\":[{\"@type\":\"ReadAction\",\"target\":[\"https:\\\/\\\/www.pondlehocky.com\\\/es\\\/lesiones\\\/fracturas\\\/\"]}]},{\"@type\":\"ImageObject\",\"inLanguage\":\"es\",\"@id\":\"https:\\\/\\\/www.pondlehocky.com\\\/es\\\/lesiones\\\/fracturas\\\/#primaryimage\",\"url\":\"https:\\\/\\\/www.pondlehocky.com\\\/wp-content\\\/uploads\\\/2025\\\/11\\\/fractures-scaled-e1762795604354.jpg\",\"contentUrl\":\"https:\\\/\\\/www.pondlehocky.com\\\/wp-content\\\/uploads\\\/2025\\\/11\\\/fractures-scaled-e1762795604354.jpg\",\"width\":2560,\"height\":1708,\"caption\":\"Healthcare professional applying a cast to a young patient\u2019s leg while the child sits on a hospital bed with an already bandaged arm.\"},{\"@type\":\"BreadcrumbList\",\"@id\":\"https:\\\/\\\/www.pondlehocky.com\\\/es\\\/lesiones\\\/fracturas\\\/#breadcrumb\",\"itemListElement\":[{\"@type\":\"ListItem\",\"position\":1,\"name\":\"Home\",\"item\":\"https:\\\/\\\/www.pondlehocky.com\\\/es\\\/homepage\\\/\"},{\"@type\":\"ListItem\",\"position\":2,\"name\":\"Lesiones\",\"item\":\"https:\\\/\\\/www.pondlehocky.com\\\/es\\\/lesiones\\\/\"},{\"@type\":\"ListItem\",\"position\":3,\"name\":\"Fracturas\"}]},{\"@type\":\"WebSite\",\"@id\":\"https:\\\/\\\/www.pondlehocky.com\\\/es\\\/#website\",\"url\":\"https:\\\/\\\/www.pondlehocky.com\\\/es\\\/\",\"name\":\"Pond Lehocky Giordano, Inc.\",\"description\":\"Largest workers\u2019 compensation and Social Security disability law firm in Pennsylvania\",\"publisher\":{\"@id\":\"https:\\\/\\\/www.pondlehocky.com\\\/es\\\/#organization\"},\"alternateName\":\"Pond Lehocky Giordano, Inc.\",\"potentialAction\":[{\"@type\":\"SearchAction\",\"target\":{\"@type\":\"EntryPoint\",\"urlTemplate\":\"https:\\\/\\\/www.pondlehocky.com\\\/es\\\/?s={search_term_string}\"},\"query-input\":{\"@type\":\"PropertyValueSpecification\",\"valueRequired\":true,\"valueName\":\"search_term_string\"}}],\"inLanguage\":\"es\"},{\"@type\":\"Organization\",\"@id\":\"https:\\\/\\\/www.pondlehocky.com\\\/es\\\/#organization\",\"name\":\"Pond Lehocky Giordano, Inc\",\"alternateName\":\"Pond Lehocky Giordano, Inc.\",\"url\":\"https:\\\/\\\/www.pondlehocky.com\\\/es\\\/\",\"logo\":{\"@type\":\"ImageObject\",\"inLanguage\":\"es\",\"@id\":\"https:\\\/\\\/www.pondlehocky.com\\\/es\\\/#\\\/schema\\\/logo\\\/image\\\/\",\"url\":\"https:\\\/\\\/www.pondlehocky.com\\\/wp-content\\\/uploads\\\/2024\\\/04\\\/pond-lehocky-logo.png\",\"contentUrl\":\"https:\\\/\\\/www.pondlehocky.com\\\/wp-content\\\/uploads\\\/2024\\\/04\\\/pond-lehocky-logo.png\",\"width\":355,\"height\":28,\"caption\":\"Pond Lehocky Giordano, Inc\"},\"image\":{\"@id\":\"https:\\\/\\\/www.pondlehocky.com\\\/es\\\/#\\\/schema\\\/logo\\\/image\\\/\"},\"sameAs\":[\"https:\\\/\\\/www.instagram.com\\\/pondlehocky\\\/\",\"https:\\\/\\\/www.youtube.com\\\/user\\\/pondlehocky\",\"https:\\\/\\\/www.tiktok.com\\\/@pondlehockygiordano\",\"https:\\\/\\\/www.facebook.com\\\/PondLehocky\",\"https:\\\/\\\/www.linkedin.com\\\/company\\\/pond-lehocky-giordano\\\/\"]}]}<\/script>\n<!-- \/ Yoast SEO Premium plugin. -->","yoast_head_json":{"title":"Compensaci\u00f3n Laboral por Fracturas y Huesos Rotos","description":"Conozca los tipos comunes de fracturas laborales y c\u00f3mo un abogado puede ayudarle a obtener la compensaci\u00f3n completa que merece.","robots":{"index":"index","follow":"follow","max-snippet":"max-snippet:-1","max-image-preview":"max-image-preview:large","max-video-preview":"max-video-preview:-1"},"canonical":"https:\/\/www.pondlehocky.com\/es\/lesiones\/fracturas\/","og_locale":"es_ES","og_type":"article","og_title":"Fracturas","og_description":"Conozca los tipos comunes de fracturas laborales y c\u00f3mo un abogado puede ayudarle a obtener la compensaci\u00f3n completa que merece.","og_url":"https:\/\/www.pondlehocky.com\/es\/lesiones\/fracturas\/","og_site_name":"Pond Lehocky Giordano, Inc.","article_publisher":"https:\/\/www.instagram.com\/pondlehocky\/","og_image":[{"width":2560,"height":1708,"url":"https:\/\/www.pondlehocky.com\/wp-content\/uploads\/2025\/11\/fractures-scaled-e1762795604354.jpg","type":"image\/jpeg"}],"twitter_card":"summary_large_image","twitter_misc":{"Tiempo de lectura":"1 minuto"},"schema":{"@context":"https:\/\/schema.org","@graph":[{"@type":"WebPage","@id":"https:\/\/www.pondlehocky.com\/es\/lesiones\/fracturas\/","url":"https:\/\/www.pondlehocky.com\/es\/lesiones\/fracturas\/","name":"Compensaci\u00f3n Laboral por Fracturas y Huesos Rotos","isPartOf":{"@id":"https:\/\/www.pondlehocky.com\/es\/#website"},"primaryImageOfPage":{"@id":"https:\/\/www.pondlehocky.com\/es\/lesiones\/fracturas\/#primaryimage"},"image":{"@id":"https:\/\/www.pondlehocky.com\/es\/lesiones\/fracturas\/#primaryimage"},"thumbnailUrl":"https:\/\/www.pondlehocky.com\/wp-content\/uploads\/2025\/11\/fractures-scaled-e1762795604354.jpg","datePublished":"2025-11-19T12:00:00+00:00","description":"Conozca los tipos comunes de fracturas laborales y c\u00f3mo un abogado puede ayudarle a obtener la compensaci\u00f3n completa que merece.","breadcrumb":{"@id":"https:\/\/www.pondlehocky.com\/es\/lesiones\/fracturas\/#breadcrumb"},"inLanguage":"es","potentialAction":[{"@type":"ReadAction","target":["https:\/\/www.pondlehocky.com\/es\/lesiones\/fracturas\/"]}]},{"@type":"ImageObject","inLanguage":"es","@id":"https:\/\/www.pondlehocky.com\/es\/lesiones\/fracturas\/#primaryimage","url":"https:\/\/www.pondlehocky.com\/wp-content\/uploads\/2025\/11\/fractures-scaled-e1762795604354.jpg","contentUrl":"https:\/\/www.pondlehocky.com\/wp-content\/uploads\/2025\/11\/fractures-scaled-e1762795604354.jpg","width":2560,"height":1708,"caption":"Healthcare professional applying a cast to a young patient\u2019s leg while the child sits on a hospital bed with an already bandaged arm."},{"@type":"BreadcrumbList","@id":"https:\/\/www.pondlehocky.com\/es\/lesiones\/fracturas\/#breadcrumb","itemListElement":[{"@type":"ListItem","position":1,"name":"Home","item":"https:\/\/www.pondlehocky.com\/es\/homepage\/"},{"@type":"ListItem","position":2,"name":"Lesiones","item":"https:\/\/www.pondlehocky.com\/es\/lesiones\/"},{"@type":"ListItem","position":3,"name":"Fracturas"}]},{"@type":"WebSite","@id":"https:\/\/www.pondlehocky.com\/es\/#website","url":"https:\/\/www.pondlehocky.com\/es\/","name":"Pond Lehocky Giordano, Inc.","description":"Largest workers\u2019 compensation and Social Security disability law firm in Pennsylvania","publisher":{"@id":"https:\/\/www.pondlehocky.com\/es\/#organization"},"alternateName":"Pond Lehocky Giordano, Inc.","potentialAction":[{"@type":"SearchAction","target":{"@type":"EntryPoint","urlTemplate":"https:\/\/www.pondlehocky.com\/es\/?s={search_term_string}"},"query-input":{"@type":"PropertyValueSpecification","valueRequired":true,"valueName":"search_term_string"}}],"inLanguage":"es"},{"@type":"Organization","@id":"https:\/\/www.pondlehocky.com\/es\/#organization","name":"Pond Lehocky Giordano, Inc","alternateName":"Pond Lehocky Giordano, Inc.","url":"https:\/\/www.pondlehocky.com\/es\/","logo":{"@type":"ImageObject","inLanguage":"es","@id":"https:\/\/www.pondlehocky.com\/es\/#\/schema\/logo\/image\/","url":"https:\/\/www.pondlehocky.com\/wp-content\/uploads\/2024\/04\/pond-lehocky-logo.png","contentUrl":"https:\/\/www.pondlehocky.com\/wp-content\/uploads\/2024\/04\/pond-lehocky-logo.png","width":355,"height":28,"caption":"Pond Lehocky Giordano, Inc"},"image":{"@id":"https:\/\/www.pondlehocky.com\/es\/#\/schema\/logo\/image\/"},"sameAs":["https:\/\/www.instagram.com\/pondlehocky\/","https:\/\/www.youtube.com\/user\/pondlehocky","https:\/\/www.tiktok.com\/@pondlehockygiordano","https:\/\/www.facebook.com\/PondLehocky","https:\/\/www.linkedin.com\/company\/pond-lehocky-giordano\/"]}]}},"_links":{"self":[{"href":"https:\/\/www.pondlehocky.com\/es\/wp-json\/wp\/v2\/pages\/8383","targetHints":{"allow":["GET"]}}],"collection":[{"href":"https:\/\/www.pondlehocky.com\/es\/wp-json\/wp\/v2\/pages"}],"about":[{"href":"https:\/\/www.pondlehocky.com\/es\/wp-json\/wp\/v2\/types\/page"}],"author":[{"embeddable":true,"href":"https:\/\/www.pondlehocky.com\/es\/wp-json\/wp\/v2\/users\/44"}],"replies":[{"embeddable":true,"href":"https:\/\/www.pondlehocky.com\/es\/wp-json\/wp\/v2\/comments?post=8383"}],"version-history":[{"count":0,"href":"https:\/\/www.pondlehocky.com\/es\/wp-json\/wp\/v2\/pages\/8383\/revisions"}],"up":[{"embeddable":true,"href":"https:\/\/www.pondlehocky.com\/es\/wp-json\/wp\/v2\/pages\/8309"}],"wp:featuredmedia":[{"embeddable":true,"href":"https:\/\/www.pondlehocky.com\/es\/wp-json\/wp\/v2\/media\/8380"}],"wp:attachment":[{"href":"https:\/\/www.pondlehocky.com\/es\/wp-json\/wp\/v2\/media?parent=8383"}],"curies":[{"name":"wp","href":"https:\/\/api.w.org\/{rel}","templated":true}]}}