{"id":8394,"date":"2025-11-21T12:00:00","date_gmt":"2025-11-21T12:00:00","guid":{"rendered":"https:\/\/www.pondlehocky.com\/?page_id=8394"},"modified":"2025-11-10T18:49:59","modified_gmt":"2025-11-10T18:49:59","slug":"lesiones-de-mano-y-muneca","status":"publish","type":"page","link":"https:\/\/www.pondlehocky.com\/es\/lesiones\/lesiones-de-mano-y-muneca\/","title":{"rendered":"Lesiones de Mano y Mu\u00f1eca"},"content":{"rendered":"    <section class=\"pl-block pl-block-key-takeaways\">\n                <div class=\"pl-module pl-module-key-takeaways bg-blue-dark mb-10\">\n            <div class=\"flex justify-between items-center gap-4 bg-yellow py-6 md:py-9 px-6 md:px-12\">\n                <div class=\"text-5xl md:text-6xl leading-9 font-serif text-blue-dark font-bold\">\n                    <h3><span class=\"ez-toc-section\" id=\"Puntos_Clave\"><\/span>Puntos Clave<span class=\"ez-toc-section-end\"><\/span><\/h3>\n                <\/div>\n\n                            <\/div>\n            <div class=\"py-6 md:py-9 px-6 md:px-12\">\n\n                <div class=\"pl-t pl-t--white\">\n                    <ul>\n<li>Las lesiones de mano y mu\u00f1eca son comunes en casi todas las industrias y pueden afectar gravemente la fuerza, la destreza y las funciones diarias.<\/li>\n<li>La compensaci\u00f3n laboral puede cubrir atenci\u00f3n m\u00e9dica, rehabilitaci\u00f3n, reemplazo de salario y beneficios por incapacidad, aunque las aseguradoras suelen minimizarlas.<\/li>\n<li>Los abogados de lesiones de mano y mu\u00f1eca de <strong>Pond Lehocky<\/strong> pueden reunir evidencia m\u00e9dica, apelar negaciones y luchar por una compensaci\u00f3n justa y completa.<\/li>\n<\/ul>\n                <\/div>\n\n                            <\/div>\n        <\/div>\n    <\/section>\n\n\n    <section class=\"pl-block pl-raw-content mb-7 pl-t [&#038;.border-t-2]:pt-8  \">\n        <p>Usamos nuestras manos y mu\u00f1ecas para casi todo. Desde levantar, escribir, cargar y agarrar hasta incluso comunicarnos, nuestras manos y mu\u00f1ecas son herramientas que usamos diariamente.<\/p>\n<p>Por eso, cuando ocurre una lesi\u00f3n, puede sentirse imposible hacer su trabajo o incluso completar tareas diarias b\u00e1sicas. Ya sea que sea un trabajador de construcci\u00f3n manejando herramientas pesadas, una enfermera levantando pacientes o un empleado de oficina escribiendo todo el d\u00eda, las lesiones de mano y mu\u00f1eca pueden apartarlo del trabajo y poner su rutina de cabeza.<\/p>\n<p>En Pond Lehocky, sabemos cu\u00e1n frustrantes y dolorosas pueden ser estas lesiones. Lo que podr\u00eda parecer un problema \u00abmenor\u00bb para una compa\u00f1\u00eda de seguros puede en realidad amenazar su sustento e independencia. Por eso es tan importante entender la gravedad de las lesiones de mano y mu\u00f1eca, sus derechos bajo la compensaci\u00f3n laboral y c\u00f3mo un abogado de lesiones de mano y mu\u00f1eca laborales puede ayudar cuando sus beneficios son negados o subvalorados.<\/p>\n<h2><span class=\"ez-toc-section\" id=\"Tipos_Comunes_de_Lesiones_de_Mano_y_Muneca\"><\/span>Tipos Comunes de Lesiones de Mano y Mu\u00f1eca<span class=\"ez-toc-section-end\"><\/span><\/h2>\n<p>Debido a que las manos y mu\u00f1ecas est\u00e1n involucradas en casi cada movimiento, son especialmente vulnerables a lesiones laborales. Algunas de las m\u00e1s comunes incluyen:<\/p>\n<ul>\n<li><strong>S\u00edndrome del t\u00fanel carpiano<\/strong>. El s\u00edndrome del t\u00fanel carpiano es causado por movimientos repetitivos como escribir, escanear art\u00edculos o usar herramientas. Esta condici\u00f3n comprime un nervio en la mu\u00f1eca, llevando a dolor y debilidad en las manos y mu\u00f1ecas.<\/li>\n<li><strong>Fracturas<\/strong>. Ca\u00eddas, accidentes con maquinaria o ser golpeado por objetos pueden romper huesos en la mano o mu\u00f1eca. La curaci\u00f3n puede tomar semanas o meses y puede requerir cirug\u00eda.<\/li>\n<li><strong>Tendinitis<\/strong>. El uso excesivo o la tensi\u00f3n repetitiva puede inflamar los tendones, causando dolor cr\u00f3nico y rigidez.<\/li>\n<li><strong>Laceraciones<\/strong>. Cortes de herramientas afiladas, vidrio o maquinaria pueden da\u00f1ar la piel, tendones y nervios, a veces requiriendo cirug\u00eda y una recuperaci\u00f3n prolongada.<\/li>\n<li><strong>Lesiones por aplastamiento<\/strong>. Las manos y dedos est\u00e1n en alto riesgo cuando se trabaja alrededor de equipo pesado, puertas o veh\u00edculos. Estas lesiones pueden llevar a da\u00f1o permanente, amputaciones o p\u00e9rdida grave de funci\u00f3n.<\/li>\n<li><a href=\"https:\/\/my.clevelandclinic.org\/health\/diseases\/17424-repetitive-strain-injury\" target=\"_blank\" rel=\"noopener\"><strong>Lesiones por estr\u00e9s repetitivo (LER)<\/strong><\/a>. Incluso el trabajo de oficina puede causar condiciones debilitantes cuando peque\u00f1os movimientos se repiten miles de veces cada d\u00eda.<\/li>\n<\/ul>\n<p>Cada una de estas lesiones puede impactar la fuerza de agarre, destreza y habilidades motoras finas. La mayor\u00eda de los trabajos requieren estas habilidades en alguna capacidad.<\/p>\n<h2><span class=\"ez-toc-section\" id=\"Como_las_Lesiones_de_Mano_y_Muneca_Afectan_el_Trabajo_y_la_Vida_Diaria\"><\/span>C\u00f3mo las Lesiones de Mano y Mu\u00f1eca Afectan el Trabajo y la Vida Diaria<span class=\"ez-toc-section-end\"><\/span><\/h2>\n<p>Cuando sus manos o mu\u00f1ecas est\u00e1n lesionadas, las consecuencias van mucho m\u00e1s all\u00e1 del lugar de trabajo. En el trabajo, puede tener dificultades para:<\/p>\n<ul>\n<li>Levantar, cargar o sostener objetos de manera segura.<\/li>\n<li>Escribir o usar una computadora.<\/li>\n<li>Operar herramientas, maquinaria o equipo de manera segura.<\/li>\n<li>Realizar tareas motoras finas como abotonarse la ropa o manejar papeles.<\/li>\n<\/ul>\n<p>En su vida personal, puede tener problemas para cocinar, limpiar, conducir o incluso sostener la mano de su hijo. Estos desaf\u00edos pueden ser desalentadores y pueden crear un efecto domin\u00f3 de frustraci\u00f3n, estr\u00e9s y preocupaci\u00f3n financiera.<\/p>\n    <\/section>\n\n\n\n\n<figure class=\"wp-block-image size-large\"><img decoding=\"async\" width=\"1024\" height=\"683\" src=\"https:\/\/34zjl1fr.cdn.imgeng.in\/wp-content\/uploads\/2025\/11\/hand-injury-1024x683.jpg\" alt=\"Doctor examining a patient\u2019s injured arm, gently rotating and assessing movement while the patient reacts with discomfort.\" class=\"wp-image-8390\" srcset=\"https:\/\/34zjl1fr.cdn.imgeng.in\/wp-content\/uploads\/2025\/11\/hand-injury-1024x683.jpg 1024w, https:\/\/34zjl1fr.cdn.imgeng.in\/wp-content\/uploads\/2025\/11\/hand-injury-300x200.jpg 300w, https:\/\/34zjl1fr.cdn.imgeng.in\/wp-content\/uploads\/2025\/11\/hand-injury-768x512.jpg 768w, https:\/\/34zjl1fr.cdn.imgeng.in\/wp-content\/uploads\/2025\/11\/hand-injury-1536x1024.jpg 1536w\" sizes=\"(max-width: 1024px) 100vw, 1024px\" \/><\/figure>\n\n\n    <section class=\"pl-block pl-raw-content mb-7 pl-t [&#038;.border-t-2]:pt-8  \">\n        <p>&nbsp;<\/p>\n<h2><span class=\"ez-toc-section\" id=\"Compensacion_Laboral_para_Lesiones_de_Mano_y_Muneca\"><\/span>Compensaci\u00f3n Laboral para Lesiones de Mano y Mu\u00f1eca<span class=\"ez-toc-section-end\"><\/span><\/h2>\n<p>La compensaci\u00f3n laboral existe para ayudar a los empleados a recuperarse de lesiones relacionadas con el trabajo sin soportar la carga financiera. Para lesiones de mano y mu\u00f1eca, la compensaci\u00f3n laboral puede cubrir:<\/p>\n<ul>\n<li><strong>Atenci\u00f3n m\u00e9dica<\/strong>. Visitas al m\u00e9dico, pruebas de imagen, cirug\u00eda, medicamentos y atenci\u00f3n de seguimiento. Los costos de sus medicamentos tambi\u00e9n pueden estar cubiertos.<\/li>\n<li><strong>Rehabilitaci\u00f3n<\/strong>. Terapia f\u00edsica, terapia ocupacional o reentrenamiento vocacional si no puede regresar a su trabajo anterior.<\/li>\n<li><strong>Reemplazo de salario<\/strong>. Ingresos parciales mientras no puede trabajar.<\/li>\n<li><strong>Beneficios por incapacidad<\/strong>. Compensaci\u00f3n por incapacidad parcial o total si la lesi\u00f3n limita permanentemente su capacidad para usar sus manos o mu\u00f1ecas.<\/li>\n<\/ul>\n<p>Estos beneficios son importantes ya que la recuperaci\u00f3n de una lesi\u00f3n de mano o mu\u00f1eca puede ser prolongada y costosa. Incluso despu\u00e9s de la curaci\u00f3n inicial, algunos trabajadores enfrentan dolor continuo, rigidez o debilidad que hace dif\u00edciles o imposibles sus tareas laborales anteriores.<\/p>\n<h2><span class=\"ez-toc-section\" id=\"Desafios_en_las_Reclamaciones_de_Compensacion_Laboral_para_Lesiones_de_Mano_y_Muneca\"><\/span>Desaf\u00edos en las Reclamaciones de Compensaci\u00f3n Laboral para Lesiones de Mano y Mu\u00f1eca<span class=\"ez-toc-section-end\"><\/span><\/h2>\n<p>A pesar de la gravedad de estas lesiones, las compa\u00f1\u00edas de seguros a menudo las subvaloran. Algunos de los desaf\u00edos m\u00e1s comunes incluyen:<\/p>\n<ul>\n<li><strong>Suposiciones de \u00ablesi\u00f3n menor\u00bb<\/strong>. Las aseguradoras pueden descartar las lesiones de mano y mu\u00f1eca como temporales o insignificantes, ignorando el impacto a largo plazo en la destreza y fuerza.<\/li>\n<li><strong>Culpar a factores no laborales<\/strong>. Los ajustadores de reclamaciones pueden argumentar que su condici\u00f3n se debe a pasatiempos, envejecimiento o una condici\u00f3n preexistente en lugar de su trabajo. Incluso pueden usar fotos o declaraciones de cuentas de redes sociales para apoyar esta decisi\u00f3n.<\/li>\n<li><strong>Retrasos en la atenci\u00f3n<\/strong>. Las aseguradoras pueden demorar la aprobaci\u00f3n de cirug\u00eda, terapia o visitas al especialista, haciendo m\u00e1s dif\u00edcil la recuperaci\u00f3n.<\/li>\n<li><strong>Disputar la incapacidad<\/strong>. Incluso cuando no puede realizar su trabajo habitual, las aseguradoras pueden argumentar que a\u00fan puede hacer \u00abtrabajo liviano\u00bb y negar los beneficios completos.<\/li>\n<\/ul>\n<p>Estos obst\u00e1culos pueden dejar a los trabajadores sin tratamiento adecuado o apoyo de ingresos. Por eso tener un abogado experimentado en lesiones de mano o un abogado de compensaci\u00f3n laboral para lesiones de mu\u00f1eca hace tal diferencia.<\/p>\n<h2><span class=\"ez-toc-section\" id=\"Como_un_Abogado_de_Lesiones_de_Mano_y_Muneca_Laborales_Puede_Ayudar\"><\/span>C\u00f3mo un Abogado de Lesiones de Mano y Mu\u00f1eca Laborales Puede Ayudar<span class=\"ez-toc-section-end\"><\/span><\/h2>\n<p>Cuando su reclamaci\u00f3n es negada, demorada o subvalorada, un abogado puede intervenir para proteger sus derechos. En <a href=\"https:\/\/www.pondlehocky.com\/es\/\">Pond Lehocky<\/a>, ayudamos a trabajadores lesionados:<\/p>\n<ul>\n<li><strong>Construyendo evidencia m\u00e9dica s\u00f3lida<\/strong>. Recopilando registros m\u00e9dicos, resultados de pruebas y opiniones de expertos para mostrar el impacto completo de su lesi\u00f3n.<\/li>\n<li><strong>Desafiando negaciones<\/strong>. Apelando decisiones de seguros que minimizan su condici\u00f3n o restringen su atenci\u00f3n. Si su reclamaci\u00f3n ha sido negada, un abogado experimentado puede ayudar.<\/li>\n<li><strong>Asegurando beneficios m\u00e1ximos<\/strong>. Asegurando que reciba el reemplazo de salario adecuado, tratamiento m\u00e9dico y beneficios por incapacidad si es necesario.<\/li>\n<li><strong>Protegiendo su futuro<\/strong>. Aconsejando contra acuerdos r\u00e1pidos que no cubren necesidades a largo plazo, como tratamiento para dolor cr\u00f3nico o compensaci\u00f3n por incapacidad permanente.<\/li>\n<\/ul>\n<p>Nuestro equipo tiene amplia experiencia representando a trabajadores lesionados, y entendemos cu\u00e1n devastadoras pueden ser las lesiones de mano y mu\u00f1eca. Luchamos para asegurar que sea tratado justamente y apoyado a lo largo de su recuperaci\u00f3n.<\/p>\n<h2><span class=\"ez-toc-section\" id=\"Obtenga_Ayuda_Despues_de_una_Lesion_de_Mano_o_Muneca_Laboral\"><\/span>Obtenga Ayuda Despu\u00e9s de una Lesi\u00f3n de Mano o Mu\u00f1eca Laboral<span class=\"ez-toc-section-end\"><\/span><\/h2>\n<p>Cuando sus manos o mu\u00f1ecas est\u00e1n lesionadas, cada parte de su vida se ve afectada. El trabajo se vuelve dif\u00edcil, las tareas diarias se vuelven frustrantes y la tensi\u00f3n financiera puede sentirse abrumadora. Merece m\u00e1s que descartaciones r\u00e1pidas de compa\u00f1\u00edas de seguros. Merece apoyo real y compensaci\u00f3n completa.<\/p>\n<p>En Pond Lehocky, estamos aqu\u00ed para apoyarlo. Nuestros experimentados abogados de lesiones de mano y mu\u00f1eca laborales saben c\u00f3mo manejar estos tipos de reclamaciones y luchar\u00e1n por los beneficios que necesita para sanar y seguir adelante.<\/p>\n<p><a href=\"https:\/\/www.pondlehocky.com\/es\/contacte-con\/\">Comun\u00edquese con Pond Lehocky<\/a> hoy para hablar con un abogado de confianza en lesiones de mano o un abogado de compensaci\u00f3n laboral para lesiones de mu\u00f1eca. No enfrente el sistema solo. Perm\u00edtanos proteger sus derechos y asegurar los beneficios que merece.<\/p>\n    <\/section>\n\n","protected":false},"excerpt":{"rendered":"","protected":false},"author":44,"featured_media":8393,"parent":8309,"menu_order":0,"comment_status":"closed","ping_status":"closed","template":"page-sidebar.php","meta":{"_acf_changed":true,"footnotes":"","_elementor_data":""},"class_list":["post-8394","page","type-page","status-publish","has-post-thumbnail","hentry"],"acf":[],"page_builder_type":"gutenberg","gutenberg_data":[],"yoast_head":"<!-- This site is optimized with the Yoast SEO Premium plugin v27.3 (Yoast SEO v27.3) - https:\/\/yoast.com\/product\/yoast-seo-premium-wordpress\/ -->\n<title>Compensaci\u00f3n Laboral por Lesiones de Mano y Mu\u00f1eca<\/title>\n<meta name=\"description\" content=\"Conozca las lesiones laborales de mano y mu\u00f1eca, sus derechos de compensaci\u00f3n y c\u00f3mo un abogado puede ayudarle a obtener beneficios completos\" \/>\n<meta name=\"robots\" content=\"index, follow, max-snippet:-1, max-image-preview:large, max-video-preview:-1\" \/>\n<link rel=\"canonical\" href=\"https:\/\/www.pondlehocky.com\/es\/lesiones\/lesiones-de-mano-y-muneca\/\" \/>\n<meta property=\"og:locale\" content=\"es_ES\" \/>\n<meta property=\"og:type\" content=\"article\" \/>\n<meta property=\"og:title\" content=\"Lesiones de Mano y Mu\u00f1eca\" \/>\n<meta property=\"og:description\" content=\"Conozca las lesiones laborales de mano y mu\u00f1eca, sus derechos de compensaci\u00f3n y c\u00f3mo un abogado puede ayudarle a obtener beneficios completos\" \/>\n<meta property=\"og:url\" content=\"https:\/\/www.pondlehocky.com\/es\/lesiones\/lesiones-de-mano-y-muneca\/\" \/>\n<meta property=\"og:site_name\" content=\"Pond Lehocky Giordano, Inc.\" \/>\n<meta property=\"article:publisher\" content=\"https:\/\/www.instagram.com\/pondlehocky\/\" \/>\n<meta property=\"og:image\" content=\"https:\/\/www.pondlehocky.com\/wp-content\/uploads\/2025\/11\/wrist-injury-scaled.jpg\" \/>\n\t<meta property=\"og:image:width\" content=\"2560\" \/>\n\t<meta property=\"og:image:height\" content=\"1706\" \/>\n\t<meta property=\"og:image:type\" content=\"image\/jpeg\" \/>\n<meta name=\"twitter:card\" content=\"summary_large_image\" \/>\n<meta name=\"twitter:label1\" content=\"Tiempo de lectura\" \/>\n\t<meta name=\"twitter:data1\" content=\"1 minuto\" \/>\n<script type=\"application\/ld+json\" class=\"yoast-schema-graph\">{\"@context\":\"https:\\\/\\\/schema.org\",\"@graph\":[{\"@type\":\"WebPage\",\"@id\":\"https:\\\/\\\/www.pondlehocky.com\\\/es\\\/lesiones\\\/lesiones-de-mano-y-muneca\\\/\",\"url\":\"https:\\\/\\\/www.pondlehocky.com\\\/es\\\/lesiones\\\/lesiones-de-mano-y-muneca\\\/\",\"name\":\"Compensaci\u00f3n Laboral por Lesiones de Mano y Mu\u00f1eca\",\"isPartOf\":{\"@id\":\"https:\\\/\\\/www.pondlehocky.com\\\/es\\\/#website\"},\"primaryImageOfPage\":{\"@id\":\"https:\\\/\\\/www.pondlehocky.com\\\/es\\\/lesiones\\\/lesiones-de-mano-y-muneca\\\/#primaryimage\"},\"image\":{\"@id\":\"https:\\\/\\\/www.pondlehocky.com\\\/es\\\/lesiones\\\/lesiones-de-mano-y-muneca\\\/#primaryimage\"},\"thumbnailUrl\":\"https:\\\/\\\/www.pondlehocky.com\\\/wp-content\\\/uploads\\\/2025\\\/11\\\/wrist-injury-scaled.jpg\",\"datePublished\":\"2025-11-21T12:00:00+00:00\",\"description\":\"Conozca las lesiones laborales de mano y mu\u00f1eca, sus derechos de compensaci\u00f3n y c\u00f3mo un abogado puede ayudarle a obtener beneficios completos\",\"breadcrumb\":{\"@id\":\"https:\\\/\\\/www.pondlehocky.com\\\/es\\\/lesiones\\\/lesiones-de-mano-y-muneca\\\/#breadcrumb\"},\"inLanguage\":\"es\",\"potentialAction\":[{\"@type\":\"ReadAction\",\"target\":[\"https:\\\/\\\/www.pondlehocky.com\\\/es\\\/lesiones\\\/lesiones-de-mano-y-muneca\\\/\"]}]},{\"@type\":\"ImageObject\",\"inLanguage\":\"es\",\"@id\":\"https:\\\/\\\/www.pondlehocky.com\\\/es\\\/lesiones\\\/lesiones-de-mano-y-muneca\\\/#primaryimage\",\"url\":\"https:\\\/\\\/www.pondlehocky.com\\\/wp-content\\\/uploads\\\/2025\\\/11\\\/wrist-injury-scaled.jpg\",\"contentUrl\":\"https:\\\/\\\/www.pondlehocky.com\\\/wp-content\\\/uploads\\\/2025\\\/11\\\/wrist-injury-scaled.jpg\",\"width\":2560,\"height\":1706,\"caption\":\"Close-up of a hands wrapping a bandage around their injured wrist, showing care and tenderness during first aid.\"},{\"@type\":\"BreadcrumbList\",\"@id\":\"https:\\\/\\\/www.pondlehocky.com\\\/es\\\/lesiones\\\/lesiones-de-mano-y-muneca\\\/#breadcrumb\",\"itemListElement\":[{\"@type\":\"ListItem\",\"position\":1,\"name\":\"Home\",\"item\":\"https:\\\/\\\/www.pondlehocky.com\\\/es\\\/homepage\\\/\"},{\"@type\":\"ListItem\",\"position\":2,\"name\":\"Lesiones\",\"item\":\"https:\\\/\\\/www.pondlehocky.com\\\/es\\\/lesiones\\\/\"},{\"@type\":\"ListItem\",\"position\":3,\"name\":\"Lesiones de Mano y Mu\u00f1eca\"}]},{\"@type\":\"WebSite\",\"@id\":\"https:\\\/\\\/www.pondlehocky.com\\\/es\\\/#website\",\"url\":\"https:\\\/\\\/www.pondlehocky.com\\\/es\\\/\",\"name\":\"Pond Lehocky Giordano, Inc.\",\"description\":\"Largest workers\u2019 compensation and Social Security disability law firm in Pennsylvania\",\"publisher\":{\"@id\":\"https:\\\/\\\/www.pondlehocky.com\\\/es\\\/#organization\"},\"alternateName\":\"Pond Lehocky Giordano, Inc.\",\"potentialAction\":[{\"@type\":\"SearchAction\",\"target\":{\"@type\":\"EntryPoint\",\"urlTemplate\":\"https:\\\/\\\/www.pondlehocky.com\\\/es\\\/?s={search_term_string}\"},\"query-input\":{\"@type\":\"PropertyValueSpecification\",\"valueRequired\":true,\"valueName\":\"search_term_string\"}}],\"inLanguage\":\"es\"},{\"@type\":\"Organization\",\"@id\":\"https:\\\/\\\/www.pondlehocky.com\\\/es\\\/#organization\",\"name\":\"Pond Lehocky Giordano, Inc\",\"alternateName\":\"Pond Lehocky Giordano, Inc.\",\"url\":\"https:\\\/\\\/www.pondlehocky.com\\\/es\\\/\",\"logo\":{\"@type\":\"ImageObject\",\"inLanguage\":\"es\",\"@id\":\"https:\\\/\\\/www.pondlehocky.com\\\/es\\\/#\\\/schema\\\/logo\\\/image\\\/\",\"url\":\"https:\\\/\\\/www.pondlehocky.com\\\/wp-content\\\/uploads\\\/2024\\\/04\\\/pond-lehocky-logo.png\",\"contentUrl\":\"https:\\\/\\\/www.pondlehocky.com\\\/wp-content\\\/uploads\\\/2024\\\/04\\\/pond-lehocky-logo.png\",\"width\":355,\"height\":28,\"caption\":\"Pond Lehocky Giordano, Inc\"},\"image\":{\"@id\":\"https:\\\/\\\/www.pondlehocky.com\\\/es\\\/#\\\/schema\\\/logo\\\/image\\\/\"},\"sameAs\":[\"https:\\\/\\\/www.instagram.com\\\/pondlehocky\\\/\",\"https:\\\/\\\/www.youtube.com\\\/user\\\/pondlehocky\",\"https:\\\/\\\/www.tiktok.com\\\/@pondlehockygiordano\",\"https:\\\/\\\/www.facebook.com\\\/PondLehocky\",\"https:\\\/\\\/www.linkedin.com\\\/company\\\/pond-lehocky-giordano\\\/\"]}]}<\/script>\n<!-- \/ Yoast SEO Premium plugin. -->","yoast_head_json":{"title":"Compensaci\u00f3n Laboral por Lesiones de Mano y Mu\u00f1eca","description":"Conozca las lesiones laborales de mano y mu\u00f1eca, sus derechos de compensaci\u00f3n y c\u00f3mo un abogado puede ayudarle a obtener beneficios completos","robots":{"index":"index","follow":"follow","max-snippet":"max-snippet:-1","max-image-preview":"max-image-preview:large","max-video-preview":"max-video-preview:-1"},"canonical":"https:\/\/www.pondlehocky.com\/es\/lesiones\/lesiones-de-mano-y-muneca\/","og_locale":"es_ES","og_type":"article","og_title":"Lesiones de Mano y Mu\u00f1eca","og_description":"Conozca las lesiones laborales de mano y mu\u00f1eca, sus derechos de compensaci\u00f3n y c\u00f3mo un abogado puede ayudarle a obtener beneficios completos","og_url":"https:\/\/www.pondlehocky.com\/es\/lesiones\/lesiones-de-mano-y-muneca\/","og_site_name":"Pond Lehocky Giordano, Inc.","article_publisher":"https:\/\/www.instagram.com\/pondlehocky\/","og_image":[{"width":2560,"height":1706,"url":"https:\/\/www.pondlehocky.com\/wp-content\/uploads\/2025\/11\/wrist-injury-scaled.jpg","type":"image\/jpeg"}],"twitter_card":"summary_large_image","twitter_misc":{"Tiempo de lectura":"1 minuto"},"schema":{"@context":"https:\/\/schema.org","@graph":[{"@type":"WebPage","@id":"https:\/\/www.pondlehocky.com\/es\/lesiones\/lesiones-de-mano-y-muneca\/","url":"https:\/\/www.pondlehocky.com\/es\/lesiones\/lesiones-de-mano-y-muneca\/","name":"Compensaci\u00f3n Laboral por Lesiones de Mano y Mu\u00f1eca","isPartOf":{"@id":"https:\/\/www.pondlehocky.com\/es\/#website"},"primaryImageOfPage":{"@id":"https:\/\/www.pondlehocky.com\/es\/lesiones\/lesiones-de-mano-y-muneca\/#primaryimage"},"image":{"@id":"https:\/\/www.pondlehocky.com\/es\/lesiones\/lesiones-de-mano-y-muneca\/#primaryimage"},"thumbnailUrl":"https:\/\/www.pondlehocky.com\/wp-content\/uploads\/2025\/11\/wrist-injury-scaled.jpg","datePublished":"2025-11-21T12:00:00+00:00","description":"Conozca las lesiones laborales de mano y mu\u00f1eca, sus derechos de compensaci\u00f3n y c\u00f3mo un abogado puede ayudarle a obtener beneficios completos","breadcrumb":{"@id":"https:\/\/www.pondlehocky.com\/es\/lesiones\/lesiones-de-mano-y-muneca\/#breadcrumb"},"inLanguage":"es","potentialAction":[{"@type":"ReadAction","target":["https:\/\/www.pondlehocky.com\/es\/lesiones\/lesiones-de-mano-y-muneca\/"]}]},{"@type":"ImageObject","inLanguage":"es","@id":"https:\/\/www.pondlehocky.com\/es\/lesiones\/lesiones-de-mano-y-muneca\/#primaryimage","url":"https:\/\/www.pondlehocky.com\/wp-content\/uploads\/2025\/11\/wrist-injury-scaled.jpg","contentUrl":"https:\/\/www.pondlehocky.com\/wp-content\/uploads\/2025\/11\/wrist-injury-scaled.jpg","width":2560,"height":1706,"caption":"Close-up of a hands wrapping a bandage around their injured wrist, showing care and tenderness during first aid."},{"@type":"BreadcrumbList","@id":"https:\/\/www.pondlehocky.com\/es\/lesiones\/lesiones-de-mano-y-muneca\/#breadcrumb","itemListElement":[{"@type":"ListItem","position":1,"name":"Home","item":"https:\/\/www.pondlehocky.com\/es\/homepage\/"},{"@type":"ListItem","position":2,"name":"Lesiones","item":"https:\/\/www.pondlehocky.com\/es\/lesiones\/"},{"@type":"ListItem","position":3,"name":"Lesiones de Mano y Mu\u00f1eca"}]},{"@type":"WebSite","@id":"https:\/\/www.pondlehocky.com\/es\/#website","url":"https:\/\/www.pondlehocky.com\/es\/","name":"Pond Lehocky Giordano, Inc.","description":"Largest workers\u2019 compensation and Social Security disability law firm in Pennsylvania","publisher":{"@id":"https:\/\/www.pondlehocky.com\/es\/#organization"},"alternateName":"Pond Lehocky Giordano, Inc.","potentialAction":[{"@type":"SearchAction","target":{"@type":"EntryPoint","urlTemplate":"https:\/\/www.pondlehocky.com\/es\/?s={search_term_string}"},"query-input":{"@type":"PropertyValueSpecification","valueRequired":true,"valueName":"search_term_string"}}],"inLanguage":"es"},{"@type":"Organization","@id":"https:\/\/www.pondlehocky.com\/es\/#organization","name":"Pond Lehocky Giordano, Inc","alternateName":"Pond Lehocky Giordano, Inc.","url":"https:\/\/www.pondlehocky.com\/es\/","logo":{"@type":"ImageObject","inLanguage":"es","@id":"https:\/\/www.pondlehocky.com\/es\/#\/schema\/logo\/image\/","url":"https:\/\/www.pondlehocky.com\/wp-content\/uploads\/2024\/04\/pond-lehocky-logo.png","contentUrl":"https:\/\/www.pondlehocky.com\/wp-content\/uploads\/2024\/04\/pond-lehocky-logo.png","width":355,"height":28,"caption":"Pond Lehocky Giordano, Inc"},"image":{"@id":"https:\/\/www.pondlehocky.com\/es\/#\/schema\/logo\/image\/"},"sameAs":["https:\/\/www.instagram.com\/pondlehocky\/","https:\/\/www.youtube.com\/user\/pondlehocky","https:\/\/www.tiktok.com\/@pondlehockygiordano","https:\/\/www.facebook.com\/PondLehocky","https:\/\/www.linkedin.com\/company\/pond-lehocky-giordano\/"]}]}},"_links":{"self":[{"href":"https:\/\/www.pondlehocky.com\/es\/wp-json\/wp\/v2\/pages\/8394","targetHints":{"allow":["GET"]}}],"collection":[{"href":"https:\/\/www.pondlehocky.com\/es\/wp-json\/wp\/v2\/pages"}],"about":[{"href":"https:\/\/www.pondlehocky.com\/es\/wp-json\/wp\/v2\/types\/page"}],"author":[{"embeddable":true,"href":"https:\/\/www.pondlehocky.com\/es\/wp-json\/wp\/v2\/users\/44"}],"replies":[{"embeddable":true,"href":"https:\/\/www.pondlehocky.com\/es\/wp-json\/wp\/v2\/comments?post=8394"}],"version-history":[{"count":0,"href":"https:\/\/www.pondlehocky.com\/es\/wp-json\/wp\/v2\/pages\/8394\/revisions"}],"up":[{"embeddable":true,"href":"https:\/\/www.pondlehocky.com\/es\/wp-json\/wp\/v2\/pages\/8309"}],"wp:featuredmedia":[{"embeddable":true,"href":"https:\/\/www.pondlehocky.com\/es\/wp-json\/wp\/v2\/media\/8393"}],"wp:attachment":[{"href":"https:\/\/www.pondlehocky.com\/es\/wp-json\/wp\/v2\/media?parent=8394"}],"curies":[{"name":"wp","href":"https:\/\/api.w.org\/{rel}","templated":true}]}}