{"id":8408,"date":"2025-11-24T12:00:00","date_gmt":"2025-11-24T12:00:00","guid":{"rendered":"https:\/\/www.pondlehocky.com\/?page_id=8408"},"modified":"2025-11-10T20:28:16","modified_gmt":"2025-11-10T20:28:16","slug":"lesiones-por-aplastamiento","status":"publish","type":"page","link":"https:\/\/www.pondlehocky.com\/es\/lesiones\/lesiones-por-aplastamiento\/","title":{"rendered":"Lesiones por Aplastamiento"},"content":{"rendered":"    <section class=\"pl-block pl-block-key-takeaways\">\n                <div class=\"pl-module pl-module-key-takeaways bg-blue-dark mb-10\">\n            <div class=\"flex justify-between items-center gap-4 bg-yellow py-6 md:py-9 px-6 md:px-12\">\n                <div class=\"text-5xl md:text-6xl leading-9 font-serif text-blue-dark font-bold\">\n                    <h3><span class=\"ez-toc-section\" id=\"Puntos_Clave\"><\/span>Puntos Clave<span class=\"ez-toc-section-end\"><\/span><\/h3>\n                <\/div>\n\n                            <\/div>\n            <div class=\"py-6 md:py-9 px-6 md:px-12\">\n\n                <div class=\"pl-t pl-t--white\">\n                    <ul>\n<li>Las lesiones por aplastamiento son de las m\u00e1s graves en el trabajo y pueden causar amputaciones, da\u00f1o a \u00f3rganos o discapacidad permanente.<\/li>\n<li>La compensaci\u00f3n laboral puede cubrir atenci\u00f3n m\u00e9dica, cirug\u00edas, reemplazo salarial, rehabilitaci\u00f3n y beneficios por incapacidad, aunque las aseguradoras suelen minimizar los reclamos.<\/li>\n<li>Los abogados de lesiones por aplastamiento de <strong>Pond Lehocky<\/strong> pueden reunir evidencia m\u00e9dica, apelar negaciones y luchar por una compensaci\u00f3n justa y completa.<\/li>\n<\/ul>\n                <\/div>\n\n                            <\/div>\n        <\/div>\n    <\/section>\n\n\n    <section class=\"pl-block pl-raw-content mb-7 pl-t [&#038;.border-t-2]:pt-8  \">\n        <p>Pocos accidentes laborales alteran tanto la vida como las lesiones por aplastamiento. En cuesti\u00f3n de segundos, un trabajador puede sufrir un trauma potencialmente mortal que lleva a incapacidad permanente, necesidades m\u00e9dicas a largo plazo o incluso la muerte. A menudo el resultado de maquinaria pesada o equipo defectuoso, estos accidentes pueden convertir un d\u00eda laboral de rutina en una emergencia m\u00e9dica con consecuencias duraderas.<\/p>\n<p>Para los trabajadores lesionados y sus familias, las consecuencias son abrumadoras. Los trabajadores lesionados pueden enfrentar m\u00faltiples cirug\u00edas, largos per\u00edodos de rehabilitaci\u00f3n, incertidumbre financiera y angustia emocional. Los beneficios de compensaci\u00f3n laboral deber\u00edan proporcionar apoyo cr\u00edtico, pero las compa\u00f1\u00edas de seguros a menudo disputan o minimizan las reclamaciones. Por eso es tan importante tener un abogado experimentado de su lado.<\/p>\n<h2><span class=\"ez-toc-section\" id=\"Causas_Comunes_de_Lesiones_por_Aplastamiento_Laborales\"><\/span>Causas Comunes de Lesiones por Aplastamiento Laborales<span class=\"ez-toc-section-end\"><\/span><\/h2>\n<p>Las lesiones por aplastamiento pueden ocurrir en muchas industrias, pero son especialmente comunes en construcci\u00f3n, manufactura, almacenamiento, transporte y agricultura. Algunas de las causas m\u00e1s frecuentes incluyen:<\/p>\n<ul>\n<li><strong>Accidentes con maquinaria pesada<\/strong>. Montacargas, prensas y otras m\u00e1quinas industriales pueden atrapar o aplastar a los trabajadores si las protecciones adecuadas fallan.<\/li>\n<li><strong>Mal funcionamiento del equipo<\/strong>. Una falla repentina en elevadores hidr\u00e1ulicos, transportadores o sistemas de seguridad puede causar accidentes por aplastamiento.<\/li>\n<li><strong>Objetos que caen<\/strong>. Materiales de construcci\u00f3n, herramientas o cargas pesadas que caen desde arriba pueden aplastar a los trabajadores debajo de ellos.<\/li>\n<li><strong>Quedar atrapado entre veh\u00edculos o estructuras<\/strong>. Los trabajadores pueden quedar atrapados entre camiones, paredes o estructuras que colapsan, dej\u00e1ndolos incapaces de escapar.<\/li>\n<\/ul>\n<p>Sin importar la causa, estos accidentes son casi siempre graves y requieren tratamiento de emergencia inmediato.<\/p>\n<h2><span class=\"ez-toc-section\" id=\"La_Gravedad_de_las_Lesiones_por_Aplastamiento\"><\/span>La Gravedad de las Lesiones por Aplastamiento<span class=\"ez-toc-section-end\"><\/span><\/h2>\n<p>Las lesiones por aplastamiento causan dolor grave y frecuentemente est\u00e1n asociadas con da\u00f1o catastr\u00f3fico y de por vida. Dependiendo del accidente, los trabajadores pueden sufrir:<\/p>\n<ul>\n<li><strong>Fracturas y huesos rotos<\/strong>. Los huesos aplastados bajo fuerza pueden hacerse pedazos, requiriendo cirug\u00eda reconstructiva e implantes met\u00e1licos.<\/li>\n<li><a href=\"https:\/\/www.ninds.nih.gov\/health-information\/disorders\/peripheral-neuropathy\" target=\"_blank\" rel=\"noopener\"><strong>Da\u00f1o nervioso<\/strong><\/a>. El trauma grave puede destruir nervios, llevando a p\u00e9rdida de sensaci\u00f3n o par\u00e1lisis en \u00e1reas afectadas.<\/li>\n<li><strong>Amputaciones<\/strong>. En algunos casos, las extremidades no pueden salvarse, y la amputaci\u00f3n quir\u00fargica se vuelve necesaria. A menudo se requieren pr\u00f3tesis y terapia extensa.<\/li>\n<li><strong>Da\u00f1o a \u00f3rganos y sangrado interno<\/strong>. Cuando el torso es aplastado, \u00f3rganos como los pulmones, h\u00edgado o ri\u00f1ones pueden da\u00f1arse permanentemente.<\/li>\n<li><strong>Complicaciones potencialmente mortales<\/strong>. El s\u00edndrome de aplastamiento grave puede causar shock, insuficiencia renal o muerte si no se trata inmediatamente.<\/li>\n<\/ul>\n<p>Una lesi\u00f3n por aplastamiento puede sacar a una persona de la fuerza laboral inmediatamente y cambiar su capacidad para hacer su trabajo por el resto de sus vidas. Adem\u00e1s, pueden cambiar c\u00f3mo una persona es capaz de cuidarse diariamente.<\/p>\n<h2><span class=\"ez-toc-section\" id=\"Impacto_a_Largo_Plazo_en_las_Vidas_de_los_Trabajadores\"><\/span>Impacto a Largo Plazo en las Vidas de los Trabajadores<span class=\"ez-toc-section-end\"><\/span><\/h2>\n<p>Sobrevivir a una lesi\u00f3n por aplastamiento a menudo es solo el comienzo de un largo viaje de recuperaci\u00f3n. Los trabajadores pueden enfrentar:<\/p>\n<ul>\n<li><strong>Incapacidad permanente<\/strong>. Algunos nunca recuperan la movilidad o fuerza completa. Otros puede que no puedan regresar a sus trabajos anteriores o a ning\u00fan trabajo.<\/li>\n<li><strong>M\u00faltiples cirug\u00edas<\/strong>. Procedimientos reconstructivos, injertos de piel o amputaciones pueden requerir estad\u00edas hospitalarias repetidas.<\/li>\n<li><strong>Rehabilitaci\u00f3n extensa<\/strong>. Terapia f\u00edsica, terapia ocupacional y asesoramiento de salud mental a menudo se necesitan durante a\u00f1os.<\/li>\n<li><strong>Dolor cr\u00f3nico<\/strong>. El da\u00f1o nervioso y el tejido cicatricial pueden causar incomodidad duradera. Este tipo de dolor puede no presentarse inmediatamente y tambi\u00e9n puede venir como resultado de reparaciones quir\u00fargicas necesarias.<\/li>\n<li><strong>Trauma psicol\u00f3gico<\/strong>. El trastorno de estr\u00e9s postraum\u00e1tico (TEPT), depresi\u00f3n y ansiedad son comunes despu\u00e9s de lesiones catastr\u00f3ficas. Este tipo de trauma puede hacer imposible que una persona viva sola u opere un veh\u00edculo, y pueden encontrar demasiado dif\u00edcil regresar al lugar donde ocurri\u00f3 el accidente.<\/li>\n<\/ul>\n<p>Los efectos secundarios se extienden m\u00e1s all\u00e1 del trabajador. Las familias pueden luchar con la p\u00e9rdida de ingresos y nuevas responsabilidades de cuidado.<\/p>\n    <\/section>\n\n\n\n\n<figure class=\"wp-block-image size-large\"><img decoding=\"async\" width=\"1024\" height=\"683\" src=\"https:\/\/34zjl1fr.cdn.imgeng.in\/wp-content\/uploads\/2025\/11\/ptsd-1024x683.jpg\" alt=\"Elderly man sitting in a medical facility holding his forehead in distress while a nurse places a comforting hand on his shoulder during a consultation.\" class=\"wp-image-8404\" srcset=\"https:\/\/34zjl1fr.cdn.imgeng.in\/wp-content\/uploads\/2025\/11\/ptsd-1024x683.jpg 1024w, https:\/\/34zjl1fr.cdn.imgeng.in\/wp-content\/uploads\/2025\/11\/ptsd-300x200.jpg 300w, https:\/\/34zjl1fr.cdn.imgeng.in\/wp-content\/uploads\/2025\/11\/ptsd-768x512.jpg 768w, https:\/\/34zjl1fr.cdn.imgeng.in\/wp-content\/uploads\/2025\/11\/ptsd-1536x1024.jpg 1536w, https:\/\/34zjl1fr.cdn.imgeng.in\/wp-content\/uploads\/2025\/11\/ptsd-2048x1365.jpg 2048w\" sizes=\"(max-width: 1024px) 100vw, 1024px\" \/><\/figure>\n\n\n    <section class=\"pl-block pl-raw-content mb-7 pl-t [&#038;.border-t-2]:pt-8  \">\n        <p>&nbsp;<\/p>\n<h2><span class=\"ez-toc-section\" id=\"Compensacion_Laboral_para_Accidentes_por_Aplastamiento\"><\/span>Compensaci\u00f3n Laboral para Accidentes por Aplastamiento<span class=\"ez-toc-section-end\"><\/span><\/h2>\n<p>La compensaci\u00f3n laboral est\u00e1 dise\u00f1ada para proporcionar apoyo financiero y m\u00e9dico cuando ocurren accidentes como este. Si sufre una lesi\u00f3n por aplastamiento laboral, los beneficios pueden incluir:<\/p>\n<ul>\n<li><strong>Cobertura m\u00e9dica<\/strong>. Atenci\u00f3n de emergencia, cirug\u00edas, estad\u00edas hospitalarias, pr\u00f3tesis, medicamentos y terapia continua.<\/li>\n<li><strong>Beneficios por p\u00e9rdida de salario<\/strong>. Reemplazo de parte de los ingresos perdidos mientras no puede trabajar.<\/li>\n<li><strong>Beneficios por incapacidad permanente<\/strong>. Si su lesi\u00f3n lo deja incapaz de regresar a su trabajo o reduce permanentemente su capacidad para ganar.<\/li>\n<li><strong>Rehabilitaci\u00f3n vocacional<\/strong>. Capacitaci\u00f3n o apoyo para hacer la transici\u00f3n a un nuevo rol si no puede regresar a su antigua posici\u00f3n.<\/li>\n<\/ul>\n<p>Estos beneficios son esenciales para reconstruir su vida, pero acceder a ellos no siempre es f\u00e1cil.<\/p>\n<h2><span class=\"ez-toc-section\" id=\"Por_Que_las_Reclamaciones_se_Disputan\"><\/span>Por Qu\u00e9 las Reclamaciones se Disputan<span class=\"ez-toc-section-end\"><\/span><\/h2>\n<p>A pesar de la gravedad de las lesiones por aplastamiento, las aseguradoras y empleadores pueden a\u00fan resistirse contra las reclamaciones. Las t\u00e1cticas comunes incluyen:<\/p>\n<ul>\n<li><strong>Minimizar la gravedad<\/strong>. Argumentar que un trabajador puede regresar a trabajo liviano antes de que est\u00e9 listo.<\/li>\n<li><strong>Presionar por acuerdos r\u00e1pidos<\/strong>. Ofrecer una suma global que no toma en cuenta las necesidades m\u00e9dicas a largo plazo o la incapacidad permanente.<\/li>\n<li><strong>Cambiar la culpa<\/strong>. Afirmar que el accidente fue culpa del trabajador debido a violaciones de seguridad o uso indebido del equipo.<\/li>\n<li><strong>Disputar la incapacidad permanente<\/strong>. Negarse a reconocer el impacto completo de amputaciones, da\u00f1o nervioso o insuficiencia de \u00f3rganos.<\/li>\n<\/ul>\n<p>Estas estrategias est\u00e1n dise\u00f1adas para ahorrarle dinero a la compa\u00f1\u00eda de seguros a expensas de la recuperaci\u00f3n y seguridad financiera del trabajador lesionado.<\/p>\n<h2><span class=\"ez-toc-section\" id=\"Un_Abogado_de_Compensacion_Laboral_Puede_Ayudarlo\"><\/span>Un Abogado de Compensaci\u00f3n Laboral Puede Ayudarlo<span class=\"ez-toc-section-end\"><\/span><\/h2>\n<p>Si su reclamaci\u00f3n de compensaci\u00f3n laboral no result\u00f3 como pensaba, es hora de considerar contratar a un <a href=\"https:\/\/www.pondlehocky.com\/es\/\">abogado h\u00e1bil de compensaci\u00f3n laboral<\/a> para accidentes por aplastamiento. Un abogado puede:<\/p>\n<ul>\n<li><strong>Construir evidencia m\u00e9dica s\u00f3lida<\/strong>. Recopilar registros, informes quir\u00fargicos y testimonio de expertos para probar la extensi\u00f3n completa de sus lesiones.<\/li>\n<li><strong>Demostrar causa relacionada con el trabajo<\/strong>. Vincular el accidente directamente al equipo, condiciones o procedimientos del lugar de trabajo.<\/li>\n<li><strong>Negociar acuerdos justos<\/strong>. Asegurar que la compensaci\u00f3n cubra no solo las facturas inmediatas, sino la atenci\u00f3n a largo plazo, pr\u00f3tesis y capacidad de ganancia perdida.<\/li>\n<li><strong>Combatir negaciones y apelaciones<\/strong>. Enfrentarse a las aseguradoras que rechazan reclamaciones u ofrecen beneficios inadecuados.<\/li>\n<li><strong>Abogar por su futuro<\/strong>. Considerar la incapacidad de por vida, necesidades de reentrenamiento y calidad de vida al buscar compensaci\u00f3n.<\/li>\n<\/ul>\n<p>En Pond Lehocky, sabemos lo devastadoras que son las lesiones por aplastamiento y c\u00f3mo las compa\u00f1\u00edas de seguros intentan minimizar los pagos. Nuestro equipo tiene amplia experiencia manejando reclamaciones por lesiones catastr\u00f3ficas, y luchamos para asegurar que los trabajadores lesionados no sean presionados a acuerdos r\u00e1pidos o injustos.<\/p>\n    <\/section>\n\n\n\n\n<figure class=\"wp-block-image size-large\"><img decoding=\"async\" width=\"1024\" height=\"683\" src=\"https:\/\/34zjl1fr.cdn.imgeng.in\/wp-content\/uploads\/2025\/11\/crushing-injury-lawyer-1024x683.jpg\" alt=\"Lawyer consulting with a client at a desk, holding a pen and open law book while the client signs legal documents beside a judge\u2019s gavel.\" class=\"wp-image-8406\" srcset=\"https:\/\/34zjl1fr.cdn.imgeng.in\/wp-content\/uploads\/2025\/11\/crushing-injury-lawyer-1024x683.jpg 1024w, https:\/\/34zjl1fr.cdn.imgeng.in\/wp-content\/uploads\/2025\/11\/crushing-injury-lawyer-300x200.jpg 300w, https:\/\/34zjl1fr.cdn.imgeng.in\/wp-content\/uploads\/2025\/11\/crushing-injury-lawyer-768x512.jpg 768w, https:\/\/34zjl1fr.cdn.imgeng.in\/wp-content\/uploads\/2025\/11\/crushing-injury-lawyer-1536x1024.jpg 1536w, https:\/\/34zjl1fr.cdn.imgeng.in\/wp-content\/uploads\/2025\/11\/crushing-injury-lawyer-2048x1365.jpg 2048w\" sizes=\"(max-width: 1024px) 100vw, 1024px\" \/><\/figure>\n\n\n    <section class=\"pl-block pl-raw-content mb-7 pl-t [&#038;.border-t-2]:pt-8  \">\n        <p>&nbsp;<\/p>\n<h2><span class=\"ez-toc-section\" id=\"Obtenga_Ayuda_Despues_de_una_Lesion_por_Aplastamiento\"><\/span>Obtenga Ayuda Despu\u00e9s de una Lesi\u00f3n por Aplastamiento<span class=\"ez-toc-section-end\"><\/span><\/h2>\n<p>Una lesi\u00f3n por aplastamiento puede cambiar su vida permanentemente. Puede estar enfrentando cirug\u00edas, rehabilitaci\u00f3n prolongada y un futuro incierto. Pero no tiene que enfrentar esta batalla solo.<\/p>\n<p>Los abogados de Pond Lehocky han ayudado a innumerables trabajadores a recuperar los beneficios que merecen despu\u00e9s de lesiones catastr\u00f3ficas. Entendemos el costo m\u00e9dico, financiero y emocional de estos accidentes, y estaremos a su lado en cada paso del camino.<\/p>\n<p>Llame a <a href=\"https:\/\/www.pondlehocky.com\/es\/contacte-con\/\">Pond Lehocky<\/a> hoy para hablar con un abogado dedicado a lesiones por aplastamiento. Protegeremos sus derechos, lucharemos contra las compa\u00f1\u00edas de seguros y nos aseguraremos de que su futuro est\u00e9 seguro.<\/p>\n    <\/section>\n\n","protected":false},"excerpt":{"rendered":"","protected":false},"author":44,"featured_media":8361,"parent":8309,"menu_order":0,"comment_status":"closed","ping_status":"closed","template":"page-sidebar.php","meta":{"_acf_changed":true,"footnotes":"","_elementor_data":""},"class_list":["post-8408","page","type-page","status-publish","has-post-thumbnail","hentry"],"acf":[],"page_builder_type":"gutenberg","gutenberg_data":[],"yoast_head":"<!-- This site is optimized with the Yoast SEO Premium plugin v27.6 (Yoast SEO v27.6) - https:\/\/yoast.com\/product\/yoast-seo-premium-wordpress\/ -->\n<title>Compensaci\u00f3n Laboral por Lesiones por Aplastamiento<\/title>\n<meta name=\"description\" content=\"Conozca c\u00f3mo ocurren las lesiones por aplastamiento y c\u00f3mo un abogado puede ayudarle a obtener todos los beneficios de compensaci\u00f3n laboral.\" \/>\n<meta name=\"robots\" content=\"index, follow, max-snippet:-1, max-image-preview:large, max-video-preview:-1\" \/>\n<link rel=\"canonical\" href=\"https:\/\/www.pondlehocky.com\/es\/lesiones\/lesiones-por-aplastamiento\/\" \/>\n<meta property=\"og:locale\" content=\"es_ES\" \/>\n<meta property=\"og:type\" content=\"article\" \/>\n<meta property=\"og:title\" content=\"Lesiones por Aplastamiento\" \/>\n<meta property=\"og:description\" content=\"Conozca c\u00f3mo ocurren las lesiones por aplastamiento y c\u00f3mo un abogado puede ayudarle a obtener todos los beneficios de compensaci\u00f3n laboral.\" \/>\n<meta property=\"og:url\" content=\"https:\/\/www.pondlehocky.com\/es\/lesiones\/lesiones-por-aplastamiento\/\" \/>\n<meta property=\"og:site_name\" content=\"Pond Lehocky Giordano, Inc.\" \/>\n<meta property=\"article:publisher\" content=\"https:\/\/www.instagram.com\/pondlehocky\/\" \/>\n<meta property=\"og:image\" content=\"https:\/\/www.pondlehocky.com\/wp-content\/uploads\/2025\/11\/workplace-injury-1-scaled.jpg\" \/>\n\t<meta property=\"og:image:width\" content=\"2560\" \/>\n\t<meta property=\"og:image:height\" content=\"1700\" \/>\n\t<meta property=\"og:image:type\" content=\"image\/jpeg\" \/>\n<meta name=\"twitter:card\" content=\"summary_large_image\" \/>\n<meta name=\"twitter:label1\" content=\"Tiempo de lectura\" \/>\n\t<meta name=\"twitter:data1\" content=\"1 minuto\" \/>\n<script type=\"application\/ld+json\" class=\"yoast-schema-graph\">{\"@context\":\"https:\\\/\\\/schema.org\",\"@graph\":[{\"@type\":\"WebPage\",\"@id\":\"https:\\\/\\\/www.pondlehocky.com\\\/es\\\/lesiones\\\/lesiones-por-aplastamiento\\\/\",\"url\":\"https:\\\/\\\/www.pondlehocky.com\\\/es\\\/lesiones\\\/lesiones-por-aplastamiento\\\/\",\"name\":\"Compensaci\u00f3n Laboral por Lesiones por Aplastamiento\",\"isPartOf\":{\"@id\":\"https:\\\/\\\/www.pondlehocky.com\\\/es\\\/#website\"},\"primaryImageOfPage\":{\"@id\":\"https:\\\/\\\/www.pondlehocky.com\\\/es\\\/lesiones\\\/lesiones-por-aplastamiento\\\/#primaryimage\"},\"image\":{\"@id\":\"https:\\\/\\\/www.pondlehocky.com\\\/es\\\/lesiones\\\/lesiones-por-aplastamiento\\\/#primaryimage\"},\"thumbnailUrl\":\"https:\\\/\\\/www.pondlehocky.com\\\/wp-content\\\/uploads\\\/2025\\\/11\\\/workplace-injury-1-scaled.jpg\",\"datePublished\":\"2025-11-24T12:00:00+00:00\",\"description\":\"Conozca c\u00f3mo ocurren las lesiones por aplastamiento y c\u00f3mo un abogado puede ayudarle a obtener todos los beneficios de compensaci\u00f3n laboral.\",\"breadcrumb\":{\"@id\":\"https:\\\/\\\/www.pondlehocky.com\\\/es\\\/lesiones\\\/lesiones-por-aplastamiento\\\/#breadcrumb\"},\"inLanguage\":\"es\",\"potentialAction\":[{\"@type\":\"ReadAction\",\"target\":[\"https:\\\/\\\/www.pondlehocky.com\\\/es\\\/lesiones\\\/lesiones-por-aplastamiento\\\/\"]}]},{\"@type\":\"ImageObject\",\"inLanguage\":\"es\",\"@id\":\"https:\\\/\\\/www.pondlehocky.com\\\/es\\\/lesiones\\\/lesiones-por-aplastamiento\\\/#primaryimage\",\"url\":\"https:\\\/\\\/www.pondlehocky.com\\\/wp-content\\\/uploads\\\/2025\\\/11\\\/workplace-injury-1-scaled.jpg\",\"contentUrl\":\"https:\\\/\\\/www.pondlehocky.com\\\/wp-content\\\/uploads\\\/2025\\\/11\\\/workplace-injury-1-scaled.jpg\",\"width\":2560,\"height\":1700,\"caption\":\"Injured factory worker sitting on the floor holding his leg in pain while a coworker in a safety vest and helmet calls for help inside an industrial workshop.\"},{\"@type\":\"BreadcrumbList\",\"@id\":\"https:\\\/\\\/www.pondlehocky.com\\\/es\\\/lesiones\\\/lesiones-por-aplastamiento\\\/#breadcrumb\",\"itemListElement\":[{\"@type\":\"ListItem\",\"position\":1,\"name\":\"Home\",\"item\":\"https:\\\/\\\/www.pondlehocky.com\\\/es\\\/homepage\\\/\"},{\"@type\":\"ListItem\",\"position\":2,\"name\":\"Lesiones\",\"item\":\"https:\\\/\\\/www.pondlehocky.com\\\/es\\\/lesiones\\\/\"},{\"@type\":\"ListItem\",\"position\":3,\"name\":\"Lesiones por Aplastamiento\"}]},{\"@type\":\"WebSite\",\"@id\":\"https:\\\/\\\/www.pondlehocky.com\\\/es\\\/#website\",\"url\":\"https:\\\/\\\/www.pondlehocky.com\\\/es\\\/\",\"name\":\"Pond Lehocky Giordano, Inc.\",\"description\":\"Largest workers\u2019 compensation and Social Security disability law firm in Pennsylvania\",\"publisher\":{\"@id\":\"https:\\\/\\\/www.pondlehocky.com\\\/es\\\/#organization\"},\"alternateName\":\"Pond Lehocky Giordano, Inc.\",\"potentialAction\":[{\"@type\":\"SearchAction\",\"target\":{\"@type\":\"EntryPoint\",\"urlTemplate\":\"https:\\\/\\\/www.pondlehocky.com\\\/es\\\/?s={search_term_string}\"},\"query-input\":{\"@type\":\"PropertyValueSpecification\",\"valueRequired\":true,\"valueName\":\"search_term_string\"}}],\"inLanguage\":\"es\"},{\"@type\":\"Organization\",\"@id\":\"https:\\\/\\\/www.pondlehocky.com\\\/es\\\/#organization\",\"name\":\"Pond Lehocky Giordano, Inc\",\"alternateName\":\"Pond Lehocky Giordano, Inc.\",\"url\":\"https:\\\/\\\/www.pondlehocky.com\\\/es\\\/\",\"logo\":{\"@type\":\"ImageObject\",\"inLanguage\":\"es\",\"@id\":\"https:\\\/\\\/www.pondlehocky.com\\\/es\\\/#\\\/schema\\\/logo\\\/image\\\/\",\"url\":\"https:\\\/\\\/www.pondlehocky.com\\\/wp-content\\\/uploads\\\/2024\\\/04\\\/pond-lehocky-logo.png\",\"contentUrl\":\"https:\\\/\\\/www.pondlehocky.com\\\/wp-content\\\/uploads\\\/2024\\\/04\\\/pond-lehocky-logo.png\",\"width\":355,\"height\":28,\"caption\":\"Pond Lehocky Giordano, Inc\"},\"image\":{\"@id\":\"https:\\\/\\\/www.pondlehocky.com\\\/es\\\/#\\\/schema\\\/logo\\\/image\\\/\"},\"sameAs\":[\"https:\\\/\\\/www.instagram.com\\\/pondlehocky\\\/\",\"https:\\\/\\\/www.youtube.com\\\/user\\\/pondlehocky\",\"https:\\\/\\\/www.tiktok.com\\\/@pondlehockygiordano\",\"https:\\\/\\\/www.facebook.com\\\/PondLehocky\",\"https:\\\/\\\/www.linkedin.com\\\/company\\\/pond-lehocky-giordano\\\/\"]}]}<\/script>\n<!-- \/ Yoast SEO Premium plugin. -->","yoast_head_json":{"title":"Compensaci\u00f3n Laboral por Lesiones por Aplastamiento","description":"Conozca c\u00f3mo ocurren las lesiones por aplastamiento y c\u00f3mo un abogado puede ayudarle a obtener todos los beneficios de compensaci\u00f3n laboral.","robots":{"index":"index","follow":"follow","max-snippet":"max-snippet:-1","max-image-preview":"max-image-preview:large","max-video-preview":"max-video-preview:-1"},"canonical":"https:\/\/www.pondlehocky.com\/es\/lesiones\/lesiones-por-aplastamiento\/","og_locale":"es_ES","og_type":"article","og_title":"Lesiones por Aplastamiento","og_description":"Conozca c\u00f3mo ocurren las lesiones por aplastamiento y c\u00f3mo un abogado puede ayudarle a obtener todos los beneficios de compensaci\u00f3n laboral.","og_url":"https:\/\/www.pondlehocky.com\/es\/lesiones\/lesiones-por-aplastamiento\/","og_site_name":"Pond Lehocky Giordano, Inc.","article_publisher":"https:\/\/www.instagram.com\/pondlehocky\/","og_image":[{"width":2560,"height":1700,"url":"https:\/\/www.pondlehocky.com\/wp-content\/uploads\/2025\/11\/workplace-injury-1-scaled.jpg","type":"image\/jpeg"}],"twitter_card":"summary_large_image","twitter_misc":{"Tiempo de lectura":"1 minuto"},"schema":{"@context":"https:\/\/schema.org","@graph":[{"@type":"WebPage","@id":"https:\/\/www.pondlehocky.com\/es\/lesiones\/lesiones-por-aplastamiento\/","url":"https:\/\/www.pondlehocky.com\/es\/lesiones\/lesiones-por-aplastamiento\/","name":"Compensaci\u00f3n Laboral por Lesiones por Aplastamiento","isPartOf":{"@id":"https:\/\/www.pondlehocky.com\/es\/#website"},"primaryImageOfPage":{"@id":"https:\/\/www.pondlehocky.com\/es\/lesiones\/lesiones-por-aplastamiento\/#primaryimage"},"image":{"@id":"https:\/\/www.pondlehocky.com\/es\/lesiones\/lesiones-por-aplastamiento\/#primaryimage"},"thumbnailUrl":"https:\/\/www.pondlehocky.com\/wp-content\/uploads\/2025\/11\/workplace-injury-1-scaled.jpg","datePublished":"2025-11-24T12:00:00+00:00","description":"Conozca c\u00f3mo ocurren las lesiones por aplastamiento y c\u00f3mo un abogado puede ayudarle a obtener todos los beneficios de compensaci\u00f3n laboral.","breadcrumb":{"@id":"https:\/\/www.pondlehocky.com\/es\/lesiones\/lesiones-por-aplastamiento\/#breadcrumb"},"inLanguage":"es","potentialAction":[{"@type":"ReadAction","target":["https:\/\/www.pondlehocky.com\/es\/lesiones\/lesiones-por-aplastamiento\/"]}]},{"@type":"ImageObject","inLanguage":"es","@id":"https:\/\/www.pondlehocky.com\/es\/lesiones\/lesiones-por-aplastamiento\/#primaryimage","url":"https:\/\/www.pondlehocky.com\/wp-content\/uploads\/2025\/11\/workplace-injury-1-scaled.jpg","contentUrl":"https:\/\/www.pondlehocky.com\/wp-content\/uploads\/2025\/11\/workplace-injury-1-scaled.jpg","width":2560,"height":1700,"caption":"Injured factory worker sitting on the floor holding his leg in pain while a coworker in a safety vest and helmet calls for help inside an industrial workshop."},{"@type":"BreadcrumbList","@id":"https:\/\/www.pondlehocky.com\/es\/lesiones\/lesiones-por-aplastamiento\/#breadcrumb","itemListElement":[{"@type":"ListItem","position":1,"name":"Home","item":"https:\/\/www.pondlehocky.com\/es\/homepage\/"},{"@type":"ListItem","position":2,"name":"Lesiones","item":"https:\/\/www.pondlehocky.com\/es\/lesiones\/"},{"@type":"ListItem","position":3,"name":"Lesiones por Aplastamiento"}]},{"@type":"WebSite","@id":"https:\/\/www.pondlehocky.com\/es\/#website","url":"https:\/\/www.pondlehocky.com\/es\/","name":"Pond Lehocky Giordano, Inc.","description":"Largest workers\u2019 compensation and Social Security disability law firm in Pennsylvania","publisher":{"@id":"https:\/\/www.pondlehocky.com\/es\/#organization"},"alternateName":"Pond Lehocky Giordano, Inc.","potentialAction":[{"@type":"SearchAction","target":{"@type":"EntryPoint","urlTemplate":"https:\/\/www.pondlehocky.com\/es\/?s={search_term_string}"},"query-input":{"@type":"PropertyValueSpecification","valueRequired":true,"valueName":"search_term_string"}}],"inLanguage":"es"},{"@type":"Organization","@id":"https:\/\/www.pondlehocky.com\/es\/#organization","name":"Pond Lehocky Giordano, Inc","alternateName":"Pond Lehocky Giordano, Inc.","url":"https:\/\/www.pondlehocky.com\/es\/","logo":{"@type":"ImageObject","inLanguage":"es","@id":"https:\/\/www.pondlehocky.com\/es\/#\/schema\/logo\/image\/","url":"https:\/\/www.pondlehocky.com\/wp-content\/uploads\/2024\/04\/pond-lehocky-logo.png","contentUrl":"https:\/\/www.pondlehocky.com\/wp-content\/uploads\/2024\/04\/pond-lehocky-logo.png","width":355,"height":28,"caption":"Pond Lehocky Giordano, Inc"},"image":{"@id":"https:\/\/www.pondlehocky.com\/es\/#\/schema\/logo\/image\/"},"sameAs":["https:\/\/www.instagram.com\/pondlehocky\/","https:\/\/www.youtube.com\/user\/pondlehocky","https:\/\/www.tiktok.com\/@pondlehockygiordano","https:\/\/www.facebook.com\/PondLehocky","https:\/\/www.linkedin.com\/company\/pond-lehocky-giordano\/"]}]}},"_links":{"self":[{"href":"https:\/\/www.pondlehocky.com\/es\/wp-json\/wp\/v2\/pages\/8408","targetHints":{"allow":["GET"]}}],"collection":[{"href":"https:\/\/www.pondlehocky.com\/es\/wp-json\/wp\/v2\/pages"}],"about":[{"href":"https:\/\/www.pondlehocky.com\/es\/wp-json\/wp\/v2\/types\/page"}],"author":[{"embeddable":true,"href":"https:\/\/www.pondlehocky.com\/es\/wp-json\/wp\/v2\/users\/44"}],"replies":[{"embeddable":true,"href":"https:\/\/www.pondlehocky.com\/es\/wp-json\/wp\/v2\/comments?post=8408"}],"version-history":[{"count":0,"href":"https:\/\/www.pondlehocky.com\/es\/wp-json\/wp\/v2\/pages\/8408\/revisions"}],"up":[{"embeddable":true,"href":"https:\/\/www.pondlehocky.com\/es\/wp-json\/wp\/v2\/pages\/8309"}],"wp:featuredmedia":[{"embeddable":true,"href":"https:\/\/www.pondlehocky.com\/es\/wp-json\/wp\/v2\/media\/8361"}],"wp:attachment":[{"href":"https:\/\/www.pondlehocky.com\/es\/wp-json\/wp\/v2\/media?parent=8408"}],"curies":[{"name":"wp","href":"https:\/\/api.w.org\/{rel}","templated":true}]}}