{"id":8414,"date":"2025-11-26T12:00:00","date_gmt":"2025-11-26T12:00:00","guid":{"rendered":"https:\/\/www.pondlehocky.com\/?page_id=8414"},"modified":"2025-11-10T20:55:36","modified_gmt":"2025-11-10T20:55:36","slug":"lesiones-de-cabeza","status":"publish","type":"page","link":"https:\/\/www.pondlehocky.com\/es\/lesiones\/lesiones-de-cabeza\/","title":{"rendered":"Lesiones de Cabeza"},"content":{"rendered":"    <section class=\"pl-block pl-block-key-takeaways\">\n                <div class=\"pl-module pl-module-key-takeaways bg-blue-dark mb-10\">\n            <div class=\"flex justify-between items-center gap-4 bg-yellow py-6 md:py-9 px-6 md:px-12\">\n                <div class=\"text-5xl md:text-6xl leading-9 font-serif text-blue-dark font-bold\">\n                    <h3><span class=\"ez-toc-section\" id=\"Puntos_Clave\"><\/span>Puntos Clave<span class=\"ez-toc-section-end\"><\/span><\/h3>\n                <\/div>\n\n                            <\/div>\n            <div class=\"py-6 md:py-9 px-6 md:px-12\">\n\n                <div class=\"pl-t pl-t--white\">\n                    <ul>\n<li>Las lesiones de cabeza y cerebro son de las m\u00e1s graves en el trabajo y pueden causar p\u00e9rdida de memoria, problemas cognitivos y discapacidad permanente.<\/li>\n<li>La compensaci\u00f3n laboral puede cubrir atenci\u00f3n m\u00e9dica, rehabilitaci\u00f3n, terapia y salarios perdidos, aunque las aseguradoras suelen negar o minimizar los reclamos.<\/li>\n<li>Los abogados de lesiones de cabeza de <strong>Pond Lehocky<\/strong> pueden reunir evidencia m\u00e9dica, impugnar negaciones y luchar por los beneficios completos que necesita para su recuperaci\u00f3n.<\/li>\n<\/ul>\n                <\/div>\n\n                            <\/div>\n        <\/div>\n    <\/section>\n\n\n    <section class=\"pl-block pl-raw-content mb-7 pl-t [&#038;.border-t-2]:pt-8  \">\n        <p>Las lesiones de cabeza son algunas de las lesiones m\u00e1s graves y que cambian la vida que pueden ocurrir en el trabajo. Ya sea causadas por una ca\u00edda, un golpe de equipo u otro tipo de accidente en un sitio de trabajo, el trauma craneal puede afectar cada aspecto de la vida de un trabajador.<\/p>\n<p>A diferencia de algunas otras lesiones, los s\u00edntomas de las lesiones de cabeza no siempre son visibles. Los problemas de memoria y cambios de humor pueden volverse debilitantes. La dificultad para concentrarse puede hacer imposible que haga su trabajo, pero m\u00e1s dif\u00edcil de probar a una compa\u00f1\u00eda de seguros.<\/p>\n<p>Si ha sufrido una lesi\u00f3n de cabeza en el trabajo, necesita atenci\u00f3n m\u00e9dica inmediata y apoyo legal s\u00f3lido. Los beneficios de compensaci\u00f3n laboral deber\u00edan cubrir el tratamiento que necesita, pero las aseguradoras a menudo disputan estas reclamaciones, especialmente cuando los s\u00edntomas parecen sutiles o retrasados. Es entonces cuando es hora de llamar a un abogado experimentado en Pond Lehocky.<\/p>\n<h2><span class=\"ez-toc-section\" id=\"Tipos_Comunes_de_Lesiones_de_Cabeza_Laborales\"><\/span>Tipos Comunes de Lesiones de Cabeza Laborales<span class=\"ez-toc-section-end\"><\/span><\/h2>\n<p>El cerebro es uno de los \u00f3rganos m\u00e1s delicados y vitales del cuerpo. Incluso una lesi\u00f3n relativamente \u00ableve\u00bb puede tener efectos duraderos. Los tipos comunes de lesiones de cabeza laborales incluyen:<\/p>\n<ul>\n<li><strong>Conmociones cerebrales (LCT leve)<\/strong>. Una conmoci\u00f3n cerebral, o lesi\u00f3n cerebral traum\u00e1tica (LCT), puede ocurrir por un golpe en la cabeza o sacudida repentina. Los s\u00edntomas pueden incluir dolores de cabeza, mareos, confusi\u00f3n o problemas para concentrarse. Mientras algunas personas se recuperan en d\u00edas, otras experimentan s\u00edntomas durante semanas o meses.<\/li>\n<li><strong>Lesiones cerebrales traum\u00e1ticas (LCT) moderadas a graves<\/strong>. Estas pueden resultar de accidentes graves como ca\u00eddas desde alturas, colisiones de veh\u00edculos o ser golpeado por objetos pesados. Las LCT pueden causar p\u00e9rdida de memoria, habilidades motoras deterioradas, cambios de humor e incluso incapacidad permanente.<\/li>\n<li><strong>Fracturas de cr\u00e1neo<\/strong>. Un golpe directo puede fracturar el cr\u00e1neo, a menudo llevando a sangrado e hinchaz\u00f3n. Las fracturas de cr\u00e1neo tambi\u00e9n conllevan un riesgo de da\u00f1o cerebral. Estas lesiones t\u00edpicamente requieren hospitalizaci\u00f3n inmediata y pueden involucrar cirug\u00eda.<\/li>\n<li><strong>Laceraciones y contusiones<\/strong>. Los cortes y moretones en la cabeza pueden parecer menos graves, pero a\u00fan pueden llevar a complicaciones como infecci\u00f3n o sangrado interno.<\/li>\n<li><strong>Complicaciones secundarias<\/strong>. Cuando experimenta trauma craneal, las complicaciones secundarias como hinchaz\u00f3n y sangrado interno pueden no desarrollarse durante d\u00edas. Por esta raz\u00f3n, es importante continuar el monitoreo m\u00e9dico durante varias semanas despu\u00e9s de su lesi\u00f3n.<\/li>\n<\/ul>\n<p>Sin importar la gravedad, las lesiones de cabeza siempre deben tomarse en serio. Incluso una lesi\u00f3n \u00ableve\u00bb puede tener consecuencias que alteran la vida si no se trata.<\/p>\n<h2><span class=\"ez-toc-section\" id=\"Como_las_Lesiones_de_Cabeza_Afectan_la_Vida_Diaria_y_el_Trabajo\"><\/span>C\u00f3mo las Lesiones de Cabeza Afectan la Vida Diaria y el Trabajo<span class=\"ez-toc-section-end\"><\/span><\/h2>\n<p>Las lesiones de cabeza impactan la salud f\u00edsica y la capacidad de una persona para vivir la vida diaria. Algunos de los desaf\u00edos m\u00e1s comunes incluyen:<\/p>\n<ul>\n<li><strong>Dificultades cognitivas<\/strong>. Las lesiones cerebrales pueden causar problemas con la memoria y concentraci\u00f3n. La resoluci\u00f3n de problemas y el procesamiento de informaci\u00f3n pueden sentirse retrasados, haciendo dif\u00edcil realizar tareas laborales, especialmente en roles de ritmo r\u00e1pido u orientados a detalles.<\/li>\n<li><strong>Deterioro de habilidades motoras<\/strong>. La p\u00e9rdida de equilibrio, coordinaci\u00f3n o habilidades motoras finas puede impedir que los trabajadores regresen de manera segura a tareas f\u00edsicas y operen maquinaria.<\/li>\n<li><strong>Cambios emocionales y de comportamiento<\/strong>. Muchas personas con lesiones de cabeza experimentan cambios de humor, ansiedad, depresi\u00f3n o irritabilidad. Estos cambios pueden tensar las relaciones y hacer dif\u00edcil regresar al lugar de trabajo.<\/li>\n<li><strong>Incapacidad a largo plazo<\/strong>. Algunos trabajadores nunca se recuperan completamente. Una LCT grave puede impedir que alguien trabaje o viva independientemente.<\/li>\n<\/ul>\n<p>El impacto de una lesi\u00f3n de cabeza laboral a menudo se extiende mucho m\u00e1s all\u00e1 del sitio de trabajo. Las familias pueden enfrentar tensi\u00f3n financiera a medida que las facturas m\u00e9dicas se acumulan y los ingresos disminuyen, todo mientras se ajustan a los nuevos desaf\u00edos de un ser querido.<\/p>\n<h2><span class=\"ez-toc-section\" id=\"Compensacion_Laboral_para_Lesiones_de_Cabeza_y_Cerebro\"><\/span>Compensaci\u00f3n Laboral para Lesiones de Cabeza y Cerebro<span class=\"ez-toc-section-end\"><\/span><\/h2>\n<p>La compensaci\u00f3n laboral existe para proteger a los empleados cuando ocurren lesiones en el trabajo. Si sufre una lesi\u00f3n de cabeza en el trabajo, los beneficios pueden incluir:<\/p>\n<ul>\n<li><strong>Cobertura m\u00e9dica<\/strong>. Hospitalizaci\u00f3n, tratamiento de emergencia, atenci\u00f3n neurol\u00f3gica, im\u00e1genes (como tomograf\u00edas computarizadas o resonancias magn\u00e9ticas), cirug\u00eda, medicamentos y citas de seguimiento.<\/li>\n<li><a href=\"https:\/\/medlineplus.gov\/ency\/article\/007448.htm\" target=\"_blank\" rel=\"noopener\"><strong>Servicios de rehabilitaci\u00f3n<\/strong><\/a>. Terapia f\u00edsica, terapia ocupacional, terapia del habla y rehabilitaci\u00f3n cognitiva para la funci\u00f3n cerebral.<\/li>\n<li><strong>Monitoreo continuo<\/strong>. Las lesiones de cabeza a menudo requieren meses o incluso a\u00f1os de atenci\u00f3n de seguimiento para rastrear la recuperaci\u00f3n y detectar complicaciones.<\/li>\n<li><strong>Beneficios por p\u00e9rdida de salario<\/strong>. Reemplazo de salario parcial mientras no puede trabajar.<\/li>\n<li><strong>Beneficios por incapacidad a largo plazo<\/strong>. Si su lesi\u00f3n le impide regresar a su trabajo o limita significativamente su capacidad de ganancia.<\/li>\n<\/ul>\n<p>Estos beneficios son importantes para los trabajadores lesionados, pero realmente recibirlos no siempre es sencillo.<\/p>\n    <\/section>\n\n\n\n\n<figure class=\"wp-block-image size-large\"><img decoding=\"async\" width=\"1024\" height=\"683\" src=\"https:\/\/34zjl1fr.cdn.imgeng.in\/wp-content\/uploads\/2025\/11\/getty-images-X6XryFW1quc-unsplash-1024x683.jpg\" alt=\"Lawyer meeting with clients at a desk, discussing legal documents placed beside a gavel and clipboard during a consultation.\" class=\"wp-image-8412\" srcset=\"https:\/\/34zjl1fr.cdn.imgeng.in\/wp-content\/uploads\/2025\/11\/getty-images-X6XryFW1quc-unsplash-1024x683.jpg 1024w, https:\/\/34zjl1fr.cdn.imgeng.in\/wp-content\/uploads\/2025\/11\/getty-images-X6XryFW1quc-unsplash-300x200.jpg 300w, https:\/\/34zjl1fr.cdn.imgeng.in\/wp-content\/uploads\/2025\/11\/getty-images-X6XryFW1quc-unsplash-768x512.jpg 768w, https:\/\/34zjl1fr.cdn.imgeng.in\/wp-content\/uploads\/2025\/11\/getty-images-X6XryFW1quc-unsplash-1536x1024.jpg 1536w, https:\/\/34zjl1fr.cdn.imgeng.in\/wp-content\/uploads\/2025\/11\/getty-images-X6XryFW1quc-unsplash-2048x1365.jpg 2048w\" sizes=\"(max-width: 1024px) 100vw, 1024px\" \/><\/figure>\n\n\n    <section class=\"pl-block pl-raw-content mb-7 pl-t [&#038;.border-t-2]:pt-8  \">\n        <p>&nbsp;<\/p>\n<h2><span class=\"ez-toc-section\" id=\"Por_Que_las_Reclamaciones_de_Compensacion_Laboral_se_Disputan\"><\/span>Por Qu\u00e9 las Reclamaciones de Compensaci\u00f3n Laboral se Disputan<span class=\"ez-toc-section-end\"><\/span><\/h2>\n<p>A diferencia de un hueso roto, que puede verse en una radiograf\u00eda, los efectos de una lesi\u00f3n cerebral no siempre son visibles. Esto hace m\u00e1s f\u00e1cil para los empleadores y aseguradoras minimizar o negar reclamaciones. Algunas razones comunes para disputas incluyen:<\/p>\n<ul>\n<li><strong>S\u00edntomas sutiles o retrasados<\/strong>. Las aseguradoras pueden argumentar que los dolores de cabeza, mareos o problemas de memoria no est\u00e1n relacionados o son exagerados, aunque impacten c\u00f3mo la persona es capaz de trabajar.<\/li>\n<li><strong>Cuestionar la gravedad<\/strong>. Pueden aceptar un diagn\u00f3stico de conmoci\u00f3n cerebral pero negar la necesidad de terapia o rehabilitaci\u00f3n extendida.<\/li>\n<li><strong>Culpar a otras causas<\/strong>. Los empleadores pueden afirmar que la lesi\u00f3n ocurri\u00f3 fuera del trabajo o que las condiciones preexistentes son responsables.<\/li>\n<li><strong>Disputar la atenci\u00f3n a largo plazo<\/strong>. Las aseguradoras a menudo se resisten a la necesidad de asesoramiento, rehabilitaci\u00f3n cognitiva o beneficios por incapacidad.<\/li>\n<\/ul>\n<p>Estas t\u00e1cticas pueden dejar a los trabajadores lesionados sin la atenci\u00f3n que necesitan, incluso cuando sus vidas han sido puestas de cabeza por un accidente laboral.<\/p>\n<h2><span class=\"ez-toc-section\" id=\"Un_Abogado_Puede_Ayudar_con_Su_Caso\"><\/span>Un Abogado Puede Ayudar con Su Caso<span class=\"ez-toc-section-end\"><\/span><\/h2>\n<p>Cuando su reclamaci\u00f3n de compensaci\u00f3n laboral no va tan f\u00e1cilmente como espera, es hora de llamar a un abogado experimentado en lesiones de cabeza laborales. Un <a href=\"https:\/\/www.pondlehocky.com\/es\/\">abogado de compensaci\u00f3n laboral<\/a> puede:<\/p>\n<ul>\n<li>Recopilar y presentar registros m\u00e9dicos, evaluaciones neurol\u00f3gicas y testimonio de expertos para probar la gravedad de su lesi\u00f3n.<\/li>\n<li>Vincular la lesi\u00f3n directamente a su accidente laboral, incluso si los s\u00edntomas se desarrollaron despu\u00e9s.<\/li>\n<li>Resistirse a las aseguradoras que intentan minimizar los s\u00edntomas cognitivos o emocionales.<\/li>\n<li>Luchar por cobertura completa de atenci\u00f3n hospitalaria, rehabilitaci\u00f3n, asesoramiento y beneficios por p\u00e9rdida de salario.<\/li>\n<li>Buscar beneficios por incapacidad permanente si la lesi\u00f3n le impide regresar al trabajo.<\/li>\n<\/ul>\n<p>Por ejemplo, si una compa\u00f1\u00eda de seguros acepta su diagn\u00f3stico de conmoci\u00f3n cerebral pero se niega a cubrir meses de terapia por problemas de memoria persistentes, un abogado de compensaci\u00f3n laboral para LCT puede apelar y presionar por beneficios completos. En Pond Lehocky, nuestro equipo ha visto de primera mano lo devastadoras que pueden ser las lesiones de cabeza, y sabemos c\u00f3mo contraatacar cuando las aseguradoras intentan recortar gastos en su recuperaci\u00f3n.<\/p>\n<h2><span class=\"ez-toc-section\" id=\"Obtenga_Ayuda_Despues_de_una_Lesion_de_Cabeza_Laboral\"><\/span>Obtenga Ayuda Despu\u00e9s de una Lesi\u00f3n de Cabeza Laboral<span class=\"ez-toc-section-end\"><\/span><\/h2>\n<p>Una lesi\u00f3n de cabeza laboral puede cambiar su vida en un instante. No pase por el proceso de recuperaci\u00f3n y el sistema de compensaci\u00f3n laboral solo. Los abogados de Pond Lehocky tienen amplia experiencia ayudando a trabajadores lesionados a obtener la atenci\u00f3n m\u00e9dica y el apoyo financiero que necesitan despu\u00e9s de conmociones cerebrales, LCT y otras lesiones graves de cabeza.<\/p>\n<p>Llame a <a href=\"https:\/\/www.pondlehocky.com\/es\/contacte-con\/\">Pond Lehocky<\/a> hoy para hablar con un abogado dedicado a lesiones de cabeza laborales. No importa en qu\u00e9 punto del proceso de reclamaciones est\u00e9, nos haremos cargo y lo ayudaremos a obtener la compensaci\u00f3n que necesita para que pueda concentrarse en sanar.<\/p>\n    <\/section>\n\n","protected":false},"excerpt":{"rendered":"","protected":false},"author":44,"featured_media":8411,"parent":8309,"menu_order":0,"comment_status":"closed","ping_status":"closed","template":"page-sidebar.php","meta":{"_acf_changed":true,"footnotes":"","_elementor_data":""},"class_list":["post-8414","page","type-page","status-publish","has-post-thumbnail","hentry"],"acf":[],"page_builder_type":"gutenberg","gutenberg_data":[],"yoast_head":"<!-- This site is optimized with the Yoast SEO Premium plugin v27.5 (Yoast SEO v27.5) - https:\/\/yoast.com\/product\/yoast-seo-premium-wordpress\/ -->\n<title>Compensaci\u00f3n Laboral por Lesiones de Cabeza y Cerebro<\/title>\n<meta name=\"description\" content=\"Conozca las lesiones de cabeza en el trabajo y c\u00f3mo un abogado puede ayudarle a obtener la compensaci\u00f3n y atenci\u00f3n m\u00e9dica que necesita.\" \/>\n<meta name=\"robots\" content=\"index, follow, max-snippet:-1, max-image-preview:large, max-video-preview:-1\" \/>\n<link rel=\"canonical\" href=\"https:\/\/www.pondlehocky.com\/es\/lesiones\/lesiones-de-cabeza\/\" \/>\n<meta property=\"og:locale\" content=\"es_ES\" \/>\n<meta property=\"og:type\" content=\"article\" \/>\n<meta property=\"og:title\" content=\"Lesiones de Cabeza\" \/>\n<meta property=\"og:description\" content=\"Conozca las lesiones de cabeza en el trabajo y c\u00f3mo un abogado puede ayudarle a obtener la compensaci\u00f3n y atenci\u00f3n m\u00e9dica que necesita.\" \/>\n<meta property=\"og:url\" content=\"https:\/\/www.pondlehocky.com\/es\/lesiones\/lesiones-de-cabeza\/\" \/>\n<meta property=\"og:site_name\" content=\"Pond Lehocky Giordano, Inc.\" \/>\n<meta property=\"article:publisher\" content=\"https:\/\/www.instagram.com\/pondlehocky\/\" \/>\n<meta property=\"og:image\" content=\"https:\/\/www.pondlehocky.com\/wp-content\/uploads\/2025\/11\/head-injury-scaled-e1762806641222.jpg\" \/>\n\t<meta property=\"og:image:width\" content=\"2560\" \/>\n\t<meta property=\"og:image:height\" content=\"1815\" \/>\n\t<meta property=\"og:image:type\" content=\"image\/jpeg\" \/>\n<meta name=\"twitter:card\" content=\"summary_large_image\" \/>\n<meta name=\"twitter:label1\" content=\"Tiempo de lectura\" \/>\n\t<meta name=\"twitter:data1\" content=\"1 minuto\" \/>\n<script type=\"application\/ld+json\" class=\"yoast-schema-graph\">{\"@context\":\"https:\\\/\\\/schema.org\",\"@graph\":[{\"@type\":\"WebPage\",\"@id\":\"https:\\\/\\\/www.pondlehocky.com\\\/es\\\/lesiones\\\/lesiones-de-cabeza\\\/\",\"url\":\"https:\\\/\\\/www.pondlehocky.com\\\/es\\\/lesiones\\\/lesiones-de-cabeza\\\/\",\"name\":\"Compensaci\u00f3n Laboral por Lesiones de Cabeza y Cerebro\",\"isPartOf\":{\"@id\":\"https:\\\/\\\/www.pondlehocky.com\\\/es\\\/#website\"},\"primaryImageOfPage\":{\"@id\":\"https:\\\/\\\/www.pondlehocky.com\\\/es\\\/lesiones\\\/lesiones-de-cabeza\\\/#primaryimage\"},\"image\":{\"@id\":\"https:\\\/\\\/www.pondlehocky.com\\\/es\\\/lesiones\\\/lesiones-de-cabeza\\\/#primaryimage\"},\"thumbnailUrl\":\"https:\\\/\\\/www.pondlehocky.com\\\/wp-content\\\/uploads\\\/2025\\\/11\\\/head-injury-scaled-e1762806641222.jpg\",\"datePublished\":\"2025-11-26T12:00:00+00:00\",\"description\":\"Conozca las lesiones de cabeza en el trabajo y c\u00f3mo un abogado puede ayudarle a obtener la compensaci\u00f3n y atenci\u00f3n m\u00e9dica que necesita.\",\"breadcrumb\":{\"@id\":\"https:\\\/\\\/www.pondlehocky.com\\\/es\\\/lesiones\\\/lesiones-de-cabeza\\\/#breadcrumb\"},\"inLanguage\":\"es\",\"potentialAction\":[{\"@type\":\"ReadAction\",\"target\":[\"https:\\\/\\\/www.pondlehocky.com\\\/es\\\/lesiones\\\/lesiones-de-cabeza\\\/\"]}]},{\"@type\":\"ImageObject\",\"inLanguage\":\"es\",\"@id\":\"https:\\\/\\\/www.pondlehocky.com\\\/es\\\/lesiones\\\/lesiones-de-cabeza\\\/#primaryimage\",\"url\":\"https:\\\/\\\/www.pondlehocky.com\\\/wp-content\\\/uploads\\\/2025\\\/11\\\/head-injury-scaled-e1762806641222.jpg\",\"contentUrl\":\"https:\\\/\\\/www.pondlehocky.com\\\/wp-content\\\/uploads\\\/2025\\\/11\\\/head-injury-scaled-e1762806641222.jpg\",\"width\":2560,\"height\":1815,\"caption\":\"Construction worker lying unconscious on the floor with a head injury while a coworker in a hard hat and overalls reacts in shock at the accident scene.\"},{\"@type\":\"BreadcrumbList\",\"@id\":\"https:\\\/\\\/www.pondlehocky.com\\\/es\\\/lesiones\\\/lesiones-de-cabeza\\\/#breadcrumb\",\"itemListElement\":[{\"@type\":\"ListItem\",\"position\":1,\"name\":\"Home\",\"item\":\"https:\\\/\\\/www.pondlehocky.com\\\/es\\\/homepage\\\/\"},{\"@type\":\"ListItem\",\"position\":2,\"name\":\"Lesiones\",\"item\":\"https:\\\/\\\/www.pondlehocky.com\\\/es\\\/lesiones\\\/\"},{\"@type\":\"ListItem\",\"position\":3,\"name\":\"Lesiones de Cabeza\"}]},{\"@type\":\"WebSite\",\"@id\":\"https:\\\/\\\/www.pondlehocky.com\\\/es\\\/#website\",\"url\":\"https:\\\/\\\/www.pondlehocky.com\\\/es\\\/\",\"name\":\"Pond Lehocky Giordano, Inc.\",\"description\":\"Largest workers\u2019 compensation and Social Security disability law firm in Pennsylvania\",\"publisher\":{\"@id\":\"https:\\\/\\\/www.pondlehocky.com\\\/es\\\/#organization\"},\"alternateName\":\"Pond Lehocky Giordano, Inc.\",\"potentialAction\":[{\"@type\":\"SearchAction\",\"target\":{\"@type\":\"EntryPoint\",\"urlTemplate\":\"https:\\\/\\\/www.pondlehocky.com\\\/es\\\/?s={search_term_string}\"},\"query-input\":{\"@type\":\"PropertyValueSpecification\",\"valueRequired\":true,\"valueName\":\"search_term_string\"}}],\"inLanguage\":\"es\"},{\"@type\":\"Organization\",\"@id\":\"https:\\\/\\\/www.pondlehocky.com\\\/es\\\/#organization\",\"name\":\"Pond Lehocky Giordano, Inc\",\"alternateName\":\"Pond Lehocky Giordano, Inc.\",\"url\":\"https:\\\/\\\/www.pondlehocky.com\\\/es\\\/\",\"logo\":{\"@type\":\"ImageObject\",\"inLanguage\":\"es\",\"@id\":\"https:\\\/\\\/www.pondlehocky.com\\\/es\\\/#\\\/schema\\\/logo\\\/image\\\/\",\"url\":\"https:\\\/\\\/www.pondlehocky.com\\\/wp-content\\\/uploads\\\/2024\\\/04\\\/pond-lehocky-logo.png\",\"contentUrl\":\"https:\\\/\\\/www.pondlehocky.com\\\/wp-content\\\/uploads\\\/2024\\\/04\\\/pond-lehocky-logo.png\",\"width\":355,\"height\":28,\"caption\":\"Pond Lehocky Giordano, Inc\"},\"image\":{\"@id\":\"https:\\\/\\\/www.pondlehocky.com\\\/es\\\/#\\\/schema\\\/logo\\\/image\\\/\"},\"sameAs\":[\"https:\\\/\\\/www.instagram.com\\\/pondlehocky\\\/\",\"https:\\\/\\\/www.youtube.com\\\/user\\\/pondlehocky\",\"https:\\\/\\\/www.tiktok.com\\\/@pondlehockygiordano\",\"https:\\\/\\\/www.facebook.com\\\/PondLehocky\",\"https:\\\/\\\/www.linkedin.com\\\/company\\\/pond-lehocky-giordano\\\/\"]}]}<\/script>\n<!-- \/ Yoast SEO Premium plugin. -->","yoast_head_json":{"title":"Compensaci\u00f3n Laboral por Lesiones de Cabeza y Cerebro","description":"Conozca las lesiones de cabeza en el trabajo y c\u00f3mo un abogado puede ayudarle a obtener la compensaci\u00f3n y atenci\u00f3n m\u00e9dica que necesita.","robots":{"index":"index","follow":"follow","max-snippet":"max-snippet:-1","max-image-preview":"max-image-preview:large","max-video-preview":"max-video-preview:-1"},"canonical":"https:\/\/www.pondlehocky.com\/es\/lesiones\/lesiones-de-cabeza\/","og_locale":"es_ES","og_type":"article","og_title":"Lesiones de Cabeza","og_description":"Conozca las lesiones de cabeza en el trabajo y c\u00f3mo un abogado puede ayudarle a obtener la compensaci\u00f3n y atenci\u00f3n m\u00e9dica que necesita.","og_url":"https:\/\/www.pondlehocky.com\/es\/lesiones\/lesiones-de-cabeza\/","og_site_name":"Pond Lehocky Giordano, Inc.","article_publisher":"https:\/\/www.instagram.com\/pondlehocky\/","og_image":[{"width":2560,"height":1815,"url":"https:\/\/www.pondlehocky.com\/wp-content\/uploads\/2025\/11\/head-injury-scaled-e1762806641222.jpg","type":"image\/jpeg"}],"twitter_card":"summary_large_image","twitter_misc":{"Tiempo de lectura":"1 minuto"},"schema":{"@context":"https:\/\/schema.org","@graph":[{"@type":"WebPage","@id":"https:\/\/www.pondlehocky.com\/es\/lesiones\/lesiones-de-cabeza\/","url":"https:\/\/www.pondlehocky.com\/es\/lesiones\/lesiones-de-cabeza\/","name":"Compensaci\u00f3n Laboral por Lesiones de Cabeza y Cerebro","isPartOf":{"@id":"https:\/\/www.pondlehocky.com\/es\/#website"},"primaryImageOfPage":{"@id":"https:\/\/www.pondlehocky.com\/es\/lesiones\/lesiones-de-cabeza\/#primaryimage"},"image":{"@id":"https:\/\/www.pondlehocky.com\/es\/lesiones\/lesiones-de-cabeza\/#primaryimage"},"thumbnailUrl":"https:\/\/www.pondlehocky.com\/wp-content\/uploads\/2025\/11\/head-injury-scaled-e1762806641222.jpg","datePublished":"2025-11-26T12:00:00+00:00","description":"Conozca las lesiones de cabeza en el trabajo y c\u00f3mo un abogado puede ayudarle a obtener la compensaci\u00f3n y atenci\u00f3n m\u00e9dica que necesita.","breadcrumb":{"@id":"https:\/\/www.pondlehocky.com\/es\/lesiones\/lesiones-de-cabeza\/#breadcrumb"},"inLanguage":"es","potentialAction":[{"@type":"ReadAction","target":["https:\/\/www.pondlehocky.com\/es\/lesiones\/lesiones-de-cabeza\/"]}]},{"@type":"ImageObject","inLanguage":"es","@id":"https:\/\/www.pondlehocky.com\/es\/lesiones\/lesiones-de-cabeza\/#primaryimage","url":"https:\/\/www.pondlehocky.com\/wp-content\/uploads\/2025\/11\/head-injury-scaled-e1762806641222.jpg","contentUrl":"https:\/\/www.pondlehocky.com\/wp-content\/uploads\/2025\/11\/head-injury-scaled-e1762806641222.jpg","width":2560,"height":1815,"caption":"Construction worker lying unconscious on the floor with a head injury while a coworker in a hard hat and overalls reacts in shock at the accident scene."},{"@type":"BreadcrumbList","@id":"https:\/\/www.pondlehocky.com\/es\/lesiones\/lesiones-de-cabeza\/#breadcrumb","itemListElement":[{"@type":"ListItem","position":1,"name":"Home","item":"https:\/\/www.pondlehocky.com\/es\/homepage\/"},{"@type":"ListItem","position":2,"name":"Lesiones","item":"https:\/\/www.pondlehocky.com\/es\/lesiones\/"},{"@type":"ListItem","position":3,"name":"Lesiones de Cabeza"}]},{"@type":"WebSite","@id":"https:\/\/www.pondlehocky.com\/es\/#website","url":"https:\/\/www.pondlehocky.com\/es\/","name":"Pond Lehocky Giordano, Inc.","description":"Largest workers\u2019 compensation and Social Security disability law firm in Pennsylvania","publisher":{"@id":"https:\/\/www.pondlehocky.com\/es\/#organization"},"alternateName":"Pond Lehocky Giordano, Inc.","potentialAction":[{"@type":"SearchAction","target":{"@type":"EntryPoint","urlTemplate":"https:\/\/www.pondlehocky.com\/es\/?s={search_term_string}"},"query-input":{"@type":"PropertyValueSpecification","valueRequired":true,"valueName":"search_term_string"}}],"inLanguage":"es"},{"@type":"Organization","@id":"https:\/\/www.pondlehocky.com\/es\/#organization","name":"Pond Lehocky Giordano, Inc","alternateName":"Pond Lehocky Giordano, Inc.","url":"https:\/\/www.pondlehocky.com\/es\/","logo":{"@type":"ImageObject","inLanguage":"es","@id":"https:\/\/www.pondlehocky.com\/es\/#\/schema\/logo\/image\/","url":"https:\/\/www.pondlehocky.com\/wp-content\/uploads\/2024\/04\/pond-lehocky-logo.png","contentUrl":"https:\/\/www.pondlehocky.com\/wp-content\/uploads\/2024\/04\/pond-lehocky-logo.png","width":355,"height":28,"caption":"Pond Lehocky Giordano, Inc"},"image":{"@id":"https:\/\/www.pondlehocky.com\/es\/#\/schema\/logo\/image\/"},"sameAs":["https:\/\/www.instagram.com\/pondlehocky\/","https:\/\/www.youtube.com\/user\/pondlehocky","https:\/\/www.tiktok.com\/@pondlehockygiordano","https:\/\/www.facebook.com\/PondLehocky","https:\/\/www.linkedin.com\/company\/pond-lehocky-giordano\/"]}]}},"_links":{"self":[{"href":"https:\/\/www.pondlehocky.com\/es\/wp-json\/wp\/v2\/pages\/8414","targetHints":{"allow":["GET"]}}],"collection":[{"href":"https:\/\/www.pondlehocky.com\/es\/wp-json\/wp\/v2\/pages"}],"about":[{"href":"https:\/\/www.pondlehocky.com\/es\/wp-json\/wp\/v2\/types\/page"}],"author":[{"embeddable":true,"href":"https:\/\/www.pondlehocky.com\/es\/wp-json\/wp\/v2\/users\/44"}],"replies":[{"embeddable":true,"href":"https:\/\/www.pondlehocky.com\/es\/wp-json\/wp\/v2\/comments?post=8414"}],"version-history":[{"count":0,"href":"https:\/\/www.pondlehocky.com\/es\/wp-json\/wp\/v2\/pages\/8414\/revisions"}],"up":[{"embeddable":true,"href":"https:\/\/www.pondlehocky.com\/es\/wp-json\/wp\/v2\/pages\/8309"}],"wp:featuredmedia":[{"embeddable":true,"href":"https:\/\/www.pondlehocky.com\/es\/wp-json\/wp\/v2\/media\/8411"}],"wp:attachment":[{"href":"https:\/\/www.pondlehocky.com\/es\/wp-json\/wp\/v2\/media?parent=8414"}],"curies":[{"name":"wp","href":"https:\/\/api.w.org\/{rel}","templated":true}]}}