{"id":8597,"date":"2025-12-10T13:27:37","date_gmt":"2025-12-10T13:27:37","guid":{"rendered":"https:\/\/www.pondlehocky.com\/?page_id=8597"},"modified":"2025-12-10T13:42:50","modified_gmt":"2025-12-10T13:42:50","slug":"lesiones-cervicales","status":"publish","type":"page","link":"https:\/\/www.pondlehocky.com\/es\/lesiones\/lesiones-cervicales\/","title":{"rendered":"Compensaci\u00f3n Laboral por Lesiones Cervicales en el Trabajo"},"content":{"rendered":"    <section class=\"pl-block pl-block-key-takeaways\">\n                <div class=\"pl-module pl-module-key-takeaways bg-blue-dark mb-10\">\n            <div class=\"flex justify-between items-center gap-4 bg-yellow py-6 md:py-9 px-6 md:px-12\">\n                <div class=\"text-5xl md:text-6xl leading-9 font-serif text-blue-dark font-bold\">\n                    <h3><span class=\"ez-toc-section\" id=\"Puntos_Clave\"><\/span>Puntos Clave<span class=\"ez-toc-section-end\"><\/span><\/h3>\n                <\/div>\n\n                            <\/div>\n            <div class=\"py-6 md:py-9 px-6 md:px-12\">\n\n                <div class=\"pl-t pl-t--white\">\n                    <ul>\n<li>Las lesiones cervicales a menudo causan dolor a largo plazo y problemas de movilidad, por lo que el tratamiento temprano y una buena documentaci\u00f3n son esenciales para una reclamaci\u00f3n exitosa de compensaci\u00f3n laboral.<\/li>\n<li>Los empleadores y las aseguradoras suelen argumentar condiciones preexistentes, as\u00ed que vincular la lesi\u00f3n al trabajo mediante registros m\u00e9dicos es fundamental.<\/li>\n<li>Un abogado puede ayudarte a obtener atenci\u00f3n m\u00e9dica, beneficios salariales y protecci\u00f3n contra reclamaciones negadas o minimizadas, especialmente cuando los s\u00edntomas limitan tu capacidad de regresar al trabajo.<\/li>\n<\/ul>\n                <\/div>\n\n                            <\/div>\n        <\/div>\n    <\/section>\n\n\n    <section class=\"pl-block pl-raw-content mb-7 pl-t [&#038;.border-t-2]:pt-8  \">\n        <p>Una lesi\u00f3n cervical puede convertir los movimientos cotidianos en retos dolorosos. Ya sea causada por un accidente repentino o por a\u00f1os de esfuerzo repetitivo, una lesi\u00f3n cervical no solo afecta a su salud f\u00edsica, sino tambi\u00e9n a su capacidad para trabajar y mantenerse a s\u00ed mismo y a sus seres queridos. En muchos casos, tambi\u00e9n afecta a su capacidad para disfrutar de la vida.<\/p>\n<p>En Pond Lehocky, comprendemos lo perjudiciales que pueden ser estas lesiones. Desde trabajadores de almac\u00e9n y enfermeros hasta empleados de oficina y conductores, cualquiera puede sufrir una lesi\u00f3n en el cuello que cambie su vida en un instante. Saber c\u00f3mo se producen estas lesiones y cu\u00e1les son sus derechos legales es una parte importante de su recuperaci\u00f3n.<\/p>\n<h2><span class=\"ez-toc-section\" id=\"Como_se_producen_las_lesiones_en_el_cuello\"><\/span>C\u00f3mo se producen las lesiones en el cuello<span class=\"ez-toc-section-end\"><\/span><\/h2>\n<p>Las lesiones en el cuello se producen de muchas formas, pero en el \u00e1mbito laboral hay algunas causas que se repiten una y otra vez. Los impactos repentinos, como los accidentes de tr\u00e1fico o los resbalones y ca\u00eddas, pueden hacer que la cabeza se mueva violentamente hacia delante y hacia atr\u00e1s, lo que provoca un latigazo cervical o algo peor.<\/p>\n<p>Los trabajadores que realizan tareas f\u00edsicas pueden sufrir tensiones por levantar objetos pesados, adoptar posturas inc\u00f3modas o realizar tareas repetitivas. Incluso aquellos que tienen trabajos de oficina pueden desarrollar dolor cr\u00f3nico de cuello por <a href=\"https:\/\/www.spine-health.com\/conditions\/neck-pain\/workplace-ergonomics-and-neck-pain\" target=\"_blank\" rel=\"noopener\">una ergonom\u00eda deficiente<\/a> o por estar sentados demasiado tiempo sin un apoyo adecuado.<\/p>\n<p>Los riesgos ambientales tambi\u00e9n influyen. La ca\u00edda de herramientas o las cargas mal aseguradas pueden causar lesiones traum\u00e1ticas en el cuello en los lugares de trabajo. Independientemente de la causa, es importante informar de la lesi\u00f3n y buscar atenci\u00f3n m\u00e9dica inmediata antes de que los s\u00edntomas empeoren.<\/p>\n    <\/section>\n\n\n\n    <section class=\"pl-block pl-highlighted-header-content-block mb-12 mt-8 pt-6 pb-3 md:pt-9 md:pb-3 px-6 md:px-12 bg-blue-dark\">\n\n                    <div class=\"pl-t pl-t--white pl-header--underline w-full mb-6\" data-inviewport>\n                <h2><span class=\"ez-toc-section\" id=\"Tipos_comunes_de_lesiones_cervicales\"><\/span>Tipos comunes de lesiones cervicales<span class=\"ez-toc-section-end\"><\/span><\/h2>\n            <\/div>\n        \n                    <div class=\"pl-t pl-t--white pl-t--nested-list\">\n                <p>Las lesiones cervicales van desde distensiones leves hasta da\u00f1os en la columna vertebral que pueden cambiar la vida. Algunos de los tipos m\u00e1s frecuentes son el latigazo cervical, los esguinces cervicales, las hernias discales, los pinzamientos nerviosos y las fracturas. Mientras que algunas se curan con reposo y terapia, otras requieren cuidados a largo plazo, inyecciones o incluso cirug\u00eda.<\/p>\n<p>Dado que la columna cervical protege la m\u00e9dula espinal, nunca se debe ignorar un dolor de cuello, aunque parezca leve. Si no se trata, puede producirse inflamaci\u00f3n y compresi\u00f3n nerviosa, lo que provoca dolor cr\u00f3nico o movilidad limitada.<\/p>\n            <\/div>\n        \n        \n    <\/section>\n\n\n    <section class=\"pl-block pl-raw-content mb-7 pl-t [&#038;.border-t-2]:pt-8  \">\n        <h2><span class=\"ez-toc-section\" id=\"Reconocer_los_sintomas_a_tiempo\"><\/span>Reconocer los s\u00edntomas a tiempo<span class=\"ez-toc-section-end\"><\/span><\/h2>\n<p>Las lesiones cervicales suelen causar s\u00edntomas que se extienden m\u00e1s all\u00e1 del cuello. Al principio, es posible que note rigidez, movimiento limitado o dolores de cabeza, pero a medida que la lesi\u00f3n avanza, el dolor puede irradiarse a los hombros o los brazos, y es posible que sienta hormigueo o debilidad en las manos. Tambi\u00e9n pueden aparecer mareos, molestias en la mand\u00edbula y dolor que empeora al sentarse o estar de pie.<\/p>\n<p>Estos s\u00edntomas pueden indicar problemas nerviosos o espinales, por lo que lo mejor es acudir a un profesional sanitario lo antes posible. El diagn\u00f3stico precoz mejora las posibilidades de recuperaci\u00f3n y crea la documentaci\u00f3n esencial para una posible reclamaci\u00f3n de indemnizaci\u00f3n laboral.<\/p>\n<h2><span class=\"ez-toc-section\" id=\"Tratamiento_y_recuperacion\"><\/span>Tratamiento y recuperaci\u00f3n<span class=\"ez-toc-section-end\"><\/span><\/h2>\n<p>El tratamiento de las lesiones cervicales depende de la causa y la gravedad. Los esguinces leves pueden responder bien al reposo, la medicaci\u00f3n y la fisioterapia, mientras que los casos m\u00e1s graves pueden requerir inyecciones de esteroides o cirug\u00eda. El tiempo de recuperaci\u00f3n var\u00eda mucho; algunos trabajadores se recuperan en semanas, mientras que otros necesitan meses de terapia o restricciones laborales permanentes.<\/p>\n<p>Dado que las lesiones cervicales pueden interferir tanto en los trabajos f\u00edsicos como en los de oficina, los m\u00e9dicos suelen recomendar modificaciones en las tareas durante la recuperaci\u00f3n. Cumplir con las restricciones m\u00e9dicas puede ser dif\u00edcil, pero es la mejor manera de favorecer una curaci\u00f3n adecuada y mantener su derecho a las prestaciones de indemnizaci\u00f3n laboral.<\/p>\n    <\/section>\n\n\n\n\n<figure class=\"wp-block-image size-large\"><img decoding=\"async\" width=\"1024\" height=\"683\" src=\"https:\/\/34zjl1fr.cdn.imgeng.in\/wp-content\/uploads\/2025\/12\/getty-images-AyLm4zagzPQ-unsplash-1024x683.jpg\" alt=\"A healthcare professional gently supports and guides a woman\u2019s head and shoulder during a neck mobility or physical therapy assessment in a bright clinical setting.\" class=\"wp-image-8594\" srcset=\"https:\/\/34zjl1fr.cdn.imgeng.in\/wp-content\/uploads\/2025\/12\/getty-images-AyLm4zagzPQ-unsplash-1024x683.jpg 1024w, https:\/\/34zjl1fr.cdn.imgeng.in\/wp-content\/uploads\/2025\/12\/getty-images-AyLm4zagzPQ-unsplash-300x200.jpg 300w, https:\/\/34zjl1fr.cdn.imgeng.in\/wp-content\/uploads\/2025\/12\/getty-images-AyLm4zagzPQ-unsplash-768x512.jpg 768w, https:\/\/34zjl1fr.cdn.imgeng.in\/wp-content\/uploads\/2025\/12\/getty-images-AyLm4zagzPQ-unsplash-1536x1024.jpg 1536w, https:\/\/34zjl1fr.cdn.imgeng.in\/wp-content\/uploads\/2025\/12\/getty-images-AyLm4zagzPQ-unsplash-2048x1365.jpg 2048w\" sizes=\"(max-width: 1024px) 100vw, 1024px\" \/><\/figure>\n\n\n    <section class=\"pl-block pl-raw-content mb-7 pl-t [&#038;.border-t-2]:pt-8  \">\n        <p>&nbsp;<\/p>\n<h2><span class=\"ez-toc-section\" id=\"Como_una_lesion_en_el_cuello_puede_afectar_a_su_carrera_profesional\"><\/span>C\u00f3mo una lesi\u00f3n en el cuello puede afectar a su carrera profesional<span class=\"ez-toc-section-end\"><\/span><\/h2>\n<p>El dolor de cuello dificulta las tareas f\u00edsicas como levantar peso y agacharse, pero tambi\u00e9n afecta a su capacidad para concentrarse y dormir. Si los s\u00edntomas de su lesi\u00f3n en el cuello son graves, tambi\u00e9n afectar\u00e1n a su calidad de vida en general. Para muchos trabajadores, una lesi\u00f3n en el cuello les obliga a ausentarse del trabajo o les impide volver a su puesto anterior.<\/p>\n<p>Por eso existe el sistema de indemnizaci\u00f3n por accidente laboral de Pensilvania. Si se aprueba, la indemnizaci\u00f3n por accidente laboral le ayudar\u00e1 a recuperarse de sus lesiones sin el estr\u00e9s a\u00f1adido de la p\u00e9rdida de ingresos o las facturas m\u00e9dicas. Las prestaciones pueden incluir:<\/p>\n<ul>\n<li>Cobertura del tratamiento m\u00e9dico, incluyendo terapia, cirug\u00eda y tratamiento del dolor.<\/li>\n<li>Sustituci\u00f3n parcial del salario mientras no pueda trabajar.<\/li>\n<li>Indemnizaci\u00f3n por discapacidad permanente si su lesi\u00f3n causa limitaciones duraderas<\/li>\n<li>Formaci\u00f3n profesional si no puede volver a su l\u00ednea de trabajo anterior<\/li>\n<\/ul>\n<p>Contar con un <a href=\"https:\/\/www.pondlehocky.com\/es\/campaign\/pa-workers-compensation\/\">abogado experimentado<\/a> garantiza que estas prestaciones no se retrasen, se reduzcan o se denieguen injustamente.<\/p>\n<h2><span class=\"ez-toc-section\" id=\"Proteger_sus_derechos_despues_de_una_lesion_en_el_cuello\"><\/span>Proteger sus derechos despu\u00e9s de una lesi\u00f3n en el cuello<span class=\"ez-toc-section-end\"><\/span><\/h2>\n<p>Las lesiones en el cuello a veces son objeto de disputa por parte de los empleadores o las compa\u00f1\u00edas de seguros, que alegan que la afecci\u00f3n era \u00abpreexistente\u00bb o no estaba relacionada con su trabajo. En realidad, incluso si exist\u00eda un problema previo, el agravamiento o empeoramiento de esa lesi\u00f3n relacionado con el trabajo puede seguir dando derecho a prestaciones.<\/p>\n<p>Si sufre una lesi\u00f3n en el cuello en el trabajo, comun\u00edquela a su empleador tan pronto como empiece a experimentar los s\u00edntomas. Acuda a un proveedor de atenci\u00f3n m\u00e9dica autorizado, teniendo en cuenta que su empleador puede tener una lista de proveedores entre los que elegir. Lleve un registro de sus tratamientos y visitas, y siga las instrucciones del proveedor de atenci\u00f3n m\u00e9dica.<\/p>\n    <\/section>\n\n\n\n    <section class=\"pl-block pl-highlighted-header-content-block mb-12 mt-8 pt-6 pb-3 md:pt-9 md:pb-3 px-6 md:px-12 bg-blue-dark\">\n\n                    <div class=\"pl-t pl-t--white pl-header--underline w-full mb-6\" data-inviewport>\n                <p>No vuelva al trabajo hasta que su m\u00e9dico le diga que puede hacerlo. Estas medidas crean un v\u00ednculo claro y documentado entre su trabajo y su lesi\u00f3n, y ese v\u00ednculo puede ser muy importante en un caso de indemnizaci\u00f3n laboral.<\/p>\n            <\/div>\n        \n        \n        \n    <\/section>\n\n\n    <section class=\"pl-block pl-raw-content mb-7 pl-t [&#038;.border-t-2]:pt-8  \">\n        <h2><span class=\"ez-toc-section\" id=\"Cuando_ponerse_en_contacto_con_Pond_Lehocky\"><\/span>Cu\u00e1ndo ponerse en contacto con Pond Lehocky<span class=\"ez-toc-section-end\"><\/span><\/h2>\n<p>Si ha sufrido una lesi\u00f3n en el cuello en el trabajo, no deber\u00eda tener que lidiar solo con el sistema legal. Los abogados de Pond Lehocky tienen a\u00f1os de experiencia ayudando a trabajadores lesionados a obtener cobertura m\u00e9dica, prestaciones salariales y compensaci\u00f3n a largo plazo por afecciones duraderas.<\/p>\n<p>Entendemos c\u00f3mo una lesi\u00f3n en el cuello puede afectar a todos los aspectos de su vida. Nuestro equipo se encarga del papeleo, se comunica con las aseguradoras y lucha por sus derechos para que usted pueda centrarse en su recuperaci\u00f3n. P\u00f3ngase en contacto con nosotros tan pronto como experimente los s\u00edntomas, incluso si su reclamaci\u00f3n ya est\u00e1 en tr\u00e1mite o ha sido denegada.<\/p>\n<h2><span class=\"ez-toc-section\" id=\"Seguir_adelante\"><\/span>Seguir adelante<span class=\"ez-toc-section-end\"><\/span><\/h2>\n<p>Una lesi\u00f3n en el cuello puede alterar su rutina, limitar su independencia y amenazar su sustento. Pero con la atenci\u00f3n m\u00e9dica adecuada y una s\u00f3lida representaci\u00f3n legal, la recuperaci\u00f3n y la estabilidad financiera est\u00e1n a su alcance.<\/p>\n<p>Si ha sufrido una lesi\u00f3n en el trabajo, ya sea por una ca\u00edda, un accidente de tr\u00e1fico o por a\u00f1os de esfuerzo, <a href=\"https:\/\/www.pondlehocky.com\/es\/contacte-con\/\">p\u00f3ngase en contacto con Pond Lehocky<\/a> hoy mismo para una consulta gratuita. Le acompa\u00f1aremos en cada paso del camino, asegur\u00e1ndonos de que reciba el tratamiento, las prestaciones y la tranquilidad que se merece.<\/p>\n    <\/section>\n\n","protected":false},"excerpt":{"rendered":"","protected":false},"author":44,"featured_media":8593,"parent":8309,"menu_order":0,"comment_status":"closed","ping_status":"closed","template":"page-sidebar.php","meta":{"_acf_changed":true,"footnotes":"","_elementor_data":""},"class_list":["post-8597","page","type-page","status-publish","has-post-thumbnail","hentry"],"acf":[],"page_builder_type":"gutenberg","gutenberg_data":[],"yoast_head":"<!-- This site is optimized with the Yoast SEO Premium plugin v27.4 (Yoast SEO v27.4) - https:\/\/yoast.com\/product\/yoast-seo-premium-wordpress\/ -->\n<title>Compensaci\u00f3n Laboral por Lesiones Cervicales en el Trabajo: Gu\u00eda Completa Pond Lehocky Giordano, Inc.<\/title>\n<meta name=\"description\" content=\"Explora la Compensaci\u00f3n Laboral por Lesiones Cervicales en el Trabajo y comprende tus derechos frente a lesiones relacionadas con el trabajo.\" \/>\n<meta name=\"robots\" content=\"index, follow, max-snippet:-1, max-image-preview:large, max-video-preview:-1\" \/>\n<link rel=\"canonical\" href=\"https:\/\/www.pondlehocky.com\/es\/lesiones\/lesiones-cervicales\/\" \/>\n<meta property=\"og:locale\" content=\"es_ES\" \/>\n<meta property=\"og:type\" content=\"article\" \/>\n<meta property=\"og:title\" content=\"Compensaci\u00f3n Laboral por Lesiones Cervicales en el Trabajo\" \/>\n<meta property=\"og:description\" content=\"Explora la Compensaci\u00f3n Laboral por Lesiones Cervicales en el Trabajo y comprende tus derechos frente a lesiones relacionadas con el trabajo.\" \/>\n<meta property=\"og:url\" content=\"https:\/\/www.pondlehocky.com\/es\/lesiones\/lesiones-cervicales\/\" \/>\n<meta property=\"og:site_name\" content=\"Pond Lehocky Giordano, Inc.\" \/>\n<meta property=\"article:publisher\" content=\"https:\/\/www.instagram.com\/pondlehocky\/\" \/>\n<meta property=\"article:modified_time\" content=\"2025-12-10T13:42:50+00:00\" \/>\n<meta property=\"og:image\" content=\"https:\/\/www.pondlehocky.com\/wp-content\/uploads\/2025\/12\/getty-images-0pqNRDCYE_Q-unsplash-scaled.jpg\" \/>\n\t<meta property=\"og:image:width\" content=\"2560\" \/>\n\t<meta property=\"og:image:height\" content=\"1707\" \/>\n\t<meta property=\"og:image:type\" content=\"image\/jpeg\" \/>\n<meta name=\"twitter:card\" content=\"summary_large_image\" \/>\n<meta name=\"twitter:label1\" content=\"Tiempo de lectura\" \/>\n\t<meta name=\"twitter:data1\" content=\"1 minuto\" \/>\n<script type=\"application\/ld+json\" class=\"yoast-schema-graph\">{\"@context\":\"https:\\\/\\\/schema.org\",\"@graph\":[{\"@type\":\"WebPage\",\"@id\":\"https:\\\/\\\/www.pondlehocky.com\\\/es\\\/lesiones\\\/lesiones-cervicales\\\/\",\"url\":\"https:\\\/\\\/www.pondlehocky.com\\\/es\\\/lesiones\\\/lesiones-cervicales\\\/\",\"name\":\"Compensaci\u00f3n Laboral por Lesiones Cervicales en el Trabajo: Gu\u00eda Completa Pond Lehocky Giordano, Inc.\",\"isPartOf\":{\"@id\":\"https:\\\/\\\/www.pondlehocky.com\\\/es\\\/#website\"},\"primaryImageOfPage\":{\"@id\":\"https:\\\/\\\/www.pondlehocky.com\\\/es\\\/lesiones\\\/lesiones-cervicales\\\/#primaryimage\"},\"image\":{\"@id\":\"https:\\\/\\\/www.pondlehocky.com\\\/es\\\/lesiones\\\/lesiones-cervicales\\\/#primaryimage\"},\"thumbnailUrl\":\"https:\\\/\\\/www.pondlehocky.com\\\/wp-content\\\/uploads\\\/2025\\\/12\\\/getty-images-0pqNRDCYE_Q-unsplash-scaled.jpg\",\"datePublished\":\"2025-12-10T13:27:37+00:00\",\"dateModified\":\"2025-12-10T13:42:50+00:00\",\"description\":\"Explora la Compensaci\u00f3n Laboral por Lesiones Cervicales en el Trabajo y comprende tus derechos frente a lesiones relacionadas con el trabajo.\",\"breadcrumb\":{\"@id\":\"https:\\\/\\\/www.pondlehocky.com\\\/es\\\/lesiones\\\/lesiones-cervicales\\\/#breadcrumb\"},\"inLanguage\":\"es\",\"potentialAction\":[{\"@type\":\"ReadAction\",\"target\":[\"https:\\\/\\\/www.pondlehocky.com\\\/es\\\/lesiones\\\/lesiones-cervicales\\\/\"]}]},{\"@type\":\"ImageObject\",\"inLanguage\":\"es\",\"@id\":\"https:\\\/\\\/www.pondlehocky.com\\\/es\\\/lesiones\\\/lesiones-cervicales\\\/#primaryimage\",\"url\":\"https:\\\/\\\/www.pondlehocky.com\\\/wp-content\\\/uploads\\\/2025\\\/12\\\/getty-images-0pqNRDCYE_Q-unsplash-scaled.jpg\",\"contentUrl\":\"https:\\\/\\\/www.pondlehocky.com\\\/wp-content\\\/uploads\\\/2025\\\/12\\\/getty-images-0pqNRDCYE_Q-unsplash-scaled.jpg\",\"width\":2560,\"height\":1707,\"caption\":\"A person lies on the ground restrained in a red-and-white cervical immobilization collar, with colorful medical straps securing their head while another individual carefully stabilizes it with both hands.\"},{\"@type\":\"BreadcrumbList\",\"@id\":\"https:\\\/\\\/www.pondlehocky.com\\\/es\\\/lesiones\\\/lesiones-cervicales\\\/#breadcrumb\",\"itemListElement\":[{\"@type\":\"ListItem\",\"position\":1,\"name\":\"Home\",\"item\":\"https:\\\/\\\/www.pondlehocky.com\\\/es\\\/homepage\\\/\"},{\"@type\":\"ListItem\",\"position\":2,\"name\":\"Lesiones\",\"item\":\"https:\\\/\\\/www.pondlehocky.com\\\/es\\\/lesiones\\\/\"},{\"@type\":\"ListItem\",\"position\":3,\"name\":\"Compensaci\u00f3n Laboral por Lesiones Cervicales en el Trabajo\"}]},{\"@type\":\"WebSite\",\"@id\":\"https:\\\/\\\/www.pondlehocky.com\\\/es\\\/#website\",\"url\":\"https:\\\/\\\/www.pondlehocky.com\\\/es\\\/\",\"name\":\"Pond Lehocky Giordano, Inc.\",\"description\":\"Largest workers\u2019 compensation and Social Security disability law firm in Pennsylvania\",\"publisher\":{\"@id\":\"https:\\\/\\\/www.pondlehocky.com\\\/es\\\/#organization\"},\"alternateName\":\"Pond Lehocky Giordano, Inc.\",\"potentialAction\":[{\"@type\":\"SearchAction\",\"target\":{\"@type\":\"EntryPoint\",\"urlTemplate\":\"https:\\\/\\\/www.pondlehocky.com\\\/es\\\/?s={search_term_string}\"},\"query-input\":{\"@type\":\"PropertyValueSpecification\",\"valueRequired\":true,\"valueName\":\"search_term_string\"}}],\"inLanguage\":\"es\"},{\"@type\":\"Organization\",\"@id\":\"https:\\\/\\\/www.pondlehocky.com\\\/es\\\/#organization\",\"name\":\"Pond Lehocky Giordano, Inc\",\"alternateName\":\"Pond Lehocky Giordano, Inc.\",\"url\":\"https:\\\/\\\/www.pondlehocky.com\\\/es\\\/\",\"logo\":{\"@type\":\"ImageObject\",\"inLanguage\":\"es\",\"@id\":\"https:\\\/\\\/www.pondlehocky.com\\\/es\\\/#\\\/schema\\\/logo\\\/image\\\/\",\"url\":\"https:\\\/\\\/www.pondlehocky.com\\\/wp-content\\\/uploads\\\/2024\\\/04\\\/pond-lehocky-logo.png\",\"contentUrl\":\"https:\\\/\\\/www.pondlehocky.com\\\/wp-content\\\/uploads\\\/2024\\\/04\\\/pond-lehocky-logo.png\",\"width\":355,\"height\":28,\"caption\":\"Pond Lehocky Giordano, Inc\"},\"image\":{\"@id\":\"https:\\\/\\\/www.pondlehocky.com\\\/es\\\/#\\\/schema\\\/logo\\\/image\\\/\"},\"sameAs\":[\"https:\\\/\\\/www.instagram.com\\\/pondlehocky\\\/\",\"https:\\\/\\\/www.youtube.com\\\/user\\\/pondlehocky\",\"https:\\\/\\\/www.tiktok.com\\\/@pondlehockygiordano\",\"https:\\\/\\\/www.facebook.com\\\/PondLehocky\",\"https:\\\/\\\/www.linkedin.com\\\/company\\\/pond-lehocky-giordano\\\/\"]}]}<\/script>\n<!-- \/ Yoast SEO Premium plugin. -->","yoast_head_json":{"title":"Compensaci\u00f3n Laboral por Lesiones Cervicales en el Trabajo: Gu\u00eda Completa Pond Lehocky Giordano, Inc.","description":"Explora la Compensaci\u00f3n Laboral por Lesiones Cervicales en el Trabajo y comprende tus derechos frente a lesiones relacionadas con el trabajo.","robots":{"index":"index","follow":"follow","max-snippet":"max-snippet:-1","max-image-preview":"max-image-preview:large","max-video-preview":"max-video-preview:-1"},"canonical":"https:\/\/www.pondlehocky.com\/es\/lesiones\/lesiones-cervicales\/","og_locale":"es_ES","og_type":"article","og_title":"Compensaci\u00f3n Laboral por Lesiones Cervicales en el Trabajo","og_description":"Explora la Compensaci\u00f3n Laboral por Lesiones Cervicales en el Trabajo y comprende tus derechos frente a lesiones relacionadas con el trabajo.","og_url":"https:\/\/www.pondlehocky.com\/es\/lesiones\/lesiones-cervicales\/","og_site_name":"Pond Lehocky Giordano, Inc.","article_publisher":"https:\/\/www.instagram.com\/pondlehocky\/","article_modified_time":"2025-12-10T13:42:50+00:00","og_image":[{"width":2560,"height":1707,"url":"https:\/\/www.pondlehocky.com\/wp-content\/uploads\/2025\/12\/getty-images-0pqNRDCYE_Q-unsplash-scaled.jpg","type":"image\/jpeg"}],"twitter_card":"summary_large_image","twitter_misc":{"Tiempo de lectura":"1 minuto"},"schema":{"@context":"https:\/\/schema.org","@graph":[{"@type":"WebPage","@id":"https:\/\/www.pondlehocky.com\/es\/lesiones\/lesiones-cervicales\/","url":"https:\/\/www.pondlehocky.com\/es\/lesiones\/lesiones-cervicales\/","name":"Compensaci\u00f3n Laboral por Lesiones Cervicales en el Trabajo: Gu\u00eda Completa Pond Lehocky Giordano, Inc.","isPartOf":{"@id":"https:\/\/www.pondlehocky.com\/es\/#website"},"primaryImageOfPage":{"@id":"https:\/\/www.pondlehocky.com\/es\/lesiones\/lesiones-cervicales\/#primaryimage"},"image":{"@id":"https:\/\/www.pondlehocky.com\/es\/lesiones\/lesiones-cervicales\/#primaryimage"},"thumbnailUrl":"https:\/\/www.pondlehocky.com\/wp-content\/uploads\/2025\/12\/getty-images-0pqNRDCYE_Q-unsplash-scaled.jpg","datePublished":"2025-12-10T13:27:37+00:00","dateModified":"2025-12-10T13:42:50+00:00","description":"Explora la Compensaci\u00f3n Laboral por Lesiones Cervicales en el Trabajo y comprende tus derechos frente a lesiones relacionadas con el trabajo.","breadcrumb":{"@id":"https:\/\/www.pondlehocky.com\/es\/lesiones\/lesiones-cervicales\/#breadcrumb"},"inLanguage":"es","potentialAction":[{"@type":"ReadAction","target":["https:\/\/www.pondlehocky.com\/es\/lesiones\/lesiones-cervicales\/"]}]},{"@type":"ImageObject","inLanguage":"es","@id":"https:\/\/www.pondlehocky.com\/es\/lesiones\/lesiones-cervicales\/#primaryimage","url":"https:\/\/www.pondlehocky.com\/wp-content\/uploads\/2025\/12\/getty-images-0pqNRDCYE_Q-unsplash-scaled.jpg","contentUrl":"https:\/\/www.pondlehocky.com\/wp-content\/uploads\/2025\/12\/getty-images-0pqNRDCYE_Q-unsplash-scaled.jpg","width":2560,"height":1707,"caption":"A person lies on the ground restrained in a red-and-white cervical immobilization collar, with colorful medical straps securing their head while another individual carefully stabilizes it with both hands."},{"@type":"BreadcrumbList","@id":"https:\/\/www.pondlehocky.com\/es\/lesiones\/lesiones-cervicales\/#breadcrumb","itemListElement":[{"@type":"ListItem","position":1,"name":"Home","item":"https:\/\/www.pondlehocky.com\/es\/homepage\/"},{"@type":"ListItem","position":2,"name":"Lesiones","item":"https:\/\/www.pondlehocky.com\/es\/lesiones\/"},{"@type":"ListItem","position":3,"name":"Compensaci\u00f3n Laboral por Lesiones Cervicales en el Trabajo"}]},{"@type":"WebSite","@id":"https:\/\/www.pondlehocky.com\/es\/#website","url":"https:\/\/www.pondlehocky.com\/es\/","name":"Pond Lehocky Giordano, Inc.","description":"Largest workers\u2019 compensation and Social Security disability law firm in Pennsylvania","publisher":{"@id":"https:\/\/www.pondlehocky.com\/es\/#organization"},"alternateName":"Pond Lehocky Giordano, Inc.","potentialAction":[{"@type":"SearchAction","target":{"@type":"EntryPoint","urlTemplate":"https:\/\/www.pondlehocky.com\/es\/?s={search_term_string}"},"query-input":{"@type":"PropertyValueSpecification","valueRequired":true,"valueName":"search_term_string"}}],"inLanguage":"es"},{"@type":"Organization","@id":"https:\/\/www.pondlehocky.com\/es\/#organization","name":"Pond Lehocky Giordano, Inc","alternateName":"Pond Lehocky Giordano, Inc.","url":"https:\/\/www.pondlehocky.com\/es\/","logo":{"@type":"ImageObject","inLanguage":"es","@id":"https:\/\/www.pondlehocky.com\/es\/#\/schema\/logo\/image\/","url":"https:\/\/www.pondlehocky.com\/wp-content\/uploads\/2024\/04\/pond-lehocky-logo.png","contentUrl":"https:\/\/www.pondlehocky.com\/wp-content\/uploads\/2024\/04\/pond-lehocky-logo.png","width":355,"height":28,"caption":"Pond Lehocky Giordano, Inc"},"image":{"@id":"https:\/\/www.pondlehocky.com\/es\/#\/schema\/logo\/image\/"},"sameAs":["https:\/\/www.instagram.com\/pondlehocky\/","https:\/\/www.youtube.com\/user\/pondlehocky","https:\/\/www.tiktok.com\/@pondlehockygiordano","https:\/\/www.facebook.com\/PondLehocky","https:\/\/www.linkedin.com\/company\/pond-lehocky-giordano\/"]}]}},"_links":{"self":[{"href":"https:\/\/www.pondlehocky.com\/es\/wp-json\/wp\/v2\/pages\/8597","targetHints":{"allow":["GET"]}}],"collection":[{"href":"https:\/\/www.pondlehocky.com\/es\/wp-json\/wp\/v2\/pages"}],"about":[{"href":"https:\/\/www.pondlehocky.com\/es\/wp-json\/wp\/v2\/types\/page"}],"author":[{"embeddable":true,"href":"https:\/\/www.pondlehocky.com\/es\/wp-json\/wp\/v2\/users\/44"}],"replies":[{"embeddable":true,"href":"https:\/\/www.pondlehocky.com\/es\/wp-json\/wp\/v2\/comments?post=8597"}],"version-history":[{"count":0,"href":"https:\/\/www.pondlehocky.com\/es\/wp-json\/wp\/v2\/pages\/8597\/revisions"}],"up":[{"embeddable":true,"href":"https:\/\/www.pondlehocky.com\/es\/wp-json\/wp\/v2\/pages\/8309"}],"wp:featuredmedia":[{"embeddable":true,"href":"https:\/\/www.pondlehocky.com\/es\/wp-json\/wp\/v2\/media\/8593"}],"wp:attachment":[{"href":"https:\/\/www.pondlehocky.com\/es\/wp-json\/wp\/v2\/media?parent=8597"}],"curies":[{"name":"wp","href":"https:\/\/api.w.org\/{rel}","templated":true}]}}