{"id":8609,"date":"2025-12-15T12:00:00","date_gmt":"2025-12-15T12:00:00","guid":{"rendered":"https:\/\/www.pondlehocky.com\/?page_id=8609"},"modified":"2025-12-10T14:57:48","modified_gmt":"2025-12-10T14:57:48","slug":"lesiones-oculares-y-perdida-de-vision","status":"publish","type":"page","link":"https:\/\/www.pondlehocky.com\/es\/lesiones\/lesiones-oculares-y-perdida-de-vision\/","title":{"rendered":"Compensaci\u00f3n Laboral por Lesiones Oculares y P\u00e9rdida de Visi\u00f3n"},"content":{"rendered":"    <section class=\"pl-block pl-block-key-takeaways\">\n                <div class=\"pl-module pl-module-key-takeaways bg-blue-dark mb-10\">\n            <div class=\"flex justify-between items-center gap-4 bg-yellow py-6 md:py-9 px-6 md:px-12\">\n                <div class=\"text-5xl md:text-6xl leading-9 font-serif text-blue-dark font-bold\">\n                    <h3><span class=\"ez-toc-section\" id=\"Puntos_Clave\"><\/span>Puntos Clave<span class=\"ez-toc-section-end\"><\/span><\/h3>\n                <\/div>\n\n                            <\/div>\n            <div class=\"py-6 md:py-9 px-6 md:px-12\">\n\n                <div class=\"pl-t pl-t--white\">\n                    <ul>\n<li>Las lesiones oculares pueden causar p\u00e9rdida permanente de visi\u00f3n, por lo que el tratamiento m\u00e9dico inmediato y una buena documentaci\u00f3n son fundamentales para una reclamaci\u00f3n s\u00f3lida de compensaci\u00f3n laboral.<\/li>\n<li>La compensaci\u00f3n laboral puede cubrir la atenci\u00f3n m\u00e9dica, la sustituci\u00f3n de salarios y los beneficios por p\u00e9rdida espec\u00edfica en casos de p\u00e9rdida parcial o total de visi\u00f3n \u2014pero las aseguradoras suelen disputar estas reclamaciones\u2014.<\/li>\n<li>Un abogado puede ayudarte a demostrar que la lesi\u00f3n es laboral, asegurar todos los beneficios y combatir las negaciones o las ofertas de acuerdo bajas, especialmente en casos de deterioro grave o permanente.<\/li>\n<\/ul>\n                <\/div>\n\n                            <\/div>\n        <\/div>\n    <\/section>\n\n\n    <section class=\"pl-block pl-raw-content mb-7 pl-t [&#038;.border-t-2]:pt-8  \">\n        <p>Los ojos son una de sus herramientas m\u00e1s valiosas, ya que le ayudan a mantenerse alerta y seguro en el trabajo. Cuando se produce una lesi\u00f3n ocular, esta puede afectar a todos los aspectos de su vida. Ya sea por salpicaduras de productos qu\u00edmicos, proyecci\u00f3n de escombros o un impacto repentino, las lesiones oculares pueden causar dolor intenso, p\u00e9rdida de visi\u00f3n o incluso ceguera permanente.<\/p>\n<p>Para los trabajadores, estas lesiones pueden suponer el fin de su carrera profesional. En Pond Lehocky, comprendemos lo devastadora que puede ser una lesi\u00f3n ocular. Nuestro equipo ayuda a los trabajadores lesionados a obtener la atenci\u00f3n m\u00e9dica, las prestaciones salariales y el apoyo a largo plazo que necesitan a trav\u00e9s del sistema de indemnizaci\u00f3n por accidentes laborales.<\/p>\n<h2><span class=\"ez-toc-section\" id=\"Causas_comunes_de_lesiones_oculares_en_el_trabajo\"><\/span>Causas comunes de lesiones oculares en el trabajo<span class=\"ez-toc-section-end\"><\/span><\/h2>\n<p>Las lesiones oculares pueden ocurrir en casi cualquier entorno laboral, no solo en la construcci\u00f3n o la fabricaci\u00f3n. Los trabajadores de oficina, los profesionales de la salud y los t\u00e9cnicos de laboratorio se enfrentan a riesgos que pueden provocar la p\u00e9rdida parcial o total de la visi\u00f3n si no se toman las precauciones de seguridad adecuadas. Las causas m\u00e1s comunes en el lugar de trabajo incluyen:<\/p>\n<ul>\n<li>Proyectiles o part\u00edculas procedentes del esmerilado, taladrado o corte<\/li>\n<li>Exposici\u00f3n a productos qu\u00edmicos o salpicaduras de productos de limpieza, disolventes o fluidos industriales<\/li>\n<li>Quemaduras por chispas de soldadura o luz ultravioleta<\/li>\n<li>Impactos de herramientas, maquinaria u objetos que caen<\/li>\n<li>Falta de gafas protectoras o mal funcionamiento del equipo de seguridad<\/li>\n<\/ul>\n<p>Incluso una peque\u00f1a part\u00edcula de polvo o metal puede causar irritaci\u00f3n grave, abrasiones corneales o infecciones que amenacen la visi\u00f3n a largo plazo. Por eso, todas las lesiones oculares, por leves que parezcan, merecen atenci\u00f3n inmediata.<\/p>\n    <\/section>\n\n\n\n    <section class=\"pl-block pl-raw-content mb-7 pl-t [&#038;.border-t-2]:pt-8 border-t-2 border-gray\/90 \">\n        <h3><span class=\"ez-toc-section\" id=\"Tipos_de_lesiones_oculares\"><\/span>Tipos de lesiones oculares<span class=\"ez-toc-section-end\"><\/span><\/h3>\n<p>Las lesiones oculares var\u00edan mucho en cuanto a gravedad y causa. Algunas son superficiales, mientras que otras afectan a estructuras m\u00e1s profundas del ojo y al tejido circundante. Las c\u00e9lulas del ojo <a href=\"https:\/\/www.nih.gov\/news-events\/nih-research-matters\/lab-grown-eye-cells-form-new-neural-connections#:~:text=Once%20eye%20cells%20die%2C%20the,the%20National%20Academy%20of%20Sciences.\" target=\"_blank\" rel=\"noopener\">no se regeneran<\/a>, lo que significa que, cuando se da\u00f1an, se puede perder una parte de la visi\u00f3n de forma permanente.<\/p>\n<p>Entre los tipos m\u00e1s comunes de lesiones oculares se incluyen las abrasiones corneales (ara\u00f1azos en la superficie del ojo), las quemaduras qu\u00edmicas, las heridas punzantes y los traumatismos por golpes contundentes que da\u00f1an estructuras internas como la retina o el nervio \u00f3ptico. Adem\u00e1s, la luz azul (de las pantallas de ordenador, el sol y las pantallas y luces LED) tambi\u00e9n puede causar da\u00f1os, aunque a\u00fan se est\u00e1n realizando investigaciones para determinar el alcance de los posibles da\u00f1os que puede causar.<\/p>\n<p>Los s\u00edntomas de las lesiones oculares pueden incluir enrojecimiento, dolor, lagrimeo, visi\u00f3n borrosa, sensibilidad a la luz y dificultad para mantener los ojos abiertos. En casos graves, la p\u00e9rdida de visi\u00f3n puede producirse de forma inmediata o desarrollarse gradualmente con el tiempo. Es fundamental buscar tratamiento m\u00e9dico r\u00e1pido para evitar da\u00f1os permanentes.<\/p>\n<h2><span class=\"ez-toc-section\" id=\"Tratamiento_y_recuperacion\"><\/span>Tratamiento y recuperaci\u00f3n<span class=\"ez-toc-section-end\"><\/span><\/h2>\n<p>El tratamiento de una lesi\u00f3n ocular depende de su tipo y gravedad. Las abrasiones leves pueden curarse con reposo, pomadas antibi\u00f3ticas y protecci\u00f3n ocular. Las lesiones m\u00e1s graves pueden requerir cirug\u00eda, terapia visual o el uso prolongado de gafas protectoras.<\/p>\n<p>La recuperaci\u00f3n puede ser impredecible. Algunos pacientes recuperan la visi\u00f3n completa, mientras que otros experimentan efectos persistentes, como visi\u00f3n doble, reducci\u00f3n de la claridad o molestias cr\u00f3nicas. En casos de p\u00e9rdida permanente de la visi\u00f3n, los trabajadores pueden necesitar adaptaciones o incluso un cambio completo de carrera.<\/p>\n<p>La recuperaci\u00f3n emocional es igualmente importante, ya que adaptarse a la ceguera parcial o total puede ser muy dif\u00edcil y causar angustia mental y p\u00e9rdida del disfrute de la vida.<\/p>\n    <\/section>\n\n\n\n\n<figure class=\"wp-block-image size-large\"><img decoding=\"async\" width=\"1024\" height=\"683\" src=\"https:\/\/34zjl1fr.cdn.imgeng.in\/wp-content\/uploads\/2025\/12\/judy-beth-morris-Y0D5L-qKUcw-unsplash-1024x683.jpg\" alt=\"A person seated behind a large optometry phoropter during an eye exam, with their face framed by the two circular viewing lenses of the machine, surrounded by soft clinical lighting and equipment in the background.\" class=\"wp-image-8608\" srcset=\"https:\/\/34zjl1fr.cdn.imgeng.in\/wp-content\/uploads\/2025\/12\/judy-beth-morris-Y0D5L-qKUcw-unsplash-1024x683.jpg 1024w, https:\/\/34zjl1fr.cdn.imgeng.in\/wp-content\/uploads\/2025\/12\/judy-beth-morris-Y0D5L-qKUcw-unsplash-300x200.jpg 300w, https:\/\/34zjl1fr.cdn.imgeng.in\/wp-content\/uploads\/2025\/12\/judy-beth-morris-Y0D5L-qKUcw-unsplash-768x512.jpg 768w, https:\/\/34zjl1fr.cdn.imgeng.in\/wp-content\/uploads\/2025\/12\/judy-beth-morris-Y0D5L-qKUcw-unsplash-1536x1024.jpg 1536w, https:\/\/34zjl1fr.cdn.imgeng.in\/wp-content\/uploads\/2025\/12\/judy-beth-morris-Y0D5L-qKUcw-unsplash-2048x1365.jpg 2048w\" sizes=\"(max-width: 1024px) 100vw, 1024px\" \/><\/figure>\n\n\n    <section class=\"pl-block pl-raw-content mb-7 pl-t [&#038;.border-t-2]:pt-8  \">\n        <p>&nbsp;<\/p>\n<h2><span class=\"ez-toc-section\" id=\"Indemnizacion_por_lesiones_oculares\"><\/span>Indemnizaci\u00f3n por lesiones oculares<span class=\"ez-toc-section-end\"><\/span><\/h2>\n<p>Seg\u00fan las leyes de indemnizaci\u00f3n por accidentes laborales, los empleados que sufren lesiones oculares relacionadas con el trabajo tienen derecho a atenci\u00f3n m\u00e9dica y sustituci\u00f3n salarial. Esto incluye tratamiento de urgencia, cirug\u00edas, recetas y rehabilitaci\u00f3n. Si una lesi\u00f3n ocular provoca una p\u00e9rdida parcial o total de la visi\u00f3n, es posible que tenga derecho a prestaciones espec\u00edficas por p\u00e9rdida, que proporcionan una indemnizaci\u00f3n adicional en funci\u00f3n de la gravedad de su discapacidad.<\/p>\n<p>Estas prestaciones tambi\u00e9n se pueden aplicar si pierde la vista en uno o ambos ojos, o si las cicatrices y la desfiguraci\u00f3n alrededor del ojo afectan a su apariencia. Dado que las reclamaciones relacionadas con la visi\u00f3n suelen ser muy complejas, es importante contar con un abogado que sepa c\u00f3mo calcular y reclamar todas las prestaciones a las que tiene derecho.<\/p>\n<h2><span class=\"ez-toc-section\" id=\"Que_hacer_despues_de_una_lesion_ocular_en_el_lugar_de_trabajo\"><\/span>Qu\u00e9 hacer despu\u00e9s de una lesi\u00f3n ocular en el lugar de trabajo<span class=\"ez-toc-section-end\"><\/span><\/h2>\n<p>Cuando se produzca una lesi\u00f3n ocular, acuda inmediatamente al m\u00e9dico, incluso si cree que su ojo est\u00e1 bien. No intente enjuagar o tratar la lesi\u00f3n usted mismo a menos que se lo indique un profesional. Informe inmediatamente a su supervisor o al responsable de seguridad y rellene un informe del incidente en el que detalle c\u00f3mo se produjo la lesi\u00f3n, ya que no informar de la lesi\u00f3n podr\u00eda afectar negativamente a su capacidad para presentar una reclamaci\u00f3n de indemnizaci\u00f3n laboral si fuera necesario.<\/p>\n<p>Despu\u00e9s de recibir tratamiento m\u00e9dico, aseg\u00farese de que su m\u00e9dico documente que la lesi\u00f3n se produjo en el trabajo. Guarde copias de todos los informes, recetas e instrucciones de seguimiento. Estos registros respaldar\u00e1n su reclamaci\u00f3n de indemnizaci\u00f3n laboral si surgen dudas m\u00e1s adelante.<\/p>\n<p>Por \u00faltimo, p\u00f3ngase en contacto con un <a href=\"https:\/\/www.pondlehocky.com\/es\/areas-de-practica\/indemnizacion-por-accidente-de-trabajo\/\">abogado especializado en indemnizaci\u00f3n laboral<\/a> lo antes posible. Un abogado con experiencia puede ayudarle a garantizar que su reclamaci\u00f3n se presente correctamente y que se cumplan los plazos importantes. Si su reclamaci\u00f3n es denegada o recibe una oferta de indemnizaci\u00f3n por debajo de lo esperado, un abogado puede ayudarle con la apelaci\u00f3n y negociar la indemnizaci\u00f3n justa que necesita para recuperarse.<\/p>\n<h2><span class=\"ez-toc-section\" id=\"Como_Pond_Lehocky_apoya_a_los_trabajadores_lesionados\"><\/span>C\u00f3mo Pond Lehocky apoya a los trabajadores lesionados<span class=\"ez-toc-section-end\"><\/span><\/h2>\n<p>Recuperarse de una lesi\u00f3n ocular requiere curaci\u00f3n y reconstruir su vida. Nuestros abogados de Pond Lehocky trabajan en estrecha colaboraci\u00f3n con expertos m\u00e9dicos para documentar su condici\u00f3n y evaluar sus necesidades a largo plazo. Entendemos que cubrir sus facturas m\u00e9dicas actuales y los salarios perdidos a menudo no es suficiente para ayudarle a seguir adelante, por lo que abogamos por la indemnizaci\u00f3n adicional a la que tiene derecho.<\/p>\n<p>Nosotros nos encargamos de las complejidades legales para que usted pueda centrarse en su recuperaci\u00f3n. Tanto si su reclamaci\u00f3n se refiere a una lesi\u00f3n temporal como a una p\u00e9rdida permanente de la visi\u00f3n, luchamos por una cobertura que incluya todos los aspectos de su atenci\u00f3n, desde el tratamiento de urgencia hasta la rehabilitaci\u00f3n y los gastos m\u00e9dicos futuros.<\/p>\n    <\/section>\n\n\n\n    <section class=\"pl-block pl-highlighted-header-content-block mb-12 mt-8 pt-6 pb-3 md:pt-9 md:pb-3 px-6 md:px-12 bg-blue-dark\">\n\n                    <div class=\"pl-t pl-t--white pl-header--underline w-full mb-6\" data-inviewport>\n                <p>Si a\u00fan no ha presentado una reclamaci\u00f3n, su reclamaci\u00f3n ha sido denegada o cree que su reclamaci\u00f3n se ha retrasado, podemos ayudarle. Podemos ayudarle independientemente de la fase del proceso de reclamaci\u00f3n en la que se encuentre.<\/p>\n            <\/div>\n        \n        \n        \n    <\/section>\n\n\n    <section class=\"pl-block pl-raw-content mb-7 pl-t [&#038;.border-t-2]:pt-8  \">\n        <h2><span class=\"ez-toc-section\" id=\"Protegiendo_su_vision_y_sus_derechos\"><\/span>Protegiendo su visi\u00f3n y sus derechos<span class=\"ez-toc-section-end\"><\/span><\/h2>\n<p>Perder parte o la totalidad de su visi\u00f3n puede afectar a todos los aspectos de su vida, desde su capacidad para trabajar hasta c\u00f3mo realiza sus rutinas diarias. Afortunadamente, no tiene que afrontar ese futuro solo.<\/p>\n<p>Si ha sufrido una lesi\u00f3n ocular en el trabajo, <a href=\"https:\/\/www.pondlehocky.com\/es\/contacte-con\/\">p\u00f3ngase en contacto con Pond Lehocky<\/a> hoy mismo. Nuestro equipo est\u00e1 aqu\u00ed para guiarle a trav\u00e9s del proceso de indemnizaci\u00f3n laboral, garantizar la protecci\u00f3n de sus derechos y ayudarle a obtener los recursos que necesita para seguir adelante con confianza.<\/p>\n    <\/section>\n\n","protected":false},"excerpt":{"rendered":"","protected":false},"author":44,"featured_media":8605,"parent":8309,"menu_order":0,"comment_status":"closed","ping_status":"closed","template":"page-sidebar.php","meta":{"_acf_changed":true,"footnotes":"","_elementor_data":""},"class_list":["post-8609","page","type-page","status-publish","has-post-thumbnail","hentry"],"acf":[],"page_builder_type":"gutenberg","gutenberg_data":[],"yoast_head":"<!-- This site is optimized with the Yoast SEO Premium plugin v27.3 (Yoast SEO v27.3) - https:\/\/yoast.com\/product\/yoast-seo-premium-wordpress\/ -->\n<title>Compensaci\u00f3n Laboral por Lesiones Oculares y P\u00e9rdida de Visi\u00f3n: Pasos a SeguirPond Lehocky Giordano, Inc.<\/title>\n<meta name=\"description\" content=\"Comprende tus derechos sobre la compensaci\u00f3n laboral por lesiones oculares y p\u00e9rdida de visi\u00f3n en el lugar de trabajo.\" \/>\n<meta name=\"robots\" content=\"index, follow, max-snippet:-1, max-image-preview:large, max-video-preview:-1\" \/>\n<link rel=\"canonical\" href=\"https:\/\/www.pondlehocky.com\/es\/lesiones\/lesiones-oculares-y-perdida-de-vision\/\" \/>\n<meta property=\"og:locale\" content=\"es_ES\" \/>\n<meta property=\"og:type\" content=\"article\" \/>\n<meta property=\"og:title\" content=\"Compensaci\u00f3n Laboral por Lesiones Oculares y P\u00e9rdida de Visi\u00f3n\" \/>\n<meta property=\"og:description\" content=\"Comprende tus derechos sobre la compensaci\u00f3n laboral por lesiones oculares y p\u00e9rdida de visi\u00f3n en el lugar de trabajo.\" \/>\n<meta property=\"og:url\" content=\"https:\/\/www.pondlehocky.com\/es\/lesiones\/lesiones-oculares-y-perdida-de-vision\/\" \/>\n<meta property=\"og:site_name\" content=\"Pond Lehocky Giordano, Inc.\" \/>\n<meta property=\"article:publisher\" content=\"https:\/\/www.instagram.com\/pondlehocky\/\" \/>\n<meta property=\"og:image\" content=\"https:\/\/www.pondlehocky.com\/wp-content\/uploads\/2025\/12\/getty-images-S4o_Emy3DVk-unsplash-1024x576.jpg\" \/>\n\t<meta property=\"og:image:width\" content=\"1024\" \/>\n\t<meta property=\"og:image:height\" content=\"576\" \/>\n\t<meta property=\"og:image:type\" content=\"image\/jpeg\" \/>\n<meta name=\"twitter:card\" content=\"summary_large_image\" \/>\n<meta name=\"twitter:label1\" content=\"Tiempo de lectura\" \/>\n\t<meta name=\"twitter:data1\" content=\"1 minuto\" \/>\n<script type=\"application\/ld+json\" class=\"yoast-schema-graph\">{\"@context\":\"https:\\\/\\\/schema.org\",\"@graph\":[{\"@type\":\"WebPage\",\"@id\":\"https:\\\/\\\/www.pondlehocky.com\\\/es\\\/lesiones\\\/lesiones-oculares-y-perdida-de-vision\\\/\",\"url\":\"https:\\\/\\\/www.pondlehocky.com\\\/es\\\/lesiones\\\/lesiones-oculares-y-perdida-de-vision\\\/\",\"name\":\"Compensaci\u00f3n Laboral por Lesiones Oculares y P\u00e9rdida de Visi\u00f3n: Pasos a SeguirPond Lehocky Giordano, Inc.\",\"isPartOf\":{\"@id\":\"https:\\\/\\\/www.pondlehocky.com\\\/es\\\/#website\"},\"primaryImageOfPage\":{\"@id\":\"https:\\\/\\\/www.pondlehocky.com\\\/es\\\/lesiones\\\/lesiones-oculares-y-perdida-de-vision\\\/#primaryimage\"},\"image\":{\"@id\":\"https:\\\/\\\/www.pondlehocky.com\\\/es\\\/lesiones\\\/lesiones-oculares-y-perdida-de-vision\\\/#primaryimage\"},\"thumbnailUrl\":\"https:\\\/\\\/www.pondlehocky.com\\\/wp-content\\\/uploads\\\/2025\\\/12\\\/getty-images-S4o_Emy3DVk-unsplash.jpg\",\"datePublished\":\"2025-12-15T12:00:00+00:00\",\"description\":\"Comprende tus derechos sobre la compensaci\u00f3n laboral por lesiones oculares y p\u00e9rdida de visi\u00f3n en el lugar de trabajo.\",\"breadcrumb\":{\"@id\":\"https:\\\/\\\/www.pondlehocky.com\\\/es\\\/lesiones\\\/lesiones-oculares-y-perdida-de-vision\\\/#breadcrumb\"},\"inLanguage\":\"es\",\"potentialAction\":[{\"@type\":\"ReadAction\",\"target\":[\"https:\\\/\\\/www.pondlehocky.com\\\/es\\\/lesiones\\\/lesiones-oculares-y-perdida-de-vision\\\/\"]}]},{\"@type\":\"ImageObject\",\"inLanguage\":\"es\",\"@id\":\"https:\\\/\\\/www.pondlehocky.com\\\/es\\\/lesiones\\\/lesiones-oculares-y-perdida-de-vision\\\/#primaryimage\",\"url\":\"https:\\\/\\\/www.pondlehocky.com\\\/wp-content\\\/uploads\\\/2025\\\/12\\\/getty-images-S4o_Emy3DVk-unsplash.jpg\",\"contentUrl\":\"https:\\\/\\\/www.pondlehocky.com\\\/wp-content\\\/uploads\\\/2025\\\/12\\\/getty-images-S4o_Emy3DVk-unsplash.jpg\",\"width\":9428,\"height\":5303,\"caption\":\"A close-up macro shot of a human eye showing intricate iris patterns in mixed shades of green, brown, and gold, with detailed textures, visible blood vessels around the sclera, and a bright reflection of light on the cornea.\"},{\"@type\":\"BreadcrumbList\",\"@id\":\"https:\\\/\\\/www.pondlehocky.com\\\/es\\\/lesiones\\\/lesiones-oculares-y-perdida-de-vision\\\/#breadcrumb\",\"itemListElement\":[{\"@type\":\"ListItem\",\"position\":1,\"name\":\"Home\",\"item\":\"https:\\\/\\\/www.pondlehocky.com\\\/es\\\/homepage\\\/\"},{\"@type\":\"ListItem\",\"position\":2,\"name\":\"Lesiones\",\"item\":\"https:\\\/\\\/www.pondlehocky.com\\\/es\\\/lesiones\\\/\"},{\"@type\":\"ListItem\",\"position\":3,\"name\":\"Compensaci\u00f3n Laboral por Lesiones Oculares y P\u00e9rdida de Visi\u00f3n\"}]},{\"@type\":\"WebSite\",\"@id\":\"https:\\\/\\\/www.pondlehocky.com\\\/es\\\/#website\",\"url\":\"https:\\\/\\\/www.pondlehocky.com\\\/es\\\/\",\"name\":\"Pond Lehocky Giordano, Inc.\",\"description\":\"Largest workers\u2019 compensation and Social Security disability law firm in Pennsylvania\",\"publisher\":{\"@id\":\"https:\\\/\\\/www.pondlehocky.com\\\/es\\\/#organization\"},\"alternateName\":\"Pond Lehocky Giordano, Inc.\",\"potentialAction\":[{\"@type\":\"SearchAction\",\"target\":{\"@type\":\"EntryPoint\",\"urlTemplate\":\"https:\\\/\\\/www.pondlehocky.com\\\/es\\\/?s={search_term_string}\"},\"query-input\":{\"@type\":\"PropertyValueSpecification\",\"valueRequired\":true,\"valueName\":\"search_term_string\"}}],\"inLanguage\":\"es\"},{\"@type\":\"Organization\",\"@id\":\"https:\\\/\\\/www.pondlehocky.com\\\/es\\\/#organization\",\"name\":\"Pond Lehocky Giordano, Inc\",\"alternateName\":\"Pond Lehocky Giordano, Inc.\",\"url\":\"https:\\\/\\\/www.pondlehocky.com\\\/es\\\/\",\"logo\":{\"@type\":\"ImageObject\",\"inLanguage\":\"es\",\"@id\":\"https:\\\/\\\/www.pondlehocky.com\\\/es\\\/#\\\/schema\\\/logo\\\/image\\\/\",\"url\":\"https:\\\/\\\/www.pondlehocky.com\\\/wp-content\\\/uploads\\\/2024\\\/04\\\/pond-lehocky-logo.png\",\"contentUrl\":\"https:\\\/\\\/www.pondlehocky.com\\\/wp-content\\\/uploads\\\/2024\\\/04\\\/pond-lehocky-logo.png\",\"width\":355,\"height\":28,\"caption\":\"Pond Lehocky Giordano, Inc\"},\"image\":{\"@id\":\"https:\\\/\\\/www.pondlehocky.com\\\/es\\\/#\\\/schema\\\/logo\\\/image\\\/\"},\"sameAs\":[\"https:\\\/\\\/www.instagram.com\\\/pondlehocky\\\/\",\"https:\\\/\\\/www.youtube.com\\\/user\\\/pondlehocky\",\"https:\\\/\\\/www.tiktok.com\\\/@pondlehockygiordano\",\"https:\\\/\\\/www.facebook.com\\\/PondLehocky\",\"https:\\\/\\\/www.linkedin.com\\\/company\\\/pond-lehocky-giordano\\\/\"]}]}<\/script>\n<!-- \/ Yoast SEO Premium plugin. -->","yoast_head_json":{"title":"Compensaci\u00f3n Laboral por Lesiones Oculares y P\u00e9rdida de Visi\u00f3n: Pasos a SeguirPond Lehocky Giordano, Inc.","description":"Comprende tus derechos sobre la compensaci\u00f3n laboral por lesiones oculares y p\u00e9rdida de visi\u00f3n en el lugar de trabajo.","robots":{"index":"index","follow":"follow","max-snippet":"max-snippet:-1","max-image-preview":"max-image-preview:large","max-video-preview":"max-video-preview:-1"},"canonical":"https:\/\/www.pondlehocky.com\/es\/lesiones\/lesiones-oculares-y-perdida-de-vision\/","og_locale":"es_ES","og_type":"article","og_title":"Compensaci\u00f3n Laboral por Lesiones Oculares y P\u00e9rdida de Visi\u00f3n","og_description":"Comprende tus derechos sobre la compensaci\u00f3n laboral por lesiones oculares y p\u00e9rdida de visi\u00f3n en el lugar de trabajo.","og_url":"https:\/\/www.pondlehocky.com\/es\/lesiones\/lesiones-oculares-y-perdida-de-vision\/","og_site_name":"Pond Lehocky Giordano, Inc.","article_publisher":"https:\/\/www.instagram.com\/pondlehocky\/","og_image":[{"width":1024,"height":576,"url":"https:\/\/www.pondlehocky.com\/wp-content\/uploads\/2025\/12\/getty-images-S4o_Emy3DVk-unsplash-1024x576.jpg","type":"image\/jpeg"}],"twitter_card":"summary_large_image","twitter_misc":{"Tiempo de lectura":"1 minuto"},"schema":{"@context":"https:\/\/schema.org","@graph":[{"@type":"WebPage","@id":"https:\/\/www.pondlehocky.com\/es\/lesiones\/lesiones-oculares-y-perdida-de-vision\/","url":"https:\/\/www.pondlehocky.com\/es\/lesiones\/lesiones-oculares-y-perdida-de-vision\/","name":"Compensaci\u00f3n Laboral por Lesiones Oculares y P\u00e9rdida de Visi\u00f3n: Pasos a SeguirPond Lehocky Giordano, Inc.","isPartOf":{"@id":"https:\/\/www.pondlehocky.com\/es\/#website"},"primaryImageOfPage":{"@id":"https:\/\/www.pondlehocky.com\/es\/lesiones\/lesiones-oculares-y-perdida-de-vision\/#primaryimage"},"image":{"@id":"https:\/\/www.pondlehocky.com\/es\/lesiones\/lesiones-oculares-y-perdida-de-vision\/#primaryimage"},"thumbnailUrl":"https:\/\/www.pondlehocky.com\/wp-content\/uploads\/2025\/12\/getty-images-S4o_Emy3DVk-unsplash.jpg","datePublished":"2025-12-15T12:00:00+00:00","description":"Comprende tus derechos sobre la compensaci\u00f3n laboral por lesiones oculares y p\u00e9rdida de visi\u00f3n en el lugar de trabajo.","breadcrumb":{"@id":"https:\/\/www.pondlehocky.com\/es\/lesiones\/lesiones-oculares-y-perdida-de-vision\/#breadcrumb"},"inLanguage":"es","potentialAction":[{"@type":"ReadAction","target":["https:\/\/www.pondlehocky.com\/es\/lesiones\/lesiones-oculares-y-perdida-de-vision\/"]}]},{"@type":"ImageObject","inLanguage":"es","@id":"https:\/\/www.pondlehocky.com\/es\/lesiones\/lesiones-oculares-y-perdida-de-vision\/#primaryimage","url":"https:\/\/www.pondlehocky.com\/wp-content\/uploads\/2025\/12\/getty-images-S4o_Emy3DVk-unsplash.jpg","contentUrl":"https:\/\/www.pondlehocky.com\/wp-content\/uploads\/2025\/12\/getty-images-S4o_Emy3DVk-unsplash.jpg","width":9428,"height":5303,"caption":"A close-up macro shot of a human eye showing intricate iris patterns in mixed shades of green, brown, and gold, with detailed textures, visible blood vessels around the sclera, and a bright reflection of light on the cornea."},{"@type":"BreadcrumbList","@id":"https:\/\/www.pondlehocky.com\/es\/lesiones\/lesiones-oculares-y-perdida-de-vision\/#breadcrumb","itemListElement":[{"@type":"ListItem","position":1,"name":"Home","item":"https:\/\/www.pondlehocky.com\/es\/homepage\/"},{"@type":"ListItem","position":2,"name":"Lesiones","item":"https:\/\/www.pondlehocky.com\/es\/lesiones\/"},{"@type":"ListItem","position":3,"name":"Compensaci\u00f3n Laboral por Lesiones Oculares y P\u00e9rdida de Visi\u00f3n"}]},{"@type":"WebSite","@id":"https:\/\/www.pondlehocky.com\/es\/#website","url":"https:\/\/www.pondlehocky.com\/es\/","name":"Pond Lehocky Giordano, Inc.","description":"Largest workers\u2019 compensation and Social Security disability law firm in Pennsylvania","publisher":{"@id":"https:\/\/www.pondlehocky.com\/es\/#organization"},"alternateName":"Pond Lehocky Giordano, Inc.","potentialAction":[{"@type":"SearchAction","target":{"@type":"EntryPoint","urlTemplate":"https:\/\/www.pondlehocky.com\/es\/?s={search_term_string}"},"query-input":{"@type":"PropertyValueSpecification","valueRequired":true,"valueName":"search_term_string"}}],"inLanguage":"es"},{"@type":"Organization","@id":"https:\/\/www.pondlehocky.com\/es\/#organization","name":"Pond Lehocky Giordano, Inc","alternateName":"Pond Lehocky Giordano, Inc.","url":"https:\/\/www.pondlehocky.com\/es\/","logo":{"@type":"ImageObject","inLanguage":"es","@id":"https:\/\/www.pondlehocky.com\/es\/#\/schema\/logo\/image\/","url":"https:\/\/www.pondlehocky.com\/wp-content\/uploads\/2024\/04\/pond-lehocky-logo.png","contentUrl":"https:\/\/www.pondlehocky.com\/wp-content\/uploads\/2024\/04\/pond-lehocky-logo.png","width":355,"height":28,"caption":"Pond Lehocky Giordano, Inc"},"image":{"@id":"https:\/\/www.pondlehocky.com\/es\/#\/schema\/logo\/image\/"},"sameAs":["https:\/\/www.instagram.com\/pondlehocky\/","https:\/\/www.youtube.com\/user\/pondlehocky","https:\/\/www.tiktok.com\/@pondlehockygiordano","https:\/\/www.facebook.com\/PondLehocky","https:\/\/www.linkedin.com\/company\/pond-lehocky-giordano\/"]}]}},"_links":{"self":[{"href":"https:\/\/www.pondlehocky.com\/es\/wp-json\/wp\/v2\/pages\/8609","targetHints":{"allow":["GET"]}}],"collection":[{"href":"https:\/\/www.pondlehocky.com\/es\/wp-json\/wp\/v2\/pages"}],"about":[{"href":"https:\/\/www.pondlehocky.com\/es\/wp-json\/wp\/v2\/types\/page"}],"author":[{"embeddable":true,"href":"https:\/\/www.pondlehocky.com\/es\/wp-json\/wp\/v2\/users\/44"}],"replies":[{"embeddable":true,"href":"https:\/\/www.pondlehocky.com\/es\/wp-json\/wp\/v2\/comments?post=8609"}],"version-history":[{"count":0,"href":"https:\/\/www.pondlehocky.com\/es\/wp-json\/wp\/v2\/pages\/8609\/revisions"}],"up":[{"embeddable":true,"href":"https:\/\/www.pondlehocky.com\/es\/wp-json\/wp\/v2\/pages\/8309"}],"wp:featuredmedia":[{"embeddable":true,"href":"https:\/\/www.pondlehocky.com\/es\/wp-json\/wp\/v2\/media\/8605"}],"wp:attachment":[{"href":"https:\/\/www.pondlehocky.com\/es\/wp-json\/wp\/v2\/media?parent=8609"}],"curies":[{"name":"wp","href":"https:\/\/api.w.org\/{rel}","templated":true}]}}