{"id":8616,"date":"2025-12-17T12:00:00","date_gmt":"2025-12-17T12:00:00","guid":{"rendered":"https:\/\/www.pondlehocky.com\/?page_id=8616"},"modified":"2025-12-10T15:49:39","modified_gmt":"2025-12-10T15:49:39","slug":"lesiones-en-los-pies-y-los-tobillos","status":"publish","type":"page","link":"https:\/\/www.pondlehocky.com\/es\/lesiones\/lesiones-en-los-pies-y-los-tobillos\/","title":{"rendered":"Compensaci\u00f3n Laboral por Lesiones en los Pies y los Tobillos"},"content":{"rendered":"    <section class=\"pl-block pl-block-key-takeaways\">\n                <div class=\"pl-module pl-module-key-takeaways bg-blue-dark mb-10\">\n            <div class=\"flex justify-between items-center gap-4 bg-yellow py-6 md:py-9 px-6 md:px-12\">\n                <div class=\"text-5xl md:text-6xl leading-9 font-serif text-blue-dark font-bold\">\n                    <h3><span class=\"ez-toc-section\" id=\"Puntos_Clave\"><\/span>Puntos Clave<span class=\"ez-toc-section-end\"><\/span><\/h3>\n                <\/div>\n\n                            <\/div>\n            <div class=\"py-6 md:py-9 px-6 md:px-12\">\n\n                <div class=\"pl-t pl-t--white\">\n                    <ul>\n<li>Las lesiones en los pies y los tobillos pueden limitar gravemente la movilidad y la capacidad de trabajar, por lo que la atenci\u00f3n m\u00e9dica r\u00e1pida y una documentaci\u00f3n s\u00f3lida son esenciales para la compensaci\u00f3n laboral.<\/li>\n<li>Las aseguradoras a menudo disputan estas reclamaciones como \u201cpreexistentes\u201d, as\u00ed que es fundamental vincular claramente la lesi\u00f3n o el agravamiento con el trabajo.<\/li>\n<li>Un abogado puede ayudarte a obtener cobertura m\u00e9dica, sustituci\u00f3n de salarios y beneficios por discapacidad permanente, especialmente cuando hay cirug\u00eda, una recuperaci\u00f3n prolongada o limitaciones a largo plazo.<\/li>\n<\/ul>\n                <\/div>\n\n                            <\/div>\n        <\/div>\n    <\/section>\n\n\n    <section class=\"pl-block pl-raw-content mb-7 pl-t [&#038;.border-t-2]:pt-8  \">\n        <p>Los pies y los tobillos soportan el peso corporal, equilibran cada movimiento y absorben el impacto de cada paso. Cuando se lesionan, incluso tareas sencillas como caminar, estar de pie o subir escaleras pueden resultar dolorosas o imposibles.<\/p>\n<p>Los trabajadores que pasan muchas horas de pie, como los obreros de la construcci\u00f3n, las enfermeras, los empleados de almac\u00e9n y el personal de restauraci\u00f3n, son especialmente vulnerables a las lesiones en los pies y los tobillos. Una lesi\u00f3n en el pie o el tobillo puede impedirle realizar tareas esenciales de su trabajo, lo que le supone una carga tanto f\u00edsica como econ\u00f3mica. En Pond Lehocky, comprendemos estos retos y ayudamos a los trabajadores lesionados a obtener la atenci\u00f3n m\u00e9dica y la indemnizaci\u00f3n que necesitan para recuperarse y recuperar su independencia.<\/p>\n<h2><span class=\"ez-toc-section\" id=\"Causas_comunes_de_las_lesiones_en_los_pies_y_los_tobillos\"><\/span>Causas comunes de las lesiones en los pies y los tobillos<span class=\"ez-toc-section-end\"><\/span><\/h2>\n<p>Las lesiones en los pies y los tobillos pueden producirse en casi cualquier lugar de trabajo. Las causas m\u00e1s comunes son las ca\u00eddas, los resbalones, los tropiezos, el levantamiento de objetos pesados, el esfuerzo excesivo, el estr\u00e9s repetitivo, la mala ergonom\u00eda y los accidentes con maquinaria u objetos que caen.<\/p>\n<p>Incluso las lesiones leves pueden empeorar si no se atienden r\u00e1pidamente, lo que puede provocar dolor cr\u00f3nico o complicaciones a largo plazo que afecten a la movilidad y a la salud en general. Si necesita una intervenci\u00f3n quir\u00fargica en el pie o el tobillo, el tiempo de recuperaci\u00f3n puede ser largo.<\/p>\n<p>La hinchaz\u00f3n de los pies y los tobillos despu\u00e9s de la cirug\u00eda es com\u00fan, e incluso despu\u00e9s del reposo inicial y la rehabilitaci\u00f3n, existe un fen\u00f3meno bien documentado conocido como la <a href=\"https:\/\/pmc.ncbi.nlm.nih.gov\/articles\/PMC10573441\/\" target=\"_blank\" rel=\"noopener\">fase de adaptaci\u00f3n postoperatoria de tres meses<\/a>, en la que la hinchaz\u00f3n y el dolor pueden reaparecer. Esta complicaci\u00f3n puede limitar a\u00fan m\u00e1s su capacidad para trabajar o disfrutar de la vida.<\/p>\n    <\/section>\n\n\n\n    <section class=\"pl-block pl-highlighted-header-content-block mb-12 mt-8 pt-6 pb-3 md:pt-9 md:pb-3 px-6 md:px-12 bg-blue-dark\">\n\n                    <div class=\"pl-t pl-t--white pl-header--underline w-full mb-6\" data-inviewport>\n                <h2><span class=\"ez-toc-section\" id=\"Tipos_de_lesiones_en_los_pies_y_los_tobillos\"><\/span>Tipos de lesiones en los pies y los tobillos<span class=\"ez-toc-section-end\"><\/span><\/h2>\n            <\/div>\n        \n                    <div class=\"pl-t pl-t--white pl-t--nested-list\">\n                <p>Las lesiones en los pies y los tobillos pueden ser de leves a graves. Entre ellas se incluyen esguinces, distensiones, fracturas, luxaciones, lesiones de tendones, fascitis plantar y lesiones por aplastamiento.<\/p>\n<p>Algunas lesiones pueden curarse con reposo y terapia, mientras que otras requieren cirug\u00eda o rehabilitaci\u00f3n a largo plazo. Las lesiones no tratadas pueden provocar dolor cr\u00f3nico, inestabilidad o cambios en la forma de caminar, lo que puede afectar a las rodillas, las caderas o la columna vertebral. El resultado puede ser un efecto en cadena de lesiones a\u00fan m\u00e1s debilitantes.<\/p>\n            <\/div>\n        \n        \n    <\/section>\n\n\n    <section class=\"pl-block pl-raw-content mb-7 pl-t [&#038;.border-t-2]:pt-8  \">\n        <h2><span class=\"ez-toc-section\" id=\"Sintomas_a_los_que_hay_que_prestar_atencion\"><\/span>S\u00edntomas a los que hay que prestar atenci\u00f3n<span class=\"ez-toc-section-end\"><\/span><\/h2>\n<p>Los signos de una lesi\u00f3n grave en el pie o el tobillo pueden incluir dolor, hinchaz\u00f3n, hematomas, movilidad limitada, entumecimiento u hormigueo y dificultad para soportar peso. En algunos casos, es posible que se oiga un chasquido o se note una hinchaz\u00f3n o deformidad repentina. La atenci\u00f3n m\u00e9dica temprana es crucial tanto para la recuperaci\u00f3n como para presentar una reclamaci\u00f3n de indemnizaci\u00f3n laboral.<\/p>\n<p>Si cree que ha sufrido una lesi\u00f3n en el pie, acuda inmediatamente a un profesional sanitario para determinar el origen del dolor y obtener un plan de tratamiento para su atenci\u00f3n.<\/p>\n<h2><span class=\"ez-toc-section\" id=\"Tratamiento_y_recuperacion\"><\/span>Tratamiento y recuperaci\u00f3n<span class=\"ez-toc-section-end\"><\/span><\/h2>\n<p>El tratamiento var\u00eda en funci\u00f3n de la lesi\u00f3n. Los esguinces leves pueden responder al reposo, la aplicaci\u00f3n de hielo, la compresi\u00f3n y la elevaci\u00f3n (RICE, por sus siglas en ingl\u00e9s), as\u00ed como a la fisioterapia. Las lesiones m\u00e1s graves, como las fracturas o los desgarros de tendones, pueden requerir cirug\u00eda, yeso o rehabilitaci\u00f3n a largo plazo, e incluso despu\u00e9s de la intervenci\u00f3n quir\u00fargica, es posible que solo recupere un porcentaje de su movilidad total.<\/p>\n<p>Los plazos de recuperaci\u00f3n var\u00edan en funci\u00f3n del tipo y la gravedad de la lesi\u00f3n, as\u00ed como del plan de tratamiento que necesite. Algunos trabajadores vuelven a realizar tareas ligeras en unas pocas semanas, mientras que otros pueden necesitar varios meses. Los m\u00e9dicos pueden recomendar ortesis, calzado de apoyo o modificaciones temporales en el trabajo para evitar nuevas lesiones.<\/p>\n<p>Seguir su plan de tratamiento es fundamental tanto para la curaci\u00f3n como para mantener la elegibilidad para las prestaciones de indemnizaci\u00f3n laboral. En casos graves, es posible que le quede una discapacidad permanente que le impida trabajar y le dificulte el cuidado de s\u00ed mismo.<\/p>\n    <\/section>\n\n\n\n\n<figure class=\"wp-block-image size-large\"><img decoding=\"async\" width=\"1024\" height=\"683\" src=\"https:\/\/34zjl1fr.cdn.imgeng.in\/wp-content\/uploads\/2025\/12\/tom-claes-gkgLYinrRtM-unsplash-1024x683.jpg\" alt=\"A medical professional adjusts a bright blue orthopedic leg brace on a child\u2019s lower leg, fastening the Velcro straps to secure the support while the child sits on a wooden chair, suggesting treatment or rehabilitation for an injury.\" class=\"wp-image-8613\" srcset=\"https:\/\/34zjl1fr.cdn.imgeng.in\/wp-content\/uploads\/2025\/12\/tom-claes-gkgLYinrRtM-unsplash-1024x683.jpg 1024w, https:\/\/34zjl1fr.cdn.imgeng.in\/wp-content\/uploads\/2025\/12\/tom-claes-gkgLYinrRtM-unsplash-300x200.jpg 300w, https:\/\/34zjl1fr.cdn.imgeng.in\/wp-content\/uploads\/2025\/12\/tom-claes-gkgLYinrRtM-unsplash-768x512.jpg 768w, https:\/\/34zjl1fr.cdn.imgeng.in\/wp-content\/uploads\/2025\/12\/tom-claes-gkgLYinrRtM-unsplash-1536x1024.jpg 1536w\" sizes=\"(max-width: 1024px) 100vw, 1024px\" \/><\/figure>\n\n\n    <section class=\"pl-block pl-raw-content mb-7 pl-t [&#038;.border-t-2]:pt-8  \">\n        <p>&nbsp;<\/p>\n<h2><span class=\"ez-toc-section\" id=\"Prestaciones_de_indemnizacion_laboral\"><\/span>Prestaciones de indemnizaci\u00f3n laboral<span class=\"ez-toc-section-end\"><\/span><\/h2>\n<p>Si su lesi\u00f3n se produjo en el trabajo, las prestaciones de indemnizaci\u00f3n laboral de Pensilvania pueden ayudarle a cubrir el impacto financiero. Las prestaciones pueden incluir:<\/p>\n<ul>\n<li>Tratamiento m\u00e9dico, terapia, cirug\u00eda y medicamentos. Es importante que conserve todos los recibos para tener pruebas documentadas de sus gastos.<\/li>\n<li>Sustituci\u00f3n parcial del salario mientras no pueda trabajar. Las prestaciones de indemnizaci\u00f3n laboral aliviar\u00e1n la carga de la p\u00e9rdida de salario mientras se recupera de su lesi\u00f3n si no puede trabajar.<\/li>\n<li>Indemnizaci\u00f3n por discapacidad permanente si la lesi\u00f3n provoca limitaciones duraderas. Si su lesi\u00f3n es permanente y no puede trabajar o sufre limitaciones significativas en su estilo de vida, puede tener derecho a una indemnizaci\u00f3n.<\/li>\n<li>Formaci\u00f3n profesional o asistencia para la b\u00fasqueda de empleo si no puede volver a su puesto anterior. Si no puede realizar el trabajo que desempe\u00f1aba antes de lesionarse, la indemnizaci\u00f3n por accidente laboral puede ayudarle a formarse para un nuevo puesto.<\/li>\n<\/ul>\n<p>Contar con un <a href=\"https:\/\/www.pondlehocky.com\/es\/\">abogado con experiencia<\/a> garantiza que su reclamaci\u00f3n se presente correctamente, que no se retrasen las prestaciones y que se recuperen todos los gastos elegibles.<\/p>\n<h2><span class=\"ez-toc-section\" id=\"Proteja_sus_derechos\"><\/span>Proteja sus derechos<span class=\"ez-toc-section-end\"><\/span><\/h2>\n<p>Las lesiones en los pies y los tobillos a veces pueden ser objeto de disputa por parte de las aseguradoras, que alegan que la lesi\u00f3n era preexistente o no estaba relacionada con el trabajo. Incluso si existe una condici\u00f3n previa, un agravamiento relacionado con el trabajo o una nueva lesi\u00f3n causada por su trabajo da derecho a una indemnizaci\u00f3n.<\/p>\n<p>Las compa\u00f1\u00edas de seguros velan por sus intereses, no por los suyos. Cuentan con equipos jur\u00eddicos completos dedicados a garantizar su protecci\u00f3n. Creemos que usted se merece lo mismo.<\/p>\n    <\/section>\n\n\n\n    <section class=\"pl-block pl-highlighted-header-content-block mb-12 mt-8 pt-6 pb-3 md:pt-9 md:pb-3 px-6 md:px-12 bg-blue-dark\">\n\n                    <div class=\"pl-t pl-t--white pl-header--underline w-full mb-6\" data-inviewport>\n                <p>Para proteger sus derechos, es importante que informe de su lesi\u00f3n inmediatamente, busque atenci\u00f3n m\u00e9dica sin demora, siga todas las recomendaciones de tratamiento, documente las citas y el tiempo perdido en el trabajo, y se ponga en contacto con un abogado lo antes posible si se retrasan o deniegan las prestaciones. La documentaci\u00f3n adecuada y el asesoramiento jur\u00eddico son fundamentales para garantizar la indemnizaci\u00f3n que usted se merece.<\/p>\n            <\/div>\n        \n        \n        \n    <\/section>\n\n\n    <section class=\"pl-block pl-raw-content mb-7 pl-t [&#038;.border-t-2]:pt-8  \">\n        <h2><span class=\"ez-toc-section\" id=\"Por_que_elegir_Pond_Lehocky\"><\/span>Por qu\u00e9 elegir Pond Lehocky<span class=\"ez-toc-section-end\"><\/span><\/h2>\n<p>En Pond Lehocky, hemos ayudado a innumerables trabajadores a obtener una indemnizaci\u00f3n por lesiones en los pies y los tobillos. Nuestro equipo se encarga del papeleo, se comunica con las aseguradoras y aboga por la cobertura m\u00e9dica completa, la sustituci\u00f3n del salario y las prestaciones a largo plazo si es necesario. Entendemos los retos que estas lesiones suponen para el trabajo y la vida diaria y nos comprometemos a ayudarle a recuperarse por completo, tanto f\u00edsica como econ\u00f3micamente.<\/p>\n<p>Tambi\u00e9n nos ocupamos de casos en los 50 estados, con sede en Pensilvania. No importa d\u00f3nde se haya lesionado, podemos ayudarle.<\/p>\n<h2><span class=\"ez-toc-section\" id=\"Seguir_adelante_despues_de_una_lesion_en_el_pie_o_el_tobillo\"><\/span>Seguir adelante despu\u00e9s de una lesi\u00f3n en el pie o el tobillo<span class=\"ez-toc-section-end\"><\/span><\/h2>\n<p>Las lesiones en los pies y los tobillos pueden alterar su vida, pero con la atenci\u00f3n m\u00e9dica y el apoyo legal adecuados, la recuperaci\u00f3n es posible. Prestar atenci\u00f3n temprana a su salud y sus derechos protege tanto su cuerpo como sus finanzas.<\/p>\n<p>Si ha sufrido una lesi\u00f3n en el trabajo, <a href=\"https:\/\/www.pondlehocky.com\/es\/contacte-con\/\">p\u00f3ngase en contacto con Pond Lehocky<\/a> hoy mismo para una consulta gratuita. Le explicaremos sus derechos, recopilaremos pruebas y lucharemos para garantizarle las prestaciones que necesita para recuperarse, tanto literal como econ\u00f3micamente.<\/p>\n    <\/section>\n\n","protected":false},"excerpt":{"rendered":"","protected":false},"author":44,"featured_media":8612,"parent":8309,"menu_order":0,"comment_status":"closed","ping_status":"closed","template":"page-sidebar.php","meta":{"_acf_changed":true,"footnotes":"","_elementor_data":""},"class_list":["post-8616","page","type-page","status-publish","has-post-thumbnail","hentry"],"acf":[],"page_builder_type":"gutenberg","gutenberg_data":[],"yoast_head":"<!-- This site is optimized with the Yoast SEO Premium plugin v27.3 (Yoast SEO v27.3) - https:\/\/yoast.com\/product\/yoast-seo-premium-wordpress\/ -->\n<title>Compensaci\u00f3n Laboral por Lesiones en los Pies y los Tobillos: Consejos \u00datiles Pond Lehocky Giordano, Inc.<\/title>\n<meta name=\"description\" content=\"Explora los aspectos esenciales de la compensaci\u00f3n laboral por lesiones en los pies y los tobillos para proteger los derechos de los trabajadores.\" \/>\n<meta name=\"robots\" content=\"index, follow, max-snippet:-1, max-image-preview:large, max-video-preview:-1\" \/>\n<link rel=\"canonical\" href=\"https:\/\/www.pondlehocky.com\/es\/lesiones\/lesiones-en-los-pies-y-los-tobillos\/\" \/>\n<meta property=\"og:locale\" content=\"es_ES\" \/>\n<meta property=\"og:type\" content=\"article\" \/>\n<meta property=\"og:title\" content=\"Compensaci\u00f3n Laboral por Lesiones en los Pies y los Tobillos\" \/>\n<meta property=\"og:description\" content=\"Explora los aspectos esenciales de la compensaci\u00f3n laboral por lesiones en los pies y los tobillos para proteger los derechos de los trabajadores.\" \/>\n<meta property=\"og:url\" content=\"https:\/\/www.pondlehocky.com\/es\/lesiones\/lesiones-en-los-pies-y-los-tobillos\/\" \/>\n<meta property=\"og:site_name\" content=\"Pond Lehocky Giordano, Inc.\" \/>\n<meta property=\"article:publisher\" content=\"https:\/\/www.instagram.com\/pondlehocky\/\" \/>\n<meta property=\"og:image\" content=\"https:\/\/www.pondlehocky.com\/wp-content\/uploads\/2025\/12\/getty-images-NsC3kVU9a7s-unsplash-1024x683.jpg\" \/>\n\t<meta property=\"og:image:width\" content=\"1024\" \/>\n\t<meta property=\"og:image:height\" content=\"683\" \/>\n\t<meta property=\"og:image:type\" content=\"image\/jpeg\" \/>\n<meta name=\"twitter:card\" content=\"summary_large_image\" \/>\n<meta name=\"twitter:label1\" content=\"Tiempo de lectura\" \/>\n\t<meta name=\"twitter:data1\" content=\"1 minuto\" \/>\n<script type=\"application\/ld+json\" class=\"yoast-schema-graph\">{\"@context\":\"https:\\\/\\\/schema.org\",\"@graph\":[{\"@type\":\"WebPage\",\"@id\":\"https:\\\/\\\/www.pondlehocky.com\\\/es\\\/lesiones\\\/lesiones-en-los-pies-y-los-tobillos\\\/\",\"url\":\"https:\\\/\\\/www.pondlehocky.com\\\/es\\\/lesiones\\\/lesiones-en-los-pies-y-los-tobillos\\\/\",\"name\":\"Compensaci\u00f3n Laboral por Lesiones en los Pies y los Tobillos: Consejos \u00datiles Pond Lehocky Giordano, Inc.\",\"isPartOf\":{\"@id\":\"https:\\\/\\\/www.pondlehocky.com\\\/es\\\/#website\"},\"primaryImageOfPage\":{\"@id\":\"https:\\\/\\\/www.pondlehocky.com\\\/es\\\/lesiones\\\/lesiones-en-los-pies-y-los-tobillos\\\/#primaryimage\"},\"image\":{\"@id\":\"https:\\\/\\\/www.pondlehocky.com\\\/es\\\/lesiones\\\/lesiones-en-los-pies-y-los-tobillos\\\/#primaryimage\"},\"thumbnailUrl\":\"https:\\\/\\\/www.pondlehocky.com\\\/wp-content\\\/uploads\\\/2025\\\/12\\\/getty-images-NsC3kVU9a7s-unsplash.jpg\",\"datePublished\":\"2025-12-17T12:00:00+00:00\",\"description\":\"Explora los aspectos esenciales de la compensaci\u00f3n laboral por lesiones en los pies y los tobillos para proteger los derechos de los trabajadores.\",\"breadcrumb\":{\"@id\":\"https:\\\/\\\/www.pondlehocky.com\\\/es\\\/lesiones\\\/lesiones-en-los-pies-y-los-tobillos\\\/#breadcrumb\"},\"inLanguage\":\"es\",\"potentialAction\":[{\"@type\":\"ReadAction\",\"target\":[\"https:\\\/\\\/www.pondlehocky.com\\\/es\\\/lesiones\\\/lesiones-en-los-pies-y-los-tobillos\\\/\"]}]},{\"@type\":\"ImageObject\",\"inLanguage\":\"es\",\"@id\":\"https:\\\/\\\/www.pondlehocky.com\\\/es\\\/lesiones\\\/lesiones-en-los-pies-y-los-tobillos\\\/#primaryimage\",\"url\":\"https:\\\/\\\/www.pondlehocky.com\\\/wp-content\\\/uploads\\\/2025\\\/12\\\/getty-images-NsC3kVU9a7s-unsplash.jpg\",\"contentUrl\":\"https:\\\/\\\/www.pondlehocky.com\\\/wp-content\\\/uploads\\\/2025\\\/12\\\/getty-images-NsC3kVU9a7s-unsplash.jpg\",\"width\":8192,\"height\":5464,\"caption\":\"A close-up of a bandaged foot being supported by a gloved medical professional while another gloved hand holds up an X-ray image of feet in the background, creating a clinical setting focused on injury assessment and treatment.\"},{\"@type\":\"BreadcrumbList\",\"@id\":\"https:\\\/\\\/www.pondlehocky.com\\\/es\\\/lesiones\\\/lesiones-en-los-pies-y-los-tobillos\\\/#breadcrumb\",\"itemListElement\":[{\"@type\":\"ListItem\",\"position\":1,\"name\":\"Home\",\"item\":\"https:\\\/\\\/www.pondlehocky.com\\\/es\\\/homepage\\\/\"},{\"@type\":\"ListItem\",\"position\":2,\"name\":\"Lesiones\",\"item\":\"https:\\\/\\\/www.pondlehocky.com\\\/es\\\/lesiones\\\/\"},{\"@type\":\"ListItem\",\"position\":3,\"name\":\"Compensaci\u00f3n Laboral por Lesiones en los Pies y los Tobillos\"}]},{\"@type\":\"WebSite\",\"@id\":\"https:\\\/\\\/www.pondlehocky.com\\\/es\\\/#website\",\"url\":\"https:\\\/\\\/www.pondlehocky.com\\\/es\\\/\",\"name\":\"Pond Lehocky Giordano, Inc.\",\"description\":\"Largest workers\u2019 compensation and Social Security disability law firm in Pennsylvania\",\"publisher\":{\"@id\":\"https:\\\/\\\/www.pondlehocky.com\\\/es\\\/#organization\"},\"alternateName\":\"Pond Lehocky Giordano, Inc.\",\"potentialAction\":[{\"@type\":\"SearchAction\",\"target\":{\"@type\":\"EntryPoint\",\"urlTemplate\":\"https:\\\/\\\/www.pondlehocky.com\\\/es\\\/?s={search_term_string}\"},\"query-input\":{\"@type\":\"PropertyValueSpecification\",\"valueRequired\":true,\"valueName\":\"search_term_string\"}}],\"inLanguage\":\"es\"},{\"@type\":\"Organization\",\"@id\":\"https:\\\/\\\/www.pondlehocky.com\\\/es\\\/#organization\",\"name\":\"Pond Lehocky Giordano, Inc\",\"alternateName\":\"Pond Lehocky Giordano, Inc.\",\"url\":\"https:\\\/\\\/www.pondlehocky.com\\\/es\\\/\",\"logo\":{\"@type\":\"ImageObject\",\"inLanguage\":\"es\",\"@id\":\"https:\\\/\\\/www.pondlehocky.com\\\/es\\\/#\\\/schema\\\/logo\\\/image\\\/\",\"url\":\"https:\\\/\\\/www.pondlehocky.com\\\/wp-content\\\/uploads\\\/2024\\\/04\\\/pond-lehocky-logo.png\",\"contentUrl\":\"https:\\\/\\\/www.pondlehocky.com\\\/wp-content\\\/uploads\\\/2024\\\/04\\\/pond-lehocky-logo.png\",\"width\":355,\"height\":28,\"caption\":\"Pond Lehocky Giordano, Inc\"},\"image\":{\"@id\":\"https:\\\/\\\/www.pondlehocky.com\\\/es\\\/#\\\/schema\\\/logo\\\/image\\\/\"},\"sameAs\":[\"https:\\\/\\\/www.instagram.com\\\/pondlehocky\\\/\",\"https:\\\/\\\/www.youtube.com\\\/user\\\/pondlehocky\",\"https:\\\/\\\/www.tiktok.com\\\/@pondlehockygiordano\",\"https:\\\/\\\/www.facebook.com\\\/PondLehocky\",\"https:\\\/\\\/www.linkedin.com\\\/company\\\/pond-lehocky-giordano\\\/\"]}]}<\/script>\n<!-- \/ Yoast SEO Premium plugin. -->","yoast_head_json":{"title":"Compensaci\u00f3n Laboral por Lesiones en los Pies y los Tobillos: Consejos \u00datiles Pond Lehocky Giordano, Inc.","description":"Explora los aspectos esenciales de la compensaci\u00f3n laboral por lesiones en los pies y los tobillos para proteger los derechos de los trabajadores.","robots":{"index":"index","follow":"follow","max-snippet":"max-snippet:-1","max-image-preview":"max-image-preview:large","max-video-preview":"max-video-preview:-1"},"canonical":"https:\/\/www.pondlehocky.com\/es\/lesiones\/lesiones-en-los-pies-y-los-tobillos\/","og_locale":"es_ES","og_type":"article","og_title":"Compensaci\u00f3n Laboral por Lesiones en los Pies y los Tobillos","og_description":"Explora los aspectos esenciales de la compensaci\u00f3n laboral por lesiones en los pies y los tobillos para proteger los derechos de los trabajadores.","og_url":"https:\/\/www.pondlehocky.com\/es\/lesiones\/lesiones-en-los-pies-y-los-tobillos\/","og_site_name":"Pond Lehocky Giordano, Inc.","article_publisher":"https:\/\/www.instagram.com\/pondlehocky\/","og_image":[{"width":1024,"height":683,"url":"https:\/\/www.pondlehocky.com\/wp-content\/uploads\/2025\/12\/getty-images-NsC3kVU9a7s-unsplash-1024x683.jpg","type":"image\/jpeg"}],"twitter_card":"summary_large_image","twitter_misc":{"Tiempo de lectura":"1 minuto"},"schema":{"@context":"https:\/\/schema.org","@graph":[{"@type":"WebPage","@id":"https:\/\/www.pondlehocky.com\/es\/lesiones\/lesiones-en-los-pies-y-los-tobillos\/","url":"https:\/\/www.pondlehocky.com\/es\/lesiones\/lesiones-en-los-pies-y-los-tobillos\/","name":"Compensaci\u00f3n Laboral por Lesiones en los Pies y los Tobillos: Consejos \u00datiles Pond Lehocky Giordano, Inc.","isPartOf":{"@id":"https:\/\/www.pondlehocky.com\/es\/#website"},"primaryImageOfPage":{"@id":"https:\/\/www.pondlehocky.com\/es\/lesiones\/lesiones-en-los-pies-y-los-tobillos\/#primaryimage"},"image":{"@id":"https:\/\/www.pondlehocky.com\/es\/lesiones\/lesiones-en-los-pies-y-los-tobillos\/#primaryimage"},"thumbnailUrl":"https:\/\/www.pondlehocky.com\/wp-content\/uploads\/2025\/12\/getty-images-NsC3kVU9a7s-unsplash.jpg","datePublished":"2025-12-17T12:00:00+00:00","description":"Explora los aspectos esenciales de la compensaci\u00f3n laboral por lesiones en los pies y los tobillos para proteger los derechos de los trabajadores.","breadcrumb":{"@id":"https:\/\/www.pondlehocky.com\/es\/lesiones\/lesiones-en-los-pies-y-los-tobillos\/#breadcrumb"},"inLanguage":"es","potentialAction":[{"@type":"ReadAction","target":["https:\/\/www.pondlehocky.com\/es\/lesiones\/lesiones-en-los-pies-y-los-tobillos\/"]}]},{"@type":"ImageObject","inLanguage":"es","@id":"https:\/\/www.pondlehocky.com\/es\/lesiones\/lesiones-en-los-pies-y-los-tobillos\/#primaryimage","url":"https:\/\/www.pondlehocky.com\/wp-content\/uploads\/2025\/12\/getty-images-NsC3kVU9a7s-unsplash.jpg","contentUrl":"https:\/\/www.pondlehocky.com\/wp-content\/uploads\/2025\/12\/getty-images-NsC3kVU9a7s-unsplash.jpg","width":8192,"height":5464,"caption":"A close-up of a bandaged foot being supported by a gloved medical professional while another gloved hand holds up an X-ray image of feet in the background, creating a clinical setting focused on injury assessment and treatment."},{"@type":"BreadcrumbList","@id":"https:\/\/www.pondlehocky.com\/es\/lesiones\/lesiones-en-los-pies-y-los-tobillos\/#breadcrumb","itemListElement":[{"@type":"ListItem","position":1,"name":"Home","item":"https:\/\/www.pondlehocky.com\/es\/homepage\/"},{"@type":"ListItem","position":2,"name":"Lesiones","item":"https:\/\/www.pondlehocky.com\/es\/lesiones\/"},{"@type":"ListItem","position":3,"name":"Compensaci\u00f3n Laboral por Lesiones en los Pies y los Tobillos"}]},{"@type":"WebSite","@id":"https:\/\/www.pondlehocky.com\/es\/#website","url":"https:\/\/www.pondlehocky.com\/es\/","name":"Pond Lehocky Giordano, Inc.","description":"Largest workers\u2019 compensation and Social Security disability law firm in Pennsylvania","publisher":{"@id":"https:\/\/www.pondlehocky.com\/es\/#organization"},"alternateName":"Pond Lehocky Giordano, Inc.","potentialAction":[{"@type":"SearchAction","target":{"@type":"EntryPoint","urlTemplate":"https:\/\/www.pondlehocky.com\/es\/?s={search_term_string}"},"query-input":{"@type":"PropertyValueSpecification","valueRequired":true,"valueName":"search_term_string"}}],"inLanguage":"es"},{"@type":"Organization","@id":"https:\/\/www.pondlehocky.com\/es\/#organization","name":"Pond Lehocky Giordano, Inc","alternateName":"Pond Lehocky Giordano, Inc.","url":"https:\/\/www.pondlehocky.com\/es\/","logo":{"@type":"ImageObject","inLanguage":"es","@id":"https:\/\/www.pondlehocky.com\/es\/#\/schema\/logo\/image\/","url":"https:\/\/www.pondlehocky.com\/wp-content\/uploads\/2024\/04\/pond-lehocky-logo.png","contentUrl":"https:\/\/www.pondlehocky.com\/wp-content\/uploads\/2024\/04\/pond-lehocky-logo.png","width":355,"height":28,"caption":"Pond Lehocky Giordano, Inc"},"image":{"@id":"https:\/\/www.pondlehocky.com\/es\/#\/schema\/logo\/image\/"},"sameAs":["https:\/\/www.instagram.com\/pondlehocky\/","https:\/\/www.youtube.com\/user\/pondlehocky","https:\/\/www.tiktok.com\/@pondlehockygiordano","https:\/\/www.facebook.com\/PondLehocky","https:\/\/www.linkedin.com\/company\/pond-lehocky-giordano\/"]}]}},"_links":{"self":[{"href":"https:\/\/www.pondlehocky.com\/es\/wp-json\/wp\/v2\/pages\/8616","targetHints":{"allow":["GET"]}}],"collection":[{"href":"https:\/\/www.pondlehocky.com\/es\/wp-json\/wp\/v2\/pages"}],"about":[{"href":"https:\/\/www.pondlehocky.com\/es\/wp-json\/wp\/v2\/types\/page"}],"author":[{"embeddable":true,"href":"https:\/\/www.pondlehocky.com\/es\/wp-json\/wp\/v2\/users\/44"}],"replies":[{"embeddable":true,"href":"https:\/\/www.pondlehocky.com\/es\/wp-json\/wp\/v2\/comments?post=8616"}],"version-history":[{"count":0,"href":"https:\/\/www.pondlehocky.com\/es\/wp-json\/wp\/v2\/pages\/8616\/revisions"}],"up":[{"embeddable":true,"href":"https:\/\/www.pondlehocky.com\/es\/wp-json\/wp\/v2\/pages\/8309"}],"wp:featuredmedia":[{"embeddable":true,"href":"https:\/\/www.pondlehocky.com\/es\/wp-json\/wp\/v2\/media\/8612"}],"wp:attachment":[{"href":"https:\/\/www.pondlehocky.com\/es\/wp-json\/wp\/v2\/media?parent=8616"}],"curies":[{"name":"wp","href":"https:\/\/api.w.org\/{rel}","templated":true}]}}