{"id":8882,"date":"2026-01-29T22:18:33","date_gmt":"2026-01-29T22:18:33","guid":{"rendered":"https:\/\/www.pondlehocky.com\/?page_id=8882"},"modified":"2026-01-27T22:29:14","modified_gmt":"2026-01-27T22:29:14","slug":"abogado-especializado-en-lesiones-del-manguito-rotador-del-hombro","status":"publish","type":"page","link":"https:\/\/www.pondlehocky.com\/es\/lesiones\/lesiones-de-brazo-y-hombro\/abogado-especializado-en-lesiones-del-manguito-rotador-del-hombro\/","title":{"rendered":"Abogado especializado en lesiones del manguito rotador del hombro"},"content":{"rendered":"    <section class=\"pl-block pl-raw-content mb-7 pl-t [&#038;.border-t-2]:pt-8  \">\n        <p><a href=\"https:\/\/orthoinfo.aaos.org\/en\/diseases--conditions\/common-shoulder-injuries\/\"><span style=\"font-weight: 400\">Las lesiones de hombro<\/span><\/a><span style=\"font-weight: 400\">, en particular<\/span><a href=\"https:\/\/my.clevelandclinic.org\/health\/diseases\/8291-rotator-cuff-tear\"> <span style=\"font-weight: 400\">los desgarros del manguito rotador<\/span><\/a><span style=\"font-weight: 400\">, se encuentran entre las lesiones m\u00e1s comunes en el lugar de trabajo. Ya sea que sean causadas por movimientos repetitivos por encima de la cabeza, levantar objetos pesados o accidentes repentinos en el trabajo, estas lesiones pueden ser dolorosas, debilitantes y duraderas. Si ha sufrido una lesi\u00f3n del manguito rotador del hombro, es esencial que comprenda sus derechos legales y los beneficios a los que tiene derecho en virtud de<\/span><a href=\"https:\/\/www.legis.state.pa.us\/WU01\/LI\/LI\/US\/PDF\/1915\/0\/0338..PDF\"> <span style=\"font-weight: 400\">las leyes de indemnizaci\u00f3n laboral de Pensilvania<\/span><\/a><span style=\"font-weight: 400\">.<\/span><\/p>\n<p><span style=\"font-weight: 400\">Un abogado experto en lesiones del manguito rotador del hombro puede guiarle a trav\u00e9s del proceso de reclamaci\u00f3n, asegur\u00e1ndose de que reciba la atenci\u00f3n m\u00e9dica adecuada y de que luche por obtener la indemnizaci\u00f3n correcta por sus salarios perdidos y los tratamientos en curso.<\/span><\/p>\n<h2><span class=\"ez-toc-section\" id=\"%C2%BFComo_saber_si_tiene_derecho_a_una_indemnizacion_por_accidente_laboral_por_una_lesion_del_manguito_rotador_del_hombro\"><\/span><b>\u00bfC\u00f3mo saber si tiene derecho a una indemnizaci\u00f3n por accidente laboral por una lesi\u00f3n del manguito rotador del hombro?<\/b><span class=\"ez-toc-section-end\"><\/span><\/h2>\n<p><span style=\"font-weight: 400\">En el estado de Pensilvania, la<\/span><a href=\"https:\/\/www.pondlehocky.com\/practice-areas\/workers-compensation\/\"> <span style=\"font-weight: 400\">indemnizaci\u00f3n por accidente laboral<\/span><\/a><span style=\"font-weight: 400\"> est\u00e1 dise\u00f1ada para cubrir el tratamiento m\u00e9dico, los salarios perdidos y la rehabilitaci\u00f3n de las lesiones que se producen en el trabajo. Si ha sufrido una lesi\u00f3n en el manguito rotador en el trabajo, puede tener derecho a prestaciones que incluyen:<\/span><\/p>\n<ul>\n<li style=\"font-weight: 400\"><span style=\"font-weight: 400\">Cobertura de pruebas diagn\u00f3sticas, cirug\u00eda y fisioterapia.<\/span><\/li>\n<li style=\"font-weight: 400\"><span style=\"font-weight: 400\">Indemnizaci\u00f3n por los salarios perdidos durante la recuperaci\u00f3n.<\/span><\/li>\n<li style=\"font-weight: 400\"><span style=\"font-weight: 400\">Prestaciones por discapacidad si la lesi\u00f3n limita su capacidad para realizar su trabajo.<\/span><\/li>\n<li style=\"font-weight: 400\"><span style=\"font-weight: 400\">Atenci\u00f3n continua para da\u00f1os cr\u00f3nicos o permanentes en el hombro.<\/span><\/li>\n<\/ul>\n<p><span style=\"font-weight: 400\">Las compa\u00f1\u00edas de seguros a veces pueden disputar las reclamaciones, especialmente en el caso de lesiones que se han desarrollado de forma m\u00e1s gradual. Trabajar con un abogado especializado en lesiones del manguito rotador del hombro garantiza que su reclamaci\u00f3n est\u00e9 totalmente respaldada y que se obtengan todas las prestaciones a las que tiene derecho.<\/span><\/p>\n<h2><span class=\"ez-toc-section\" id=\"%C2%BFComo_se_solicita_la_indemnizacion_por_accidente_laboral_por_una_lesion_del_manguito_rotador_del_hombro\"><\/span><b>\u00bfC\u00f3mo se solicita la indemnizaci\u00f3n por accidente laboral por una lesi\u00f3n del manguito rotador del hombro?<\/b><span class=\"ez-toc-section-end\"><\/span><\/h2>\n<p><span style=\"font-weight: 400\">Para que una reclamaci\u00f3n de indemnizaci\u00f3n laboral tenga \u00e9xito, es necesario documentarla cuidadosamente y presentarla a tiempo. Los pasos clave son los siguientes:<\/span><\/p>\n<ol>\n<li style=\"font-weight: 400\"><span style=\"font-weight: 400\">Informar inmediatamente de la lesi\u00f3n a su empleador, incluso si cree que es leve.<\/span><\/li>\n<li style=\"font-weight: 400\"><span style=\"font-weight: 400\">Solicitar una evaluaci\u00f3n m\u00e9dica a un proveedor aprobado por la indemnizaci\u00f3n laboral.<\/span><\/li>\n<li style=\"font-weight: 400\"><span style=\"font-weight: 400\">Documentar sus s\u00edntomas, tratamientos y limitaciones a medida que aparecen.<\/span><\/li>\n<li style=\"font-weight: 400\"><span style=\"font-weight: 400\">Presentar una reclamaci\u00f3n formal ante la<\/span><a href=\"https:\/\/www.pa.gov\/agencies\/dli\/departments-offices\/workers-and-employers\/workers-compensation\"> <span style=\"font-weight: 400\">Oficina de Indemnizaci\u00f3n Laboral de Pensilvania<\/span><\/a><span style=\"font-weight: 400\">.<\/span><\/li>\n<li style=\"font-weight: 400\"><span style=\"font-weight: 400\">Consultar a un abogado para que se comunique con las aseguradoras en su nombre y proteja sus derechos legales.<\/span><\/li>\n<\/ol>\n<p><span style=\"font-weight: 400\">Los retrasos o las omisiones en la notificaci\u00f3n pueden dar lugar a una reducci\u00f3n de las prestaciones o a la denegaci\u00f3n de la reclamaci\u00f3n. Un abogado con experiencia en lesiones del manguito rotador del hombro le ayudar\u00e1 a garantizar que su reclamaci\u00f3n cumpla todos los requisitos necesarios.<\/span><\/p>\n<h2><span class=\"ez-toc-section\" id=\"%C2%BFQue_es_una_lesion_del_manguito_rotador_del_hombro\"><\/span><b>\u00bfQu\u00e9 es una lesi\u00f3n del manguito rotador del hombro?<\/b><span class=\"ez-toc-section-end\"><\/span><\/h2>\n<p><span style=\"font-weight: 400\">El manguito rotador es un grupo de m\u00fasculos y tendones que estabilizan la articulaci\u00f3n del hombro y permiten un amplio rango de movimiento. Las lesiones en esta zona pueden variar desde distensiones leves hasta desgarros completos, lo que a menudo provoca<\/span><a href=\"https:\/\/www.ncbi.nlm.nih.gov\/books\/NBK553030\/\"> <span style=\"font-weight: 400\">dolor cr\u00f3nico<\/span><\/a><span style=\"font-weight: 400\">, debilidad y movilidad limitada.<\/span><\/p>\n<p><span style=\"font-weight: 400\">Las causas comunes de las lesiones del manguito rotador en el lugar de trabajo incluyen:<\/span><\/p>\n<ul>\n<li style=\"font-weight: 400\"><span style=\"font-weight: 400\">Levantar, empujar o tirar de objetos pesados de forma incorrecta<\/span><\/li>\n<li style=\"font-weight: 400\"><span style=\"font-weight: 400\">Movimientos repetitivos por encima de la cabeza en trabajos de<\/span><a href=\"https:\/\/www.pondlehocky.com\/practice-areas\/construction-accidents-and-injuries\/\"> <span style=\"font-weight: 400\">construcci\u00f3n<\/span><\/a><span style=\"font-weight: 400\">, fabricaci\u00f3n o almac\u00e9n<\/span><\/li>\n<li style=\"font-weight: 400\"><a href=\"https:\/\/www.pondlehocky.com\/practice-areas\/personal-injury-matters\/slip-and-fall-cases\/\"><span style=\"font-weight: 400\">Ca\u00eddas repentinas<\/span><\/a><span style=\"font-weight: 400\"> o accidentes que provocan una torsi\u00f3n antinatural del brazo<\/span><\/li>\n<li style=\"font-weight: 400\"><span style=\"font-weight: 400\">Esfuerzo prolongado en trabajos de oficina o comercio minorista con una ergonom\u00eda deficiente<\/span><\/li>\n<\/ul>\n<p><span style=\"font-weight: 400\">Independientemente de c\u00f3mo se produzca la lesi\u00f3n, las lesiones del manguito rotador pueden tener graves consecuencias si no se tratan. La intervenci\u00f3n m\u00e9dica temprana es importante no solo para la recuperaci\u00f3n, sino tambi\u00e9n para proteger su derecho a las prestaciones de compensaci\u00f3n laboral.<\/span><\/p>\n<h3><span class=\"ez-toc-section\" id=\"Sintomas_de_una_lesion_del_manguito_rotador_del_hombro\"><\/span><b>S\u00edntomas de una lesi\u00f3n del manguito rotador del hombro<\/b><span class=\"ez-toc-section-end\"><\/span><\/h3>\n<p><span style=\"font-weight: 400\">Reconocer los s\u00edntomas de una lesi\u00f3n del manguito rotador es fundamental para buscar un tratamiento oportuno. Los signos comunes incluyen:<\/span><\/p>\n<ul>\n<li style=\"font-weight: 400\"><span style=\"font-weight: 400\">Dolor persistente en el hombro, especialmente al levantar objetos o estirarse<\/span><\/li>\n<li style=\"font-weight: 400\"><span style=\"font-weight: 400\">Debilidad en el hombro o el brazo<\/span><\/li>\n<li style=\"font-weight: 400\"><span style=\"font-weight: 400\">Limitaci\u00f3n del rango de movimiento<\/span><\/li>\n<li style=\"font-weight: 400\"><span style=\"font-weight: 400\">Sensaci\u00f3n de chasquido, crujido o bloqueo en la articulaci\u00f3n<\/span><\/li>\n<li style=\"font-weight: 400\"><span style=\"font-weight: 400\">Hinchaz\u00f3n o sensibilidad alrededor del hombro<\/span><\/li>\n<\/ul>\n<p><span style=\"font-weight: 400\">Incluso los s\u00edntomas leves pueden indicar una lesi\u00f3n subyacente m\u00e1s grave. Documentar estos s\u00edntomas y buscar evaluaci\u00f3n m\u00e9dica de inmediato refuerza su reclamaci\u00f3n de indemnizaci\u00f3n laboral.<\/span><\/p>\n<h3><span class=\"ez-toc-section\" id=\"Repercusiones_a_largo_plazo_de_las_lesiones_del_manguito_rotador_del_hombro\"><\/span><b>Repercusiones a largo plazo de las lesiones del manguito rotador del hombro<\/b><span class=\"ez-toc-section-end\"><\/span><\/h3>\n<p><span style=\"font-weight: 400\">Las lesiones del manguito rotador suelen tener efectos duraderos que pueden afectar a su carrera profesional y a su vida diaria. Sin la atenci\u00f3n adecuada, puede experimentar:<\/span><\/p>\n<ul>\n<li style=\"font-weight: 400\"><span style=\"font-weight: 400\">Dolor cr\u00f3nico y debilidad en el hombro<\/span><\/li>\n<li style=\"font-weight: 400\"><span style=\"font-weight: 400\">Movilidad reducida y dificultad para realizar tareas laborales<\/span><\/li>\n<li style=\"font-weight: 400\"><span style=\"font-weight: 400\">Mayor riesgo de volver a lesionarse durante las actividades rutinarias<\/span><\/li>\n<li style=\"font-weight: 400\"><span style=\"font-weight: 400\">Estr\u00e9s emocional y financiero debido a una recuperaci\u00f3n prolongada<\/span><\/li>\n<\/ul>\n<p><span style=\"font-weight: 400\">La indemnizaci\u00f3n por accidente laboral tiene por objeto hacer frente a estas consecuencias, pero para garantizar la obtenci\u00f3n de todas las prestaciones a menudo se requiere ayuda legal.<\/span><\/p>\n<h2><span class=\"ez-toc-section\" id=\"Como_puede_ayudarle_un_abogado_especializado_en_lesiones_del_manguito_rotador_del_hombro\"><\/span><b>C\u00f3mo puede ayudarle un abogado especializado en lesiones del manguito rotador del hombro<\/b><span class=\"ez-toc-section-end\"><\/span><\/h2>\n<p><span style=\"font-weight: 400\">Un abogado especializado en lesiones del manguito rotador del hombro actuar\u00e1 como su defensor durante todo el proceso de reclamaci\u00f3n. Nuestros abogados pueden:<\/span><\/p>\n<ul>\n<li style=\"font-weight: 400\"><span style=\"font-weight: 400\">Recopilar y presentar pruebas m\u00e9dicas para respaldar su reclamaci\u00f3n<\/span><\/li>\n<li style=\"font-weight: 400\"><span style=\"font-weight: 400\">Demostrar la relaci\u00f3n entre sus tareas en el lugar de trabajo y su lesi\u00f3n<\/span><\/li>\n<li style=\"font-weight: 400\"><span style=\"font-weight: 400\">Gestionar las comunicaciones con las compa\u00f1\u00edas de seguros y los peritos<\/span><\/li>\n<li style=\"font-weight: 400\"><span style=\"font-weight: 400\">Ayudarle en las apelaciones si su reclamaci\u00f3n es denegada o se le paga menos de lo debido<\/span><\/li>\n<li style=\"font-weight: 400\"><span style=\"font-weight: 400\">Asegurarse de que reciba una indemnizaci\u00f3n tanto por la atenci\u00f3n m\u00e9dica como por los salarios perdidos<\/span><\/li>\n<\/ul>\n<p><span style=\"font-weight: 400\">Con un abogado experimentado a su lado, podr\u00e1 centrarse en su recuperaci\u00f3n sabiendo que su reclamaci\u00f3n est\u00e1 en buenas manos.<\/span><\/p>\n<h2><span class=\"ez-toc-section\" id=\"Pongase_en_contacto_con_Pond_Lehocky_para_obtener_ayuda_con_su_caso_de_lesion_del_manguito_rotador_del_hombro\"><\/span><b>P\u00f3ngase en contacto con Pond Lehocky para obtener ayuda con su caso de lesi\u00f3n del manguito rotador del hombro<\/b><span class=\"ez-toc-section-end\"><\/span><\/h2>\n<p><span style=\"font-weight: 400\">Si ha sufrido una lesi\u00f3n del manguito rotador en el lugar de trabajo, no espere m\u00e1s.<\/span><a href=\"https:\/\/www.pondlehocky.com\/contact\/\"> <span style=\"font-weight: 400\">P\u00f3ngase en contacto con Pond Lehocky<\/span><\/a><span style=\"font-weight: 400\"> para programar una consulta con un abogado especializado en lesiones del manguito rotador del hombro. Revisaremos su caso, le explicaremos sus derechos y le ayudaremos a obtener las prestaciones que necesita.<\/span><\/p>\n    <\/section>\n\n","protected":false},"excerpt":{"rendered":"","protected":false},"author":1,"featured_media":8879,"parent":8357,"menu_order":0,"comment_status":"closed","ping_status":"closed","template":"page-sidebar.php","meta":{"_acf_changed":true,"footnotes":"","_elementor_data":""},"class_list":["post-8882","page","type-page","status-publish","has-post-thumbnail","hentry"],"acf":[],"page_builder_type":"gutenberg","gutenberg_data":[],"yoast_head":"<!-- This site is optimized with the Yoast SEO Premium plugin v27.5 (Yoast SEO v27.5) - https:\/\/yoast.com\/product\/yoast-seo-premium-wordpress\/ -->\n<title>Abogado especializado en lesiones del manguito rotador del hombro<\/title>\n<meta name=\"description\" content=\"Las lesiones de hombro, en particular los desgarros del manguito rotador, se encuentran entre las lesiones m\u00e1s comunes en el lugar de trabajo.\" \/>\n<meta name=\"robots\" content=\"index, follow, max-snippet:-1, max-image-preview:large, max-video-preview:-1\" \/>\n<link rel=\"canonical\" href=\"https:\/\/www.pondlehocky.com\/es\/lesiones\/lesiones-de-brazo-y-hombro\/abogado-especializado-en-lesiones-del-manguito-rotador-del-hombro\/\" \/>\n<meta property=\"og:locale\" content=\"es_ES\" \/>\n<meta property=\"og:type\" content=\"article\" \/>\n<meta property=\"og:title\" content=\"Abogado especializado en lesiones del manguito rotador del hombro\" \/>\n<meta property=\"og:description\" content=\"Las lesiones de hombro, en particular los desgarros del manguito rotador, se encuentran entre las lesiones m\u00e1s comunes en el lugar de trabajo.\" \/>\n<meta property=\"og:url\" content=\"https:\/\/www.pondlehocky.com\/es\/lesiones\/lesiones-de-brazo-y-hombro\/abogado-especializado-en-lesiones-del-manguito-rotador-del-hombro\/\" \/>\n<meta property=\"og:site_name\" content=\"Pond Lehocky Giordano, Inc.\" \/>\n<meta property=\"article:publisher\" content=\"https:\/\/www.instagram.com\/pondlehocky\/\" \/>\n<meta property=\"og:image\" content=\"https:\/\/www.pondlehocky.com\/wp-content\/uploads\/2026\/01\/getty-images-PkGtEDs5kcw-unsplash-scaled-e1769553076563.jpg\" \/>\n\t<meta property=\"og:image:width\" content=\"2560\" \/>\n\t<meta property=\"og:image:height\" content=\"1707\" \/>\n\t<meta property=\"og:image:type\" content=\"image\/jpeg\" \/>\n<meta name=\"twitter:card\" content=\"summary_large_image\" \/>\n<script type=\"application\/ld+json\" class=\"yoast-schema-graph\">{\"@context\":\"https:\\\/\\\/schema.org\",\"@graph\":[{\"@type\":\"WebPage\",\"@id\":\"https:\\\/\\\/www.pondlehocky.com\\\/es\\\/lesiones\\\/lesiones-de-brazo-y-hombro\\\/abogado-especializado-en-lesiones-del-manguito-rotador-del-hombro\\\/\",\"url\":\"https:\\\/\\\/www.pondlehocky.com\\\/es\\\/lesiones\\\/lesiones-de-brazo-y-hombro\\\/abogado-especializado-en-lesiones-del-manguito-rotador-del-hombro\\\/\",\"name\":\"Abogado especializado en lesiones del manguito rotador del hombro\",\"isPartOf\":{\"@id\":\"https:\\\/\\\/www.pondlehocky.com\\\/es\\\/#website\"},\"primaryImageOfPage\":{\"@id\":\"https:\\\/\\\/www.pondlehocky.com\\\/es\\\/lesiones\\\/lesiones-de-brazo-y-hombro\\\/abogado-especializado-en-lesiones-del-manguito-rotador-del-hombro\\\/#primaryimage\"},\"image\":{\"@id\":\"https:\\\/\\\/www.pondlehocky.com\\\/es\\\/lesiones\\\/lesiones-de-brazo-y-hombro\\\/abogado-especializado-en-lesiones-del-manguito-rotador-del-hombro\\\/#primaryimage\"},\"thumbnailUrl\":\"https:\\\/\\\/www.pondlehocky.com\\\/wp-content\\\/uploads\\\/2026\\\/01\\\/getty-images-PkGtEDs5kcw-unsplash-scaled-e1769553076563.jpg\",\"datePublished\":\"2026-01-29T22:18:33+00:00\",\"description\":\"Las lesiones de hombro, en particular los desgarros del manguito rotador, se encuentran entre las lesiones m\u00e1s comunes en el lugar de trabajo.\",\"breadcrumb\":{\"@id\":\"https:\\\/\\\/www.pondlehocky.com\\\/es\\\/lesiones\\\/lesiones-de-brazo-y-hombro\\\/abogado-especializado-en-lesiones-del-manguito-rotador-del-hombro\\\/#breadcrumb\"},\"inLanguage\":\"es\",\"potentialAction\":[{\"@type\":\"ReadAction\",\"target\":[\"https:\\\/\\\/www.pondlehocky.com\\\/es\\\/lesiones\\\/lesiones-de-brazo-y-hombro\\\/abogado-especializado-en-lesiones-del-manguito-rotador-del-hombro\\\/\"]}]},{\"@type\":\"ImageObject\",\"inLanguage\":\"es\",\"@id\":\"https:\\\/\\\/www.pondlehocky.com\\\/es\\\/lesiones\\\/lesiones-de-brazo-y-hombro\\\/abogado-especializado-en-lesiones-del-manguito-rotador-del-hombro\\\/#primaryimage\",\"url\":\"https:\\\/\\\/www.pondlehocky.com\\\/wp-content\\\/uploads\\\/2026\\\/01\\\/getty-images-PkGtEDs5kcw-unsplash-scaled-e1769553076563.jpg\",\"contentUrl\":\"https:\\\/\\\/www.pondlehocky.com\\\/wp-content\\\/uploads\\\/2026\\\/01\\\/getty-images-PkGtEDs5kcw-unsplash-scaled-e1769553076563.jpg\",\"width\":2560,\"height\":1707},{\"@type\":\"BreadcrumbList\",\"@id\":\"https:\\\/\\\/www.pondlehocky.com\\\/es\\\/lesiones\\\/lesiones-de-brazo-y-hombro\\\/abogado-especializado-en-lesiones-del-manguito-rotador-del-hombro\\\/#breadcrumb\",\"itemListElement\":[{\"@type\":\"ListItem\",\"position\":1,\"name\":\"Home\",\"item\":\"https:\\\/\\\/www.pondlehocky.com\\\/es\\\/homepage\\\/\"},{\"@type\":\"ListItem\",\"position\":2,\"name\":\"Lesiones\",\"item\":\"https:\\\/\\\/www.pondlehocky.com\\\/es\\\/lesiones\\\/\"},{\"@type\":\"ListItem\",\"position\":3,\"name\":\"Lesiones de Brazo y Hombro\",\"item\":\"https:\\\/\\\/www.pondlehocky.com\\\/es\\\/injuries\\\/arm-and-shoulder-injuries\\\/\"},{\"@type\":\"ListItem\",\"position\":4,\"name\":\"Abogado especializado en lesiones del manguito rotador del hombro\"}]},{\"@type\":\"WebSite\",\"@id\":\"https:\\\/\\\/www.pondlehocky.com\\\/es\\\/#website\",\"url\":\"https:\\\/\\\/www.pondlehocky.com\\\/es\\\/\",\"name\":\"Pond Lehocky Giordano, Inc.\",\"description\":\"Largest workers\u2019 compensation and Social Security disability law firm in Pennsylvania\",\"publisher\":{\"@id\":\"https:\\\/\\\/www.pondlehocky.com\\\/es\\\/#organization\"},\"alternateName\":\"Pond Lehocky Giordano, Inc.\",\"potentialAction\":[{\"@type\":\"SearchAction\",\"target\":{\"@type\":\"EntryPoint\",\"urlTemplate\":\"https:\\\/\\\/www.pondlehocky.com\\\/es\\\/?s={search_term_string}\"},\"query-input\":{\"@type\":\"PropertyValueSpecification\",\"valueRequired\":true,\"valueName\":\"search_term_string\"}}],\"inLanguage\":\"es\"},{\"@type\":\"Organization\",\"@id\":\"https:\\\/\\\/www.pondlehocky.com\\\/es\\\/#organization\",\"name\":\"Pond Lehocky Giordano, Inc\",\"alternateName\":\"Pond Lehocky Giordano, Inc.\",\"url\":\"https:\\\/\\\/www.pondlehocky.com\\\/es\\\/\",\"logo\":{\"@type\":\"ImageObject\",\"inLanguage\":\"es\",\"@id\":\"https:\\\/\\\/www.pondlehocky.com\\\/es\\\/#\\\/schema\\\/logo\\\/image\\\/\",\"url\":\"https:\\\/\\\/www.pondlehocky.com\\\/wp-content\\\/uploads\\\/2024\\\/04\\\/pond-lehocky-logo.png\",\"contentUrl\":\"https:\\\/\\\/www.pondlehocky.com\\\/wp-content\\\/uploads\\\/2024\\\/04\\\/pond-lehocky-logo.png\",\"width\":355,\"height\":28,\"caption\":\"Pond Lehocky Giordano, Inc\"},\"image\":{\"@id\":\"https:\\\/\\\/www.pondlehocky.com\\\/es\\\/#\\\/schema\\\/logo\\\/image\\\/\"},\"sameAs\":[\"https:\\\/\\\/www.instagram.com\\\/pondlehocky\\\/\",\"https:\\\/\\\/www.youtube.com\\\/user\\\/pondlehocky\",\"https:\\\/\\\/www.tiktok.com\\\/@pondlehockygiordano\",\"https:\\\/\\\/www.facebook.com\\\/PondLehocky\",\"https:\\\/\\\/www.linkedin.com\\\/company\\\/pond-lehocky-giordano\\\/\"]}]}<\/script>\n<!-- \/ Yoast SEO Premium plugin. -->","yoast_head_json":{"title":"Abogado especializado en lesiones del manguito rotador del hombro","description":"Las lesiones de hombro, en particular los desgarros del manguito rotador, se encuentran entre las lesiones m\u00e1s comunes en el lugar de trabajo.","robots":{"index":"index","follow":"follow","max-snippet":"max-snippet:-1","max-image-preview":"max-image-preview:large","max-video-preview":"max-video-preview:-1"},"canonical":"https:\/\/www.pondlehocky.com\/es\/lesiones\/lesiones-de-brazo-y-hombro\/abogado-especializado-en-lesiones-del-manguito-rotador-del-hombro\/","og_locale":"es_ES","og_type":"article","og_title":"Abogado especializado en lesiones del manguito rotador del hombro","og_description":"Las lesiones de hombro, en particular los desgarros del manguito rotador, se encuentran entre las lesiones m\u00e1s comunes en el lugar de trabajo.","og_url":"https:\/\/www.pondlehocky.com\/es\/lesiones\/lesiones-de-brazo-y-hombro\/abogado-especializado-en-lesiones-del-manguito-rotador-del-hombro\/","og_site_name":"Pond Lehocky Giordano, Inc.","article_publisher":"https:\/\/www.instagram.com\/pondlehocky\/","og_image":[{"width":2560,"height":1707,"url":"https:\/\/www.pondlehocky.com\/wp-content\/uploads\/2026\/01\/getty-images-PkGtEDs5kcw-unsplash-scaled-e1769553076563.jpg","type":"image\/jpeg"}],"twitter_card":"summary_large_image","schema":{"@context":"https:\/\/schema.org","@graph":[{"@type":"WebPage","@id":"https:\/\/www.pondlehocky.com\/es\/lesiones\/lesiones-de-brazo-y-hombro\/abogado-especializado-en-lesiones-del-manguito-rotador-del-hombro\/","url":"https:\/\/www.pondlehocky.com\/es\/lesiones\/lesiones-de-brazo-y-hombro\/abogado-especializado-en-lesiones-del-manguito-rotador-del-hombro\/","name":"Abogado especializado en lesiones del manguito rotador del hombro","isPartOf":{"@id":"https:\/\/www.pondlehocky.com\/es\/#website"},"primaryImageOfPage":{"@id":"https:\/\/www.pondlehocky.com\/es\/lesiones\/lesiones-de-brazo-y-hombro\/abogado-especializado-en-lesiones-del-manguito-rotador-del-hombro\/#primaryimage"},"image":{"@id":"https:\/\/www.pondlehocky.com\/es\/lesiones\/lesiones-de-brazo-y-hombro\/abogado-especializado-en-lesiones-del-manguito-rotador-del-hombro\/#primaryimage"},"thumbnailUrl":"https:\/\/www.pondlehocky.com\/wp-content\/uploads\/2026\/01\/getty-images-PkGtEDs5kcw-unsplash-scaled-e1769553076563.jpg","datePublished":"2026-01-29T22:18:33+00:00","description":"Las lesiones de hombro, en particular los desgarros del manguito rotador, se encuentran entre las lesiones m\u00e1s comunes en el lugar de trabajo.","breadcrumb":{"@id":"https:\/\/www.pondlehocky.com\/es\/lesiones\/lesiones-de-brazo-y-hombro\/abogado-especializado-en-lesiones-del-manguito-rotador-del-hombro\/#breadcrumb"},"inLanguage":"es","potentialAction":[{"@type":"ReadAction","target":["https:\/\/www.pondlehocky.com\/es\/lesiones\/lesiones-de-brazo-y-hombro\/abogado-especializado-en-lesiones-del-manguito-rotador-del-hombro\/"]}]},{"@type":"ImageObject","inLanguage":"es","@id":"https:\/\/www.pondlehocky.com\/es\/lesiones\/lesiones-de-brazo-y-hombro\/abogado-especializado-en-lesiones-del-manguito-rotador-del-hombro\/#primaryimage","url":"https:\/\/www.pondlehocky.com\/wp-content\/uploads\/2026\/01\/getty-images-PkGtEDs5kcw-unsplash-scaled-e1769553076563.jpg","contentUrl":"https:\/\/www.pondlehocky.com\/wp-content\/uploads\/2026\/01\/getty-images-PkGtEDs5kcw-unsplash-scaled-e1769553076563.jpg","width":2560,"height":1707},{"@type":"BreadcrumbList","@id":"https:\/\/www.pondlehocky.com\/es\/lesiones\/lesiones-de-brazo-y-hombro\/abogado-especializado-en-lesiones-del-manguito-rotador-del-hombro\/#breadcrumb","itemListElement":[{"@type":"ListItem","position":1,"name":"Home","item":"https:\/\/www.pondlehocky.com\/es\/homepage\/"},{"@type":"ListItem","position":2,"name":"Lesiones","item":"https:\/\/www.pondlehocky.com\/es\/lesiones\/"},{"@type":"ListItem","position":3,"name":"Lesiones de Brazo y Hombro","item":"https:\/\/www.pondlehocky.com\/es\/injuries\/arm-and-shoulder-injuries\/"},{"@type":"ListItem","position":4,"name":"Abogado especializado en lesiones del manguito rotador del hombro"}]},{"@type":"WebSite","@id":"https:\/\/www.pondlehocky.com\/es\/#website","url":"https:\/\/www.pondlehocky.com\/es\/","name":"Pond Lehocky Giordano, Inc.","description":"Largest workers\u2019 compensation and Social Security disability law firm in Pennsylvania","publisher":{"@id":"https:\/\/www.pondlehocky.com\/es\/#organization"},"alternateName":"Pond Lehocky Giordano, Inc.","potentialAction":[{"@type":"SearchAction","target":{"@type":"EntryPoint","urlTemplate":"https:\/\/www.pondlehocky.com\/es\/?s={search_term_string}"},"query-input":{"@type":"PropertyValueSpecification","valueRequired":true,"valueName":"search_term_string"}}],"inLanguage":"es"},{"@type":"Organization","@id":"https:\/\/www.pondlehocky.com\/es\/#organization","name":"Pond Lehocky Giordano, Inc","alternateName":"Pond Lehocky Giordano, Inc.","url":"https:\/\/www.pondlehocky.com\/es\/","logo":{"@type":"ImageObject","inLanguage":"es","@id":"https:\/\/www.pondlehocky.com\/es\/#\/schema\/logo\/image\/","url":"https:\/\/www.pondlehocky.com\/wp-content\/uploads\/2024\/04\/pond-lehocky-logo.png","contentUrl":"https:\/\/www.pondlehocky.com\/wp-content\/uploads\/2024\/04\/pond-lehocky-logo.png","width":355,"height":28,"caption":"Pond Lehocky Giordano, Inc"},"image":{"@id":"https:\/\/www.pondlehocky.com\/es\/#\/schema\/logo\/image\/"},"sameAs":["https:\/\/www.instagram.com\/pondlehocky\/","https:\/\/www.youtube.com\/user\/pondlehocky","https:\/\/www.tiktok.com\/@pondlehockygiordano","https:\/\/www.facebook.com\/PondLehocky","https:\/\/www.linkedin.com\/company\/pond-lehocky-giordano\/"]}]}},"_links":{"self":[{"href":"https:\/\/www.pondlehocky.com\/es\/wp-json\/wp\/v2\/pages\/8882","targetHints":{"allow":["GET"]}}],"collection":[{"href":"https:\/\/www.pondlehocky.com\/es\/wp-json\/wp\/v2\/pages"}],"about":[{"href":"https:\/\/www.pondlehocky.com\/es\/wp-json\/wp\/v2\/types\/page"}],"author":[{"embeddable":true,"href":"https:\/\/www.pondlehocky.com\/es\/wp-json\/wp\/v2\/users\/1"}],"replies":[{"embeddable":true,"href":"https:\/\/www.pondlehocky.com\/es\/wp-json\/wp\/v2\/comments?post=8882"}],"version-history":[{"count":0,"href":"https:\/\/www.pondlehocky.com\/es\/wp-json\/wp\/v2\/pages\/8882\/revisions"}],"up":[{"embeddable":true,"href":"https:\/\/www.pondlehocky.com\/es\/wp-json\/wp\/v2\/pages\/8357"}],"wp:featuredmedia":[{"embeddable":true,"href":"https:\/\/www.pondlehocky.com\/es\/wp-json\/wp\/v2\/media\/8879"}],"wp:attachment":[{"href":"https:\/\/www.pondlehocky.com\/es\/wp-json\/wp\/v2\/media?parent=8882"}],"curies":[{"name":"wp","href":"https:\/\/api.w.org\/{rel}","templated":true}]}}